{"id":78129,"date":"2025-06-07T20:36:53","date_gmt":"2025-06-07T19:36:53","guid":{"rendered":"https:\/\/truusk.store\/product\/sangram-for-madrass-200-x-90-cm-hopfallbar-sangstomme-825-cm-hog-metallbadd-metallrambadd-av-metall-for-sovrum-gastrum-svart\/"},"modified":"2026-03-12T09:44:39","modified_gmt":"2026-03-12T08:44:39","slug":"truusk-sangram-for-madrass-200x90-cm-hopfallbar-sangstomme-metallbadd-825-cm-hog-svart-for-sovrum-och-gastrum","status":"publish","type":"product","link":"https:\/\/truusk.store\/sv\/produkt\/truusk-sangram-for-madrass-200x90-cm-hopfallbar-sangstomme-metallbadd-825-cm-hog-svart-for-sovrum-och-gastrum\/","title":{"rendered":"TRUUSK S\u00e4ngram f\u00f6r Madrass 200&#215;90 cm &#8211; Hopf\u00e4llbar S\u00e4ngstomme &#8211; Metallb\u00e4dd 82,5 cm H\u00f6g &#8211; Svart &#8211; F\u00f6r Sovrum och G\u00e4strum"},"content":{"rendered":"<p>Upplev komforten och enkelheten med TRUUSK s\u00e4ngstommen. Att montera denna s\u00e4ngstomme \u00e4r lekande l\u00e4tt, s\u00e5 att mer tid finns kvar f\u00f6r avkoppling. Tack vare de innovativa gummisatserna f\u00f6rblir ramen tyst, \u00e4ven vid frekventa v\u00e4ndningar under natten. Tack vare det 32 cm h\u00f6ga avst\u00e5ndet mellan metallb\u00e4dden och golvet har du ocks\u00e5 gott om plats f\u00f6r att f\u00f6rvara m\u00e5nga saker som bagage eller skor under metallb\u00e4ddsramen.<\/p>\n<p>Beskrivning:<\/p>\n<ul>\n<li> Stressfri montering med de f\u00e4llbara sidramarna och skjuten f\u00f6r att pressa in lamellerna<\/li>\n<li> Gummisatserna p\u00e5 s\u00e4ngstommen minskar ljud f\u00f6r en lugn s\u00f6mn<\/li>\n<li> 32 cm h\u00f6gt f\u00f6rvaringsutrymme under s\u00e4ngstommen<\/li>\n<li> Sexbenig metallram p\u00e5 metallb\u00e4ddsramen ger robust st\u00f6d<\/li>\n<li> F\u00f6rskjutna p\u00e4rldekorationer f\u00f6rb\u00e4ttrar utseendet<\/li>\n<li> Passar f\u00f6r standard enkels\u00e4ngsmadrass (90 x 200 cm)<\/li>\n<li> Ingen res\u00e5rs\u00e4ng kr\u00e4vs<\/li>\n<\/ul>\n<p> Tekniska data:<\/p>\n<ul>\n<li> F\u00e4rg: Svart<\/li>\n<li> Material: Metall<\/li>\n<li> Totala dimensioner: 206,9L x 91,8B x 82,5H cm<\/li>\n<li> Passande madrassstorlek: 90 x 200 cm<\/li>\n<li> Avst\u00e5nd: 32 cm (mellan ram och golv)<\/li>\n<li> B\u00e4rkapacitet: 150 kg<\/li>\n<\/ul>\n<p>Leveransinneh\u00e5ll:<\/p>\n<ul>\n<li> 1 x S\u00e4ngstomme<\/li>\n<li> 1 x Bruksanvisning<\/li>\n<\/ul>\n","protected":false},"excerpt":{"rendered":"<p>Upplev komforten och enkelheten med TRUUSK s\u00e4ngstommen. Att montera denna s\u00e4ngstomme \u00e4r lekande l\u00e4tt, s\u00e5 att mer tid finns kvar&#8230;<\/p>\n","protected":false},"featured_media":78120,"template":"","meta":[],"product_brand":[],"product_cat":[959,871,494,897],"product_tag":[],"class_list":{"0":"post-78129","1":"product","2":"type-product","3":"status-publish","4":"has-post-thumbnail","6":"product_cat-gastebetten","7":"product_cat-hus-hem","8":"product_cat-sangar","9":"product_cat-sovrum","11":"first","12":"instock","13":"sale","14":"taxable","15":"shipping-taxable","16":"purchasable","17":"product-type-simple"},"yoast_head":"<!-- This site is optimized with the Yoast SEO plugin v25.4 - https:\/\/yoast.com\/wordpress\/plugins\/seo\/ -->\n<title>TRUUSK S\u00e4ngram f\u00f6r Madrass 200x90 cm - Hopf\u00e4llbar S\u00e4ngstomme - Metallb\u00e4dd 82,5 cm H\u00f6g - Svart - F\u00f6r Sovrum och G\u00e4strum - TRUUSK - Hem, Tr\u00e4dg\u00e5rd &amp; Fritid<\/title>\n<meta name=\"robots\" content=\"index, follow, max-snippet:-1, max-image-preview:large, max-video-preview:-1\" \/>\n<link rel=\"canonical\" href=\"https:\/\/truusk.store\/sv\/produkt\/truusk-sangram-for-madrass-200x90-cm-hopfallbar-sangstomme-metallbadd-825-cm-hog-svart-for-sovrum-och-gastrum\/\" \/>\n<meta property=\"og:locale\" content=\"sv_SE\" \/>\n<meta property=\"og:type\" content=\"article\" \/>\n<meta property=\"og:title\" content=\"TRUUSK S\u00e4ngram f\u00f6r Madrass 200x90 cm - Hopf\u00e4llbar S\u00e4ngstomme - Metallb\u00e4dd 82,5 cm H\u00f6g - Svart - F\u00f6r Sovrum och G\u00e4strum - TRUUSK - Hem, Tr\u00e4dg\u00e5rd &amp; Fritid\" \/>\n<meta property=\"og:description\" content=\"Upplev komforten och enkelheten med TRUUSK s\u00e4ngstommen. Att montera denna s\u00e4ngstomme \u00e4r lekande l\u00e4tt, s\u00e5 att mer tid finns kvar...\" \/>\n<meta property=\"og:url\" content=\"https:\/\/truusk.store\/sv\/produkt\/truusk-sangram-for-madrass-200x90-cm-hopfallbar-sangstomme-metallbadd-825-cm-hog-svart-for-sovrum-och-gastrum\/\" \/>\n<meta property=\"og:site_name\" content=\"TRUUSK - Hem, Tr\u00e4dg\u00e5rd &amp; Fritid\" \/>\n<meta property=\"article:modified_time\" content=\"2026-03-12T08:44:39+00:00\" \/>\n<meta property=\"og:image\" content=\"https:\/\/i0.wp.com\/truusk.se\/wp-content\/uploads\/2025\/06\/sangram-for-madrass-200-x-90-cm-hopfallbar-sangstomme-825-cm-hog-metallbadd-metallrambadd-av-metall-for-sovrum-gastrum-svart-1.webp?fit=2000%2C2000&ssl=1\" \/>\n\t<meta property=\"og:image:width\" content=\"2000\" \/>\n\t<meta property=\"og:image:height\" content=\"2000\" \/>\n\t<meta property=\"og:image:type\" content=\"image\/webp\" \/>\n<meta name=\"twitter:card\" content=\"summary_large_image\" \/>\n<meta name=\"twitter:label1\" content=\"Ber\u00e4knad l\u00e4stid\" \/>\n\t<meta name=\"twitter:data1\" content=\"1 minut\" \/>\n<!-- \/ Yoast SEO plugin. -->","yoast_head_json":{"title":"TRUUSK S\u00e4ngram f\u00f6r Madrass 200x90 cm - Hopf\u00e4llbar S\u00e4ngstomme - Metallb\u00e4dd 82,5 cm H\u00f6g - Svart - F\u00f6r Sovrum och G\u00e4strum - TRUUSK - Hem, Tr\u00e4dg\u00e5rd &amp; Fritid","robots":{"index":"index","follow":"follow","max-snippet":"max-snippet:-1","max-image-preview":"max-image-preview:large","max-video-preview":"max-video-preview:-1"},"canonical":"https:\/\/truusk.store\/sv\/produkt\/truusk-sangram-for-madrass-200x90-cm-hopfallbar-sangstomme-metallbadd-825-cm-hog-svart-for-sovrum-och-gastrum\/","og_locale":"sv_SE","og_type":"article","og_title":"TRUUSK S\u00e4ngram f\u00f6r Madrass 200x90 cm - Hopf\u00e4llbar S\u00e4ngstomme - Metallb\u00e4dd 82,5 cm H\u00f6g - Svart - F\u00f6r Sovrum och G\u00e4strum - TRUUSK - Hem, Tr\u00e4dg\u00e5rd &amp; Fritid","og_description":"Upplev komforten och enkelheten med TRUUSK s\u00e4ngstommen. Att montera denna s\u00e4ngstomme \u00e4r lekande l\u00e4tt, s\u00e5 att mer tid finns kvar...","og_url":"https:\/\/truusk.store\/sv\/produkt\/truusk-sangram-for-madrass-200x90-cm-hopfallbar-sangstomme-metallbadd-825-cm-hog-svart-for-sovrum-och-gastrum\/","og_site_name":"TRUUSK - Hem, Tr\u00e4dg\u00e5rd &amp; Fritid","article_modified_time":"2026-03-12T08:44:39+00:00","og_image":[{"width":2000,"height":2000,"url":"https:\/\/i0.wp.com\/truusk.se\/wp-content\/uploads\/2025\/06\/sangram-for-madrass-200-x-90-cm-hopfallbar-sangstomme-825-cm-hog-metallbadd-metallrambadd-av-metall-for-sovrum-gastrum-svart-1.webp?fit=2000%2C2000&ssl=1","type":"image\/webp"}],"twitter_card":"summary_large_image","twitter_misc":{"Ber\u00e4knad l\u00e4stid":"1 minut"},"schema":{"@context":"https:\/\/schema.org","@graph":[{"@type":"WebPage","@id":"https:\/\/truusk.store\/sv\/produkt\/truusk-sangram-for-madrass-200x90-cm-hopfallbar-sangstomme-metallbadd-825-cm-hog-svart-for-sovrum-och-gastrum\/","url":"https:\/\/truusk.store\/sv\/produkt\/truusk-sangram-for-madrass-200x90-cm-hopfallbar-sangstomme-metallbadd-825-cm-hog-svart-for-sovrum-och-gastrum\/","name":"TRUUSK S\u00e4ngram f\u00f6r Madrass 200x90 cm - Hopf\u00e4llbar S\u00e4ngstomme - Metallb\u00e4dd 82,5 cm H\u00f6g - Svart - F\u00f6r Sovrum och G\u00e4strum - TRUUSK - Hem, Tr\u00e4dg\u00e5rd &amp; Fritid","isPartOf":{"@id":"https:\/\/truusk.store\/sv\/#website"},"primaryImageOfPage":{"@id":"https:\/\/truusk.store\/sv\/produkt\/truusk-sangram-for-madrass-200x90-cm-hopfallbar-sangstomme-metallbadd-825-cm-hog-svart-for-sovrum-och-gastrum\/#primaryimage"},"image":{"@id":"https:\/\/truusk.store\/sv\/produkt\/truusk-sangram-for-madrass-200x90-cm-hopfallbar-sangstomme-metallbadd-825-cm-hog-svart-for-sovrum-och-gastrum\/#primaryimage"},"thumbnailUrl":"https:\/\/i0.wp.com\/truusk.store\/wp-content\/uploads\/2025\/06\/sangram-for-madrass-200-x-90-cm-hopfallbar-sangstomme-825-cm-hog-metallbadd-metallrambadd-av-metall-for-sovrum-gastrum-svart-1.webp?fit=2000%2C2000&ssl=1","datePublished":"2025-06-07T19:36:53+00:00","dateModified":"2026-03-12T08:44:39+00:00","breadcrumb":{"@id":"https:\/\/truusk.store\/sv\/produkt\/truusk-sangram-for-madrass-200x90-cm-hopfallbar-sangstomme-metallbadd-825-cm-hog-svart-for-sovrum-och-gastrum\/#breadcrumb"},"inLanguage":"sv-SE","potentialAction":[{"@type":"ReadAction","target":["https:\/\/truusk.store\/sv\/produkt\/truusk-sangram-for-madrass-200x90-cm-hopfallbar-sangstomme-metallbadd-825-cm-hog-svart-for-sovrum-och-gastrum\/"]}]},{"@type":"ImageObject","inLanguage":"sv-SE","@id":"https:\/\/truusk.store\/sv\/produkt\/truusk-sangram-for-madrass-200x90-cm-hopfallbar-sangstomme-metallbadd-825-cm-hog-svart-for-sovrum-och-gastrum\/#primaryimage","url":"https:\/\/i0.wp.com\/truusk.store\/wp-content\/uploads\/2025\/06\/sangram-for-madrass-200-x-90-cm-hopfallbar-sangstomme-825-cm-hog-metallbadd-metallrambadd-av-metall-for-sovrum-gastrum-svart-1.webp?fit=2000%2C2000&ssl=1","contentUrl":"https:\/\/i0.wp.com\/truusk.store\/wp-content\/uploads\/2025\/06\/sangram-for-madrass-200-x-90-cm-hopfallbar-sangstomme-825-cm-hog-metallbadd-metallrambadd-av-metall-for-sovrum-gastrum-svart-1.webp?fit=2000%2C2000&ssl=1","width":2000,"height":2000},{"@type":"BreadcrumbList","@id":"https:\/\/truusk.store\/sv\/produkt\/truusk-sangram-for-madrass-200x90-cm-hopfallbar-sangstomme-metallbadd-825-cm-hog-svart-for-sovrum-och-gastrum\/#breadcrumb","itemListElement":[{"@type":"ListItem","position":1,"name":"Home","item":"https:\/\/truusk.store\/sv\/"},{"@type":"ListItem","position":2,"name":"Shop","item":"https:\/\/truusk.store\/shop\/"},{"@type":"ListItem","position":3,"name":"TRUUSK S\u00e4ngram f\u00f6r Madrass 200&#215;90 cm &#8211; Hopf\u00e4llbar S\u00e4ngstomme &#8211; Metallb\u00e4dd 82,5 cm H\u00f6g &#8211; Svart &#8211; F\u00f6r Sovrum och G\u00e4strum"}]},{"@type":"WebSite","@id":"https:\/\/truusk.store\/sv\/#website","url":"https:\/\/truusk.store\/sv\/","name":"TRUUSK - Hem, Tr\u00e4dg\u00e5rd & Fritid","description":"","publisher":{"@id":"https:\/\/truusk.store\/sv\/#organization"},"potentialAction":[{"@type":"SearchAction","target":{"@type":"EntryPoint","urlTemplate":"https:\/\/truusk.store\/sv\/?s={search_term_string}"},"query-input":{"@type":"PropertyValueSpecification","valueRequired":true,"valueName":"search_term_string"}}],"inLanguage":"sv-SE"},{"@type":"Organization","@id":"https:\/\/truusk.store\/sv\/#organization","name":"TRUUSK - Hem, Tr\u00e4dg\u00e5rd & Fritid","url":"https:\/\/truusk.store\/sv\/","logo":{"@type":"ImageObject","inLanguage":"sv-SE","@id":"https:\/\/truusk.store\/sv\/#\/schema\/logo\/image\/","url":"https:\/\/i0.wp.com\/truusk.store\/wp-content\/uploads\/2026\/03\/cropped-TRUUSK.png?fit=2032%2C917&ssl=1","contentUrl":"https:\/\/i0.wp.com\/truusk.store\/wp-content\/uploads\/2026\/03\/cropped-TRUUSK.png?fit=2032%2C917&ssl=1","width":2032,"height":917,"caption":"TRUUSK - Hem, Tr\u00e4dg\u00e5rd & Fritid"},"image":{"@id":"https:\/\/truusk.store\/sv\/#\/schema\/logo\/image\/"}}]}},"jetpack_sharing_enabled":true,"_links":{"self":[{"href":"https:\/\/truusk.store\/sv\/wp-json\/wp\/v2\/product\/78129","targetHints":{"allow":["GET"]}}],"collection":[{"href":"https:\/\/truusk.store\/sv\/wp-json\/wp\/v2\/product"}],"about":[{"href":"https:\/\/truusk.store\/sv\/wp-json\/wp\/v2\/types\/product"}],"wp:featuredmedia":[{"embeddable":true,"href":"https:\/\/truusk.store\/sv\/wp-json\/wp\/v2\/media\/78120"}],"wp:attachment":[{"href":"https:\/\/truusk.store\/sv\/wp-json\/wp\/v2\/media?parent=78129"}],"wp:term":[{"taxonomy":"product_brand","embeddable":true,"href":"https:\/\/truusk.store\/sv\/wp-json\/wp\/v2\/product_brand?post=78129"},{"taxonomy":"product_cat","embeddable":true,"href":"https:\/\/truusk.store\/sv\/wp-json\/wp\/v2\/product_cat?post=78129"},{"taxonomy":"product_tag","embeddable":true,"href":"https:\/\/truusk.store\/sv\/wp-json\/wp\/v2\/product_tag?post=78129"}],"curies":[{"name":"wp","href":"https:\/\/api.w.org\/{rel}","templated":true}]}}