{"id":7813,"date":"2024-02-13T09:01:30","date_gmt":"2024-02-13T08:01:30","guid":{"rendered":"https:\/\/truusk.store\/product\/klapstolpe-83-cm-liten-kattskrapstolpe-med-sisalpelare-kattskrapstolpe-kattklattertrad-katttrad-kattmobler-lektrad-for-sma-katter-morkgra\/"},"modified":"2026-03-12T08:55:39","modified_gmt":"2026-03-12T07:55:39","slug":"truusk-kattklattertrad-83-cm-liten-och-kompakt-sisalpelare-lektrad-for-sma-katter-morkgra","status":"publish","type":"product","link":"https:\/\/truusk.store\/sv\/produkt\/truusk-kattklattertrad-83-cm-liten-och-kompakt-sisalpelare-lektrad-for-sma-katter-morkgra\/","title":{"rendered":"TRUUSK Kattkl\u00e4ttertr\u00e4d 83 cm &#8211; Liten och Kompakt &#8211; Sisalpelare &#8211; Lektr\u00e4d f\u00f6r Sm\u00e5 Katter &#8211; M\u00f6rkgr\u00e5"},"content":{"rendered":"<p>Kattskrapstolpen kan h\u00e5lla dina djur sysselsatta i timmar. Den erbjuder en plats att leka, vila och v\u00e4ssa klorna p\u00e5. Kattskrapstolpen har tv\u00e5 grottor och flera liggplatser, alla utrustade med mjuk plysch. En sisalpelare och en skrapbr\u00e4da finns f\u00f6r att slipa klorna. Dina husdjur kan sl\u00e4ppa ut \u00e5nga till sitt hj\u00e4rta med denna robusta kattm\u00f6bel.<\/p>\n<h3>Beskrivning:<\/h3>\n<ul>\n<li>Olika viloplatser p\u00e5 olika h\u00f6jder f\u00f6r alla dina katters preferenser<\/li>\n<li>Med tv\u00e5 kattgrottor<\/li>\n<li>\u00d6vre liggdel med upph\u00f6jd kant<\/li>\n<li>Sisal pall och skrapbr\u00e4da f\u00f6r slipning av klor<\/li>\n<li>Tillverkad av h\u00f6gkvalitativ sp\u00e5nskiva<\/li>\n<li>Enkel konstruktion<\/li>\n<\/ul>\n<h3>Teknisk data:<\/h3>\n<ul>\n<li>Material: sp\u00e5nskiva, plysch, sisal<\/li>\n<li>\u00d6vergripande m\u00e5tt: L59 x B39 x H83 cm<\/li>\n<li>M\u00e5tt p\u00e5 grottan: L30 x B30 x H28 cm<\/li>\n<li>M\u00e5tt p\u00e5 \u00f6ppningen: B18 x H22 cm<\/li>\n<li>M\u00e5tt p\u00e5 skrapbr\u00e4dan: L46 x B14 cm<\/li>\n<li>Max lastkapacitet: 30 kg<\/li>\n<li>F\u00e4rg: M\u00f6rkgr\u00e5<\/li>\n<\/ul>\n<h3>Leveransens omfattning:<\/h3>\n<ul>\n<li>1 x katttr\u00e4d<\/li>\n<li>1 x monteringsanvisning<\/li>\n<\/ul>\n","protected":false},"excerpt":{"rendered":"<p>Kattskrapstolpen kan h\u00e5lla dina djur sysselsatta i timmar. Den erbjuder en plats att leka, vila och v\u00e4ssa klorna p\u00e5. Kattskrapstolpen&#8230;<\/p>\n","protected":false},"featured_media":7814,"template":"","meta":[],"product_brand":[],"product_cat":[573,588,589],"product_tag":[],"class_list":{"0":"post-7813","1":"product","2":"type-product","3":"status-publish","4":"has-post-thumbnail","6":"product_cat-husdjursmaterial","7":"product_cat-katttillbehor","8":"product_cat-skrapande-inlagg","10":"first","11":"instock","12":"sale","13":"taxable","14":"shipping-taxable","15":"purchasable","16":"product-type-simple"},"yoast_head":"<!-- This site is optimized with the Yoast SEO plugin v25.4 - https:\/\/yoast.com\/wordpress\/plugins\/seo\/ -->\n<title>TRUUSK Kattkl\u00e4ttertr\u00e4d 83 cm - Liten och Kompakt - Sisalpelare - Lektr\u00e4d f\u00f6r Sm\u00e5 Katter - M\u00f6rkgr\u00e5 - TRUUSK - Hem, Tr\u00e4dg\u00e5rd &amp; Fritid<\/title>\n<meta name=\"robots\" content=\"index, follow, max-snippet:-1, max-image-preview:large, max-video-preview:-1\" \/>\n<link rel=\"canonical\" href=\"https:\/\/truusk.store\/sv\/produkt\/truusk-kattklattertrad-83-cm-liten-och-kompakt-sisalpelare-lektrad-for-sma-katter-morkgra\/\" \/>\n<meta property=\"og:locale\" content=\"sv_SE\" \/>\n<meta property=\"og:type\" content=\"article\" \/>\n<meta property=\"og:title\" content=\"TRUUSK Kattkl\u00e4ttertr\u00e4d 83 cm - Liten och Kompakt - Sisalpelare - Lektr\u00e4d f\u00f6r Sm\u00e5 Katter - M\u00f6rkgr\u00e5 - TRUUSK - Hem, Tr\u00e4dg\u00e5rd &amp; Fritid\" \/>\n<meta property=\"og:description\" content=\"Kattskrapstolpen kan h\u00e5lla dina djur sysselsatta i timmar. Den erbjuder en plats att leka, vila och v\u00e4ssa klorna p\u00e5. Kattskrapstolpen...\" \/>\n<meta property=\"og:url\" content=\"https:\/\/truusk.store\/sv\/produkt\/truusk-kattklattertrad-83-cm-liten-och-kompakt-sisalpelare-lektrad-for-sma-katter-morkgra\/\" \/>\n<meta property=\"og:site_name\" content=\"TRUUSK - Hem, Tr\u00e4dg\u00e5rd &amp; Fritid\" \/>\n<meta property=\"article:modified_time\" content=\"2026-03-12T07:55:39+00:00\" \/>\n<meta property=\"og:image\" content=\"https:\/\/i0.wp.com\/truusk.se\/wp-content\/uploads\/2024\/02\/klapstolpe-83-cm-liten-kattskrapstolpe-med-sisalpelare-kattskrapstolpe-kattklattertrad-katttrad-kattmobler-lektrad-for-sma-katter-morkgra.webp?fit=800%2C800&ssl=1\" \/>\n\t<meta property=\"og:image:width\" content=\"800\" \/>\n\t<meta property=\"og:image:height\" content=\"800\" \/>\n\t<meta property=\"og:image:type\" content=\"image\/webp\" \/>\n<meta name=\"twitter:card\" content=\"summary_large_image\" \/>\n<meta name=\"twitter:label1\" content=\"Ber\u00e4knad l\u00e4stid\" \/>\n\t<meta name=\"twitter:data1\" content=\"1 minut\" \/>\n<!-- \/ Yoast SEO plugin. -->","yoast_head_json":{"title":"TRUUSK Kattkl\u00e4ttertr\u00e4d 83 cm - Liten och Kompakt - Sisalpelare - Lektr\u00e4d f\u00f6r Sm\u00e5 Katter - M\u00f6rkgr\u00e5 - TRUUSK - Hem, Tr\u00e4dg\u00e5rd &amp; Fritid","robots":{"index":"index","follow":"follow","max-snippet":"max-snippet:-1","max-image-preview":"max-image-preview:large","max-video-preview":"max-video-preview:-1"},"canonical":"https:\/\/truusk.store\/sv\/produkt\/truusk-kattklattertrad-83-cm-liten-och-kompakt-sisalpelare-lektrad-for-sma-katter-morkgra\/","og_locale":"sv_SE","og_type":"article","og_title":"TRUUSK Kattkl\u00e4ttertr\u00e4d 83 cm - Liten och Kompakt - Sisalpelare - Lektr\u00e4d f\u00f6r Sm\u00e5 Katter - M\u00f6rkgr\u00e5 - TRUUSK - Hem, Tr\u00e4dg\u00e5rd &amp; Fritid","og_description":"Kattskrapstolpen kan h\u00e5lla dina djur sysselsatta i timmar. Den erbjuder en plats att leka, vila och v\u00e4ssa klorna p\u00e5. Kattskrapstolpen...","og_url":"https:\/\/truusk.store\/sv\/produkt\/truusk-kattklattertrad-83-cm-liten-och-kompakt-sisalpelare-lektrad-for-sma-katter-morkgra\/","og_site_name":"TRUUSK - Hem, Tr\u00e4dg\u00e5rd &amp; Fritid","article_modified_time":"2026-03-12T07:55:39+00:00","og_image":[{"width":800,"height":800,"url":"https:\/\/i0.wp.com\/truusk.se\/wp-content\/uploads\/2024\/02\/klapstolpe-83-cm-liten-kattskrapstolpe-med-sisalpelare-kattskrapstolpe-kattklattertrad-katttrad-kattmobler-lektrad-for-sma-katter-morkgra.webp?fit=800%2C800&ssl=1","type":"image\/webp"}],"twitter_card":"summary_large_image","twitter_misc":{"Ber\u00e4knad l\u00e4stid":"1 minut"},"schema":{"@context":"https:\/\/schema.org","@graph":[{"@type":"WebPage","@id":"https:\/\/truusk.store\/sv\/produkt\/truusk-kattklattertrad-83-cm-liten-och-kompakt-sisalpelare-lektrad-for-sma-katter-morkgra\/","url":"https:\/\/truusk.store\/sv\/produkt\/truusk-kattklattertrad-83-cm-liten-och-kompakt-sisalpelare-lektrad-for-sma-katter-morkgra\/","name":"TRUUSK Kattkl\u00e4ttertr\u00e4d 83 cm - Liten och Kompakt - Sisalpelare - Lektr\u00e4d f\u00f6r Sm\u00e5 Katter - M\u00f6rkgr\u00e5 - TRUUSK - Hem, Tr\u00e4dg\u00e5rd &amp; Fritid","isPartOf":{"@id":"https:\/\/truusk.store\/sv\/#website"},"primaryImageOfPage":{"@id":"https:\/\/truusk.store\/sv\/produkt\/truusk-kattklattertrad-83-cm-liten-och-kompakt-sisalpelare-lektrad-for-sma-katter-morkgra\/#primaryimage"},"image":{"@id":"https:\/\/truusk.store\/sv\/produkt\/truusk-kattklattertrad-83-cm-liten-och-kompakt-sisalpelare-lektrad-for-sma-katter-morkgra\/#primaryimage"},"thumbnailUrl":"https:\/\/i0.wp.com\/truusk.store\/wp-content\/uploads\/2024\/02\/klapstolpe-83-cm-liten-kattskrapstolpe-med-sisalpelare-kattskrapstolpe-kattklattertrad-katttrad-kattmobler-lektrad-for-sma-katter-morkgra.webp?fit=800%2C800&ssl=1","datePublished":"2024-02-13T08:01:30+00:00","dateModified":"2026-03-12T07:55:39+00:00","breadcrumb":{"@id":"https:\/\/truusk.store\/sv\/produkt\/truusk-kattklattertrad-83-cm-liten-och-kompakt-sisalpelare-lektrad-for-sma-katter-morkgra\/#breadcrumb"},"inLanguage":"sv-SE","potentialAction":[{"@type":"ReadAction","target":["https:\/\/truusk.store\/sv\/produkt\/truusk-kattklattertrad-83-cm-liten-och-kompakt-sisalpelare-lektrad-for-sma-katter-morkgra\/"]}]},{"@type":"ImageObject","inLanguage":"sv-SE","@id":"https:\/\/truusk.store\/sv\/produkt\/truusk-kattklattertrad-83-cm-liten-och-kompakt-sisalpelare-lektrad-for-sma-katter-morkgra\/#primaryimage","url":"https:\/\/i0.wp.com\/truusk.store\/wp-content\/uploads\/2024\/02\/klapstolpe-83-cm-liten-kattskrapstolpe-med-sisalpelare-kattskrapstolpe-kattklattertrad-katttrad-kattmobler-lektrad-for-sma-katter-morkgra.webp?fit=800%2C800&ssl=1","contentUrl":"https:\/\/i0.wp.com\/truusk.store\/wp-content\/uploads\/2024\/02\/klapstolpe-83-cm-liten-kattskrapstolpe-med-sisalpelare-kattskrapstolpe-kattklattertrad-katttrad-kattmobler-lektrad-for-sma-katter-morkgra.webp?fit=800%2C800&ssl=1","width":800,"height":800,"caption":"Klapstolpe 83 Cm Liten Kattskrapstolpe Med Sisalpelare, Kattskrapstolpe, Kattkl\u00e4ttertr\u00e4d, Katttr\u00e4d, Kattm\u00f6bler, Lektr\u00e4d F\u00f6r Sm\u00e5 Katter, M\u00f6rkgr\u00e5 1"},{"@type":"BreadcrumbList","@id":"https:\/\/truusk.store\/sv\/produkt\/truusk-kattklattertrad-83-cm-liten-och-kompakt-sisalpelare-lektrad-for-sma-katter-morkgra\/#breadcrumb","itemListElement":[{"@type":"ListItem","position":1,"name":"Home","item":"https:\/\/truusk.store\/sv\/"},{"@type":"ListItem","position":2,"name":"Shop","item":"https:\/\/truusk.store\/shop\/"},{"@type":"ListItem","position":3,"name":"TRUUSK Kattkl\u00e4ttertr\u00e4d 83 cm &#8211; Liten och Kompakt &#8211; Sisalpelare &#8211; Lektr\u00e4d f\u00f6r Sm\u00e5 Katter &#8211; M\u00f6rkgr\u00e5"}]},{"@type":"WebSite","@id":"https:\/\/truusk.store\/sv\/#website","url":"https:\/\/truusk.store\/sv\/","name":"TRUUSK - Hem, Tr\u00e4dg\u00e5rd & Fritid","description":"","publisher":{"@id":"https:\/\/truusk.store\/sv\/#organization"},"potentialAction":[{"@type":"SearchAction","target":{"@type":"EntryPoint","urlTemplate":"https:\/\/truusk.store\/sv\/?s={search_term_string}"},"query-input":{"@type":"PropertyValueSpecification","valueRequired":true,"valueName":"search_term_string"}}],"inLanguage":"sv-SE"},{"@type":"Organization","@id":"https:\/\/truusk.store\/sv\/#organization","name":"TRUUSK - Hem, Tr\u00e4dg\u00e5rd & Fritid","url":"https:\/\/truusk.store\/sv\/","logo":{"@type":"ImageObject","inLanguage":"sv-SE","@id":"https:\/\/truusk.store\/sv\/#\/schema\/logo\/image\/","url":"https:\/\/i0.wp.com\/truusk.store\/wp-content\/uploads\/2026\/03\/cropped-TRUUSK.png?fit=2032%2C917&ssl=1","contentUrl":"https:\/\/i0.wp.com\/truusk.store\/wp-content\/uploads\/2026\/03\/cropped-TRUUSK.png?fit=2032%2C917&ssl=1","width":2032,"height":917,"caption":"TRUUSK - Hem, Tr\u00e4dg\u00e5rd & Fritid"},"image":{"@id":"https:\/\/truusk.store\/sv\/#\/schema\/logo\/image\/"}}]}},"jetpack_sharing_enabled":true,"_links":{"self":[{"href":"https:\/\/truusk.store\/sv\/wp-json\/wp\/v2\/product\/7813","targetHints":{"allow":["GET"]}}],"collection":[{"href":"https:\/\/truusk.store\/sv\/wp-json\/wp\/v2\/product"}],"about":[{"href":"https:\/\/truusk.store\/sv\/wp-json\/wp\/v2\/types\/product"}],"wp:featuredmedia":[{"embeddable":true,"href":"https:\/\/truusk.store\/sv\/wp-json\/wp\/v2\/media\/7814"}],"wp:attachment":[{"href":"https:\/\/truusk.store\/sv\/wp-json\/wp\/v2\/media?parent=7813"}],"wp:term":[{"taxonomy":"product_brand","embeddable":true,"href":"https:\/\/truusk.store\/sv\/wp-json\/wp\/v2\/product_brand?post=7813"},{"taxonomy":"product_cat","embeddable":true,"href":"https:\/\/truusk.store\/sv\/wp-json\/wp\/v2\/product_cat?post=7813"},{"taxonomy":"product_tag","embeddable":true,"href":"https:\/\/truusk.store\/sv\/wp-json\/wp\/v2\/product_tag?post=7813"}],"curies":[{"name":"wp","href":"https:\/\/api.w.org\/{rel}","templated":true}]}}