{"id":78186,"date":"2025-06-10T04:31:37","date_gmt":"2025-06-10T03:31:37","guid":{"rendered":"https:\/\/truusk.store\/product\/fatolj-vardagsrum-avkopplande-stol-med-armstod-sittdyna-lounge-stol-med-rottingryggstod-lasfatolj-med-linneutseende-traram-stoppad-stol-for-sovrum-kram\/"},"modified":"2026-03-12T09:08:32","modified_gmt":"2026-03-12T08:08:32","slug":"truusk-avkopplande-fatolj-med-armstod-sittdyna-rottingryggstod-linneutseende-traram-kram-for-vardagsrum-eller-sovrum","status":"publish","type":"product","link":"https:\/\/truusk.store\/sv\/produkt\/truusk-avkopplande-fatolj-med-armstod-sittdyna-rottingryggstod-linneutseende-traram-kram-for-vardagsrum-eller-sovrum\/","title":{"rendered":"TRUUSK Avkopplande F\u00e5t\u00f6lj Med Armst\u00f6d &#8211; Sittdyna &#8211; Rottingryggst\u00f6d &#8211; Linneutseende &#8211; Tr\u00e4ram &#8211; Kr\u00e4m &#8211; F\u00f6r Vardagsrum eller Sovrum"},"content":{"rendered":"<p>L\u00e5t dig f\u00f6rtrollas av denna attraktiva stoppade stol med en struktur av gummitr\u00e4. Den beige kudden p\u00e5 f\u00e5t\u00f6ljen i linneutseende inbjuder till avkoppling och f\u00f6rvandlar varje rum till en exotisk oas. Perfekt att kombinera med v\u00e4xter och zen-dekorationer, erbjuder den med sin djupa sittplats och de breda armst\u00f6den p\u00e5 sminkstolen enast\u00e5ende komfort.<\/p>\n<p>Beskrivning:<\/p>\n<ul>\n<li> L\u00e4sf\u00e5t\u00f6lj med struktur av gummitr\u00e4 och kudde<\/li>\n<li> Den lilla f\u00e5t\u00f6ljen erbjuder ett stort sittdjup, en l\u00e4tt lutande ryggst\u00f6d och breda armst\u00f6d<\/li>\n<li> H\u00f6g densitet skumstoppning (28D) med en tjocklek p\u00e5 5 cm f\u00f6r \u00f6kad komfort<\/li>\n<li> Kl\u00e4dd med syntetiskt tyg i linneutseende (230 g\/m\u00b2)<\/li>\n<li> Struktur och bas av f\u00e5t\u00f6ljen \u00e4r gjorda av gummitr\u00e4, vilket garanterar stabilitet och h\u00e5llbarhet<\/li>\n<li> Enkel montering kr\u00e4vs<\/li>\n<\/ul>\n<p> Tekniska data:<\/p>\n<ul>\n<li> F\u00e4rg: Natur+Cremevit<\/li>\n<li> Material: Tyg i linneutseende (100 % polyester), gummitr\u00e4, skum<\/li>\n<li> Totala dimensioner: 63B x 69D x 78H cm<\/li>\n<li> Sittstorlek: 52B x 52D x 48H cm, 13 cm (sitt tjocklek)<\/li>\n<li> Ryggst\u00f6dets m\u00e5tt: 51B x 3D x 36H cm<\/li>\n<li> Armst\u00f6dens m\u00e5tt: 58,5L x 6B cm, 16H cm (h\u00f6jd fr\u00e5n sittplats)<\/li>\n<li> Belastningskapacitet: 120 kg<\/li>\n<\/ul>\n<p>Leveransinneh\u00e5ll:<\/p>\n<ul>\n<li> 1 x Loungef\u00e5t\u00f6lj<\/li>\n<li> 1 x Bruksanvisning<\/li>\n<\/ul>\n","protected":false},"excerpt":{"rendered":"<p>L\u00e5t dig f\u00f6rtrollas av denna attraktiva stoppade stol med en struktur av gummitr\u00e4. Den beige kudden p\u00e5 f\u00e5t\u00f6ljen i linneutseende&#8230;<\/p>\n","protected":false},"featured_media":78175,"template":"","meta":[],"product_brand":[],"product_cat":[871,519,910],"product_tag":[],"class_list":{"0":"post-78186","1":"product","2":"type-product","3":"status-publish","4":"has-post-thumbnail","6":"product_cat-hus-hem","7":"product_cat-stoppade-stolar","8":"product_cat-vardagsrum","10":"first","11":"instock","12":"sale","13":"taxable","14":"shipping-taxable","15":"purchasable","16":"product-type-simple"},"yoast_head":"<!-- This site is optimized with the Yoast SEO plugin v25.4 - https:\/\/yoast.com\/wordpress\/plugins\/seo\/ -->\n<title>TRUUSK Avkopplande F\u00e5t\u00f6lj Med Armst\u00f6d - Sittdyna - Rottingryggst\u00f6d - Linneutseende - Tr\u00e4ram - Kr\u00e4m - F\u00f6r Vardagsrum eller Sovrum - TRUUSK - Hem, Tr\u00e4dg\u00e5rd &amp; Fritid<\/title>\n<meta name=\"robots\" content=\"index, follow, max-snippet:-1, max-image-preview:large, max-video-preview:-1\" \/>\n<link rel=\"canonical\" href=\"https:\/\/truusk.store\/sv\/produkt\/truusk-avkopplande-fatolj-med-armstod-sittdyna-rottingryggstod-linneutseende-traram-kram-for-vardagsrum-eller-sovrum\/\" \/>\n<meta property=\"og:locale\" content=\"sv_SE\" \/>\n<meta property=\"og:type\" content=\"article\" \/>\n<meta property=\"og:title\" content=\"TRUUSK Avkopplande F\u00e5t\u00f6lj Med Armst\u00f6d - Sittdyna - Rottingryggst\u00f6d - Linneutseende - Tr\u00e4ram - Kr\u00e4m - F\u00f6r Vardagsrum eller Sovrum - TRUUSK - Hem, Tr\u00e4dg\u00e5rd &amp; Fritid\" \/>\n<meta property=\"og:description\" content=\"L\u00e5t dig f\u00f6rtrollas av denna attraktiva stoppade stol med en struktur av gummitr\u00e4. Den beige kudden p\u00e5 f\u00e5t\u00f6ljen i linneutseende...\" \/>\n<meta property=\"og:url\" content=\"https:\/\/truusk.store\/sv\/produkt\/truusk-avkopplande-fatolj-med-armstod-sittdyna-rottingryggstod-linneutseende-traram-kram-for-vardagsrum-eller-sovrum\/\" \/>\n<meta property=\"og:site_name\" content=\"TRUUSK - Hem, Tr\u00e4dg\u00e5rd &amp; Fritid\" \/>\n<meta property=\"article:modified_time\" content=\"2026-03-12T08:08:32+00:00\" \/>\n<meta property=\"og:image\" content=\"https:\/\/i0.wp.com\/truusk.se\/wp-content\/uploads\/2025\/06\/fatolj-vardagsrum-avkopplande-stol-med-armstod-sittdyna-lounge-stol-med-rottingryggstod-lasfatolj-med-linneutseende-traram-stoppad-stol-for-sovrum-kram-1.webp?fit=2000%2C2000&ssl=1\" \/>\n\t<meta property=\"og:image:width\" content=\"2000\" \/>\n\t<meta property=\"og:image:height\" content=\"2000\" \/>\n\t<meta property=\"og:image:type\" content=\"image\/webp\" \/>\n<meta name=\"twitter:card\" content=\"summary_large_image\" \/>\n<meta name=\"twitter:label1\" content=\"Ber\u00e4knad l\u00e4stid\" \/>\n\t<meta name=\"twitter:data1\" content=\"1 minut\" \/>\n<!-- \/ Yoast SEO plugin. -->","yoast_head_json":{"title":"TRUUSK Avkopplande F\u00e5t\u00f6lj Med Armst\u00f6d - Sittdyna - Rottingryggst\u00f6d - Linneutseende - Tr\u00e4ram - Kr\u00e4m - F\u00f6r Vardagsrum eller Sovrum - TRUUSK - Hem, Tr\u00e4dg\u00e5rd &amp; Fritid","robots":{"index":"index","follow":"follow","max-snippet":"max-snippet:-1","max-image-preview":"max-image-preview:large","max-video-preview":"max-video-preview:-1"},"canonical":"https:\/\/truusk.store\/sv\/produkt\/truusk-avkopplande-fatolj-med-armstod-sittdyna-rottingryggstod-linneutseende-traram-kram-for-vardagsrum-eller-sovrum\/","og_locale":"sv_SE","og_type":"article","og_title":"TRUUSK Avkopplande F\u00e5t\u00f6lj Med Armst\u00f6d - Sittdyna - Rottingryggst\u00f6d - Linneutseende - Tr\u00e4ram - Kr\u00e4m - F\u00f6r Vardagsrum eller Sovrum - TRUUSK - Hem, Tr\u00e4dg\u00e5rd &amp; Fritid","og_description":"L\u00e5t dig f\u00f6rtrollas av denna attraktiva stoppade stol med en struktur av gummitr\u00e4. Den beige kudden p\u00e5 f\u00e5t\u00f6ljen i linneutseende...","og_url":"https:\/\/truusk.store\/sv\/produkt\/truusk-avkopplande-fatolj-med-armstod-sittdyna-rottingryggstod-linneutseende-traram-kram-for-vardagsrum-eller-sovrum\/","og_site_name":"TRUUSK - Hem, Tr\u00e4dg\u00e5rd &amp; Fritid","article_modified_time":"2026-03-12T08:08:32+00:00","og_image":[{"width":2000,"height":2000,"url":"https:\/\/i0.wp.com\/truusk.se\/wp-content\/uploads\/2025\/06\/fatolj-vardagsrum-avkopplande-stol-med-armstod-sittdyna-lounge-stol-med-rottingryggstod-lasfatolj-med-linneutseende-traram-stoppad-stol-for-sovrum-kram-1.webp?fit=2000%2C2000&ssl=1","type":"image\/webp"}],"twitter_card":"summary_large_image","twitter_misc":{"Ber\u00e4knad l\u00e4stid":"1 minut"},"schema":{"@context":"https:\/\/schema.org","@graph":[{"@type":"WebPage","@id":"https:\/\/truusk.store\/sv\/produkt\/truusk-avkopplande-fatolj-med-armstod-sittdyna-rottingryggstod-linneutseende-traram-kram-for-vardagsrum-eller-sovrum\/","url":"https:\/\/truusk.store\/sv\/produkt\/truusk-avkopplande-fatolj-med-armstod-sittdyna-rottingryggstod-linneutseende-traram-kram-for-vardagsrum-eller-sovrum\/","name":"TRUUSK Avkopplande F\u00e5t\u00f6lj Med Armst\u00f6d - Sittdyna - Rottingryggst\u00f6d - Linneutseende - Tr\u00e4ram - Kr\u00e4m - F\u00f6r Vardagsrum eller Sovrum - TRUUSK - Hem, Tr\u00e4dg\u00e5rd &amp; Fritid","isPartOf":{"@id":"https:\/\/truusk.store\/sv\/#website"},"primaryImageOfPage":{"@id":"https:\/\/truusk.store\/sv\/produkt\/truusk-avkopplande-fatolj-med-armstod-sittdyna-rottingryggstod-linneutseende-traram-kram-for-vardagsrum-eller-sovrum\/#primaryimage"},"image":{"@id":"https:\/\/truusk.store\/sv\/produkt\/truusk-avkopplande-fatolj-med-armstod-sittdyna-rottingryggstod-linneutseende-traram-kram-for-vardagsrum-eller-sovrum\/#primaryimage"},"thumbnailUrl":"https:\/\/i0.wp.com\/truusk.store\/wp-content\/uploads\/2025\/06\/fatolj-vardagsrum-avkopplande-stol-med-armstod-sittdyna-lounge-stol-med-rottingryggstod-lasfatolj-med-linneutseende-traram-stoppad-stol-for-sovrum-kram-1.webp?fit=2000%2C2000&ssl=1","datePublished":"2025-06-10T03:31:37+00:00","dateModified":"2026-03-12T08:08:32+00:00","breadcrumb":{"@id":"https:\/\/truusk.store\/sv\/produkt\/truusk-avkopplande-fatolj-med-armstod-sittdyna-rottingryggstod-linneutseende-traram-kram-for-vardagsrum-eller-sovrum\/#breadcrumb"},"inLanguage":"sv-SE","potentialAction":[{"@type":"ReadAction","target":["https:\/\/truusk.store\/sv\/produkt\/truusk-avkopplande-fatolj-med-armstod-sittdyna-rottingryggstod-linneutseende-traram-kram-for-vardagsrum-eller-sovrum\/"]}]},{"@type":"ImageObject","inLanguage":"sv-SE","@id":"https:\/\/truusk.store\/sv\/produkt\/truusk-avkopplande-fatolj-med-armstod-sittdyna-rottingryggstod-linneutseende-traram-kram-for-vardagsrum-eller-sovrum\/#primaryimage","url":"https:\/\/i0.wp.com\/truusk.store\/wp-content\/uploads\/2025\/06\/fatolj-vardagsrum-avkopplande-stol-med-armstod-sittdyna-lounge-stol-med-rottingryggstod-lasfatolj-med-linneutseende-traram-stoppad-stol-for-sovrum-kram-1.webp?fit=2000%2C2000&ssl=1","contentUrl":"https:\/\/i0.wp.com\/truusk.store\/wp-content\/uploads\/2025\/06\/fatolj-vardagsrum-avkopplande-stol-med-armstod-sittdyna-lounge-stol-med-rottingryggstod-lasfatolj-med-linneutseende-traram-stoppad-stol-for-sovrum-kram-1.webp?fit=2000%2C2000&ssl=1","width":2000,"height":2000},{"@type":"BreadcrumbList","@id":"https:\/\/truusk.store\/sv\/produkt\/truusk-avkopplande-fatolj-med-armstod-sittdyna-rottingryggstod-linneutseende-traram-kram-for-vardagsrum-eller-sovrum\/#breadcrumb","itemListElement":[{"@type":"ListItem","position":1,"name":"Home","item":"https:\/\/truusk.store\/sv\/"},{"@type":"ListItem","position":2,"name":"Shop","item":"https:\/\/truusk.store\/shop\/"},{"@type":"ListItem","position":3,"name":"TRUUSK Avkopplande F\u00e5t\u00f6lj Med Armst\u00f6d &#8211; Sittdyna &#8211; Rottingryggst\u00f6d &#8211; Linneutseende &#8211; Tr\u00e4ram &#8211; Kr\u00e4m &#8211; F\u00f6r Vardagsrum eller Sovrum"}]},{"@type":"WebSite","@id":"https:\/\/truusk.store\/sv\/#website","url":"https:\/\/truusk.store\/sv\/","name":"TRUUSK - Hem, Tr\u00e4dg\u00e5rd & Fritid","description":"","publisher":{"@id":"https:\/\/truusk.store\/sv\/#organization"},"potentialAction":[{"@type":"SearchAction","target":{"@type":"EntryPoint","urlTemplate":"https:\/\/truusk.store\/sv\/?s={search_term_string}"},"query-input":{"@type":"PropertyValueSpecification","valueRequired":true,"valueName":"search_term_string"}}],"inLanguage":"sv-SE"},{"@type":"Organization","@id":"https:\/\/truusk.store\/sv\/#organization","name":"TRUUSK - Hem, Tr\u00e4dg\u00e5rd & Fritid","url":"https:\/\/truusk.store\/sv\/","logo":{"@type":"ImageObject","inLanguage":"sv-SE","@id":"https:\/\/truusk.store\/sv\/#\/schema\/logo\/image\/","url":"https:\/\/i0.wp.com\/truusk.store\/wp-content\/uploads\/2026\/03\/cropped-TRUUSK.png?fit=2032%2C917&ssl=1","contentUrl":"https:\/\/i0.wp.com\/truusk.store\/wp-content\/uploads\/2026\/03\/cropped-TRUUSK.png?fit=2032%2C917&ssl=1","width":2032,"height":917,"caption":"TRUUSK - Hem, Tr\u00e4dg\u00e5rd & Fritid"},"image":{"@id":"https:\/\/truusk.store\/sv\/#\/schema\/logo\/image\/"}}]}},"jetpack_sharing_enabled":true,"_links":{"self":[{"href":"https:\/\/truusk.store\/sv\/wp-json\/wp\/v2\/product\/78186","targetHints":{"allow":["GET"]}}],"collection":[{"href":"https:\/\/truusk.store\/sv\/wp-json\/wp\/v2\/product"}],"about":[{"href":"https:\/\/truusk.store\/sv\/wp-json\/wp\/v2\/types\/product"}],"wp:featuredmedia":[{"embeddable":true,"href":"https:\/\/truusk.store\/sv\/wp-json\/wp\/v2\/media\/78175"}],"wp:attachment":[{"href":"https:\/\/truusk.store\/sv\/wp-json\/wp\/v2\/media?parent=78186"}],"wp:term":[{"taxonomy":"product_brand","embeddable":true,"href":"https:\/\/truusk.store\/sv\/wp-json\/wp\/v2\/product_brand?post=78186"},{"taxonomy":"product_cat","embeddable":true,"href":"https:\/\/truusk.store\/sv\/wp-json\/wp\/v2\/product_cat?post=78186"},{"taxonomy":"product_tag","embeddable":true,"href":"https:\/\/truusk.store\/sv\/wp-json\/wp\/v2\/product_tag?post=78186"}],"curies":[{"name":"wp","href":"https:\/\/api.w.org\/{rel}","templated":true}]}}