{"id":78254,"date":"2025-06-10T04:37:38","date_gmt":"2025-06-10T03:37:38","guid":{"rendered":"https:\/\/truusk.store\/product\/plantbord-hogbadd-plantbord-blomlada-uppdragsbord-8-fack-med-avlopp-hylla-gran-massivt-tra-naturtra-110-x-46-x-76-cm\/"},"modified":"2026-03-12T09:03:34","modified_gmt":"2026-03-12T08:03:34","slug":"truusk-plantbord-med-8-fack-i-massivt-grantra-avlopp-hylla-naturtra-110-x-46-x-76-cm","status":"publish","type":"product","link":"https:\/\/truusk.store\/sv\/produkt\/truusk-plantbord-med-8-fack-i-massivt-grantra-avlopp-hylla-naturtra-110-x-46-x-76-cm\/","title":{"rendered":"TRUUSK Plantbord med 8 fack i massivt grantr\u00e4 &#8211; Avlopp &#8211; Hylla &#8211; Naturtr\u00e4 &#8211; 110 x 46 x 76 cm"},"content":{"rendered":"<p>Det upph\u00f6jda bloml\u00e5dan \u00e4r den perfekta l\u00f6sningen f\u00f6r tr\u00e4dg\u00e5rdsm\u00e4stare med begr\u00e4nsat utrymme. Anv\u00e4nd \u00e4ven utrymmet upp\u00e5t, \u00e4ven p\u00e5 balkongen eller terrassen. Skona dina kn\u00e4n och rygg. I v\u00e4xttrappan kan du plantera olika v\u00e4xter separat och systematiskt. Varje fack har sin egen avlopp f\u00f6r reglering. Redskap och tillbeh\u00f6r f\u00f6r tr\u00e4dg\u00e5rden inom r\u00e4ckh\u00e5ll p\u00e5 den nedre hyllan. Den upph\u00f6jda b\u00e4dden med den naturliga tr\u00e4strukturen, m\u00e5la planteringsbordet i din favoritf\u00e4rg.<\/p>\n<p>Beskrivning:<\/p>\n<ul>\n<li> Utrymmesbesparande l\u00f6sning f\u00f6r plantering utan planteringsb\u00e4dd p\u00e5 markniv\u00e5<\/li>\n<li> Massivt grantr\u00e4: h\u00e5llbart och modifierbart, t.ex. med f\u00e4rgad lack<\/li>\n<li> Upph\u00f6jd b\u00e4dd skonar rygg och kn\u00e4n, skyddar v\u00e4xter fr\u00e5n djur<\/li>\n<li> Praktiskt f\u00f6rvaringsutrymme p\u00e5 nedre hyllan<\/li>\n<li> 8 separata fack f\u00f6r individuell och organiserad plantering<\/li>\n<li> Avlopp i varje fack<\/li>\n<li> L\u00e4tt vikt f\u00f6r enkel positionering<\/li>\n<li> Enkel montering<\/li>\n<li> Obs: F\u00f6r att \u00f6ka livsl\u00e4ngden rekommenderas att du sj\u00e4lv utrustar den med non-woven material<\/li>\n<\/ul>\n<p> Tekniska data:<\/p>\n<ul>\n<li> Material: Grantr\u00e4<\/li>\n<li> F\u00e4rg: Naturtr\u00e4<\/li>\n<li> Totala m\u00e5tt: 110L x 46B x 76H cm<\/li>\n<li> M\u00e5tt planteringsomr\u00e5de: 106L x 42B x 18,5H cm<\/li>\n<li> M\u00e5tt per fack: 26L x 20,5B cm<\/li>\n<li> Diameter avlopp: \u00d81 cm<\/li>\n<li> M\u00e5tt nedre hylla: 107L x 37B x 13,5H cm<\/li>\n<li> Belastningskapacitet: 150 kg (ovan), 12 kg (nedan)<\/li>\n<li> L\u00e4ckh\u00e5l: \u00d81 cm<\/li>\n<\/ul>\n<p>Leveransinneh\u00e5ll:<\/p>\n<ul>\n<li> 1 x Planteringsbord<\/li>\n<li> 1 x Monteringsanvisning<\/li>\n<\/ul>\n","protected":false},"excerpt":{"rendered":"<p>Det upph\u00f6jda bloml\u00e5dan \u00e4r den perfekta l\u00f6sningen f\u00f6r tr\u00e4dg\u00e5rdsm\u00e4stare med begr\u00e4nsat utrymme. Anv\u00e4nd \u00e4ven utrymmet upp\u00e5t, \u00e4ven p\u00e5 balkongen eller&#8230;<\/p>\n","protected":false},"featured_media":78244,"template":"","meta":[],"product_brand":[],"product_cat":[922,858,443],"product_tag":[],"class_list":{"0":"post-78254","1":"product","2":"type-product","3":"status-publish","4":"has-post-thumbnail","6":"product_cat-planteringskarl","7":"product_cat-tradgard-terrass","8":"product_cat-vaxthus-tradgardsskotsel","10":"first","11":"instock","12":"sale","13":"taxable","14":"shipping-taxable","15":"purchasable","16":"product-type-simple"},"yoast_head":"<!-- This site is optimized with the Yoast SEO plugin v25.4 - https:\/\/yoast.com\/wordpress\/plugins\/seo\/ -->\n<title>TRUUSK Plantbord med 8 fack i massivt grantr\u00e4 - Avlopp - Hylla - Naturtr\u00e4 - 110 x 46 x 76 cm - TRUUSK - Hem, Tr\u00e4dg\u00e5rd &amp; Fritid<\/title>\n<meta name=\"robots\" content=\"index, follow, max-snippet:-1, max-image-preview:large, max-video-preview:-1\" \/>\n<link rel=\"canonical\" href=\"https:\/\/truusk.store\/sv\/produkt\/truusk-plantbord-med-8-fack-i-massivt-grantra-avlopp-hylla-naturtra-110-x-46-x-76-cm\/\" \/>\n<meta property=\"og:locale\" content=\"sv_SE\" \/>\n<meta property=\"og:type\" content=\"article\" \/>\n<meta property=\"og:title\" content=\"TRUUSK Plantbord med 8 fack i massivt grantr\u00e4 - Avlopp - Hylla - Naturtr\u00e4 - 110 x 46 x 76 cm - TRUUSK - Hem, Tr\u00e4dg\u00e5rd &amp; Fritid\" \/>\n<meta property=\"og:description\" content=\"Det upph\u00f6jda bloml\u00e5dan \u00e4r den perfekta l\u00f6sningen f\u00f6r tr\u00e4dg\u00e5rdsm\u00e4stare med begr\u00e4nsat utrymme. Anv\u00e4nd \u00e4ven utrymmet upp\u00e5t, \u00e4ven p\u00e5 balkongen eller...\" \/>\n<meta property=\"og:url\" content=\"https:\/\/truusk.store\/sv\/produkt\/truusk-plantbord-med-8-fack-i-massivt-grantra-avlopp-hylla-naturtra-110-x-46-x-76-cm\/\" \/>\n<meta property=\"og:site_name\" content=\"TRUUSK - Hem, Tr\u00e4dg\u00e5rd &amp; Fritid\" \/>\n<meta property=\"article:modified_time\" content=\"2026-03-12T08:03:34+00:00\" \/>\n<meta property=\"og:image\" content=\"https:\/\/i0.wp.com\/truusk.se\/wp-content\/uploads\/2025\/06\/plantbord-hogbadd-plantbord-blomlada-uppdragsbord-8-fack-med-avlopp-hylla-gran-massivt-tra-naturtra-110-x-46-x-76-cm-1.webp?fit=2000%2C2000&ssl=1\" \/>\n\t<meta property=\"og:image:width\" content=\"2000\" \/>\n\t<meta property=\"og:image:height\" content=\"2000\" \/>\n\t<meta property=\"og:image:type\" content=\"image\/webp\" \/>\n<meta name=\"twitter:card\" content=\"summary_large_image\" \/>\n<meta name=\"twitter:label1\" content=\"Ber\u00e4knad l\u00e4stid\" \/>\n\t<meta name=\"twitter:data1\" content=\"1 minut\" \/>\n<!-- \/ Yoast SEO plugin. -->","yoast_head_json":{"title":"TRUUSK Plantbord med 8 fack i massivt grantr\u00e4 - Avlopp - Hylla - Naturtr\u00e4 - 110 x 46 x 76 cm - TRUUSK - Hem, Tr\u00e4dg\u00e5rd &amp; Fritid","robots":{"index":"index","follow":"follow","max-snippet":"max-snippet:-1","max-image-preview":"max-image-preview:large","max-video-preview":"max-video-preview:-1"},"canonical":"https:\/\/truusk.store\/sv\/produkt\/truusk-plantbord-med-8-fack-i-massivt-grantra-avlopp-hylla-naturtra-110-x-46-x-76-cm\/","og_locale":"sv_SE","og_type":"article","og_title":"TRUUSK Plantbord med 8 fack i massivt grantr\u00e4 - Avlopp - Hylla - Naturtr\u00e4 - 110 x 46 x 76 cm - TRUUSK - Hem, Tr\u00e4dg\u00e5rd &amp; Fritid","og_description":"Det upph\u00f6jda bloml\u00e5dan \u00e4r den perfekta l\u00f6sningen f\u00f6r tr\u00e4dg\u00e5rdsm\u00e4stare med begr\u00e4nsat utrymme. Anv\u00e4nd \u00e4ven utrymmet upp\u00e5t, \u00e4ven p\u00e5 balkongen eller...","og_url":"https:\/\/truusk.store\/sv\/produkt\/truusk-plantbord-med-8-fack-i-massivt-grantra-avlopp-hylla-naturtra-110-x-46-x-76-cm\/","og_site_name":"TRUUSK - Hem, Tr\u00e4dg\u00e5rd &amp; Fritid","article_modified_time":"2026-03-12T08:03:34+00:00","og_image":[{"width":2000,"height":2000,"url":"https:\/\/i0.wp.com\/truusk.se\/wp-content\/uploads\/2025\/06\/plantbord-hogbadd-plantbord-blomlada-uppdragsbord-8-fack-med-avlopp-hylla-gran-massivt-tra-naturtra-110-x-46-x-76-cm-1.webp?fit=2000%2C2000&ssl=1","type":"image\/webp"}],"twitter_card":"summary_large_image","twitter_misc":{"Ber\u00e4knad l\u00e4stid":"1 minut"},"schema":{"@context":"https:\/\/schema.org","@graph":[{"@type":"WebPage","@id":"https:\/\/truusk.store\/sv\/produkt\/truusk-plantbord-med-8-fack-i-massivt-grantra-avlopp-hylla-naturtra-110-x-46-x-76-cm\/","url":"https:\/\/truusk.store\/sv\/produkt\/truusk-plantbord-med-8-fack-i-massivt-grantra-avlopp-hylla-naturtra-110-x-46-x-76-cm\/","name":"TRUUSK Plantbord med 8 fack i massivt grantr\u00e4 - Avlopp - Hylla - Naturtr\u00e4 - 110 x 46 x 76 cm - TRUUSK - Hem, Tr\u00e4dg\u00e5rd &amp; Fritid","isPartOf":{"@id":"https:\/\/truusk.store\/sv\/#website"},"primaryImageOfPage":{"@id":"https:\/\/truusk.store\/sv\/produkt\/truusk-plantbord-med-8-fack-i-massivt-grantra-avlopp-hylla-naturtra-110-x-46-x-76-cm\/#primaryimage"},"image":{"@id":"https:\/\/truusk.store\/sv\/produkt\/truusk-plantbord-med-8-fack-i-massivt-grantra-avlopp-hylla-naturtra-110-x-46-x-76-cm\/#primaryimage"},"thumbnailUrl":"https:\/\/i0.wp.com\/truusk.store\/wp-content\/uploads\/2025\/06\/plantbord-hogbadd-plantbord-blomlada-uppdragsbord-8-fack-med-avlopp-hylla-gran-massivt-tra-naturtra-110-x-46-x-76-cm-1.webp?fit=2000%2C2000&ssl=1","datePublished":"2025-06-10T03:37:38+00:00","dateModified":"2026-03-12T08:03:34+00:00","breadcrumb":{"@id":"https:\/\/truusk.store\/sv\/produkt\/truusk-plantbord-med-8-fack-i-massivt-grantra-avlopp-hylla-naturtra-110-x-46-x-76-cm\/#breadcrumb"},"inLanguage":"sv-SE","potentialAction":[{"@type":"ReadAction","target":["https:\/\/truusk.store\/sv\/produkt\/truusk-plantbord-med-8-fack-i-massivt-grantra-avlopp-hylla-naturtra-110-x-46-x-76-cm\/"]}]},{"@type":"ImageObject","inLanguage":"sv-SE","@id":"https:\/\/truusk.store\/sv\/produkt\/truusk-plantbord-med-8-fack-i-massivt-grantra-avlopp-hylla-naturtra-110-x-46-x-76-cm\/#primaryimage","url":"https:\/\/i0.wp.com\/truusk.store\/wp-content\/uploads\/2025\/06\/plantbord-hogbadd-plantbord-blomlada-uppdragsbord-8-fack-med-avlopp-hylla-gran-massivt-tra-naturtra-110-x-46-x-76-cm-1.webp?fit=2000%2C2000&ssl=1","contentUrl":"https:\/\/i0.wp.com\/truusk.store\/wp-content\/uploads\/2025\/06\/plantbord-hogbadd-plantbord-blomlada-uppdragsbord-8-fack-med-avlopp-hylla-gran-massivt-tra-naturtra-110-x-46-x-76-cm-1.webp?fit=2000%2C2000&ssl=1","width":2000,"height":2000},{"@type":"BreadcrumbList","@id":"https:\/\/truusk.store\/sv\/produkt\/truusk-plantbord-med-8-fack-i-massivt-grantra-avlopp-hylla-naturtra-110-x-46-x-76-cm\/#breadcrumb","itemListElement":[{"@type":"ListItem","position":1,"name":"Home","item":"https:\/\/truusk.store\/sv\/"},{"@type":"ListItem","position":2,"name":"Shop","item":"https:\/\/truusk.store\/shop\/"},{"@type":"ListItem","position":3,"name":"TRUUSK Plantbord med 8 fack i massivt grantr\u00e4 &#8211; Avlopp &#8211; Hylla &#8211; Naturtr\u00e4 &#8211; 110 x 46 x 76 cm"}]},{"@type":"WebSite","@id":"https:\/\/truusk.store\/sv\/#website","url":"https:\/\/truusk.store\/sv\/","name":"TRUUSK - Hem, Tr\u00e4dg\u00e5rd & Fritid","description":"","publisher":{"@id":"https:\/\/truusk.store\/sv\/#organization"},"potentialAction":[{"@type":"SearchAction","target":{"@type":"EntryPoint","urlTemplate":"https:\/\/truusk.store\/sv\/?s={search_term_string}"},"query-input":{"@type":"PropertyValueSpecification","valueRequired":true,"valueName":"search_term_string"}}],"inLanguage":"sv-SE"},{"@type":"Organization","@id":"https:\/\/truusk.store\/sv\/#organization","name":"TRUUSK - Hem, Tr\u00e4dg\u00e5rd & Fritid","url":"https:\/\/truusk.store\/sv\/","logo":{"@type":"ImageObject","inLanguage":"sv-SE","@id":"https:\/\/truusk.store\/sv\/#\/schema\/logo\/image\/","url":"https:\/\/i0.wp.com\/truusk.store\/wp-content\/uploads\/2026\/03\/cropped-TRUUSK.png?fit=2032%2C917&ssl=1","contentUrl":"https:\/\/i0.wp.com\/truusk.store\/wp-content\/uploads\/2026\/03\/cropped-TRUUSK.png?fit=2032%2C917&ssl=1","width":2032,"height":917,"caption":"TRUUSK - Hem, Tr\u00e4dg\u00e5rd & Fritid"},"image":{"@id":"https:\/\/truusk.store\/sv\/#\/schema\/logo\/image\/"}}]}},"jetpack_sharing_enabled":true,"_links":{"self":[{"href":"https:\/\/truusk.store\/sv\/wp-json\/wp\/v2\/product\/78254","targetHints":{"allow":["GET"]}}],"collection":[{"href":"https:\/\/truusk.store\/sv\/wp-json\/wp\/v2\/product"}],"about":[{"href":"https:\/\/truusk.store\/sv\/wp-json\/wp\/v2\/types\/product"}],"wp:featuredmedia":[{"embeddable":true,"href":"https:\/\/truusk.store\/sv\/wp-json\/wp\/v2\/media\/78244"}],"wp:attachment":[{"href":"https:\/\/truusk.store\/sv\/wp-json\/wp\/v2\/media?parent=78254"}],"wp:term":[{"taxonomy":"product_brand","embeddable":true,"href":"https:\/\/truusk.store\/sv\/wp-json\/wp\/v2\/product_brand?post=78254"},{"taxonomy":"product_cat","embeddable":true,"href":"https:\/\/truusk.store\/sv\/wp-json\/wp\/v2\/product_cat?post=78254"},{"taxonomy":"product_tag","embeddable":true,"href":"https:\/\/truusk.store\/sv\/wp-json\/wp\/v2\/product_tag?post=78254"}],"curies":[{"name":"wp","href":"https:\/\/api.w.org\/{rel}","templated":true}]}}