{"id":78274,"date":"2025-06-10T04:39:48","date_gmt":"2025-06-10T03:39:48","guid":{"rendered":"https:\/\/truusk.store\/product\/matbord-av-tra-hopfallbart-koksbord-for-6-personer-med-drop-leaf-design-hopfallbart-matbord-for-sma-utrymmen-matsal-kok-140-x-70-x-75-cm-naturligt-tra\/"},"modified":"2026-03-12T09:19:20","modified_gmt":"2026-03-12T08:19:20","slug":"truusk-hopfallbart-matbord-av-tra-for-6-personer-drop-leaf-design-sma-utrymmen-naturligt-tra-140-x-70-x-75-cm","status":"publish","type":"product","link":"https:\/\/truusk.store\/sv\/produkt\/truusk-hopfallbart-matbord-av-tra-for-6-personer-drop-leaf-design-sma-utrymmen-naturligt-tra-140-x-70-x-75-cm\/","title":{"rendered":"TRUUSK Hopf\u00e4llbart Matbord Av Tr\u00e4 &#8211; F\u00f6r 6 Personer &#8211; Drop-leaf-design &#8211; Sm\u00e5 Utrymmen &#8211; Naturligt Tr\u00e4 &#8211; 140 x 70 x 75 cm"},"content":{"rendered":"<p>Matsalsbord \u00e4r mycket mer \u00e4n bara platser att \u00e4ta &#8211; h\u00e4r skapas of\u00f6rgl\u00f6mliga minnen. Oavsett om det \u00e4r spelkv\u00e4llar eller st\u00f6d med l\u00e4xor, \u00e4r detta flexibla hopf\u00e4llbara matsalsbord den perfekta m\u00f6tesplatsen f\u00f6r familj och v\u00e4nner. Med tv\u00e5 utf\u00e4llbara sidopaneler ut\u00f6kar det sittplatserna fr\u00e5n fyra till sex personer. Det hopf\u00e4llbara matsalsbordet sparar utrymme och \u00e4r l\u00e4tt att ut\u00f6ka. Tillverkat av furutr\u00e4, \u00f6vertygar detta bord med sin robusthet och estetik och passar till m\u00e5nga inredningsstilar.<\/p>\n<p>Beskrivning:<\/p>\n<ul>\n<li> Drop-Leaf-designen p\u00e5 k\u00f6ksbordet m\u00f6jligg\u00f6r tre uppst\u00e4llningar: ingen v\u00e4nster sida, ett blad eller tv\u00e5 blad: f\u00f6r 4-6 personer<\/li>\n<li> Furutr\u00e4strukturen p\u00e5 matsalsbordet \u00e4r naturligt stark och vacker. Passar alla boendestilar<\/li>\n<li> Anv\u00e4ndning fr\u00e5n matsalen till vardagsrummet, hallen och bortom i huset<\/li>\n<li> L\u00e5nga ben p\u00e5 matsalsbordet ger mycket benutrymme f\u00f6r komfort, med l\u00e4tt skyddande fotdynor<\/li>\n<li> Maximal belastning 50 kg, montering kr\u00e4vs<\/li>\n<\/ul>\n<p> Tekniska data:<\/p>\n<ul>\n<li> F\u00e4rg: Naturtr\u00e4<\/li>\n<li> Material: Furutr\u00e4<\/li>\n<li> Utf\u00e4llda dimensioner: 140L x 70B x 75H cm<\/li>\n<li> Enskild hopf\u00e4lld storlek: 110L x 70B x 75H cm<\/li>\n<li> Hopf\u00e4lld storlek: 80L x 70B x 75H cm<\/li>\n<li> Belastningskapacitet: 50 kg (totalt), 5 kg (sidopanel)<\/li>\n<li> Minsta utrymmesbehov: 260L x 200B cm<\/li>\n<\/ul>\n<p>Leveransinneh\u00e5ll:<\/p>\n<ul>\n<li> 1 x Hopf\u00e4llbart matsalsbord<\/li>\n<li> 1 x Bruksanvisning<\/li>\n<\/ul>\n","protected":false},"excerpt":{"rendered":"<p>Matsalsbord \u00e4r mycket mer \u00e4n bara platser att \u00e4ta &#8211; h\u00e4r skapas of\u00f6rgl\u00f6mliga minnen. Oavsett om det \u00e4r spelkv\u00e4llar eller&#8230;<\/p>\n","protected":false},"featured_media":78265,"template":"","meta":[],"product_brand":[],"product_cat":[871,889,509],"product_tag":[],"class_list":{"0":"post-78274","1":"product","2":"type-product","3":"status-publish","4":"has-post-thumbnail","6":"product_cat-hus-hem","7":"product_cat-kok-matsal","8":"product_cat-matbord","10":"first","11":"instock","12":"sale","13":"taxable","14":"shipping-taxable","15":"purchasable","16":"product-type-simple"},"yoast_head":"<!-- This site is optimized with the Yoast SEO plugin v25.4 - https:\/\/yoast.com\/wordpress\/plugins\/seo\/ -->\n<title>TRUUSK Hopf\u00e4llbart Matbord Av Tr\u00e4 - F\u00f6r 6 Personer - Drop-leaf-design - Sm\u00e5 Utrymmen - Naturligt Tr\u00e4 - 140 x 70 x 75 cm - TRUUSK - Hem, Tr\u00e4dg\u00e5rd &amp; Fritid<\/title>\n<meta name=\"robots\" content=\"index, follow, max-snippet:-1, max-image-preview:large, max-video-preview:-1\" \/>\n<link rel=\"canonical\" href=\"https:\/\/truusk.store\/sv\/produkt\/truusk-hopfallbart-matbord-av-tra-for-6-personer-drop-leaf-design-sma-utrymmen-naturligt-tra-140-x-70-x-75-cm\/\" \/>\n<meta property=\"og:locale\" content=\"sv_SE\" \/>\n<meta property=\"og:type\" content=\"article\" \/>\n<meta property=\"og:title\" content=\"TRUUSK Hopf\u00e4llbart Matbord Av Tr\u00e4 - F\u00f6r 6 Personer - Drop-leaf-design - Sm\u00e5 Utrymmen - Naturligt Tr\u00e4 - 140 x 70 x 75 cm - TRUUSK - Hem, Tr\u00e4dg\u00e5rd &amp; Fritid\" \/>\n<meta property=\"og:description\" content=\"Matsalsbord \u00e4r mycket mer \u00e4n bara platser att \u00e4ta &#8211; h\u00e4r skapas of\u00f6rgl\u00f6mliga minnen. Oavsett om det \u00e4r spelkv\u00e4llar eller...\" \/>\n<meta property=\"og:url\" content=\"https:\/\/truusk.store\/sv\/produkt\/truusk-hopfallbart-matbord-av-tra-for-6-personer-drop-leaf-design-sma-utrymmen-naturligt-tra-140-x-70-x-75-cm\/\" \/>\n<meta property=\"og:site_name\" content=\"TRUUSK - Hem, Tr\u00e4dg\u00e5rd &amp; Fritid\" \/>\n<meta property=\"article:modified_time\" content=\"2026-03-12T08:19:20+00:00\" \/>\n<meta property=\"og:image\" content=\"https:\/\/i0.wp.com\/truusk.se\/wp-content\/uploads\/2025\/06\/matbord-av-tra-hopfallbart-koksbord-for-6-personer-med-drop-leaf-design-hopfallbart-matbord-for-sma-utrymmen-matsal-kok-140-x-70-x-75-cm-naturligt-tra-1.webp?fit=2000%2C2000&ssl=1\" \/>\n\t<meta property=\"og:image:width\" content=\"2000\" \/>\n\t<meta property=\"og:image:height\" content=\"2000\" \/>\n\t<meta property=\"og:image:type\" content=\"image\/webp\" \/>\n<meta name=\"twitter:card\" content=\"summary_large_image\" \/>\n<meta name=\"twitter:label1\" content=\"Ber\u00e4knad l\u00e4stid\" \/>\n\t<meta name=\"twitter:data1\" content=\"1 minut\" \/>\n<!-- \/ Yoast SEO plugin. -->","yoast_head_json":{"title":"TRUUSK Hopf\u00e4llbart Matbord Av Tr\u00e4 - F\u00f6r 6 Personer - Drop-leaf-design - Sm\u00e5 Utrymmen - Naturligt Tr\u00e4 - 140 x 70 x 75 cm - TRUUSK - Hem, Tr\u00e4dg\u00e5rd &amp; Fritid","robots":{"index":"index","follow":"follow","max-snippet":"max-snippet:-1","max-image-preview":"max-image-preview:large","max-video-preview":"max-video-preview:-1"},"canonical":"https:\/\/truusk.store\/sv\/produkt\/truusk-hopfallbart-matbord-av-tra-for-6-personer-drop-leaf-design-sma-utrymmen-naturligt-tra-140-x-70-x-75-cm\/","og_locale":"sv_SE","og_type":"article","og_title":"TRUUSK Hopf\u00e4llbart Matbord Av Tr\u00e4 - F\u00f6r 6 Personer - Drop-leaf-design - Sm\u00e5 Utrymmen - Naturligt Tr\u00e4 - 140 x 70 x 75 cm - TRUUSK - Hem, Tr\u00e4dg\u00e5rd &amp; Fritid","og_description":"Matsalsbord \u00e4r mycket mer \u00e4n bara platser att \u00e4ta &#8211; h\u00e4r skapas of\u00f6rgl\u00f6mliga minnen. Oavsett om det \u00e4r spelkv\u00e4llar eller...","og_url":"https:\/\/truusk.store\/sv\/produkt\/truusk-hopfallbart-matbord-av-tra-for-6-personer-drop-leaf-design-sma-utrymmen-naturligt-tra-140-x-70-x-75-cm\/","og_site_name":"TRUUSK - Hem, Tr\u00e4dg\u00e5rd &amp; Fritid","article_modified_time":"2026-03-12T08:19:20+00:00","og_image":[{"width":2000,"height":2000,"url":"https:\/\/i0.wp.com\/truusk.se\/wp-content\/uploads\/2025\/06\/matbord-av-tra-hopfallbart-koksbord-for-6-personer-med-drop-leaf-design-hopfallbart-matbord-for-sma-utrymmen-matsal-kok-140-x-70-x-75-cm-naturligt-tra-1.webp?fit=2000%2C2000&ssl=1","type":"image\/webp"}],"twitter_card":"summary_large_image","twitter_misc":{"Ber\u00e4knad l\u00e4stid":"1 minut"},"schema":{"@context":"https:\/\/schema.org","@graph":[{"@type":"WebPage","@id":"https:\/\/truusk.store\/sv\/produkt\/truusk-hopfallbart-matbord-av-tra-for-6-personer-drop-leaf-design-sma-utrymmen-naturligt-tra-140-x-70-x-75-cm\/","url":"https:\/\/truusk.store\/sv\/produkt\/truusk-hopfallbart-matbord-av-tra-for-6-personer-drop-leaf-design-sma-utrymmen-naturligt-tra-140-x-70-x-75-cm\/","name":"TRUUSK Hopf\u00e4llbart Matbord Av Tr\u00e4 - F\u00f6r 6 Personer - Drop-leaf-design - Sm\u00e5 Utrymmen - Naturligt Tr\u00e4 - 140 x 70 x 75 cm - TRUUSK - Hem, Tr\u00e4dg\u00e5rd &amp; Fritid","isPartOf":{"@id":"https:\/\/truusk.store\/sv\/#website"},"primaryImageOfPage":{"@id":"https:\/\/truusk.store\/sv\/produkt\/truusk-hopfallbart-matbord-av-tra-for-6-personer-drop-leaf-design-sma-utrymmen-naturligt-tra-140-x-70-x-75-cm\/#primaryimage"},"image":{"@id":"https:\/\/truusk.store\/sv\/produkt\/truusk-hopfallbart-matbord-av-tra-for-6-personer-drop-leaf-design-sma-utrymmen-naturligt-tra-140-x-70-x-75-cm\/#primaryimage"},"thumbnailUrl":"https:\/\/i0.wp.com\/truusk.store\/wp-content\/uploads\/2025\/06\/matbord-av-tra-hopfallbart-koksbord-for-6-personer-med-drop-leaf-design-hopfallbart-matbord-for-sma-utrymmen-matsal-kok-140-x-70-x-75-cm-naturligt-tra-1.webp?fit=2000%2C2000&ssl=1","datePublished":"2025-06-10T03:39:48+00:00","dateModified":"2026-03-12T08:19:20+00:00","breadcrumb":{"@id":"https:\/\/truusk.store\/sv\/produkt\/truusk-hopfallbart-matbord-av-tra-for-6-personer-drop-leaf-design-sma-utrymmen-naturligt-tra-140-x-70-x-75-cm\/#breadcrumb"},"inLanguage":"sv-SE","potentialAction":[{"@type":"ReadAction","target":["https:\/\/truusk.store\/sv\/produkt\/truusk-hopfallbart-matbord-av-tra-for-6-personer-drop-leaf-design-sma-utrymmen-naturligt-tra-140-x-70-x-75-cm\/"]}]},{"@type":"ImageObject","inLanguage":"sv-SE","@id":"https:\/\/truusk.store\/sv\/produkt\/truusk-hopfallbart-matbord-av-tra-for-6-personer-drop-leaf-design-sma-utrymmen-naturligt-tra-140-x-70-x-75-cm\/#primaryimage","url":"https:\/\/i0.wp.com\/truusk.store\/wp-content\/uploads\/2025\/06\/matbord-av-tra-hopfallbart-koksbord-for-6-personer-med-drop-leaf-design-hopfallbart-matbord-for-sma-utrymmen-matsal-kok-140-x-70-x-75-cm-naturligt-tra-1.webp?fit=2000%2C2000&ssl=1","contentUrl":"https:\/\/i0.wp.com\/truusk.store\/wp-content\/uploads\/2025\/06\/matbord-av-tra-hopfallbart-koksbord-for-6-personer-med-drop-leaf-design-hopfallbart-matbord-for-sma-utrymmen-matsal-kok-140-x-70-x-75-cm-naturligt-tra-1.webp?fit=2000%2C2000&ssl=1","width":2000,"height":2000},{"@type":"BreadcrumbList","@id":"https:\/\/truusk.store\/sv\/produkt\/truusk-hopfallbart-matbord-av-tra-for-6-personer-drop-leaf-design-sma-utrymmen-naturligt-tra-140-x-70-x-75-cm\/#breadcrumb","itemListElement":[{"@type":"ListItem","position":1,"name":"Home","item":"https:\/\/truusk.store\/sv\/"},{"@type":"ListItem","position":2,"name":"Shop","item":"https:\/\/truusk.store\/shop\/"},{"@type":"ListItem","position":3,"name":"TRUUSK Hopf\u00e4llbart Matbord Av Tr\u00e4 &#8211; F\u00f6r 6 Personer &#8211; Drop-leaf-design &#8211; Sm\u00e5 Utrymmen &#8211; Naturligt Tr\u00e4 &#8211; 140 x 70 x 75 cm"}]},{"@type":"WebSite","@id":"https:\/\/truusk.store\/sv\/#website","url":"https:\/\/truusk.store\/sv\/","name":"TRUUSK - Hem, Tr\u00e4dg\u00e5rd & Fritid","description":"","publisher":{"@id":"https:\/\/truusk.store\/sv\/#organization"},"potentialAction":[{"@type":"SearchAction","target":{"@type":"EntryPoint","urlTemplate":"https:\/\/truusk.store\/sv\/?s={search_term_string}"},"query-input":{"@type":"PropertyValueSpecification","valueRequired":true,"valueName":"search_term_string"}}],"inLanguage":"sv-SE"},{"@type":"Organization","@id":"https:\/\/truusk.store\/sv\/#organization","name":"TRUUSK - Hem, Tr\u00e4dg\u00e5rd & Fritid","url":"https:\/\/truusk.store\/sv\/","logo":{"@type":"ImageObject","inLanguage":"sv-SE","@id":"https:\/\/truusk.store\/sv\/#\/schema\/logo\/image\/","url":"https:\/\/i0.wp.com\/truusk.store\/wp-content\/uploads\/2026\/03\/cropped-TRUUSK.png?fit=2032%2C917&ssl=1","contentUrl":"https:\/\/i0.wp.com\/truusk.store\/wp-content\/uploads\/2026\/03\/cropped-TRUUSK.png?fit=2032%2C917&ssl=1","width":2032,"height":917,"caption":"TRUUSK - Hem, Tr\u00e4dg\u00e5rd & Fritid"},"image":{"@id":"https:\/\/truusk.store\/sv\/#\/schema\/logo\/image\/"}}]}},"jetpack_sharing_enabled":true,"_links":{"self":[{"href":"https:\/\/truusk.store\/sv\/wp-json\/wp\/v2\/product\/78274","targetHints":{"allow":["GET"]}}],"collection":[{"href":"https:\/\/truusk.store\/sv\/wp-json\/wp\/v2\/product"}],"about":[{"href":"https:\/\/truusk.store\/sv\/wp-json\/wp\/v2\/types\/product"}],"wp:featuredmedia":[{"embeddable":true,"href":"https:\/\/truusk.store\/sv\/wp-json\/wp\/v2\/media\/78265"}],"wp:attachment":[{"href":"https:\/\/truusk.store\/sv\/wp-json\/wp\/v2\/media?parent=78274"}],"wp:term":[{"taxonomy":"product_brand","embeddable":true,"href":"https:\/\/truusk.store\/sv\/wp-json\/wp\/v2\/product_brand?post=78274"},{"taxonomy":"product_cat","embeddable":true,"href":"https:\/\/truusk.store\/sv\/wp-json\/wp\/v2\/product_cat?post=78274"},{"taxonomy":"product_tag","embeddable":true,"href":"https:\/\/truusk.store\/sv\/wp-json\/wp\/v2\/product_tag?post=78274"}],"curies":[{"name":"wp","href":"https:\/\/api.w.org\/{rel}","templated":true}]}}