{"id":78295,"date":"2025-06-10T04:41:51","date_gmt":"2025-06-10T03:41:51","guid":{"rendered":"https:\/\/truusk.store\/product\/kontorsstol-ergonomisk-skrivbordsstol-med-uppfallbara-armstod-och-justerbar-fotring-hojdjusterbar-svangstol-med-gungfunktion-natbelaggning-ljusgra\/"},"modified":"2026-03-12T09:14:24","modified_gmt":"2026-03-12T08:14:24","slug":"truusk-ergonomisk-kontorsstol-med-uppfallbara-armstod-och-justerbar-fotring-gungfunktion-natbelaggning-ljusgra","status":"publish","type":"product","link":"https:\/\/truusk.store\/sv\/produkt\/truusk-ergonomisk-kontorsstol-med-uppfallbara-armstod-och-justerbar-fotring-gungfunktion-natbelaggning-ljusgra\/","title":{"rendered":"TRUUSK Ergonomisk Kontorsstol med Uppf\u00e4llbara Armst\u00f6d och Justerbar Fotring &#8211; Gungfunktion &#8211; N\u00e4tbel\u00e4ggning &#8211; Ljusgr\u00e5"},"content":{"rendered":"<p>TRUUSK kontorsstolen garanterar komfort \u00e4ven vid l\u00e5ngvarigt sittande tack vare dess andningsbara n\u00e4tbakdel, de mjuka hjulen och de m\u00e5ngsidigt justerbara funktionerna. Sits, armst\u00f6d och fotst\u00f6d anpassar sig till din sittstil f\u00f6r att fr\u00e4mja kontinuerlig produktivitet. \u00d6ka din effektivitet p\u00e5 kontoret med TRUUSK skrivbordsstolen designad f\u00f6r komfort.<\/p>\n<p>Beskrivning:<\/p>\n<ul>\n<li> Datorsstolens sitth\u00f6jd kan justeras fr\u00e5n 58-78 cm f\u00f6r optimal positionering<\/li>\n<li> Mjuk gungfunktion f\u00f6r enkel gungning<\/li>\n<li> Den b\u00f6jda ryggst\u00f6det anpassar sig bekv\u00e4mt till din kropp<\/li>\n<li> Justerbara armst\u00f6d erbjuder komfort och kan f\u00e4llas upp f\u00f6r att spara utrymme n\u00e4r de inte anv\u00e4nds<\/li>\n<li> H\u00f6jden p\u00e5 fotst\u00f6dsringen p\u00e5 sv\u00e4ngstolen kan justeras f\u00f6r individuell komfort<\/li>\n<li> Andningsbart n\u00e4t med skum ger bekv\u00e4mt st\u00f6d<\/li>\n<li> Den 360\u00b0 roterande sitsen och PU-hjulen ger smidig r\u00f6rlighet p\u00e5 alla typer av golv<\/li>\n<li> Montering kr\u00e4vs<\/li>\n<\/ul>\n<p> Tekniska data:<\/p>\n<ul>\n<li> F\u00e4rg: Ljusgr\u00e5<\/li>\n<li> Material: N\u00e4ttyg (100 % polyester), plast, skum, metall, nylon<\/li>\n<li> Totala m\u00e5tt: 64L x 60B x 106-126H cm<\/li>\n<li> Sitsm\u00e5tt: 50L x 50B x 58-78H cm<\/li>\n<li> Armst\u00f6dsh\u00f6jd: (fr\u00e5n sitsen) 30 cm<\/li>\n<li> Ryggst\u00f6dets h\u00f6jd: 46,5 cm<\/li>\n<li> Belastningskapacitet: 120 kg<\/li>\n<\/ul>\n<p>Leverans inneh\u00e5ller:<\/p>\n<ul>\n<li> 1 x Kontorsstol<\/li>\n<li> 1 x Instruktioner<\/li>\n<\/ul>\n","protected":false},"excerpt":{"rendered":"<p>TRUUSK kontorsstolen garanterar komfort \u00e4ven vid l\u00e5ngvarigt sittande tack vare dess andningsbara n\u00e4tbakdel, de mjuka hjulen och de m\u00e5ngsidigt justerbara&#8230;<\/p>\n","protected":false},"featured_media":78285,"template":"","meta":[],"product_brand":[],"product_cat":[872,871,516],"product_tag":[],"class_list":{"0":"post-78295","1":"product","2":"type-product","3":"status-publish","4":"has-post-thumbnail","6":"product_cat-hemmakontor-arbetsplats","7":"product_cat-hus-hem","8":"product_cat-kontorsstolar","10":"first","11":"instock","12":"sale","13":"taxable","14":"shipping-taxable","15":"purchasable","16":"product-type-simple"},"yoast_head":"<!-- This site is optimized with the Yoast SEO plugin v25.4 - https:\/\/yoast.com\/wordpress\/plugins\/seo\/ -->\n<title>TRUUSK Ergonomisk Kontorsstol med Uppf\u00e4llbara Armst\u00f6d och Justerbar Fotring - Gungfunktion - N\u00e4tbel\u00e4ggning - Ljusgr\u00e5 - TRUUSK - Hem, Tr\u00e4dg\u00e5rd &amp; Fritid<\/title>\n<meta name=\"robots\" content=\"index, follow, max-snippet:-1, max-image-preview:large, max-video-preview:-1\" \/>\n<link rel=\"canonical\" href=\"https:\/\/truusk.store\/sv\/produkt\/truusk-ergonomisk-kontorsstol-med-uppfallbara-armstod-och-justerbar-fotring-gungfunktion-natbelaggning-ljusgra\/\" \/>\n<meta property=\"og:locale\" content=\"sv_SE\" \/>\n<meta property=\"og:type\" content=\"article\" \/>\n<meta property=\"og:title\" content=\"TRUUSK Ergonomisk Kontorsstol med Uppf\u00e4llbara Armst\u00f6d och Justerbar Fotring - Gungfunktion - N\u00e4tbel\u00e4ggning - Ljusgr\u00e5 - TRUUSK - Hem, Tr\u00e4dg\u00e5rd &amp; Fritid\" \/>\n<meta property=\"og:description\" content=\"TRUUSK kontorsstolen garanterar komfort \u00e4ven vid l\u00e5ngvarigt sittande tack vare dess andningsbara n\u00e4tbakdel, de mjuka hjulen och de m\u00e5ngsidigt justerbara...\" \/>\n<meta property=\"og:url\" content=\"https:\/\/truusk.store\/sv\/produkt\/truusk-ergonomisk-kontorsstol-med-uppfallbara-armstod-och-justerbar-fotring-gungfunktion-natbelaggning-ljusgra\/\" \/>\n<meta property=\"og:site_name\" content=\"TRUUSK - Hem, Tr\u00e4dg\u00e5rd &amp; Fritid\" \/>\n<meta property=\"article:modified_time\" content=\"2026-03-12T08:14:24+00:00\" \/>\n<meta property=\"og:image\" content=\"https:\/\/i0.wp.com\/truusk.se\/wp-content\/uploads\/2025\/06\/kontorsstol-ergonomisk-skrivbordsstol-med-uppfallbara-armstod-och-justerbar-fotring-hojdjusterbar-svangstol-med-gungfunktion-natbelaggning-ljusgra-1.webp?fit=2000%2C2000&ssl=1\" \/>\n\t<meta property=\"og:image:width\" content=\"2000\" \/>\n\t<meta property=\"og:image:height\" content=\"2000\" \/>\n\t<meta property=\"og:image:type\" content=\"image\/webp\" \/>\n<meta name=\"twitter:card\" content=\"summary_large_image\" \/>\n<meta name=\"twitter:label1\" content=\"Ber\u00e4knad l\u00e4stid\" \/>\n\t<meta name=\"twitter:data1\" content=\"1 minut\" \/>\n<!-- \/ Yoast SEO plugin. -->","yoast_head_json":{"title":"TRUUSK Ergonomisk Kontorsstol med Uppf\u00e4llbara Armst\u00f6d och Justerbar Fotring - Gungfunktion - N\u00e4tbel\u00e4ggning - Ljusgr\u00e5 - TRUUSK - Hem, Tr\u00e4dg\u00e5rd &amp; Fritid","robots":{"index":"index","follow":"follow","max-snippet":"max-snippet:-1","max-image-preview":"max-image-preview:large","max-video-preview":"max-video-preview:-1"},"canonical":"https:\/\/truusk.store\/sv\/produkt\/truusk-ergonomisk-kontorsstol-med-uppfallbara-armstod-och-justerbar-fotring-gungfunktion-natbelaggning-ljusgra\/","og_locale":"sv_SE","og_type":"article","og_title":"TRUUSK Ergonomisk Kontorsstol med Uppf\u00e4llbara Armst\u00f6d och Justerbar Fotring - Gungfunktion - N\u00e4tbel\u00e4ggning - Ljusgr\u00e5 - TRUUSK - Hem, Tr\u00e4dg\u00e5rd &amp; Fritid","og_description":"TRUUSK kontorsstolen garanterar komfort \u00e4ven vid l\u00e5ngvarigt sittande tack vare dess andningsbara n\u00e4tbakdel, de mjuka hjulen och de m\u00e5ngsidigt justerbara...","og_url":"https:\/\/truusk.store\/sv\/produkt\/truusk-ergonomisk-kontorsstol-med-uppfallbara-armstod-och-justerbar-fotring-gungfunktion-natbelaggning-ljusgra\/","og_site_name":"TRUUSK - Hem, Tr\u00e4dg\u00e5rd &amp; Fritid","article_modified_time":"2026-03-12T08:14:24+00:00","og_image":[{"width":2000,"height":2000,"url":"https:\/\/i0.wp.com\/truusk.se\/wp-content\/uploads\/2025\/06\/kontorsstol-ergonomisk-skrivbordsstol-med-uppfallbara-armstod-och-justerbar-fotring-hojdjusterbar-svangstol-med-gungfunktion-natbelaggning-ljusgra-1.webp?fit=2000%2C2000&ssl=1","type":"image\/webp"}],"twitter_card":"summary_large_image","twitter_misc":{"Ber\u00e4knad l\u00e4stid":"1 minut"},"schema":{"@context":"https:\/\/schema.org","@graph":[{"@type":"WebPage","@id":"https:\/\/truusk.store\/sv\/produkt\/truusk-ergonomisk-kontorsstol-med-uppfallbara-armstod-och-justerbar-fotring-gungfunktion-natbelaggning-ljusgra\/","url":"https:\/\/truusk.store\/sv\/produkt\/truusk-ergonomisk-kontorsstol-med-uppfallbara-armstod-och-justerbar-fotring-gungfunktion-natbelaggning-ljusgra\/","name":"TRUUSK Ergonomisk Kontorsstol med Uppf\u00e4llbara Armst\u00f6d och Justerbar Fotring - Gungfunktion - N\u00e4tbel\u00e4ggning - Ljusgr\u00e5 - TRUUSK - Hem, Tr\u00e4dg\u00e5rd &amp; Fritid","isPartOf":{"@id":"https:\/\/truusk.store\/sv\/#website"},"primaryImageOfPage":{"@id":"https:\/\/truusk.store\/sv\/produkt\/truusk-ergonomisk-kontorsstol-med-uppfallbara-armstod-och-justerbar-fotring-gungfunktion-natbelaggning-ljusgra\/#primaryimage"},"image":{"@id":"https:\/\/truusk.store\/sv\/produkt\/truusk-ergonomisk-kontorsstol-med-uppfallbara-armstod-och-justerbar-fotring-gungfunktion-natbelaggning-ljusgra\/#primaryimage"},"thumbnailUrl":"https:\/\/i0.wp.com\/truusk.store\/wp-content\/uploads\/2025\/06\/kontorsstol-ergonomisk-skrivbordsstol-med-uppfallbara-armstod-och-justerbar-fotring-hojdjusterbar-svangstol-med-gungfunktion-natbelaggning-ljusgra-1.webp?fit=2000%2C2000&ssl=1","datePublished":"2025-06-10T03:41:51+00:00","dateModified":"2026-03-12T08:14:24+00:00","breadcrumb":{"@id":"https:\/\/truusk.store\/sv\/produkt\/truusk-ergonomisk-kontorsstol-med-uppfallbara-armstod-och-justerbar-fotring-gungfunktion-natbelaggning-ljusgra\/#breadcrumb"},"inLanguage":"sv-SE","potentialAction":[{"@type":"ReadAction","target":["https:\/\/truusk.store\/sv\/produkt\/truusk-ergonomisk-kontorsstol-med-uppfallbara-armstod-och-justerbar-fotring-gungfunktion-natbelaggning-ljusgra\/"]}]},{"@type":"ImageObject","inLanguage":"sv-SE","@id":"https:\/\/truusk.store\/sv\/produkt\/truusk-ergonomisk-kontorsstol-med-uppfallbara-armstod-och-justerbar-fotring-gungfunktion-natbelaggning-ljusgra\/#primaryimage","url":"https:\/\/i0.wp.com\/truusk.store\/wp-content\/uploads\/2025\/06\/kontorsstol-ergonomisk-skrivbordsstol-med-uppfallbara-armstod-och-justerbar-fotring-hojdjusterbar-svangstol-med-gungfunktion-natbelaggning-ljusgra-1.webp?fit=2000%2C2000&ssl=1","contentUrl":"https:\/\/i0.wp.com\/truusk.store\/wp-content\/uploads\/2025\/06\/kontorsstol-ergonomisk-skrivbordsstol-med-uppfallbara-armstod-och-justerbar-fotring-hojdjusterbar-svangstol-med-gungfunktion-natbelaggning-ljusgra-1.webp?fit=2000%2C2000&ssl=1","width":2000,"height":2000},{"@type":"BreadcrumbList","@id":"https:\/\/truusk.store\/sv\/produkt\/truusk-ergonomisk-kontorsstol-med-uppfallbara-armstod-och-justerbar-fotring-gungfunktion-natbelaggning-ljusgra\/#breadcrumb","itemListElement":[{"@type":"ListItem","position":1,"name":"Home","item":"https:\/\/truusk.store\/sv\/"},{"@type":"ListItem","position":2,"name":"Shop","item":"https:\/\/truusk.store\/shop\/"},{"@type":"ListItem","position":3,"name":"TRUUSK Ergonomisk Kontorsstol med Uppf\u00e4llbara Armst\u00f6d och Justerbar Fotring &#8211; Gungfunktion &#8211; N\u00e4tbel\u00e4ggning &#8211; Ljusgr\u00e5"}]},{"@type":"WebSite","@id":"https:\/\/truusk.store\/sv\/#website","url":"https:\/\/truusk.store\/sv\/","name":"TRUUSK - Hem, Tr\u00e4dg\u00e5rd & Fritid","description":"","publisher":{"@id":"https:\/\/truusk.store\/sv\/#organization"},"potentialAction":[{"@type":"SearchAction","target":{"@type":"EntryPoint","urlTemplate":"https:\/\/truusk.store\/sv\/?s={search_term_string}"},"query-input":{"@type":"PropertyValueSpecification","valueRequired":true,"valueName":"search_term_string"}}],"inLanguage":"sv-SE"},{"@type":"Organization","@id":"https:\/\/truusk.store\/sv\/#organization","name":"TRUUSK - Hem, Tr\u00e4dg\u00e5rd & Fritid","url":"https:\/\/truusk.store\/sv\/","logo":{"@type":"ImageObject","inLanguage":"sv-SE","@id":"https:\/\/truusk.store\/sv\/#\/schema\/logo\/image\/","url":"https:\/\/i0.wp.com\/truusk.store\/wp-content\/uploads\/2026\/03\/cropped-TRUUSK.png?fit=2032%2C917&ssl=1","contentUrl":"https:\/\/i0.wp.com\/truusk.store\/wp-content\/uploads\/2026\/03\/cropped-TRUUSK.png?fit=2032%2C917&ssl=1","width":2032,"height":917,"caption":"TRUUSK - Hem, Tr\u00e4dg\u00e5rd & Fritid"},"image":{"@id":"https:\/\/truusk.store\/sv\/#\/schema\/logo\/image\/"}}]}},"jetpack_sharing_enabled":true,"_links":{"self":[{"href":"https:\/\/truusk.store\/sv\/wp-json\/wp\/v2\/product\/78295","targetHints":{"allow":["GET"]}}],"collection":[{"href":"https:\/\/truusk.store\/sv\/wp-json\/wp\/v2\/product"}],"about":[{"href":"https:\/\/truusk.store\/sv\/wp-json\/wp\/v2\/types\/product"}],"wp:featuredmedia":[{"embeddable":true,"href":"https:\/\/truusk.store\/sv\/wp-json\/wp\/v2\/media\/78285"}],"wp:attachment":[{"href":"https:\/\/truusk.store\/sv\/wp-json\/wp\/v2\/media?parent=78295"}],"wp:term":[{"taxonomy":"product_brand","embeddable":true,"href":"https:\/\/truusk.store\/sv\/wp-json\/wp\/v2\/product_brand?post=78295"},{"taxonomy":"product_cat","embeddable":true,"href":"https:\/\/truusk.store\/sv\/wp-json\/wp\/v2\/product_cat?post=78295"},{"taxonomy":"product_tag","embeddable":true,"href":"https:\/\/truusk.store\/sv\/wp-json\/wp\/v2\/product_tag?post=78295"}],"curies":[{"name":"wp","href":"https:\/\/api.w.org\/{rel}","templated":true}]}}