{"id":78327,"date":"2025-06-10T04:47:29","date_gmt":"2025-06-10T03:47:29","guid":{"rendered":"https:\/\/truusk.store\/product\/hornsoffa-med-omvandbar-chaiselongue-l-formad-hornsoffa-med-fjaderkarna-hogdensitetsskum-linneutseende-for-vardagsrum-sovrum-morkgra\/"},"modified":"2026-03-12T09:34:08","modified_gmt":"2026-03-12T08:34:08","slug":"truusk-hornsoffa-med-omvandbar-chaiselongue-l-formad-med-fjaderkarna-hogdensitetsskum-linneutseende-morkgra","status":"publish","type":"product","link":"https:\/\/truusk.store\/sv\/produkt\/truusk-hornsoffa-med-omvandbar-chaiselongue-l-formad-med-fjaderkarna-hogdensitetsskum-linneutseende-morkgra\/","title":{"rendered":"TRUUSK H\u00f6rnsoffa med Omv\u00e4ndbar Chaiselongue &#8211; L-formad med Fj\u00e4derk\u00e4rna &#8211; H\u00f6gdensitetsskum &#8211; Linneutseende &#8211; M\u00f6rkgr\u00e5"},"content":{"rendered":"<p>Detta L-formade soffa \u00e4r det perfekta tillskottet till alla vardagsrum och erbjuder gott om utrymme f\u00f6r dig och dina g\u00e4ster att koppla av. Den passar perfekt i h\u00f6rn och utnyttjar utrymmet optimalt. Kl\u00e4dseln p\u00e5 h\u00f6rnsoffan \u00e4r gjord av linne-liknande tyg, robust och mjukt. Med sin moderna, slanka design ger soffan ditt vardagsrum en stilfull touch.<\/p>\n<p>Beskrivning:<\/p>\n<ul>\n<li> Utrymmesbesparande, L-formad design p\u00e5 soffgruppen passar i alla h\u00f6rn<\/li>\n<li> Andningsbart, linne-liknande tyg som motst\u00e5r veck och deformationer<\/li>\n<li> Sitskuddar med fj\u00e4dring och h\u00f6gdensitetsskum inuti f\u00f6r bekv\u00e4mt sjunkande<\/li>\n<li> Knappad m\u00f6nster p\u00e5 soffan ger soffan en modern charm<\/li>\n<li> Chaiselongue kan placeras antingen till h\u00f6ger eller v\u00e4nster beroende p\u00e5 rumslayout<\/li>\n<li> St\u00e5lram och plastben garanterar tillf\u00f6rlitlig styrka<\/li>\n<li> Montering kr\u00e4vs<\/li>\n<\/ul>\n<p> Tekniska data:<\/p>\n<ul>\n<li> F\u00e4rg: M\u00f6rkgr\u00e5<\/li>\n<li> Material: Linne-liknande tyg (100 % polyester), skum, st\u00e5l, plast<\/li>\n<li> Totala dimensioner: 186B x 130D x 84H cm<\/li>\n<li> Chaiselongue-storlek: 58B x 110D cm<\/li>\n<li> Soffa-sitsstorlek: 160B x 50D x 43H cm<\/li>\n<li> Sits tjocklek: 15 cm<\/li>\n<li> Ryggkuddestorlek: 54B x 15D x 43H cm<\/li>\n<li> Armst\u00f6dsstorlek: (H\u00f6jd till sits) 65L x 12B x 16H cm<\/li>\n<li> Benh\u00f6jd: 16 cm<\/li>\n<li> Belastningskapacitet: 180 kg<\/li>\n<\/ul>\n<p>Leverans inneh\u00e5ller:<\/p>\n<ul>\n<li> 1 x H\u00f6rnsoffa<\/li>\n<li> 3 x Ryggkuddar<\/li>\n<li> 3 x Sitskuddar<\/li>\n<li> 1 x Handbok<\/li>\n<\/ul>\n","protected":false},"excerpt":{"rendered":"<p>Detta L-formade soffa \u00e4r det perfekta tillskottet till alla vardagsrum och erbjuder gott om utrymme f\u00f6r dig och dina g\u00e4ster&#8230;<\/p>\n","protected":false},"featured_media":78315,"template":"","meta":[],"product_brand":[],"product_cat":[1037,871,937,910],"product_tag":[],"class_list":{"0":"post-78327","1":"product","2":"type-product","3":"status-publish","4":"has-post-thumbnail","6":"product_cat-ecksofas","7":"product_cat-hus-hem","8":"product_cat-soffor","9":"product_cat-vardagsrum","11":"first","12":"instock","13":"sale","14":"taxable","15":"shipping-taxable","16":"purchasable","17":"product-type-simple"},"yoast_head":"<!-- This site is optimized with the Yoast SEO plugin v25.4 - https:\/\/yoast.com\/wordpress\/plugins\/seo\/ -->\n<title>TRUUSK H\u00f6rnsoffa med Omv\u00e4ndbar Chaiselongue - L-formad med Fj\u00e4derk\u00e4rna - H\u00f6gdensitetsskum - Linneutseende - M\u00f6rkgr\u00e5 - TRUUSK - Hem, Tr\u00e4dg\u00e5rd &amp; Fritid<\/title>\n<meta name=\"robots\" content=\"index, follow, max-snippet:-1, max-image-preview:large, max-video-preview:-1\" \/>\n<link rel=\"canonical\" href=\"https:\/\/truusk.store\/sv\/produkt\/truusk-hornsoffa-med-omvandbar-chaiselongue-l-formad-med-fjaderkarna-hogdensitetsskum-linneutseende-morkgra\/\" \/>\n<meta property=\"og:locale\" content=\"sv_SE\" \/>\n<meta property=\"og:type\" content=\"article\" \/>\n<meta property=\"og:title\" content=\"TRUUSK H\u00f6rnsoffa med Omv\u00e4ndbar Chaiselongue - L-formad med Fj\u00e4derk\u00e4rna - H\u00f6gdensitetsskum - Linneutseende - M\u00f6rkgr\u00e5 - TRUUSK - Hem, Tr\u00e4dg\u00e5rd &amp; Fritid\" \/>\n<meta property=\"og:description\" content=\"Detta L-formade soffa \u00e4r det perfekta tillskottet till alla vardagsrum och erbjuder gott om utrymme f\u00f6r dig och dina g\u00e4ster...\" \/>\n<meta property=\"og:url\" content=\"https:\/\/truusk.store\/sv\/produkt\/truusk-hornsoffa-med-omvandbar-chaiselongue-l-formad-med-fjaderkarna-hogdensitetsskum-linneutseende-morkgra\/\" \/>\n<meta property=\"og:site_name\" content=\"TRUUSK - Hem, Tr\u00e4dg\u00e5rd &amp; Fritid\" \/>\n<meta property=\"article:modified_time\" content=\"2026-03-12T08:34:08+00:00\" \/>\n<meta property=\"og:image\" content=\"https:\/\/i0.wp.com\/truusk.se\/wp-content\/uploads\/2025\/06\/hornsoffa-med-omvandbar-chaiselongue-l-formad-hornsoffa-med-fjaderkarna-hogdensitetsskum-linneutseende-for-vardagsrum-sovrum-morkgra-1.webp?fit=2000%2C2000&ssl=1\" \/>\n\t<meta property=\"og:image:width\" content=\"2000\" \/>\n\t<meta property=\"og:image:height\" content=\"2000\" \/>\n\t<meta property=\"og:image:type\" content=\"image\/webp\" \/>\n<meta name=\"twitter:card\" content=\"summary_large_image\" \/>\n<meta name=\"twitter:label1\" content=\"Ber\u00e4knad l\u00e4stid\" \/>\n\t<meta name=\"twitter:data1\" content=\"1 minut\" \/>\n<!-- \/ Yoast SEO plugin. -->","yoast_head_json":{"title":"TRUUSK H\u00f6rnsoffa med Omv\u00e4ndbar Chaiselongue - L-formad med Fj\u00e4derk\u00e4rna - H\u00f6gdensitetsskum - Linneutseende - M\u00f6rkgr\u00e5 - TRUUSK - Hem, Tr\u00e4dg\u00e5rd &amp; Fritid","robots":{"index":"index","follow":"follow","max-snippet":"max-snippet:-1","max-image-preview":"max-image-preview:large","max-video-preview":"max-video-preview:-1"},"canonical":"https:\/\/truusk.store\/sv\/produkt\/truusk-hornsoffa-med-omvandbar-chaiselongue-l-formad-med-fjaderkarna-hogdensitetsskum-linneutseende-morkgra\/","og_locale":"sv_SE","og_type":"article","og_title":"TRUUSK H\u00f6rnsoffa med Omv\u00e4ndbar Chaiselongue - L-formad med Fj\u00e4derk\u00e4rna - H\u00f6gdensitetsskum - Linneutseende - M\u00f6rkgr\u00e5 - TRUUSK - Hem, Tr\u00e4dg\u00e5rd &amp; Fritid","og_description":"Detta L-formade soffa \u00e4r det perfekta tillskottet till alla vardagsrum och erbjuder gott om utrymme f\u00f6r dig och dina g\u00e4ster...","og_url":"https:\/\/truusk.store\/sv\/produkt\/truusk-hornsoffa-med-omvandbar-chaiselongue-l-formad-med-fjaderkarna-hogdensitetsskum-linneutseende-morkgra\/","og_site_name":"TRUUSK - Hem, Tr\u00e4dg\u00e5rd &amp; Fritid","article_modified_time":"2026-03-12T08:34:08+00:00","og_image":[{"width":2000,"height":2000,"url":"https:\/\/i0.wp.com\/truusk.se\/wp-content\/uploads\/2025\/06\/hornsoffa-med-omvandbar-chaiselongue-l-formad-hornsoffa-med-fjaderkarna-hogdensitetsskum-linneutseende-for-vardagsrum-sovrum-morkgra-1.webp?fit=2000%2C2000&ssl=1","type":"image\/webp"}],"twitter_card":"summary_large_image","twitter_misc":{"Ber\u00e4knad l\u00e4stid":"1 minut"},"schema":{"@context":"https:\/\/schema.org","@graph":[{"@type":"WebPage","@id":"https:\/\/truusk.store\/sv\/produkt\/truusk-hornsoffa-med-omvandbar-chaiselongue-l-formad-med-fjaderkarna-hogdensitetsskum-linneutseende-morkgra\/","url":"https:\/\/truusk.store\/sv\/produkt\/truusk-hornsoffa-med-omvandbar-chaiselongue-l-formad-med-fjaderkarna-hogdensitetsskum-linneutseende-morkgra\/","name":"TRUUSK H\u00f6rnsoffa med Omv\u00e4ndbar Chaiselongue - L-formad med Fj\u00e4derk\u00e4rna - H\u00f6gdensitetsskum - Linneutseende - M\u00f6rkgr\u00e5 - TRUUSK - Hem, Tr\u00e4dg\u00e5rd &amp; Fritid","isPartOf":{"@id":"https:\/\/truusk.store\/sv\/#website"},"primaryImageOfPage":{"@id":"https:\/\/truusk.store\/sv\/produkt\/truusk-hornsoffa-med-omvandbar-chaiselongue-l-formad-med-fjaderkarna-hogdensitetsskum-linneutseende-morkgra\/#primaryimage"},"image":{"@id":"https:\/\/truusk.store\/sv\/produkt\/truusk-hornsoffa-med-omvandbar-chaiselongue-l-formad-med-fjaderkarna-hogdensitetsskum-linneutseende-morkgra\/#primaryimage"},"thumbnailUrl":"https:\/\/i0.wp.com\/truusk.store\/wp-content\/uploads\/2025\/06\/hornsoffa-med-omvandbar-chaiselongue-l-formad-hornsoffa-med-fjaderkarna-hogdensitetsskum-linneutseende-for-vardagsrum-sovrum-morkgra-1.webp?fit=2000%2C2000&ssl=1","datePublished":"2025-06-10T03:47:29+00:00","dateModified":"2026-03-12T08:34:08+00:00","breadcrumb":{"@id":"https:\/\/truusk.store\/sv\/produkt\/truusk-hornsoffa-med-omvandbar-chaiselongue-l-formad-med-fjaderkarna-hogdensitetsskum-linneutseende-morkgra\/#breadcrumb"},"inLanguage":"sv-SE","potentialAction":[{"@type":"ReadAction","target":["https:\/\/truusk.store\/sv\/produkt\/truusk-hornsoffa-med-omvandbar-chaiselongue-l-formad-med-fjaderkarna-hogdensitetsskum-linneutseende-morkgra\/"]}]},{"@type":"ImageObject","inLanguage":"sv-SE","@id":"https:\/\/truusk.store\/sv\/produkt\/truusk-hornsoffa-med-omvandbar-chaiselongue-l-formad-med-fjaderkarna-hogdensitetsskum-linneutseende-morkgra\/#primaryimage","url":"https:\/\/i0.wp.com\/truusk.store\/wp-content\/uploads\/2025\/06\/hornsoffa-med-omvandbar-chaiselongue-l-formad-hornsoffa-med-fjaderkarna-hogdensitetsskum-linneutseende-for-vardagsrum-sovrum-morkgra-1.webp?fit=2000%2C2000&ssl=1","contentUrl":"https:\/\/i0.wp.com\/truusk.store\/wp-content\/uploads\/2025\/06\/hornsoffa-med-omvandbar-chaiselongue-l-formad-hornsoffa-med-fjaderkarna-hogdensitetsskum-linneutseende-for-vardagsrum-sovrum-morkgra-1.webp?fit=2000%2C2000&ssl=1","width":2000,"height":2000},{"@type":"BreadcrumbList","@id":"https:\/\/truusk.store\/sv\/produkt\/truusk-hornsoffa-med-omvandbar-chaiselongue-l-formad-med-fjaderkarna-hogdensitetsskum-linneutseende-morkgra\/#breadcrumb","itemListElement":[{"@type":"ListItem","position":1,"name":"Home","item":"https:\/\/truusk.store\/sv\/"},{"@type":"ListItem","position":2,"name":"Shop","item":"https:\/\/truusk.store\/shop\/"},{"@type":"ListItem","position":3,"name":"TRUUSK H\u00f6rnsoffa med Omv\u00e4ndbar Chaiselongue &#8211; L-formad med Fj\u00e4derk\u00e4rna &#8211; H\u00f6gdensitetsskum &#8211; Linneutseende &#8211; M\u00f6rkgr\u00e5"}]},{"@type":"WebSite","@id":"https:\/\/truusk.store\/sv\/#website","url":"https:\/\/truusk.store\/sv\/","name":"TRUUSK - Hem, Tr\u00e4dg\u00e5rd & Fritid","description":"","publisher":{"@id":"https:\/\/truusk.store\/sv\/#organization"},"potentialAction":[{"@type":"SearchAction","target":{"@type":"EntryPoint","urlTemplate":"https:\/\/truusk.store\/sv\/?s={search_term_string}"},"query-input":{"@type":"PropertyValueSpecification","valueRequired":true,"valueName":"search_term_string"}}],"inLanguage":"sv-SE"},{"@type":"Organization","@id":"https:\/\/truusk.store\/sv\/#organization","name":"TRUUSK - Hem, Tr\u00e4dg\u00e5rd & Fritid","url":"https:\/\/truusk.store\/sv\/","logo":{"@type":"ImageObject","inLanguage":"sv-SE","@id":"https:\/\/truusk.store\/sv\/#\/schema\/logo\/image\/","url":"https:\/\/i0.wp.com\/truusk.store\/wp-content\/uploads\/2026\/03\/cropped-TRUUSK.png?fit=2032%2C917&ssl=1","contentUrl":"https:\/\/i0.wp.com\/truusk.store\/wp-content\/uploads\/2026\/03\/cropped-TRUUSK.png?fit=2032%2C917&ssl=1","width":2032,"height":917,"caption":"TRUUSK - Hem, Tr\u00e4dg\u00e5rd & Fritid"},"image":{"@id":"https:\/\/truusk.store\/sv\/#\/schema\/logo\/image\/"}}]}},"jetpack_sharing_enabled":true,"_links":{"self":[{"href":"https:\/\/truusk.store\/sv\/wp-json\/wp\/v2\/product\/78327","targetHints":{"allow":["GET"]}}],"collection":[{"href":"https:\/\/truusk.store\/sv\/wp-json\/wp\/v2\/product"}],"about":[{"href":"https:\/\/truusk.store\/sv\/wp-json\/wp\/v2\/types\/product"}],"wp:featuredmedia":[{"embeddable":true,"href":"https:\/\/truusk.store\/sv\/wp-json\/wp\/v2\/media\/78315"}],"wp:attachment":[{"href":"https:\/\/truusk.store\/sv\/wp-json\/wp\/v2\/media?parent=78327"}],"wp:term":[{"taxonomy":"product_brand","embeddable":true,"href":"https:\/\/truusk.store\/sv\/wp-json\/wp\/v2\/product_brand?post=78327"},{"taxonomy":"product_cat","embeddable":true,"href":"https:\/\/truusk.store\/sv\/wp-json\/wp\/v2\/product_cat?post=78327"},{"taxonomy":"product_tag","embeddable":true,"href":"https:\/\/truusk.store\/sv\/wp-json\/wp\/v2\/product_tag?post=78327"}],"curies":[{"name":"wp","href":"https:\/\/api.w.org\/{rel}","templated":true}]}}