{"id":7836,"date":"2024-02-13T09:02:00","date_gmt":"2024-02-13T08:02:00","guid":{"rendered":"https:\/\/truusk.store\/product\/hund-agility-traningsutrustning-agility-traningsset-hund-agility-set-slalom-hackhoppring-for-hundar-3-i-1-hundsport-traningsomrade-bla-rod\/"},"modified":"2026-03-12T08:55:39","modified_gmt":"2026-03-12T07:55:39","slug":"truusk-agility-traningsutrustning-for-hundar-3-i-1-set-slalom-hackhoppring-bla-rod","status":"publish","type":"product","link":"https:\/\/truusk.store\/sv\/produkt\/truusk-agility-traningsutrustning-for-hundar-3-i-1-set-slalom-hackhoppring-bla-rod\/","title":{"rendered":"TRUUSK Agility Tr\u00e4ningsutrustning f\u00f6r Hundar &#8211; 3-i-1 Set &#8211; Slalom H\u00e4ckhoppring &#8211; Bl\u00e5 + R\u00f6d"},"content":{"rendered":"<p>Detta smidighetsset tr\u00e4nar inte bara din hunds kropp, utan ocks\u00e5 hans intelligens. Din hund kommer att \u00e4lska denna omv\u00e4xlande hundtr\u00e4ning! En b\u00e5ge att hoppa igenom, hinder och en slalomk\u00f6rning utmanar din hund p\u00e5 ett lekfullt s\u00e4tt. Regelbunden lek mellan hundar och m\u00e4nniskor fr\u00e4mjar tillit och f\u00f6rdjupar bandet. Tack vare sin b\u00e4rv\u00e4ska kan setet enkelt transporteras s\u00e5 att du kan tr\u00e4na var du vill.<\/p>\n<h3>Beskrivning:<\/h3>\n<ul>\n<li>F\u00f6r 3 olika typer av tr\u00e4ning: hinderbana, slalom, hoppb\u00e5ge<\/li>\n<li>H\u00f6jden p\u00e5 hindren kan justeras individuellt<\/li>\n<li>B\u00e4rv\u00e4skan ing\u00e5r<\/li>\n<li>Fr\u00e4mjar relationen mellan m\u00e4nniskor och hundar<\/li>\n<li>Enkel konstruktion<\/li>\n<\/ul>\n<h3>Teknisk data:<\/h3>\n<ul>\n<li>Material: PE<\/li>\n<li>Hoppringset: 2 x st\u00e4nger: H86 x 3,2 cm<\/li>\n<li>1 x stolpe: L50 x 3,2 cm<\/li>\n<li>1 x Ring: 50cm<\/li>\n<li>H\u00e4ckst\u00e5ngsupps\u00e4ttning:<\/li>\n<li>2 x stolpar: H86 x 3,2cm<\/li>\n<li>1 x stolpe: L85 x 3,2cm<\/li>\n<li>Slalomstavsats:<\/li>\n<li>4 x stolpar: L60 x 3,2cm<\/li>\n<li>Tillbeh\u00f6r: 8 x pinnar, 1 x rep, 2 x pinnar<\/li>\n<li>B\u00e4rv\u00e4ska: L95 x 15 cm<\/li>\n<li>Vikt: 2,7 kg<\/li>\n<li>F\u00e4rg: R\u00f6d, Bl\u00e5<\/li>\n<\/ul>\n<h3>Leveransens omfattning:<\/h3>\n<ul>\n<li>1 x Pet Agility Set<\/li>\n<li>1 x Instruktioner<\/li>\n<\/ul>\n","protected":false},"excerpt":{"rendered":"<p>Detta smidighetsset tr\u00e4nar inte bara din hunds kropp, utan ocks\u00e5 hans intelligens. Din hund kommer att \u00e4lska denna omv\u00e4xlande hundtr\u00e4ning!&#8230;<\/p>\n","protected":false},"featured_media":7837,"template":"","meta":[],"product_brand":[],"product_cat":[578,574,573],"product_tag":[],"class_list":{"0":"post-7836","1":"product","2":"type-product","3":"status-publish","4":"has-post-thumbnail","6":"product_cat-agility-set","7":"product_cat-hundtillbehor","8":"product_cat-husdjursmaterial","10":"first","11":"instock","12":"sale","13":"taxable","14":"shipping-taxable","15":"purchasable","16":"product-type-simple"},"yoast_head":"<!-- This site is optimized with the Yoast SEO plugin v25.4 - https:\/\/yoast.com\/wordpress\/plugins\/seo\/ -->\n<title>TRUUSK Agility Tr\u00e4ningsutrustning f\u00f6r Hundar - 3-i-1 Set - Slalom H\u00e4ckhoppring - Bl\u00e5 + R\u00f6d - TRUUSK - Hem, Tr\u00e4dg\u00e5rd &amp; Fritid<\/title>\n<meta name=\"robots\" content=\"index, follow, max-snippet:-1, max-image-preview:large, max-video-preview:-1\" \/>\n<link rel=\"canonical\" href=\"https:\/\/truusk.store\/sv\/produkt\/truusk-agility-traningsutrustning-for-hundar-3-i-1-set-slalom-hackhoppring-bla-rod\/\" \/>\n<meta property=\"og:locale\" content=\"sv_SE\" \/>\n<meta property=\"og:type\" content=\"article\" \/>\n<meta property=\"og:title\" content=\"TRUUSK Agility Tr\u00e4ningsutrustning f\u00f6r Hundar - 3-i-1 Set - Slalom H\u00e4ckhoppring - Bl\u00e5 + R\u00f6d - TRUUSK - Hem, Tr\u00e4dg\u00e5rd &amp; Fritid\" \/>\n<meta property=\"og:description\" content=\"Detta smidighetsset tr\u00e4nar inte bara din hunds kropp, utan ocks\u00e5 hans intelligens. Din hund kommer att \u00e4lska denna omv\u00e4xlande hundtr\u00e4ning!...\" \/>\n<meta property=\"og:url\" content=\"https:\/\/truusk.store\/sv\/produkt\/truusk-agility-traningsutrustning-for-hundar-3-i-1-set-slalom-hackhoppring-bla-rod\/\" \/>\n<meta property=\"og:site_name\" content=\"TRUUSK - Hem, Tr\u00e4dg\u00e5rd &amp; Fritid\" \/>\n<meta property=\"article:modified_time\" content=\"2026-03-12T07:55:39+00:00\" \/>\n<meta property=\"og:image\" content=\"https:\/\/i0.wp.com\/truusk.se\/wp-content\/uploads\/2024\/02\/hund-agility-traningsutrustning-agility-traningsset-hund-agility-set-slalom-hackhoppring-for-hundar-3-i-1-hundsport-traningsomrade-bla-rod.webp?fit=800%2C800&ssl=1\" \/>\n\t<meta property=\"og:image:width\" content=\"800\" \/>\n\t<meta property=\"og:image:height\" content=\"800\" \/>\n\t<meta property=\"og:image:type\" content=\"image\/webp\" \/>\n<meta name=\"twitter:card\" content=\"summary_large_image\" \/>\n<meta name=\"twitter:label1\" content=\"Ber\u00e4knad l\u00e4stid\" \/>\n\t<meta name=\"twitter:data1\" content=\"1 minut\" \/>\n<!-- \/ Yoast SEO plugin. -->","yoast_head_json":{"title":"TRUUSK Agility Tr\u00e4ningsutrustning f\u00f6r Hundar - 3-i-1 Set - Slalom H\u00e4ckhoppring - Bl\u00e5 + R\u00f6d - TRUUSK - Hem, Tr\u00e4dg\u00e5rd &amp; Fritid","robots":{"index":"index","follow":"follow","max-snippet":"max-snippet:-1","max-image-preview":"max-image-preview:large","max-video-preview":"max-video-preview:-1"},"canonical":"https:\/\/truusk.store\/sv\/produkt\/truusk-agility-traningsutrustning-for-hundar-3-i-1-set-slalom-hackhoppring-bla-rod\/","og_locale":"sv_SE","og_type":"article","og_title":"TRUUSK Agility Tr\u00e4ningsutrustning f\u00f6r Hundar - 3-i-1 Set - Slalom H\u00e4ckhoppring - Bl\u00e5 + R\u00f6d - TRUUSK - Hem, Tr\u00e4dg\u00e5rd &amp; Fritid","og_description":"Detta smidighetsset tr\u00e4nar inte bara din hunds kropp, utan ocks\u00e5 hans intelligens. Din hund kommer att \u00e4lska denna omv\u00e4xlande hundtr\u00e4ning!...","og_url":"https:\/\/truusk.store\/sv\/produkt\/truusk-agility-traningsutrustning-for-hundar-3-i-1-set-slalom-hackhoppring-bla-rod\/","og_site_name":"TRUUSK - Hem, Tr\u00e4dg\u00e5rd &amp; Fritid","article_modified_time":"2026-03-12T07:55:39+00:00","og_image":[{"width":800,"height":800,"url":"https:\/\/i0.wp.com\/truusk.se\/wp-content\/uploads\/2024\/02\/hund-agility-traningsutrustning-agility-traningsset-hund-agility-set-slalom-hackhoppring-for-hundar-3-i-1-hundsport-traningsomrade-bla-rod.webp?fit=800%2C800&ssl=1","type":"image\/webp"}],"twitter_card":"summary_large_image","twitter_misc":{"Ber\u00e4knad l\u00e4stid":"1 minut"},"schema":{"@context":"https:\/\/schema.org","@graph":[{"@type":"WebPage","@id":"https:\/\/truusk.store\/sv\/produkt\/truusk-agility-traningsutrustning-for-hundar-3-i-1-set-slalom-hackhoppring-bla-rod\/","url":"https:\/\/truusk.store\/sv\/produkt\/truusk-agility-traningsutrustning-for-hundar-3-i-1-set-slalom-hackhoppring-bla-rod\/","name":"TRUUSK Agility Tr\u00e4ningsutrustning f\u00f6r Hundar - 3-i-1 Set - Slalom H\u00e4ckhoppring - Bl\u00e5 + R\u00f6d - TRUUSK - Hem, Tr\u00e4dg\u00e5rd &amp; Fritid","isPartOf":{"@id":"https:\/\/truusk.store\/sv\/#website"},"primaryImageOfPage":{"@id":"https:\/\/truusk.store\/sv\/produkt\/truusk-agility-traningsutrustning-for-hundar-3-i-1-set-slalom-hackhoppring-bla-rod\/#primaryimage"},"image":{"@id":"https:\/\/truusk.store\/sv\/produkt\/truusk-agility-traningsutrustning-for-hundar-3-i-1-set-slalom-hackhoppring-bla-rod\/#primaryimage"},"thumbnailUrl":"https:\/\/i0.wp.com\/truusk.store\/wp-content\/uploads\/2024\/02\/hund-agility-traningsutrustning-agility-traningsset-hund-agility-set-slalom-hackhoppring-for-hundar-3-i-1-hundsport-traningsomrade-bla-rod.webp?fit=800%2C800&ssl=1","datePublished":"2024-02-13T08:02:00+00:00","dateModified":"2026-03-12T07:55:39+00:00","breadcrumb":{"@id":"https:\/\/truusk.store\/sv\/produkt\/truusk-agility-traningsutrustning-for-hundar-3-i-1-set-slalom-hackhoppring-bla-rod\/#breadcrumb"},"inLanguage":"sv-SE","potentialAction":[{"@type":"ReadAction","target":["https:\/\/truusk.store\/sv\/produkt\/truusk-agility-traningsutrustning-for-hundar-3-i-1-set-slalom-hackhoppring-bla-rod\/"]}]},{"@type":"ImageObject","inLanguage":"sv-SE","@id":"https:\/\/truusk.store\/sv\/produkt\/truusk-agility-traningsutrustning-for-hundar-3-i-1-set-slalom-hackhoppring-bla-rod\/#primaryimage","url":"https:\/\/i0.wp.com\/truusk.store\/wp-content\/uploads\/2024\/02\/hund-agility-traningsutrustning-agility-traningsset-hund-agility-set-slalom-hackhoppring-for-hundar-3-i-1-hundsport-traningsomrade-bla-rod.webp?fit=800%2C800&ssl=1","contentUrl":"https:\/\/i0.wp.com\/truusk.store\/wp-content\/uploads\/2024\/02\/hund-agility-traningsutrustning-agility-traningsset-hund-agility-set-slalom-hackhoppring-for-hundar-3-i-1-hundsport-traningsomrade-bla-rod.webp?fit=800%2C800&ssl=1","width":800,"height":800,"caption":"Hund Agility Tr\u00e4ningsutrustning, Agility Tr\u00e4ningsset, Hund Agility Set, Slalom H\u00e4ckhoppring F\u00f6r Hundar, 3 I 1 Hundsport Tr\u00e4ningsomr\u00e5de, Bl\u00e5 + R\u00f6d 1"},{"@type":"BreadcrumbList","@id":"https:\/\/truusk.store\/sv\/produkt\/truusk-agility-traningsutrustning-for-hundar-3-i-1-set-slalom-hackhoppring-bla-rod\/#breadcrumb","itemListElement":[{"@type":"ListItem","position":1,"name":"Home","item":"https:\/\/truusk.store\/sv\/"},{"@type":"ListItem","position":2,"name":"Shop","item":"https:\/\/truusk.store\/shop\/"},{"@type":"ListItem","position":3,"name":"TRUUSK Agility Tr\u00e4ningsutrustning f\u00f6r Hundar &#8211; 3-i-1 Set &#8211; Slalom H\u00e4ckhoppring &#8211; Bl\u00e5 + R\u00f6d"}]},{"@type":"WebSite","@id":"https:\/\/truusk.store\/sv\/#website","url":"https:\/\/truusk.store\/sv\/","name":"TRUUSK - Hem, Tr\u00e4dg\u00e5rd & Fritid","description":"","publisher":{"@id":"https:\/\/truusk.store\/sv\/#organization"},"potentialAction":[{"@type":"SearchAction","target":{"@type":"EntryPoint","urlTemplate":"https:\/\/truusk.store\/sv\/?s={search_term_string}"},"query-input":{"@type":"PropertyValueSpecification","valueRequired":true,"valueName":"search_term_string"}}],"inLanguage":"sv-SE"},{"@type":"Organization","@id":"https:\/\/truusk.store\/sv\/#organization","name":"TRUUSK - Hem, Tr\u00e4dg\u00e5rd & Fritid","url":"https:\/\/truusk.store\/sv\/","logo":{"@type":"ImageObject","inLanguage":"sv-SE","@id":"https:\/\/truusk.store\/sv\/#\/schema\/logo\/image\/","url":"https:\/\/i0.wp.com\/truusk.store\/wp-content\/uploads\/2026\/03\/cropped-TRUUSK.png?fit=2032%2C917&ssl=1","contentUrl":"https:\/\/i0.wp.com\/truusk.store\/wp-content\/uploads\/2026\/03\/cropped-TRUUSK.png?fit=2032%2C917&ssl=1","width":2032,"height":917,"caption":"TRUUSK - Hem, Tr\u00e4dg\u00e5rd & Fritid"},"image":{"@id":"https:\/\/truusk.store\/sv\/#\/schema\/logo\/image\/"}}]}},"jetpack_sharing_enabled":true,"_links":{"self":[{"href":"https:\/\/truusk.store\/sv\/wp-json\/wp\/v2\/product\/7836","targetHints":{"allow":["GET"]}}],"collection":[{"href":"https:\/\/truusk.store\/sv\/wp-json\/wp\/v2\/product"}],"about":[{"href":"https:\/\/truusk.store\/sv\/wp-json\/wp\/v2\/types\/product"}],"wp:featuredmedia":[{"embeddable":true,"href":"https:\/\/truusk.store\/sv\/wp-json\/wp\/v2\/media\/7837"}],"wp:attachment":[{"href":"https:\/\/truusk.store\/sv\/wp-json\/wp\/v2\/media?parent=7836"}],"wp:term":[{"taxonomy":"product_brand","embeddable":true,"href":"https:\/\/truusk.store\/sv\/wp-json\/wp\/v2\/product_brand?post=7836"},{"taxonomy":"product_cat","embeddable":true,"href":"https:\/\/truusk.store\/sv\/wp-json\/wp\/v2\/product_cat?post=7836"},{"taxonomy":"product_tag","embeddable":true,"href":"https:\/\/truusk.store\/sv\/wp-json\/wp\/v2\/product_tag?post=7836"}],"curies":[{"name":"wp","href":"https:\/\/api.w.org\/{rel}","templated":true}]}}