{"id":78384,"date":"2025-06-10T04:52:20","date_gmt":"2025-06-10T03:52:20","guid":{"rendered":"https:\/\/truusk.store\/product\/4-pack-hopfallbara-stolar-barbar-kontorsstol-med-kudde-konstlader-stalben-hopfallbar-stol-for-kontorsmottagning-vantrum-vit\/"},"modified":"2026-03-12T09:41:10","modified_gmt":"2026-03-12T08:41:10","slug":"truusk-hopfallbara-kontorsstolar-4-pack-barbar-med-kudde-konstlader-stalben-vit","status":"publish","type":"product","link":"https:\/\/truusk.store\/sv\/produkt\/truusk-hopfallbara-kontorsstolar-4-pack-barbar-med-kudde-konstlader-stalben-vit\/","title":{"rendered":"TRUUSK Hopf\u00e4llbara Kontorsstolar &#8211; 4-pack &#8211; B\u00e4rbar Med Kudde &#8211; Konstl\u00e4der &#8211; St\u00e5lben &#8211; Vit"},"content":{"rendered":"<p>Gestalten Sie Ihre R\u00e4ume neu mit den eleganten, praktischen Klappst\u00fchlen von TRUUSK. Bequem gepolstert, sind diese vielseitigen Klappst\u00fchle ideal f\u00fcr zus\u00e4tzliche Sitzgelegenheiten bei allen m\u00f6glichen Events geeignet. Gefertigt aus robustem Metall, versprechen sie Langlebigkeit und sind einfach zu lagern. Perfekt f\u00fcr spontane oder geplante Anl\u00e4sse, kombinieren die Klappst\u00fchle Funktionalit\u00e4t mit modernem Design.<\/p>\n<p>Beschreibung:<\/p>\n<ul>\n<li> Vier-Set: Ideal f\u00fcr Veranstaltungen oder als zus\u00e4tzliche Sitzm\u00f6glichkeiten zu Hause<\/li>\n<li> Gepolsterte Sitzfl\u00e4che und R\u00fcckenlehne der Klappst\u00fchle, bezogen mit Kunstleder, sorgen f\u00fcr Komfort und Entspannung<\/li>\n<li> Offene R\u00fcckenlehne und breite Sitzfl\u00e4che der Klappst\u00fchle erm\u00f6glichen ein bequemes Sitzen<\/li>\n<li> Faltbar und leicht, f\u00fcr einfaches Umstellen und Lagern<\/li>\n<li> Rahmen aus pulverbeschichtetem Stahl der Klappst\u00fchle gew\u00e4hrleistet Haltbarkeit<\/li>\n<li> Keine Montage erforderlich<\/li>\n<\/ul>\n<p>Technische Daten:<\/p>\n<ul>\n<li> Farbe: Wei\u00df<\/li>\n<li> Material: Stahl, Kunstleder, Schaumstoff<\/li>\n<li> Stuhlabmessungen: 45B x 46T x 78H cm<\/li>\n<li> Sitzgr\u00f6\u00dfe: 37B x 37T x 45H cm<\/li>\n<li> R\u00fcckenlehnen-Gr\u00f6\u00dfe: 42B x 36H cm<\/li>\n<li> Gefaltete Gr\u00f6\u00dfe: 45B x 97T x 9H cm<\/li>\n<li> Maximale Belastung: 120 kg<\/li>\n<\/ul>\n<p>Lieferumfang:<\/p>\n<ul>\n<li> 4 x Klappstuhl<\/li>\n<li> 1 x Handbuch<\/li>\n<\/ul>\n","protected":false},"excerpt":{"rendered":"<p>Gestalten Sie Ihre R\u00e4ume neu mit den eleganten, praktischen Klappst\u00fchlen von TRUUSK. Bequem gepolstert, sind diese vielseitigen Klappst\u00fchle ideal f\u00fcr&#8230;<\/p>\n","protected":false},"featured_media":78370,"template":"","meta":[],"product_brand":[],"product_cat":[871,889,518],"product_tag":[],"class_list":{"0":"post-78384","1":"product","2":"type-product","3":"status-publish","4":"has-post-thumbnail","6":"product_cat-hus-hem","7":"product_cat-kok-matsal","8":"product_cat-matsalsstolar","10":"first","11":"instock","12":"sale","13":"taxable","14":"shipping-taxable","15":"purchasable","16":"product-type-simple"},"yoast_head":"<!-- This site is optimized with the Yoast SEO plugin v25.4 - https:\/\/yoast.com\/wordpress\/plugins\/seo\/ -->\n<title>TRUUSK Hopf\u00e4llbara Kontorsstolar - 4-pack - B\u00e4rbar Med Kudde - Konstl\u00e4der - St\u00e5lben - Vit - TRUUSK - Hem, Tr\u00e4dg\u00e5rd &amp; Fritid<\/title>\n<meta name=\"robots\" content=\"index, follow, max-snippet:-1, max-image-preview:large, max-video-preview:-1\" \/>\n<link rel=\"canonical\" href=\"https:\/\/truusk.store\/sv\/produkt\/truusk-hopfallbara-kontorsstolar-4-pack-barbar-med-kudde-konstlader-stalben-vit\/\" \/>\n<meta property=\"og:locale\" content=\"sv_SE\" \/>\n<meta property=\"og:type\" content=\"article\" \/>\n<meta property=\"og:title\" content=\"TRUUSK Hopf\u00e4llbara Kontorsstolar - 4-pack - B\u00e4rbar Med Kudde - Konstl\u00e4der - St\u00e5lben - Vit - TRUUSK - Hem, Tr\u00e4dg\u00e5rd &amp; Fritid\" \/>\n<meta property=\"og:description\" content=\"Gestalten Sie Ihre R\u00e4ume neu mit den eleganten, praktischen Klappst\u00fchlen von TRUUSK. Bequem gepolstert, sind diese vielseitigen Klappst\u00fchle ideal f\u00fcr...\" \/>\n<meta property=\"og:url\" content=\"https:\/\/truusk.store\/sv\/produkt\/truusk-hopfallbara-kontorsstolar-4-pack-barbar-med-kudde-konstlader-stalben-vit\/\" \/>\n<meta property=\"og:site_name\" content=\"TRUUSK - Hem, Tr\u00e4dg\u00e5rd &amp; Fritid\" \/>\n<meta property=\"article:modified_time\" content=\"2026-03-12T08:41:10+00:00\" \/>\n<meta property=\"og:image\" content=\"https:\/\/i0.wp.com\/truusk.se\/wp-content\/uploads\/2025\/06\/4-pack-hopfallbara-stolar-barbar-kontorsstol-med-kudde-konstlader-stalben-hopfallbar-stol-for-kontorsmottagning-vantrum-vit-1.webp?fit=2000%2C2000&ssl=1\" \/>\n\t<meta property=\"og:image:width\" content=\"2000\" \/>\n\t<meta property=\"og:image:height\" content=\"2000\" \/>\n\t<meta property=\"og:image:type\" content=\"image\/webp\" \/>\n<meta name=\"twitter:card\" content=\"summary_large_image\" \/>\n<meta name=\"twitter:label1\" content=\"Ber\u00e4knad l\u00e4stid\" \/>\n\t<meta name=\"twitter:data1\" content=\"1 minut\" \/>\n<!-- \/ Yoast SEO plugin. -->","yoast_head_json":{"title":"TRUUSK Hopf\u00e4llbara Kontorsstolar - 4-pack - B\u00e4rbar Med Kudde - Konstl\u00e4der - St\u00e5lben - Vit - TRUUSK - Hem, Tr\u00e4dg\u00e5rd &amp; Fritid","robots":{"index":"index","follow":"follow","max-snippet":"max-snippet:-1","max-image-preview":"max-image-preview:large","max-video-preview":"max-video-preview:-1"},"canonical":"https:\/\/truusk.store\/sv\/produkt\/truusk-hopfallbara-kontorsstolar-4-pack-barbar-med-kudde-konstlader-stalben-vit\/","og_locale":"sv_SE","og_type":"article","og_title":"TRUUSK Hopf\u00e4llbara Kontorsstolar - 4-pack - B\u00e4rbar Med Kudde - Konstl\u00e4der - St\u00e5lben - Vit - TRUUSK - Hem, Tr\u00e4dg\u00e5rd &amp; Fritid","og_description":"Gestalten Sie Ihre R\u00e4ume neu mit den eleganten, praktischen Klappst\u00fchlen von TRUUSK. Bequem gepolstert, sind diese vielseitigen Klappst\u00fchle ideal f\u00fcr...","og_url":"https:\/\/truusk.store\/sv\/produkt\/truusk-hopfallbara-kontorsstolar-4-pack-barbar-med-kudde-konstlader-stalben-vit\/","og_site_name":"TRUUSK - Hem, Tr\u00e4dg\u00e5rd &amp; Fritid","article_modified_time":"2026-03-12T08:41:10+00:00","og_image":[{"width":2000,"height":2000,"url":"https:\/\/i0.wp.com\/truusk.se\/wp-content\/uploads\/2025\/06\/4-pack-hopfallbara-stolar-barbar-kontorsstol-med-kudde-konstlader-stalben-hopfallbar-stol-for-kontorsmottagning-vantrum-vit-1.webp?fit=2000%2C2000&ssl=1","type":"image\/webp"}],"twitter_card":"summary_large_image","twitter_misc":{"Ber\u00e4knad l\u00e4stid":"1 minut"},"schema":{"@context":"https:\/\/schema.org","@graph":[{"@type":"WebPage","@id":"https:\/\/truusk.store\/sv\/produkt\/truusk-hopfallbara-kontorsstolar-4-pack-barbar-med-kudde-konstlader-stalben-vit\/","url":"https:\/\/truusk.store\/sv\/produkt\/truusk-hopfallbara-kontorsstolar-4-pack-barbar-med-kudde-konstlader-stalben-vit\/","name":"TRUUSK Hopf\u00e4llbara Kontorsstolar - 4-pack - B\u00e4rbar Med Kudde - Konstl\u00e4der - St\u00e5lben - Vit - TRUUSK - Hem, Tr\u00e4dg\u00e5rd &amp; Fritid","isPartOf":{"@id":"https:\/\/truusk.store\/sv\/#website"},"primaryImageOfPage":{"@id":"https:\/\/truusk.store\/sv\/produkt\/truusk-hopfallbara-kontorsstolar-4-pack-barbar-med-kudde-konstlader-stalben-vit\/#primaryimage"},"image":{"@id":"https:\/\/truusk.store\/sv\/produkt\/truusk-hopfallbara-kontorsstolar-4-pack-barbar-med-kudde-konstlader-stalben-vit\/#primaryimage"},"thumbnailUrl":"https:\/\/i0.wp.com\/truusk.store\/wp-content\/uploads\/2025\/06\/4-pack-hopfallbara-stolar-barbar-kontorsstol-med-kudde-konstlader-stalben-hopfallbar-stol-for-kontorsmottagning-vantrum-vit-1.webp?fit=2000%2C2000&ssl=1","datePublished":"2025-06-10T03:52:20+00:00","dateModified":"2026-03-12T08:41:10+00:00","breadcrumb":{"@id":"https:\/\/truusk.store\/sv\/produkt\/truusk-hopfallbara-kontorsstolar-4-pack-barbar-med-kudde-konstlader-stalben-vit\/#breadcrumb"},"inLanguage":"sv-SE","potentialAction":[{"@type":"ReadAction","target":["https:\/\/truusk.store\/sv\/produkt\/truusk-hopfallbara-kontorsstolar-4-pack-barbar-med-kudde-konstlader-stalben-vit\/"]}]},{"@type":"ImageObject","inLanguage":"sv-SE","@id":"https:\/\/truusk.store\/sv\/produkt\/truusk-hopfallbara-kontorsstolar-4-pack-barbar-med-kudde-konstlader-stalben-vit\/#primaryimage","url":"https:\/\/i0.wp.com\/truusk.store\/wp-content\/uploads\/2025\/06\/4-pack-hopfallbara-stolar-barbar-kontorsstol-med-kudde-konstlader-stalben-hopfallbar-stol-for-kontorsmottagning-vantrum-vit-1.webp?fit=2000%2C2000&ssl=1","contentUrl":"https:\/\/i0.wp.com\/truusk.store\/wp-content\/uploads\/2025\/06\/4-pack-hopfallbara-stolar-barbar-kontorsstol-med-kudde-konstlader-stalben-hopfallbar-stol-for-kontorsmottagning-vantrum-vit-1.webp?fit=2000%2C2000&ssl=1","width":2000,"height":2000},{"@type":"BreadcrumbList","@id":"https:\/\/truusk.store\/sv\/produkt\/truusk-hopfallbara-kontorsstolar-4-pack-barbar-med-kudde-konstlader-stalben-vit\/#breadcrumb","itemListElement":[{"@type":"ListItem","position":1,"name":"Home","item":"https:\/\/truusk.store\/sv\/"},{"@type":"ListItem","position":2,"name":"Shop","item":"https:\/\/truusk.store\/shop\/"},{"@type":"ListItem","position":3,"name":"TRUUSK Hopf\u00e4llbara Kontorsstolar &#8211; 4-pack &#8211; B\u00e4rbar Med Kudde &#8211; Konstl\u00e4der &#8211; St\u00e5lben &#8211; Vit"}]},{"@type":"WebSite","@id":"https:\/\/truusk.store\/sv\/#website","url":"https:\/\/truusk.store\/sv\/","name":"TRUUSK - Hem, Tr\u00e4dg\u00e5rd & Fritid","description":"","publisher":{"@id":"https:\/\/truusk.store\/sv\/#organization"},"potentialAction":[{"@type":"SearchAction","target":{"@type":"EntryPoint","urlTemplate":"https:\/\/truusk.store\/sv\/?s={search_term_string}"},"query-input":{"@type":"PropertyValueSpecification","valueRequired":true,"valueName":"search_term_string"}}],"inLanguage":"sv-SE"},{"@type":"Organization","@id":"https:\/\/truusk.store\/sv\/#organization","name":"TRUUSK - Hem, Tr\u00e4dg\u00e5rd & Fritid","url":"https:\/\/truusk.store\/sv\/","logo":{"@type":"ImageObject","inLanguage":"sv-SE","@id":"https:\/\/truusk.store\/sv\/#\/schema\/logo\/image\/","url":"https:\/\/i0.wp.com\/truusk.store\/wp-content\/uploads\/2026\/03\/cropped-TRUUSK.png?fit=2032%2C917&ssl=1","contentUrl":"https:\/\/i0.wp.com\/truusk.store\/wp-content\/uploads\/2026\/03\/cropped-TRUUSK.png?fit=2032%2C917&ssl=1","width":2032,"height":917,"caption":"TRUUSK - Hem, Tr\u00e4dg\u00e5rd & Fritid"},"image":{"@id":"https:\/\/truusk.store\/sv\/#\/schema\/logo\/image\/"}}]}},"jetpack_sharing_enabled":true,"_links":{"self":[{"href":"https:\/\/truusk.store\/sv\/wp-json\/wp\/v2\/product\/78384","targetHints":{"allow":["GET"]}}],"collection":[{"href":"https:\/\/truusk.store\/sv\/wp-json\/wp\/v2\/product"}],"about":[{"href":"https:\/\/truusk.store\/sv\/wp-json\/wp\/v2\/types\/product"}],"wp:featuredmedia":[{"embeddable":true,"href":"https:\/\/truusk.store\/sv\/wp-json\/wp\/v2\/media\/78370"}],"wp:attachment":[{"href":"https:\/\/truusk.store\/sv\/wp-json\/wp\/v2\/media?parent=78384"}],"wp:term":[{"taxonomy":"product_brand","embeddable":true,"href":"https:\/\/truusk.store\/sv\/wp-json\/wp\/v2\/product_brand?post=78384"},{"taxonomy":"product_cat","embeddable":true,"href":"https:\/\/truusk.store\/sv\/wp-json\/wp\/v2\/product_cat?post=78384"},{"taxonomy":"product_tag","embeddable":true,"href":"https:\/\/truusk.store\/sv\/wp-json\/wp\/v2\/product_tag?post=78384"}],"curies":[{"name":"wp","href":"https:\/\/api.w.org\/{rel}","templated":true}]}}