{"id":78494,"date":"2025-06-10T05:03:46","date_gmt":"2025-06-10T04:03:46","guid":{"rendered":"https:\/\/truusk.store\/product\/sportnow-styrketraningsstation-for-hemmet-multifunktionell-traningsstation-med-lat-dragstang-kabeldragssystem-upp-till-50-kg-vikter-traningsutrustning-for-hemmagym-styrketraning\/"},"modified":"2026-03-12T09:31:23","modified_gmt":"2026-03-12T08:31:23","slug":"truusk-multifunktionell-styrketraningsstation-for-hemmet-lat-dragstang-kabeldragssystem-upp-till-50-kg-vikter","status":"publish","type":"product","link":"https:\/\/truusk.store\/sv\/produkt\/truusk-multifunktionell-styrketraningsstation-for-hemmet-lat-dragstang-kabeldragssystem-upp-till-50-kg-vikter\/","title":{"rendered":"TRUUSK Multifunktionell Styrketr\u00e4ningsstation f\u00f6r Hemmet &#8211; Lat Dragst\u00e5ng &#8211; Kabeldragssystem &#8211; Upp Till 50 Kg Vikter &#8211;"},"content":{"rendered":"<p>St\u00e4rk dig sj\u00e4lv med SPORTNOW:s kraftstation f\u00f6r hemmet, idealisk f\u00f6r \u00f6verkroppstr\u00e4ning. Tr\u00e4na axlar, rygg och br\u00f6st med l\u00e5g-roddapparaten genom olika \u00f6vningar. Ett ergonomiskt handtag samt justerbar h\u00f6jd och vinkel p\u00e5 pull-up-baren garanterar s\u00e4ker och behaglig lyftning. V\u00e4lj ditt startvikt med justerbara viktplattor och arbeta dig upp till 50 kg. Ditt eget omr\u00e5de, din tid, ditt gym &#8211; var aktiv \u00e4ven hemma!<\/p>\n<p>Beskrivning:<\/p>\n<ul>\n<li> Pull-up- och roddstation<\/li>\n<li> Hemgymstationen levereras med adaptrar, kompatibel med viktskivor med 2,5 cm och 5 cm \u00f6ppning (skivor ing\u00e5r inte)<\/li>\n<li> Halkfritt, upp till 90\u00b0 vikbart brett pedal<\/li>\n<li> Vadderat fitness-torn-s\u00e4te, h\u00f6jden kan justeras i fyra olika positioner<\/li>\n<li> Stark, lackerad st\u00e5lram<\/li>\n<li> Montering kr\u00e4vs<\/li>\n<\/ul>\n<p> Tekniska data:<\/p>\n<ul>\n<li> F\u00e4rg: Svart<\/li>\n<li> Material: St\u00e5l, konstl\u00e4der<\/li>\n<li> Totala dimensioner: 140L x 108B x 197H cm<\/li>\n<li> Dragst\u00e5ngsstorlek: \u00d82,5 x 108L cm<\/li>\n<li> Roddst\u00e5ngsstorlek: \u00d82,5 x 38L cm<\/li>\n<li> Sitsstorlek: 30L x 20B x 42-51H cm<\/li>\n<li> Ryggst\u00f6dsstorlek: 50L x 25B cm<\/li>\n<li> Fotpedalstorlek: 30L x 20B cm<\/li>\n<li> Max. motvikt: 25 kg per sida, totalt 50 kg<\/li>\n<li> B\u00e4rkapacitet: 110 kg<\/li>\n<\/ul>\n<p>Leveransinneh\u00e5ll:<\/p>\n<ul>\n<li> 1 x Krafttorn<\/li>\n<li> 1 x Handbok<\/li>\n<\/ul>\n","protected":false},"excerpt":{"rendered":"<p>St\u00e4rk dig sj\u00e4lv med SPORTNOW:s kraftstation f\u00f6r hemmet, idealisk f\u00f6r \u00f6verkroppstr\u00e4ning. Tr\u00e4na axlar, rygg och br\u00f6st med l\u00e5g-roddapparaten genom olika&#8230;<\/p>\n","protected":false},"featured_media":78485,"template":"","meta":[],"product_brand":[],"product_cat":[873,647,665],"product_tag":[],"class_list":{"0":"post-78494","1":"product","2":"type-product","3":"status-publish","4":"has-post-thumbnail","6":"product_cat-fitness-styrketraning","7":"product_cat-sport-fritid","8":"product_cat-styrketraning","10":"first","11":"instock","12":"sale","13":"taxable","14":"shipping-taxable","15":"purchasable","16":"product-type-simple"},"yoast_head":"<!-- This site is optimized with the Yoast SEO plugin v25.4 - https:\/\/yoast.com\/wordpress\/plugins\/seo\/ -->\n<title>TRUUSK Multifunktionell Styrketr\u00e4ningsstation f\u00f6r Hemmet - Lat Dragst\u00e5ng - Kabeldragssystem - Upp Till 50 Kg Vikter - TRUUSK - Hem, Tr\u00e4dg\u00e5rd &amp; Fritid<\/title>\n<meta name=\"robots\" content=\"index, follow, max-snippet:-1, max-image-preview:large, max-video-preview:-1\" \/>\n<link rel=\"canonical\" href=\"https:\/\/truusk.store\/sv\/produkt\/truusk-multifunktionell-styrketraningsstation-for-hemmet-lat-dragstang-kabeldragssystem-upp-till-50-kg-vikter\/\" \/>\n<meta property=\"og:locale\" content=\"sv_SE\" \/>\n<meta property=\"og:type\" content=\"article\" \/>\n<meta property=\"og:title\" content=\"TRUUSK Multifunktionell Styrketr\u00e4ningsstation f\u00f6r Hemmet - Lat Dragst\u00e5ng - Kabeldragssystem - Upp Till 50 Kg Vikter - TRUUSK - Hem, Tr\u00e4dg\u00e5rd &amp; Fritid\" \/>\n<meta property=\"og:description\" content=\"St\u00e4rk dig sj\u00e4lv med SPORTNOW:s kraftstation f\u00f6r hemmet, idealisk f\u00f6r \u00f6verkroppstr\u00e4ning. Tr\u00e4na axlar, rygg och br\u00f6st med l\u00e5g-roddapparaten genom olika...\" \/>\n<meta property=\"og:url\" content=\"https:\/\/truusk.store\/sv\/produkt\/truusk-multifunktionell-styrketraningsstation-for-hemmet-lat-dragstang-kabeldragssystem-upp-till-50-kg-vikter\/\" \/>\n<meta property=\"og:site_name\" content=\"TRUUSK - Hem, Tr\u00e4dg\u00e5rd &amp; Fritid\" \/>\n<meta property=\"article:modified_time\" content=\"2026-03-12T08:31:23+00:00\" \/>\n<meta property=\"og:image\" content=\"https:\/\/i0.wp.com\/truusk.se\/wp-content\/uploads\/2025\/06\/sportnow-styrketraningsstation-for-hemmet-multifunktionell-traningsstation-med-lat-dragstang-kabeldragssystem-upp-till-50-kg-vikter-traningsutrustning-for-hemmagym-styrketraning-1.webp?fit=2000%2C2000&ssl=1\" \/>\n\t<meta property=\"og:image:width\" content=\"2000\" \/>\n\t<meta property=\"og:image:height\" content=\"2000\" \/>\n\t<meta property=\"og:image:type\" content=\"image\/webp\" \/>\n<meta name=\"twitter:card\" content=\"summary_large_image\" \/>\n<meta name=\"twitter:label1\" content=\"Ber\u00e4knad l\u00e4stid\" \/>\n\t<meta name=\"twitter:data1\" content=\"1 minut\" \/>\n<!-- \/ Yoast SEO plugin. -->","yoast_head_json":{"title":"TRUUSK Multifunktionell Styrketr\u00e4ningsstation f\u00f6r Hemmet - Lat Dragst\u00e5ng - Kabeldragssystem - Upp Till 50 Kg Vikter - TRUUSK - Hem, Tr\u00e4dg\u00e5rd &amp; Fritid","robots":{"index":"index","follow":"follow","max-snippet":"max-snippet:-1","max-image-preview":"max-image-preview:large","max-video-preview":"max-video-preview:-1"},"canonical":"https:\/\/truusk.store\/sv\/produkt\/truusk-multifunktionell-styrketraningsstation-for-hemmet-lat-dragstang-kabeldragssystem-upp-till-50-kg-vikter\/","og_locale":"sv_SE","og_type":"article","og_title":"TRUUSK Multifunktionell Styrketr\u00e4ningsstation f\u00f6r Hemmet - Lat Dragst\u00e5ng - Kabeldragssystem - Upp Till 50 Kg Vikter - TRUUSK - Hem, Tr\u00e4dg\u00e5rd &amp; Fritid","og_description":"St\u00e4rk dig sj\u00e4lv med SPORTNOW:s kraftstation f\u00f6r hemmet, idealisk f\u00f6r \u00f6verkroppstr\u00e4ning. Tr\u00e4na axlar, rygg och br\u00f6st med l\u00e5g-roddapparaten genom olika...","og_url":"https:\/\/truusk.store\/sv\/produkt\/truusk-multifunktionell-styrketraningsstation-for-hemmet-lat-dragstang-kabeldragssystem-upp-till-50-kg-vikter\/","og_site_name":"TRUUSK - Hem, Tr\u00e4dg\u00e5rd &amp; Fritid","article_modified_time":"2026-03-12T08:31:23+00:00","og_image":[{"width":2000,"height":2000,"url":"https:\/\/i0.wp.com\/truusk.se\/wp-content\/uploads\/2025\/06\/sportnow-styrketraningsstation-for-hemmet-multifunktionell-traningsstation-med-lat-dragstang-kabeldragssystem-upp-till-50-kg-vikter-traningsutrustning-for-hemmagym-styrketraning-1.webp?fit=2000%2C2000&ssl=1","type":"image\/webp"}],"twitter_card":"summary_large_image","twitter_misc":{"Ber\u00e4knad l\u00e4stid":"1 minut"},"schema":{"@context":"https:\/\/schema.org","@graph":[{"@type":"WebPage","@id":"https:\/\/truusk.store\/sv\/produkt\/truusk-multifunktionell-styrketraningsstation-for-hemmet-lat-dragstang-kabeldragssystem-upp-till-50-kg-vikter\/","url":"https:\/\/truusk.store\/sv\/produkt\/truusk-multifunktionell-styrketraningsstation-for-hemmet-lat-dragstang-kabeldragssystem-upp-till-50-kg-vikter\/","name":"TRUUSK Multifunktionell Styrketr\u00e4ningsstation f\u00f6r Hemmet - Lat Dragst\u00e5ng - Kabeldragssystem - Upp Till 50 Kg Vikter - TRUUSK - Hem, Tr\u00e4dg\u00e5rd &amp; Fritid","isPartOf":{"@id":"https:\/\/truusk.store\/sv\/#website"},"primaryImageOfPage":{"@id":"https:\/\/truusk.store\/sv\/produkt\/truusk-multifunktionell-styrketraningsstation-for-hemmet-lat-dragstang-kabeldragssystem-upp-till-50-kg-vikter\/#primaryimage"},"image":{"@id":"https:\/\/truusk.store\/sv\/produkt\/truusk-multifunktionell-styrketraningsstation-for-hemmet-lat-dragstang-kabeldragssystem-upp-till-50-kg-vikter\/#primaryimage"},"thumbnailUrl":"https:\/\/i0.wp.com\/truusk.store\/wp-content\/uploads\/2025\/06\/sportnow-styrketraningsstation-for-hemmet-multifunktionell-traningsstation-med-lat-dragstang-kabeldragssystem-upp-till-50-kg-vikter-traningsutrustning-for-hemmagym-styrketraning-1.webp?fit=2000%2C2000&ssl=1","datePublished":"2025-06-10T04:03:46+00:00","dateModified":"2026-03-12T08:31:23+00:00","breadcrumb":{"@id":"https:\/\/truusk.store\/sv\/produkt\/truusk-multifunktionell-styrketraningsstation-for-hemmet-lat-dragstang-kabeldragssystem-upp-till-50-kg-vikter\/#breadcrumb"},"inLanguage":"sv-SE","potentialAction":[{"@type":"ReadAction","target":["https:\/\/truusk.store\/sv\/produkt\/truusk-multifunktionell-styrketraningsstation-for-hemmet-lat-dragstang-kabeldragssystem-upp-till-50-kg-vikter\/"]}]},{"@type":"ImageObject","inLanguage":"sv-SE","@id":"https:\/\/truusk.store\/sv\/produkt\/truusk-multifunktionell-styrketraningsstation-for-hemmet-lat-dragstang-kabeldragssystem-upp-till-50-kg-vikter\/#primaryimage","url":"https:\/\/i0.wp.com\/truusk.store\/wp-content\/uploads\/2025\/06\/sportnow-styrketraningsstation-for-hemmet-multifunktionell-traningsstation-med-lat-dragstang-kabeldragssystem-upp-till-50-kg-vikter-traningsutrustning-for-hemmagym-styrketraning-1.webp?fit=2000%2C2000&ssl=1","contentUrl":"https:\/\/i0.wp.com\/truusk.store\/wp-content\/uploads\/2025\/06\/sportnow-styrketraningsstation-for-hemmet-multifunktionell-traningsstation-med-lat-dragstang-kabeldragssystem-upp-till-50-kg-vikter-traningsutrustning-for-hemmagym-styrketraning-1.webp?fit=2000%2C2000&ssl=1","width":2000,"height":2000},{"@type":"BreadcrumbList","@id":"https:\/\/truusk.store\/sv\/produkt\/truusk-multifunktionell-styrketraningsstation-for-hemmet-lat-dragstang-kabeldragssystem-upp-till-50-kg-vikter\/#breadcrumb","itemListElement":[{"@type":"ListItem","position":1,"name":"Home","item":"https:\/\/truusk.store\/sv\/"},{"@type":"ListItem","position":2,"name":"Shop","item":"https:\/\/truusk.store\/shop\/"},{"@type":"ListItem","position":3,"name":"TRUUSK Multifunktionell Styrketr\u00e4ningsstation f\u00f6r Hemmet &#8211; Lat Dragst\u00e5ng &#8211; Kabeldragssystem &#8211; Upp Till 50 Kg Vikter &#8211;"}]},{"@type":"WebSite","@id":"https:\/\/truusk.store\/sv\/#website","url":"https:\/\/truusk.store\/sv\/","name":"TRUUSK - Hem, Tr\u00e4dg\u00e5rd & Fritid","description":"","publisher":{"@id":"https:\/\/truusk.store\/sv\/#organization"},"potentialAction":[{"@type":"SearchAction","target":{"@type":"EntryPoint","urlTemplate":"https:\/\/truusk.store\/sv\/?s={search_term_string}"},"query-input":{"@type":"PropertyValueSpecification","valueRequired":true,"valueName":"search_term_string"}}],"inLanguage":"sv-SE"},{"@type":"Organization","@id":"https:\/\/truusk.store\/sv\/#organization","name":"TRUUSK - Hem, Tr\u00e4dg\u00e5rd & Fritid","url":"https:\/\/truusk.store\/sv\/","logo":{"@type":"ImageObject","inLanguage":"sv-SE","@id":"https:\/\/truusk.store\/sv\/#\/schema\/logo\/image\/","url":"https:\/\/i0.wp.com\/truusk.store\/wp-content\/uploads\/2026\/03\/cropped-TRUUSK.png?fit=2032%2C917&ssl=1","contentUrl":"https:\/\/i0.wp.com\/truusk.store\/wp-content\/uploads\/2026\/03\/cropped-TRUUSK.png?fit=2032%2C917&ssl=1","width":2032,"height":917,"caption":"TRUUSK - Hem, Tr\u00e4dg\u00e5rd & Fritid"},"image":{"@id":"https:\/\/truusk.store\/sv\/#\/schema\/logo\/image\/"}}]}},"jetpack_sharing_enabled":true,"_links":{"self":[{"href":"https:\/\/truusk.store\/sv\/wp-json\/wp\/v2\/product\/78494","targetHints":{"allow":["GET"]}}],"collection":[{"href":"https:\/\/truusk.store\/sv\/wp-json\/wp\/v2\/product"}],"about":[{"href":"https:\/\/truusk.store\/sv\/wp-json\/wp\/v2\/types\/product"}],"wp:featuredmedia":[{"embeddable":true,"href":"https:\/\/truusk.store\/sv\/wp-json\/wp\/v2\/media\/78485"}],"wp:attachment":[{"href":"https:\/\/truusk.store\/sv\/wp-json\/wp\/v2\/media?parent=78494"}],"wp:term":[{"taxonomy":"product_brand","embeddable":true,"href":"https:\/\/truusk.store\/sv\/wp-json\/wp\/v2\/product_brand?post=78494"},{"taxonomy":"product_cat","embeddable":true,"href":"https:\/\/truusk.store\/sv\/wp-json\/wp\/v2\/product_cat?post=78494"},{"taxonomy":"product_tag","embeddable":true,"href":"https:\/\/truusk.store\/sv\/wp-json\/wp\/v2\/product_tag?post=78494"}],"curies":[{"name":"wp","href":"https:\/\/api.w.org\/{rel}","templated":true}]}}