{"id":78554,"date":"2025-06-10T05:09:41","date_gmt":"2025-06-10T04:09:41","guid":{"rendered":"https:\/\/truusk.store\/product\/2-sits-tradgardsbank-i-tra-vaderbestandig-sittbank-tradgardsmobler-med-rygg-och-armstod-hopfallbart-bord-parkbank-320kg-belastningsbar-balkongbank-trabank-for-balkong-tradgard-149x565x89cm-t\/"},"modified":"2026-03-12T09:46:09","modified_gmt":"2026-03-12T08:46:09","slug":"truusk-tradgardsbank-i-teak-vaderbestandig-rygg-och-armstod-hopfallbart-bord-parkbank-balkongbank-320kg","status":"publish","type":"product","link":"https:\/\/truusk.store\/sv\/produkt\/truusk-tradgardsbank-i-teak-vaderbestandig-rygg-och-armstod-hopfallbart-bord-parkbank-balkongbank-320kg\/","title":{"rendered":"TRUUSK Tr\u00e4dg\u00e5rdsb\u00e4nk i Teak &#8211; V\u00e4derbest\u00e4ndig &#8211; Rygg- och Armst\u00f6d &#8211; Hopf\u00e4llbart Bord &#8211; Parkb\u00e4nk &#8211; Balkongb\u00e4nk &#8211; 320kg"},"content":{"rendered":"<p>Ge liv till dina tr\u00e4dg\u00e5rdsfester med TRUUSK v\u00e4derbest\u00e4ndiga tr\u00e4dg\u00e5rdsb\u00e4nk! Dess tr\u00e4effekt-finish ger rustik elegans, perfekt f\u00f6r terrasser eller tr\u00e4dg\u00e5rdar. Denna tr\u00e4b\u00e4nk omvandlas l\u00e4tt fr\u00e5n en tresits till en mysig tv\u00e5sits med utf\u00e4llbart bord f\u00f6r drycker och mer. Tillverkad av robust akaciatr\u00e4, erbjuder Friesenb\u00e4nken stil och komfort f\u00f6r avkopplande timmar utomhus.<\/p>\n<p>Beskrivning:<\/p>\n<ul>\n<li> Utf\u00e4llbart bord fr\u00e5n sitsens mitt f\u00f6r drycker och viktiga saker<\/li>\n<li> Friesenb\u00e4nken rymmer 2 till 3 personer, l\u00e4mplig f\u00f6r sm\u00e5 sammankomster<\/li>\n<li> Tr\u00e4dg\u00e5rdsb\u00e4nken i tr\u00e4 \u00e4r tillverkad av akaciatr\u00e4 f\u00f6r l\u00e5ngvarig utomhusanv\u00e4ndning<\/li>\n<li> Latt-designen p\u00e5 tr\u00e4dg\u00e5rdsb\u00e4nken m\u00f6jligg\u00f6r snabb vattenavlopp<\/li>\n<li> Ryggst\u00f6d och armst\u00f6d ger tillf\u00f6rlitlighet vid utomhusanv\u00e4ndning<\/li>\n<li> Montering kr\u00e4vs<\/li>\n<\/ul>\n<p> Tekniska data:<\/p>\n<ul>\n<li> F\u00e4rg: Teak<\/li>\n<li> Material: Akaciatr\u00e4<\/li>\n<li> Totala dimensioner: 149L x 56,5B x 89H cm<\/li>\n<li> Sitsstorlek: 142B x 48T cm, 48B x 45T cm (per sits)<\/li>\n<li> Sitth\u00f6jd fr\u00e5n golvet: 40 cm<\/li>\n<li> Ryggst\u00f6dets dimensioner: 145L x 38H cm<\/li>\n<li> Armst\u00f6dets h\u00f6jd fr\u00e5n golvet: 64 cm<\/li>\n<li> Bordets dimensioner: 42,5B x 39,5T cm<\/li>\n<li> Bordets h\u00f6jd fr\u00e5n golvet: 68 cm<\/li>\n<li> Belastningskapacitet: 160 kg (per sits), 25 kg (bord)<\/li>\n<\/ul>\n<p>Leveransinneh\u00e5ll:<\/p>\n<ul>\n<li> 1 x Tr\u00e4dg\u00e5rdsb\u00e4nk<\/li>\n<li> 1 x Handbok<\/li>\n<\/ul>\n","protected":false},"excerpt":{"rendered":"<p>Ge liv till dina tr\u00e4dg\u00e5rdsfester med TRUUSK v\u00e4derbest\u00e4ndiga tr\u00e4dg\u00e5rdsb\u00e4nk! Dess tr\u00e4effekt-finish ger rustik elegans, perfekt f\u00f6r terrasser eller tr\u00e4dg\u00e5rdar. Denna&#8230;<\/p>\n","protected":false},"featured_media":78545,"template":"","meta":[],"product_brand":[],"product_cat":[858,454,450],"product_tag":[],"class_list":{"0":"post-78554","1":"product","2":"type-product","3":"status-publish","4":"has-post-thumbnail","6":"product_cat-tradgard-terrass","7":"product_cat-tradgardsbankar","8":"product_cat-tradgardsmobler","10":"first","11":"instock","12":"sale","13":"taxable","14":"shipping-taxable","15":"purchasable","16":"product-type-simple"},"yoast_head":"<!-- This site is optimized with the Yoast SEO plugin v25.4 - https:\/\/yoast.com\/wordpress\/plugins\/seo\/ -->\n<title>TRUUSK Tr\u00e4dg\u00e5rdsb\u00e4nk i Teak - V\u00e4derbest\u00e4ndig - Rygg- och Armst\u00f6d - Hopf\u00e4llbart Bord - Parkb\u00e4nk - Balkongb\u00e4nk - 320kg - TRUUSK - Hem, Tr\u00e4dg\u00e5rd &amp; Fritid<\/title>\n<meta name=\"robots\" content=\"index, follow, max-snippet:-1, max-image-preview:large, max-video-preview:-1\" \/>\n<link rel=\"canonical\" href=\"https:\/\/truusk.store\/sv\/produkt\/truusk-tradgardsbank-i-teak-vaderbestandig-rygg-och-armstod-hopfallbart-bord-parkbank-balkongbank-320kg\/\" \/>\n<meta property=\"og:locale\" content=\"sv_SE\" \/>\n<meta property=\"og:type\" content=\"article\" \/>\n<meta property=\"og:title\" content=\"TRUUSK Tr\u00e4dg\u00e5rdsb\u00e4nk i Teak - V\u00e4derbest\u00e4ndig - Rygg- och Armst\u00f6d - Hopf\u00e4llbart Bord - Parkb\u00e4nk - Balkongb\u00e4nk - 320kg - TRUUSK - Hem, Tr\u00e4dg\u00e5rd &amp; Fritid\" \/>\n<meta property=\"og:description\" content=\"Ge liv till dina tr\u00e4dg\u00e5rdsfester med TRUUSK v\u00e4derbest\u00e4ndiga tr\u00e4dg\u00e5rdsb\u00e4nk! Dess tr\u00e4effekt-finish ger rustik elegans, perfekt f\u00f6r terrasser eller tr\u00e4dg\u00e5rdar. Denna...\" \/>\n<meta property=\"og:url\" content=\"https:\/\/truusk.store\/sv\/produkt\/truusk-tradgardsbank-i-teak-vaderbestandig-rygg-och-armstod-hopfallbart-bord-parkbank-balkongbank-320kg\/\" \/>\n<meta property=\"og:site_name\" content=\"TRUUSK - Hem, Tr\u00e4dg\u00e5rd &amp; Fritid\" \/>\n<meta property=\"article:modified_time\" content=\"2026-03-12T08:46:09+00:00\" \/>\n<meta property=\"og:image\" content=\"https:\/\/i0.wp.com\/truusk.se\/wp-content\/uploads\/2025\/06\/2-sits-tradgardsbank-i-tra-vaderbestandig-sittbank-tradgardsmobler-med-rygg-och-armstod-hopfallbart-bord-parkbank-320kg-belastningsbar-balkongbank-trabank-for-balkong-tradgard-149x565x89cm-t-1.webp?fit=2000%2C2000&ssl=1\" \/>\n\t<meta property=\"og:image:width\" content=\"2000\" \/>\n\t<meta property=\"og:image:height\" content=\"2000\" \/>\n\t<meta property=\"og:image:type\" content=\"image\/webp\" \/>\n<meta name=\"twitter:card\" content=\"summary_large_image\" \/>\n<meta name=\"twitter:label1\" content=\"Ber\u00e4knad l\u00e4stid\" \/>\n\t<meta name=\"twitter:data1\" content=\"1 minut\" \/>\n<!-- \/ Yoast SEO plugin. -->","yoast_head_json":{"title":"TRUUSK Tr\u00e4dg\u00e5rdsb\u00e4nk i Teak - V\u00e4derbest\u00e4ndig - Rygg- och Armst\u00f6d - Hopf\u00e4llbart Bord - Parkb\u00e4nk - Balkongb\u00e4nk - 320kg - TRUUSK - Hem, Tr\u00e4dg\u00e5rd &amp; Fritid","robots":{"index":"index","follow":"follow","max-snippet":"max-snippet:-1","max-image-preview":"max-image-preview:large","max-video-preview":"max-video-preview:-1"},"canonical":"https:\/\/truusk.store\/sv\/produkt\/truusk-tradgardsbank-i-teak-vaderbestandig-rygg-och-armstod-hopfallbart-bord-parkbank-balkongbank-320kg\/","og_locale":"sv_SE","og_type":"article","og_title":"TRUUSK Tr\u00e4dg\u00e5rdsb\u00e4nk i Teak - V\u00e4derbest\u00e4ndig - Rygg- och Armst\u00f6d - Hopf\u00e4llbart Bord - Parkb\u00e4nk - Balkongb\u00e4nk - 320kg - TRUUSK - Hem, Tr\u00e4dg\u00e5rd &amp; Fritid","og_description":"Ge liv till dina tr\u00e4dg\u00e5rdsfester med TRUUSK v\u00e4derbest\u00e4ndiga tr\u00e4dg\u00e5rdsb\u00e4nk! Dess tr\u00e4effekt-finish ger rustik elegans, perfekt f\u00f6r terrasser eller tr\u00e4dg\u00e5rdar. Denna...","og_url":"https:\/\/truusk.store\/sv\/produkt\/truusk-tradgardsbank-i-teak-vaderbestandig-rygg-och-armstod-hopfallbart-bord-parkbank-balkongbank-320kg\/","og_site_name":"TRUUSK - Hem, Tr\u00e4dg\u00e5rd &amp; Fritid","article_modified_time":"2026-03-12T08:46:09+00:00","og_image":[{"width":2000,"height":2000,"url":"https:\/\/i0.wp.com\/truusk.se\/wp-content\/uploads\/2025\/06\/2-sits-tradgardsbank-i-tra-vaderbestandig-sittbank-tradgardsmobler-med-rygg-och-armstod-hopfallbart-bord-parkbank-320kg-belastningsbar-balkongbank-trabank-for-balkong-tradgard-149x565x89cm-t-1.webp?fit=2000%2C2000&ssl=1","type":"image\/webp"}],"twitter_card":"summary_large_image","twitter_misc":{"Ber\u00e4knad l\u00e4stid":"1 minut"},"schema":{"@context":"https:\/\/schema.org","@graph":[{"@type":"WebPage","@id":"https:\/\/truusk.store\/sv\/produkt\/truusk-tradgardsbank-i-teak-vaderbestandig-rygg-och-armstod-hopfallbart-bord-parkbank-balkongbank-320kg\/","url":"https:\/\/truusk.store\/sv\/produkt\/truusk-tradgardsbank-i-teak-vaderbestandig-rygg-och-armstod-hopfallbart-bord-parkbank-balkongbank-320kg\/","name":"TRUUSK Tr\u00e4dg\u00e5rdsb\u00e4nk i Teak - V\u00e4derbest\u00e4ndig - Rygg- och Armst\u00f6d - Hopf\u00e4llbart Bord - Parkb\u00e4nk - Balkongb\u00e4nk - 320kg - TRUUSK - Hem, Tr\u00e4dg\u00e5rd &amp; Fritid","isPartOf":{"@id":"https:\/\/truusk.store\/sv\/#website"},"primaryImageOfPage":{"@id":"https:\/\/truusk.store\/sv\/produkt\/truusk-tradgardsbank-i-teak-vaderbestandig-rygg-och-armstod-hopfallbart-bord-parkbank-balkongbank-320kg\/#primaryimage"},"image":{"@id":"https:\/\/truusk.store\/sv\/produkt\/truusk-tradgardsbank-i-teak-vaderbestandig-rygg-och-armstod-hopfallbart-bord-parkbank-balkongbank-320kg\/#primaryimage"},"thumbnailUrl":"https:\/\/i0.wp.com\/truusk.store\/wp-content\/uploads\/2025\/06\/2-sits-tradgardsbank-i-tra-vaderbestandig-sittbank-tradgardsmobler-med-rygg-och-armstod-hopfallbart-bord-parkbank-320kg-belastningsbar-balkongbank-trabank-for-balkong-tradgard-149x565x89cm-t-1.webp?fit=2000%2C2000&ssl=1","datePublished":"2025-06-10T04:09:41+00:00","dateModified":"2026-03-12T08:46:09+00:00","breadcrumb":{"@id":"https:\/\/truusk.store\/sv\/produkt\/truusk-tradgardsbank-i-teak-vaderbestandig-rygg-och-armstod-hopfallbart-bord-parkbank-balkongbank-320kg\/#breadcrumb"},"inLanguage":"sv-SE","potentialAction":[{"@type":"ReadAction","target":["https:\/\/truusk.store\/sv\/produkt\/truusk-tradgardsbank-i-teak-vaderbestandig-rygg-och-armstod-hopfallbart-bord-parkbank-balkongbank-320kg\/"]}]},{"@type":"ImageObject","inLanguage":"sv-SE","@id":"https:\/\/truusk.store\/sv\/produkt\/truusk-tradgardsbank-i-teak-vaderbestandig-rygg-och-armstod-hopfallbart-bord-parkbank-balkongbank-320kg\/#primaryimage","url":"https:\/\/i0.wp.com\/truusk.store\/wp-content\/uploads\/2025\/06\/2-sits-tradgardsbank-i-tra-vaderbestandig-sittbank-tradgardsmobler-med-rygg-och-armstod-hopfallbart-bord-parkbank-320kg-belastningsbar-balkongbank-trabank-for-balkong-tradgard-149x565x89cm-t-1.webp?fit=2000%2C2000&ssl=1","contentUrl":"https:\/\/i0.wp.com\/truusk.store\/wp-content\/uploads\/2025\/06\/2-sits-tradgardsbank-i-tra-vaderbestandig-sittbank-tradgardsmobler-med-rygg-och-armstod-hopfallbart-bord-parkbank-320kg-belastningsbar-balkongbank-trabank-for-balkong-tradgard-149x565x89cm-t-1.webp?fit=2000%2C2000&ssl=1","width":2000,"height":2000},{"@type":"BreadcrumbList","@id":"https:\/\/truusk.store\/sv\/produkt\/truusk-tradgardsbank-i-teak-vaderbestandig-rygg-och-armstod-hopfallbart-bord-parkbank-balkongbank-320kg\/#breadcrumb","itemListElement":[{"@type":"ListItem","position":1,"name":"Home","item":"https:\/\/truusk.store\/sv\/"},{"@type":"ListItem","position":2,"name":"Shop","item":"https:\/\/truusk.store\/shop\/"},{"@type":"ListItem","position":3,"name":"TRUUSK Tr\u00e4dg\u00e5rdsb\u00e4nk i Teak &#8211; V\u00e4derbest\u00e4ndig &#8211; Rygg- och Armst\u00f6d &#8211; Hopf\u00e4llbart Bord &#8211; Parkb\u00e4nk &#8211; Balkongb\u00e4nk &#8211; 320kg"}]},{"@type":"WebSite","@id":"https:\/\/truusk.store\/sv\/#website","url":"https:\/\/truusk.store\/sv\/","name":"TRUUSK - Hem, Tr\u00e4dg\u00e5rd & Fritid","description":"","publisher":{"@id":"https:\/\/truusk.store\/sv\/#organization"},"potentialAction":[{"@type":"SearchAction","target":{"@type":"EntryPoint","urlTemplate":"https:\/\/truusk.store\/sv\/?s={search_term_string}"},"query-input":{"@type":"PropertyValueSpecification","valueRequired":true,"valueName":"search_term_string"}}],"inLanguage":"sv-SE"},{"@type":"Organization","@id":"https:\/\/truusk.store\/sv\/#organization","name":"TRUUSK - Hem, Tr\u00e4dg\u00e5rd & Fritid","url":"https:\/\/truusk.store\/sv\/","logo":{"@type":"ImageObject","inLanguage":"sv-SE","@id":"https:\/\/truusk.store\/sv\/#\/schema\/logo\/image\/","url":"https:\/\/i0.wp.com\/truusk.store\/wp-content\/uploads\/2026\/03\/cropped-TRUUSK.png?fit=2032%2C917&ssl=1","contentUrl":"https:\/\/i0.wp.com\/truusk.store\/wp-content\/uploads\/2026\/03\/cropped-TRUUSK.png?fit=2032%2C917&ssl=1","width":2032,"height":917,"caption":"TRUUSK - Hem, Tr\u00e4dg\u00e5rd & Fritid"},"image":{"@id":"https:\/\/truusk.store\/sv\/#\/schema\/logo\/image\/"}}]}},"jetpack_sharing_enabled":true,"_links":{"self":[{"href":"https:\/\/truusk.store\/sv\/wp-json\/wp\/v2\/product\/78554","targetHints":{"allow":["GET"]}}],"collection":[{"href":"https:\/\/truusk.store\/sv\/wp-json\/wp\/v2\/product"}],"about":[{"href":"https:\/\/truusk.store\/sv\/wp-json\/wp\/v2\/types\/product"}],"wp:featuredmedia":[{"embeddable":true,"href":"https:\/\/truusk.store\/sv\/wp-json\/wp\/v2\/media\/78545"}],"wp:attachment":[{"href":"https:\/\/truusk.store\/sv\/wp-json\/wp\/v2\/media?parent=78554"}],"wp:term":[{"taxonomy":"product_brand","embeddable":true,"href":"https:\/\/truusk.store\/sv\/wp-json\/wp\/v2\/product_brand?post=78554"},{"taxonomy":"product_cat","embeddable":true,"href":"https:\/\/truusk.store\/sv\/wp-json\/wp\/v2\/product_cat?post=78554"},{"taxonomy":"product_tag","embeddable":true,"href":"https:\/\/truusk.store\/sv\/wp-json\/wp\/v2\/product_tag?post=78554"}],"curies":[{"name":"wp","href":"https:\/\/api.w.org\/{rel}","templated":true}]}}