{"id":78584,"date":"2025-06-10T05:12:40","date_gmt":"2025-06-10T04:12:40","guid":{"rendered":"https:\/\/truusk.store\/product\/verkstadsvagn-med-3-hyllor-sidohyllor-verktygsvagn-med-10-krokar-krokhal-verkstadsvagn-for-verktyg-for-garage-lager-max-91-kg-belastning-svart\/"},"modified":"2026-03-12T08:44:44","modified_gmt":"2026-03-12T07:44:44","slug":"truusk-verktygsvagn-med-3-hyllor-sidohyllor-och-10-krokar-max-91-kg-belastning-for-garage-lager-svart","status":"publish","type":"product","link":"https:\/\/truusk.store\/sv\/produkt\/truusk-verktygsvagn-med-3-hyllor-sidohyllor-och-10-krokar-max-91-kg-belastning-for-garage-lager-svart\/","title":{"rendered":"TRUUSK Verktygsvagn med 3 hyllor &#8211; Sidohyllor och 10 krokar &#8211; Max. 91 kg belastning &#8211; F\u00f6r garage, lager &#8211; Svart"},"content":{"rendered":"<p>Uppt\u00e4ck TRUUSK verktygsvagn: Din nya partner f\u00f6r perfekt ordning! Den erbjuder tre niv\u00e5er och sidoh\u00e5lhyllor med tio krokar f\u00f6r omfattande lagringsutrymme. Nio f\u00f6rvaringsh\u00e5l h\u00e5ller allt rent. Tack vare fyra universalhjul, tv\u00e5 med bromsar, \u00e4r den l\u00e4tt att man\u00f6vrera. Tillverkad av robust plast, passar den in i varje verkstad.<\/p>\n<p>Beskrivning:<\/p>\n<ul>\n<li> Tre niv\u00e5er hyllor, sidoh\u00e5lhyllor och tio krokar \u00f6kar lagringsutrymmet<\/li>\n<li> Nio f\u00f6rvaringsh\u00e5l erbjuder gott om plats f\u00f6r organisation<\/li>\n<li> Fyra hjul, varav tv\u00e5 med bromsar, garanterar enkel mobilitet<\/li>\n<li> Plastkonstruktion garanterar l\u00e4tt h\u00e5llbarhet<\/li>\n<li> Idealisk f\u00f6r garage, verkst\u00e4der och lagerlokaler<\/li>\n<li> Hyllorna har tv\u00e5 valfria skiljev\u00e4ggar f\u00f6r m\u00e5ngsidiga inredningsm\u00f6jligheter<\/li>\n<li> Enkel montering kr\u00e4vs<\/li>\n<\/ul>\n<p> Tekniska data:<\/p>\n<ul>\n<li> F\u00e4rg: Svart+R\u00f6d<\/li>\n<li> Material: Plast<\/li>\n<li> Totala dimensioner: 56,5B x 47,5T x 89H cm<\/li>\n<li> Storlek p\u00e5 varje hyllplan: 48L x 27B x 30H cm<\/li>\n<li> B\u00e4rkapacitet: 91 kg (totalt)<\/li>\n<\/ul>\n<p>Leveransinneh\u00e5ll:<\/p>\n<ul>\n<li> 1 x Rullande verktygsvagn<\/li>\n<li> 1 x Handbok<\/li>\n<\/ul>\n","protected":false},"excerpt":{"rendered":"<p>Uppt\u00e4ck TRUUSK verktygsvagn: Din nya partner f\u00f6r perfekt ordning! Den erbjuder tre niv\u00e5er och sidoh\u00e5lhyllor med tio krokar f\u00f6r omfattande&#8230;<\/p>\n","protected":false},"featured_media":78575,"template":"","meta":[],"product_brand":[],"product_cat":[867,898,899],"product_tag":[],"class_list":{"0":"post-78584","1":"product","2":"type-product","3":"status-publish","4":"has-post-thumbnail","6":"product_cat-byggmarknad","7":"product_cat-gor-det-sjalv","8":"product_cat-organiseringssystemer","10":"first","11":"instock","12":"sale","13":"taxable","14":"shipping-taxable","15":"purchasable","16":"product-type-simple"},"yoast_head":"<!-- This site is optimized with the Yoast SEO plugin v25.4 - https:\/\/yoast.com\/wordpress\/plugins\/seo\/ -->\n<title>TRUUSK Verktygsvagn med 3 hyllor - Sidohyllor och 10 krokar - Max. 91 kg belastning - F\u00f6r garage, lager - Svart - TRUUSK - Hem, Tr\u00e4dg\u00e5rd &amp; Fritid<\/title>\n<meta name=\"robots\" content=\"index, follow, max-snippet:-1, max-image-preview:large, max-video-preview:-1\" \/>\n<link rel=\"canonical\" href=\"https:\/\/truusk.store\/sv\/produkt\/truusk-verktygsvagn-med-3-hyllor-sidohyllor-och-10-krokar-max-91-kg-belastning-for-garage-lager-svart\/\" \/>\n<meta property=\"og:locale\" content=\"sv_SE\" \/>\n<meta property=\"og:type\" content=\"article\" \/>\n<meta property=\"og:title\" content=\"TRUUSK Verktygsvagn med 3 hyllor - Sidohyllor och 10 krokar - Max. 91 kg belastning - F\u00f6r garage, lager - Svart - TRUUSK - Hem, Tr\u00e4dg\u00e5rd &amp; Fritid\" \/>\n<meta property=\"og:description\" content=\"Uppt\u00e4ck TRUUSK verktygsvagn: Din nya partner f\u00f6r perfekt ordning! Den erbjuder tre niv\u00e5er och sidoh\u00e5lhyllor med tio krokar f\u00f6r omfattande...\" \/>\n<meta property=\"og:url\" content=\"https:\/\/truusk.store\/sv\/produkt\/truusk-verktygsvagn-med-3-hyllor-sidohyllor-och-10-krokar-max-91-kg-belastning-for-garage-lager-svart\/\" \/>\n<meta property=\"og:site_name\" content=\"TRUUSK - Hem, Tr\u00e4dg\u00e5rd &amp; Fritid\" \/>\n<meta property=\"article:modified_time\" content=\"2026-03-12T07:44:44+00:00\" \/>\n<meta property=\"og:image\" content=\"https:\/\/i0.wp.com\/truusk.se\/wp-content\/uploads\/2025\/06\/verkstadsvagn-med-3-hyllor-sidohyllor-verktygsvagn-med-10-krokar-krokhal-verkstadsvagn-for-verktyg-for-garage-lager-max-91-kg-belastning-svart-1.webp?fit=2000%2C2000&ssl=1\" \/>\n\t<meta property=\"og:image:width\" content=\"2000\" \/>\n\t<meta property=\"og:image:height\" content=\"2000\" \/>\n\t<meta property=\"og:image:type\" content=\"image\/webp\" \/>\n<meta name=\"twitter:card\" content=\"summary_large_image\" \/>\n<meta name=\"twitter:label1\" content=\"Ber\u00e4knad l\u00e4stid\" \/>\n\t<meta name=\"twitter:data1\" content=\"1 minut\" \/>\n<!-- \/ Yoast SEO plugin. -->","yoast_head_json":{"title":"TRUUSK Verktygsvagn med 3 hyllor - Sidohyllor och 10 krokar - Max. 91 kg belastning - F\u00f6r garage, lager - Svart - TRUUSK - Hem, Tr\u00e4dg\u00e5rd &amp; Fritid","robots":{"index":"index","follow":"follow","max-snippet":"max-snippet:-1","max-image-preview":"max-image-preview:large","max-video-preview":"max-video-preview:-1"},"canonical":"https:\/\/truusk.store\/sv\/produkt\/truusk-verktygsvagn-med-3-hyllor-sidohyllor-och-10-krokar-max-91-kg-belastning-for-garage-lager-svart\/","og_locale":"sv_SE","og_type":"article","og_title":"TRUUSK Verktygsvagn med 3 hyllor - Sidohyllor och 10 krokar - Max. 91 kg belastning - F\u00f6r garage, lager - Svart - TRUUSK - Hem, Tr\u00e4dg\u00e5rd &amp; Fritid","og_description":"Uppt\u00e4ck TRUUSK verktygsvagn: Din nya partner f\u00f6r perfekt ordning! Den erbjuder tre niv\u00e5er och sidoh\u00e5lhyllor med tio krokar f\u00f6r omfattande...","og_url":"https:\/\/truusk.store\/sv\/produkt\/truusk-verktygsvagn-med-3-hyllor-sidohyllor-och-10-krokar-max-91-kg-belastning-for-garage-lager-svart\/","og_site_name":"TRUUSK - Hem, Tr\u00e4dg\u00e5rd &amp; Fritid","article_modified_time":"2026-03-12T07:44:44+00:00","og_image":[{"width":2000,"height":2000,"url":"https:\/\/i0.wp.com\/truusk.se\/wp-content\/uploads\/2025\/06\/verkstadsvagn-med-3-hyllor-sidohyllor-verktygsvagn-med-10-krokar-krokhal-verkstadsvagn-for-verktyg-for-garage-lager-max-91-kg-belastning-svart-1.webp?fit=2000%2C2000&ssl=1","type":"image\/webp"}],"twitter_card":"summary_large_image","twitter_misc":{"Ber\u00e4knad l\u00e4stid":"1 minut"},"schema":{"@context":"https:\/\/schema.org","@graph":[{"@type":"WebPage","@id":"https:\/\/truusk.store\/sv\/produkt\/truusk-verktygsvagn-med-3-hyllor-sidohyllor-och-10-krokar-max-91-kg-belastning-for-garage-lager-svart\/","url":"https:\/\/truusk.store\/sv\/produkt\/truusk-verktygsvagn-med-3-hyllor-sidohyllor-och-10-krokar-max-91-kg-belastning-for-garage-lager-svart\/","name":"TRUUSK Verktygsvagn med 3 hyllor - Sidohyllor och 10 krokar - Max. 91 kg belastning - F\u00f6r garage, lager - Svart - TRUUSK - Hem, Tr\u00e4dg\u00e5rd &amp; Fritid","isPartOf":{"@id":"https:\/\/truusk.store\/sv\/#website"},"primaryImageOfPage":{"@id":"https:\/\/truusk.store\/sv\/produkt\/truusk-verktygsvagn-med-3-hyllor-sidohyllor-och-10-krokar-max-91-kg-belastning-for-garage-lager-svart\/#primaryimage"},"image":{"@id":"https:\/\/truusk.store\/sv\/produkt\/truusk-verktygsvagn-med-3-hyllor-sidohyllor-och-10-krokar-max-91-kg-belastning-for-garage-lager-svart\/#primaryimage"},"thumbnailUrl":"https:\/\/i0.wp.com\/truusk.store\/wp-content\/uploads\/2025\/06\/verkstadsvagn-med-3-hyllor-sidohyllor-verktygsvagn-med-10-krokar-krokhal-verkstadsvagn-for-verktyg-for-garage-lager-max-91-kg-belastning-svart-1.webp?fit=2000%2C2000&ssl=1","datePublished":"2025-06-10T04:12:40+00:00","dateModified":"2026-03-12T07:44:44+00:00","breadcrumb":{"@id":"https:\/\/truusk.store\/sv\/produkt\/truusk-verktygsvagn-med-3-hyllor-sidohyllor-och-10-krokar-max-91-kg-belastning-for-garage-lager-svart\/#breadcrumb"},"inLanguage":"sv-SE","potentialAction":[{"@type":"ReadAction","target":["https:\/\/truusk.store\/sv\/produkt\/truusk-verktygsvagn-med-3-hyllor-sidohyllor-och-10-krokar-max-91-kg-belastning-for-garage-lager-svart\/"]}]},{"@type":"ImageObject","inLanguage":"sv-SE","@id":"https:\/\/truusk.store\/sv\/produkt\/truusk-verktygsvagn-med-3-hyllor-sidohyllor-och-10-krokar-max-91-kg-belastning-for-garage-lager-svart\/#primaryimage","url":"https:\/\/i0.wp.com\/truusk.store\/wp-content\/uploads\/2025\/06\/verkstadsvagn-med-3-hyllor-sidohyllor-verktygsvagn-med-10-krokar-krokhal-verkstadsvagn-for-verktyg-for-garage-lager-max-91-kg-belastning-svart-1.webp?fit=2000%2C2000&ssl=1","contentUrl":"https:\/\/i0.wp.com\/truusk.store\/wp-content\/uploads\/2025\/06\/verkstadsvagn-med-3-hyllor-sidohyllor-verktygsvagn-med-10-krokar-krokhal-verkstadsvagn-for-verktyg-for-garage-lager-max-91-kg-belastning-svart-1.webp?fit=2000%2C2000&ssl=1","width":2000,"height":2000},{"@type":"BreadcrumbList","@id":"https:\/\/truusk.store\/sv\/produkt\/truusk-verktygsvagn-med-3-hyllor-sidohyllor-och-10-krokar-max-91-kg-belastning-for-garage-lager-svart\/#breadcrumb","itemListElement":[{"@type":"ListItem","position":1,"name":"Home","item":"https:\/\/truusk.store\/sv\/"},{"@type":"ListItem","position":2,"name":"Shop","item":"https:\/\/truusk.store\/shop\/"},{"@type":"ListItem","position":3,"name":"TRUUSK Verktygsvagn med 3 hyllor &#8211; Sidohyllor och 10 krokar &#8211; Max. 91 kg belastning &#8211; F\u00f6r garage, lager &#8211; Svart"}]},{"@type":"WebSite","@id":"https:\/\/truusk.store\/sv\/#website","url":"https:\/\/truusk.store\/sv\/","name":"TRUUSK - Hem, Tr\u00e4dg\u00e5rd & Fritid","description":"","publisher":{"@id":"https:\/\/truusk.store\/sv\/#organization"},"potentialAction":[{"@type":"SearchAction","target":{"@type":"EntryPoint","urlTemplate":"https:\/\/truusk.store\/sv\/?s={search_term_string}"},"query-input":{"@type":"PropertyValueSpecification","valueRequired":true,"valueName":"search_term_string"}}],"inLanguage":"sv-SE"},{"@type":"Organization","@id":"https:\/\/truusk.store\/sv\/#organization","name":"TRUUSK - Hem, Tr\u00e4dg\u00e5rd & Fritid","url":"https:\/\/truusk.store\/sv\/","logo":{"@type":"ImageObject","inLanguage":"sv-SE","@id":"https:\/\/truusk.store\/sv\/#\/schema\/logo\/image\/","url":"https:\/\/i0.wp.com\/truusk.store\/wp-content\/uploads\/2026\/03\/cropped-TRUUSK.png?fit=2032%2C917&ssl=1","contentUrl":"https:\/\/i0.wp.com\/truusk.store\/wp-content\/uploads\/2026\/03\/cropped-TRUUSK.png?fit=2032%2C917&ssl=1","width":2032,"height":917,"caption":"TRUUSK - Hem, Tr\u00e4dg\u00e5rd & Fritid"},"image":{"@id":"https:\/\/truusk.store\/sv\/#\/schema\/logo\/image\/"}}]}},"jetpack_sharing_enabled":true,"_links":{"self":[{"href":"https:\/\/truusk.store\/sv\/wp-json\/wp\/v2\/product\/78584","targetHints":{"allow":["GET"]}}],"collection":[{"href":"https:\/\/truusk.store\/sv\/wp-json\/wp\/v2\/product"}],"about":[{"href":"https:\/\/truusk.store\/sv\/wp-json\/wp\/v2\/types\/product"}],"wp:featuredmedia":[{"embeddable":true,"href":"https:\/\/truusk.store\/sv\/wp-json\/wp\/v2\/media\/78575"}],"wp:attachment":[{"href":"https:\/\/truusk.store\/sv\/wp-json\/wp\/v2\/media?parent=78584"}],"wp:term":[{"taxonomy":"product_brand","embeddable":true,"href":"https:\/\/truusk.store\/sv\/wp-json\/wp\/v2\/product_brand?post=78584"},{"taxonomy":"product_cat","embeddable":true,"href":"https:\/\/truusk.store\/sv\/wp-json\/wp\/v2\/product_cat?post=78584"},{"taxonomy":"product_tag","embeddable":true,"href":"https:\/\/truusk.store\/sv\/wp-json\/wp\/v2\/product_tag?post=78584"}],"curies":[{"name":"wp","href":"https:\/\/api.w.org\/{rel}","templated":true}]}}