{"id":78594,"date":"2025-06-10T05:13:45","date_gmt":"2025-06-10T04:13:45","guid":{"rendered":"https:\/\/truusk.store\/product\/helskarmspegel-1626-x-535-cm-staende-spegel-med-stativ-vagg-spegel-for-vardagsrum-sovrum-omkladningsrum-vitnaturtra\/"},"modified":"2026-03-12T09:44:37","modified_gmt":"2026-03-12T08:44:37","slug":"truusk-helskarmspegel-1626-x-535-cm-staende-spegel-med-stativ-vagg-spegel-for-vardagsrum-sovrum-omkladningsrum-vit","status":"publish","type":"product","link":"https:\/\/truusk.store\/sv\/produkt\/truusk-helskarmspegel-1626-x-535-cm-staende-spegel-med-stativ-vagg-spegel-for-vardagsrum-sovrum-omkladningsrum-vit\/","title":{"rendered":"TRUUSK Helsk\u00e4rmspegel, 162,6 x 53,5 cm &#8211; St\u00e5ende spegel med stativ &#8211; V\u00e4gg spegel f\u00f6r vardagsrum, sovrum, omkl\u00e4dningsrum &#8211; Vit +"},"content":{"rendered":"<p>Golvspegeln fr\u00e5n TRUUSK med sin tv\u00e5f\u00e4rgade MDF-ram i elegant vitt och natur erbjuder stil och funktionalitet. P\u00e5 162,6 x 53,3 cm visar den en felfri helkroppsvy genom h\u00f6guppl\u00f6st glas, s\u00e4krat med en splitterfri film. St\u00e4ll upp den, luta den eller f\u00e4st den p\u00e5 v\u00e4ggen, idealisk f\u00f6r alla rumsituationer.<\/p>\n<p>Beskrivning:<\/p>\n<ul>\n<li> Den 162,6 x 53,3 cm stora spegeln erbjuder en fullst\u00e4ndig helkroppsspegling<\/li>\n<li> Den tv\u00e5f\u00e4rgade MDF-ramen f\u00f6rb\u00e4ttrar den estetiska rumsdekorationen<\/li>\n<li> H\u00f6guppl\u00f6st glas ger kristallklara reflektioner<\/li>\n<li> S\u00e4kerhetsfilm p\u00e5 baksidan \u00f6kar br\u00e4cks\u00e4kerheten<\/li>\n<li> Flera installationsalternativ: st\u00e5ende, lutande eller v\u00e4ggmontering<\/li>\n<li> Ingen montering kr\u00e4vs, med v\u00e4ggmonteringsutrustning och inbyggda krokar<\/li>\n<\/ul>\n<p> Tekniska data:<\/p>\n<ul>\n<li> F\u00e4rg: Vit+Naturtr\u00e4<\/li>\n<li> Material: Glas, MDF<\/li>\n<li> Totala dimensioner: 53,3B x 2,5T x 162,6H cm (kl\u00e4mma vikt), 53,3B x 40T x 160,6H cm (kl\u00e4mma utf\u00e4lld)<\/li>\n<li> Spegelstorlek: 45,3B x 154,5H cm<\/li>\n<li> Max \u00f6ppningsvinkel f\u00f6r kl\u00e4mman: 20\u00b0<\/li>\n<\/ul>\n<p>Leveransinneh\u00e5ll:<\/p>\n<ul>\n<li> 1 x Helkroppsspegel<\/li>\n<li> 1 x Bruksanvisning<\/li>\n<\/ul>\n","protected":false},"excerpt":{"rendered":"<p>Golvspegeln fr\u00e5n TRUUSK med sin tv\u00e5f\u00e4rgade MDF-ram i elegant vitt och natur erbjuder stil och funktionalitet. P\u00e5 162,6 x 53,3&#8230;<\/p>\n","protected":false},"featured_media":78585,"template":"","meta":[],"product_brand":[],"product_cat":[893,871,966],"product_tag":[],"class_list":{"0":"post-78594","1":"product","2":"type-product","3":"status-publish","4":"has-post-thumbnail","6":"product_cat-garderob-hall","7":"product_cat-hus-hem","8":"product_cat-staende-speglar","10":"first","11":"instock","12":"sale","13":"taxable","14":"shipping-taxable","15":"purchasable","16":"product-type-simple"},"yoast_head":"<!-- This site is optimized with the Yoast SEO plugin v25.4 - https:\/\/yoast.com\/wordpress\/plugins\/seo\/ -->\n<title>TRUUSK Helsk\u00e4rmspegel, 162,6 x 53,5 cm - St\u00e5ende spegel med stativ - V\u00e4gg spegel f\u00f6r vardagsrum, sovrum, omkl\u00e4dningsrum - Vit + - TRUUSK - Hem, Tr\u00e4dg\u00e5rd &amp; Fritid<\/title>\n<meta name=\"robots\" content=\"index, follow, max-snippet:-1, max-image-preview:large, max-video-preview:-1\" \/>\n<link rel=\"canonical\" href=\"https:\/\/truusk.store\/sv\/produkt\/truusk-helskarmspegel-1626-x-535-cm-staende-spegel-med-stativ-vagg-spegel-for-vardagsrum-sovrum-omkladningsrum-vit\/\" \/>\n<meta property=\"og:locale\" content=\"sv_SE\" \/>\n<meta property=\"og:type\" content=\"article\" \/>\n<meta property=\"og:title\" content=\"TRUUSK Helsk\u00e4rmspegel, 162,6 x 53,5 cm - St\u00e5ende spegel med stativ - V\u00e4gg spegel f\u00f6r vardagsrum, sovrum, omkl\u00e4dningsrum - Vit + - TRUUSK - Hem, Tr\u00e4dg\u00e5rd &amp; Fritid\" \/>\n<meta property=\"og:description\" content=\"Golvspegeln fr\u00e5n TRUUSK med sin tv\u00e5f\u00e4rgade MDF-ram i elegant vitt och natur erbjuder stil och funktionalitet. P\u00e5 162,6 x 53,3...\" \/>\n<meta property=\"og:url\" content=\"https:\/\/truusk.store\/sv\/produkt\/truusk-helskarmspegel-1626-x-535-cm-staende-spegel-med-stativ-vagg-spegel-for-vardagsrum-sovrum-omkladningsrum-vit\/\" \/>\n<meta property=\"og:site_name\" content=\"TRUUSK - Hem, Tr\u00e4dg\u00e5rd &amp; Fritid\" \/>\n<meta property=\"article:modified_time\" content=\"2026-03-12T08:44:37+00:00\" \/>\n<meta property=\"og:image\" content=\"https:\/\/i0.wp.com\/truusk.se\/wp-content\/uploads\/2025\/06\/helskarmspegel-1626-x-535-cm-staende-spegel-med-stativ-vagg-spegel-for-vardagsrum-sovrum-omkladningsrum-vitnaturtra-1.webp?fit=2000%2C2000&ssl=1\" \/>\n\t<meta property=\"og:image:width\" content=\"2000\" \/>\n\t<meta property=\"og:image:height\" content=\"2000\" \/>\n\t<meta property=\"og:image:type\" content=\"image\/webp\" \/>\n<meta name=\"twitter:card\" content=\"summary_large_image\" \/>\n<meta name=\"twitter:label1\" content=\"Ber\u00e4knad l\u00e4stid\" \/>\n\t<meta name=\"twitter:data1\" content=\"1 minut\" \/>\n<!-- \/ Yoast SEO plugin. -->","yoast_head_json":{"title":"TRUUSK Helsk\u00e4rmspegel, 162,6 x 53,5 cm - St\u00e5ende spegel med stativ - V\u00e4gg spegel f\u00f6r vardagsrum, sovrum, omkl\u00e4dningsrum - Vit + - TRUUSK - Hem, Tr\u00e4dg\u00e5rd &amp; Fritid","robots":{"index":"index","follow":"follow","max-snippet":"max-snippet:-1","max-image-preview":"max-image-preview:large","max-video-preview":"max-video-preview:-1"},"canonical":"https:\/\/truusk.store\/sv\/produkt\/truusk-helskarmspegel-1626-x-535-cm-staende-spegel-med-stativ-vagg-spegel-for-vardagsrum-sovrum-omkladningsrum-vit\/","og_locale":"sv_SE","og_type":"article","og_title":"TRUUSK Helsk\u00e4rmspegel, 162,6 x 53,5 cm - St\u00e5ende spegel med stativ - V\u00e4gg spegel f\u00f6r vardagsrum, sovrum, omkl\u00e4dningsrum - Vit + - TRUUSK - Hem, Tr\u00e4dg\u00e5rd &amp; Fritid","og_description":"Golvspegeln fr\u00e5n TRUUSK med sin tv\u00e5f\u00e4rgade MDF-ram i elegant vitt och natur erbjuder stil och funktionalitet. P\u00e5 162,6 x 53,3...","og_url":"https:\/\/truusk.store\/sv\/produkt\/truusk-helskarmspegel-1626-x-535-cm-staende-spegel-med-stativ-vagg-spegel-for-vardagsrum-sovrum-omkladningsrum-vit\/","og_site_name":"TRUUSK - Hem, Tr\u00e4dg\u00e5rd &amp; Fritid","article_modified_time":"2026-03-12T08:44:37+00:00","og_image":[{"width":2000,"height":2000,"url":"https:\/\/i0.wp.com\/truusk.se\/wp-content\/uploads\/2025\/06\/helskarmspegel-1626-x-535-cm-staende-spegel-med-stativ-vagg-spegel-for-vardagsrum-sovrum-omkladningsrum-vitnaturtra-1.webp?fit=2000%2C2000&ssl=1","type":"image\/webp"}],"twitter_card":"summary_large_image","twitter_misc":{"Ber\u00e4knad l\u00e4stid":"1 minut"},"schema":{"@context":"https:\/\/schema.org","@graph":[{"@type":"WebPage","@id":"https:\/\/truusk.store\/sv\/produkt\/truusk-helskarmspegel-1626-x-535-cm-staende-spegel-med-stativ-vagg-spegel-for-vardagsrum-sovrum-omkladningsrum-vit\/","url":"https:\/\/truusk.store\/sv\/produkt\/truusk-helskarmspegel-1626-x-535-cm-staende-spegel-med-stativ-vagg-spegel-for-vardagsrum-sovrum-omkladningsrum-vit\/","name":"TRUUSK Helsk\u00e4rmspegel, 162,6 x 53,5 cm - St\u00e5ende spegel med stativ - V\u00e4gg spegel f\u00f6r vardagsrum, sovrum, omkl\u00e4dningsrum - Vit + - TRUUSK - Hem, Tr\u00e4dg\u00e5rd &amp; Fritid","isPartOf":{"@id":"https:\/\/truusk.store\/sv\/#website"},"primaryImageOfPage":{"@id":"https:\/\/truusk.store\/sv\/produkt\/truusk-helskarmspegel-1626-x-535-cm-staende-spegel-med-stativ-vagg-spegel-for-vardagsrum-sovrum-omkladningsrum-vit\/#primaryimage"},"image":{"@id":"https:\/\/truusk.store\/sv\/produkt\/truusk-helskarmspegel-1626-x-535-cm-staende-spegel-med-stativ-vagg-spegel-for-vardagsrum-sovrum-omkladningsrum-vit\/#primaryimage"},"thumbnailUrl":"https:\/\/i0.wp.com\/truusk.store\/wp-content\/uploads\/2025\/06\/helskarmspegel-1626-x-535-cm-staende-spegel-med-stativ-vagg-spegel-for-vardagsrum-sovrum-omkladningsrum-vitnaturtra-1.webp?fit=2000%2C2000&ssl=1","datePublished":"2025-06-10T04:13:45+00:00","dateModified":"2026-03-12T08:44:37+00:00","breadcrumb":{"@id":"https:\/\/truusk.store\/sv\/produkt\/truusk-helskarmspegel-1626-x-535-cm-staende-spegel-med-stativ-vagg-spegel-for-vardagsrum-sovrum-omkladningsrum-vit\/#breadcrumb"},"inLanguage":"sv-SE","potentialAction":[{"@type":"ReadAction","target":["https:\/\/truusk.store\/sv\/produkt\/truusk-helskarmspegel-1626-x-535-cm-staende-spegel-med-stativ-vagg-spegel-for-vardagsrum-sovrum-omkladningsrum-vit\/"]}]},{"@type":"ImageObject","inLanguage":"sv-SE","@id":"https:\/\/truusk.store\/sv\/produkt\/truusk-helskarmspegel-1626-x-535-cm-staende-spegel-med-stativ-vagg-spegel-for-vardagsrum-sovrum-omkladningsrum-vit\/#primaryimage","url":"https:\/\/i0.wp.com\/truusk.store\/wp-content\/uploads\/2025\/06\/helskarmspegel-1626-x-535-cm-staende-spegel-med-stativ-vagg-spegel-for-vardagsrum-sovrum-omkladningsrum-vitnaturtra-1.webp?fit=2000%2C2000&ssl=1","contentUrl":"https:\/\/i0.wp.com\/truusk.store\/wp-content\/uploads\/2025\/06\/helskarmspegel-1626-x-535-cm-staende-spegel-med-stativ-vagg-spegel-for-vardagsrum-sovrum-omkladningsrum-vitnaturtra-1.webp?fit=2000%2C2000&ssl=1","width":2000,"height":2000},{"@type":"BreadcrumbList","@id":"https:\/\/truusk.store\/sv\/produkt\/truusk-helskarmspegel-1626-x-535-cm-staende-spegel-med-stativ-vagg-spegel-for-vardagsrum-sovrum-omkladningsrum-vit\/#breadcrumb","itemListElement":[{"@type":"ListItem","position":1,"name":"Home","item":"https:\/\/truusk.store\/sv\/"},{"@type":"ListItem","position":2,"name":"Shop","item":"https:\/\/truusk.store\/shop\/"},{"@type":"ListItem","position":3,"name":"TRUUSK Helsk\u00e4rmspegel, 162,6 x 53,5 cm &#8211; St\u00e5ende spegel med stativ &#8211; V\u00e4gg spegel f\u00f6r vardagsrum, sovrum, omkl\u00e4dningsrum &#8211; Vit +"}]},{"@type":"WebSite","@id":"https:\/\/truusk.store\/sv\/#website","url":"https:\/\/truusk.store\/sv\/","name":"TRUUSK - Hem, Tr\u00e4dg\u00e5rd & Fritid","description":"","publisher":{"@id":"https:\/\/truusk.store\/sv\/#organization"},"potentialAction":[{"@type":"SearchAction","target":{"@type":"EntryPoint","urlTemplate":"https:\/\/truusk.store\/sv\/?s={search_term_string}"},"query-input":{"@type":"PropertyValueSpecification","valueRequired":true,"valueName":"search_term_string"}}],"inLanguage":"sv-SE"},{"@type":"Organization","@id":"https:\/\/truusk.store\/sv\/#organization","name":"TRUUSK - Hem, Tr\u00e4dg\u00e5rd & Fritid","url":"https:\/\/truusk.store\/sv\/","logo":{"@type":"ImageObject","inLanguage":"sv-SE","@id":"https:\/\/truusk.store\/sv\/#\/schema\/logo\/image\/","url":"https:\/\/i0.wp.com\/truusk.store\/wp-content\/uploads\/2026\/03\/cropped-TRUUSK.png?fit=2032%2C917&ssl=1","contentUrl":"https:\/\/i0.wp.com\/truusk.store\/wp-content\/uploads\/2026\/03\/cropped-TRUUSK.png?fit=2032%2C917&ssl=1","width":2032,"height":917,"caption":"TRUUSK - Hem, Tr\u00e4dg\u00e5rd & Fritid"},"image":{"@id":"https:\/\/truusk.store\/sv\/#\/schema\/logo\/image\/"}}]}},"jetpack_sharing_enabled":true,"_links":{"self":[{"href":"https:\/\/truusk.store\/sv\/wp-json\/wp\/v2\/product\/78594","targetHints":{"allow":["GET"]}}],"collection":[{"href":"https:\/\/truusk.store\/sv\/wp-json\/wp\/v2\/product"}],"about":[{"href":"https:\/\/truusk.store\/sv\/wp-json\/wp\/v2\/types\/product"}],"wp:featuredmedia":[{"embeddable":true,"href":"https:\/\/truusk.store\/sv\/wp-json\/wp\/v2\/media\/78585"}],"wp:attachment":[{"href":"https:\/\/truusk.store\/sv\/wp-json\/wp\/v2\/media?parent=78594"}],"wp:term":[{"taxonomy":"product_brand","embeddable":true,"href":"https:\/\/truusk.store\/sv\/wp-json\/wp\/v2\/product_brand?post=78594"},{"taxonomy":"product_cat","embeddable":true,"href":"https:\/\/truusk.store\/sv\/wp-json\/wp\/v2\/product_cat?post=78594"},{"taxonomy":"product_tag","embeddable":true,"href":"https:\/\/truusk.store\/sv\/wp-json\/wp\/v2\/product_tag?post=78594"}],"curies":[{"name":"wp","href":"https:\/\/api.w.org\/{rel}","templated":true}]}}