{"id":78641,"date":"2025-06-10T05:18:18","date_gmt":"2025-06-10T04:18:18","guid":{"rendered":"https:\/\/truusk.store\/product\/verktygshus-i-metall-23-m%c2%b2-207-x-130-x-182-cm-med-sadeltak-fonster-fundament-skjutdorrar-vaderbestandigt-tradgardshus-for-utomhus-och-bakgard-gron\/"},"modified":"2026-03-12T09:08:16","modified_gmt":"2026-03-12T08:08:16","slug":"truusk-metall-verktygshus-23-m%c2%b2-207x130x182-cm-sadeltak-fonster-fundament-skjutdorrar-vaderbestandigt-gron","status":"publish","type":"product","link":"https:\/\/truusk.store\/sv\/produkt\/truusk-metall-verktygshus-23-m%c2%b2-207x130x182-cm-sadeltak-fonster-fundament-skjutdorrar-vaderbestandigt-gron\/","title":{"rendered":"TRUUSK Metall Verktygshus 2,3 m\u00b2 207x130x182 cm &#8211; Sadeltak &#8211; F\u00f6nster &#8211; Fundament &#8211; Skjutd\u00f6rrar &#8211; V\u00e4derbest\u00e4ndigt &#8211; Gr\u00f6n &#8211;"},"content":{"rendered":"<p>TRUUSK tr\u00e4dg\u00e5rdsskjul erbjuder en s\u00e4ker f\u00f6rvaringsm\u00f6jlighet f\u00f6r verktyg, utrustning och kl\u00e4der. Idealisk \u00e4ven som cykelskjul f\u00f6r utomhusentusiaster. Tillverkad av robust, v\u00e5gig st\u00e5l, har detta tr\u00e4dg\u00e5rdsverktygshus ett sluttande tak mot regnvatten. Tv\u00e5 ventilationsgaller framf\u00f6r metallverktygshuset ger friskhet, en skjutd\u00f6rr underl\u00e4ttar tillg\u00e5ngen. Inklusive grundkit.<\/p>\n<p>Beskrivning:<\/p>\n<ul>\n<li> Framsidans ventilationsluckor p\u00e5 metallverktygshuset f\u00f6r luftcirkulation, vilket hj\u00e4lper till att minimera m\u00f6gel och mj\u00f6ldagg<\/li>\n<li> Snedtak p\u00e5 metalltr\u00e4dg\u00e5rdshuset f\u00f6rhindrar ansamling av regnvatten<\/li>\n<li> Storlek 2,07 m x 1,3 m, frist\u00e5ende design &#8211; placera den var du vill. Rekommenderas att placera mot en v\u00e4gg<\/li>\n<li> Intern grundram p\u00e5 metallverktygshuset f\u00f6rb\u00e4ttrar stabiliteten och h\u00e5ller insidan renare<\/li>\n<li> V\u00e5gig metallskal f\u00f6r en stark, utomhusl\u00e4mplig struktur<\/li>\n<li> Skjutd\u00f6rr f\u00f6r enkel in- och utg\u00e5ng<\/li>\n<li> Montering kr\u00e4vs<\/li>\n<\/ul>\n<p> Tekniska data:<\/p>\n<ul>\n<li> F\u00e4rg: Gr\u00f6n<\/li>\n<li> Material: Galvaniserat st\u00e5l<\/li>\n<li> Totala dimensioner: 207L x 130B x 182\/159H cm<\/li>\n<li> Inre dimensioner: 192L x 110B cm<\/li>\n<li> D\u00f6rrdimensioner: 83L x 154H cm<\/li>\n<li> F\u00f6nsterdimensioner: 22,5L x 9B cm<\/li>\n<li> Golvdimensioner: 196L x 120B cm<\/li>\n<li> Obs: 1, F\u00f6r installation kr\u00e4vs tre personer, cirka tre timmar.2, B\u00c4R alltid handskar. Bygg inte i bl\u00e5sigt v\u00e4der<\/li>\n<\/ul>\n<p>Leveransinneh\u00e5ll:<\/p>\n<ul>\n<li> 1 x Tr\u00e4dg\u00e5rdsverktygsskjul<\/li>\n<li> 1 x Bruksanvisning<\/li>\n<\/ul>\n","protected":false},"excerpt":{"rendered":"<p>TRUUSK tr\u00e4dg\u00e5rdsskjul erbjuder en s\u00e4ker f\u00f6rvaringsm\u00f6jlighet f\u00f6r verktyg, utrustning och kl\u00e4der. Idealisk \u00e4ven som cykelskjul f\u00f6r utomhusentusiaster. Tillverkad av robust,&#8230;<\/p>\n","protected":false},"featured_media":78635,"template":"","meta":[],"product_brand":[],"product_cat":[901,902,858],"product_tag":[],"class_list":{"0":"post-78641","1":"product","2":"type-product","3":"status-publish","4":"has-post-thumbnail","6":"product_cat-ordning-i-tradgarden","7":"product_cat-redskapsskjul-och-redskapshus","8":"product_cat-tradgard-terrass","10":"first","11":"instock","12":"sale","13":"taxable","14":"shipping-taxable","15":"purchasable","16":"product-type-simple"},"yoast_head":"<!-- This site is optimized with the Yoast SEO plugin v25.4 - https:\/\/yoast.com\/wordpress\/plugins\/seo\/ -->\n<title>TRUUSK Metall Verktygshus 2,3 m\u00b2 207x130x182 cm - Sadeltak - F\u00f6nster - Fundament - Skjutd\u00f6rrar - V\u00e4derbest\u00e4ndigt - Gr\u00f6n - TRUUSK - Hem, Tr\u00e4dg\u00e5rd &amp; Fritid<\/title>\n<meta name=\"robots\" content=\"index, follow, max-snippet:-1, max-image-preview:large, max-video-preview:-1\" \/>\n<link rel=\"canonical\" href=\"https:\/\/truusk.store\/sv\/produkt\/truusk-metall-verktygshus-23-m%c2%b2-207x130x182-cm-sadeltak-fonster-fundament-skjutdorrar-vaderbestandigt-gron\/\" \/>\n<meta property=\"og:locale\" content=\"sv_SE\" \/>\n<meta property=\"og:type\" content=\"article\" \/>\n<meta property=\"og:title\" content=\"TRUUSK Metall Verktygshus 2,3 m\u00b2 207x130x182 cm - Sadeltak - F\u00f6nster - Fundament - Skjutd\u00f6rrar - V\u00e4derbest\u00e4ndigt - Gr\u00f6n - TRUUSK - Hem, Tr\u00e4dg\u00e5rd &amp; Fritid\" \/>\n<meta property=\"og:description\" content=\"TRUUSK tr\u00e4dg\u00e5rdsskjul erbjuder en s\u00e4ker f\u00f6rvaringsm\u00f6jlighet f\u00f6r verktyg, utrustning och kl\u00e4der. Idealisk \u00e4ven som cykelskjul f\u00f6r utomhusentusiaster. Tillverkad av robust,...\" \/>\n<meta property=\"og:url\" content=\"https:\/\/truusk.store\/sv\/produkt\/truusk-metall-verktygshus-23-m%c2%b2-207x130x182-cm-sadeltak-fonster-fundament-skjutdorrar-vaderbestandigt-gron\/\" \/>\n<meta property=\"og:site_name\" content=\"TRUUSK - Hem, Tr\u00e4dg\u00e5rd &amp; Fritid\" \/>\n<meta property=\"article:modified_time\" content=\"2026-03-12T08:08:16+00:00\" \/>\n<meta property=\"og:image\" content=\"https:\/\/i0.wp.com\/truusk.se\/wp-content\/uploads\/2025\/06\/verktygshus-i-metall-23-mc2b2-207-x-130-x-182-cm-med-sadeltak-fonster-fundament-skjutdorrar-vaderbestandigt-tradgardshus-for-utomhus-och-bakgard-gron-1.webp?fit=2000%2C2000&ssl=1\" \/>\n\t<meta property=\"og:image:width\" content=\"2000\" \/>\n\t<meta property=\"og:image:height\" content=\"2000\" \/>\n\t<meta property=\"og:image:type\" content=\"image\/webp\" \/>\n<meta name=\"twitter:card\" content=\"summary_large_image\" \/>\n<meta name=\"twitter:label1\" content=\"Ber\u00e4knad l\u00e4stid\" \/>\n\t<meta name=\"twitter:data1\" content=\"1 minut\" \/>\n<!-- \/ Yoast SEO plugin. -->","yoast_head_json":{"title":"TRUUSK Metall Verktygshus 2,3 m\u00b2 207x130x182 cm - Sadeltak - F\u00f6nster - Fundament - Skjutd\u00f6rrar - V\u00e4derbest\u00e4ndigt - Gr\u00f6n - TRUUSK - Hem, Tr\u00e4dg\u00e5rd &amp; Fritid","robots":{"index":"index","follow":"follow","max-snippet":"max-snippet:-1","max-image-preview":"max-image-preview:large","max-video-preview":"max-video-preview:-1"},"canonical":"https:\/\/truusk.store\/sv\/produkt\/truusk-metall-verktygshus-23-m%c2%b2-207x130x182-cm-sadeltak-fonster-fundament-skjutdorrar-vaderbestandigt-gron\/","og_locale":"sv_SE","og_type":"article","og_title":"TRUUSK Metall Verktygshus 2,3 m\u00b2 207x130x182 cm - Sadeltak - F\u00f6nster - Fundament - Skjutd\u00f6rrar - V\u00e4derbest\u00e4ndigt - Gr\u00f6n - TRUUSK - Hem, Tr\u00e4dg\u00e5rd &amp; Fritid","og_description":"TRUUSK tr\u00e4dg\u00e5rdsskjul erbjuder en s\u00e4ker f\u00f6rvaringsm\u00f6jlighet f\u00f6r verktyg, utrustning och kl\u00e4der. Idealisk \u00e4ven som cykelskjul f\u00f6r utomhusentusiaster. Tillverkad av robust,...","og_url":"https:\/\/truusk.store\/sv\/produkt\/truusk-metall-verktygshus-23-m%c2%b2-207x130x182-cm-sadeltak-fonster-fundament-skjutdorrar-vaderbestandigt-gron\/","og_site_name":"TRUUSK - Hem, Tr\u00e4dg\u00e5rd &amp; Fritid","article_modified_time":"2026-03-12T08:08:16+00:00","og_image":[{"width":2000,"height":2000,"url":"https:\/\/i0.wp.com\/truusk.se\/wp-content\/uploads\/2025\/06\/verktygshus-i-metall-23-mc2b2-207-x-130-x-182-cm-med-sadeltak-fonster-fundament-skjutdorrar-vaderbestandigt-tradgardshus-for-utomhus-och-bakgard-gron-1.webp?fit=2000%2C2000&ssl=1","type":"image\/webp"}],"twitter_card":"summary_large_image","twitter_misc":{"Ber\u00e4knad l\u00e4stid":"1 minut"},"schema":{"@context":"https:\/\/schema.org","@graph":[{"@type":"WebPage","@id":"https:\/\/truusk.store\/sv\/produkt\/truusk-metall-verktygshus-23-m%c2%b2-207x130x182-cm-sadeltak-fonster-fundament-skjutdorrar-vaderbestandigt-gron\/","url":"https:\/\/truusk.store\/sv\/produkt\/truusk-metall-verktygshus-23-m%c2%b2-207x130x182-cm-sadeltak-fonster-fundament-skjutdorrar-vaderbestandigt-gron\/","name":"TRUUSK Metall Verktygshus 2,3 m\u00b2 207x130x182 cm - Sadeltak - F\u00f6nster - Fundament - Skjutd\u00f6rrar - V\u00e4derbest\u00e4ndigt - Gr\u00f6n - TRUUSK - Hem, Tr\u00e4dg\u00e5rd &amp; Fritid","isPartOf":{"@id":"https:\/\/truusk.store\/sv\/#website"},"primaryImageOfPage":{"@id":"https:\/\/truusk.store\/sv\/produkt\/truusk-metall-verktygshus-23-m%c2%b2-207x130x182-cm-sadeltak-fonster-fundament-skjutdorrar-vaderbestandigt-gron\/#primaryimage"},"image":{"@id":"https:\/\/truusk.store\/sv\/produkt\/truusk-metall-verktygshus-23-m%c2%b2-207x130x182-cm-sadeltak-fonster-fundament-skjutdorrar-vaderbestandigt-gron\/#primaryimage"},"thumbnailUrl":"https:\/\/i0.wp.com\/truusk.store\/wp-content\/uploads\/2025\/06\/verktygshus-i-metall-23-mc2b2-207-x-130-x-182-cm-med-sadeltak-fonster-fundament-skjutdorrar-vaderbestandigt-tradgardshus-for-utomhus-och-bakgard-gron-1.webp?fit=2000%2C2000&ssl=1","datePublished":"2025-06-10T04:18:18+00:00","dateModified":"2026-03-12T08:08:16+00:00","breadcrumb":{"@id":"https:\/\/truusk.store\/sv\/produkt\/truusk-metall-verktygshus-23-m%c2%b2-207x130x182-cm-sadeltak-fonster-fundament-skjutdorrar-vaderbestandigt-gron\/#breadcrumb"},"inLanguage":"sv-SE","potentialAction":[{"@type":"ReadAction","target":["https:\/\/truusk.store\/sv\/produkt\/truusk-metall-verktygshus-23-m%c2%b2-207x130x182-cm-sadeltak-fonster-fundament-skjutdorrar-vaderbestandigt-gron\/"]}]},{"@type":"ImageObject","inLanguage":"sv-SE","@id":"https:\/\/truusk.store\/sv\/produkt\/truusk-metall-verktygshus-23-m%c2%b2-207x130x182-cm-sadeltak-fonster-fundament-skjutdorrar-vaderbestandigt-gron\/#primaryimage","url":"https:\/\/i0.wp.com\/truusk.store\/wp-content\/uploads\/2025\/06\/verktygshus-i-metall-23-mc2b2-207-x-130-x-182-cm-med-sadeltak-fonster-fundament-skjutdorrar-vaderbestandigt-tradgardshus-for-utomhus-och-bakgard-gron-1.webp?fit=2000%2C2000&ssl=1","contentUrl":"https:\/\/i0.wp.com\/truusk.store\/wp-content\/uploads\/2025\/06\/verktygshus-i-metall-23-mc2b2-207-x-130-x-182-cm-med-sadeltak-fonster-fundament-skjutdorrar-vaderbestandigt-tradgardshus-for-utomhus-och-bakgard-gron-1.webp?fit=2000%2C2000&ssl=1","width":2000,"height":2000},{"@type":"BreadcrumbList","@id":"https:\/\/truusk.store\/sv\/produkt\/truusk-metall-verktygshus-23-m%c2%b2-207x130x182-cm-sadeltak-fonster-fundament-skjutdorrar-vaderbestandigt-gron\/#breadcrumb","itemListElement":[{"@type":"ListItem","position":1,"name":"Home","item":"https:\/\/truusk.store\/sv\/"},{"@type":"ListItem","position":2,"name":"Shop","item":"https:\/\/truusk.store\/shop\/"},{"@type":"ListItem","position":3,"name":"TRUUSK Metall Verktygshus 2,3 m\u00b2 207x130x182 cm &#8211; Sadeltak &#8211; F\u00f6nster &#8211; Fundament &#8211; Skjutd\u00f6rrar &#8211; V\u00e4derbest\u00e4ndigt &#8211; Gr\u00f6n &#8211;"}]},{"@type":"WebSite","@id":"https:\/\/truusk.store\/sv\/#website","url":"https:\/\/truusk.store\/sv\/","name":"TRUUSK - Hem, Tr\u00e4dg\u00e5rd & Fritid","description":"","publisher":{"@id":"https:\/\/truusk.store\/sv\/#organization"},"potentialAction":[{"@type":"SearchAction","target":{"@type":"EntryPoint","urlTemplate":"https:\/\/truusk.store\/sv\/?s={search_term_string}"},"query-input":{"@type":"PropertyValueSpecification","valueRequired":true,"valueName":"search_term_string"}}],"inLanguage":"sv-SE"},{"@type":"Organization","@id":"https:\/\/truusk.store\/sv\/#organization","name":"TRUUSK - Hem, Tr\u00e4dg\u00e5rd & Fritid","url":"https:\/\/truusk.store\/sv\/","logo":{"@type":"ImageObject","inLanguage":"sv-SE","@id":"https:\/\/truusk.store\/sv\/#\/schema\/logo\/image\/","url":"https:\/\/i0.wp.com\/truusk.store\/wp-content\/uploads\/2026\/03\/cropped-TRUUSK.png?fit=2032%2C917&ssl=1","contentUrl":"https:\/\/i0.wp.com\/truusk.store\/wp-content\/uploads\/2026\/03\/cropped-TRUUSK.png?fit=2032%2C917&ssl=1","width":2032,"height":917,"caption":"TRUUSK - Hem, Tr\u00e4dg\u00e5rd & Fritid"},"image":{"@id":"https:\/\/truusk.store\/sv\/#\/schema\/logo\/image\/"}}]}},"jetpack_sharing_enabled":true,"_links":{"self":[{"href":"https:\/\/truusk.store\/sv\/wp-json\/wp\/v2\/product\/78641","targetHints":{"allow":["GET"]}}],"collection":[{"href":"https:\/\/truusk.store\/sv\/wp-json\/wp\/v2\/product"}],"about":[{"href":"https:\/\/truusk.store\/sv\/wp-json\/wp\/v2\/types\/product"}],"wp:featuredmedia":[{"embeddable":true,"href":"https:\/\/truusk.store\/sv\/wp-json\/wp\/v2\/media\/78635"}],"wp:attachment":[{"href":"https:\/\/truusk.store\/sv\/wp-json\/wp\/v2\/media?parent=78641"}],"wp:term":[{"taxonomy":"product_brand","embeddable":true,"href":"https:\/\/truusk.store\/sv\/wp-json\/wp\/v2\/product_brand?post=78641"},{"taxonomy":"product_cat","embeddable":true,"href":"https:\/\/truusk.store\/sv\/wp-json\/wp\/v2\/product_cat?post=78641"},{"taxonomy":"product_tag","embeddable":true,"href":"https:\/\/truusk.store\/sv\/wp-json\/wp\/v2\/product_tag?post=78641"}],"curies":[{"name":"wp","href":"https:\/\/api.w.org\/{rel}","templated":true}]}}