{"id":78658,"date":"2025-06-10T05:20:17","date_gmt":"2025-06-10T04:20:17","guid":{"rendered":"https:\/\/truusk.store\/product\/golv-dusch-tradgardsdusch-med-justerbart-fot-hjul-aluminium-utomhusdusch-upp-till-4-m-fontanhojd-70-x-55-cm-bastudusch-trautseende-halkfri-vaderbestandig-utomhus-campingdusch-for-pool-bastu\/"},"modified":"2026-03-12T08:44:08","modified_gmt":"2026-03-12T07:44:08","slug":"truusk-utomhusdusch-justerbart-fot-aluminium-fontanhojd-4-m-70-x-55-cm-trautseende-vaderbestandig-campingdusch","status":"publish","type":"product","link":"https:\/\/truusk.store\/sv\/produkt\/truusk-utomhusdusch-justerbart-fot-aluminium-fontanhojd-4-m-70-x-55-cm-trautseende-vaderbestandig-campingdusch\/","title":{"rendered":"TRUUSK Utomhusdusch &#8211; Justerbart Fot &#8211; Aluminium &#8211; Font\u00e4nh\u00f6jd 4 m &#8211; 70 x 55 cm &#8211; Tr\u00e4utseende &#8211; V\u00e4derbest\u00e4ndig &#8211; Campingdusch &#8211;"},"content":{"rendered":"<p>F\u00f6rfriska dig p\u00e5 sommaren med denna b\u00e4rbara utomhusdusch. V\u00e4lj mellan l\u00e4tt spray och intensiv sk\u00f6ljning med 22 justerbara vattenstr\u00e5lar. Enkelt att ansluta till alla tr\u00e4dg\u00e5rdsslangar, garanterar denna utomhusdusch uppfriskande svalka var som helst. Den l\u00e4tta aluminiumbasen underl\u00e4ttar ocks\u00e5 flyttning, s\u00e5 att du kan anv\u00e4nda tr\u00e4dg\u00e5rdsduschen var som helst.<\/p>\n<p>Beskrivning:<\/p>\n<ul>\n<li> 22 vattenstr\u00e5lar kyler ner eller sk\u00f6ljer<\/li>\n<li> Fotrullen p\u00e5 utomhusduschen justerar font\u00e4nh\u00f6jden upp till 4 meter<\/li>\n<li> L\u00e4tt att ansluta till 1\/2-tums tr\u00e4dg\u00e5rdsslangen p\u00e5 utomhusduschen<\/li>\n<li> Vattent\u00e4ta, UV-resistenta, frostbest\u00e4ndiga polystyrenplattor garanterar h\u00e5llbarhet<\/li>\n<li> L\u00e4tt aluminiumbas och handtag p\u00e5 golvduchen f\u00f6r mobil anv\u00e4ndning<\/li>\n<\/ul>\n<p> Tekniska data:<\/p>\n<ul>\n<li> F\u00e4rg: Naturtr\u00e4<\/li>\n<li> Material: Akryl, Aluminium<\/li>\n<li> Totala dimensioner: 70L x 55B x 7,5H cm<\/li>\n<li> Font\u00e4nh\u00f6jd: 0-4 m<\/li>\n<li> Anslutning f\u00f6r inloppsr\u00f6r: 1\/2 tum<\/li>\n<\/ul>\n<p>Leveransinneh\u00e5ll:<\/p>\n<ul>\n<li> 1 x B\u00e4rbar utomhusdusch<\/li>\n<li> 2 x L\u00e5sbara r\u00f6rsp\u00e4nnen<\/li>\n<li> 1 x Omkopplingsventil<\/li>\n<li> 1 x R\u00f6rkoppling<\/li>\n<li> 1 x Bruksanvisning<\/li>\n<\/ul>\n","protected":false},"excerpt":{"rendered":"<p>F\u00f6rfriska dig p\u00e5 sommaren med denna b\u00e4rbara utomhusdusch. V\u00e4lj mellan l\u00e4tt spray och intensiv sk\u00f6ljning med 22 justerbara vattenstr\u00e5lar. Enkelt&#8230;<\/p>\n","protected":false},"featured_media":78652,"template":"","meta":[],"product_brand":[],"product_cat":[648,647],"product_tag":[],"class_list":{"0":"post-78658","1":"product","2":"type-product","3":"status-publish","4":"has-post-thumbnail","6":"product_cat-camping-tillbehor","7":"product_cat-sport-fritid","9":"first","10":"instock","11":"sale","12":"taxable","13":"shipping-taxable","14":"purchasable","15":"product-type-simple"},"yoast_head":"<!-- This site is optimized with the Yoast SEO plugin v25.4 - https:\/\/yoast.com\/wordpress\/plugins\/seo\/ -->\n<title>TRUUSK Utomhusdusch - Justerbart Fot - Aluminium - Font\u00e4nh\u00f6jd 4 m - 70 x 55 cm - Tr\u00e4utseende - V\u00e4derbest\u00e4ndig - Campingdusch - TRUUSK - Hem, Tr\u00e4dg\u00e5rd &amp; Fritid<\/title>\n<meta name=\"robots\" content=\"index, follow, max-snippet:-1, max-image-preview:large, max-video-preview:-1\" \/>\n<link rel=\"canonical\" href=\"https:\/\/truusk.store\/sv\/produkt\/truusk-utomhusdusch-justerbart-fot-aluminium-fontanhojd-4-m-70-x-55-cm-trautseende-vaderbestandig-campingdusch\/\" \/>\n<meta property=\"og:locale\" content=\"sv_SE\" \/>\n<meta property=\"og:type\" content=\"article\" \/>\n<meta property=\"og:title\" content=\"TRUUSK Utomhusdusch - Justerbart Fot - Aluminium - Font\u00e4nh\u00f6jd 4 m - 70 x 55 cm - Tr\u00e4utseende - V\u00e4derbest\u00e4ndig - Campingdusch - TRUUSK - Hem, Tr\u00e4dg\u00e5rd &amp; Fritid\" \/>\n<meta property=\"og:description\" content=\"F\u00f6rfriska dig p\u00e5 sommaren med denna b\u00e4rbara utomhusdusch. V\u00e4lj mellan l\u00e4tt spray och intensiv sk\u00f6ljning med 22 justerbara vattenstr\u00e5lar. Enkelt...\" \/>\n<meta property=\"og:url\" content=\"https:\/\/truusk.store\/sv\/produkt\/truusk-utomhusdusch-justerbart-fot-aluminium-fontanhojd-4-m-70-x-55-cm-trautseende-vaderbestandig-campingdusch\/\" \/>\n<meta property=\"og:site_name\" content=\"TRUUSK - Hem, Tr\u00e4dg\u00e5rd &amp; Fritid\" \/>\n<meta property=\"article:modified_time\" content=\"2026-03-12T07:44:08+00:00\" \/>\n<meta property=\"og:image\" content=\"https:\/\/i0.wp.com\/truusk.se\/wp-content\/uploads\/2025\/06\/golv-dusch-tradgardsdusch-med-justerbart-fot-hjul-aluminium-utomhusdusch-upp-till-4-m-fontanhojd-70-x-55-cm-bastudusch-trautseende-halkfri-vaderbestandig-utomhus-campingdusch-for-pool-bastu-1.webp?fit=2000%2C2000&ssl=1\" \/>\n\t<meta property=\"og:image:width\" content=\"2000\" \/>\n\t<meta property=\"og:image:height\" content=\"2000\" \/>\n\t<meta property=\"og:image:type\" content=\"image\/webp\" \/>\n<meta name=\"twitter:card\" content=\"summary_large_image\" \/>\n<meta name=\"twitter:label1\" content=\"Ber\u00e4knad l\u00e4stid\" \/>\n\t<meta name=\"twitter:data1\" content=\"1 minut\" \/>\n<!-- \/ Yoast SEO plugin. -->","yoast_head_json":{"title":"TRUUSK Utomhusdusch - Justerbart Fot - Aluminium - Font\u00e4nh\u00f6jd 4 m - 70 x 55 cm - Tr\u00e4utseende - V\u00e4derbest\u00e4ndig - Campingdusch - TRUUSK - Hem, Tr\u00e4dg\u00e5rd &amp; Fritid","robots":{"index":"index","follow":"follow","max-snippet":"max-snippet:-1","max-image-preview":"max-image-preview:large","max-video-preview":"max-video-preview:-1"},"canonical":"https:\/\/truusk.store\/sv\/produkt\/truusk-utomhusdusch-justerbart-fot-aluminium-fontanhojd-4-m-70-x-55-cm-trautseende-vaderbestandig-campingdusch\/","og_locale":"sv_SE","og_type":"article","og_title":"TRUUSK Utomhusdusch - Justerbart Fot - Aluminium - Font\u00e4nh\u00f6jd 4 m - 70 x 55 cm - Tr\u00e4utseende - V\u00e4derbest\u00e4ndig - Campingdusch - TRUUSK - Hem, Tr\u00e4dg\u00e5rd &amp; Fritid","og_description":"F\u00f6rfriska dig p\u00e5 sommaren med denna b\u00e4rbara utomhusdusch. V\u00e4lj mellan l\u00e4tt spray och intensiv sk\u00f6ljning med 22 justerbara vattenstr\u00e5lar. Enkelt...","og_url":"https:\/\/truusk.store\/sv\/produkt\/truusk-utomhusdusch-justerbart-fot-aluminium-fontanhojd-4-m-70-x-55-cm-trautseende-vaderbestandig-campingdusch\/","og_site_name":"TRUUSK - Hem, Tr\u00e4dg\u00e5rd &amp; Fritid","article_modified_time":"2026-03-12T07:44:08+00:00","og_image":[{"width":2000,"height":2000,"url":"https:\/\/i0.wp.com\/truusk.se\/wp-content\/uploads\/2025\/06\/golv-dusch-tradgardsdusch-med-justerbart-fot-hjul-aluminium-utomhusdusch-upp-till-4-m-fontanhojd-70-x-55-cm-bastudusch-trautseende-halkfri-vaderbestandig-utomhus-campingdusch-for-pool-bastu-1.webp?fit=2000%2C2000&ssl=1","type":"image\/webp"}],"twitter_card":"summary_large_image","twitter_misc":{"Ber\u00e4knad l\u00e4stid":"1 minut"},"schema":{"@context":"https:\/\/schema.org","@graph":[{"@type":"WebPage","@id":"https:\/\/truusk.store\/sv\/produkt\/truusk-utomhusdusch-justerbart-fot-aluminium-fontanhojd-4-m-70-x-55-cm-trautseende-vaderbestandig-campingdusch\/","url":"https:\/\/truusk.store\/sv\/produkt\/truusk-utomhusdusch-justerbart-fot-aluminium-fontanhojd-4-m-70-x-55-cm-trautseende-vaderbestandig-campingdusch\/","name":"TRUUSK Utomhusdusch - Justerbart Fot - Aluminium - Font\u00e4nh\u00f6jd 4 m - 70 x 55 cm - Tr\u00e4utseende - V\u00e4derbest\u00e4ndig - Campingdusch - TRUUSK - Hem, Tr\u00e4dg\u00e5rd &amp; Fritid","isPartOf":{"@id":"https:\/\/truusk.store\/sv\/#website"},"primaryImageOfPage":{"@id":"https:\/\/truusk.store\/sv\/produkt\/truusk-utomhusdusch-justerbart-fot-aluminium-fontanhojd-4-m-70-x-55-cm-trautseende-vaderbestandig-campingdusch\/#primaryimage"},"image":{"@id":"https:\/\/truusk.store\/sv\/produkt\/truusk-utomhusdusch-justerbart-fot-aluminium-fontanhojd-4-m-70-x-55-cm-trautseende-vaderbestandig-campingdusch\/#primaryimage"},"thumbnailUrl":"https:\/\/i0.wp.com\/truusk.store\/wp-content\/uploads\/2025\/06\/golv-dusch-tradgardsdusch-med-justerbart-fot-hjul-aluminium-utomhusdusch-upp-till-4-m-fontanhojd-70-x-55-cm-bastudusch-trautseende-halkfri-vaderbestandig-utomhus-campingdusch-for-pool-bastu-1.webp?fit=2000%2C2000&ssl=1","datePublished":"2025-06-10T04:20:17+00:00","dateModified":"2026-03-12T07:44:08+00:00","breadcrumb":{"@id":"https:\/\/truusk.store\/sv\/produkt\/truusk-utomhusdusch-justerbart-fot-aluminium-fontanhojd-4-m-70-x-55-cm-trautseende-vaderbestandig-campingdusch\/#breadcrumb"},"inLanguage":"sv-SE","potentialAction":[{"@type":"ReadAction","target":["https:\/\/truusk.store\/sv\/produkt\/truusk-utomhusdusch-justerbart-fot-aluminium-fontanhojd-4-m-70-x-55-cm-trautseende-vaderbestandig-campingdusch\/"]}]},{"@type":"ImageObject","inLanguage":"sv-SE","@id":"https:\/\/truusk.store\/sv\/produkt\/truusk-utomhusdusch-justerbart-fot-aluminium-fontanhojd-4-m-70-x-55-cm-trautseende-vaderbestandig-campingdusch\/#primaryimage","url":"https:\/\/i0.wp.com\/truusk.store\/wp-content\/uploads\/2025\/06\/golv-dusch-tradgardsdusch-med-justerbart-fot-hjul-aluminium-utomhusdusch-upp-till-4-m-fontanhojd-70-x-55-cm-bastudusch-trautseende-halkfri-vaderbestandig-utomhus-campingdusch-for-pool-bastu-1.webp?fit=2000%2C2000&ssl=1","contentUrl":"https:\/\/i0.wp.com\/truusk.store\/wp-content\/uploads\/2025\/06\/golv-dusch-tradgardsdusch-med-justerbart-fot-hjul-aluminium-utomhusdusch-upp-till-4-m-fontanhojd-70-x-55-cm-bastudusch-trautseende-halkfri-vaderbestandig-utomhus-campingdusch-for-pool-bastu-1.webp?fit=2000%2C2000&ssl=1","width":2000,"height":2000},{"@type":"BreadcrumbList","@id":"https:\/\/truusk.store\/sv\/produkt\/truusk-utomhusdusch-justerbart-fot-aluminium-fontanhojd-4-m-70-x-55-cm-trautseende-vaderbestandig-campingdusch\/#breadcrumb","itemListElement":[{"@type":"ListItem","position":1,"name":"Home","item":"https:\/\/truusk.store\/sv\/"},{"@type":"ListItem","position":2,"name":"Shop","item":"https:\/\/truusk.store\/shop\/"},{"@type":"ListItem","position":3,"name":"TRUUSK Utomhusdusch &#8211; Justerbart Fot &#8211; Aluminium &#8211; Font\u00e4nh\u00f6jd 4 m &#8211; 70 x 55 cm &#8211; Tr\u00e4utseende &#8211; V\u00e4derbest\u00e4ndig &#8211; Campingdusch &#8211;"}]},{"@type":"WebSite","@id":"https:\/\/truusk.store\/sv\/#website","url":"https:\/\/truusk.store\/sv\/","name":"TRUUSK - Hem, Tr\u00e4dg\u00e5rd & Fritid","description":"","publisher":{"@id":"https:\/\/truusk.store\/sv\/#organization"},"potentialAction":[{"@type":"SearchAction","target":{"@type":"EntryPoint","urlTemplate":"https:\/\/truusk.store\/sv\/?s={search_term_string}"},"query-input":{"@type":"PropertyValueSpecification","valueRequired":true,"valueName":"search_term_string"}}],"inLanguage":"sv-SE"},{"@type":"Organization","@id":"https:\/\/truusk.store\/sv\/#organization","name":"TRUUSK - Hem, Tr\u00e4dg\u00e5rd & Fritid","url":"https:\/\/truusk.store\/sv\/","logo":{"@type":"ImageObject","inLanguage":"sv-SE","@id":"https:\/\/truusk.store\/sv\/#\/schema\/logo\/image\/","url":"https:\/\/i0.wp.com\/truusk.store\/wp-content\/uploads\/2026\/03\/cropped-TRUUSK.png?fit=2032%2C917&ssl=1","contentUrl":"https:\/\/i0.wp.com\/truusk.store\/wp-content\/uploads\/2026\/03\/cropped-TRUUSK.png?fit=2032%2C917&ssl=1","width":2032,"height":917,"caption":"TRUUSK - Hem, Tr\u00e4dg\u00e5rd & Fritid"},"image":{"@id":"https:\/\/truusk.store\/sv\/#\/schema\/logo\/image\/"}}]}},"jetpack_sharing_enabled":true,"_links":{"self":[{"href":"https:\/\/truusk.store\/sv\/wp-json\/wp\/v2\/product\/78658","targetHints":{"allow":["GET"]}}],"collection":[{"href":"https:\/\/truusk.store\/sv\/wp-json\/wp\/v2\/product"}],"about":[{"href":"https:\/\/truusk.store\/sv\/wp-json\/wp\/v2\/types\/product"}],"wp:featuredmedia":[{"embeddable":true,"href":"https:\/\/truusk.store\/sv\/wp-json\/wp\/v2\/media\/78652"}],"wp:attachment":[{"href":"https:\/\/truusk.store\/sv\/wp-json\/wp\/v2\/media?parent=78658"}],"wp:term":[{"taxonomy":"product_brand","embeddable":true,"href":"https:\/\/truusk.store\/sv\/wp-json\/wp\/v2\/product_brand?post=78658"},{"taxonomy":"product_cat","embeddable":true,"href":"https:\/\/truusk.store\/sv\/wp-json\/wp\/v2\/product_cat?post=78658"},{"taxonomy":"product_tag","embeddable":true,"href":"https:\/\/truusk.store\/sv\/wp-json\/wp\/v2\/product_tag?post=78658"}],"curies":[{"name":"wp","href":"https:\/\/api.w.org\/{rel}","templated":true}]}}