{"id":7866,"date":"2024-02-13T09:02:43","date_gmt":"2024-02-13T08:02:43","guid":{"rendered":"https:\/\/truusk.store\/product\/2-delat-set-med-pafartsramp-troskelramp-trottoarramp-gummiramper-3t-pp-svart-70-x-195-x-78-cm\/"},"modified":"2026-03-12T08:55:39","modified_gmt":"2026-03-12T07:55:39","slug":"truusk-rampset-2-delad-med-pafartsramp-troskelramp-och-trottoarramp-for-hundar-och-katter-upp-till-10-kg-svart-70-x-195","status":"publish","type":"product","link":"https:\/\/truusk.store\/sv\/produkt\/truusk-rampset-2-delad-med-pafartsramp-troskelramp-och-trottoarramp-for-hundar-och-katter-upp-till-10-kg-svart-70-x-195\/","title":{"rendered":"TRUUSK Rampset &#8211; 2-delad med p\u00e5fartsramp, tr\u00f6skelramp och trottoarramp &#8211; F\u00f6r hundar och katter upp till 10 kg &#8211; Svart &#8211; 70 x 19,5"},"content":{"rendered":"<p>Har du n\u00e5gonsin blivit irriterad n\u00e4r en bils d\u00e4ck buktar och repar chassit? V\u00e5ra plastramper eliminerar dessa sv\u00e5righeter och r\u00e4dslor f\u00f6r dig. Set i 2 delar, de kan anv\u00e4ndas p\u00e5 fyrkantiga trappsteg, trottoarkanter eller garagetrappor. PP-materialet med h\u00f6g densitet, r\u00e4tt h\u00f6jd, r\u00e4t vinkel och s\u00e4ker halkfri textur g\u00f6r din bil s\u00e4krare uppf\u00f6r.<\/p>\n<h3>Beskrivning:<\/h3>\n<ul>\n<li>B\u00e5da plastramperna \u00e4r gjorda av h\u00f6gkvalitativt PP och r\u00f6r sig inte under anv\u00e4ndning<\/li>\n<li>Ytan p\u00e5 b\u00e5da plastramperna har en halkfri struktur som \u00f6kar friktionen mellan d\u00e4ck och ramper f\u00f6r \u00f6kad s\u00e4kerhet<\/li>\n<li>Med en upps\u00e4ttning plastramper kan det dagliga bilunderh\u00e5llet bli enklare, du beh\u00f6ver inte g\u00e5 till 4S verkstad eller garage f\u00f6r att byta olja<\/li>\n<li>De v\u00e4ger upp till 3000 kg s\u00e5 att stora fordon kan k\u00f6ras s\u00e4kert<\/li>\n<li>Den \u00e4r perfekt f\u00f6r flera scener och milj\u00f6er, du beh\u00f6ver inte oroa dig f\u00f6r v\u00e4dret<\/li>\n<\/ul>\n<h3>Teknisk data:<\/h3>\n<ul>\n<li>Svart f\u00e4rg<\/li>\n<li>Material: PP<\/li>\n<li>Lastkapacitet: 3000 kg<\/li>\n<li>\u00d6vergripande m\u00e5tt: 70L x 19,5W x 7,8H cm<\/li>\n<\/ul>\n<h3>Leveransens omfattning:<\/h3>\n<ul>\n<li>2 x p\u00e5fartsramp<\/li>\n<li>1 x bruksanvisning<\/li>\n<\/ul>\n","protected":false},"excerpt":{"rendered":"<p>Har du n\u00e5gonsin blivit irriterad n\u00e4r en bils d\u00e4ck buktar och repar chassit? V\u00e5ra plastramper eliminerar dessa sv\u00e5righeter och r\u00e4dslor&#8230;<\/p>\n","protected":false},"featured_media":7867,"template":"","meta":[],"product_brand":[],"product_cat":[684,671],"product_tag":[],"class_list":{"0":"post-7866","1":"product","2":"type-product","3":"status-publish","4":"has-post-thumbnail","6":"product_cat-biltillbehor","7":"product_cat-jarnaffar","9":"first","10":"instock","11":"sale","12":"taxable","13":"shipping-taxable","14":"purchasable","15":"product-type-simple"},"yoast_head":"<!-- This site is optimized with the Yoast SEO plugin v25.4 - https:\/\/yoast.com\/wordpress\/plugins\/seo\/ -->\n<title>TRUUSK Rampset - 2-delad med p\u00e5fartsramp, tr\u00f6skelramp och trottoarramp - F\u00f6r hundar och katter upp till 10 kg - Svart - 70 x 19,5 - TRUUSK - Hem, Tr\u00e4dg\u00e5rd &amp; Fritid<\/title>\n<meta name=\"robots\" content=\"index, follow, max-snippet:-1, max-image-preview:large, max-video-preview:-1\" \/>\n<link rel=\"canonical\" href=\"https:\/\/truusk.store\/sv\/produkt\/truusk-rampset-2-delad-med-pafartsramp-troskelramp-och-trottoarramp-for-hundar-och-katter-upp-till-10-kg-svart-70-x-195\/\" \/>\n<meta property=\"og:locale\" content=\"sv_SE\" \/>\n<meta property=\"og:type\" content=\"article\" \/>\n<meta property=\"og:title\" content=\"TRUUSK Rampset - 2-delad med p\u00e5fartsramp, tr\u00f6skelramp och trottoarramp - F\u00f6r hundar och katter upp till 10 kg - Svart - 70 x 19,5 - TRUUSK - Hem, Tr\u00e4dg\u00e5rd &amp; Fritid\" \/>\n<meta property=\"og:description\" content=\"Har du n\u00e5gonsin blivit irriterad n\u00e4r en bils d\u00e4ck buktar och repar chassit? V\u00e5ra plastramper eliminerar dessa sv\u00e5righeter och r\u00e4dslor...\" \/>\n<meta property=\"og:url\" content=\"https:\/\/truusk.store\/sv\/produkt\/truusk-rampset-2-delad-med-pafartsramp-troskelramp-och-trottoarramp-for-hundar-och-katter-upp-till-10-kg-svart-70-x-195\/\" \/>\n<meta property=\"og:site_name\" content=\"TRUUSK - Hem, Tr\u00e4dg\u00e5rd &amp; Fritid\" \/>\n<meta property=\"article:modified_time\" content=\"2026-03-12T07:55:39+00:00\" \/>\n<meta property=\"og:image\" content=\"https:\/\/i0.wp.com\/truusk.se\/wp-content\/uploads\/2024\/02\/2-delat-set-med-pafartsramp-troskelramp-trottoarramp-gummiramper-3t-pp-svart-70-x-195-x-78-cm.webp?fit=800%2C800&ssl=1\" \/>\n\t<meta property=\"og:image:width\" content=\"800\" \/>\n\t<meta property=\"og:image:height\" content=\"800\" \/>\n\t<meta property=\"og:image:type\" content=\"image\/webp\" \/>\n<meta name=\"twitter:card\" content=\"summary_large_image\" \/>\n<meta name=\"twitter:label1\" content=\"Ber\u00e4knad l\u00e4stid\" \/>\n\t<meta name=\"twitter:data1\" content=\"1 minut\" \/>\n<!-- \/ Yoast SEO plugin. -->","yoast_head_json":{"title":"TRUUSK Rampset - 2-delad med p\u00e5fartsramp, tr\u00f6skelramp och trottoarramp - F\u00f6r hundar och katter upp till 10 kg - Svart - 70 x 19,5 - TRUUSK - Hem, Tr\u00e4dg\u00e5rd &amp; Fritid","robots":{"index":"index","follow":"follow","max-snippet":"max-snippet:-1","max-image-preview":"max-image-preview:large","max-video-preview":"max-video-preview:-1"},"canonical":"https:\/\/truusk.store\/sv\/produkt\/truusk-rampset-2-delad-med-pafartsramp-troskelramp-och-trottoarramp-for-hundar-och-katter-upp-till-10-kg-svart-70-x-195\/","og_locale":"sv_SE","og_type":"article","og_title":"TRUUSK Rampset - 2-delad med p\u00e5fartsramp, tr\u00f6skelramp och trottoarramp - F\u00f6r hundar och katter upp till 10 kg - Svart - 70 x 19,5 - TRUUSK - Hem, Tr\u00e4dg\u00e5rd &amp; Fritid","og_description":"Har du n\u00e5gonsin blivit irriterad n\u00e4r en bils d\u00e4ck buktar och repar chassit? V\u00e5ra plastramper eliminerar dessa sv\u00e5righeter och r\u00e4dslor...","og_url":"https:\/\/truusk.store\/sv\/produkt\/truusk-rampset-2-delad-med-pafartsramp-troskelramp-och-trottoarramp-for-hundar-och-katter-upp-till-10-kg-svart-70-x-195\/","og_site_name":"TRUUSK - Hem, Tr\u00e4dg\u00e5rd &amp; Fritid","article_modified_time":"2026-03-12T07:55:39+00:00","og_image":[{"width":800,"height":800,"url":"https:\/\/i0.wp.com\/truusk.se\/wp-content\/uploads\/2024\/02\/2-delat-set-med-pafartsramp-troskelramp-trottoarramp-gummiramper-3t-pp-svart-70-x-195-x-78-cm.webp?fit=800%2C800&ssl=1","type":"image\/webp"}],"twitter_card":"summary_large_image","twitter_misc":{"Ber\u00e4knad l\u00e4stid":"1 minut"},"schema":{"@context":"https:\/\/schema.org","@graph":[{"@type":"WebPage","@id":"https:\/\/truusk.store\/sv\/produkt\/truusk-rampset-2-delad-med-pafartsramp-troskelramp-och-trottoarramp-for-hundar-och-katter-upp-till-10-kg-svart-70-x-195\/","url":"https:\/\/truusk.store\/sv\/produkt\/truusk-rampset-2-delad-med-pafartsramp-troskelramp-och-trottoarramp-for-hundar-och-katter-upp-till-10-kg-svart-70-x-195\/","name":"TRUUSK Rampset - 2-delad med p\u00e5fartsramp, tr\u00f6skelramp och trottoarramp - F\u00f6r hundar och katter upp till 10 kg - Svart - 70 x 19,5 - TRUUSK - Hem, Tr\u00e4dg\u00e5rd &amp; Fritid","isPartOf":{"@id":"https:\/\/truusk.store\/sv\/#website"},"primaryImageOfPage":{"@id":"https:\/\/truusk.store\/sv\/produkt\/truusk-rampset-2-delad-med-pafartsramp-troskelramp-och-trottoarramp-for-hundar-och-katter-upp-till-10-kg-svart-70-x-195\/#primaryimage"},"image":{"@id":"https:\/\/truusk.store\/sv\/produkt\/truusk-rampset-2-delad-med-pafartsramp-troskelramp-och-trottoarramp-for-hundar-och-katter-upp-till-10-kg-svart-70-x-195\/#primaryimage"},"thumbnailUrl":"https:\/\/i0.wp.com\/truusk.store\/wp-content\/uploads\/2024\/02\/2-delat-set-med-pafartsramp-troskelramp-trottoarramp-gummiramper-3t-pp-svart-70-x-195-x-78-cm.webp?fit=800%2C800&ssl=1","datePublished":"2024-02-13T08:02:43+00:00","dateModified":"2026-03-12T07:55:39+00:00","breadcrumb":{"@id":"https:\/\/truusk.store\/sv\/produkt\/truusk-rampset-2-delad-med-pafartsramp-troskelramp-och-trottoarramp-for-hundar-och-katter-upp-till-10-kg-svart-70-x-195\/#breadcrumb"},"inLanguage":"sv-SE","potentialAction":[{"@type":"ReadAction","target":["https:\/\/truusk.store\/sv\/produkt\/truusk-rampset-2-delad-med-pafartsramp-troskelramp-och-trottoarramp-for-hundar-och-katter-upp-till-10-kg-svart-70-x-195\/"]}]},{"@type":"ImageObject","inLanguage":"sv-SE","@id":"https:\/\/truusk.store\/sv\/produkt\/truusk-rampset-2-delad-med-pafartsramp-troskelramp-och-trottoarramp-for-hundar-och-katter-upp-till-10-kg-svart-70-x-195\/#primaryimage","url":"https:\/\/i0.wp.com\/truusk.store\/wp-content\/uploads\/2024\/02\/2-delat-set-med-pafartsramp-troskelramp-trottoarramp-gummiramper-3t-pp-svart-70-x-195-x-78-cm.webp?fit=800%2C800&ssl=1","contentUrl":"https:\/\/i0.wp.com\/truusk.store\/wp-content\/uploads\/2024\/02\/2-delat-set-med-pafartsramp-troskelramp-trottoarramp-gummiramper-3t-pp-svart-70-x-195-x-78-cm.webp?fit=800%2C800&ssl=1","width":800,"height":800,"caption":"2-delat Set Med P\u00e5fartsramp, Tr\u00f6skelramp, Trottoarramp, Gummiramper 3T PP Svart 70 X 19,5 X 7,8 Cm 1"},{"@type":"BreadcrumbList","@id":"https:\/\/truusk.store\/sv\/produkt\/truusk-rampset-2-delad-med-pafartsramp-troskelramp-och-trottoarramp-for-hundar-och-katter-upp-till-10-kg-svart-70-x-195\/#breadcrumb","itemListElement":[{"@type":"ListItem","position":1,"name":"Home","item":"https:\/\/truusk.store\/sv\/"},{"@type":"ListItem","position":2,"name":"Shop","item":"https:\/\/truusk.store\/shop\/"},{"@type":"ListItem","position":3,"name":"TRUUSK Rampset &#8211; 2-delad med p\u00e5fartsramp, tr\u00f6skelramp och trottoarramp &#8211; F\u00f6r hundar och katter upp till 10 kg &#8211; Svart &#8211; 70 x 19,5"}]},{"@type":"WebSite","@id":"https:\/\/truusk.store\/sv\/#website","url":"https:\/\/truusk.store\/sv\/","name":"TRUUSK - Hem, Tr\u00e4dg\u00e5rd & Fritid","description":"","publisher":{"@id":"https:\/\/truusk.store\/sv\/#organization"},"potentialAction":[{"@type":"SearchAction","target":{"@type":"EntryPoint","urlTemplate":"https:\/\/truusk.store\/sv\/?s={search_term_string}"},"query-input":{"@type":"PropertyValueSpecification","valueRequired":true,"valueName":"search_term_string"}}],"inLanguage":"sv-SE"},{"@type":"Organization","@id":"https:\/\/truusk.store\/sv\/#organization","name":"TRUUSK - Hem, Tr\u00e4dg\u00e5rd & Fritid","url":"https:\/\/truusk.store\/sv\/","logo":{"@type":"ImageObject","inLanguage":"sv-SE","@id":"https:\/\/truusk.store\/sv\/#\/schema\/logo\/image\/","url":"https:\/\/i0.wp.com\/truusk.store\/wp-content\/uploads\/2026\/03\/cropped-TRUUSK.png?fit=2032%2C917&ssl=1","contentUrl":"https:\/\/i0.wp.com\/truusk.store\/wp-content\/uploads\/2026\/03\/cropped-TRUUSK.png?fit=2032%2C917&ssl=1","width":2032,"height":917,"caption":"TRUUSK - Hem, Tr\u00e4dg\u00e5rd & Fritid"},"image":{"@id":"https:\/\/truusk.store\/sv\/#\/schema\/logo\/image\/"}}]}},"jetpack_sharing_enabled":true,"_links":{"self":[{"href":"https:\/\/truusk.store\/sv\/wp-json\/wp\/v2\/product\/7866","targetHints":{"allow":["GET"]}}],"collection":[{"href":"https:\/\/truusk.store\/sv\/wp-json\/wp\/v2\/product"}],"about":[{"href":"https:\/\/truusk.store\/sv\/wp-json\/wp\/v2\/types\/product"}],"wp:featuredmedia":[{"embeddable":true,"href":"https:\/\/truusk.store\/sv\/wp-json\/wp\/v2\/media\/7867"}],"wp:attachment":[{"href":"https:\/\/truusk.store\/sv\/wp-json\/wp\/v2\/media?parent=7866"}],"wp:term":[{"taxonomy":"product_brand","embeddable":true,"href":"https:\/\/truusk.store\/sv\/wp-json\/wp\/v2\/product_brand?post=7866"},{"taxonomy":"product_cat","embeddable":true,"href":"https:\/\/truusk.store\/sv\/wp-json\/wp\/v2\/product_cat?post=7866"},{"taxonomy":"product_tag","embeddable":true,"href":"https:\/\/truusk.store\/sv\/wp-json\/wp\/v2\/product_tag?post=7866"}],"curies":[{"name":"wp","href":"https:\/\/api.w.org\/{rel}","templated":true}]}}