{"id":78669,"date":"2025-06-10T05:21:51","date_gmt":"2025-06-10T04:21:51","guid":{"rendered":"https:\/\/truusk.store\/product\/barstolar-2-pack-barstol-med-ryggstod-och-fotstod-koksstolar-med-stalben-for-kok-vardagsrum-matsal-natur\/"},"modified":"2026-03-12T08:44:14","modified_gmt":"2026-03-12T07:44:14","slug":"truusk-2-pack-barstolar-med-ryggstod-och-fotstod-stilrena-koksstolar-med-stalben-for-kok-vardagsrum-matsal-naturlig-look","status":"publish","type":"product","link":"https:\/\/truusk.store\/sv\/produkt\/truusk-2-pack-barstolar-med-ryggstod-och-fotstod-stilrena-koksstolar-med-stalben-for-kok-vardagsrum-matsal-naturlig-look\/","title":{"rendered":"TRUUSK 2-pack Barstolar med Ryggst\u00f6d och Fotst\u00f6d &#8211; Stilrena K\u00f6ksstolar med St\u00e5lben &#8211; F\u00f6r K\u00f6k, Vardagsrum, Matsal &#8211; Naturlig Look"},"content":{"rendered":"<p>Ge ditt k\u00f6k eller hembar en ny glans med TRUUSK barstolset i bardiskh\u00f6jd. Dessa stolar med sittplatser och ryggst\u00f6d i naturligt tr\u00e4utseende samt st\u00e5lbens och en slank svart ram utstr\u00e5lar nordisk charm. De passar b\u00e5de till modern och klassisk inredning och ger varje rum en varaktig stil. Idealisk f\u00f6r g\u00e4stmottagningar eller avslappnade m\u00e5ltider, lyfter v\u00e5ra k\u00f6ksstolar st\u00e4mningen<\/p>\n<p>Beskrivning:<\/p>\n<ul>\n<li> B\u00f6jd sittplats och ryggst\u00f6d p\u00e5 barstolen f\u00f6r estetik och komfort<\/li>\n<li> Pulverlackerad st\u00e5lram och oljem\u00e5lad flerskiktsbr\u00e4da ger stabil st\u00f6d<\/li>\n<li> Justerbara fotdynor p\u00e5 bardiskstolen anpassar sig till oj\u00e4mna ytor f\u00f6r att s\u00e4kerst\u00e4lla stabilitet<\/li>\n<li> Bekv\u00e4ma fotst\u00f6d p\u00e5 k\u00f6ksstolen slappnar av dina ben och fr\u00e4mjar en god h\u00e5llning<\/li>\n<li> Armfri design m\u00f6jligg\u00f6r enkel f\u00f6rvaring under bardiskar<\/li>\n<li> Idealisk f\u00f6r hembar, k\u00f6ks\u00f6, matsal och balkong<\/li>\n<li> Enkel montering kr\u00e4vs<\/li>\n<\/ul>\n<p> Tekniska data:<\/p>\n<ul>\n<li> F\u00e4rg: Ljusbrun<\/li>\n<li> Material: St\u00e5l, tr\u00e4komposit<\/li>\n<li> Totala dimensioner: 41B x 47T x 94H cm<\/li>\n<li> Sittstorlek: 41B x 36T x 65H cm<\/li>\n<li> Ryggst\u00f6dsstorlek: 37B x 31H cm<\/li>\n<li> H\u00f6jd p\u00e5 fotst\u00f6d: 22 cm<\/li>\n<li> L\u00e4mplig bardiskh\u00f6jd: 89-99 cm<\/li>\n<li> B\u00e4rkapacitet: 120 kg<\/li>\n<\/ul>\n<p>Leveransinneh\u00e5ll:<\/p>\n<ul>\n<li> 2 x Barstolar<\/li>\n<li> 1 x Bruksanvisning<\/li>\n<\/ul>\n","protected":false},"excerpt":{"rendered":"<p>Ge ditt k\u00f6k eller hembar en ny glans med TRUUSK barstolset i bardiskh\u00f6jd. Dessa stolar med sittplatser och ryggst\u00f6d i&#8230;<\/p>\n","protected":false},"featured_media":78659,"template":"","meta":[],"product_brand":[],"product_cat":[643,871,889],"product_tag":[],"class_list":{"0":"post-78669","1":"product","2":"type-product","3":"status-publish","4":"has-post-thumbnail","6":"product_cat-barnstolar","7":"product_cat-hus-hem","8":"product_cat-kok-matsal","10":"first","11":"instock","12":"sale","13":"taxable","14":"shipping-taxable","15":"purchasable","16":"product-type-simple"},"yoast_head":"<!-- This site is optimized with the Yoast SEO plugin v25.4 - https:\/\/yoast.com\/wordpress\/plugins\/seo\/ -->\n<title>TRUUSK 2-pack Barstolar med Ryggst\u00f6d och Fotst\u00f6d - Stilrena K\u00f6ksstolar med St\u00e5lben - F\u00f6r K\u00f6k, Vardagsrum, Matsal - Naturlig Look - TRUUSK - Hem, Tr\u00e4dg\u00e5rd &amp; Fritid<\/title>\n<meta name=\"robots\" content=\"index, follow, max-snippet:-1, max-image-preview:large, max-video-preview:-1\" \/>\n<link rel=\"canonical\" href=\"https:\/\/truusk.store\/sv\/produkt\/truusk-2-pack-barstolar-med-ryggstod-och-fotstod-stilrena-koksstolar-med-stalben-for-kok-vardagsrum-matsal-naturlig-look\/\" \/>\n<meta property=\"og:locale\" content=\"sv_SE\" \/>\n<meta property=\"og:type\" content=\"article\" \/>\n<meta property=\"og:title\" content=\"TRUUSK 2-pack Barstolar med Ryggst\u00f6d och Fotst\u00f6d - Stilrena K\u00f6ksstolar med St\u00e5lben - F\u00f6r K\u00f6k, Vardagsrum, Matsal - Naturlig Look - TRUUSK - Hem, Tr\u00e4dg\u00e5rd &amp; Fritid\" \/>\n<meta property=\"og:description\" content=\"Ge ditt k\u00f6k eller hembar en ny glans med TRUUSK barstolset i bardiskh\u00f6jd. Dessa stolar med sittplatser och ryggst\u00f6d i...\" \/>\n<meta property=\"og:url\" content=\"https:\/\/truusk.store\/sv\/produkt\/truusk-2-pack-barstolar-med-ryggstod-och-fotstod-stilrena-koksstolar-med-stalben-for-kok-vardagsrum-matsal-naturlig-look\/\" \/>\n<meta property=\"og:site_name\" content=\"TRUUSK - Hem, Tr\u00e4dg\u00e5rd &amp; Fritid\" \/>\n<meta property=\"article:modified_time\" content=\"2026-03-12T07:44:14+00:00\" \/>\n<meta property=\"og:image\" content=\"https:\/\/i0.wp.com\/truusk.se\/wp-content\/uploads\/2025\/06\/barstolar-2-pack-barstol-med-ryggstod-och-fotstod-koksstolar-med-stalben-for-kok-vardagsrum-matsal-natur-1.webp?fit=2000%2C2000&ssl=1\" \/>\n\t<meta property=\"og:image:width\" content=\"2000\" \/>\n\t<meta property=\"og:image:height\" content=\"2000\" \/>\n\t<meta property=\"og:image:type\" content=\"image\/webp\" \/>\n<meta name=\"twitter:card\" content=\"summary_large_image\" \/>\n<meta name=\"twitter:label1\" content=\"Ber\u00e4knad l\u00e4stid\" \/>\n\t<meta name=\"twitter:data1\" content=\"1 minut\" \/>\n<!-- \/ Yoast SEO plugin. -->","yoast_head_json":{"title":"TRUUSK 2-pack Barstolar med Ryggst\u00f6d och Fotst\u00f6d - Stilrena K\u00f6ksstolar med St\u00e5lben - F\u00f6r K\u00f6k, Vardagsrum, Matsal - Naturlig Look - TRUUSK - Hem, Tr\u00e4dg\u00e5rd &amp; Fritid","robots":{"index":"index","follow":"follow","max-snippet":"max-snippet:-1","max-image-preview":"max-image-preview:large","max-video-preview":"max-video-preview:-1"},"canonical":"https:\/\/truusk.store\/sv\/produkt\/truusk-2-pack-barstolar-med-ryggstod-och-fotstod-stilrena-koksstolar-med-stalben-for-kok-vardagsrum-matsal-naturlig-look\/","og_locale":"sv_SE","og_type":"article","og_title":"TRUUSK 2-pack Barstolar med Ryggst\u00f6d och Fotst\u00f6d - Stilrena K\u00f6ksstolar med St\u00e5lben - F\u00f6r K\u00f6k, Vardagsrum, Matsal - Naturlig Look - TRUUSK - Hem, Tr\u00e4dg\u00e5rd &amp; Fritid","og_description":"Ge ditt k\u00f6k eller hembar en ny glans med TRUUSK barstolset i bardiskh\u00f6jd. Dessa stolar med sittplatser och ryggst\u00f6d i...","og_url":"https:\/\/truusk.store\/sv\/produkt\/truusk-2-pack-barstolar-med-ryggstod-och-fotstod-stilrena-koksstolar-med-stalben-for-kok-vardagsrum-matsal-naturlig-look\/","og_site_name":"TRUUSK - Hem, Tr\u00e4dg\u00e5rd &amp; Fritid","article_modified_time":"2026-03-12T07:44:14+00:00","og_image":[{"width":2000,"height":2000,"url":"https:\/\/i0.wp.com\/truusk.se\/wp-content\/uploads\/2025\/06\/barstolar-2-pack-barstol-med-ryggstod-och-fotstod-koksstolar-med-stalben-for-kok-vardagsrum-matsal-natur-1.webp?fit=2000%2C2000&ssl=1","type":"image\/webp"}],"twitter_card":"summary_large_image","twitter_misc":{"Ber\u00e4knad l\u00e4stid":"1 minut"},"schema":{"@context":"https:\/\/schema.org","@graph":[{"@type":"WebPage","@id":"https:\/\/truusk.store\/sv\/produkt\/truusk-2-pack-barstolar-med-ryggstod-och-fotstod-stilrena-koksstolar-med-stalben-for-kok-vardagsrum-matsal-naturlig-look\/","url":"https:\/\/truusk.store\/sv\/produkt\/truusk-2-pack-barstolar-med-ryggstod-och-fotstod-stilrena-koksstolar-med-stalben-for-kok-vardagsrum-matsal-naturlig-look\/","name":"TRUUSK 2-pack Barstolar med Ryggst\u00f6d och Fotst\u00f6d - Stilrena K\u00f6ksstolar med St\u00e5lben - F\u00f6r K\u00f6k, Vardagsrum, Matsal - Naturlig Look - TRUUSK - Hem, Tr\u00e4dg\u00e5rd &amp; Fritid","isPartOf":{"@id":"https:\/\/truusk.store\/sv\/#website"},"primaryImageOfPage":{"@id":"https:\/\/truusk.store\/sv\/produkt\/truusk-2-pack-barstolar-med-ryggstod-och-fotstod-stilrena-koksstolar-med-stalben-for-kok-vardagsrum-matsal-naturlig-look\/#primaryimage"},"image":{"@id":"https:\/\/truusk.store\/sv\/produkt\/truusk-2-pack-barstolar-med-ryggstod-och-fotstod-stilrena-koksstolar-med-stalben-for-kok-vardagsrum-matsal-naturlig-look\/#primaryimage"},"thumbnailUrl":"https:\/\/i0.wp.com\/truusk.store\/wp-content\/uploads\/2025\/06\/barstolar-2-pack-barstol-med-ryggstod-och-fotstod-koksstolar-med-stalben-for-kok-vardagsrum-matsal-natur-1.webp?fit=2000%2C2000&ssl=1","datePublished":"2025-06-10T04:21:51+00:00","dateModified":"2026-03-12T07:44:14+00:00","breadcrumb":{"@id":"https:\/\/truusk.store\/sv\/produkt\/truusk-2-pack-barstolar-med-ryggstod-och-fotstod-stilrena-koksstolar-med-stalben-for-kok-vardagsrum-matsal-naturlig-look\/#breadcrumb"},"inLanguage":"sv-SE","potentialAction":[{"@type":"ReadAction","target":["https:\/\/truusk.store\/sv\/produkt\/truusk-2-pack-barstolar-med-ryggstod-och-fotstod-stilrena-koksstolar-med-stalben-for-kok-vardagsrum-matsal-naturlig-look\/"]}]},{"@type":"ImageObject","inLanguage":"sv-SE","@id":"https:\/\/truusk.store\/sv\/produkt\/truusk-2-pack-barstolar-med-ryggstod-och-fotstod-stilrena-koksstolar-med-stalben-for-kok-vardagsrum-matsal-naturlig-look\/#primaryimage","url":"https:\/\/i0.wp.com\/truusk.store\/wp-content\/uploads\/2025\/06\/barstolar-2-pack-barstol-med-ryggstod-och-fotstod-koksstolar-med-stalben-for-kok-vardagsrum-matsal-natur-1.webp?fit=2000%2C2000&ssl=1","contentUrl":"https:\/\/i0.wp.com\/truusk.store\/wp-content\/uploads\/2025\/06\/barstolar-2-pack-barstol-med-ryggstod-och-fotstod-koksstolar-med-stalben-for-kok-vardagsrum-matsal-natur-1.webp?fit=2000%2C2000&ssl=1","width":2000,"height":2000},{"@type":"BreadcrumbList","@id":"https:\/\/truusk.store\/sv\/produkt\/truusk-2-pack-barstolar-med-ryggstod-och-fotstod-stilrena-koksstolar-med-stalben-for-kok-vardagsrum-matsal-naturlig-look\/#breadcrumb","itemListElement":[{"@type":"ListItem","position":1,"name":"Home","item":"https:\/\/truusk.store\/sv\/"},{"@type":"ListItem","position":2,"name":"Shop","item":"https:\/\/truusk.store\/shop\/"},{"@type":"ListItem","position":3,"name":"TRUUSK 2-pack Barstolar med Ryggst\u00f6d och Fotst\u00f6d &#8211; Stilrena K\u00f6ksstolar med St\u00e5lben &#8211; F\u00f6r K\u00f6k, Vardagsrum, Matsal &#8211; Naturlig Look"}]},{"@type":"WebSite","@id":"https:\/\/truusk.store\/sv\/#website","url":"https:\/\/truusk.store\/sv\/","name":"TRUUSK - Hem, Tr\u00e4dg\u00e5rd & Fritid","description":"","publisher":{"@id":"https:\/\/truusk.store\/sv\/#organization"},"potentialAction":[{"@type":"SearchAction","target":{"@type":"EntryPoint","urlTemplate":"https:\/\/truusk.store\/sv\/?s={search_term_string}"},"query-input":{"@type":"PropertyValueSpecification","valueRequired":true,"valueName":"search_term_string"}}],"inLanguage":"sv-SE"},{"@type":"Organization","@id":"https:\/\/truusk.store\/sv\/#organization","name":"TRUUSK - Hem, Tr\u00e4dg\u00e5rd & Fritid","url":"https:\/\/truusk.store\/sv\/","logo":{"@type":"ImageObject","inLanguage":"sv-SE","@id":"https:\/\/truusk.store\/sv\/#\/schema\/logo\/image\/","url":"https:\/\/i0.wp.com\/truusk.store\/wp-content\/uploads\/2026\/03\/cropped-TRUUSK.png?fit=2032%2C917&ssl=1","contentUrl":"https:\/\/i0.wp.com\/truusk.store\/wp-content\/uploads\/2026\/03\/cropped-TRUUSK.png?fit=2032%2C917&ssl=1","width":2032,"height":917,"caption":"TRUUSK - Hem, Tr\u00e4dg\u00e5rd & Fritid"},"image":{"@id":"https:\/\/truusk.store\/sv\/#\/schema\/logo\/image\/"}}]}},"jetpack_sharing_enabled":true,"_links":{"self":[{"href":"https:\/\/truusk.store\/sv\/wp-json\/wp\/v2\/product\/78669","targetHints":{"allow":["GET"]}}],"collection":[{"href":"https:\/\/truusk.store\/sv\/wp-json\/wp\/v2\/product"}],"about":[{"href":"https:\/\/truusk.store\/sv\/wp-json\/wp\/v2\/types\/product"}],"wp:featuredmedia":[{"embeddable":true,"href":"https:\/\/truusk.store\/sv\/wp-json\/wp\/v2\/media\/78659"}],"wp:attachment":[{"href":"https:\/\/truusk.store\/sv\/wp-json\/wp\/v2\/media?parent=78669"}],"wp:term":[{"taxonomy":"product_brand","embeddable":true,"href":"https:\/\/truusk.store\/sv\/wp-json\/wp\/v2\/product_brand?post=78669"},{"taxonomy":"product_cat","embeddable":true,"href":"https:\/\/truusk.store\/sv\/wp-json\/wp\/v2\/product_cat?post=78669"},{"taxonomy":"product_tag","embeddable":true,"href":"https:\/\/truusk.store\/sv\/wp-json\/wp\/v2\/product_tag?post=78669"}],"curies":[{"name":"wp","href":"https:\/\/api.w.org\/{rel}","templated":true}]}}