{"id":78678,"date":"2025-06-10T05:22:37","date_gmt":"2025-06-10T04:22:37","guid":{"rendered":"https:\/\/truusk.store\/product\/aiyaplay-barns-glidbil-barnfordon-med-forvaringsutrymme-barnbil-glidfordon-med-tippskydd-glidare-for-1-3-ar-gamla-barn-gron-58-x-27-x-35-cm\/"},"modified":"2026-03-12T09:33:24","modified_gmt":"2026-03-12T08:33:24","slug":"truusk-barns-glidbil-med-forvaringsutrymme-tippskydd-for-1-3-ar-gamla-barn-gron-58-x-27-x-35-cm","status":"publish","type":"product","link":"https:\/\/truusk.store\/sv\/produkt\/truusk-barns-glidbil-med-forvaringsutrymme-tippskydd-for-1-3-ar-gamla-barn-gron-58-x-27-x-35-cm\/","title":{"rendered":"TRUUSK Barns Glidbil &#8211; Med F\u00f6rvaringsutrymme &#8211; Tippskydd &#8211; F\u00f6r 1-3 \u00c5r Gamla Barn &#8211; Gr\u00f6n &#8211; 58 x 27 x 35 cm"},"content":{"rendered":"<p>Upplev ren spelgl\u00e4dje med v\u00e5r barnrutschbana i snygg vintage-design! Under s\u00e4tet finns ett f\u00f6rvaringsutrymme &#8211; perfekt f\u00f6r att g\u00f6mma snacksboxar, en vattenflaska eller leksaker. S\u00e4kerhet \u00e4r h\u00f6gsta prioritet f\u00f6r denna rutschbil: Ett tippskydd f\u00f6rhindrar att den v\u00e4lter bak\u00e5t. Idealisk f\u00f6r barn fr\u00e5n 12 till 36 m\u00e5nader, blir detta fordon snabbt favoritleksaken. Ge ditt lilla hj\u00e4rta ren k\u00f6rgl\u00e4dje och \u00e4ventyrslust med v\u00e5r sofistikerade rutschbana!<\/p>\n<p>Beskrivning:<\/p>\n<ul>\n<li> F\u00f6rvaringsutrymmet under s\u00e4tet \u00e4r barnets lilla hemliga bas d\u00e4r snacks och leksaker kan f\u00f6rvaras<\/li>\n<li> Har en anordning mot bak\u00e5tv\u00e4ltning f\u00f6r h\u00f6gre s\u00e4kerhet<\/li>\n<li> Ratten med horn \u00e4r mer realistisk och intressant<\/li>\n<li> L\u00e5g markfrig\u00e5ng \u00e4r fantastisk som rutschbana<\/li>\n<li> En bra present f\u00f6r barn att l\u00e4ra sig att g\u00e5 och f\u00f6rb\u00e4ttra balansen<\/li>\n<li> Montering kr\u00e4vs<\/li>\n<\/ul>\n<p> Tekniska data:<\/p>\n<ul>\n<li> F\u00e4rg: Gr\u00f6n+Svart<\/li>\n<li> Material: Plast, Metall<\/li>\n<li> Totala dimensioner: 58L x 27B x 35H cm<\/li>\n<li> Sitsdimensioner: 27B x 20T x 24,5H cm<\/li>\n<li> Inre dimensioner f\u00f6r f\u00f6rvaringsutrymmet: 20,5L x 9,5B cm<\/li>\n<li> Hjuldiameter: 14,5 cm<\/li>\n<li> Vikt: 2,2 kg<\/li>\n<li> B\u00e4rkapacitet: 25 kg<\/li>\n<li> L\u00e4mplig \u00e5lder: 12-36 m\u00e5nader<\/li>\n<\/ul>\n<p>Leveransinneh\u00e5ll:<\/p>\n<ul>\n<li> 1 x Rutschbil<\/li>\n<li> 1 x Instruktioner<\/li>\n<\/ul>\n","protected":false},"excerpt":{"rendered":"<p>Upplev ren spelgl\u00e4dje med v\u00e5r barnrutschbana i snygg vintage-design! Under s\u00e4tet finns ett f\u00f6rvaringsutrymme &#8211; perfekt f\u00f6r att g\u00f6mma snacksboxar,&#8230;<\/p>\n","protected":false},"featured_media":78667,"template":"","meta":[],"product_brand":[],"product_cat":[880,952,610],"product_tag":[],"class_list":{"0":"post-78678","1":"product","2":"type-product","3":"status-publish","4":"has-post-thumbnail","6":"product_cat-baby-barn-2","7":"product_cat-balanscyklar-och-akfordon","8":"product_cat-barnfordon","10":"first","11":"instock","12":"sale","13":"taxable","14":"shipping-taxable","15":"purchasable","16":"product-type-simple"},"yoast_head":"<!-- This site is optimized with the Yoast SEO plugin v25.4 - https:\/\/yoast.com\/wordpress\/plugins\/seo\/ -->\n<title>TRUUSK Barns Glidbil - Med F\u00f6rvaringsutrymme - Tippskydd - F\u00f6r 1-3 \u00c5r Gamla Barn - Gr\u00f6n - 58 x 27 x 35 cm - TRUUSK - Hem, Tr\u00e4dg\u00e5rd &amp; Fritid<\/title>\n<meta name=\"robots\" content=\"index, follow, max-snippet:-1, max-image-preview:large, max-video-preview:-1\" \/>\n<link rel=\"canonical\" href=\"https:\/\/truusk.store\/sv\/produkt\/truusk-barns-glidbil-med-forvaringsutrymme-tippskydd-for-1-3-ar-gamla-barn-gron-58-x-27-x-35-cm\/\" \/>\n<meta property=\"og:locale\" content=\"sv_SE\" \/>\n<meta property=\"og:type\" content=\"article\" \/>\n<meta property=\"og:title\" content=\"TRUUSK Barns Glidbil - Med F\u00f6rvaringsutrymme - Tippskydd - F\u00f6r 1-3 \u00c5r Gamla Barn - Gr\u00f6n - 58 x 27 x 35 cm - TRUUSK - Hem, Tr\u00e4dg\u00e5rd &amp; Fritid\" \/>\n<meta property=\"og:description\" content=\"Upplev ren spelgl\u00e4dje med v\u00e5r barnrutschbana i snygg vintage-design! Under s\u00e4tet finns ett f\u00f6rvaringsutrymme &#8211; perfekt f\u00f6r att g\u00f6mma snacksboxar,...\" \/>\n<meta property=\"og:url\" content=\"https:\/\/truusk.store\/sv\/produkt\/truusk-barns-glidbil-med-forvaringsutrymme-tippskydd-for-1-3-ar-gamla-barn-gron-58-x-27-x-35-cm\/\" \/>\n<meta property=\"og:site_name\" content=\"TRUUSK - Hem, Tr\u00e4dg\u00e5rd &amp; Fritid\" \/>\n<meta property=\"article:modified_time\" content=\"2026-03-12T08:33:24+00:00\" \/>\n<meta property=\"og:image\" content=\"https:\/\/i0.wp.com\/truusk.se\/wp-content\/uploads\/2025\/06\/aiyaplay-barns-glidbil-barnfordon-med-forvaringsutrymme-barnbil-glidfordon-med-tippskydd-glidare-for-1-3-ar-gamla-barn-gron-58-x-27-x-35-cm-1.webp?fit=2000%2C2000&ssl=1\" \/>\n\t<meta property=\"og:image:width\" content=\"2000\" \/>\n\t<meta property=\"og:image:height\" content=\"2000\" \/>\n\t<meta property=\"og:image:type\" content=\"image\/webp\" \/>\n<meta name=\"twitter:card\" content=\"summary_large_image\" \/>\n<meta name=\"twitter:label1\" content=\"Ber\u00e4knad l\u00e4stid\" \/>\n\t<meta name=\"twitter:data1\" content=\"1 minut\" \/>\n<!-- \/ Yoast SEO plugin. -->","yoast_head_json":{"title":"TRUUSK Barns Glidbil - Med F\u00f6rvaringsutrymme - Tippskydd - F\u00f6r 1-3 \u00c5r Gamla Barn - Gr\u00f6n - 58 x 27 x 35 cm - TRUUSK - Hem, Tr\u00e4dg\u00e5rd &amp; Fritid","robots":{"index":"index","follow":"follow","max-snippet":"max-snippet:-1","max-image-preview":"max-image-preview:large","max-video-preview":"max-video-preview:-1"},"canonical":"https:\/\/truusk.store\/sv\/produkt\/truusk-barns-glidbil-med-forvaringsutrymme-tippskydd-for-1-3-ar-gamla-barn-gron-58-x-27-x-35-cm\/","og_locale":"sv_SE","og_type":"article","og_title":"TRUUSK Barns Glidbil - Med F\u00f6rvaringsutrymme - Tippskydd - F\u00f6r 1-3 \u00c5r Gamla Barn - Gr\u00f6n - 58 x 27 x 35 cm - TRUUSK - Hem, Tr\u00e4dg\u00e5rd &amp; Fritid","og_description":"Upplev ren spelgl\u00e4dje med v\u00e5r barnrutschbana i snygg vintage-design! Under s\u00e4tet finns ett f\u00f6rvaringsutrymme &#8211; perfekt f\u00f6r att g\u00f6mma snacksboxar,...","og_url":"https:\/\/truusk.store\/sv\/produkt\/truusk-barns-glidbil-med-forvaringsutrymme-tippskydd-for-1-3-ar-gamla-barn-gron-58-x-27-x-35-cm\/","og_site_name":"TRUUSK - Hem, Tr\u00e4dg\u00e5rd &amp; Fritid","article_modified_time":"2026-03-12T08:33:24+00:00","og_image":[{"width":2000,"height":2000,"url":"https:\/\/i0.wp.com\/truusk.se\/wp-content\/uploads\/2025\/06\/aiyaplay-barns-glidbil-barnfordon-med-forvaringsutrymme-barnbil-glidfordon-med-tippskydd-glidare-for-1-3-ar-gamla-barn-gron-58-x-27-x-35-cm-1.webp?fit=2000%2C2000&ssl=1","type":"image\/webp"}],"twitter_card":"summary_large_image","twitter_misc":{"Ber\u00e4knad l\u00e4stid":"1 minut"},"schema":{"@context":"https:\/\/schema.org","@graph":[{"@type":"WebPage","@id":"https:\/\/truusk.store\/sv\/produkt\/truusk-barns-glidbil-med-forvaringsutrymme-tippskydd-for-1-3-ar-gamla-barn-gron-58-x-27-x-35-cm\/","url":"https:\/\/truusk.store\/sv\/produkt\/truusk-barns-glidbil-med-forvaringsutrymme-tippskydd-for-1-3-ar-gamla-barn-gron-58-x-27-x-35-cm\/","name":"TRUUSK Barns Glidbil - Med F\u00f6rvaringsutrymme - Tippskydd - F\u00f6r 1-3 \u00c5r Gamla Barn - Gr\u00f6n - 58 x 27 x 35 cm - TRUUSK - Hem, Tr\u00e4dg\u00e5rd &amp; Fritid","isPartOf":{"@id":"https:\/\/truusk.store\/sv\/#website"},"primaryImageOfPage":{"@id":"https:\/\/truusk.store\/sv\/produkt\/truusk-barns-glidbil-med-forvaringsutrymme-tippskydd-for-1-3-ar-gamla-barn-gron-58-x-27-x-35-cm\/#primaryimage"},"image":{"@id":"https:\/\/truusk.store\/sv\/produkt\/truusk-barns-glidbil-med-forvaringsutrymme-tippskydd-for-1-3-ar-gamla-barn-gron-58-x-27-x-35-cm\/#primaryimage"},"thumbnailUrl":"https:\/\/i0.wp.com\/truusk.store\/wp-content\/uploads\/2025\/06\/aiyaplay-barns-glidbil-barnfordon-med-forvaringsutrymme-barnbil-glidfordon-med-tippskydd-glidare-for-1-3-ar-gamla-barn-gron-58-x-27-x-35-cm-1.webp?fit=2000%2C2000&ssl=1","datePublished":"2025-06-10T04:22:37+00:00","dateModified":"2026-03-12T08:33:24+00:00","breadcrumb":{"@id":"https:\/\/truusk.store\/sv\/produkt\/truusk-barns-glidbil-med-forvaringsutrymme-tippskydd-for-1-3-ar-gamla-barn-gron-58-x-27-x-35-cm\/#breadcrumb"},"inLanguage":"sv-SE","potentialAction":[{"@type":"ReadAction","target":["https:\/\/truusk.store\/sv\/produkt\/truusk-barns-glidbil-med-forvaringsutrymme-tippskydd-for-1-3-ar-gamla-barn-gron-58-x-27-x-35-cm\/"]}]},{"@type":"ImageObject","inLanguage":"sv-SE","@id":"https:\/\/truusk.store\/sv\/produkt\/truusk-barns-glidbil-med-forvaringsutrymme-tippskydd-for-1-3-ar-gamla-barn-gron-58-x-27-x-35-cm\/#primaryimage","url":"https:\/\/i0.wp.com\/truusk.store\/wp-content\/uploads\/2025\/06\/aiyaplay-barns-glidbil-barnfordon-med-forvaringsutrymme-barnbil-glidfordon-med-tippskydd-glidare-for-1-3-ar-gamla-barn-gron-58-x-27-x-35-cm-1.webp?fit=2000%2C2000&ssl=1","contentUrl":"https:\/\/i0.wp.com\/truusk.store\/wp-content\/uploads\/2025\/06\/aiyaplay-barns-glidbil-barnfordon-med-forvaringsutrymme-barnbil-glidfordon-med-tippskydd-glidare-for-1-3-ar-gamla-barn-gron-58-x-27-x-35-cm-1.webp?fit=2000%2C2000&ssl=1","width":2000,"height":2000},{"@type":"BreadcrumbList","@id":"https:\/\/truusk.store\/sv\/produkt\/truusk-barns-glidbil-med-forvaringsutrymme-tippskydd-for-1-3-ar-gamla-barn-gron-58-x-27-x-35-cm\/#breadcrumb","itemListElement":[{"@type":"ListItem","position":1,"name":"Home","item":"https:\/\/truusk.store\/sv\/"},{"@type":"ListItem","position":2,"name":"Shop","item":"https:\/\/truusk.store\/shop\/"},{"@type":"ListItem","position":3,"name":"TRUUSK Barns Glidbil &#8211; Med F\u00f6rvaringsutrymme &#8211; Tippskydd &#8211; F\u00f6r 1-3 \u00c5r Gamla Barn &#8211; Gr\u00f6n &#8211; 58 x 27 x 35 cm"}]},{"@type":"WebSite","@id":"https:\/\/truusk.store\/sv\/#website","url":"https:\/\/truusk.store\/sv\/","name":"TRUUSK - Hem, Tr\u00e4dg\u00e5rd & Fritid","description":"","publisher":{"@id":"https:\/\/truusk.store\/sv\/#organization"},"potentialAction":[{"@type":"SearchAction","target":{"@type":"EntryPoint","urlTemplate":"https:\/\/truusk.store\/sv\/?s={search_term_string}"},"query-input":{"@type":"PropertyValueSpecification","valueRequired":true,"valueName":"search_term_string"}}],"inLanguage":"sv-SE"},{"@type":"Organization","@id":"https:\/\/truusk.store\/sv\/#organization","name":"TRUUSK - Hem, Tr\u00e4dg\u00e5rd & Fritid","url":"https:\/\/truusk.store\/sv\/","logo":{"@type":"ImageObject","inLanguage":"sv-SE","@id":"https:\/\/truusk.store\/sv\/#\/schema\/logo\/image\/","url":"https:\/\/i0.wp.com\/truusk.store\/wp-content\/uploads\/2026\/03\/cropped-TRUUSK.png?fit=2032%2C917&ssl=1","contentUrl":"https:\/\/i0.wp.com\/truusk.store\/wp-content\/uploads\/2026\/03\/cropped-TRUUSK.png?fit=2032%2C917&ssl=1","width":2032,"height":917,"caption":"TRUUSK - Hem, Tr\u00e4dg\u00e5rd & Fritid"},"image":{"@id":"https:\/\/truusk.store\/sv\/#\/schema\/logo\/image\/"}}]}},"jetpack_sharing_enabled":true,"_links":{"self":[{"href":"https:\/\/truusk.store\/sv\/wp-json\/wp\/v2\/product\/78678","targetHints":{"allow":["GET"]}}],"collection":[{"href":"https:\/\/truusk.store\/sv\/wp-json\/wp\/v2\/product"}],"about":[{"href":"https:\/\/truusk.store\/sv\/wp-json\/wp\/v2\/types\/product"}],"wp:featuredmedia":[{"embeddable":true,"href":"https:\/\/truusk.store\/sv\/wp-json\/wp\/v2\/media\/78667"}],"wp:attachment":[{"href":"https:\/\/truusk.store\/sv\/wp-json\/wp\/v2\/media?parent=78678"}],"wp:term":[{"taxonomy":"product_brand","embeddable":true,"href":"https:\/\/truusk.store\/sv\/wp-json\/wp\/v2\/product_brand?post=78678"},{"taxonomy":"product_cat","embeddable":true,"href":"https:\/\/truusk.store\/sv\/wp-json\/wp\/v2\/product_cat?post=78678"},{"taxonomy":"product_tag","embeddable":true,"href":"https:\/\/truusk.store\/sv\/wp-json\/wp\/v2\/product_tag?post=78678"}],"curies":[{"name":"wp","href":"https:\/\/api.w.org\/{rel}","templated":true}]}}