{"id":78728,"date":"2025-06-10T05:27:38","date_gmt":"2025-06-10T04:27:38","guid":{"rendered":"https:\/\/truusk.store\/product\/motorcykelstall-universell-motorcykelhallare-upp-till-500kg-belastning-motorcykelstall-motorcykellyft-motorcykellyftbord-motorcykel-motocross-lyftbord-lyftare-monteringsbock\/"},"modified":"2026-03-12T08:45:15","modified_gmt":"2026-03-12T07:45:15","slug":"truusk-motorcykelstall-universell-motorcykelhallare-upp-till-500kg-motorcykellyft-motocross-lyftbord-monteringsbock","status":"publish","type":"product","link":"https:\/\/truusk.store\/sv\/produkt\/truusk-motorcykelstall-universell-motorcykelhallare-upp-till-500kg-motorcykellyft-motocross-lyftbord-monteringsbock\/","title":{"rendered":"TRUUSK Motorcykelst\u00e4ll &#8211; Universell Motorcykelh\u00e5llare Upp Till 500kg &#8211; Motorcykellyft &#8211; Motocross Lyftbord &#8211; Monteringsbock"},"content":{"rendered":"<p>Sk\u00f6t om din dirtbike professionellt med TRUUSK motorcykelst\u00e4ll! Motorcykelh\u00e5llaren b\u00e4r l\u00e4tt upp till 500 kg och \u00e4r idealisk f\u00f6r m\u00e5nga modeller. Den halkfria gummiplattan och dynorna p\u00e5 motorcykelh\u00e5llaren s\u00e4kerst\u00e4ller s\u00e4kra justeringar. Ett inbyggt oljeavloppsh\u00e5l g\u00f6r reng\u00f6ringen barnsligt enkel. Optimera sk\u00f6tseln av din cykel lekande l\u00e4tt!<\/p>\n<p>Beskrivning:<\/p>\n<ul>\n<li> Motorcykelst\u00e4llets b\u00e4rkapacitet p\u00e5 500 kg passar f\u00f6r de flesta motocrossmotorcyklar f\u00f6r underh\u00e5ll<\/li>\n<li> Halkfri gummioverkant och dynor p\u00e5 motorcykelst\u00e4llet \u00f6kar s\u00e4kerheten och stabiliteten<\/li>\n<li> Enkel montering och demontering m\u00f6jligg\u00f6r snabb anv\u00e4ndning och bekv\u00e4m f\u00f6rvaring<\/li>\n<li> St\u00e5lkonstruktionen p\u00e5 motorcykelh\u00e5llaren erbjuder p\u00e5litligt och stabilt st\u00f6d<\/li>\n<li> Oljeavloppsh\u00e5let f\u00f6renklar underh\u00e5llsarbetet<\/li>\n<\/ul>\n<p> Tekniska data:<\/p>\n<ul>\n<li> F\u00e4rg: Gr\u00e5<\/li>\n<li> Material: St\u00e5l, Gummi<\/li>\n<li> Totala dimensioner: 36L x 40B x 40,5H cm<\/li>\n<li> Plattformens dimensioner: 23L x 23B cm (\u00f6vre)<\/li>\n<li> Diam. av dr\u00e4neringsh\u00e5let: 10 cm<\/li>\n<li> B\u00e4rkapacitet: 500 kg<\/li>\n<\/ul>\n<p>Leveransinneh\u00e5ll:<\/p>\n<ul>\n<li> 1 x Motorcykelst\u00e4ll<\/li>\n<li> 1 x Bruksanvisning<\/li>\n<\/ul>\n","protected":false},"excerpt":{"rendered":"<p>Sk\u00f6t om din dirtbike professionellt med TRUUSK motorcykelst\u00e4ll! Motorcykelh\u00e5llaren b\u00e4r l\u00e4tt upp till 500 kg och \u00e4r idealisk f\u00f6r m\u00e5nga&#8230;<\/p>\n","protected":false},"featured_media":78719,"template":"","meta":[],"product_brand":[],"product_cat":[652,654,1033,647],"product_tag":[],"class_list":{"0":"post-78728","1":"product","2":"type-product","3":"status-publish","4":"has-post-thumbnail","6":"product_cat-cykel","7":"product_cat-cykeltillbehor","8":"product_cat-fahrrad-montagestander","9":"product_cat-sport-fritid","11":"first","12":"instock","13":"sale","14":"taxable","15":"shipping-taxable","16":"purchasable","17":"product-type-simple"},"yoast_head":"<!-- This site is optimized with the Yoast SEO plugin v25.4 - https:\/\/yoast.com\/wordpress\/plugins\/seo\/ -->\n<title>TRUUSK Motorcykelst\u00e4ll - Universell Motorcykelh\u00e5llare Upp Till 500kg - Motorcykellyft - Motocross Lyftbord - Monteringsbock - TRUUSK - Hem, Tr\u00e4dg\u00e5rd &amp; Fritid<\/title>\n<meta name=\"robots\" content=\"index, follow, max-snippet:-1, max-image-preview:large, max-video-preview:-1\" \/>\n<link rel=\"canonical\" href=\"https:\/\/truusk.store\/sv\/produkt\/truusk-motorcykelstall-universell-motorcykelhallare-upp-till-500kg-motorcykellyft-motocross-lyftbord-monteringsbock\/\" \/>\n<meta property=\"og:locale\" content=\"sv_SE\" \/>\n<meta property=\"og:type\" content=\"article\" \/>\n<meta property=\"og:title\" content=\"TRUUSK Motorcykelst\u00e4ll - Universell Motorcykelh\u00e5llare Upp Till 500kg - Motorcykellyft - Motocross Lyftbord - Monteringsbock - TRUUSK - Hem, Tr\u00e4dg\u00e5rd &amp; Fritid\" \/>\n<meta property=\"og:description\" content=\"Sk\u00f6t om din dirtbike professionellt med TRUUSK motorcykelst\u00e4ll! Motorcykelh\u00e5llaren b\u00e4r l\u00e4tt upp till 500 kg och \u00e4r idealisk f\u00f6r m\u00e5nga...\" \/>\n<meta property=\"og:url\" content=\"https:\/\/truusk.store\/sv\/produkt\/truusk-motorcykelstall-universell-motorcykelhallare-upp-till-500kg-motorcykellyft-motocross-lyftbord-monteringsbock\/\" \/>\n<meta property=\"og:site_name\" content=\"TRUUSK - Hem, Tr\u00e4dg\u00e5rd &amp; Fritid\" \/>\n<meta property=\"article:modified_time\" content=\"2026-03-12T07:45:15+00:00\" \/>\n<meta property=\"og:image\" content=\"https:\/\/i0.wp.com\/truusk.se\/wp-content\/uploads\/2025\/06\/motorcykelstall-universell-motorcykelhallare-upp-till-500kg-belastning-motorcykelstall-motorcykellyft-motorcykellyftbord-motorcykel-motocross-lyftbord-lyftare-monteringsbock-1.webp?fit=2000%2C2000&ssl=1\" \/>\n\t<meta property=\"og:image:width\" content=\"2000\" \/>\n\t<meta property=\"og:image:height\" content=\"2000\" \/>\n\t<meta property=\"og:image:type\" content=\"image\/webp\" \/>\n<meta name=\"twitter:card\" content=\"summary_large_image\" \/>\n<meta name=\"twitter:label1\" content=\"Ber\u00e4knad l\u00e4stid\" \/>\n\t<meta name=\"twitter:data1\" content=\"1 minut\" \/>\n<!-- \/ Yoast SEO plugin. -->","yoast_head_json":{"title":"TRUUSK Motorcykelst\u00e4ll - Universell Motorcykelh\u00e5llare Upp Till 500kg - Motorcykellyft - Motocross Lyftbord - Monteringsbock - TRUUSK - Hem, Tr\u00e4dg\u00e5rd &amp; Fritid","robots":{"index":"index","follow":"follow","max-snippet":"max-snippet:-1","max-image-preview":"max-image-preview:large","max-video-preview":"max-video-preview:-1"},"canonical":"https:\/\/truusk.store\/sv\/produkt\/truusk-motorcykelstall-universell-motorcykelhallare-upp-till-500kg-motorcykellyft-motocross-lyftbord-monteringsbock\/","og_locale":"sv_SE","og_type":"article","og_title":"TRUUSK Motorcykelst\u00e4ll - Universell Motorcykelh\u00e5llare Upp Till 500kg - Motorcykellyft - Motocross Lyftbord - Monteringsbock - TRUUSK - Hem, Tr\u00e4dg\u00e5rd &amp; Fritid","og_description":"Sk\u00f6t om din dirtbike professionellt med TRUUSK motorcykelst\u00e4ll! Motorcykelh\u00e5llaren b\u00e4r l\u00e4tt upp till 500 kg och \u00e4r idealisk f\u00f6r m\u00e5nga...","og_url":"https:\/\/truusk.store\/sv\/produkt\/truusk-motorcykelstall-universell-motorcykelhallare-upp-till-500kg-motorcykellyft-motocross-lyftbord-monteringsbock\/","og_site_name":"TRUUSK - Hem, Tr\u00e4dg\u00e5rd &amp; Fritid","article_modified_time":"2026-03-12T07:45:15+00:00","og_image":[{"width":2000,"height":2000,"url":"https:\/\/i0.wp.com\/truusk.se\/wp-content\/uploads\/2025\/06\/motorcykelstall-universell-motorcykelhallare-upp-till-500kg-belastning-motorcykelstall-motorcykellyft-motorcykellyftbord-motorcykel-motocross-lyftbord-lyftare-monteringsbock-1.webp?fit=2000%2C2000&ssl=1","type":"image\/webp"}],"twitter_card":"summary_large_image","twitter_misc":{"Ber\u00e4knad l\u00e4stid":"1 minut"},"schema":{"@context":"https:\/\/schema.org","@graph":[{"@type":"WebPage","@id":"https:\/\/truusk.store\/sv\/produkt\/truusk-motorcykelstall-universell-motorcykelhallare-upp-till-500kg-motorcykellyft-motocross-lyftbord-monteringsbock\/","url":"https:\/\/truusk.store\/sv\/produkt\/truusk-motorcykelstall-universell-motorcykelhallare-upp-till-500kg-motorcykellyft-motocross-lyftbord-monteringsbock\/","name":"TRUUSK Motorcykelst\u00e4ll - Universell Motorcykelh\u00e5llare Upp Till 500kg - Motorcykellyft - Motocross Lyftbord - Monteringsbock - TRUUSK - Hem, Tr\u00e4dg\u00e5rd &amp; Fritid","isPartOf":{"@id":"https:\/\/truusk.store\/sv\/#website"},"primaryImageOfPage":{"@id":"https:\/\/truusk.store\/sv\/produkt\/truusk-motorcykelstall-universell-motorcykelhallare-upp-till-500kg-motorcykellyft-motocross-lyftbord-monteringsbock\/#primaryimage"},"image":{"@id":"https:\/\/truusk.store\/sv\/produkt\/truusk-motorcykelstall-universell-motorcykelhallare-upp-till-500kg-motorcykellyft-motocross-lyftbord-monteringsbock\/#primaryimage"},"thumbnailUrl":"https:\/\/i0.wp.com\/truusk.store\/wp-content\/uploads\/2025\/06\/motorcykelstall-universell-motorcykelhallare-upp-till-500kg-belastning-motorcykelstall-motorcykellyft-motorcykellyftbord-motorcykel-motocross-lyftbord-lyftare-monteringsbock-1.webp?fit=2000%2C2000&ssl=1","datePublished":"2025-06-10T04:27:38+00:00","dateModified":"2026-03-12T07:45:15+00:00","breadcrumb":{"@id":"https:\/\/truusk.store\/sv\/produkt\/truusk-motorcykelstall-universell-motorcykelhallare-upp-till-500kg-motorcykellyft-motocross-lyftbord-monteringsbock\/#breadcrumb"},"inLanguage":"sv-SE","potentialAction":[{"@type":"ReadAction","target":["https:\/\/truusk.store\/sv\/produkt\/truusk-motorcykelstall-universell-motorcykelhallare-upp-till-500kg-motorcykellyft-motocross-lyftbord-monteringsbock\/"]}]},{"@type":"ImageObject","inLanguage":"sv-SE","@id":"https:\/\/truusk.store\/sv\/produkt\/truusk-motorcykelstall-universell-motorcykelhallare-upp-till-500kg-motorcykellyft-motocross-lyftbord-monteringsbock\/#primaryimage","url":"https:\/\/i0.wp.com\/truusk.store\/wp-content\/uploads\/2025\/06\/motorcykelstall-universell-motorcykelhallare-upp-till-500kg-belastning-motorcykelstall-motorcykellyft-motorcykellyftbord-motorcykel-motocross-lyftbord-lyftare-monteringsbock-1.webp?fit=2000%2C2000&ssl=1","contentUrl":"https:\/\/i0.wp.com\/truusk.store\/wp-content\/uploads\/2025\/06\/motorcykelstall-universell-motorcykelhallare-upp-till-500kg-belastning-motorcykelstall-motorcykellyft-motorcykellyftbord-motorcykel-motocross-lyftbord-lyftare-monteringsbock-1.webp?fit=2000%2C2000&ssl=1","width":2000,"height":2000},{"@type":"BreadcrumbList","@id":"https:\/\/truusk.store\/sv\/produkt\/truusk-motorcykelstall-universell-motorcykelhallare-upp-till-500kg-motorcykellyft-motocross-lyftbord-monteringsbock\/#breadcrumb","itemListElement":[{"@type":"ListItem","position":1,"name":"Home","item":"https:\/\/truusk.store\/sv\/"},{"@type":"ListItem","position":2,"name":"Shop","item":"https:\/\/truusk.store\/shop\/"},{"@type":"ListItem","position":3,"name":"TRUUSK Motorcykelst\u00e4ll &#8211; Universell Motorcykelh\u00e5llare Upp Till 500kg &#8211; Motorcykellyft &#8211; Motocross Lyftbord &#8211; Monteringsbock"}]},{"@type":"WebSite","@id":"https:\/\/truusk.store\/sv\/#website","url":"https:\/\/truusk.store\/sv\/","name":"TRUUSK - Hem, Tr\u00e4dg\u00e5rd & Fritid","description":"","publisher":{"@id":"https:\/\/truusk.store\/sv\/#organization"},"potentialAction":[{"@type":"SearchAction","target":{"@type":"EntryPoint","urlTemplate":"https:\/\/truusk.store\/sv\/?s={search_term_string}"},"query-input":{"@type":"PropertyValueSpecification","valueRequired":true,"valueName":"search_term_string"}}],"inLanguage":"sv-SE"},{"@type":"Organization","@id":"https:\/\/truusk.store\/sv\/#organization","name":"TRUUSK - Hem, Tr\u00e4dg\u00e5rd & Fritid","url":"https:\/\/truusk.store\/sv\/","logo":{"@type":"ImageObject","inLanguage":"sv-SE","@id":"https:\/\/truusk.store\/sv\/#\/schema\/logo\/image\/","url":"https:\/\/i0.wp.com\/truusk.store\/wp-content\/uploads\/2026\/03\/cropped-TRUUSK.png?fit=2032%2C917&ssl=1","contentUrl":"https:\/\/i0.wp.com\/truusk.store\/wp-content\/uploads\/2026\/03\/cropped-TRUUSK.png?fit=2032%2C917&ssl=1","width":2032,"height":917,"caption":"TRUUSK - Hem, Tr\u00e4dg\u00e5rd & Fritid"},"image":{"@id":"https:\/\/truusk.store\/sv\/#\/schema\/logo\/image\/"}}]}},"jetpack_sharing_enabled":true,"_links":{"self":[{"href":"https:\/\/truusk.store\/sv\/wp-json\/wp\/v2\/product\/78728","targetHints":{"allow":["GET"]}}],"collection":[{"href":"https:\/\/truusk.store\/sv\/wp-json\/wp\/v2\/product"}],"about":[{"href":"https:\/\/truusk.store\/sv\/wp-json\/wp\/v2\/types\/product"}],"wp:featuredmedia":[{"embeddable":true,"href":"https:\/\/truusk.store\/sv\/wp-json\/wp\/v2\/media\/78719"}],"wp:attachment":[{"href":"https:\/\/truusk.store\/sv\/wp-json\/wp\/v2\/media?parent=78728"}],"wp:term":[{"taxonomy":"product_brand","embeddable":true,"href":"https:\/\/truusk.store\/sv\/wp-json\/wp\/v2\/product_brand?post=78728"},{"taxonomy":"product_cat","embeddable":true,"href":"https:\/\/truusk.store\/sv\/wp-json\/wp\/v2\/product_cat?post=78728"},{"taxonomy":"product_tag","embeddable":true,"href":"https:\/\/truusk.store\/sv\/wp-json\/wp\/v2\/product_tag?post=78728"}],"curies":[{"name":"wp","href":"https:\/\/api.w.org\/{rel}","templated":true}]}}