{"id":7878,"date":"2024-02-13T09:02:59","date_gmt":"2024-02-13T08:02:59","guid":{"rendered":"https:\/\/truusk.store\/product\/sittgrupp-for-2-personer-matgrupp-tradgardsmobler-set-1-bord-2-stolar-med-paraplyhal-aluminium-vit\/"},"modified":"2026-03-12T08:55:40","modified_gmt":"2026-03-12T07:55:40","slug":"truusk-matgrupp-for-2-personer-tradgardsmobler-set-inkluderar-1-bord-och-2-stolar-aluminium-vit-paraplyhal","status":"publish","type":"product","link":"https:\/\/truusk.store\/sv\/produkt\/truusk-matgrupp-for-2-personer-tradgardsmobler-set-inkluderar-1-bord-och-2-stolar-aluminium-vit-paraplyhal\/","title":{"rendered":"TRUUSK Matgrupp f\u00f6r 2 Personer &#8211; Tr\u00e4dg\u00e5rdsm\u00f6bler Set &#8211; Inkluderar 1 Bord och 2 Stolar &#8211; Aluminium &#8211; Vit &#8211; Paraplyh\u00e5l"},"content":{"rendered":"<p>Detta 3-delade tr\u00e4dg\u00e5rdsm\u00f6belset \u00e4r det b\u00e4sta valet f\u00f6r att njuta av den friska luften hemma, i tr\u00e4dg\u00e5rden eller p\u00e5 andra platser. Detta bistroset har ett enkelt och modernt utseende som passar f\u00f6r olika tillf\u00e4llen. Du kan njuta av det tillsammans med din v\u00e4n f\u00f6r att ta ett trevligt afternoon tea i tr\u00e4dg\u00e5rden,<\/p>\n<h3>Beskrivning:<\/h3>\n<ul>\n<li>3-delat bistroset: 1 runt bord och 2 stolar<\/li>\n<li>Den snidade tr\u00e4designen \u00e4r chic och stilren och torkar snabbt efter regn<\/li>\n<li>Hel aluminiumram f\u00f6r h\u00e5llbarhet och stabilitet<\/li>\n<li>Perfekt f\u00f6r tr\u00e4dg\u00e5rdar, balkonger och frukostkrokar<\/li>\n<li>Med paraplyh\u00e5l i mitten av bordet f\u00f6r ett paraply med 42 mm eller 38 mm st\u00e5ngdiameter<\/li>\n<li>Montering kr\u00e4vs<\/li>\n<\/ul>\n<h3>Teknisk data:<\/h3>\n<ul>\n<li>F\u00e4rg vit<\/li>\n<li>Material: aluminium<\/li>\n<li>Bordsstorlek: 60 x 67H cm<\/li>\n<li>Stolstorlek: 42,5W x 47,5D x 89H cm<\/li>\n<li>Sitsstorlek: 37W x 37D x 41H cm<\/li>\n<li>Paraplyh\u00e5lets diameter: 44mm<\/li>\n<li>Lastkapacitet: (bord) 30 kg, (stol) 110 kg<\/li>\n<\/ul>\n<h3>Leveransens omfattning:<\/h3>\n<ul>\n<li>1 x bord<\/li>\n<li>2 x stol<\/li>\n<li>1 x Instruktioner<\/li>\n<\/ul>\n","protected":false},"excerpt":{"rendered":"<p>Detta 3-delade tr\u00e4dg\u00e5rdsm\u00f6belset \u00e4r det b\u00e4sta valet f\u00f6r att njuta av den friska luften hemma, i tr\u00e4dg\u00e5rden eller p\u00e5 andra&#8230;<\/p>\n","protected":false},"featured_media":7879,"template":"","meta":[],"product_brand":[],"product_cat":[435,450,456],"product_tag":[],"class_list":{"0":"post-7878","1":"product","2":"type-product","3":"status-publish","4":"has-post-thumbnail","6":"product_cat-tradgard-och-terrass","7":"product_cat-tradgardsmobler","8":"product_cat-tradgardsmobler-set","10":"first","11":"instock","12":"sale","13":"taxable","14":"shipping-taxable","15":"purchasable","16":"product-type-simple"},"yoast_head":"<!-- This site is optimized with the Yoast SEO plugin v25.4 - https:\/\/yoast.com\/wordpress\/plugins\/seo\/ -->\n<title>TRUUSK Matgrupp f\u00f6r 2 Personer - Tr\u00e4dg\u00e5rdsm\u00f6bler Set - Inkluderar 1 Bord och 2 Stolar - Aluminium - Vit - Paraplyh\u00e5l - TRUUSK - Hem, Tr\u00e4dg\u00e5rd &amp; Fritid<\/title>\n<meta name=\"robots\" content=\"index, follow, max-snippet:-1, max-image-preview:large, max-video-preview:-1\" \/>\n<link rel=\"canonical\" href=\"https:\/\/truusk.store\/sv\/produkt\/truusk-matgrupp-for-2-personer-tradgardsmobler-set-inkluderar-1-bord-och-2-stolar-aluminium-vit-paraplyhal\/\" \/>\n<meta property=\"og:locale\" content=\"sv_SE\" \/>\n<meta property=\"og:type\" content=\"article\" \/>\n<meta property=\"og:title\" content=\"TRUUSK Matgrupp f\u00f6r 2 Personer - Tr\u00e4dg\u00e5rdsm\u00f6bler Set - Inkluderar 1 Bord och 2 Stolar - Aluminium - Vit - Paraplyh\u00e5l - TRUUSK - Hem, Tr\u00e4dg\u00e5rd &amp; Fritid\" \/>\n<meta property=\"og:description\" content=\"Detta 3-delade tr\u00e4dg\u00e5rdsm\u00f6belset \u00e4r det b\u00e4sta valet f\u00f6r att njuta av den friska luften hemma, i tr\u00e4dg\u00e5rden eller p\u00e5 andra...\" \/>\n<meta property=\"og:url\" content=\"https:\/\/truusk.store\/sv\/produkt\/truusk-matgrupp-for-2-personer-tradgardsmobler-set-inkluderar-1-bord-och-2-stolar-aluminium-vit-paraplyhal\/\" \/>\n<meta property=\"og:site_name\" content=\"TRUUSK - Hem, Tr\u00e4dg\u00e5rd &amp; Fritid\" \/>\n<meta property=\"article:modified_time\" content=\"2026-03-12T07:55:40+00:00\" \/>\n<meta property=\"og:image\" content=\"https:\/\/i0.wp.com\/truusk.se\/wp-content\/uploads\/2024\/02\/sittgrupp-for-2-personer-matgrupp-tradgardsmobler-set-1-bord-2-stolar-med-paraplyhal-aluminium-vit.webp?fit=800%2C800&ssl=1\" \/>\n\t<meta property=\"og:image:width\" content=\"800\" \/>\n\t<meta property=\"og:image:height\" content=\"800\" \/>\n\t<meta property=\"og:image:type\" content=\"image\/webp\" \/>\n<meta name=\"twitter:card\" content=\"summary_large_image\" \/>\n<meta name=\"twitter:label1\" content=\"Ber\u00e4knad l\u00e4stid\" \/>\n\t<meta name=\"twitter:data1\" content=\"1 minut\" \/>\n<!-- \/ Yoast SEO plugin. -->","yoast_head_json":{"title":"TRUUSK Matgrupp f\u00f6r 2 Personer - Tr\u00e4dg\u00e5rdsm\u00f6bler Set - Inkluderar 1 Bord och 2 Stolar - Aluminium - Vit - Paraplyh\u00e5l - TRUUSK - Hem, Tr\u00e4dg\u00e5rd &amp; Fritid","robots":{"index":"index","follow":"follow","max-snippet":"max-snippet:-1","max-image-preview":"max-image-preview:large","max-video-preview":"max-video-preview:-1"},"canonical":"https:\/\/truusk.store\/sv\/produkt\/truusk-matgrupp-for-2-personer-tradgardsmobler-set-inkluderar-1-bord-och-2-stolar-aluminium-vit-paraplyhal\/","og_locale":"sv_SE","og_type":"article","og_title":"TRUUSK Matgrupp f\u00f6r 2 Personer - Tr\u00e4dg\u00e5rdsm\u00f6bler Set - Inkluderar 1 Bord och 2 Stolar - Aluminium - Vit - Paraplyh\u00e5l - TRUUSK - Hem, Tr\u00e4dg\u00e5rd &amp; Fritid","og_description":"Detta 3-delade tr\u00e4dg\u00e5rdsm\u00f6belset \u00e4r det b\u00e4sta valet f\u00f6r att njuta av den friska luften hemma, i tr\u00e4dg\u00e5rden eller p\u00e5 andra...","og_url":"https:\/\/truusk.store\/sv\/produkt\/truusk-matgrupp-for-2-personer-tradgardsmobler-set-inkluderar-1-bord-och-2-stolar-aluminium-vit-paraplyhal\/","og_site_name":"TRUUSK - Hem, Tr\u00e4dg\u00e5rd &amp; Fritid","article_modified_time":"2026-03-12T07:55:40+00:00","og_image":[{"width":800,"height":800,"url":"https:\/\/i0.wp.com\/truusk.se\/wp-content\/uploads\/2024\/02\/sittgrupp-for-2-personer-matgrupp-tradgardsmobler-set-1-bord-2-stolar-med-paraplyhal-aluminium-vit.webp?fit=800%2C800&ssl=1","type":"image\/webp"}],"twitter_card":"summary_large_image","twitter_misc":{"Ber\u00e4knad l\u00e4stid":"1 minut"},"schema":{"@context":"https:\/\/schema.org","@graph":[{"@type":"WebPage","@id":"https:\/\/truusk.store\/sv\/produkt\/truusk-matgrupp-for-2-personer-tradgardsmobler-set-inkluderar-1-bord-och-2-stolar-aluminium-vit-paraplyhal\/","url":"https:\/\/truusk.store\/sv\/produkt\/truusk-matgrupp-for-2-personer-tradgardsmobler-set-inkluderar-1-bord-och-2-stolar-aluminium-vit-paraplyhal\/","name":"TRUUSK Matgrupp f\u00f6r 2 Personer - Tr\u00e4dg\u00e5rdsm\u00f6bler Set - Inkluderar 1 Bord och 2 Stolar - Aluminium - Vit - Paraplyh\u00e5l - TRUUSK - Hem, Tr\u00e4dg\u00e5rd &amp; Fritid","isPartOf":{"@id":"https:\/\/truusk.store\/sv\/#website"},"primaryImageOfPage":{"@id":"https:\/\/truusk.store\/sv\/produkt\/truusk-matgrupp-for-2-personer-tradgardsmobler-set-inkluderar-1-bord-och-2-stolar-aluminium-vit-paraplyhal\/#primaryimage"},"image":{"@id":"https:\/\/truusk.store\/sv\/produkt\/truusk-matgrupp-for-2-personer-tradgardsmobler-set-inkluderar-1-bord-och-2-stolar-aluminium-vit-paraplyhal\/#primaryimage"},"thumbnailUrl":"https:\/\/i0.wp.com\/truusk.store\/wp-content\/uploads\/2024\/02\/sittgrupp-for-2-personer-matgrupp-tradgardsmobler-set-1-bord-2-stolar-med-paraplyhal-aluminium-vit.webp?fit=800%2C800&ssl=1","datePublished":"2024-02-13T08:02:59+00:00","dateModified":"2026-03-12T07:55:40+00:00","breadcrumb":{"@id":"https:\/\/truusk.store\/sv\/produkt\/truusk-matgrupp-for-2-personer-tradgardsmobler-set-inkluderar-1-bord-och-2-stolar-aluminium-vit-paraplyhal\/#breadcrumb"},"inLanguage":"sv-SE","potentialAction":[{"@type":"ReadAction","target":["https:\/\/truusk.store\/sv\/produkt\/truusk-matgrupp-for-2-personer-tradgardsmobler-set-inkluderar-1-bord-och-2-stolar-aluminium-vit-paraplyhal\/"]}]},{"@type":"ImageObject","inLanguage":"sv-SE","@id":"https:\/\/truusk.store\/sv\/produkt\/truusk-matgrupp-for-2-personer-tradgardsmobler-set-inkluderar-1-bord-och-2-stolar-aluminium-vit-paraplyhal\/#primaryimage","url":"https:\/\/i0.wp.com\/truusk.store\/wp-content\/uploads\/2024\/02\/sittgrupp-for-2-personer-matgrupp-tradgardsmobler-set-1-bord-2-stolar-med-paraplyhal-aluminium-vit.webp?fit=800%2C800&ssl=1","contentUrl":"https:\/\/i0.wp.com\/truusk.store\/wp-content\/uploads\/2024\/02\/sittgrupp-for-2-personer-matgrupp-tradgardsmobler-set-1-bord-2-stolar-med-paraplyhal-aluminium-vit.webp?fit=800%2C800&ssl=1","width":800,"height":800,"caption":"Sittgrupp F\u00f6r 2 Personer Matgrupp Tr\u00e4dg\u00e5rdsm\u00f6bler Set 1 Bord + 2 Stolar Med Paraplyh\u00e5l Aluminium Vit 1"},{"@type":"BreadcrumbList","@id":"https:\/\/truusk.store\/sv\/produkt\/truusk-matgrupp-for-2-personer-tradgardsmobler-set-inkluderar-1-bord-och-2-stolar-aluminium-vit-paraplyhal\/#breadcrumb","itemListElement":[{"@type":"ListItem","position":1,"name":"Home","item":"https:\/\/truusk.store\/sv\/"},{"@type":"ListItem","position":2,"name":"Shop","item":"https:\/\/truusk.store\/shop\/"},{"@type":"ListItem","position":3,"name":"TRUUSK Matgrupp f\u00f6r 2 Personer &#8211; Tr\u00e4dg\u00e5rdsm\u00f6bler Set &#8211; Inkluderar 1 Bord och 2 Stolar &#8211; Aluminium &#8211; Vit &#8211; Paraplyh\u00e5l"}]},{"@type":"WebSite","@id":"https:\/\/truusk.store\/sv\/#website","url":"https:\/\/truusk.store\/sv\/","name":"TRUUSK - Hem, Tr\u00e4dg\u00e5rd & Fritid","description":"","publisher":{"@id":"https:\/\/truusk.store\/sv\/#organization"},"potentialAction":[{"@type":"SearchAction","target":{"@type":"EntryPoint","urlTemplate":"https:\/\/truusk.store\/sv\/?s={search_term_string}"},"query-input":{"@type":"PropertyValueSpecification","valueRequired":true,"valueName":"search_term_string"}}],"inLanguage":"sv-SE"},{"@type":"Organization","@id":"https:\/\/truusk.store\/sv\/#organization","name":"TRUUSK - Hem, Tr\u00e4dg\u00e5rd & Fritid","url":"https:\/\/truusk.store\/sv\/","logo":{"@type":"ImageObject","inLanguage":"sv-SE","@id":"https:\/\/truusk.store\/sv\/#\/schema\/logo\/image\/","url":"https:\/\/i0.wp.com\/truusk.store\/wp-content\/uploads\/2026\/03\/cropped-TRUUSK.png?fit=2032%2C917&ssl=1","contentUrl":"https:\/\/i0.wp.com\/truusk.store\/wp-content\/uploads\/2026\/03\/cropped-TRUUSK.png?fit=2032%2C917&ssl=1","width":2032,"height":917,"caption":"TRUUSK - Hem, Tr\u00e4dg\u00e5rd & Fritid"},"image":{"@id":"https:\/\/truusk.store\/sv\/#\/schema\/logo\/image\/"}}]}},"jetpack_sharing_enabled":true,"_links":{"self":[{"href":"https:\/\/truusk.store\/sv\/wp-json\/wp\/v2\/product\/7878","targetHints":{"allow":["GET"]}}],"collection":[{"href":"https:\/\/truusk.store\/sv\/wp-json\/wp\/v2\/product"}],"about":[{"href":"https:\/\/truusk.store\/sv\/wp-json\/wp\/v2\/types\/product"}],"wp:featuredmedia":[{"embeddable":true,"href":"https:\/\/truusk.store\/sv\/wp-json\/wp\/v2\/media\/7879"}],"wp:attachment":[{"href":"https:\/\/truusk.store\/sv\/wp-json\/wp\/v2\/media?parent=7878"}],"wp:term":[{"taxonomy":"product_brand","embeddable":true,"href":"https:\/\/truusk.store\/sv\/wp-json\/wp\/v2\/product_brand?post=7878"},{"taxonomy":"product_cat","embeddable":true,"href":"https:\/\/truusk.store\/sv\/wp-json\/wp\/v2\/product_cat?post=7878"},{"taxonomy":"product_tag","embeddable":true,"href":"https:\/\/truusk.store\/sv\/wp-json\/wp\/v2\/product_tag?post=7878"}],"curies":[{"name":"wp","href":"https:\/\/api.w.org\/{rel}","templated":true}]}}