{"id":78808,"date":"2025-06-10T05:35:42","date_gmt":"2025-06-10T04:35:42","guid":{"rendered":"https:\/\/truusk.store\/product\/koksskap-hogskap-med-arbetsyta-buffeskap-med-skjutdorrar-3-lador-justerbara-hyllor-forvaringsskap-for-kok-och-matsal-935x40x180-cm-vit\/"},"modified":"2026-03-12T08:44:15","modified_gmt":"2026-03-12T07:44:15","slug":"truusk-koksskap-med-arbetsyta-hogskap-buffeskap-med-skjutdorrar-forvaringsskap-935x40x180-cm-vit","status":"publish","type":"product","link":"https:\/\/truusk.store\/sv\/produkt\/truusk-koksskap-med-arbetsyta-hogskap-buffeskap-med-skjutdorrar-forvaringsskap-935x40x180-cm-vit\/","title":{"rendered":"TRUUSK K\u00f6kssk\u00e5p Med Arbetsyta &#8211; H\u00f6gsk\u00e5p &#8211; Buff\u00e9sk\u00e5p Med Skjutd\u00f6rrar &#8211; F\u00f6rvaringssk\u00e5p 93,5x40x180 Cm &#8211; Vit"},"content":{"rendered":"<p>S\u00e4g adj\u00f6 till oordning och v\u00e4lkomna ett organiserat hem med TRUUSK bondg\u00e5rdsk\u00f6ksbuff\u00e9n. Den erbjuder gener\u00f6st med arbetsyta, sex \u00f6ppna fack, tre l\u00e5dor och tv\u00e5 sk\u00e5p f\u00f6r att ordentligt f\u00f6rvara allt. Den utm\u00e4rker sig med sin vita finish, ladan d\u00f6rrar och svarta accenter, och kombinerar funktionalitet med rustik charm. TRUUSK k\u00f6ksbuff\u00e9sk\u00e5pet erbjuder inte bara f\u00f6rvaringsutrymme &#8211; det h\u00f6jer ditt hem.<\/p>\n<p>Beskrivning:<\/p>\n<ul>\n<li> Med \u00f6ppen arbetsyta f\u00f6r sm\u00e5 apparater som en kaffemaskin och en ryggfri design f\u00f6r enkel kabelhantering<\/li>\n<li> Sex \u00f6ppna hyllor och tv\u00e5 inre hyllor i k\u00f6ksf\u00f6rr\u00e5dssk\u00e5pet, som kan justeras i 3 niv\u00e5er f\u00f6r att rymma st\u00f6rre f\u00f6rem\u00e5l<\/li>\n<li> Tre praktiska l\u00e5dor i flerfunktionssk\u00e5pet f\u00f6r mindre f\u00f6rem\u00e5l<\/li>\n<li> H\u00f6gkvalitativ sp\u00e5nskive ram av allroundsk\u00e5pet b\u00e4r upp till 75 kg, med en melaminbelagd och rept\u00e5lig yta<\/li>\n<li> Tippskyddsdesign av mikrov\u00e5gssk\u00e5pet f\u00f6r extra s\u00e4kerhet och stabilitet<\/li>\n<li> Montering b\u00f6r utf\u00f6ras av minst 2 personer<\/li>\n<\/ul>\n<p> Tekniska data:<\/p>\n<ul>\n<li> F\u00e4rg: Vit<\/li>\n<li> Material: Sp\u00e5nskiva<\/li>\n<li> Totala dimensioner: 93,5L x 40B x 180H cm<\/li>\n<li> Storlek p\u00e5 \u00f6vre facket: 45B x 21,8T x 20,2H cm, 45B x 21,8T x 21,8H cm<\/li>\n<li> Inre storlek p\u00e5 l\u00e5dan: 24,5B x 29T x 6,6H cm<\/li>\n<li> Inre storlek p\u00e5 sk\u00e5pet: 29,5B x 35T x 46,7H cm (under)<\/li>\n<li> B\u00e4rkapacitet: 75 kg (totalt), 5 kg (l\u00e5da, hylla)<\/li>\n<\/ul>\n<p>Leveransinneh\u00e5ll:<\/p>\n<ul>\n<li> 1 x K\u00f6kssk\u00e5p<\/li>\n<li> 1 x Handbok<\/li>\n<\/ul>\n","protected":false},"excerpt":{"rendered":"<p>S\u00e4g adj\u00f6 till oordning och v\u00e4lkomna ett organiserat hem med TRUUSK bondg\u00e5rdsk\u00f6ksbuff\u00e9n. Den erbjuder gener\u00f6st med arbetsyta, sex \u00f6ppna fack,&#8230;<\/p>\n","protected":false},"featured_media":78799,"template":"","meta":[],"product_brand":[],"product_cat":[871,889,534],"product_tag":[],"class_list":{"0":"post-78808","1":"product","2":"type-product","3":"status-publish","4":"has-post-thumbnail","6":"product_cat-hus-hem","7":"product_cat-kok-matsal","8":"product_cat-koksskap","10":"first","11":"instock","12":"sale","13":"taxable","14":"shipping-taxable","15":"purchasable","16":"product-type-simple"},"yoast_head":"<!-- This site is optimized with the Yoast SEO plugin v25.4 - https:\/\/yoast.com\/wordpress\/plugins\/seo\/ -->\n<title>TRUUSK K\u00f6kssk\u00e5p Med Arbetsyta - H\u00f6gsk\u00e5p - Buff\u00e9sk\u00e5p Med Skjutd\u00f6rrar - F\u00f6rvaringssk\u00e5p 93,5x40x180 Cm - Vit - TRUUSK - Hem, Tr\u00e4dg\u00e5rd &amp; Fritid<\/title>\n<meta name=\"robots\" content=\"index, follow, max-snippet:-1, max-image-preview:large, max-video-preview:-1\" \/>\n<link rel=\"canonical\" href=\"https:\/\/truusk.store\/sv\/produkt\/truusk-koksskap-med-arbetsyta-hogskap-buffeskap-med-skjutdorrar-forvaringsskap-935x40x180-cm-vit\/\" \/>\n<meta property=\"og:locale\" content=\"sv_SE\" \/>\n<meta property=\"og:type\" content=\"article\" \/>\n<meta property=\"og:title\" content=\"TRUUSK K\u00f6kssk\u00e5p Med Arbetsyta - H\u00f6gsk\u00e5p - Buff\u00e9sk\u00e5p Med Skjutd\u00f6rrar - F\u00f6rvaringssk\u00e5p 93,5x40x180 Cm - Vit - TRUUSK - Hem, Tr\u00e4dg\u00e5rd &amp; Fritid\" \/>\n<meta property=\"og:description\" content=\"S\u00e4g adj\u00f6 till oordning och v\u00e4lkomna ett organiserat hem med TRUUSK bondg\u00e5rdsk\u00f6ksbuff\u00e9n. Den erbjuder gener\u00f6st med arbetsyta, sex \u00f6ppna fack,...\" \/>\n<meta property=\"og:url\" content=\"https:\/\/truusk.store\/sv\/produkt\/truusk-koksskap-med-arbetsyta-hogskap-buffeskap-med-skjutdorrar-forvaringsskap-935x40x180-cm-vit\/\" \/>\n<meta property=\"og:site_name\" content=\"TRUUSK - Hem, Tr\u00e4dg\u00e5rd &amp; Fritid\" \/>\n<meta property=\"article:modified_time\" content=\"2026-03-12T07:44:15+00:00\" \/>\n<meta property=\"og:image\" content=\"https:\/\/i0.wp.com\/truusk.se\/wp-content\/uploads\/2025\/06\/koksskap-hogskap-med-arbetsyta-buffeskap-med-skjutdorrar-3-lador-justerbara-hyllor-forvaringsskap-for-kok-och-matsal-935x40x180-cm-vit-1.webp?fit=2000%2C2000&ssl=1\" \/>\n\t<meta property=\"og:image:width\" content=\"2000\" \/>\n\t<meta property=\"og:image:height\" content=\"2000\" \/>\n\t<meta property=\"og:image:type\" content=\"image\/webp\" \/>\n<meta name=\"twitter:card\" content=\"summary_large_image\" \/>\n<meta name=\"twitter:label1\" content=\"Ber\u00e4knad l\u00e4stid\" \/>\n\t<meta name=\"twitter:data1\" content=\"1 minut\" \/>\n<!-- \/ Yoast SEO plugin. -->","yoast_head_json":{"title":"TRUUSK K\u00f6kssk\u00e5p Med Arbetsyta - H\u00f6gsk\u00e5p - Buff\u00e9sk\u00e5p Med Skjutd\u00f6rrar - F\u00f6rvaringssk\u00e5p 93,5x40x180 Cm - Vit - TRUUSK - Hem, Tr\u00e4dg\u00e5rd &amp; Fritid","robots":{"index":"index","follow":"follow","max-snippet":"max-snippet:-1","max-image-preview":"max-image-preview:large","max-video-preview":"max-video-preview:-1"},"canonical":"https:\/\/truusk.store\/sv\/produkt\/truusk-koksskap-med-arbetsyta-hogskap-buffeskap-med-skjutdorrar-forvaringsskap-935x40x180-cm-vit\/","og_locale":"sv_SE","og_type":"article","og_title":"TRUUSK K\u00f6kssk\u00e5p Med Arbetsyta - H\u00f6gsk\u00e5p - Buff\u00e9sk\u00e5p Med Skjutd\u00f6rrar - F\u00f6rvaringssk\u00e5p 93,5x40x180 Cm - Vit - TRUUSK - Hem, Tr\u00e4dg\u00e5rd &amp; Fritid","og_description":"S\u00e4g adj\u00f6 till oordning och v\u00e4lkomna ett organiserat hem med TRUUSK bondg\u00e5rdsk\u00f6ksbuff\u00e9n. Den erbjuder gener\u00f6st med arbetsyta, sex \u00f6ppna fack,...","og_url":"https:\/\/truusk.store\/sv\/produkt\/truusk-koksskap-med-arbetsyta-hogskap-buffeskap-med-skjutdorrar-forvaringsskap-935x40x180-cm-vit\/","og_site_name":"TRUUSK - Hem, Tr\u00e4dg\u00e5rd &amp; Fritid","article_modified_time":"2026-03-12T07:44:15+00:00","og_image":[{"width":2000,"height":2000,"url":"https:\/\/i0.wp.com\/truusk.se\/wp-content\/uploads\/2025\/06\/koksskap-hogskap-med-arbetsyta-buffeskap-med-skjutdorrar-3-lador-justerbara-hyllor-forvaringsskap-for-kok-och-matsal-935x40x180-cm-vit-1.webp?fit=2000%2C2000&ssl=1","type":"image\/webp"}],"twitter_card":"summary_large_image","twitter_misc":{"Ber\u00e4knad l\u00e4stid":"1 minut"},"schema":{"@context":"https:\/\/schema.org","@graph":[{"@type":"WebPage","@id":"https:\/\/truusk.store\/sv\/produkt\/truusk-koksskap-med-arbetsyta-hogskap-buffeskap-med-skjutdorrar-forvaringsskap-935x40x180-cm-vit\/","url":"https:\/\/truusk.store\/sv\/produkt\/truusk-koksskap-med-arbetsyta-hogskap-buffeskap-med-skjutdorrar-forvaringsskap-935x40x180-cm-vit\/","name":"TRUUSK K\u00f6kssk\u00e5p Med Arbetsyta - H\u00f6gsk\u00e5p - Buff\u00e9sk\u00e5p Med Skjutd\u00f6rrar - F\u00f6rvaringssk\u00e5p 93,5x40x180 Cm - Vit - TRUUSK - Hem, Tr\u00e4dg\u00e5rd &amp; Fritid","isPartOf":{"@id":"https:\/\/truusk.store\/sv\/#website"},"primaryImageOfPage":{"@id":"https:\/\/truusk.store\/sv\/produkt\/truusk-koksskap-med-arbetsyta-hogskap-buffeskap-med-skjutdorrar-forvaringsskap-935x40x180-cm-vit\/#primaryimage"},"image":{"@id":"https:\/\/truusk.store\/sv\/produkt\/truusk-koksskap-med-arbetsyta-hogskap-buffeskap-med-skjutdorrar-forvaringsskap-935x40x180-cm-vit\/#primaryimage"},"thumbnailUrl":"https:\/\/i0.wp.com\/truusk.store\/wp-content\/uploads\/2025\/06\/koksskap-hogskap-med-arbetsyta-buffeskap-med-skjutdorrar-3-lador-justerbara-hyllor-forvaringsskap-for-kok-och-matsal-935x40x180-cm-vit-1.webp?fit=2000%2C2000&ssl=1","datePublished":"2025-06-10T04:35:42+00:00","dateModified":"2026-03-12T07:44:15+00:00","breadcrumb":{"@id":"https:\/\/truusk.store\/sv\/produkt\/truusk-koksskap-med-arbetsyta-hogskap-buffeskap-med-skjutdorrar-forvaringsskap-935x40x180-cm-vit\/#breadcrumb"},"inLanguage":"sv-SE","potentialAction":[{"@type":"ReadAction","target":["https:\/\/truusk.store\/sv\/produkt\/truusk-koksskap-med-arbetsyta-hogskap-buffeskap-med-skjutdorrar-forvaringsskap-935x40x180-cm-vit\/"]}]},{"@type":"ImageObject","inLanguage":"sv-SE","@id":"https:\/\/truusk.store\/sv\/produkt\/truusk-koksskap-med-arbetsyta-hogskap-buffeskap-med-skjutdorrar-forvaringsskap-935x40x180-cm-vit\/#primaryimage","url":"https:\/\/i0.wp.com\/truusk.store\/wp-content\/uploads\/2025\/06\/koksskap-hogskap-med-arbetsyta-buffeskap-med-skjutdorrar-3-lador-justerbara-hyllor-forvaringsskap-for-kok-och-matsal-935x40x180-cm-vit-1.webp?fit=2000%2C2000&ssl=1","contentUrl":"https:\/\/i0.wp.com\/truusk.store\/wp-content\/uploads\/2025\/06\/koksskap-hogskap-med-arbetsyta-buffeskap-med-skjutdorrar-3-lador-justerbara-hyllor-forvaringsskap-for-kok-och-matsal-935x40x180-cm-vit-1.webp?fit=2000%2C2000&ssl=1","width":2000,"height":2000},{"@type":"BreadcrumbList","@id":"https:\/\/truusk.store\/sv\/produkt\/truusk-koksskap-med-arbetsyta-hogskap-buffeskap-med-skjutdorrar-forvaringsskap-935x40x180-cm-vit\/#breadcrumb","itemListElement":[{"@type":"ListItem","position":1,"name":"Home","item":"https:\/\/truusk.store\/sv\/"},{"@type":"ListItem","position":2,"name":"Shop","item":"https:\/\/truusk.store\/shop\/"},{"@type":"ListItem","position":3,"name":"TRUUSK K\u00f6kssk\u00e5p Med Arbetsyta &#8211; H\u00f6gsk\u00e5p &#8211; Buff\u00e9sk\u00e5p Med Skjutd\u00f6rrar &#8211; F\u00f6rvaringssk\u00e5p 93,5x40x180 Cm &#8211; Vit"}]},{"@type":"WebSite","@id":"https:\/\/truusk.store\/sv\/#website","url":"https:\/\/truusk.store\/sv\/","name":"TRUUSK - Hem, Tr\u00e4dg\u00e5rd & Fritid","description":"","publisher":{"@id":"https:\/\/truusk.store\/sv\/#organization"},"potentialAction":[{"@type":"SearchAction","target":{"@type":"EntryPoint","urlTemplate":"https:\/\/truusk.store\/sv\/?s={search_term_string}"},"query-input":{"@type":"PropertyValueSpecification","valueRequired":true,"valueName":"search_term_string"}}],"inLanguage":"sv-SE"},{"@type":"Organization","@id":"https:\/\/truusk.store\/sv\/#organization","name":"TRUUSK - Hem, Tr\u00e4dg\u00e5rd & Fritid","url":"https:\/\/truusk.store\/sv\/","logo":{"@type":"ImageObject","inLanguage":"sv-SE","@id":"https:\/\/truusk.store\/sv\/#\/schema\/logo\/image\/","url":"https:\/\/i0.wp.com\/truusk.store\/wp-content\/uploads\/2026\/03\/cropped-TRUUSK.png?fit=2032%2C917&ssl=1","contentUrl":"https:\/\/i0.wp.com\/truusk.store\/wp-content\/uploads\/2026\/03\/cropped-TRUUSK.png?fit=2032%2C917&ssl=1","width":2032,"height":917,"caption":"TRUUSK - Hem, Tr\u00e4dg\u00e5rd & Fritid"},"image":{"@id":"https:\/\/truusk.store\/sv\/#\/schema\/logo\/image\/"}}]}},"jetpack_sharing_enabled":true,"_links":{"self":[{"href":"https:\/\/truusk.store\/sv\/wp-json\/wp\/v2\/product\/78808","targetHints":{"allow":["GET"]}}],"collection":[{"href":"https:\/\/truusk.store\/sv\/wp-json\/wp\/v2\/product"}],"about":[{"href":"https:\/\/truusk.store\/sv\/wp-json\/wp\/v2\/types\/product"}],"wp:featuredmedia":[{"embeddable":true,"href":"https:\/\/truusk.store\/sv\/wp-json\/wp\/v2\/media\/78799"}],"wp:attachment":[{"href":"https:\/\/truusk.store\/sv\/wp-json\/wp\/v2\/media?parent=78808"}],"wp:term":[{"taxonomy":"product_brand","embeddable":true,"href":"https:\/\/truusk.store\/sv\/wp-json\/wp\/v2\/product_brand?post=78808"},{"taxonomy":"product_cat","embeddable":true,"href":"https:\/\/truusk.store\/sv\/wp-json\/wp\/v2\/product_cat?post=78808"},{"taxonomy":"product_tag","embeddable":true,"href":"https:\/\/truusk.store\/sv\/wp-json\/wp\/v2\/product_tag?post=78808"}],"curies":[{"name":"wp","href":"https:\/\/api.w.org\/{rel}","templated":true}]}}