{"id":78858,"date":"2025-06-10T05:40:37","date_gmt":"2025-06-10T04:40:37","guid":{"rendered":"https:\/\/truusk.store\/product\/hopfallbart-matbord-for-2-4-personer-med-2-oppna-hyllor-mobilt-matsalsbord-for-sma-utrymmen-matsal-kok-1334-x-80-x-75-cm-gra\/"},"modified":"2026-03-12T08:44:46","modified_gmt":"2026-03-12T07:44:46","slug":"truusk-hopfallbart-matbord-for-2-4-personer-2-oppna-hyllor-mobilt-matsalsbord-sma-utrymmen-kok-1334-x-80-x-75-cm-gra","status":"publish","type":"product","link":"https:\/\/truusk.store\/sv\/produkt\/truusk-hopfallbart-matbord-for-2-4-personer-2-oppna-hyllor-mobilt-matsalsbord-sma-utrymmen-kok-1334-x-80-x-75-cm-gra\/","title":{"rendered":"TRUUSK Hopf\u00e4llbart Matbord F\u00f6r 2-4 Personer &#8211; 2 \u00f6ppna Hyllor &#8211; Mobilt Matsalsbord &#8211; Sm\u00e5 Utrymmen &#8211; K\u00f6k &#8211; 133,4 x 80 x 75 cm &#8211; Gr\u00e5"},"content":{"rendered":"<p>Letar du efter ett m\u00e5ngsidigt matbord som anpassar sig till din livsstil? D\u00e5 \u00e4r detta utdragbara bord perfekt f\u00f6r dig: Perfekt f\u00f6r sm\u00e5 utrymmen, det erbjuder plats f\u00f6r upp till fyra personer. Tv\u00e5 utf\u00e4llbara bordsskivor p\u00e5 matbordet m\u00f6jligg\u00f6r flexibel anv\u00e4ndning och \u00f6ppna fack h\u00e5ller olika f\u00f6rem\u00e5l s\u00e4kert p\u00e5 plats. Tack vare en robust ram och smidiga hjul med bromsar kan den enkelt f\u00e4llas ihop och s\u00e4kert dras ut.<\/p>\n<p>Beskrivning:<\/p>\n<ul>\n<li> Utf\u00e4llbara bordsskivor ut\u00f6kar utrymmet f\u00f6r upp till fyra personer och sparar utrymme<\/li>\n<li> Tv\u00e5 \u00f6ppna fack h\u00e5ller f\u00f6rem\u00e5l s\u00e4kert<\/li>\n<li> Konstruktionen av melamin-sp\u00e5nskivor garanterar h\u00e5llbarhet<\/li>\n<li> Hjul p\u00e5 k\u00f6ksbordet med bromsar m\u00f6jligg\u00f6r enkel ihopf\u00e4llning och utvidgning<\/li>\n<li> M\u00e5ngsidigt anv\u00e4ndbar f\u00f6r matlagning, som matbord eller skrivbord<\/li>\n<li> Sl\u00e4ta kanter p\u00e5 det f\u00e4llbara bordet \u00f6kar s\u00e4kerheten<\/li>\n<li> Montering kr\u00e4vs<\/li>\n<\/ul>\n<p> Tekniska data:<\/p>\n<ul>\n<li> F\u00e4rg: Gr\u00e5<\/li>\n<li> Material: Sp\u00e5nskiva, Metall<\/li>\n<li> Utvikt storlek: 133,4L x 80B x 75H cm<\/li>\n<li> Enskild vikt storlek: 80B x 83,2T x 75H cm<\/li>\n<li> Vikt storlek: 80L x 33B x 75H cm<\/li>\n<li> \u00d6ppen fackstorlek: 71,5L x 24B x 5,5H cm<\/li>\n<li> B\u00e4rkapacitet: 50 kg (totalt), 10 kg (vikbar platta), 30 kg (bordsskiva), 20 kg (\u00f6ppet fack)<\/li>\n<\/ul>\n<p>Leveransinneh\u00e5ll:<\/p>\n<ul>\n<li> 1 x Vikbart matbord<\/li>\n<li> 1 x Bruksanvisning<\/li>\n<\/ul>\n","protected":false},"excerpt":{"rendered":"<p>Letar du efter ett m\u00e5ngsidigt matbord som anpassar sig till din livsstil? D\u00e5 \u00e4r detta utdragbara bord perfekt f\u00f6r dig:&#8230;<\/p>\n","protected":false},"featured_media":78849,"template":"","meta":[],"product_brand":[],"product_cat":[871,889,509],"product_tag":[],"class_list":{"0":"post-78858","1":"product","2":"type-product","3":"status-publish","4":"has-post-thumbnail","6":"product_cat-hus-hem","7":"product_cat-kok-matsal","8":"product_cat-matbord","10":"first","11":"instock","12":"sale","13":"taxable","14":"shipping-taxable","15":"purchasable","16":"product-type-simple"},"yoast_head":"<!-- This site is optimized with the Yoast SEO plugin v25.4 - https:\/\/yoast.com\/wordpress\/plugins\/seo\/ -->\n<title>TRUUSK Hopf\u00e4llbart Matbord F\u00f6r 2-4 Personer - 2 \u00f6ppna Hyllor - Mobilt Matsalsbord - Sm\u00e5 Utrymmen - K\u00f6k - 133,4 x 80 x 75 cm - Gr\u00e5 - TRUUSK - Hem, Tr\u00e4dg\u00e5rd &amp; Fritid<\/title>\n<meta name=\"robots\" content=\"index, follow, max-snippet:-1, max-image-preview:large, max-video-preview:-1\" \/>\n<link rel=\"canonical\" href=\"https:\/\/truusk.store\/sv\/produkt\/truusk-hopfallbart-matbord-for-2-4-personer-2-oppna-hyllor-mobilt-matsalsbord-sma-utrymmen-kok-1334-x-80-x-75-cm-gra\/\" \/>\n<meta property=\"og:locale\" content=\"sv_SE\" \/>\n<meta property=\"og:type\" content=\"article\" \/>\n<meta property=\"og:title\" content=\"TRUUSK Hopf\u00e4llbart Matbord F\u00f6r 2-4 Personer - 2 \u00f6ppna Hyllor - Mobilt Matsalsbord - Sm\u00e5 Utrymmen - K\u00f6k - 133,4 x 80 x 75 cm - Gr\u00e5 - TRUUSK - Hem, Tr\u00e4dg\u00e5rd &amp; Fritid\" \/>\n<meta property=\"og:description\" content=\"Letar du efter ett m\u00e5ngsidigt matbord som anpassar sig till din livsstil? D\u00e5 \u00e4r detta utdragbara bord perfekt f\u00f6r dig:...\" \/>\n<meta property=\"og:url\" content=\"https:\/\/truusk.store\/sv\/produkt\/truusk-hopfallbart-matbord-for-2-4-personer-2-oppna-hyllor-mobilt-matsalsbord-sma-utrymmen-kok-1334-x-80-x-75-cm-gra\/\" \/>\n<meta property=\"og:site_name\" content=\"TRUUSK - Hem, Tr\u00e4dg\u00e5rd &amp; Fritid\" \/>\n<meta property=\"article:modified_time\" content=\"2026-03-12T07:44:46+00:00\" \/>\n<meta property=\"og:image\" content=\"https:\/\/i0.wp.com\/truusk.se\/wp-content\/uploads\/2025\/06\/hopfallbart-matbord-for-2-4-personer-med-2-oppna-hyllor-mobilt-matsalsbord-for-sma-utrymmen-matsal-kok-1334-x-80-x-75-cm-gra-1.webp?fit=2000%2C2000&ssl=1\" \/>\n\t<meta property=\"og:image:width\" content=\"2000\" \/>\n\t<meta property=\"og:image:height\" content=\"2000\" \/>\n\t<meta property=\"og:image:type\" content=\"image\/webp\" \/>\n<meta name=\"twitter:card\" content=\"summary_large_image\" \/>\n<meta name=\"twitter:label1\" content=\"Ber\u00e4knad l\u00e4stid\" \/>\n\t<meta name=\"twitter:data1\" content=\"1 minut\" \/>\n<!-- \/ Yoast SEO plugin. -->","yoast_head_json":{"title":"TRUUSK Hopf\u00e4llbart Matbord F\u00f6r 2-4 Personer - 2 \u00f6ppna Hyllor - Mobilt Matsalsbord - Sm\u00e5 Utrymmen - K\u00f6k - 133,4 x 80 x 75 cm - Gr\u00e5 - TRUUSK - Hem, Tr\u00e4dg\u00e5rd &amp; Fritid","robots":{"index":"index","follow":"follow","max-snippet":"max-snippet:-1","max-image-preview":"max-image-preview:large","max-video-preview":"max-video-preview:-1"},"canonical":"https:\/\/truusk.store\/sv\/produkt\/truusk-hopfallbart-matbord-for-2-4-personer-2-oppna-hyllor-mobilt-matsalsbord-sma-utrymmen-kok-1334-x-80-x-75-cm-gra\/","og_locale":"sv_SE","og_type":"article","og_title":"TRUUSK Hopf\u00e4llbart Matbord F\u00f6r 2-4 Personer - 2 \u00f6ppna Hyllor - Mobilt Matsalsbord - Sm\u00e5 Utrymmen - K\u00f6k - 133,4 x 80 x 75 cm - Gr\u00e5 - TRUUSK - Hem, Tr\u00e4dg\u00e5rd &amp; Fritid","og_description":"Letar du efter ett m\u00e5ngsidigt matbord som anpassar sig till din livsstil? D\u00e5 \u00e4r detta utdragbara bord perfekt f\u00f6r dig:...","og_url":"https:\/\/truusk.store\/sv\/produkt\/truusk-hopfallbart-matbord-for-2-4-personer-2-oppna-hyllor-mobilt-matsalsbord-sma-utrymmen-kok-1334-x-80-x-75-cm-gra\/","og_site_name":"TRUUSK - Hem, Tr\u00e4dg\u00e5rd &amp; Fritid","article_modified_time":"2026-03-12T07:44:46+00:00","og_image":[{"width":2000,"height":2000,"url":"https:\/\/i0.wp.com\/truusk.se\/wp-content\/uploads\/2025\/06\/hopfallbart-matbord-for-2-4-personer-med-2-oppna-hyllor-mobilt-matsalsbord-for-sma-utrymmen-matsal-kok-1334-x-80-x-75-cm-gra-1.webp?fit=2000%2C2000&ssl=1","type":"image\/webp"}],"twitter_card":"summary_large_image","twitter_misc":{"Ber\u00e4knad l\u00e4stid":"1 minut"},"schema":{"@context":"https:\/\/schema.org","@graph":[{"@type":"WebPage","@id":"https:\/\/truusk.store\/sv\/produkt\/truusk-hopfallbart-matbord-for-2-4-personer-2-oppna-hyllor-mobilt-matsalsbord-sma-utrymmen-kok-1334-x-80-x-75-cm-gra\/","url":"https:\/\/truusk.store\/sv\/produkt\/truusk-hopfallbart-matbord-for-2-4-personer-2-oppna-hyllor-mobilt-matsalsbord-sma-utrymmen-kok-1334-x-80-x-75-cm-gra\/","name":"TRUUSK Hopf\u00e4llbart Matbord F\u00f6r 2-4 Personer - 2 \u00f6ppna Hyllor - Mobilt Matsalsbord - Sm\u00e5 Utrymmen - K\u00f6k - 133,4 x 80 x 75 cm - Gr\u00e5 - TRUUSK - Hem, Tr\u00e4dg\u00e5rd &amp; Fritid","isPartOf":{"@id":"https:\/\/truusk.store\/sv\/#website"},"primaryImageOfPage":{"@id":"https:\/\/truusk.store\/sv\/produkt\/truusk-hopfallbart-matbord-for-2-4-personer-2-oppna-hyllor-mobilt-matsalsbord-sma-utrymmen-kok-1334-x-80-x-75-cm-gra\/#primaryimage"},"image":{"@id":"https:\/\/truusk.store\/sv\/produkt\/truusk-hopfallbart-matbord-for-2-4-personer-2-oppna-hyllor-mobilt-matsalsbord-sma-utrymmen-kok-1334-x-80-x-75-cm-gra\/#primaryimage"},"thumbnailUrl":"https:\/\/i0.wp.com\/truusk.store\/wp-content\/uploads\/2025\/06\/hopfallbart-matbord-for-2-4-personer-med-2-oppna-hyllor-mobilt-matsalsbord-for-sma-utrymmen-matsal-kok-1334-x-80-x-75-cm-gra-1.webp?fit=2000%2C2000&ssl=1","datePublished":"2025-06-10T04:40:37+00:00","dateModified":"2026-03-12T07:44:46+00:00","breadcrumb":{"@id":"https:\/\/truusk.store\/sv\/produkt\/truusk-hopfallbart-matbord-for-2-4-personer-2-oppna-hyllor-mobilt-matsalsbord-sma-utrymmen-kok-1334-x-80-x-75-cm-gra\/#breadcrumb"},"inLanguage":"sv-SE","potentialAction":[{"@type":"ReadAction","target":["https:\/\/truusk.store\/sv\/produkt\/truusk-hopfallbart-matbord-for-2-4-personer-2-oppna-hyllor-mobilt-matsalsbord-sma-utrymmen-kok-1334-x-80-x-75-cm-gra\/"]}]},{"@type":"ImageObject","inLanguage":"sv-SE","@id":"https:\/\/truusk.store\/sv\/produkt\/truusk-hopfallbart-matbord-for-2-4-personer-2-oppna-hyllor-mobilt-matsalsbord-sma-utrymmen-kok-1334-x-80-x-75-cm-gra\/#primaryimage","url":"https:\/\/i0.wp.com\/truusk.store\/wp-content\/uploads\/2025\/06\/hopfallbart-matbord-for-2-4-personer-med-2-oppna-hyllor-mobilt-matsalsbord-for-sma-utrymmen-matsal-kok-1334-x-80-x-75-cm-gra-1.webp?fit=2000%2C2000&ssl=1","contentUrl":"https:\/\/i0.wp.com\/truusk.store\/wp-content\/uploads\/2025\/06\/hopfallbart-matbord-for-2-4-personer-med-2-oppna-hyllor-mobilt-matsalsbord-for-sma-utrymmen-matsal-kok-1334-x-80-x-75-cm-gra-1.webp?fit=2000%2C2000&ssl=1","width":2000,"height":2000},{"@type":"BreadcrumbList","@id":"https:\/\/truusk.store\/sv\/produkt\/truusk-hopfallbart-matbord-for-2-4-personer-2-oppna-hyllor-mobilt-matsalsbord-sma-utrymmen-kok-1334-x-80-x-75-cm-gra\/#breadcrumb","itemListElement":[{"@type":"ListItem","position":1,"name":"Home","item":"https:\/\/truusk.store\/sv\/"},{"@type":"ListItem","position":2,"name":"Shop","item":"https:\/\/truusk.store\/shop\/"},{"@type":"ListItem","position":3,"name":"TRUUSK Hopf\u00e4llbart Matbord F\u00f6r 2-4 Personer &#8211; 2 \u00f6ppna Hyllor &#8211; Mobilt Matsalsbord &#8211; Sm\u00e5 Utrymmen &#8211; K\u00f6k &#8211; 133,4 x 80 x 75 cm &#8211; Gr\u00e5"}]},{"@type":"WebSite","@id":"https:\/\/truusk.store\/sv\/#website","url":"https:\/\/truusk.store\/sv\/","name":"TRUUSK - Hem, Tr\u00e4dg\u00e5rd & Fritid","description":"","publisher":{"@id":"https:\/\/truusk.store\/sv\/#organization"},"potentialAction":[{"@type":"SearchAction","target":{"@type":"EntryPoint","urlTemplate":"https:\/\/truusk.store\/sv\/?s={search_term_string}"},"query-input":{"@type":"PropertyValueSpecification","valueRequired":true,"valueName":"search_term_string"}}],"inLanguage":"sv-SE"},{"@type":"Organization","@id":"https:\/\/truusk.store\/sv\/#organization","name":"TRUUSK - Hem, Tr\u00e4dg\u00e5rd & Fritid","url":"https:\/\/truusk.store\/sv\/","logo":{"@type":"ImageObject","inLanguage":"sv-SE","@id":"https:\/\/truusk.store\/sv\/#\/schema\/logo\/image\/","url":"https:\/\/i0.wp.com\/truusk.store\/wp-content\/uploads\/2026\/03\/cropped-TRUUSK.png?fit=2032%2C917&ssl=1","contentUrl":"https:\/\/i0.wp.com\/truusk.store\/wp-content\/uploads\/2026\/03\/cropped-TRUUSK.png?fit=2032%2C917&ssl=1","width":2032,"height":917,"caption":"TRUUSK - Hem, Tr\u00e4dg\u00e5rd & Fritid"},"image":{"@id":"https:\/\/truusk.store\/sv\/#\/schema\/logo\/image\/"}}]}},"jetpack_sharing_enabled":true,"_links":{"self":[{"href":"https:\/\/truusk.store\/sv\/wp-json\/wp\/v2\/product\/78858","targetHints":{"allow":["GET"]}}],"collection":[{"href":"https:\/\/truusk.store\/sv\/wp-json\/wp\/v2\/product"}],"about":[{"href":"https:\/\/truusk.store\/sv\/wp-json\/wp\/v2\/types\/product"}],"wp:featuredmedia":[{"embeddable":true,"href":"https:\/\/truusk.store\/sv\/wp-json\/wp\/v2\/media\/78849"}],"wp:attachment":[{"href":"https:\/\/truusk.store\/sv\/wp-json\/wp\/v2\/media?parent=78858"}],"wp:term":[{"taxonomy":"product_brand","embeddable":true,"href":"https:\/\/truusk.store\/sv\/wp-json\/wp\/v2\/product_brand?post=78858"},{"taxonomy":"product_cat","embeddable":true,"href":"https:\/\/truusk.store\/sv\/wp-json\/wp\/v2\/product_cat?post=78858"},{"taxonomy":"product_tag","embeddable":true,"href":"https:\/\/truusk.store\/sv\/wp-json\/wp\/v2\/product_tag?post=78858"}],"curies":[{"name":"wp","href":"https:\/\/api.w.org\/{rel}","templated":true}]}}