{"id":78928,"date":"2025-06-10T05:47:37","date_gmt":"2025-06-10T04:47:37","guid":{"rendered":"https:\/\/truusk.store\/product\/koksskap-hogt-skap-med-justerbara-hyllor-4-dorrar-buffeskap-med-lada-forvaringsskap-med-skandinavisk-design-vit\/"},"modified":"2026-03-12T08:44:15","modified_gmt":"2026-03-12T07:44:15","slug":"truusk-koksskap-justerbara-hyllor-4-dorrar-skandinavisk-design-vit","status":"publish","type":"product","link":"https:\/\/truusk.store\/sv\/produkt\/truusk-koksskap-justerbara-hyllor-4-dorrar-skandinavisk-design-vit\/","title":{"rendered":"TRUUSK K\u00f6kssk\u00e5p &#8211; Justerbara hyllor &#8211; 4 d\u00f6rrar &#8211; Skandinavisk design &#8211; Vit"},"content":{"rendered":"<p>Uppt\u00e4ck enkelheten med TRUUSK k\u00f6kssk\u00e5p. Det erbjuder st\u00e4ngd f\u00f6rvaring med ett \u00f6vre sk\u00e5p, en mittl\u00e5da och ett nedre sk\u00e5p f\u00f6r att h\u00e5lla dina redskap organiserade och dammfria. De justerbara hyllorna i vitrinsk\u00e5pet anpassar sig efter dina behov, medan den eleganta vita finishen och silverhandtagen ger varje rum en modern touch. Perfekt f\u00f6r rum som beh\u00f6ver ordning.<\/p>\n<p>Beskrivning:<\/p>\n<ul>\n<li> St\u00e4ngd f\u00f6rvaring av flerfunktionssk\u00e5pet h\u00e5ller k\u00f6ksredskap organiserade och dammfria<\/li>\n<li> Tv\u00e5 trestegs justerbara hyllor f\u00f6r olika lagringskrav<\/li>\n<li> Rent vitt med klara linjer och silverf\u00e4rgade handtag framh\u00e4ver moderna interi\u00f6rer<\/li>\n<li> H\u00f6gkvalitativ sp\u00e5nskiva och MDF-konstruktion av k\u00f6kssk\u00e5pet garanterar p\u00e5litlig daglig anv\u00e4ndning<\/li>\n<li> Tipp-s\u00e4kringar ger extra s\u00e4kerhet mot oavsiktligt tippning<\/li>\n<li> Repfri melaminyta m\u00f6jligg\u00f6r enkel reng\u00f6ring<\/li>\n<li> Kan anv\u00e4ndas som k\u00f6kssk\u00e5p, bokhylla, kontorssk\u00e5p och mer<\/li>\n<li> Montering kr\u00e4vs<\/li>\n<\/ul>\n<p> Tekniska data:<\/p>\n<ul>\n<li> F\u00e4rg: Vit<\/li>\n<li> Material: Sp\u00e5nskiva, MDF<\/li>\n<li> Totala dimensioner: 60B x 35T x 180H cm<\/li>\n<li> Sk\u00e5ps inre dimensioner: 57B x 29,5T x 79H cm (\u00f6vre), 56,5B x 29,5T x 71,5H cm (nedre)<\/li>\n<li> Inre dimensioner p\u00e5 l\u00e5dan: 52B x 28,5T x 9,5H cm<\/li>\n<li> B\u00e4rkapacitet: 35 kg (totalt), 10 kg (fast hylla), 5 kg (justerbar hylla\/l\u00e5da)<\/li>\n<\/ul>\n<p>Leverans inneh\u00e5ller:<\/p>\n<ul>\n<li> 1 x k\u00f6kssk\u00e5p<\/li>\n<li> 1 x bruksanvisning<\/li>\n<\/ul>\n","protected":false},"excerpt":{"rendered":"<p>Uppt\u00e4ck enkelheten med TRUUSK k\u00f6kssk\u00e5p. Det erbjuder st\u00e4ngd f\u00f6rvaring med ett \u00f6vre sk\u00e5p, en mittl\u00e5da och ett nedre sk\u00e5p f\u00f6r&#8230;<\/p>\n","protected":false},"featured_media":78919,"template":"","meta":[],"product_brand":[],"product_cat":[871,889,534],"product_tag":[],"class_list":{"0":"post-78928","1":"product","2":"type-product","3":"status-publish","4":"has-post-thumbnail","6":"product_cat-hus-hem","7":"product_cat-kok-matsal","8":"product_cat-koksskap","10":"first","11":"instock","12":"sale","13":"taxable","14":"shipping-taxable","15":"purchasable","16":"product-type-simple"},"yoast_head":"<!-- This site is optimized with the Yoast SEO plugin v25.4 - https:\/\/yoast.com\/wordpress\/plugins\/seo\/ -->\n<title>TRUUSK K\u00f6kssk\u00e5p - Justerbara hyllor - 4 d\u00f6rrar - Skandinavisk design - Vit - TRUUSK - Hem, Tr\u00e4dg\u00e5rd &amp; Fritid<\/title>\n<meta name=\"robots\" content=\"index, follow, max-snippet:-1, max-image-preview:large, max-video-preview:-1\" \/>\n<link rel=\"canonical\" href=\"https:\/\/truusk.store\/sv\/produkt\/truusk-koksskap-justerbara-hyllor-4-dorrar-skandinavisk-design-vit\/\" \/>\n<meta property=\"og:locale\" content=\"sv_SE\" \/>\n<meta property=\"og:type\" content=\"article\" \/>\n<meta property=\"og:title\" content=\"TRUUSK K\u00f6kssk\u00e5p - Justerbara hyllor - 4 d\u00f6rrar - Skandinavisk design - Vit - TRUUSK - Hem, Tr\u00e4dg\u00e5rd &amp; Fritid\" \/>\n<meta property=\"og:description\" content=\"Uppt\u00e4ck enkelheten med TRUUSK k\u00f6kssk\u00e5p. Det erbjuder st\u00e4ngd f\u00f6rvaring med ett \u00f6vre sk\u00e5p, en mittl\u00e5da och ett nedre sk\u00e5p f\u00f6r...\" \/>\n<meta property=\"og:url\" content=\"https:\/\/truusk.store\/sv\/produkt\/truusk-koksskap-justerbara-hyllor-4-dorrar-skandinavisk-design-vit\/\" \/>\n<meta property=\"og:site_name\" content=\"TRUUSK - Hem, Tr\u00e4dg\u00e5rd &amp; Fritid\" \/>\n<meta property=\"article:modified_time\" content=\"2026-03-12T07:44:15+00:00\" \/>\n<meta property=\"og:image\" content=\"https:\/\/i0.wp.com\/truusk.se\/wp-content\/uploads\/2025\/06\/koksskap-hogt-skap-med-justerbara-hyllor-4-dorrar-buffeskap-med-lada-forvaringsskap-med-skandinavisk-design-vit-1.webp?fit=2000%2C2000&ssl=1\" \/>\n\t<meta property=\"og:image:width\" content=\"2000\" \/>\n\t<meta property=\"og:image:height\" content=\"2000\" \/>\n\t<meta property=\"og:image:type\" content=\"image\/webp\" \/>\n<meta name=\"twitter:card\" content=\"summary_large_image\" \/>\n<meta name=\"twitter:label1\" content=\"Ber\u00e4knad l\u00e4stid\" \/>\n\t<meta name=\"twitter:data1\" content=\"1 minut\" \/>\n<!-- \/ Yoast SEO plugin. -->","yoast_head_json":{"title":"TRUUSK K\u00f6kssk\u00e5p - Justerbara hyllor - 4 d\u00f6rrar - Skandinavisk design - Vit - TRUUSK - Hem, Tr\u00e4dg\u00e5rd &amp; Fritid","robots":{"index":"index","follow":"follow","max-snippet":"max-snippet:-1","max-image-preview":"max-image-preview:large","max-video-preview":"max-video-preview:-1"},"canonical":"https:\/\/truusk.store\/sv\/produkt\/truusk-koksskap-justerbara-hyllor-4-dorrar-skandinavisk-design-vit\/","og_locale":"sv_SE","og_type":"article","og_title":"TRUUSK K\u00f6kssk\u00e5p - Justerbara hyllor - 4 d\u00f6rrar - Skandinavisk design - Vit - TRUUSK - Hem, Tr\u00e4dg\u00e5rd &amp; Fritid","og_description":"Uppt\u00e4ck enkelheten med TRUUSK k\u00f6kssk\u00e5p. Det erbjuder st\u00e4ngd f\u00f6rvaring med ett \u00f6vre sk\u00e5p, en mittl\u00e5da och ett nedre sk\u00e5p f\u00f6r...","og_url":"https:\/\/truusk.store\/sv\/produkt\/truusk-koksskap-justerbara-hyllor-4-dorrar-skandinavisk-design-vit\/","og_site_name":"TRUUSK - Hem, Tr\u00e4dg\u00e5rd &amp; Fritid","article_modified_time":"2026-03-12T07:44:15+00:00","og_image":[{"width":2000,"height":2000,"url":"https:\/\/i0.wp.com\/truusk.se\/wp-content\/uploads\/2025\/06\/koksskap-hogt-skap-med-justerbara-hyllor-4-dorrar-buffeskap-med-lada-forvaringsskap-med-skandinavisk-design-vit-1.webp?fit=2000%2C2000&ssl=1","type":"image\/webp"}],"twitter_card":"summary_large_image","twitter_misc":{"Ber\u00e4knad l\u00e4stid":"1 minut"},"schema":{"@context":"https:\/\/schema.org","@graph":[{"@type":"WebPage","@id":"https:\/\/truusk.store\/sv\/produkt\/truusk-koksskap-justerbara-hyllor-4-dorrar-skandinavisk-design-vit\/","url":"https:\/\/truusk.store\/sv\/produkt\/truusk-koksskap-justerbara-hyllor-4-dorrar-skandinavisk-design-vit\/","name":"TRUUSK K\u00f6kssk\u00e5p - Justerbara hyllor - 4 d\u00f6rrar - Skandinavisk design - Vit - TRUUSK - Hem, Tr\u00e4dg\u00e5rd &amp; Fritid","isPartOf":{"@id":"https:\/\/truusk.store\/sv\/#website"},"primaryImageOfPage":{"@id":"https:\/\/truusk.store\/sv\/produkt\/truusk-koksskap-justerbara-hyllor-4-dorrar-skandinavisk-design-vit\/#primaryimage"},"image":{"@id":"https:\/\/truusk.store\/sv\/produkt\/truusk-koksskap-justerbara-hyllor-4-dorrar-skandinavisk-design-vit\/#primaryimage"},"thumbnailUrl":"https:\/\/i0.wp.com\/truusk.store\/wp-content\/uploads\/2025\/06\/koksskap-hogt-skap-med-justerbara-hyllor-4-dorrar-buffeskap-med-lada-forvaringsskap-med-skandinavisk-design-vit-1.webp?fit=2000%2C2000&ssl=1","datePublished":"2025-06-10T04:47:37+00:00","dateModified":"2026-03-12T07:44:15+00:00","breadcrumb":{"@id":"https:\/\/truusk.store\/sv\/produkt\/truusk-koksskap-justerbara-hyllor-4-dorrar-skandinavisk-design-vit\/#breadcrumb"},"inLanguage":"sv-SE","potentialAction":[{"@type":"ReadAction","target":["https:\/\/truusk.store\/sv\/produkt\/truusk-koksskap-justerbara-hyllor-4-dorrar-skandinavisk-design-vit\/"]}]},{"@type":"ImageObject","inLanguage":"sv-SE","@id":"https:\/\/truusk.store\/sv\/produkt\/truusk-koksskap-justerbara-hyllor-4-dorrar-skandinavisk-design-vit\/#primaryimage","url":"https:\/\/i0.wp.com\/truusk.store\/wp-content\/uploads\/2025\/06\/koksskap-hogt-skap-med-justerbara-hyllor-4-dorrar-buffeskap-med-lada-forvaringsskap-med-skandinavisk-design-vit-1.webp?fit=2000%2C2000&ssl=1","contentUrl":"https:\/\/i0.wp.com\/truusk.store\/wp-content\/uploads\/2025\/06\/koksskap-hogt-skap-med-justerbara-hyllor-4-dorrar-buffeskap-med-lada-forvaringsskap-med-skandinavisk-design-vit-1.webp?fit=2000%2C2000&ssl=1","width":2000,"height":2000},{"@type":"BreadcrumbList","@id":"https:\/\/truusk.store\/sv\/produkt\/truusk-koksskap-justerbara-hyllor-4-dorrar-skandinavisk-design-vit\/#breadcrumb","itemListElement":[{"@type":"ListItem","position":1,"name":"Home","item":"https:\/\/truusk.store\/sv\/"},{"@type":"ListItem","position":2,"name":"Shop","item":"https:\/\/truusk.store\/shop\/"},{"@type":"ListItem","position":3,"name":"TRUUSK K\u00f6kssk\u00e5p &#8211; Justerbara hyllor &#8211; 4 d\u00f6rrar &#8211; Skandinavisk design &#8211; Vit"}]},{"@type":"WebSite","@id":"https:\/\/truusk.store\/sv\/#website","url":"https:\/\/truusk.store\/sv\/","name":"TRUUSK - Hem, Tr\u00e4dg\u00e5rd & Fritid","description":"","publisher":{"@id":"https:\/\/truusk.store\/sv\/#organization"},"potentialAction":[{"@type":"SearchAction","target":{"@type":"EntryPoint","urlTemplate":"https:\/\/truusk.store\/sv\/?s={search_term_string}"},"query-input":{"@type":"PropertyValueSpecification","valueRequired":true,"valueName":"search_term_string"}}],"inLanguage":"sv-SE"},{"@type":"Organization","@id":"https:\/\/truusk.store\/sv\/#organization","name":"TRUUSK - Hem, Tr\u00e4dg\u00e5rd & Fritid","url":"https:\/\/truusk.store\/sv\/","logo":{"@type":"ImageObject","inLanguage":"sv-SE","@id":"https:\/\/truusk.store\/sv\/#\/schema\/logo\/image\/","url":"https:\/\/i0.wp.com\/truusk.store\/wp-content\/uploads\/2026\/03\/cropped-TRUUSK.png?fit=2032%2C917&ssl=1","contentUrl":"https:\/\/i0.wp.com\/truusk.store\/wp-content\/uploads\/2026\/03\/cropped-TRUUSK.png?fit=2032%2C917&ssl=1","width":2032,"height":917,"caption":"TRUUSK - Hem, Tr\u00e4dg\u00e5rd & Fritid"},"image":{"@id":"https:\/\/truusk.store\/sv\/#\/schema\/logo\/image\/"}}]}},"jetpack_sharing_enabled":true,"_links":{"self":[{"href":"https:\/\/truusk.store\/sv\/wp-json\/wp\/v2\/product\/78928","targetHints":{"allow":["GET"]}}],"collection":[{"href":"https:\/\/truusk.store\/sv\/wp-json\/wp\/v2\/product"}],"about":[{"href":"https:\/\/truusk.store\/sv\/wp-json\/wp\/v2\/types\/product"}],"wp:featuredmedia":[{"embeddable":true,"href":"https:\/\/truusk.store\/sv\/wp-json\/wp\/v2\/media\/78919"}],"wp:attachment":[{"href":"https:\/\/truusk.store\/sv\/wp-json\/wp\/v2\/media?parent=78928"}],"wp:term":[{"taxonomy":"product_brand","embeddable":true,"href":"https:\/\/truusk.store\/sv\/wp-json\/wp\/v2\/product_brand?post=78928"},{"taxonomy":"product_cat","embeddable":true,"href":"https:\/\/truusk.store\/sv\/wp-json\/wp\/v2\/product_cat?post=78928"},{"taxonomy":"product_tag","embeddable":true,"href":"https:\/\/truusk.store\/sv\/wp-json\/wp\/v2\/product_tag?post=78928"}],"curies":[{"name":"wp","href":"https:\/\/api.w.org\/{rel}","templated":true}]}}