{"id":78958,"date":"2025-06-10T05:50:43","date_gmt":"2025-06-10T04:50:43","guid":{"rendered":"https:\/\/truusk.store\/product\/e-scooter-elektrisk-scooter-120w-motor-6-km-rackvidd-max-8-km-h-elektrisk-rullstol-belastning-upp-till-50kg-e-roller-for-fran-6-ar-gronvit\/"},"modified":"2026-03-12T08:44:20","modified_gmt":"2026-03-12T07:44:20","slug":"truusk-e-scooter-120w-motor-6-km-rackvidd-max-8-km-h-elektrisk-rullstol-upp-till-50-kg-for-barn-fran-6-ar-gronvit","status":"publish","type":"product","link":"https:\/\/truusk.store\/sv\/produkt\/truusk-e-scooter-120w-motor-6-km-rackvidd-max-8-km-h-elektrisk-rullstol-upp-till-50-kg-for-barn-fran-6-ar-gronvit\/","title":{"rendered":"TRUUSK E-Scooter 120W Motor &#8211; 6 km R\u00e4ckvidd &#8211; Max. 8 km\/h &#8211; Elektrisk Rullstol &#8211; Upp Till 50 kg &#8211; F\u00f6r Barn Fr\u00e5n 6 \u00e5r &#8211; Gr\u00f6n+Vit"},"content":{"rendered":"<p>Upplev stilfull k\u00f6rning och sp\u00e4nnande utomhusaktiviteter med TRUUSK elektriska scooter som kan f\u00e4llas ihop. Efter 2-3 timmars laddningstid n\u00e5r den upp till 6 km och en max. hastighet p\u00e5 8 km\/h. Den robusta st\u00e5lramen och gaffeln garanterar en s\u00e4ker \u00e5ktur \u00e4ven vid intensiv anv\u00e4ndning. Bakhjulet med bromsfunktion s\u00e4kerst\u00e4ller snabbt stopp och s\u00e4ker k\u00f6rning. Starta in i sp\u00e4nnande \u00e4ventyr och skapa of\u00f6rgl\u00f6mliga barndomsupplevelser.<\/p>\n<p>Beskrivning:<\/p>\n<ul>\n<li> Placera din fot p\u00e5 gummifotdynan och b\u00f6rja sparka<\/li>\n<li> En laddningstid p\u00e5 2-3 timmar m\u00f6jligg\u00f6r en k\u00f6rstr\u00e4cka p\u00e5 upp till 6 km<\/li>\n<li> Kan n\u00e5 hastigheter p\u00e5 upp till 8 km\/h<\/li>\n<li> Justerbar styreh\u00f6jd p\u00e5 den elektriska scootern passar f\u00f6r olika kroppsstorlekar<\/li>\n<li> Den elektriska scootern har en bakbroms som garanterar ett s\u00e4kert och snabbt stopp<\/li>\n<li> Kan l\u00e4tt f\u00e4llas ihop med n\u00e5gra klick, vilket underl\u00e4ttar transport och lagring<\/li>\n<li> L\u00e4mplig f\u00f6r barn fr\u00e5n 6 \u00e5r<\/li>\n<li> Viktig information: Observera att det f\u00f6r n\u00e4rvarande endast \u00e4r till\u00e5tet att k\u00f6ra en E-scooter p\u00e5 privat mark. Det \u00e4r f\u00f6rbjudet p\u00e5 allm\u00e4nna v\u00e4gar och trottoarer. Ladda s\u00e4kert f\u00f6re och efter anv\u00e4ndning<\/li>\n<\/ul>\n<p> Tekniska data:<\/p>\n<ul>\n<li> F\u00e4rg: Gr\u00f6n+Svart<\/li>\n<li> Material: F\u00f6rst\u00e4rkt nylon, aluminium, st\u00e5l<\/li>\n<li> Produktm\u00e5tt: 71L x 36,5B x 75-80H cm<\/li>\n<li> Hopf\u00e4llda m\u00e5tt: 66L x 36,5B x 23H cm<\/li>\n<li> Laddningstid: 2-3 timmar<\/li>\n<li> Max. hastighet: 8 km\/h<\/li>\n<li> K\u00f6rstr\u00e4cka: 6 km (fulladdad)<\/li>\n<li> Batterikapacitet: 21,6 V\/ 2,0 AH<\/li>\n<li> Motoreffekt: 120 W<\/li>\n<li> B\u00e4rkapacitet: 50 kg<\/li>\n<li> Rekommenderad \u00e5lder: 6+<\/li>\n<li> Certifiering: CE<\/li>\n<\/ul>\n<p>Leveransinneh\u00e5ll:<\/p>\n<ul>\n<li> 1 x E-scooter<\/li>\n<li> 1 x Batteriladdare<\/li>\n<li> 1 x Bruksanvisning<\/li>\n<\/ul>\n","protected":false},"excerpt":{"rendered":"<p>Upplev stilfull k\u00f6rning och sp\u00e4nnande utomhusaktiviteter med TRUUSK elektriska scooter som kan f\u00e4llas ihop. Efter 2-3 timmars laddningstid n\u00e5r den&#8230;<\/p>\n","protected":false},"featured_media":78949,"template":"","meta":[],"product_brand":[],"product_cat":[880,610,1010],"product_tag":[],"class_list":{"0":"post-78958","1":"product","2":"type-product","3":"status-publish","4":"has-post-thumbnail","6":"product_cat-baby-barn-2","7":"product_cat-barnfordon","8":"product_cat-sparkcyklar","10":"first","11":"instock","12":"sale","13":"taxable","14":"shipping-taxable","15":"purchasable","16":"product-type-simple"},"yoast_head":"<!-- This site is optimized with the Yoast SEO plugin v25.4 - https:\/\/yoast.com\/wordpress\/plugins\/seo\/ -->\n<title>TRUUSK E-Scooter 120W Motor - 6 km R\u00e4ckvidd - Max. 8 km\/h - Elektrisk Rullstol - Upp Till 50 kg - F\u00f6r Barn Fr\u00e5n 6 \u00e5r - Gr\u00f6n+Vit - TRUUSK - Hem, Tr\u00e4dg\u00e5rd &amp; Fritid<\/title>\n<meta name=\"robots\" content=\"index, follow, max-snippet:-1, max-image-preview:large, max-video-preview:-1\" \/>\n<link rel=\"canonical\" href=\"https:\/\/truusk.store\/sv\/produkt\/truusk-e-scooter-120w-motor-6-km-rackvidd-max-8-km-h-elektrisk-rullstol-upp-till-50-kg-for-barn-fran-6-ar-gronvit\/\" \/>\n<meta property=\"og:locale\" content=\"sv_SE\" \/>\n<meta property=\"og:type\" content=\"article\" \/>\n<meta property=\"og:title\" content=\"TRUUSK E-Scooter 120W Motor - 6 km R\u00e4ckvidd - Max. 8 km\/h - Elektrisk Rullstol - Upp Till 50 kg - F\u00f6r Barn Fr\u00e5n 6 \u00e5r - Gr\u00f6n+Vit - TRUUSK - Hem, Tr\u00e4dg\u00e5rd &amp; Fritid\" \/>\n<meta property=\"og:description\" content=\"Upplev stilfull k\u00f6rning och sp\u00e4nnande utomhusaktiviteter med TRUUSK elektriska scooter som kan f\u00e4llas ihop. Efter 2-3 timmars laddningstid n\u00e5r den...\" \/>\n<meta property=\"og:url\" content=\"https:\/\/truusk.store\/sv\/produkt\/truusk-e-scooter-120w-motor-6-km-rackvidd-max-8-km-h-elektrisk-rullstol-upp-till-50-kg-for-barn-fran-6-ar-gronvit\/\" \/>\n<meta property=\"og:site_name\" content=\"TRUUSK - Hem, Tr\u00e4dg\u00e5rd &amp; Fritid\" \/>\n<meta property=\"article:modified_time\" content=\"2026-03-12T07:44:20+00:00\" \/>\n<meta property=\"og:image\" content=\"https:\/\/i0.wp.com\/truusk.se\/wp-content\/uploads\/2025\/06\/e-scooter-elektrisk-scooter-120w-motor-6-km-rackvidd-max-8-km-h-elektrisk-rullstol-belastning-upp-till-50kg-e-roller-for-fran-6-ar-gronvit-1.webp?fit=2000%2C2000&ssl=1\" \/>\n\t<meta property=\"og:image:width\" content=\"2000\" \/>\n\t<meta property=\"og:image:height\" content=\"2000\" \/>\n\t<meta property=\"og:image:type\" content=\"image\/webp\" \/>\n<meta name=\"twitter:card\" content=\"summary_large_image\" \/>\n<meta name=\"twitter:label1\" content=\"Ber\u00e4knad l\u00e4stid\" \/>\n\t<meta name=\"twitter:data1\" content=\"1 minut\" \/>\n<!-- \/ Yoast SEO plugin. -->","yoast_head_json":{"title":"TRUUSK E-Scooter 120W Motor - 6 km R\u00e4ckvidd - Max. 8 km\/h - Elektrisk Rullstol - Upp Till 50 kg - F\u00f6r Barn Fr\u00e5n 6 \u00e5r - Gr\u00f6n+Vit - TRUUSK - Hem, Tr\u00e4dg\u00e5rd &amp; Fritid","robots":{"index":"index","follow":"follow","max-snippet":"max-snippet:-1","max-image-preview":"max-image-preview:large","max-video-preview":"max-video-preview:-1"},"canonical":"https:\/\/truusk.store\/sv\/produkt\/truusk-e-scooter-120w-motor-6-km-rackvidd-max-8-km-h-elektrisk-rullstol-upp-till-50-kg-for-barn-fran-6-ar-gronvit\/","og_locale":"sv_SE","og_type":"article","og_title":"TRUUSK E-Scooter 120W Motor - 6 km R\u00e4ckvidd - Max. 8 km\/h - Elektrisk Rullstol - Upp Till 50 kg - F\u00f6r Barn Fr\u00e5n 6 \u00e5r - Gr\u00f6n+Vit - TRUUSK - Hem, Tr\u00e4dg\u00e5rd &amp; Fritid","og_description":"Upplev stilfull k\u00f6rning och sp\u00e4nnande utomhusaktiviteter med TRUUSK elektriska scooter som kan f\u00e4llas ihop. Efter 2-3 timmars laddningstid n\u00e5r den...","og_url":"https:\/\/truusk.store\/sv\/produkt\/truusk-e-scooter-120w-motor-6-km-rackvidd-max-8-km-h-elektrisk-rullstol-upp-till-50-kg-for-barn-fran-6-ar-gronvit\/","og_site_name":"TRUUSK - Hem, Tr\u00e4dg\u00e5rd &amp; Fritid","article_modified_time":"2026-03-12T07:44:20+00:00","og_image":[{"width":2000,"height":2000,"url":"https:\/\/i0.wp.com\/truusk.se\/wp-content\/uploads\/2025\/06\/e-scooter-elektrisk-scooter-120w-motor-6-km-rackvidd-max-8-km-h-elektrisk-rullstol-belastning-upp-till-50kg-e-roller-for-fran-6-ar-gronvit-1.webp?fit=2000%2C2000&ssl=1","type":"image\/webp"}],"twitter_card":"summary_large_image","twitter_misc":{"Ber\u00e4knad l\u00e4stid":"1 minut"},"schema":{"@context":"https:\/\/schema.org","@graph":[{"@type":"WebPage","@id":"https:\/\/truusk.store\/sv\/produkt\/truusk-e-scooter-120w-motor-6-km-rackvidd-max-8-km-h-elektrisk-rullstol-upp-till-50-kg-for-barn-fran-6-ar-gronvit\/","url":"https:\/\/truusk.store\/sv\/produkt\/truusk-e-scooter-120w-motor-6-km-rackvidd-max-8-km-h-elektrisk-rullstol-upp-till-50-kg-for-barn-fran-6-ar-gronvit\/","name":"TRUUSK E-Scooter 120W Motor - 6 km R\u00e4ckvidd - Max. 8 km\/h - Elektrisk Rullstol - Upp Till 50 kg - F\u00f6r Barn Fr\u00e5n 6 \u00e5r - Gr\u00f6n+Vit - TRUUSK - Hem, Tr\u00e4dg\u00e5rd &amp; Fritid","isPartOf":{"@id":"https:\/\/truusk.store\/sv\/#website"},"primaryImageOfPage":{"@id":"https:\/\/truusk.store\/sv\/produkt\/truusk-e-scooter-120w-motor-6-km-rackvidd-max-8-km-h-elektrisk-rullstol-upp-till-50-kg-for-barn-fran-6-ar-gronvit\/#primaryimage"},"image":{"@id":"https:\/\/truusk.store\/sv\/produkt\/truusk-e-scooter-120w-motor-6-km-rackvidd-max-8-km-h-elektrisk-rullstol-upp-till-50-kg-for-barn-fran-6-ar-gronvit\/#primaryimage"},"thumbnailUrl":"https:\/\/i0.wp.com\/truusk.store\/wp-content\/uploads\/2025\/06\/e-scooter-elektrisk-scooter-120w-motor-6-km-rackvidd-max-8-km-h-elektrisk-rullstol-belastning-upp-till-50kg-e-roller-for-fran-6-ar-gronvit-1.webp?fit=2000%2C2000&ssl=1","datePublished":"2025-06-10T04:50:43+00:00","dateModified":"2026-03-12T07:44:20+00:00","breadcrumb":{"@id":"https:\/\/truusk.store\/sv\/produkt\/truusk-e-scooter-120w-motor-6-km-rackvidd-max-8-km-h-elektrisk-rullstol-upp-till-50-kg-for-barn-fran-6-ar-gronvit\/#breadcrumb"},"inLanguage":"sv-SE","potentialAction":[{"@type":"ReadAction","target":["https:\/\/truusk.store\/sv\/produkt\/truusk-e-scooter-120w-motor-6-km-rackvidd-max-8-km-h-elektrisk-rullstol-upp-till-50-kg-for-barn-fran-6-ar-gronvit\/"]}]},{"@type":"ImageObject","inLanguage":"sv-SE","@id":"https:\/\/truusk.store\/sv\/produkt\/truusk-e-scooter-120w-motor-6-km-rackvidd-max-8-km-h-elektrisk-rullstol-upp-till-50-kg-for-barn-fran-6-ar-gronvit\/#primaryimage","url":"https:\/\/i0.wp.com\/truusk.store\/wp-content\/uploads\/2025\/06\/e-scooter-elektrisk-scooter-120w-motor-6-km-rackvidd-max-8-km-h-elektrisk-rullstol-belastning-upp-till-50kg-e-roller-for-fran-6-ar-gronvit-1.webp?fit=2000%2C2000&ssl=1","contentUrl":"https:\/\/i0.wp.com\/truusk.store\/wp-content\/uploads\/2025\/06\/e-scooter-elektrisk-scooter-120w-motor-6-km-rackvidd-max-8-km-h-elektrisk-rullstol-belastning-upp-till-50kg-e-roller-for-fran-6-ar-gronvit-1.webp?fit=2000%2C2000&ssl=1","width":2000,"height":2000},{"@type":"BreadcrumbList","@id":"https:\/\/truusk.store\/sv\/produkt\/truusk-e-scooter-120w-motor-6-km-rackvidd-max-8-km-h-elektrisk-rullstol-upp-till-50-kg-for-barn-fran-6-ar-gronvit\/#breadcrumb","itemListElement":[{"@type":"ListItem","position":1,"name":"Home","item":"https:\/\/truusk.store\/sv\/"},{"@type":"ListItem","position":2,"name":"Shop","item":"https:\/\/truusk.store\/shop\/"},{"@type":"ListItem","position":3,"name":"TRUUSK E-Scooter 120W Motor &#8211; 6 km R\u00e4ckvidd &#8211; Max. 8 km\/h &#8211; Elektrisk Rullstol &#8211; Upp Till 50 kg &#8211; F\u00f6r Barn Fr\u00e5n 6 \u00e5r &#8211; Gr\u00f6n+Vit"}]},{"@type":"WebSite","@id":"https:\/\/truusk.store\/sv\/#website","url":"https:\/\/truusk.store\/sv\/","name":"TRUUSK - Hem, Tr\u00e4dg\u00e5rd & Fritid","description":"","publisher":{"@id":"https:\/\/truusk.store\/sv\/#organization"},"potentialAction":[{"@type":"SearchAction","target":{"@type":"EntryPoint","urlTemplate":"https:\/\/truusk.store\/sv\/?s={search_term_string}"},"query-input":{"@type":"PropertyValueSpecification","valueRequired":true,"valueName":"search_term_string"}}],"inLanguage":"sv-SE"},{"@type":"Organization","@id":"https:\/\/truusk.store\/sv\/#organization","name":"TRUUSK - Hem, Tr\u00e4dg\u00e5rd & Fritid","url":"https:\/\/truusk.store\/sv\/","logo":{"@type":"ImageObject","inLanguage":"sv-SE","@id":"https:\/\/truusk.store\/sv\/#\/schema\/logo\/image\/","url":"https:\/\/i0.wp.com\/truusk.store\/wp-content\/uploads\/2026\/03\/cropped-TRUUSK.png?fit=2032%2C917&ssl=1","contentUrl":"https:\/\/i0.wp.com\/truusk.store\/wp-content\/uploads\/2026\/03\/cropped-TRUUSK.png?fit=2032%2C917&ssl=1","width":2032,"height":917,"caption":"TRUUSK - Hem, Tr\u00e4dg\u00e5rd & Fritid"},"image":{"@id":"https:\/\/truusk.store\/sv\/#\/schema\/logo\/image\/"}}]}},"jetpack_sharing_enabled":true,"_links":{"self":[{"href":"https:\/\/truusk.store\/sv\/wp-json\/wp\/v2\/product\/78958","targetHints":{"allow":["GET"]}}],"collection":[{"href":"https:\/\/truusk.store\/sv\/wp-json\/wp\/v2\/product"}],"about":[{"href":"https:\/\/truusk.store\/sv\/wp-json\/wp\/v2\/types\/product"}],"wp:featuredmedia":[{"embeddable":true,"href":"https:\/\/truusk.store\/sv\/wp-json\/wp\/v2\/media\/78949"}],"wp:attachment":[{"href":"https:\/\/truusk.store\/sv\/wp-json\/wp\/v2\/media?parent=78958"}],"wp:term":[{"taxonomy":"product_brand","embeddable":true,"href":"https:\/\/truusk.store\/sv\/wp-json\/wp\/v2\/product_brand?post=78958"},{"taxonomy":"product_cat","embeddable":true,"href":"https:\/\/truusk.store\/sv\/wp-json\/wp\/v2\/product_cat?post=78958"},{"taxonomy":"product_tag","embeddable":true,"href":"https:\/\/truusk.store\/sv\/wp-json\/wp\/v2\/product_tag?post=78958"}],"curies":[{"name":"wp","href":"https:\/\/api.w.org\/{rel}","templated":true}]}}