{"id":78967,"date":"2025-06-10T05:51:49","date_gmt":"2025-06-10T04:51:49","guid":{"rendered":"https:\/\/truusk.store\/product\/tunnelstalt-campingtalt-for-4-6-personer-med-3-rum-ljushake-grupptalt-med-dubbla-dorrar-3000mm-vattenavvisande-familjetalt-for-tradgard-campingplats-gra\/"},"modified":"2026-03-12T08:42:46","modified_gmt":"2026-03-12T07:42:46","slug":"truusk-familjetalt-for-4-6-personer-3-rum-ljushake-dubbla-dorrar-vattenavvisande-3000mm-gra","status":"publish","type":"product","link":"https:\/\/truusk.store\/sv\/produkt\/truusk-familjetalt-for-4-6-personer-3-rum-ljushake-dubbla-dorrar-vattenavvisande-3000mm-gra\/","title":{"rendered":"TRUUSK Familjet\u00e4lt f\u00f6r 4-6 personer &#8211; 3 rum &#8211; Ljushake &#8211; Dubbla d\u00f6rrar &#8211; Vattenavvisande 3000mm &#8211; Gr\u00e5"},"content":{"rendered":"<p>Uppt\u00e4ck utomhusv\u00e4rlden med TRUUSK 6-personers tunnelst\u00e4lt, perfekt f\u00f6r camping med v\u00e4nner och familj. Detta campingt\u00e4lt har tv\u00e5 stora sovrum och ett vardagsrum, rymmer sex personer och garanterar en mysig samvaro. Tillverkat av 190T polyester med konstl\u00e4der-3000mm+, garanterar v\u00e5rt tunnelt\u00e4lt starkt vattenskydd, och PE-golvet h\u00e5ller det rent och torrt inuti.<\/p>\n<p>Beskrivning:<\/p>\n<ul>\n<li> Detta campingt\u00e4lt rymmer upp till sex personer, idealiskt f\u00f6r gruppcamping<\/li>\n<li> Tv\u00e5 rymliga sovrum och ett socialt vardagsrum \u00f6kar komforten<\/li>\n<li> 190T polyestertyg med en konstl\u00e4der-3000mm+ betyg garanterar vattent\u00e4thet<\/li>\n<li> Plastgolv i campingt\u00e4ltet h\u00e5ller insidan ren och torr<\/li>\n<li> Dubbeld\u00f6rrar i vardagsrummet underl\u00e4ttar in- och utg\u00e5ng<\/li>\n<li> Halvmaskade dragkedjed\u00f6rrar i sovrummen \u00f6kar privatliv och ventilation<\/li>\n<li> Fyra f\u00f6nster i campingt\u00e4ltet ger naturligt ljus i rummet<\/li>\n<li> L\u00e4ttviktigt, inklusive en b\u00e4rv\u00e4ska f\u00f6r enkel transport och f\u00f6rvaring<\/li>\n<\/ul>\n<p> Tekniska data:<\/p>\n<ul>\n<li> F\u00e4rg: Gr\u00e5<\/li>\n<li> Material: Polyester, PE-tyg, glasfiber<\/li>\n<li> Totala dimensioner: 6,15L x 2,35B x 1,95H m<\/li>\n<li> Vikta dimensioner: 69L x 28B x 26H cm<\/li>\n<li> Sovrumsdimensioner: 215B x 210T x 165H cm<\/li>\n<li> Vardagsrumsdimensioner: 145B x 235T x 165H cm<\/li>\n<li> D\u00f6rdimensioner: 115B x 165H cm<\/li>\n<li> F\u00f6nsterdimensioner: 45B x 60H cm<\/li>\n<li> Fickdimensioner: 45B x 45H cm<\/li>\n<li> Vindt\u00e5lighetsniv\u00e5: 4<\/li>\n<li> Belastningskapacitet: 1 kg (krok)<\/li>\n<\/ul>\n<p>Leveransinneh\u00e5ll:<\/p>\n<ul>\n<li> 1 x Campingt\u00e4lt<\/li>\n<li> 36 x Markspik<\/li>\n<li> 14 x F\u00f6rankringslina<\/li>\n<li> 1 x B\u00e4rv\u00e4ska<\/li>\n<li> 1 x Bruksanvisning<\/li>\n<\/ul>\n","protected":false},"excerpt":{"rendered":"<p>Uppt\u00e4ck utomhusv\u00e4rlden med TRUUSK 6-personers tunnelst\u00e4lt, perfekt f\u00f6r camping med v\u00e4nner och familj. Detta campingt\u00e4lt har tv\u00e5 stora sovrum och&#8230;<\/p>\n","protected":false},"featured_media":78959,"template":"","meta":[],"product_brand":[],"product_cat":[648,647,650],"product_tag":[],"class_list":{"0":"post-78967","1":"product","2":"type-product","3":"status-publish","4":"has-post-thumbnail","6":"product_cat-camping-tillbehor","7":"product_cat-sport-fritid","8":"product_cat-talt","10":"first","11":"instock","12":"sale","13":"taxable","14":"shipping-taxable","15":"purchasable","16":"product-type-simple"},"yoast_head":"<!-- This site is optimized with the Yoast SEO plugin v25.4 - https:\/\/yoast.com\/wordpress\/plugins\/seo\/ -->\n<title>TRUUSK Familjet\u00e4lt f\u00f6r 4-6 personer - 3 rum - Ljushake - Dubbla d\u00f6rrar - Vattenavvisande 3000mm - Gr\u00e5 - TRUUSK - Hem, Tr\u00e4dg\u00e5rd &amp; Fritid<\/title>\n<meta name=\"robots\" content=\"index, follow, max-snippet:-1, max-image-preview:large, max-video-preview:-1\" \/>\n<link rel=\"canonical\" href=\"https:\/\/truusk.store\/sv\/produkt\/truusk-familjetalt-for-4-6-personer-3-rum-ljushake-dubbla-dorrar-vattenavvisande-3000mm-gra\/\" \/>\n<meta property=\"og:locale\" content=\"sv_SE\" \/>\n<meta property=\"og:type\" content=\"article\" \/>\n<meta property=\"og:title\" content=\"TRUUSK Familjet\u00e4lt f\u00f6r 4-6 personer - 3 rum - Ljushake - Dubbla d\u00f6rrar - Vattenavvisande 3000mm - Gr\u00e5 - TRUUSK - Hem, Tr\u00e4dg\u00e5rd &amp; Fritid\" \/>\n<meta property=\"og:description\" content=\"Uppt\u00e4ck utomhusv\u00e4rlden med TRUUSK 6-personers tunnelst\u00e4lt, perfekt f\u00f6r camping med v\u00e4nner och familj. Detta campingt\u00e4lt har tv\u00e5 stora sovrum och...\" \/>\n<meta property=\"og:url\" content=\"https:\/\/truusk.store\/sv\/produkt\/truusk-familjetalt-for-4-6-personer-3-rum-ljushake-dubbla-dorrar-vattenavvisande-3000mm-gra\/\" \/>\n<meta property=\"og:site_name\" content=\"TRUUSK - Hem, Tr\u00e4dg\u00e5rd &amp; Fritid\" \/>\n<meta property=\"article:modified_time\" content=\"2026-03-12T07:42:46+00:00\" \/>\n<meta property=\"og:image\" content=\"https:\/\/i0.wp.com\/truusk.se\/wp-content\/uploads\/2025\/06\/tunnelstalt-campingtalt-for-4-6-personer-med-3-rum-ljushake-grupptalt-med-dubbla-dorrar-3000mm-vattenavvisande-familjetalt-for-tradgard-campingplats-gra-2.webp?fit=2000%2C2000&ssl=1\" \/>\n\t<meta property=\"og:image:width\" content=\"2000\" \/>\n\t<meta property=\"og:image:height\" content=\"2000\" \/>\n\t<meta property=\"og:image:type\" content=\"image\/webp\" \/>\n<meta name=\"twitter:card\" content=\"summary_large_image\" \/>\n<meta name=\"twitter:label1\" content=\"Ber\u00e4knad l\u00e4stid\" \/>\n\t<meta name=\"twitter:data1\" content=\"1 minut\" \/>\n<!-- \/ Yoast SEO plugin. -->","yoast_head_json":{"title":"TRUUSK Familjet\u00e4lt f\u00f6r 4-6 personer - 3 rum - Ljushake - Dubbla d\u00f6rrar - Vattenavvisande 3000mm - Gr\u00e5 - TRUUSK - Hem, Tr\u00e4dg\u00e5rd &amp; Fritid","robots":{"index":"index","follow":"follow","max-snippet":"max-snippet:-1","max-image-preview":"max-image-preview:large","max-video-preview":"max-video-preview:-1"},"canonical":"https:\/\/truusk.store\/sv\/produkt\/truusk-familjetalt-for-4-6-personer-3-rum-ljushake-dubbla-dorrar-vattenavvisande-3000mm-gra\/","og_locale":"sv_SE","og_type":"article","og_title":"TRUUSK Familjet\u00e4lt f\u00f6r 4-6 personer - 3 rum - Ljushake - Dubbla d\u00f6rrar - Vattenavvisande 3000mm - Gr\u00e5 - TRUUSK - Hem, Tr\u00e4dg\u00e5rd &amp; Fritid","og_description":"Uppt\u00e4ck utomhusv\u00e4rlden med TRUUSK 6-personers tunnelst\u00e4lt, perfekt f\u00f6r camping med v\u00e4nner och familj. Detta campingt\u00e4lt har tv\u00e5 stora sovrum och...","og_url":"https:\/\/truusk.store\/sv\/produkt\/truusk-familjetalt-for-4-6-personer-3-rum-ljushake-dubbla-dorrar-vattenavvisande-3000mm-gra\/","og_site_name":"TRUUSK - Hem, Tr\u00e4dg\u00e5rd &amp; Fritid","article_modified_time":"2026-03-12T07:42:46+00:00","og_image":[{"width":2000,"height":2000,"url":"https:\/\/i0.wp.com\/truusk.se\/wp-content\/uploads\/2025\/06\/tunnelstalt-campingtalt-for-4-6-personer-med-3-rum-ljushake-grupptalt-med-dubbla-dorrar-3000mm-vattenavvisande-familjetalt-for-tradgard-campingplats-gra-2.webp?fit=2000%2C2000&ssl=1","type":"image\/webp"}],"twitter_card":"summary_large_image","twitter_misc":{"Ber\u00e4knad l\u00e4stid":"1 minut"},"schema":{"@context":"https:\/\/schema.org","@graph":[{"@type":"WebPage","@id":"https:\/\/truusk.store\/sv\/produkt\/truusk-familjetalt-for-4-6-personer-3-rum-ljushake-dubbla-dorrar-vattenavvisande-3000mm-gra\/","url":"https:\/\/truusk.store\/sv\/produkt\/truusk-familjetalt-for-4-6-personer-3-rum-ljushake-dubbla-dorrar-vattenavvisande-3000mm-gra\/","name":"TRUUSK Familjet\u00e4lt f\u00f6r 4-6 personer - 3 rum - Ljushake - Dubbla d\u00f6rrar - Vattenavvisande 3000mm - Gr\u00e5 - TRUUSK - Hem, Tr\u00e4dg\u00e5rd &amp; Fritid","isPartOf":{"@id":"https:\/\/truusk.store\/sv\/#website"},"primaryImageOfPage":{"@id":"https:\/\/truusk.store\/sv\/produkt\/truusk-familjetalt-for-4-6-personer-3-rum-ljushake-dubbla-dorrar-vattenavvisande-3000mm-gra\/#primaryimage"},"image":{"@id":"https:\/\/truusk.store\/sv\/produkt\/truusk-familjetalt-for-4-6-personer-3-rum-ljushake-dubbla-dorrar-vattenavvisande-3000mm-gra\/#primaryimage"},"thumbnailUrl":"https:\/\/i0.wp.com\/truusk.store\/wp-content\/uploads\/2025\/06\/tunnelstalt-campingtalt-for-4-6-personer-med-3-rum-ljushake-grupptalt-med-dubbla-dorrar-3000mm-vattenavvisande-familjetalt-for-tradgard-campingplats-gra-2.webp?fit=2000%2C2000&ssl=1","datePublished":"2025-06-10T04:51:49+00:00","dateModified":"2026-03-12T07:42:46+00:00","breadcrumb":{"@id":"https:\/\/truusk.store\/sv\/produkt\/truusk-familjetalt-for-4-6-personer-3-rum-ljushake-dubbla-dorrar-vattenavvisande-3000mm-gra\/#breadcrumb"},"inLanguage":"sv-SE","potentialAction":[{"@type":"ReadAction","target":["https:\/\/truusk.store\/sv\/produkt\/truusk-familjetalt-for-4-6-personer-3-rum-ljushake-dubbla-dorrar-vattenavvisande-3000mm-gra\/"]}]},{"@type":"ImageObject","inLanguage":"sv-SE","@id":"https:\/\/truusk.store\/sv\/produkt\/truusk-familjetalt-for-4-6-personer-3-rum-ljushake-dubbla-dorrar-vattenavvisande-3000mm-gra\/#primaryimage","url":"https:\/\/i0.wp.com\/truusk.store\/wp-content\/uploads\/2025\/06\/tunnelstalt-campingtalt-for-4-6-personer-med-3-rum-ljushake-grupptalt-med-dubbla-dorrar-3000mm-vattenavvisande-familjetalt-for-tradgard-campingplats-gra-2.webp?fit=2000%2C2000&ssl=1","contentUrl":"https:\/\/i0.wp.com\/truusk.store\/wp-content\/uploads\/2025\/06\/tunnelstalt-campingtalt-for-4-6-personer-med-3-rum-ljushake-grupptalt-med-dubbla-dorrar-3000mm-vattenavvisande-familjetalt-for-tradgard-campingplats-gra-2.webp?fit=2000%2C2000&ssl=1","width":2000,"height":2000},{"@type":"BreadcrumbList","@id":"https:\/\/truusk.store\/sv\/produkt\/truusk-familjetalt-for-4-6-personer-3-rum-ljushake-dubbla-dorrar-vattenavvisande-3000mm-gra\/#breadcrumb","itemListElement":[{"@type":"ListItem","position":1,"name":"Home","item":"https:\/\/truusk.store\/sv\/"},{"@type":"ListItem","position":2,"name":"Shop","item":"https:\/\/truusk.store\/shop\/"},{"@type":"ListItem","position":3,"name":"TRUUSK Familjet\u00e4lt f\u00f6r 4-6 personer &#8211; 3 rum &#8211; Ljushake &#8211; Dubbla d\u00f6rrar &#8211; Vattenavvisande 3000mm &#8211; Gr\u00e5"}]},{"@type":"WebSite","@id":"https:\/\/truusk.store\/sv\/#website","url":"https:\/\/truusk.store\/sv\/","name":"TRUUSK - Hem, Tr\u00e4dg\u00e5rd & Fritid","description":"","publisher":{"@id":"https:\/\/truusk.store\/sv\/#organization"},"potentialAction":[{"@type":"SearchAction","target":{"@type":"EntryPoint","urlTemplate":"https:\/\/truusk.store\/sv\/?s={search_term_string}"},"query-input":{"@type":"PropertyValueSpecification","valueRequired":true,"valueName":"search_term_string"}}],"inLanguage":"sv-SE"},{"@type":"Organization","@id":"https:\/\/truusk.store\/sv\/#organization","name":"TRUUSK - Hem, Tr\u00e4dg\u00e5rd & Fritid","url":"https:\/\/truusk.store\/sv\/","logo":{"@type":"ImageObject","inLanguage":"sv-SE","@id":"https:\/\/truusk.store\/sv\/#\/schema\/logo\/image\/","url":"https:\/\/i0.wp.com\/truusk.store\/wp-content\/uploads\/2026\/03\/cropped-TRUUSK.png?fit=2032%2C917&ssl=1","contentUrl":"https:\/\/i0.wp.com\/truusk.store\/wp-content\/uploads\/2026\/03\/cropped-TRUUSK.png?fit=2032%2C917&ssl=1","width":2032,"height":917,"caption":"TRUUSK - Hem, Tr\u00e4dg\u00e5rd & Fritid"},"image":{"@id":"https:\/\/truusk.store\/sv\/#\/schema\/logo\/image\/"}}]}},"jetpack_sharing_enabled":true,"_links":{"self":[{"href":"https:\/\/truusk.store\/sv\/wp-json\/wp\/v2\/product\/78967","targetHints":{"allow":["GET"]}}],"collection":[{"href":"https:\/\/truusk.store\/sv\/wp-json\/wp\/v2\/product"}],"about":[{"href":"https:\/\/truusk.store\/sv\/wp-json\/wp\/v2\/types\/product"}],"wp:featuredmedia":[{"embeddable":true,"href":"https:\/\/truusk.store\/sv\/wp-json\/wp\/v2\/media\/78959"}],"wp:attachment":[{"href":"https:\/\/truusk.store\/sv\/wp-json\/wp\/v2\/media?parent=78967"}],"wp:term":[{"taxonomy":"product_brand","embeddable":true,"href":"https:\/\/truusk.store\/sv\/wp-json\/wp\/v2\/product_brand?post=78967"},{"taxonomy":"product_cat","embeddable":true,"href":"https:\/\/truusk.store\/sv\/wp-json\/wp\/v2\/product_cat?post=78967"},{"taxonomy":"product_tag","embeddable":true,"href":"https:\/\/truusk.store\/sv\/wp-json\/wp\/v2\/product_tag?post=78967"}],"curies":[{"name":"wp","href":"https:\/\/api.w.org\/{rel}","templated":true}]}}