{"id":78977,"date":"2025-06-10T05:52:42","date_gmt":"2025-06-10T04:52:42","guid":{"rendered":"https:\/\/truusk.store\/product\/tv-skap-hangande-tv-bank-for-tv-upp-till-65-tum-140-cm-lagt-bord-tv-bord-med-forvaringsutrymme-tv-skap-for-vardagsrum-vit\/"},"modified":"2026-03-12T08:45:14","modified_gmt":"2026-03-12T07:45:14","slug":"truusk-hangande-tv-bank-for-tv-upp-till-65-tum-lagt-bord-med-forvaringsutrymme-vit-140-cm-tv-skap-for-vardagsrum","status":"publish","type":"product","link":"https:\/\/truusk.store\/sv\/produkt\/truusk-hangande-tv-bank-for-tv-upp-till-65-tum-lagt-bord-med-forvaringsutrymme-vit-140-cm-tv-skap-for-vardagsrum\/","title":{"rendered":"TRUUSK H\u00e4ngande TV-b\u00e4nk f\u00f6r TV upp till 65 tum &#8211; L\u00e5gt bord med f\u00f6rvaringsutrymme &#8211; Vit &#8211; 140 cm &#8211; TV-sk\u00e5p f\u00f6r vardagsrum"},"content":{"rendered":"<p>G\u00f6r om ditt vardagsrum med detta v\u00e4ggmonterade TV-sk\u00e5p. Denna stiliga m\u00f6bel skapar mer golvyta samtidigt som den rymmer DVD-skivor, spelkonsoler, fj\u00e4rrkontroller och mer. L\u00e4mplig f\u00f6r 45-, 55- eller 65-tums TV-apparater, har sk\u00e5pet en stor yta och tv\u00e5 sk\u00e5p f\u00f6r dina f\u00f6rvaringsbehov. Sp\u00e5nskivan p\u00e5 TV-b\u00e4nken med melaminbel\u00e4ggning ger ett modernt utseende och l\u00e4tt sk\u00f6tsel.<\/p>\n<p>Beskrivning:<\/p>\n<ul>\n<li> Det v\u00e4ggmonterade designen p\u00e5 TV-bordet skapar golvyta f\u00f6r ytterligare f\u00f6rem\u00e5l under sk\u00e5pet<\/li>\n<li> L\u00e4mplig f\u00f6r 45-, 55- eller 65-tums TV-apparater, f\u00f6r m\u00e5ngsidig anv\u00e4ndning<\/li>\n<li> Rymlig bordsskiva och sk\u00e5p erbjuder f\u00f6rvaringsutrymme f\u00f6r olika tillbeh\u00f6r<\/li>\n<li> H\u00f6gkvalitativ sp\u00e5nskiva med melaminbel\u00e4ggning f\u00f6r enkel reng\u00f6ring<\/li>\n<li> Det slanka, moderna utseendet p\u00e5 TV-sk\u00e5pet f\u00f6rb\u00e4ttrar rummets estetik<\/li>\n<\/ul>\n<p> Tekniska specifikationer:<\/p>\n<ul>\n<li> F\u00e4rg: Vit<\/li>\n<li> Material: Sp\u00e5nskiva<\/li>\n<li> Totala dimensioner: 140B x 33T x 29,8H cm<\/li>\n<li> Inre dimensioner p\u00e5 sk\u00e5pet: 67,3B x 30T x 27,4H cm (varje)<\/li>\n<li> B\u00e4rkapacitet: 10 kg (bordsskiva), 5 kg (per sk\u00e5p)<\/li>\n<\/ul>\n<p>Leverans inneh\u00e5ller:<\/p>\n<ul>\n<li> 1 x flytande TV-hylla<\/li>\n<li> 1 x bruksanvisning<\/li>\n<\/ul>\n","protected":false},"excerpt":{"rendered":"<p>G\u00f6r om ditt vardagsrum med detta v\u00e4ggmonterade TV-sk\u00e5p. Denna stiliga m\u00f6bel skapar mer golvyta samtidigt som den rymmer DVD-skivor, spelkonsoler,&#8230;<\/p>\n","protected":false},"featured_media":78968,"template":"","meta":[],"product_brand":[],"product_cat":[871,1007,910],"product_tag":[],"class_list":{"0":"post-78977","1":"product","2":"type-product","3":"status-publish","4":"has-post-thumbnail","6":"product_cat-hus-hem","7":"product_cat-tv-mobler","8":"product_cat-vardagsrum","10":"first","11":"instock","12":"sale","13":"taxable","14":"shipping-taxable","15":"purchasable","16":"product-type-simple"},"yoast_head":"<!-- This site is optimized with the Yoast SEO plugin v25.4 - https:\/\/yoast.com\/wordpress\/plugins\/seo\/ -->\n<title>TRUUSK H\u00e4ngande TV-b\u00e4nk f\u00f6r TV upp till 65 tum - L\u00e5gt bord med f\u00f6rvaringsutrymme - Vit - 140 cm - TV-sk\u00e5p f\u00f6r vardagsrum - TRUUSK - Hem, Tr\u00e4dg\u00e5rd &amp; Fritid<\/title>\n<meta name=\"robots\" content=\"index, follow, max-snippet:-1, max-image-preview:large, max-video-preview:-1\" \/>\n<link rel=\"canonical\" href=\"https:\/\/truusk.store\/sv\/produkt\/truusk-hangande-tv-bank-for-tv-upp-till-65-tum-lagt-bord-med-forvaringsutrymme-vit-140-cm-tv-skap-for-vardagsrum\/\" \/>\n<meta property=\"og:locale\" content=\"sv_SE\" \/>\n<meta property=\"og:type\" content=\"article\" \/>\n<meta property=\"og:title\" content=\"TRUUSK H\u00e4ngande TV-b\u00e4nk f\u00f6r TV upp till 65 tum - L\u00e5gt bord med f\u00f6rvaringsutrymme - Vit - 140 cm - TV-sk\u00e5p f\u00f6r vardagsrum - TRUUSK - Hem, Tr\u00e4dg\u00e5rd &amp; Fritid\" \/>\n<meta property=\"og:description\" content=\"G\u00f6r om ditt vardagsrum med detta v\u00e4ggmonterade TV-sk\u00e5p. Denna stiliga m\u00f6bel skapar mer golvyta samtidigt som den rymmer DVD-skivor, spelkonsoler,...\" \/>\n<meta property=\"og:url\" content=\"https:\/\/truusk.store\/sv\/produkt\/truusk-hangande-tv-bank-for-tv-upp-till-65-tum-lagt-bord-med-forvaringsutrymme-vit-140-cm-tv-skap-for-vardagsrum\/\" \/>\n<meta property=\"og:site_name\" content=\"TRUUSK - Hem, Tr\u00e4dg\u00e5rd &amp; Fritid\" \/>\n<meta property=\"article:modified_time\" content=\"2026-03-12T07:45:14+00:00\" \/>\n<meta property=\"og:image\" content=\"https:\/\/i0.wp.com\/truusk.se\/wp-content\/uploads\/2025\/06\/tv-skap-hangande-tv-bank-for-tv-upp-till-65-tum-140-cm-lagt-bord-tv-bord-med-forvaringsutrymme-tv-skap-for-vardagsrum-vit-1.webp?fit=2000%2C2000&ssl=1\" \/>\n\t<meta property=\"og:image:width\" content=\"2000\" \/>\n\t<meta property=\"og:image:height\" content=\"2000\" \/>\n\t<meta property=\"og:image:type\" content=\"image\/webp\" \/>\n<meta name=\"twitter:card\" content=\"summary_large_image\" \/>\n<meta name=\"twitter:label1\" content=\"Ber\u00e4knad l\u00e4stid\" \/>\n\t<meta name=\"twitter:data1\" content=\"1 minut\" \/>\n<!-- \/ Yoast SEO plugin. -->","yoast_head_json":{"title":"TRUUSK H\u00e4ngande TV-b\u00e4nk f\u00f6r TV upp till 65 tum - L\u00e5gt bord med f\u00f6rvaringsutrymme - Vit - 140 cm - TV-sk\u00e5p f\u00f6r vardagsrum - TRUUSK - Hem, Tr\u00e4dg\u00e5rd &amp; Fritid","robots":{"index":"index","follow":"follow","max-snippet":"max-snippet:-1","max-image-preview":"max-image-preview:large","max-video-preview":"max-video-preview:-1"},"canonical":"https:\/\/truusk.store\/sv\/produkt\/truusk-hangande-tv-bank-for-tv-upp-till-65-tum-lagt-bord-med-forvaringsutrymme-vit-140-cm-tv-skap-for-vardagsrum\/","og_locale":"sv_SE","og_type":"article","og_title":"TRUUSK H\u00e4ngande TV-b\u00e4nk f\u00f6r TV upp till 65 tum - L\u00e5gt bord med f\u00f6rvaringsutrymme - Vit - 140 cm - TV-sk\u00e5p f\u00f6r vardagsrum - TRUUSK - Hem, Tr\u00e4dg\u00e5rd &amp; Fritid","og_description":"G\u00f6r om ditt vardagsrum med detta v\u00e4ggmonterade TV-sk\u00e5p. Denna stiliga m\u00f6bel skapar mer golvyta samtidigt som den rymmer DVD-skivor, spelkonsoler,...","og_url":"https:\/\/truusk.store\/sv\/produkt\/truusk-hangande-tv-bank-for-tv-upp-till-65-tum-lagt-bord-med-forvaringsutrymme-vit-140-cm-tv-skap-for-vardagsrum\/","og_site_name":"TRUUSK - Hem, Tr\u00e4dg\u00e5rd &amp; Fritid","article_modified_time":"2026-03-12T07:45:14+00:00","og_image":[{"width":2000,"height":2000,"url":"https:\/\/i0.wp.com\/truusk.se\/wp-content\/uploads\/2025\/06\/tv-skap-hangande-tv-bank-for-tv-upp-till-65-tum-140-cm-lagt-bord-tv-bord-med-forvaringsutrymme-tv-skap-for-vardagsrum-vit-1.webp?fit=2000%2C2000&ssl=1","type":"image\/webp"}],"twitter_card":"summary_large_image","twitter_misc":{"Ber\u00e4knad l\u00e4stid":"1 minut"},"schema":{"@context":"https:\/\/schema.org","@graph":[{"@type":"WebPage","@id":"https:\/\/truusk.store\/sv\/produkt\/truusk-hangande-tv-bank-for-tv-upp-till-65-tum-lagt-bord-med-forvaringsutrymme-vit-140-cm-tv-skap-for-vardagsrum\/","url":"https:\/\/truusk.store\/sv\/produkt\/truusk-hangande-tv-bank-for-tv-upp-till-65-tum-lagt-bord-med-forvaringsutrymme-vit-140-cm-tv-skap-for-vardagsrum\/","name":"TRUUSK H\u00e4ngande TV-b\u00e4nk f\u00f6r TV upp till 65 tum - L\u00e5gt bord med f\u00f6rvaringsutrymme - Vit - 140 cm - TV-sk\u00e5p f\u00f6r vardagsrum - TRUUSK - Hem, Tr\u00e4dg\u00e5rd &amp; Fritid","isPartOf":{"@id":"https:\/\/truusk.store\/sv\/#website"},"primaryImageOfPage":{"@id":"https:\/\/truusk.store\/sv\/produkt\/truusk-hangande-tv-bank-for-tv-upp-till-65-tum-lagt-bord-med-forvaringsutrymme-vit-140-cm-tv-skap-for-vardagsrum\/#primaryimage"},"image":{"@id":"https:\/\/truusk.store\/sv\/produkt\/truusk-hangande-tv-bank-for-tv-upp-till-65-tum-lagt-bord-med-forvaringsutrymme-vit-140-cm-tv-skap-for-vardagsrum\/#primaryimage"},"thumbnailUrl":"https:\/\/i0.wp.com\/truusk.store\/wp-content\/uploads\/2025\/06\/tv-skap-hangande-tv-bank-for-tv-upp-till-65-tum-140-cm-lagt-bord-tv-bord-med-forvaringsutrymme-tv-skap-for-vardagsrum-vit-1.webp?fit=2000%2C2000&ssl=1","datePublished":"2025-06-10T04:52:42+00:00","dateModified":"2026-03-12T07:45:14+00:00","breadcrumb":{"@id":"https:\/\/truusk.store\/sv\/produkt\/truusk-hangande-tv-bank-for-tv-upp-till-65-tum-lagt-bord-med-forvaringsutrymme-vit-140-cm-tv-skap-for-vardagsrum\/#breadcrumb"},"inLanguage":"sv-SE","potentialAction":[{"@type":"ReadAction","target":["https:\/\/truusk.store\/sv\/produkt\/truusk-hangande-tv-bank-for-tv-upp-till-65-tum-lagt-bord-med-forvaringsutrymme-vit-140-cm-tv-skap-for-vardagsrum\/"]}]},{"@type":"ImageObject","inLanguage":"sv-SE","@id":"https:\/\/truusk.store\/sv\/produkt\/truusk-hangande-tv-bank-for-tv-upp-till-65-tum-lagt-bord-med-forvaringsutrymme-vit-140-cm-tv-skap-for-vardagsrum\/#primaryimage","url":"https:\/\/i0.wp.com\/truusk.store\/wp-content\/uploads\/2025\/06\/tv-skap-hangande-tv-bank-for-tv-upp-till-65-tum-140-cm-lagt-bord-tv-bord-med-forvaringsutrymme-tv-skap-for-vardagsrum-vit-1.webp?fit=2000%2C2000&ssl=1","contentUrl":"https:\/\/i0.wp.com\/truusk.store\/wp-content\/uploads\/2025\/06\/tv-skap-hangande-tv-bank-for-tv-upp-till-65-tum-140-cm-lagt-bord-tv-bord-med-forvaringsutrymme-tv-skap-for-vardagsrum-vit-1.webp?fit=2000%2C2000&ssl=1","width":2000,"height":2000},{"@type":"BreadcrumbList","@id":"https:\/\/truusk.store\/sv\/produkt\/truusk-hangande-tv-bank-for-tv-upp-till-65-tum-lagt-bord-med-forvaringsutrymme-vit-140-cm-tv-skap-for-vardagsrum\/#breadcrumb","itemListElement":[{"@type":"ListItem","position":1,"name":"Home","item":"https:\/\/truusk.store\/sv\/"},{"@type":"ListItem","position":2,"name":"Shop","item":"https:\/\/truusk.store\/shop\/"},{"@type":"ListItem","position":3,"name":"TRUUSK H\u00e4ngande TV-b\u00e4nk f\u00f6r TV upp till 65 tum &#8211; L\u00e5gt bord med f\u00f6rvaringsutrymme &#8211; Vit &#8211; 140 cm &#8211; TV-sk\u00e5p f\u00f6r vardagsrum"}]},{"@type":"WebSite","@id":"https:\/\/truusk.store\/sv\/#website","url":"https:\/\/truusk.store\/sv\/","name":"TRUUSK - Hem, Tr\u00e4dg\u00e5rd & Fritid","description":"","publisher":{"@id":"https:\/\/truusk.store\/sv\/#organization"},"potentialAction":[{"@type":"SearchAction","target":{"@type":"EntryPoint","urlTemplate":"https:\/\/truusk.store\/sv\/?s={search_term_string}"},"query-input":{"@type":"PropertyValueSpecification","valueRequired":true,"valueName":"search_term_string"}}],"inLanguage":"sv-SE"},{"@type":"Organization","@id":"https:\/\/truusk.store\/sv\/#organization","name":"TRUUSK - Hem, Tr\u00e4dg\u00e5rd & Fritid","url":"https:\/\/truusk.store\/sv\/","logo":{"@type":"ImageObject","inLanguage":"sv-SE","@id":"https:\/\/truusk.store\/sv\/#\/schema\/logo\/image\/","url":"https:\/\/i0.wp.com\/truusk.store\/wp-content\/uploads\/2026\/03\/cropped-TRUUSK.png?fit=2032%2C917&ssl=1","contentUrl":"https:\/\/i0.wp.com\/truusk.store\/wp-content\/uploads\/2026\/03\/cropped-TRUUSK.png?fit=2032%2C917&ssl=1","width":2032,"height":917,"caption":"TRUUSK - Hem, Tr\u00e4dg\u00e5rd & Fritid"},"image":{"@id":"https:\/\/truusk.store\/sv\/#\/schema\/logo\/image\/"}}]}},"jetpack_sharing_enabled":true,"_links":{"self":[{"href":"https:\/\/truusk.store\/sv\/wp-json\/wp\/v2\/product\/78977","targetHints":{"allow":["GET"]}}],"collection":[{"href":"https:\/\/truusk.store\/sv\/wp-json\/wp\/v2\/product"}],"about":[{"href":"https:\/\/truusk.store\/sv\/wp-json\/wp\/v2\/types\/product"}],"wp:featuredmedia":[{"embeddable":true,"href":"https:\/\/truusk.store\/sv\/wp-json\/wp\/v2\/media\/78968"}],"wp:attachment":[{"href":"https:\/\/truusk.store\/sv\/wp-json\/wp\/v2\/media?parent=78977"}],"wp:term":[{"taxonomy":"product_brand","embeddable":true,"href":"https:\/\/truusk.store\/sv\/wp-json\/wp\/v2\/product_brand?post=78977"},{"taxonomy":"product_cat","embeddable":true,"href":"https:\/\/truusk.store\/sv\/wp-json\/wp\/v2\/product_cat?post=78977"},{"taxonomy":"product_tag","embeddable":true,"href":"https:\/\/truusk.store\/sv\/wp-json\/wp\/v2\/product_tag?post=78977"}],"curies":[{"name":"wp","href":"https:\/\/api.w.org\/{rel}","templated":true}]}}