{"id":78987,"date":"2025-06-10T05:53:44","date_gmt":"2025-06-10T04:53:44","guid":{"rendered":"https:\/\/truusk.store\/product\/hogt-badrumsskap-med-smal-lada-dorr-justerbara-hyllor-for-badrum-vardagsrum-35-x-305-x-179-cm-vit\/"},"modified":"2026-03-12T08:43:23","modified_gmt":"2026-03-12T07:43:23","slug":"truusk-hogt-badrumsskap-smal-lada-justerbara-hyllor-for-badrum-och-vardagsrum-vit-35x305x179-cm","status":"publish","type":"product","link":"https:\/\/truusk.store\/sv\/produkt\/truusk-hogt-badrumsskap-smal-lada-justerbara-hyllor-for-badrum-och-vardagsrum-vit-35x305x179-cm\/","title":{"rendered":"TRUUSK H\u00f6gt Badrumssk\u00e5p &#8211; Smal L\u00e5da &#8211; Justerbara Hyllor &#8211; F\u00f6r Badrum och Vardagsrum &#8211; Vit &#8211; 35&#215;30,5&#215;179 cm"},"content":{"rendered":"<p>S\u00e4g stilfullt adj\u00f6 till kaoset i badrummet. TRUUSK badrumssk\u00e5pet \u00e4r smart utformat, passar perfekt i tr\u00e5nga utrymmen och erbjuder samtidigt maximal f\u00f6rvaringsutrymme. Med ett st\u00e4ngt sk\u00e5p med justerbar hylla, en l\u00e5da och tre \u00f6ppna fack, ger denna smala badrumsm\u00f6bel ordning och l\u00e4ttillg\u00e4nglig f\u00f6rvaring. Tack vare den integrerade tippskyddsfunktionen kombinerar badrumssk\u00e5pet funktionalitet och elegans i ditt badrum, samt k\u00f6k eller tv\u00e4ttstuga.<\/p>\n<p>Beskrivning:<\/p>\n<ul>\n<li> St\u00e4ngda och \u00f6ppna omr\u00e5den av det smala h\u00f6ga sk\u00e5pet h\u00e5ller ditt badrum snyggt<\/li>\n<li> En justerbar hylla i badrumssk\u00e5pet erbjuder flexibla f\u00f6rvaringsm\u00f6jligheter<\/li>\n<li> Det smala designen av det h\u00f6ga sk\u00e5pet passar l\u00e4tt in i sm\u00e5 badrum<\/li>\n<li> Anti-tip-f\u00e4sten f\u00f6rhindrar att det v\u00e4lter<\/li>\n<li> Halkfria fotdynor s\u00e4kerst\u00e4ller en stabil st\u00e5nd<\/li>\n<li> Melamin ytor \u00e4r l\u00e4tta att reng\u00f6ra<\/li>\n<li> M\u00e5ngsidigt anv\u00e4ndbar i k\u00f6k, entr\u00e9er eller vardagsrum<\/li>\n<li> Montering kr\u00e4vs<\/li>\n<\/ul>\n<p> Tekniska data:<\/p>\n<ul>\n<li> F\u00e4rg: Vit<\/li>\n<li> Material: Sp\u00e5nskiva<\/li>\n<li> Totala dimensioner: 35L x 30,5B x 179H cm<\/li>\n<li> Sk\u00e5pets inre dimensioner: 32B x 28,5T x 27,7\/30H cm<\/li>\n<li> Storlek p\u00e5 \u00f6ppna fack: 32B x 16T x 30,8\/31\/31H cm<\/li>\n<li> Inre dimensioner p\u00e5 l\u00e5dan: 27,7B x 25,7T x 7,5H cm<\/li>\n<li> B\u00e4rkapacitet: 30 kg (totalt), 5 kg (hylla\/l\u00e5da)<\/li>\n<\/ul>\n<p>Leverans inneh\u00e5ller:<\/p>\n<ul>\n<li> 1 x H\u00f6gt badrumssk\u00e5p<\/li>\n<li> 1 x Bruksanvisning<\/li>\n<\/ul>\n","protected":false},"excerpt":{"rendered":"<p>S\u00e4g stilfullt adj\u00f6 till kaoset i badrummet. TRUUSK badrumssk\u00e5pet \u00e4r smart utformat, passar perfekt i tr\u00e5nga utrymmen och erbjuder samtidigt&#8230;<\/p>\n","protected":false},"featured_media":78978,"template":"","meta":[],"product_brand":[],"product_cat":[915,535,871],"product_tag":[],"class_list":{"0":"post-78987","1":"product","2":"type-product","3":"status-publish","4":"has-post-thumbnail","6":"product_cat-badrum","7":"product_cat-badrumsskap","8":"product_cat-hus-hem","10":"first","11":"instock","12":"sale","13":"taxable","14":"shipping-taxable","15":"purchasable","16":"product-type-simple"},"yoast_head":"<!-- This site is optimized with the Yoast SEO plugin v25.4 - https:\/\/yoast.com\/wordpress\/plugins\/seo\/ -->\n<title>TRUUSK H\u00f6gt Badrumssk\u00e5p - Smal L\u00e5da - Justerbara Hyllor - F\u00f6r Badrum och Vardagsrum - Vit - 35x30,5x179 cm - TRUUSK - Hem, Tr\u00e4dg\u00e5rd &amp; Fritid<\/title>\n<meta name=\"robots\" content=\"index, follow, max-snippet:-1, max-image-preview:large, max-video-preview:-1\" \/>\n<link rel=\"canonical\" href=\"https:\/\/truusk.store\/sv\/produkt\/truusk-hogt-badrumsskap-smal-lada-justerbara-hyllor-for-badrum-och-vardagsrum-vit-35x305x179-cm\/\" \/>\n<meta property=\"og:locale\" content=\"sv_SE\" \/>\n<meta property=\"og:type\" content=\"article\" \/>\n<meta property=\"og:title\" content=\"TRUUSK H\u00f6gt Badrumssk\u00e5p - Smal L\u00e5da - Justerbara Hyllor - F\u00f6r Badrum och Vardagsrum - Vit - 35x30,5x179 cm - TRUUSK - Hem, Tr\u00e4dg\u00e5rd &amp; Fritid\" \/>\n<meta property=\"og:description\" content=\"S\u00e4g stilfullt adj\u00f6 till kaoset i badrummet. TRUUSK badrumssk\u00e5pet \u00e4r smart utformat, passar perfekt i tr\u00e5nga utrymmen och erbjuder samtidigt...\" \/>\n<meta property=\"og:url\" content=\"https:\/\/truusk.store\/sv\/produkt\/truusk-hogt-badrumsskap-smal-lada-justerbara-hyllor-for-badrum-och-vardagsrum-vit-35x305x179-cm\/\" \/>\n<meta property=\"og:site_name\" content=\"TRUUSK - Hem, Tr\u00e4dg\u00e5rd &amp; Fritid\" \/>\n<meta property=\"article:modified_time\" content=\"2026-03-12T07:43:23+00:00\" \/>\n<meta property=\"og:image\" content=\"https:\/\/i0.wp.com\/truusk.se\/wp-content\/uploads\/2025\/06\/hogt-badrumsskap-med-smal-lada-dorr-justerbara-hyllor-for-badrum-vardagsrum-35-x-305-x-179-cm-vit-1.webp?fit=2000%2C2000&ssl=1\" \/>\n\t<meta property=\"og:image:width\" content=\"2000\" \/>\n\t<meta property=\"og:image:height\" content=\"2000\" \/>\n\t<meta property=\"og:image:type\" content=\"image\/webp\" \/>\n<meta name=\"twitter:card\" content=\"summary_large_image\" \/>\n<meta name=\"twitter:label1\" content=\"Ber\u00e4knad l\u00e4stid\" \/>\n\t<meta name=\"twitter:data1\" content=\"1 minut\" \/>\n<!-- \/ Yoast SEO plugin. -->","yoast_head_json":{"title":"TRUUSK H\u00f6gt Badrumssk\u00e5p - Smal L\u00e5da - Justerbara Hyllor - F\u00f6r Badrum och Vardagsrum - Vit - 35x30,5x179 cm - TRUUSK - Hem, Tr\u00e4dg\u00e5rd &amp; Fritid","robots":{"index":"index","follow":"follow","max-snippet":"max-snippet:-1","max-image-preview":"max-image-preview:large","max-video-preview":"max-video-preview:-1"},"canonical":"https:\/\/truusk.store\/sv\/produkt\/truusk-hogt-badrumsskap-smal-lada-justerbara-hyllor-for-badrum-och-vardagsrum-vit-35x305x179-cm\/","og_locale":"sv_SE","og_type":"article","og_title":"TRUUSK H\u00f6gt Badrumssk\u00e5p - Smal L\u00e5da - Justerbara Hyllor - F\u00f6r Badrum och Vardagsrum - Vit - 35x30,5x179 cm - TRUUSK - Hem, Tr\u00e4dg\u00e5rd &amp; Fritid","og_description":"S\u00e4g stilfullt adj\u00f6 till kaoset i badrummet. TRUUSK badrumssk\u00e5pet \u00e4r smart utformat, passar perfekt i tr\u00e5nga utrymmen och erbjuder samtidigt...","og_url":"https:\/\/truusk.store\/sv\/produkt\/truusk-hogt-badrumsskap-smal-lada-justerbara-hyllor-for-badrum-och-vardagsrum-vit-35x305x179-cm\/","og_site_name":"TRUUSK - Hem, Tr\u00e4dg\u00e5rd &amp; Fritid","article_modified_time":"2026-03-12T07:43:23+00:00","og_image":[{"width":2000,"height":2000,"url":"https:\/\/i0.wp.com\/truusk.se\/wp-content\/uploads\/2025\/06\/hogt-badrumsskap-med-smal-lada-dorr-justerbara-hyllor-for-badrum-vardagsrum-35-x-305-x-179-cm-vit-1.webp?fit=2000%2C2000&ssl=1","type":"image\/webp"}],"twitter_card":"summary_large_image","twitter_misc":{"Ber\u00e4knad l\u00e4stid":"1 minut"},"schema":{"@context":"https:\/\/schema.org","@graph":[{"@type":"WebPage","@id":"https:\/\/truusk.store\/sv\/produkt\/truusk-hogt-badrumsskap-smal-lada-justerbara-hyllor-for-badrum-och-vardagsrum-vit-35x305x179-cm\/","url":"https:\/\/truusk.store\/sv\/produkt\/truusk-hogt-badrumsskap-smal-lada-justerbara-hyllor-for-badrum-och-vardagsrum-vit-35x305x179-cm\/","name":"TRUUSK H\u00f6gt Badrumssk\u00e5p - Smal L\u00e5da - Justerbara Hyllor - F\u00f6r Badrum och Vardagsrum - Vit - 35x30,5x179 cm - TRUUSK - Hem, Tr\u00e4dg\u00e5rd &amp; Fritid","isPartOf":{"@id":"https:\/\/truusk.store\/sv\/#website"},"primaryImageOfPage":{"@id":"https:\/\/truusk.store\/sv\/produkt\/truusk-hogt-badrumsskap-smal-lada-justerbara-hyllor-for-badrum-och-vardagsrum-vit-35x305x179-cm\/#primaryimage"},"image":{"@id":"https:\/\/truusk.store\/sv\/produkt\/truusk-hogt-badrumsskap-smal-lada-justerbara-hyllor-for-badrum-och-vardagsrum-vit-35x305x179-cm\/#primaryimage"},"thumbnailUrl":"https:\/\/i0.wp.com\/truusk.store\/wp-content\/uploads\/2025\/06\/hogt-badrumsskap-med-smal-lada-dorr-justerbara-hyllor-for-badrum-vardagsrum-35-x-305-x-179-cm-vit-1.webp?fit=2000%2C2000&ssl=1","datePublished":"2025-06-10T04:53:44+00:00","dateModified":"2026-03-12T07:43:23+00:00","breadcrumb":{"@id":"https:\/\/truusk.store\/sv\/produkt\/truusk-hogt-badrumsskap-smal-lada-justerbara-hyllor-for-badrum-och-vardagsrum-vit-35x305x179-cm\/#breadcrumb"},"inLanguage":"sv-SE","potentialAction":[{"@type":"ReadAction","target":["https:\/\/truusk.store\/sv\/produkt\/truusk-hogt-badrumsskap-smal-lada-justerbara-hyllor-for-badrum-och-vardagsrum-vit-35x305x179-cm\/"]}]},{"@type":"ImageObject","inLanguage":"sv-SE","@id":"https:\/\/truusk.store\/sv\/produkt\/truusk-hogt-badrumsskap-smal-lada-justerbara-hyllor-for-badrum-och-vardagsrum-vit-35x305x179-cm\/#primaryimage","url":"https:\/\/i0.wp.com\/truusk.store\/wp-content\/uploads\/2025\/06\/hogt-badrumsskap-med-smal-lada-dorr-justerbara-hyllor-for-badrum-vardagsrum-35-x-305-x-179-cm-vit-1.webp?fit=2000%2C2000&ssl=1","contentUrl":"https:\/\/i0.wp.com\/truusk.store\/wp-content\/uploads\/2025\/06\/hogt-badrumsskap-med-smal-lada-dorr-justerbara-hyllor-for-badrum-vardagsrum-35-x-305-x-179-cm-vit-1.webp?fit=2000%2C2000&ssl=1","width":2000,"height":2000},{"@type":"BreadcrumbList","@id":"https:\/\/truusk.store\/sv\/produkt\/truusk-hogt-badrumsskap-smal-lada-justerbara-hyllor-for-badrum-och-vardagsrum-vit-35x305x179-cm\/#breadcrumb","itemListElement":[{"@type":"ListItem","position":1,"name":"Home","item":"https:\/\/truusk.store\/sv\/"},{"@type":"ListItem","position":2,"name":"Shop","item":"https:\/\/truusk.store\/shop\/"},{"@type":"ListItem","position":3,"name":"TRUUSK H\u00f6gt Badrumssk\u00e5p &#8211; Smal L\u00e5da &#8211; Justerbara Hyllor &#8211; F\u00f6r Badrum och Vardagsrum &#8211; Vit &#8211; 35&#215;30,5&#215;179 cm"}]},{"@type":"WebSite","@id":"https:\/\/truusk.store\/sv\/#website","url":"https:\/\/truusk.store\/sv\/","name":"TRUUSK - Hem, Tr\u00e4dg\u00e5rd & Fritid","description":"","publisher":{"@id":"https:\/\/truusk.store\/sv\/#organization"},"potentialAction":[{"@type":"SearchAction","target":{"@type":"EntryPoint","urlTemplate":"https:\/\/truusk.store\/sv\/?s={search_term_string}"},"query-input":{"@type":"PropertyValueSpecification","valueRequired":true,"valueName":"search_term_string"}}],"inLanguage":"sv-SE"},{"@type":"Organization","@id":"https:\/\/truusk.store\/sv\/#organization","name":"TRUUSK - Hem, Tr\u00e4dg\u00e5rd & Fritid","url":"https:\/\/truusk.store\/sv\/","logo":{"@type":"ImageObject","inLanguage":"sv-SE","@id":"https:\/\/truusk.store\/sv\/#\/schema\/logo\/image\/","url":"https:\/\/i0.wp.com\/truusk.store\/wp-content\/uploads\/2026\/03\/cropped-TRUUSK.png?fit=2032%2C917&ssl=1","contentUrl":"https:\/\/i0.wp.com\/truusk.store\/wp-content\/uploads\/2026\/03\/cropped-TRUUSK.png?fit=2032%2C917&ssl=1","width":2032,"height":917,"caption":"TRUUSK - Hem, Tr\u00e4dg\u00e5rd & Fritid"},"image":{"@id":"https:\/\/truusk.store\/sv\/#\/schema\/logo\/image\/"}}]}},"jetpack_sharing_enabled":true,"_links":{"self":[{"href":"https:\/\/truusk.store\/sv\/wp-json\/wp\/v2\/product\/78987","targetHints":{"allow":["GET"]}}],"collection":[{"href":"https:\/\/truusk.store\/sv\/wp-json\/wp\/v2\/product"}],"about":[{"href":"https:\/\/truusk.store\/sv\/wp-json\/wp\/v2\/types\/product"}],"wp:featuredmedia":[{"embeddable":true,"href":"https:\/\/truusk.store\/sv\/wp-json\/wp\/v2\/media\/78978"}],"wp:attachment":[{"href":"https:\/\/truusk.store\/sv\/wp-json\/wp\/v2\/media?parent=78987"}],"wp:term":[{"taxonomy":"product_brand","embeddable":true,"href":"https:\/\/truusk.store\/sv\/wp-json\/wp\/v2\/product_brand?post=78987"},{"taxonomy":"product_cat","embeddable":true,"href":"https:\/\/truusk.store\/sv\/wp-json\/wp\/v2\/product_cat?post=78987"},{"taxonomy":"product_tag","embeddable":true,"href":"https:\/\/truusk.store\/sv\/wp-json\/wp\/v2\/product_tag?post=78987"}],"curies":[{"name":"wp","href":"https:\/\/api.w.org\/{rel}","templated":true}]}}