{"id":79017,"date":"2025-06-10T05:56:43","date_gmt":"2025-06-10T04:56:43","guid":{"rendered":"https:\/\/truusk.store\/product\/hangande-nattduksbord-med-lada-oppet-fack-nattskap-nattduksbord-soffbord-for-sovrum-vardagsrum-vit-398-x-35-x-316-cm\/"},"modified":"2026-03-12T08:44:56","modified_gmt":"2026-03-12T07:44:56","slug":"truusk-hangande-nattduksbord-med-lada-oppet-fack-for-sovrum-och-vardagsrum-vit-398-x-35-x-316-cm","status":"publish","type":"product","link":"https:\/\/truusk.store\/sv\/produkt\/truusk-hangande-nattduksbord-med-lada-oppet-fack-for-sovrum-och-vardagsrum-vit-398-x-35-x-316-cm\/","title":{"rendered":"TRUUSK H\u00e4ngande Nattduksbord Med L\u00e5da &#8211; \u00d6ppet Fack &#8211; F\u00f6r Sovrum och Vardagsrum &#8211; Vit &#8211; 39,8 x 35 x 31,6 cm"},"content":{"rendered":"<p>Ge ditt sovrum en modern touch med den flytande nattduksbordet fr\u00e5n TRUUSK. Detta v\u00e4ggmonterade nattduksbord sparar mycket golvyta och passar perfekt f\u00f6r sm\u00e5 rum eller minimalistiska designer. En rymlig yta, ett \u00f6ppet fack och en mjukt glidande l\u00e5da erbjuder optimal f\u00f6rvaringsutrymme f\u00f6r allt n\u00f6dv\u00e4ndigt som b\u00f6cker, glas\u00f6gon eller mobiltelefon. De klara linjerna och den flytande utseendet ger en samtida, elegant rumsupplevelse.<\/p>\n<p>Beskrivning:<\/p>\n<ul>\n<li> V\u00e4ggmonterad design av nattduksbordet sparar utrymme i sm\u00e5 sovrum<\/li>\n<li> Ovanp\u00e5 och facket p\u00e5 nattduksbordet erbjuder praktisk plats f\u00f6r vardagliga f\u00f6rem\u00e5l<\/li>\n<li> Den utdragbara l\u00e5dan p\u00e5 sidobordet skyddar privata f\u00f6rem\u00e5l<\/li>\n<li> H\u00f6gkvalitativ sp\u00e5nskiva garanterar tillf\u00f6rlitlig daglig anv\u00e4ndning<\/li>\n<li> Sl\u00e4t, rept\u00e5lig melaminyta som \u00e4r l\u00e4tt att reng\u00f6ra<\/li>\n<li> Minimalistisk estetik av soffbordet kompletterar alla moderna inredningar<\/li>\n<li> Enkel montering kr\u00e4vs<\/li>\n<\/ul>\n<p> Tekniska data:<\/p>\n<ul>\n<li> F\u00e4rg: Vit<\/li>\n<li> Material: Sp\u00e5nskiva<\/li>\n<li> Totala dimensioner: 39,8L x 35B x 31,6H cm<\/li>\n<li> Inre storlek p\u00e5 l\u00e5dan: 32,6B x 28,8T x 8,35H cm<\/li>\n<li> Storlek p\u00e5 det \u00f6ppna facket: 39,6B x 33,6T x 14,3H cm<\/li>\n<li> Belastningskapacitet: 5 kg (totalt), 2 kg (ovanp\u00e5\/fack), 1 kg (l\u00e5da)<\/li>\n<\/ul>\n<p>Leveransinneh\u00e5ll:<\/p>\n<ul>\n<li> 1 x Flytande nattduksbord<\/li>\n<li> 1 x Handbok<\/li>\n<\/ul>\n","protected":false},"excerpt":{"rendered":"<p>Ge ditt sovrum en modern touch med den flytande nattduksbordet fr\u00e5n TRUUSK. Detta v\u00e4ggmonterade nattduksbord sparar mycket golvyta och passar&#8230;<\/p>\n","protected":false},"featured_media":79008,"template":"","meta":[],"product_brand":[],"product_cat":[871,506,897],"product_tag":[],"class_list":{"0":"post-79017","1":"product","2":"type-product","3":"status-publish","4":"has-post-thumbnail","6":"product_cat-hus-hem","7":"product_cat-nattduksbord","8":"product_cat-sovrum","10":"first","11":"instock","12":"sale","13":"taxable","14":"shipping-taxable","15":"purchasable","16":"product-type-simple"},"yoast_head":"<!-- This site is optimized with the Yoast SEO plugin v25.4 - https:\/\/yoast.com\/wordpress\/plugins\/seo\/ -->\n<title>TRUUSK H\u00e4ngande Nattduksbord Med L\u00e5da - \u00d6ppet Fack - F\u00f6r Sovrum och Vardagsrum - Vit - 39,8 x 35 x 31,6 cm - TRUUSK - Hem, Tr\u00e4dg\u00e5rd &amp; Fritid<\/title>\n<meta name=\"robots\" content=\"index, follow, max-snippet:-1, max-image-preview:large, max-video-preview:-1\" \/>\n<link rel=\"canonical\" href=\"https:\/\/truusk.store\/sv\/produkt\/truusk-hangande-nattduksbord-med-lada-oppet-fack-for-sovrum-och-vardagsrum-vit-398-x-35-x-316-cm\/\" \/>\n<meta property=\"og:locale\" content=\"sv_SE\" \/>\n<meta property=\"og:type\" content=\"article\" \/>\n<meta property=\"og:title\" content=\"TRUUSK H\u00e4ngande Nattduksbord Med L\u00e5da - \u00d6ppet Fack - F\u00f6r Sovrum och Vardagsrum - Vit - 39,8 x 35 x 31,6 cm - TRUUSK - Hem, Tr\u00e4dg\u00e5rd &amp; Fritid\" \/>\n<meta property=\"og:description\" content=\"Ge ditt sovrum en modern touch med den flytande nattduksbordet fr\u00e5n TRUUSK. Detta v\u00e4ggmonterade nattduksbord sparar mycket golvyta och passar...\" \/>\n<meta property=\"og:url\" content=\"https:\/\/truusk.store\/sv\/produkt\/truusk-hangande-nattduksbord-med-lada-oppet-fack-for-sovrum-och-vardagsrum-vit-398-x-35-x-316-cm\/\" \/>\n<meta property=\"og:site_name\" content=\"TRUUSK - Hem, Tr\u00e4dg\u00e5rd &amp; Fritid\" \/>\n<meta property=\"article:modified_time\" content=\"2026-03-12T07:44:56+00:00\" \/>\n<meta property=\"og:image\" content=\"https:\/\/i0.wp.com\/truusk.se\/wp-content\/uploads\/2025\/06\/hangande-nattduksbord-med-lada-oppet-fack-nattskap-nattduksbord-soffbord-for-sovrum-vardagsrum-vit-398-x-35-x-316-cm-1.webp?fit=2000%2C2000&ssl=1\" \/>\n\t<meta property=\"og:image:width\" content=\"2000\" \/>\n\t<meta property=\"og:image:height\" content=\"2000\" \/>\n\t<meta property=\"og:image:type\" content=\"image\/webp\" \/>\n<meta name=\"twitter:card\" content=\"summary_large_image\" \/>\n<meta name=\"twitter:label1\" content=\"Ber\u00e4knad l\u00e4stid\" \/>\n\t<meta name=\"twitter:data1\" content=\"1 minut\" \/>\n<!-- \/ Yoast SEO plugin. -->","yoast_head_json":{"title":"TRUUSK H\u00e4ngande Nattduksbord Med L\u00e5da - \u00d6ppet Fack - F\u00f6r Sovrum och Vardagsrum - Vit - 39,8 x 35 x 31,6 cm - TRUUSK - Hem, Tr\u00e4dg\u00e5rd &amp; Fritid","robots":{"index":"index","follow":"follow","max-snippet":"max-snippet:-1","max-image-preview":"max-image-preview:large","max-video-preview":"max-video-preview:-1"},"canonical":"https:\/\/truusk.store\/sv\/produkt\/truusk-hangande-nattduksbord-med-lada-oppet-fack-for-sovrum-och-vardagsrum-vit-398-x-35-x-316-cm\/","og_locale":"sv_SE","og_type":"article","og_title":"TRUUSK H\u00e4ngande Nattduksbord Med L\u00e5da - \u00d6ppet Fack - F\u00f6r Sovrum och Vardagsrum - Vit - 39,8 x 35 x 31,6 cm - TRUUSK - Hem, Tr\u00e4dg\u00e5rd &amp; Fritid","og_description":"Ge ditt sovrum en modern touch med den flytande nattduksbordet fr\u00e5n TRUUSK. Detta v\u00e4ggmonterade nattduksbord sparar mycket golvyta och passar...","og_url":"https:\/\/truusk.store\/sv\/produkt\/truusk-hangande-nattduksbord-med-lada-oppet-fack-for-sovrum-och-vardagsrum-vit-398-x-35-x-316-cm\/","og_site_name":"TRUUSK - Hem, Tr\u00e4dg\u00e5rd &amp; Fritid","article_modified_time":"2026-03-12T07:44:56+00:00","og_image":[{"width":2000,"height":2000,"url":"https:\/\/i0.wp.com\/truusk.se\/wp-content\/uploads\/2025\/06\/hangande-nattduksbord-med-lada-oppet-fack-nattskap-nattduksbord-soffbord-for-sovrum-vardagsrum-vit-398-x-35-x-316-cm-1.webp?fit=2000%2C2000&ssl=1","type":"image\/webp"}],"twitter_card":"summary_large_image","twitter_misc":{"Ber\u00e4knad l\u00e4stid":"1 minut"},"schema":{"@context":"https:\/\/schema.org","@graph":[{"@type":"WebPage","@id":"https:\/\/truusk.store\/sv\/produkt\/truusk-hangande-nattduksbord-med-lada-oppet-fack-for-sovrum-och-vardagsrum-vit-398-x-35-x-316-cm\/","url":"https:\/\/truusk.store\/sv\/produkt\/truusk-hangande-nattduksbord-med-lada-oppet-fack-for-sovrum-och-vardagsrum-vit-398-x-35-x-316-cm\/","name":"TRUUSK H\u00e4ngande Nattduksbord Med L\u00e5da - \u00d6ppet Fack - F\u00f6r Sovrum och Vardagsrum - Vit - 39,8 x 35 x 31,6 cm - TRUUSK - Hem, Tr\u00e4dg\u00e5rd &amp; Fritid","isPartOf":{"@id":"https:\/\/truusk.store\/sv\/#website"},"primaryImageOfPage":{"@id":"https:\/\/truusk.store\/sv\/produkt\/truusk-hangande-nattduksbord-med-lada-oppet-fack-for-sovrum-och-vardagsrum-vit-398-x-35-x-316-cm\/#primaryimage"},"image":{"@id":"https:\/\/truusk.store\/sv\/produkt\/truusk-hangande-nattduksbord-med-lada-oppet-fack-for-sovrum-och-vardagsrum-vit-398-x-35-x-316-cm\/#primaryimage"},"thumbnailUrl":"https:\/\/i0.wp.com\/truusk.store\/wp-content\/uploads\/2025\/06\/hangande-nattduksbord-med-lada-oppet-fack-nattskap-nattduksbord-soffbord-for-sovrum-vardagsrum-vit-398-x-35-x-316-cm-1.webp?fit=2000%2C2000&ssl=1","datePublished":"2025-06-10T04:56:43+00:00","dateModified":"2026-03-12T07:44:56+00:00","breadcrumb":{"@id":"https:\/\/truusk.store\/sv\/produkt\/truusk-hangande-nattduksbord-med-lada-oppet-fack-for-sovrum-och-vardagsrum-vit-398-x-35-x-316-cm\/#breadcrumb"},"inLanguage":"sv-SE","potentialAction":[{"@type":"ReadAction","target":["https:\/\/truusk.store\/sv\/produkt\/truusk-hangande-nattduksbord-med-lada-oppet-fack-for-sovrum-och-vardagsrum-vit-398-x-35-x-316-cm\/"]}]},{"@type":"ImageObject","inLanguage":"sv-SE","@id":"https:\/\/truusk.store\/sv\/produkt\/truusk-hangande-nattduksbord-med-lada-oppet-fack-for-sovrum-och-vardagsrum-vit-398-x-35-x-316-cm\/#primaryimage","url":"https:\/\/i0.wp.com\/truusk.store\/wp-content\/uploads\/2025\/06\/hangande-nattduksbord-med-lada-oppet-fack-nattskap-nattduksbord-soffbord-for-sovrum-vardagsrum-vit-398-x-35-x-316-cm-1.webp?fit=2000%2C2000&ssl=1","contentUrl":"https:\/\/i0.wp.com\/truusk.store\/wp-content\/uploads\/2025\/06\/hangande-nattduksbord-med-lada-oppet-fack-nattskap-nattduksbord-soffbord-for-sovrum-vardagsrum-vit-398-x-35-x-316-cm-1.webp?fit=2000%2C2000&ssl=1","width":2000,"height":2000},{"@type":"BreadcrumbList","@id":"https:\/\/truusk.store\/sv\/produkt\/truusk-hangande-nattduksbord-med-lada-oppet-fack-for-sovrum-och-vardagsrum-vit-398-x-35-x-316-cm\/#breadcrumb","itemListElement":[{"@type":"ListItem","position":1,"name":"Home","item":"https:\/\/truusk.store\/sv\/"},{"@type":"ListItem","position":2,"name":"Shop","item":"https:\/\/truusk.store\/shop\/"},{"@type":"ListItem","position":3,"name":"TRUUSK H\u00e4ngande Nattduksbord Med L\u00e5da &#8211; \u00d6ppet Fack &#8211; F\u00f6r Sovrum och Vardagsrum &#8211; Vit &#8211; 39,8 x 35 x 31,6 cm"}]},{"@type":"WebSite","@id":"https:\/\/truusk.store\/sv\/#website","url":"https:\/\/truusk.store\/sv\/","name":"TRUUSK - Hem, Tr\u00e4dg\u00e5rd & Fritid","description":"","publisher":{"@id":"https:\/\/truusk.store\/sv\/#organization"},"potentialAction":[{"@type":"SearchAction","target":{"@type":"EntryPoint","urlTemplate":"https:\/\/truusk.store\/sv\/?s={search_term_string}"},"query-input":{"@type":"PropertyValueSpecification","valueRequired":true,"valueName":"search_term_string"}}],"inLanguage":"sv-SE"},{"@type":"Organization","@id":"https:\/\/truusk.store\/sv\/#organization","name":"TRUUSK - Hem, Tr\u00e4dg\u00e5rd & Fritid","url":"https:\/\/truusk.store\/sv\/","logo":{"@type":"ImageObject","inLanguage":"sv-SE","@id":"https:\/\/truusk.store\/sv\/#\/schema\/logo\/image\/","url":"https:\/\/i0.wp.com\/truusk.store\/wp-content\/uploads\/2026\/03\/cropped-TRUUSK.png?fit=2032%2C917&ssl=1","contentUrl":"https:\/\/i0.wp.com\/truusk.store\/wp-content\/uploads\/2026\/03\/cropped-TRUUSK.png?fit=2032%2C917&ssl=1","width":2032,"height":917,"caption":"TRUUSK - Hem, Tr\u00e4dg\u00e5rd & Fritid"},"image":{"@id":"https:\/\/truusk.store\/sv\/#\/schema\/logo\/image\/"}}]}},"jetpack_sharing_enabled":true,"_links":{"self":[{"href":"https:\/\/truusk.store\/sv\/wp-json\/wp\/v2\/product\/79017","targetHints":{"allow":["GET"]}}],"collection":[{"href":"https:\/\/truusk.store\/sv\/wp-json\/wp\/v2\/product"}],"about":[{"href":"https:\/\/truusk.store\/sv\/wp-json\/wp\/v2\/types\/product"}],"wp:featuredmedia":[{"embeddable":true,"href":"https:\/\/truusk.store\/sv\/wp-json\/wp\/v2\/media\/79008"}],"wp:attachment":[{"href":"https:\/\/truusk.store\/sv\/wp-json\/wp\/v2\/media?parent=79017"}],"wp:term":[{"taxonomy":"product_brand","embeddable":true,"href":"https:\/\/truusk.store\/sv\/wp-json\/wp\/v2\/product_brand?post=79017"},{"taxonomy":"product_cat","embeddable":true,"href":"https:\/\/truusk.store\/sv\/wp-json\/wp\/v2\/product_cat?post=79017"},{"taxonomy":"product_tag","embeddable":true,"href":"https:\/\/truusk.store\/sv\/wp-json\/wp\/v2\/product_tag?post=79017"}],"curies":[{"name":"wp","href":"https:\/\/api.w.org\/{rel}","templated":true}]}}