{"id":79067,"date":"2025-06-10T06:01:49","date_gmt":"2025-06-10T05:01:49","guid":{"rendered":"https:\/\/truusk.store\/product\/hemmakontorsstol-skrivbordsstol-snurrstol-hojdjusterbar-kontorsstol-med-gungfunktion-linneutseende-sminkstol-for-sovrum-arbetsrum-beige\/"},"modified":"2026-03-12T08:46:19","modified_gmt":"2026-03-12T07:46:19","slug":"truusk-hemmakontorsstol-skrivbordsstol-snurrstol-justerbar-hojd-gungfunktion-linneutseende-beige-for-sovrum","status":"publish","type":"product","link":"https:\/\/truusk.store\/sv\/produkt\/truusk-hemmakontorsstol-skrivbordsstol-snurrstol-justerbar-hojd-gungfunktion-linneutseende-beige-for-sovrum\/","title":{"rendered":"TRUUSK Hemmakontorsstol &#8211; Skrivbordsstol &#8211; Snurrstol &#8211; Justerbar h\u00f6jd &#8211; Gungfunktion &#8211; Linneutseende &#8211; Beige &#8211; F\u00f6r Sovrum,"},"content":{"rendered":"<p>Optimera din kontorsmilj\u00f6 med TRUUSK kontorsstolen, en perfekt blandning av vintage stil och komfort. Den eleganta diamantdesignen och knappstopningen, kombinerat med distinkta guldiga ben, ger varje rum en touch av elegans. Den tjocka, mjuka sitsen och den luftiga, linne-liknande tyget p\u00e5 sv\u00e4ngstolen erbjuder varaktig komfort. Gungfunktionen st\u00f6der ocks\u00e5 avkopplande gungning.<\/p>\n<p>Beskrivning:<\/p>\n<ul>\n<li> Diamantm\u00f6nster-knappstopning och guldiga ben f\u00f6r ett vackert utseende<\/li>\n<li> 12 cm tjock sitsvaddering erbjuder \u00f6verl\u00e4gsen komfort<\/li>\n<li> Tyg i linneutseende ger andningsbar och bekv\u00e4m sittning<\/li>\n<li> Gungfunktionen p\u00e5 sv\u00e4ngstolen m\u00f6jligg\u00f6r l\u00e4tt gungning f\u00f6r avkoppling<\/li>\n<li> H\u00f6jdjusterbar med mjuk klass 3-gaslyft<\/li>\n<li> PU-hjul p\u00e5 hemmakontorsstolen rullar tyst p\u00e5 alla golvmaterial<\/li>\n<li> Montering kr\u00e4vs<\/li>\n<\/ul>\n<p> Tekniska data:<\/p>\n<ul>\n<li> F\u00e4rg: Beige+Guld<\/li>\n<li> Material: Tyg i linneutseende (100 % polyester), skum, metall<\/li>\n<li> Totala dimensioner: 54B x 52D x 73-81H cm<\/li>\n<li> Sitsstorlek: 54B x 52D x 45-53H cm<\/li>\n<li> Ryggstorlek: 45B x 31L cm<\/li>\n<li> Sitskuddens tjocklek: 12 cm<\/li>\n<li> B\u00e4rkapacitet: 120 kg<\/li>\n<\/ul>\n<p>Leveransinneh\u00e5ll:<\/p>\n<ul>\n<li> 1 x Kontorsstol<\/li>\n<li> 1 x Handbok<\/li>\n<\/ul>\n","protected":false},"excerpt":{"rendered":"<p>Optimera din kontorsmilj\u00f6 med TRUUSK kontorsstolen, en perfekt blandning av vintage stil och komfort. Den eleganta diamantdesignen och knappstopningen, kombinerat&#8230;<\/p>\n","protected":false},"featured_media":79058,"template":"","meta":[],"product_brand":[],"product_cat":[872,871,516],"product_tag":[],"class_list":{"0":"post-79067","1":"product","2":"type-product","3":"status-publish","4":"has-post-thumbnail","6":"product_cat-hemmakontor-arbetsplats","7":"product_cat-hus-hem","8":"product_cat-kontorsstolar","10":"first","11":"instock","12":"sale","13":"taxable","14":"shipping-taxable","15":"purchasable","16":"product-type-simple"},"yoast_head":"<!-- This site is optimized with the Yoast SEO plugin v25.4 - https:\/\/yoast.com\/wordpress\/plugins\/seo\/ -->\n<title>TRUUSK Hemmakontorsstol - Skrivbordsstol - Snurrstol - Justerbar h\u00f6jd - Gungfunktion - Linneutseende - Beige - F\u00f6r Sovrum, - TRUUSK - Hem, Tr\u00e4dg\u00e5rd &amp; Fritid<\/title>\n<meta name=\"robots\" content=\"index, follow, max-snippet:-1, max-image-preview:large, max-video-preview:-1\" \/>\n<link rel=\"canonical\" href=\"https:\/\/truusk.store\/sv\/produkt\/truusk-hemmakontorsstol-skrivbordsstol-snurrstol-justerbar-hojd-gungfunktion-linneutseende-beige-for-sovrum\/\" \/>\n<meta property=\"og:locale\" content=\"sv_SE\" \/>\n<meta property=\"og:type\" content=\"article\" \/>\n<meta property=\"og:title\" content=\"TRUUSK Hemmakontorsstol - Skrivbordsstol - Snurrstol - Justerbar h\u00f6jd - Gungfunktion - Linneutseende - Beige - F\u00f6r Sovrum, - TRUUSK - Hem, Tr\u00e4dg\u00e5rd &amp; Fritid\" \/>\n<meta property=\"og:description\" content=\"Optimera din kontorsmilj\u00f6 med TRUUSK kontorsstolen, en perfekt blandning av vintage stil och komfort. Den eleganta diamantdesignen och knappstopningen, kombinerat...\" \/>\n<meta property=\"og:url\" content=\"https:\/\/truusk.store\/sv\/produkt\/truusk-hemmakontorsstol-skrivbordsstol-snurrstol-justerbar-hojd-gungfunktion-linneutseende-beige-for-sovrum\/\" \/>\n<meta property=\"og:site_name\" content=\"TRUUSK - Hem, Tr\u00e4dg\u00e5rd &amp; Fritid\" \/>\n<meta property=\"article:modified_time\" content=\"2026-03-12T07:46:19+00:00\" \/>\n<meta property=\"og:image\" content=\"https:\/\/i0.wp.com\/truusk.se\/wp-content\/uploads\/2025\/06\/hemmakontorsstol-skrivbordsstol-snurrstol-hojdjusterbar-kontorsstol-med-gungfunktion-linneutseende-sminkstol-for-sovrum-arbetsrum-beige-1.webp?fit=2000%2C2000&ssl=1\" \/>\n\t<meta property=\"og:image:width\" content=\"2000\" \/>\n\t<meta property=\"og:image:height\" content=\"2000\" \/>\n\t<meta property=\"og:image:type\" content=\"image\/webp\" \/>\n<meta name=\"twitter:card\" content=\"summary_large_image\" \/>\n<meta name=\"twitter:label1\" content=\"Ber\u00e4knad l\u00e4stid\" \/>\n\t<meta name=\"twitter:data1\" content=\"1 minut\" \/>\n<!-- \/ Yoast SEO plugin. -->","yoast_head_json":{"title":"TRUUSK Hemmakontorsstol - Skrivbordsstol - Snurrstol - Justerbar h\u00f6jd - Gungfunktion - Linneutseende - Beige - F\u00f6r Sovrum, - TRUUSK - Hem, Tr\u00e4dg\u00e5rd &amp; Fritid","robots":{"index":"index","follow":"follow","max-snippet":"max-snippet:-1","max-image-preview":"max-image-preview:large","max-video-preview":"max-video-preview:-1"},"canonical":"https:\/\/truusk.store\/sv\/produkt\/truusk-hemmakontorsstol-skrivbordsstol-snurrstol-justerbar-hojd-gungfunktion-linneutseende-beige-for-sovrum\/","og_locale":"sv_SE","og_type":"article","og_title":"TRUUSK Hemmakontorsstol - Skrivbordsstol - Snurrstol - Justerbar h\u00f6jd - Gungfunktion - Linneutseende - Beige - F\u00f6r Sovrum, - TRUUSK - Hem, Tr\u00e4dg\u00e5rd &amp; Fritid","og_description":"Optimera din kontorsmilj\u00f6 med TRUUSK kontorsstolen, en perfekt blandning av vintage stil och komfort. Den eleganta diamantdesignen och knappstopningen, kombinerat...","og_url":"https:\/\/truusk.store\/sv\/produkt\/truusk-hemmakontorsstol-skrivbordsstol-snurrstol-justerbar-hojd-gungfunktion-linneutseende-beige-for-sovrum\/","og_site_name":"TRUUSK - Hem, Tr\u00e4dg\u00e5rd &amp; Fritid","article_modified_time":"2026-03-12T07:46:19+00:00","og_image":[{"width":2000,"height":2000,"url":"https:\/\/i0.wp.com\/truusk.se\/wp-content\/uploads\/2025\/06\/hemmakontorsstol-skrivbordsstol-snurrstol-hojdjusterbar-kontorsstol-med-gungfunktion-linneutseende-sminkstol-for-sovrum-arbetsrum-beige-1.webp?fit=2000%2C2000&ssl=1","type":"image\/webp"}],"twitter_card":"summary_large_image","twitter_misc":{"Ber\u00e4knad l\u00e4stid":"1 minut"},"schema":{"@context":"https:\/\/schema.org","@graph":[{"@type":"WebPage","@id":"https:\/\/truusk.store\/sv\/produkt\/truusk-hemmakontorsstol-skrivbordsstol-snurrstol-justerbar-hojd-gungfunktion-linneutseende-beige-for-sovrum\/","url":"https:\/\/truusk.store\/sv\/produkt\/truusk-hemmakontorsstol-skrivbordsstol-snurrstol-justerbar-hojd-gungfunktion-linneutseende-beige-for-sovrum\/","name":"TRUUSK Hemmakontorsstol - Skrivbordsstol - Snurrstol - Justerbar h\u00f6jd - Gungfunktion - Linneutseende - Beige - F\u00f6r Sovrum, - TRUUSK - Hem, Tr\u00e4dg\u00e5rd &amp; Fritid","isPartOf":{"@id":"https:\/\/truusk.store\/sv\/#website"},"primaryImageOfPage":{"@id":"https:\/\/truusk.store\/sv\/produkt\/truusk-hemmakontorsstol-skrivbordsstol-snurrstol-justerbar-hojd-gungfunktion-linneutseende-beige-for-sovrum\/#primaryimage"},"image":{"@id":"https:\/\/truusk.store\/sv\/produkt\/truusk-hemmakontorsstol-skrivbordsstol-snurrstol-justerbar-hojd-gungfunktion-linneutseende-beige-for-sovrum\/#primaryimage"},"thumbnailUrl":"https:\/\/i0.wp.com\/truusk.store\/wp-content\/uploads\/2025\/06\/hemmakontorsstol-skrivbordsstol-snurrstol-hojdjusterbar-kontorsstol-med-gungfunktion-linneutseende-sminkstol-for-sovrum-arbetsrum-beige-1.webp?fit=2000%2C2000&ssl=1","datePublished":"2025-06-10T05:01:49+00:00","dateModified":"2026-03-12T07:46:19+00:00","breadcrumb":{"@id":"https:\/\/truusk.store\/sv\/produkt\/truusk-hemmakontorsstol-skrivbordsstol-snurrstol-justerbar-hojd-gungfunktion-linneutseende-beige-for-sovrum\/#breadcrumb"},"inLanguage":"sv-SE","potentialAction":[{"@type":"ReadAction","target":["https:\/\/truusk.store\/sv\/produkt\/truusk-hemmakontorsstol-skrivbordsstol-snurrstol-justerbar-hojd-gungfunktion-linneutseende-beige-for-sovrum\/"]}]},{"@type":"ImageObject","inLanguage":"sv-SE","@id":"https:\/\/truusk.store\/sv\/produkt\/truusk-hemmakontorsstol-skrivbordsstol-snurrstol-justerbar-hojd-gungfunktion-linneutseende-beige-for-sovrum\/#primaryimage","url":"https:\/\/i0.wp.com\/truusk.store\/wp-content\/uploads\/2025\/06\/hemmakontorsstol-skrivbordsstol-snurrstol-hojdjusterbar-kontorsstol-med-gungfunktion-linneutseende-sminkstol-for-sovrum-arbetsrum-beige-1.webp?fit=2000%2C2000&ssl=1","contentUrl":"https:\/\/i0.wp.com\/truusk.store\/wp-content\/uploads\/2025\/06\/hemmakontorsstol-skrivbordsstol-snurrstol-hojdjusterbar-kontorsstol-med-gungfunktion-linneutseende-sminkstol-for-sovrum-arbetsrum-beige-1.webp?fit=2000%2C2000&ssl=1","width":2000,"height":2000},{"@type":"BreadcrumbList","@id":"https:\/\/truusk.store\/sv\/produkt\/truusk-hemmakontorsstol-skrivbordsstol-snurrstol-justerbar-hojd-gungfunktion-linneutseende-beige-for-sovrum\/#breadcrumb","itemListElement":[{"@type":"ListItem","position":1,"name":"Home","item":"https:\/\/truusk.store\/sv\/"},{"@type":"ListItem","position":2,"name":"Shop","item":"https:\/\/truusk.store\/shop\/"},{"@type":"ListItem","position":3,"name":"TRUUSK Hemmakontorsstol &#8211; Skrivbordsstol &#8211; Snurrstol &#8211; Justerbar h\u00f6jd &#8211; Gungfunktion &#8211; Linneutseende &#8211; Beige &#8211; F\u00f6r Sovrum,"}]},{"@type":"WebSite","@id":"https:\/\/truusk.store\/sv\/#website","url":"https:\/\/truusk.store\/sv\/","name":"TRUUSK - Hem, Tr\u00e4dg\u00e5rd & Fritid","description":"","publisher":{"@id":"https:\/\/truusk.store\/sv\/#organization"},"potentialAction":[{"@type":"SearchAction","target":{"@type":"EntryPoint","urlTemplate":"https:\/\/truusk.store\/sv\/?s={search_term_string}"},"query-input":{"@type":"PropertyValueSpecification","valueRequired":true,"valueName":"search_term_string"}}],"inLanguage":"sv-SE"},{"@type":"Organization","@id":"https:\/\/truusk.store\/sv\/#organization","name":"TRUUSK - Hem, Tr\u00e4dg\u00e5rd & Fritid","url":"https:\/\/truusk.store\/sv\/","logo":{"@type":"ImageObject","inLanguage":"sv-SE","@id":"https:\/\/truusk.store\/sv\/#\/schema\/logo\/image\/","url":"https:\/\/i0.wp.com\/truusk.store\/wp-content\/uploads\/2026\/03\/cropped-TRUUSK.png?fit=2032%2C917&ssl=1","contentUrl":"https:\/\/i0.wp.com\/truusk.store\/wp-content\/uploads\/2026\/03\/cropped-TRUUSK.png?fit=2032%2C917&ssl=1","width":2032,"height":917,"caption":"TRUUSK - Hem, Tr\u00e4dg\u00e5rd & Fritid"},"image":{"@id":"https:\/\/truusk.store\/sv\/#\/schema\/logo\/image\/"}}]}},"jetpack_sharing_enabled":true,"_links":{"self":[{"href":"https:\/\/truusk.store\/sv\/wp-json\/wp\/v2\/product\/79067","targetHints":{"allow":["GET"]}}],"collection":[{"href":"https:\/\/truusk.store\/sv\/wp-json\/wp\/v2\/product"}],"about":[{"href":"https:\/\/truusk.store\/sv\/wp-json\/wp\/v2\/types\/product"}],"wp:featuredmedia":[{"embeddable":true,"href":"https:\/\/truusk.store\/sv\/wp-json\/wp\/v2\/media\/79058"}],"wp:attachment":[{"href":"https:\/\/truusk.store\/sv\/wp-json\/wp\/v2\/media?parent=79067"}],"wp:term":[{"taxonomy":"product_brand","embeddable":true,"href":"https:\/\/truusk.store\/sv\/wp-json\/wp\/v2\/product_brand?post=79067"},{"taxonomy":"product_cat","embeddable":true,"href":"https:\/\/truusk.store\/sv\/wp-json\/wp\/v2\/product_cat?post=79067"},{"taxonomy":"product_tag","embeddable":true,"href":"https:\/\/truusk.store\/sv\/wp-json\/wp\/v2\/product_tag?post=79067"}],"curies":[{"name":"wp","href":"https:\/\/api.w.org\/{rel}","templated":true}]}}