{"id":79097,"date":"2025-06-10T06:04:38","date_gmt":"2025-06-10T05:04:38","guid":{"rendered":"https:\/\/truusk.store\/product\/sportnow-smart-hula-hoop-ring-for-vuxna-med-viktad-bollraknare-16-knutar-76-113cm-justerbar-fitness-tyst-viktminskningsutrustning-infinity-hula-hoop-for-viktminskning-fitness-ljusbla\/"},"modified":"2026-03-12T08:44:26","modified_gmt":"2026-03-12T07:44:26","slug":"truusk-smart-hula-hoop-ring-for-vuxna-viktad-bollraknare-justerbar-16-knutar-fitnessutrustning-ljusbla","status":"publish","type":"product","link":"https:\/\/truusk.store\/sv\/produkt\/truusk-smart-hula-hoop-ring-for-vuxna-viktad-bollraknare-justerbar-16-knutar-fitnessutrustning-ljusbla\/","title":{"rendered":"TRUUSK Smart Hula Hoop Ring f\u00f6r Vuxna &#8211; Viktad Bollr\u00e4knare &#8211; Justerbar 16 Knutar &#8211; Fitnessutrustning &#8211; Ljusbl\u00e5"},"content":{"rendered":"<p>Forma om din midja och ditt tr\u00e4ningskoncept med SPORTNOW Hula-Hoop och vikt boll. Njut av en omfattande 360\u00b0 muskelmassage med en dynamisk 400g tyngdboll. H\u00e5ll koll p\u00e5 rotationer och f\u00f6rbr\u00e4nda kalorier med den inbyggda digitala r\u00e4knaren p\u00e5 Hula-Hoop-ringen. Utvecklad f\u00f6r h\u00f6g komfort, garanterar dess ljudl\u00f6sa lager och den s\u00e4kra, halkfria passformen p\u00e5 denna smarta Infinity-Hoop med vikt boll en effektiv viktminskning och tr\u00e4ningsrutin.<\/p>\n<p>Beskrivning:<\/p>\n<ul>\n<li> Den 400g tunga bollen p\u00e5 Hula-Hoop masserar 360\u00b0 f\u00f6r en fullst\u00e4ndig t\u00e4ckning av midjemuskulaturen<\/li>\n<li> Digital r\u00e4knare p\u00e5 Smart-Hula-Hoop f\u00f6ljer rotationer, varaktighet och f\u00f6rbr\u00e4nda kalorier<\/li>\n<li> Justerbara 16 segment passar enkelt midjor fr\u00e5n 76-113 cm<\/li>\n<li> Det halkfria designen p\u00e5 Hula-Hoop-ringen garanterar en stabil anv\u00e4ndning<\/li>\n<li> Tyst lager f\u00f6r bekv\u00e4m, ljudl\u00f6s drift<\/li>\n<li> Br\u00e4nner snabbt fett och eliminerar effektivt tr\u00f6tthet<\/li>\n<li> F\u00f6r nyf\u00f6dda m\u00f6drar, kontorsarbetare eller personer med l\u00e5g konditionsniv\u00e5<\/li>\n<\/ul>\n<p> Tekniska data:<\/p>\n<ul>\n<li> F\u00e4rg: Ljusbl\u00e5+Vit<\/li>\n<li> Material: ABS, Metallsand<\/li>\n<li> M\u00e5tt: 139L x 4,5B cm (helt utstr\u00e4ckt)<\/li>\n<li> L\u00e4mplig f\u00f6r midjeomkrets: 76-113 cm<\/li>\n<li> Viktad bollstorlek: \u00d87 x 11L cm, 400 g<\/li>\n<li> Rep l\u00e4ngd: 5-38L cm<\/li>\n<\/ul>\n<p>Leveransinneh\u00e5ll:<\/p>\n<ul>\n<li> 1 x Hula-Hoop-ring<\/li>\n<li> 1 x Vikt boll<\/li>\n<li> 1 x Bruksanvisning<\/li>\n<\/ul>\n","protected":false},"excerpt":{"rendered":"<p>Forma om din midja och ditt tr\u00e4ningskoncept med SPORTNOW Hula-Hoop och vikt boll. Njut av en omfattande 360\u00b0 muskelmassage med&#8230;<\/p>\n","protected":false},"featured_media":79088,"template":"","meta":[],"product_brand":[],"product_cat":[873,647],"product_tag":[],"class_list":{"0":"post-79097","1":"product","2":"type-product","3":"status-publish","4":"has-post-thumbnail","6":"product_cat-fitness-styrketraning","7":"product_cat-sport-fritid","9":"first","10":"instock","11":"sale","12":"taxable","13":"shipping-taxable","14":"purchasable","15":"product-type-simple"},"yoast_head":"<!-- This site is optimized with the Yoast SEO plugin v25.4 - https:\/\/yoast.com\/wordpress\/plugins\/seo\/ -->\n<title>TRUUSK Smart Hula Hoop Ring f\u00f6r Vuxna - Viktad Bollr\u00e4knare - Justerbar 16 Knutar - Fitnessutrustning - Ljusbl\u00e5 - TRUUSK - Hem, Tr\u00e4dg\u00e5rd &amp; Fritid<\/title>\n<meta name=\"robots\" content=\"index, follow, max-snippet:-1, max-image-preview:large, max-video-preview:-1\" \/>\n<link rel=\"canonical\" href=\"https:\/\/truusk.store\/sv\/produkt\/truusk-smart-hula-hoop-ring-for-vuxna-viktad-bollraknare-justerbar-16-knutar-fitnessutrustning-ljusbla\/\" \/>\n<meta property=\"og:locale\" content=\"sv_SE\" \/>\n<meta property=\"og:type\" content=\"article\" \/>\n<meta property=\"og:title\" content=\"TRUUSK Smart Hula Hoop Ring f\u00f6r Vuxna - Viktad Bollr\u00e4knare - Justerbar 16 Knutar - Fitnessutrustning - Ljusbl\u00e5 - TRUUSK - Hem, Tr\u00e4dg\u00e5rd &amp; Fritid\" \/>\n<meta property=\"og:description\" content=\"Forma om din midja och ditt tr\u00e4ningskoncept med SPORTNOW Hula-Hoop och vikt boll. Njut av en omfattande 360\u00b0 muskelmassage med...\" \/>\n<meta property=\"og:url\" content=\"https:\/\/truusk.store\/sv\/produkt\/truusk-smart-hula-hoop-ring-for-vuxna-viktad-bollraknare-justerbar-16-knutar-fitnessutrustning-ljusbla\/\" \/>\n<meta property=\"og:site_name\" content=\"TRUUSK - Hem, Tr\u00e4dg\u00e5rd &amp; Fritid\" \/>\n<meta property=\"article:modified_time\" content=\"2026-03-12T07:44:26+00:00\" \/>\n<meta property=\"og:image\" content=\"https:\/\/i0.wp.com\/truusk.se\/wp-content\/uploads\/2025\/06\/sportnow-smart-hula-hoop-ring-for-vuxna-med-viktad-bollraknare-16-knutar-76-113cm-justerbar-fitness-tyst-viktminskningsutrustning-infinity-hula-hoop-for-viktminskning-fitness-ljusbla-1.webp?fit=2000%2C2000&ssl=1\" \/>\n\t<meta property=\"og:image:width\" content=\"2000\" \/>\n\t<meta property=\"og:image:height\" content=\"2000\" \/>\n\t<meta property=\"og:image:type\" content=\"image\/webp\" \/>\n<meta name=\"twitter:card\" content=\"summary_large_image\" \/>\n<meta name=\"twitter:label1\" content=\"Ber\u00e4knad l\u00e4stid\" \/>\n\t<meta name=\"twitter:data1\" content=\"1 minut\" \/>\n<!-- \/ Yoast SEO plugin. -->","yoast_head_json":{"title":"TRUUSK Smart Hula Hoop Ring f\u00f6r Vuxna - Viktad Bollr\u00e4knare - Justerbar 16 Knutar - Fitnessutrustning - Ljusbl\u00e5 - TRUUSK - Hem, Tr\u00e4dg\u00e5rd &amp; Fritid","robots":{"index":"index","follow":"follow","max-snippet":"max-snippet:-1","max-image-preview":"max-image-preview:large","max-video-preview":"max-video-preview:-1"},"canonical":"https:\/\/truusk.store\/sv\/produkt\/truusk-smart-hula-hoop-ring-for-vuxna-viktad-bollraknare-justerbar-16-knutar-fitnessutrustning-ljusbla\/","og_locale":"sv_SE","og_type":"article","og_title":"TRUUSK Smart Hula Hoop Ring f\u00f6r Vuxna - Viktad Bollr\u00e4knare - Justerbar 16 Knutar - Fitnessutrustning - Ljusbl\u00e5 - TRUUSK - Hem, Tr\u00e4dg\u00e5rd &amp; Fritid","og_description":"Forma om din midja och ditt tr\u00e4ningskoncept med SPORTNOW Hula-Hoop och vikt boll. Njut av en omfattande 360\u00b0 muskelmassage med...","og_url":"https:\/\/truusk.store\/sv\/produkt\/truusk-smart-hula-hoop-ring-for-vuxna-viktad-bollraknare-justerbar-16-knutar-fitnessutrustning-ljusbla\/","og_site_name":"TRUUSK - Hem, Tr\u00e4dg\u00e5rd &amp; Fritid","article_modified_time":"2026-03-12T07:44:26+00:00","og_image":[{"width":2000,"height":2000,"url":"https:\/\/i0.wp.com\/truusk.se\/wp-content\/uploads\/2025\/06\/sportnow-smart-hula-hoop-ring-for-vuxna-med-viktad-bollraknare-16-knutar-76-113cm-justerbar-fitness-tyst-viktminskningsutrustning-infinity-hula-hoop-for-viktminskning-fitness-ljusbla-1.webp?fit=2000%2C2000&ssl=1","type":"image\/webp"}],"twitter_card":"summary_large_image","twitter_misc":{"Ber\u00e4knad l\u00e4stid":"1 minut"},"schema":{"@context":"https:\/\/schema.org","@graph":[{"@type":"WebPage","@id":"https:\/\/truusk.store\/sv\/produkt\/truusk-smart-hula-hoop-ring-for-vuxna-viktad-bollraknare-justerbar-16-knutar-fitnessutrustning-ljusbla\/","url":"https:\/\/truusk.store\/sv\/produkt\/truusk-smart-hula-hoop-ring-for-vuxna-viktad-bollraknare-justerbar-16-knutar-fitnessutrustning-ljusbla\/","name":"TRUUSK Smart Hula Hoop Ring f\u00f6r Vuxna - Viktad Bollr\u00e4knare - Justerbar 16 Knutar - Fitnessutrustning - Ljusbl\u00e5 - TRUUSK - Hem, Tr\u00e4dg\u00e5rd &amp; Fritid","isPartOf":{"@id":"https:\/\/truusk.store\/sv\/#website"},"primaryImageOfPage":{"@id":"https:\/\/truusk.store\/sv\/produkt\/truusk-smart-hula-hoop-ring-for-vuxna-viktad-bollraknare-justerbar-16-knutar-fitnessutrustning-ljusbla\/#primaryimage"},"image":{"@id":"https:\/\/truusk.store\/sv\/produkt\/truusk-smart-hula-hoop-ring-for-vuxna-viktad-bollraknare-justerbar-16-knutar-fitnessutrustning-ljusbla\/#primaryimage"},"thumbnailUrl":"https:\/\/i0.wp.com\/truusk.store\/wp-content\/uploads\/2025\/06\/sportnow-smart-hula-hoop-ring-for-vuxna-med-viktad-bollraknare-16-knutar-76-113cm-justerbar-fitness-tyst-viktminskningsutrustning-infinity-hula-hoop-for-viktminskning-fitness-ljusbla-1.webp?fit=2000%2C2000&ssl=1","datePublished":"2025-06-10T05:04:38+00:00","dateModified":"2026-03-12T07:44:26+00:00","breadcrumb":{"@id":"https:\/\/truusk.store\/sv\/produkt\/truusk-smart-hula-hoop-ring-for-vuxna-viktad-bollraknare-justerbar-16-knutar-fitnessutrustning-ljusbla\/#breadcrumb"},"inLanguage":"sv-SE","potentialAction":[{"@type":"ReadAction","target":["https:\/\/truusk.store\/sv\/produkt\/truusk-smart-hula-hoop-ring-for-vuxna-viktad-bollraknare-justerbar-16-knutar-fitnessutrustning-ljusbla\/"]}]},{"@type":"ImageObject","inLanguage":"sv-SE","@id":"https:\/\/truusk.store\/sv\/produkt\/truusk-smart-hula-hoop-ring-for-vuxna-viktad-bollraknare-justerbar-16-knutar-fitnessutrustning-ljusbla\/#primaryimage","url":"https:\/\/i0.wp.com\/truusk.store\/wp-content\/uploads\/2025\/06\/sportnow-smart-hula-hoop-ring-for-vuxna-med-viktad-bollraknare-16-knutar-76-113cm-justerbar-fitness-tyst-viktminskningsutrustning-infinity-hula-hoop-for-viktminskning-fitness-ljusbla-1.webp?fit=2000%2C2000&ssl=1","contentUrl":"https:\/\/i0.wp.com\/truusk.store\/wp-content\/uploads\/2025\/06\/sportnow-smart-hula-hoop-ring-for-vuxna-med-viktad-bollraknare-16-knutar-76-113cm-justerbar-fitness-tyst-viktminskningsutrustning-infinity-hula-hoop-for-viktminskning-fitness-ljusbla-1.webp?fit=2000%2C2000&ssl=1","width":2000,"height":2000},{"@type":"BreadcrumbList","@id":"https:\/\/truusk.store\/sv\/produkt\/truusk-smart-hula-hoop-ring-for-vuxna-viktad-bollraknare-justerbar-16-knutar-fitnessutrustning-ljusbla\/#breadcrumb","itemListElement":[{"@type":"ListItem","position":1,"name":"Home","item":"https:\/\/truusk.store\/sv\/"},{"@type":"ListItem","position":2,"name":"Shop","item":"https:\/\/truusk.store\/shop\/"},{"@type":"ListItem","position":3,"name":"TRUUSK Smart Hula Hoop Ring f\u00f6r Vuxna &#8211; Viktad Bollr\u00e4knare &#8211; Justerbar 16 Knutar &#8211; Fitnessutrustning &#8211; Ljusbl\u00e5"}]},{"@type":"WebSite","@id":"https:\/\/truusk.store\/sv\/#website","url":"https:\/\/truusk.store\/sv\/","name":"TRUUSK - Hem, Tr\u00e4dg\u00e5rd & Fritid","description":"","publisher":{"@id":"https:\/\/truusk.store\/sv\/#organization"},"potentialAction":[{"@type":"SearchAction","target":{"@type":"EntryPoint","urlTemplate":"https:\/\/truusk.store\/sv\/?s={search_term_string}"},"query-input":{"@type":"PropertyValueSpecification","valueRequired":true,"valueName":"search_term_string"}}],"inLanguage":"sv-SE"},{"@type":"Organization","@id":"https:\/\/truusk.store\/sv\/#organization","name":"TRUUSK - Hem, Tr\u00e4dg\u00e5rd & Fritid","url":"https:\/\/truusk.store\/sv\/","logo":{"@type":"ImageObject","inLanguage":"sv-SE","@id":"https:\/\/truusk.store\/sv\/#\/schema\/logo\/image\/","url":"https:\/\/i0.wp.com\/truusk.store\/wp-content\/uploads\/2026\/03\/cropped-TRUUSK.png?fit=2032%2C917&ssl=1","contentUrl":"https:\/\/i0.wp.com\/truusk.store\/wp-content\/uploads\/2026\/03\/cropped-TRUUSK.png?fit=2032%2C917&ssl=1","width":2032,"height":917,"caption":"TRUUSK - Hem, Tr\u00e4dg\u00e5rd & Fritid"},"image":{"@id":"https:\/\/truusk.store\/sv\/#\/schema\/logo\/image\/"}}]}},"jetpack_sharing_enabled":true,"_links":{"self":[{"href":"https:\/\/truusk.store\/sv\/wp-json\/wp\/v2\/product\/79097","targetHints":{"allow":["GET"]}}],"collection":[{"href":"https:\/\/truusk.store\/sv\/wp-json\/wp\/v2\/product"}],"about":[{"href":"https:\/\/truusk.store\/sv\/wp-json\/wp\/v2\/types\/product"}],"wp:featuredmedia":[{"embeddable":true,"href":"https:\/\/truusk.store\/sv\/wp-json\/wp\/v2\/media\/79088"}],"wp:attachment":[{"href":"https:\/\/truusk.store\/sv\/wp-json\/wp\/v2\/media?parent=79097"}],"wp:term":[{"taxonomy":"product_brand","embeddable":true,"href":"https:\/\/truusk.store\/sv\/wp-json\/wp\/v2\/product_brand?post=79097"},{"taxonomy":"product_cat","embeddable":true,"href":"https:\/\/truusk.store\/sv\/wp-json\/wp\/v2\/product_cat?post=79097"},{"taxonomy":"product_tag","embeddable":true,"href":"https:\/\/truusk.store\/sv\/wp-json\/wp\/v2\/product_tag?post=79097"}],"curies":[{"name":"wp","href":"https:\/\/api.w.org\/{rel}","templated":true}]}}