{"id":79147,"date":"2025-06-10T06:09:49","date_gmt":"2025-06-10T05:09:49","guid":{"rendered":"https:\/\/truusk.store\/product\/koksskap-buffeskap-med-arbetsyta-6-dorrar-hogt-skap-med-justerbara-hyllplan-kabelhal-mikrovagsskap-modern-forvaringsskap-vit-100-x-38-x-180-cm\/"},"modified":"2026-03-12T08:44:13","modified_gmt":"2026-03-12T07:44:13","slug":"truusk-koksskap-buffeskap-med-arbetsyta-6-dorrar-justerbara-hyllplan-kabelhal-modern-forvaringsskap-vit-100-x-38-x","status":"publish","type":"product","link":"https:\/\/truusk.store\/sv\/produkt\/truusk-koksskap-buffeskap-med-arbetsyta-6-dorrar-justerbara-hyllplan-kabelhal-modern-forvaringsskap-vit-100-x-38-x\/","title":{"rendered":"TRUUSK K\u00f6kssk\u00e5p Buff\u00e9sk\u00e5p Med Arbetsyta &#8211; 6 D\u00f6rrar &#8211; Justerbara Hyllplan &#8211; Kabelh\u00e5l &#8211; Modern F\u00f6rvaringssk\u00e5p &#8211; Vit &#8211; 100 x 38 x"},"content":{"rendered":"<p>Med \u00f6ppen arbetsyta, l\u00e5dor och justerbara hyllor, ger detta k\u00f6kssk\u00e5p ordning i ditt hem. Dess moderna design ger fr\u00e4schhet till din inredning och skapar en varm, inbjudande milj\u00f6 f\u00f6r v\u00e4rdefulla stunder med dina n\u00e4ra och k\u00e4ra. Vitrinsk\u00e5pet erbjuder gott om f\u00f6rvaringsutrymme och p\u00e5 den \u00f6ppna arbetsytan finns det gott om plats f\u00f6r k\u00f6ksapparater som mixers eller kaffemaskiner.<\/p>\n<p>Beskrivning:<\/p>\n<ul>\n<li> En rymlig arbetsb\u00e4nk, l\u00e5dor och fyra trestegssk\u00e5p erbjuder stort f\u00f6rvaringsutrymme<\/li>\n<li> Trestegs justerbara hyllor i flerfunktionssk\u00e5pet anpassar f\u00f6rvaringsutrymmet till storleken p\u00e5 olika f\u00f6rem\u00e5l<\/li>\n<li> Kabelgenomf\u00f6ringar h\u00e5ller apparater organiserade och snygga<\/li>\n<li> G\u00e5ngj\u00e4rn med soft-close-funktion garanterar en tyst och mjuk hantering<\/li>\n<li> Det handtagsl\u00f6sa designen p\u00e5 k\u00f6ksbuff\u00e9n ger elegans till alla inredningar<\/li>\n<li> Anti-tip-set garanterar s\u00e4kerhet i hemmet<\/li>\n<li> Montering kr\u00e4vs<\/li>\n<\/ul>\n<p> Tekniska data:<\/p>\n<ul>\n<li> F\u00e4rg: Vit<\/li>\n<li> Material: Sp\u00e5nskiva, MDF<\/li>\n<li> Totala dimensioner: 100L x 38B x 180H cm<\/li>\n<li> \u00d6vre sk\u00e5pets inre dimensioner: 64,5B x 16,5T x 35H cm (dubbeld\u00f6rr), 32B x 16,5T x 35H cm (end\u00f6rr)<\/li>\n<li> Arbetsytans storlek: 100B x 36,3T x 49,5H cm<\/li>\n<li> L\u00e5dans inre dimensioner: 58,8B x 28,5T x 9,5H cm (stor), 27B x 28,5T x 9,5H cm (liten)<\/li>\n<li> Nedre sk\u00e5pets inre dimensioner: 63B x 34,5T x 52H cm (dubbeld\u00f6rr), 32B x 32,5T x 52H cm (end\u00f6rr)<\/li>\n<li> Belastningskapacitet: 60 kg (totalt), 15 kg (arbetsb\u00e4nk), 10 kg (\u00f6vre sk\u00e5p\/bottenplatta), 5 kg (l\u00e5da\/justerbar hylla)<\/li>\n<\/ul>\n<p>Leveransinneh\u00e5ll:<\/p>\n<ul>\n<li> 1 x k\u00f6kssk\u00e5p<\/li>\n<li> 1 x handbok<\/li>\n<\/ul>\n","protected":false},"excerpt":{"rendered":"<p>Med \u00f6ppen arbetsyta, l\u00e5dor och justerbara hyllor, ger detta k\u00f6kssk\u00e5p ordning i ditt hem. Dess moderna design ger fr\u00e4schhet till&#8230;<\/p>\n","protected":false},"featured_media":79138,"template":"","meta":[],"product_brand":[],"product_cat":[871,889,534],"product_tag":[],"class_list":{"0":"post-79147","1":"product","2":"type-product","3":"status-publish","4":"has-post-thumbnail","6":"product_cat-hus-hem","7":"product_cat-kok-matsal","8":"product_cat-koksskap","10":"first","11":"instock","12":"sale","13":"taxable","14":"shipping-taxable","15":"purchasable","16":"product-type-simple"},"yoast_head":"<!-- This site is optimized with the Yoast SEO plugin v25.4 - https:\/\/yoast.com\/wordpress\/plugins\/seo\/ -->\n<title>TRUUSK K\u00f6kssk\u00e5p Buff\u00e9sk\u00e5p Med Arbetsyta - 6 D\u00f6rrar - Justerbara Hyllplan - Kabelh\u00e5l - Modern F\u00f6rvaringssk\u00e5p - Vit - 100 x 38 x - TRUUSK - Hem, Tr\u00e4dg\u00e5rd &amp; Fritid<\/title>\n<meta name=\"robots\" content=\"index, follow, max-snippet:-1, max-image-preview:large, max-video-preview:-1\" \/>\n<link rel=\"canonical\" href=\"https:\/\/truusk.store\/sv\/produkt\/truusk-koksskap-buffeskap-med-arbetsyta-6-dorrar-justerbara-hyllplan-kabelhal-modern-forvaringsskap-vit-100-x-38-x\/\" \/>\n<meta property=\"og:locale\" content=\"sv_SE\" \/>\n<meta property=\"og:type\" content=\"article\" \/>\n<meta property=\"og:title\" content=\"TRUUSK K\u00f6kssk\u00e5p Buff\u00e9sk\u00e5p Med Arbetsyta - 6 D\u00f6rrar - Justerbara Hyllplan - Kabelh\u00e5l - Modern F\u00f6rvaringssk\u00e5p - Vit - 100 x 38 x - TRUUSK - Hem, Tr\u00e4dg\u00e5rd &amp; Fritid\" \/>\n<meta property=\"og:description\" content=\"Med \u00f6ppen arbetsyta, l\u00e5dor och justerbara hyllor, ger detta k\u00f6kssk\u00e5p ordning i ditt hem. Dess moderna design ger fr\u00e4schhet till...\" \/>\n<meta property=\"og:url\" content=\"https:\/\/truusk.store\/sv\/produkt\/truusk-koksskap-buffeskap-med-arbetsyta-6-dorrar-justerbara-hyllplan-kabelhal-modern-forvaringsskap-vit-100-x-38-x\/\" \/>\n<meta property=\"og:site_name\" content=\"TRUUSK - Hem, Tr\u00e4dg\u00e5rd &amp; Fritid\" \/>\n<meta property=\"article:modified_time\" content=\"2026-03-12T07:44:13+00:00\" \/>\n<meta property=\"og:image\" content=\"https:\/\/i0.wp.com\/truusk.se\/wp-content\/uploads\/2025\/06\/koksskap-buffeskap-med-arbetsyta-6-dorrar-hogt-skap-med-justerbara-hyllplan-kabelhal-mikrovagsskap-modern-forvaringsskap-vit-100-x-38-x-180-cm-1.webp?fit=2000%2C2000&ssl=1\" \/>\n\t<meta property=\"og:image:width\" content=\"2000\" \/>\n\t<meta property=\"og:image:height\" content=\"2000\" \/>\n\t<meta property=\"og:image:type\" content=\"image\/webp\" \/>\n<meta name=\"twitter:card\" content=\"summary_large_image\" \/>\n<meta name=\"twitter:label1\" content=\"Ber\u00e4knad l\u00e4stid\" \/>\n\t<meta name=\"twitter:data1\" content=\"1 minut\" \/>\n<!-- \/ Yoast SEO plugin. -->","yoast_head_json":{"title":"TRUUSK K\u00f6kssk\u00e5p Buff\u00e9sk\u00e5p Med Arbetsyta - 6 D\u00f6rrar - Justerbara Hyllplan - Kabelh\u00e5l - Modern F\u00f6rvaringssk\u00e5p - Vit - 100 x 38 x - TRUUSK - Hem, Tr\u00e4dg\u00e5rd &amp; Fritid","robots":{"index":"index","follow":"follow","max-snippet":"max-snippet:-1","max-image-preview":"max-image-preview:large","max-video-preview":"max-video-preview:-1"},"canonical":"https:\/\/truusk.store\/sv\/produkt\/truusk-koksskap-buffeskap-med-arbetsyta-6-dorrar-justerbara-hyllplan-kabelhal-modern-forvaringsskap-vit-100-x-38-x\/","og_locale":"sv_SE","og_type":"article","og_title":"TRUUSK K\u00f6kssk\u00e5p Buff\u00e9sk\u00e5p Med Arbetsyta - 6 D\u00f6rrar - Justerbara Hyllplan - Kabelh\u00e5l - Modern F\u00f6rvaringssk\u00e5p - Vit - 100 x 38 x - TRUUSK - Hem, Tr\u00e4dg\u00e5rd &amp; Fritid","og_description":"Med \u00f6ppen arbetsyta, l\u00e5dor och justerbara hyllor, ger detta k\u00f6kssk\u00e5p ordning i ditt hem. Dess moderna design ger fr\u00e4schhet till...","og_url":"https:\/\/truusk.store\/sv\/produkt\/truusk-koksskap-buffeskap-med-arbetsyta-6-dorrar-justerbara-hyllplan-kabelhal-modern-forvaringsskap-vit-100-x-38-x\/","og_site_name":"TRUUSK - Hem, Tr\u00e4dg\u00e5rd &amp; Fritid","article_modified_time":"2026-03-12T07:44:13+00:00","og_image":[{"width":2000,"height":2000,"url":"https:\/\/i0.wp.com\/truusk.se\/wp-content\/uploads\/2025\/06\/koksskap-buffeskap-med-arbetsyta-6-dorrar-hogt-skap-med-justerbara-hyllplan-kabelhal-mikrovagsskap-modern-forvaringsskap-vit-100-x-38-x-180-cm-1.webp?fit=2000%2C2000&ssl=1","type":"image\/webp"}],"twitter_card":"summary_large_image","twitter_misc":{"Ber\u00e4knad l\u00e4stid":"1 minut"},"schema":{"@context":"https:\/\/schema.org","@graph":[{"@type":"WebPage","@id":"https:\/\/truusk.store\/sv\/produkt\/truusk-koksskap-buffeskap-med-arbetsyta-6-dorrar-justerbara-hyllplan-kabelhal-modern-forvaringsskap-vit-100-x-38-x\/","url":"https:\/\/truusk.store\/sv\/produkt\/truusk-koksskap-buffeskap-med-arbetsyta-6-dorrar-justerbara-hyllplan-kabelhal-modern-forvaringsskap-vit-100-x-38-x\/","name":"TRUUSK K\u00f6kssk\u00e5p Buff\u00e9sk\u00e5p Med Arbetsyta - 6 D\u00f6rrar - Justerbara Hyllplan - Kabelh\u00e5l - Modern F\u00f6rvaringssk\u00e5p - Vit - 100 x 38 x - TRUUSK - Hem, Tr\u00e4dg\u00e5rd &amp; Fritid","isPartOf":{"@id":"https:\/\/truusk.store\/sv\/#website"},"primaryImageOfPage":{"@id":"https:\/\/truusk.store\/sv\/produkt\/truusk-koksskap-buffeskap-med-arbetsyta-6-dorrar-justerbara-hyllplan-kabelhal-modern-forvaringsskap-vit-100-x-38-x\/#primaryimage"},"image":{"@id":"https:\/\/truusk.store\/sv\/produkt\/truusk-koksskap-buffeskap-med-arbetsyta-6-dorrar-justerbara-hyllplan-kabelhal-modern-forvaringsskap-vit-100-x-38-x\/#primaryimage"},"thumbnailUrl":"https:\/\/i0.wp.com\/truusk.store\/wp-content\/uploads\/2025\/06\/koksskap-buffeskap-med-arbetsyta-6-dorrar-hogt-skap-med-justerbara-hyllplan-kabelhal-mikrovagsskap-modern-forvaringsskap-vit-100-x-38-x-180-cm-1.webp?fit=2000%2C2000&ssl=1","datePublished":"2025-06-10T05:09:49+00:00","dateModified":"2026-03-12T07:44:13+00:00","breadcrumb":{"@id":"https:\/\/truusk.store\/sv\/produkt\/truusk-koksskap-buffeskap-med-arbetsyta-6-dorrar-justerbara-hyllplan-kabelhal-modern-forvaringsskap-vit-100-x-38-x\/#breadcrumb"},"inLanguage":"sv-SE","potentialAction":[{"@type":"ReadAction","target":["https:\/\/truusk.store\/sv\/produkt\/truusk-koksskap-buffeskap-med-arbetsyta-6-dorrar-justerbara-hyllplan-kabelhal-modern-forvaringsskap-vit-100-x-38-x\/"]}]},{"@type":"ImageObject","inLanguage":"sv-SE","@id":"https:\/\/truusk.store\/sv\/produkt\/truusk-koksskap-buffeskap-med-arbetsyta-6-dorrar-justerbara-hyllplan-kabelhal-modern-forvaringsskap-vit-100-x-38-x\/#primaryimage","url":"https:\/\/i0.wp.com\/truusk.store\/wp-content\/uploads\/2025\/06\/koksskap-buffeskap-med-arbetsyta-6-dorrar-hogt-skap-med-justerbara-hyllplan-kabelhal-mikrovagsskap-modern-forvaringsskap-vit-100-x-38-x-180-cm-1.webp?fit=2000%2C2000&ssl=1","contentUrl":"https:\/\/i0.wp.com\/truusk.store\/wp-content\/uploads\/2025\/06\/koksskap-buffeskap-med-arbetsyta-6-dorrar-hogt-skap-med-justerbara-hyllplan-kabelhal-mikrovagsskap-modern-forvaringsskap-vit-100-x-38-x-180-cm-1.webp?fit=2000%2C2000&ssl=1","width":2000,"height":2000},{"@type":"BreadcrumbList","@id":"https:\/\/truusk.store\/sv\/produkt\/truusk-koksskap-buffeskap-med-arbetsyta-6-dorrar-justerbara-hyllplan-kabelhal-modern-forvaringsskap-vit-100-x-38-x\/#breadcrumb","itemListElement":[{"@type":"ListItem","position":1,"name":"Home","item":"https:\/\/truusk.store\/sv\/"},{"@type":"ListItem","position":2,"name":"Shop","item":"https:\/\/truusk.store\/shop\/"},{"@type":"ListItem","position":3,"name":"TRUUSK K\u00f6kssk\u00e5p Buff\u00e9sk\u00e5p Med Arbetsyta &#8211; 6 D\u00f6rrar &#8211; Justerbara Hyllplan &#8211; Kabelh\u00e5l &#8211; Modern F\u00f6rvaringssk\u00e5p &#8211; Vit &#8211; 100 x 38 x"}]},{"@type":"WebSite","@id":"https:\/\/truusk.store\/sv\/#website","url":"https:\/\/truusk.store\/sv\/","name":"TRUUSK - Hem, Tr\u00e4dg\u00e5rd & Fritid","description":"","publisher":{"@id":"https:\/\/truusk.store\/sv\/#organization"},"potentialAction":[{"@type":"SearchAction","target":{"@type":"EntryPoint","urlTemplate":"https:\/\/truusk.store\/sv\/?s={search_term_string}"},"query-input":{"@type":"PropertyValueSpecification","valueRequired":true,"valueName":"search_term_string"}}],"inLanguage":"sv-SE"},{"@type":"Organization","@id":"https:\/\/truusk.store\/sv\/#organization","name":"TRUUSK - Hem, Tr\u00e4dg\u00e5rd & Fritid","url":"https:\/\/truusk.store\/sv\/","logo":{"@type":"ImageObject","inLanguage":"sv-SE","@id":"https:\/\/truusk.store\/sv\/#\/schema\/logo\/image\/","url":"https:\/\/i0.wp.com\/truusk.store\/wp-content\/uploads\/2026\/03\/cropped-TRUUSK.png?fit=2032%2C917&ssl=1","contentUrl":"https:\/\/i0.wp.com\/truusk.store\/wp-content\/uploads\/2026\/03\/cropped-TRUUSK.png?fit=2032%2C917&ssl=1","width":2032,"height":917,"caption":"TRUUSK - Hem, Tr\u00e4dg\u00e5rd & Fritid"},"image":{"@id":"https:\/\/truusk.store\/sv\/#\/schema\/logo\/image\/"}}]}},"jetpack_sharing_enabled":true,"_links":{"self":[{"href":"https:\/\/truusk.store\/sv\/wp-json\/wp\/v2\/product\/79147","targetHints":{"allow":["GET"]}}],"collection":[{"href":"https:\/\/truusk.store\/sv\/wp-json\/wp\/v2\/product"}],"about":[{"href":"https:\/\/truusk.store\/sv\/wp-json\/wp\/v2\/types\/product"}],"wp:featuredmedia":[{"embeddable":true,"href":"https:\/\/truusk.store\/sv\/wp-json\/wp\/v2\/media\/79138"}],"wp:attachment":[{"href":"https:\/\/truusk.store\/sv\/wp-json\/wp\/v2\/media?parent=79147"}],"wp:term":[{"taxonomy":"product_brand","embeddable":true,"href":"https:\/\/truusk.store\/sv\/wp-json\/wp\/v2\/product_brand?post=79147"},{"taxonomy":"product_cat","embeddable":true,"href":"https:\/\/truusk.store\/sv\/wp-json\/wp\/v2\/product_cat?post=79147"},{"taxonomy":"product_tag","embeddable":true,"href":"https:\/\/truusk.store\/sv\/wp-json\/wp\/v2\/product_tag?post=79147"}],"curies":[{"name":"wp","href":"https:\/\/api.w.org\/{rel}","templated":true}]}}