{"id":79168,"date":"2025-06-10T06:11:52","date_gmt":"2025-06-10T05:11:52","guid":{"rendered":"https:\/\/truusk.store\/product\/avslappningsstol-vilstol-loungestol-vadderad-fatolj-chaiselongue-med-linneutseende-stalben-avslappningsstol-for-vardagsrum-ljusgra\/"},"modified":"2026-03-12T08:45:22","modified_gmt":"2026-03-12T07:45:22","slug":"truusk-avslappningsstol-vilstol-med-vadderad-sittdyna-chaiselongue-i-linneutseende-stalben-ljusgra","status":"publish","type":"product","link":"https:\/\/truusk.store\/sv\/produkt\/truusk-avslappningsstol-vilstol-med-vadderad-sittdyna-chaiselongue-i-linneutseende-stalben-ljusgra\/","title":{"rendered":"TRUUSK Avslappningsstol &#8211; Vilstol med Vadderad Sittdyna &#8211; Chaiselongue i Linneutseende &#8211; St\u00e5lben &#8211; Ljusgr\u00e5"},"content":{"rendered":"<p>Upplev h\u00f6gsta komfort med TRUUSK avkopplingsstolen, som \u00e4r kl\u00e4dd i andningsbart tyg och stoppad med t\u00e4t skum. Den 16 cm tjocka sittytan och ryggst\u00f6det med S-fj\u00e4drar ger v\u00e4lkommen mysighet. Den kanalquiltade designen p\u00e5 avkopplingsstolen ger varje rum, vare sig det \u00e4r vardagsrum, sovrum eller kontor, en speciell stil.<\/p>\n<p>Beskrivning:<\/p>\n<ul>\n<li> H\u00f6g densitet skum ger st\u00f6d och beh\u00e5ller kuddformen<\/li>\n<li> Andningsbart tyg p\u00e5 chaiselongen i linneutseende \u00e4r slitstarkt och bildar inga knoppar<\/li>\n<li> S-formad f\u00e5t\u00f6lj med djup stoppning f\u00f6r bekv\u00e4m mysighet<\/li>\n<li> 16 cm tjock sittyta, ryggst\u00f6d och S-fj\u00e4drar f\u00f6rb\u00e4ttrar sittupplevelsen<\/li>\n<li> Elektropl\u00e4terade st\u00e5lben ger stabilitet<\/li>\n<li> Halkfria fotdynor p\u00e5 TV-stolen skyddar golvet<\/li>\n<li> M\u00e5ngsidigt anv\u00e4ndbar i vardagsrum, arbetsrum och sovrum<\/li>\n<li> Enkel montering kr\u00e4vs<\/li>\n<\/ul>\n<p> Tekniska data:<\/p>\n<ul>\n<li> F\u00e4rg: Ljusgr\u00e5<\/li>\n<li> Material: Tyg i linneutseende (100 % polyester), skum, st\u00e5l<\/li>\n<li> Totala dimensioner: 160,5B x 60,5T x 93H cm<\/li>\n<li> Sittstorlek: 60,5B x 106T x 35H cm<\/li>\n<li> Sitt-\/rygg tjocklek: 16 cm<\/li>\n<li> Ryggstorlek: 80B x 60,5T cm<\/li>\n<li> B\u00e4rkapacitet: 120 kg<\/li>\n<\/ul>\n<p>Leveransinneh\u00e5ll:<\/p>\n<ul>\n<li> 1 x Avkopplingsstol<\/li>\n<li> 1 x Handbok<\/li>\n<\/ul>\n","protected":false},"excerpt":{"rendered":"<p>Upplev h\u00f6gsta komfort med TRUUSK avkopplingsstolen, som \u00e4r kl\u00e4dd i andningsbart tyg och stoppad med t\u00e4t skum. Den 16 cm&#8230;<\/p>\n","protected":false},"featured_media":79158,"template":"","meta":[],"product_brand":[],"product_cat":[521,946,871,910],"product_tag":[],"class_list":{"0":"post-79168","1":"product","2":"type-product","3":"status-publish","4":"has-post-thumbnail","6":"product_cat-fatolj","7":"product_cat-fernsehsessel","8":"product_cat-hus-hem","9":"product_cat-vardagsrum","11":"first","12":"instock","13":"sale","14":"taxable","15":"shipping-taxable","16":"purchasable","17":"product-type-simple"},"yoast_head":"<!-- This site is optimized with the Yoast SEO plugin v25.4 - https:\/\/yoast.com\/wordpress\/plugins\/seo\/ -->\n<title>TRUUSK Avslappningsstol - Vilstol med Vadderad Sittdyna - Chaiselongue i Linneutseende - St\u00e5lben - Ljusgr\u00e5 - TRUUSK - Hem, Tr\u00e4dg\u00e5rd &amp; Fritid<\/title>\n<meta name=\"robots\" content=\"index, follow, max-snippet:-1, max-image-preview:large, max-video-preview:-1\" \/>\n<link rel=\"canonical\" href=\"https:\/\/truusk.store\/sv\/produkt\/truusk-avslappningsstol-vilstol-med-vadderad-sittdyna-chaiselongue-i-linneutseende-stalben-ljusgra\/\" \/>\n<meta property=\"og:locale\" content=\"sv_SE\" \/>\n<meta property=\"og:type\" content=\"article\" \/>\n<meta property=\"og:title\" content=\"TRUUSK Avslappningsstol - Vilstol med Vadderad Sittdyna - Chaiselongue i Linneutseende - St\u00e5lben - Ljusgr\u00e5 - TRUUSK - Hem, Tr\u00e4dg\u00e5rd &amp; Fritid\" \/>\n<meta property=\"og:description\" content=\"Upplev h\u00f6gsta komfort med TRUUSK avkopplingsstolen, som \u00e4r kl\u00e4dd i andningsbart tyg och stoppad med t\u00e4t skum. Den 16 cm...\" \/>\n<meta property=\"og:url\" content=\"https:\/\/truusk.store\/sv\/produkt\/truusk-avslappningsstol-vilstol-med-vadderad-sittdyna-chaiselongue-i-linneutseende-stalben-ljusgra\/\" \/>\n<meta property=\"og:site_name\" content=\"TRUUSK - Hem, Tr\u00e4dg\u00e5rd &amp; Fritid\" \/>\n<meta property=\"article:modified_time\" content=\"2026-03-12T07:45:22+00:00\" \/>\n<meta property=\"og:image\" content=\"https:\/\/i0.wp.com\/truusk.se\/wp-content\/uploads\/2025\/06\/avslappningsstol-vilstol-loungestol-vadderad-fatolj-chaiselongue-med-linneutseende-stalben-avslappningsstol-for-vardagsrum-ljusgra-1.webp?fit=2000%2C2000&ssl=1\" \/>\n\t<meta property=\"og:image:width\" content=\"2000\" \/>\n\t<meta property=\"og:image:height\" content=\"2000\" \/>\n\t<meta property=\"og:image:type\" content=\"image\/webp\" \/>\n<meta name=\"twitter:card\" content=\"summary_large_image\" \/>\n<meta name=\"twitter:label1\" content=\"Ber\u00e4knad l\u00e4stid\" \/>\n\t<meta name=\"twitter:data1\" content=\"1 minut\" \/>\n<!-- \/ Yoast SEO plugin. -->","yoast_head_json":{"title":"TRUUSK Avslappningsstol - Vilstol med Vadderad Sittdyna - Chaiselongue i Linneutseende - St\u00e5lben - Ljusgr\u00e5 - TRUUSK - Hem, Tr\u00e4dg\u00e5rd &amp; Fritid","robots":{"index":"index","follow":"follow","max-snippet":"max-snippet:-1","max-image-preview":"max-image-preview:large","max-video-preview":"max-video-preview:-1"},"canonical":"https:\/\/truusk.store\/sv\/produkt\/truusk-avslappningsstol-vilstol-med-vadderad-sittdyna-chaiselongue-i-linneutseende-stalben-ljusgra\/","og_locale":"sv_SE","og_type":"article","og_title":"TRUUSK Avslappningsstol - Vilstol med Vadderad Sittdyna - Chaiselongue i Linneutseende - St\u00e5lben - Ljusgr\u00e5 - TRUUSK - Hem, Tr\u00e4dg\u00e5rd &amp; Fritid","og_description":"Upplev h\u00f6gsta komfort med TRUUSK avkopplingsstolen, som \u00e4r kl\u00e4dd i andningsbart tyg och stoppad med t\u00e4t skum. Den 16 cm...","og_url":"https:\/\/truusk.store\/sv\/produkt\/truusk-avslappningsstol-vilstol-med-vadderad-sittdyna-chaiselongue-i-linneutseende-stalben-ljusgra\/","og_site_name":"TRUUSK - Hem, Tr\u00e4dg\u00e5rd &amp; Fritid","article_modified_time":"2026-03-12T07:45:22+00:00","og_image":[{"width":2000,"height":2000,"url":"https:\/\/i0.wp.com\/truusk.se\/wp-content\/uploads\/2025\/06\/avslappningsstol-vilstol-loungestol-vadderad-fatolj-chaiselongue-med-linneutseende-stalben-avslappningsstol-for-vardagsrum-ljusgra-1.webp?fit=2000%2C2000&ssl=1","type":"image\/webp"}],"twitter_card":"summary_large_image","twitter_misc":{"Ber\u00e4knad l\u00e4stid":"1 minut"},"schema":{"@context":"https:\/\/schema.org","@graph":[{"@type":"WebPage","@id":"https:\/\/truusk.store\/sv\/produkt\/truusk-avslappningsstol-vilstol-med-vadderad-sittdyna-chaiselongue-i-linneutseende-stalben-ljusgra\/","url":"https:\/\/truusk.store\/sv\/produkt\/truusk-avslappningsstol-vilstol-med-vadderad-sittdyna-chaiselongue-i-linneutseende-stalben-ljusgra\/","name":"TRUUSK Avslappningsstol - Vilstol med Vadderad Sittdyna - Chaiselongue i Linneutseende - St\u00e5lben - Ljusgr\u00e5 - TRUUSK - Hem, Tr\u00e4dg\u00e5rd &amp; Fritid","isPartOf":{"@id":"https:\/\/truusk.store\/sv\/#website"},"primaryImageOfPage":{"@id":"https:\/\/truusk.store\/sv\/produkt\/truusk-avslappningsstol-vilstol-med-vadderad-sittdyna-chaiselongue-i-linneutseende-stalben-ljusgra\/#primaryimage"},"image":{"@id":"https:\/\/truusk.store\/sv\/produkt\/truusk-avslappningsstol-vilstol-med-vadderad-sittdyna-chaiselongue-i-linneutseende-stalben-ljusgra\/#primaryimage"},"thumbnailUrl":"https:\/\/i0.wp.com\/truusk.store\/wp-content\/uploads\/2025\/06\/avslappningsstol-vilstol-loungestol-vadderad-fatolj-chaiselongue-med-linneutseende-stalben-avslappningsstol-for-vardagsrum-ljusgra-1.webp?fit=2000%2C2000&ssl=1","datePublished":"2025-06-10T05:11:52+00:00","dateModified":"2026-03-12T07:45:22+00:00","breadcrumb":{"@id":"https:\/\/truusk.store\/sv\/produkt\/truusk-avslappningsstol-vilstol-med-vadderad-sittdyna-chaiselongue-i-linneutseende-stalben-ljusgra\/#breadcrumb"},"inLanguage":"sv-SE","potentialAction":[{"@type":"ReadAction","target":["https:\/\/truusk.store\/sv\/produkt\/truusk-avslappningsstol-vilstol-med-vadderad-sittdyna-chaiselongue-i-linneutseende-stalben-ljusgra\/"]}]},{"@type":"ImageObject","inLanguage":"sv-SE","@id":"https:\/\/truusk.store\/sv\/produkt\/truusk-avslappningsstol-vilstol-med-vadderad-sittdyna-chaiselongue-i-linneutseende-stalben-ljusgra\/#primaryimage","url":"https:\/\/i0.wp.com\/truusk.store\/wp-content\/uploads\/2025\/06\/avslappningsstol-vilstol-loungestol-vadderad-fatolj-chaiselongue-med-linneutseende-stalben-avslappningsstol-for-vardagsrum-ljusgra-1.webp?fit=2000%2C2000&ssl=1","contentUrl":"https:\/\/i0.wp.com\/truusk.store\/wp-content\/uploads\/2025\/06\/avslappningsstol-vilstol-loungestol-vadderad-fatolj-chaiselongue-med-linneutseende-stalben-avslappningsstol-for-vardagsrum-ljusgra-1.webp?fit=2000%2C2000&ssl=1","width":2000,"height":2000},{"@type":"BreadcrumbList","@id":"https:\/\/truusk.store\/sv\/produkt\/truusk-avslappningsstol-vilstol-med-vadderad-sittdyna-chaiselongue-i-linneutseende-stalben-ljusgra\/#breadcrumb","itemListElement":[{"@type":"ListItem","position":1,"name":"Home","item":"https:\/\/truusk.store\/sv\/"},{"@type":"ListItem","position":2,"name":"Shop","item":"https:\/\/truusk.store\/shop\/"},{"@type":"ListItem","position":3,"name":"TRUUSK Avslappningsstol &#8211; Vilstol med Vadderad Sittdyna &#8211; Chaiselongue i Linneutseende &#8211; St\u00e5lben &#8211; Ljusgr\u00e5"}]},{"@type":"WebSite","@id":"https:\/\/truusk.store\/sv\/#website","url":"https:\/\/truusk.store\/sv\/","name":"TRUUSK - Hem, Tr\u00e4dg\u00e5rd & Fritid","description":"","publisher":{"@id":"https:\/\/truusk.store\/sv\/#organization"},"potentialAction":[{"@type":"SearchAction","target":{"@type":"EntryPoint","urlTemplate":"https:\/\/truusk.store\/sv\/?s={search_term_string}"},"query-input":{"@type":"PropertyValueSpecification","valueRequired":true,"valueName":"search_term_string"}}],"inLanguage":"sv-SE"},{"@type":"Organization","@id":"https:\/\/truusk.store\/sv\/#organization","name":"TRUUSK - Hem, Tr\u00e4dg\u00e5rd & Fritid","url":"https:\/\/truusk.store\/sv\/","logo":{"@type":"ImageObject","inLanguage":"sv-SE","@id":"https:\/\/truusk.store\/sv\/#\/schema\/logo\/image\/","url":"https:\/\/i0.wp.com\/truusk.store\/wp-content\/uploads\/2026\/03\/cropped-TRUUSK.png?fit=2032%2C917&ssl=1","contentUrl":"https:\/\/i0.wp.com\/truusk.store\/wp-content\/uploads\/2026\/03\/cropped-TRUUSK.png?fit=2032%2C917&ssl=1","width":2032,"height":917,"caption":"TRUUSK - Hem, Tr\u00e4dg\u00e5rd & Fritid"},"image":{"@id":"https:\/\/truusk.store\/sv\/#\/schema\/logo\/image\/"}}]}},"jetpack_sharing_enabled":true,"_links":{"self":[{"href":"https:\/\/truusk.store\/sv\/wp-json\/wp\/v2\/product\/79168","targetHints":{"allow":["GET"]}}],"collection":[{"href":"https:\/\/truusk.store\/sv\/wp-json\/wp\/v2\/product"}],"about":[{"href":"https:\/\/truusk.store\/sv\/wp-json\/wp\/v2\/types\/product"}],"wp:featuredmedia":[{"embeddable":true,"href":"https:\/\/truusk.store\/sv\/wp-json\/wp\/v2\/media\/79158"}],"wp:attachment":[{"href":"https:\/\/truusk.store\/sv\/wp-json\/wp\/v2\/media?parent=79168"}],"wp:term":[{"taxonomy":"product_brand","embeddable":true,"href":"https:\/\/truusk.store\/sv\/wp-json\/wp\/v2\/product_brand?post=79168"},{"taxonomy":"product_cat","embeddable":true,"href":"https:\/\/truusk.store\/sv\/wp-json\/wp\/v2\/product_cat?post=79168"},{"taxonomy":"product_tag","embeddable":true,"href":"https:\/\/truusk.store\/sv\/wp-json\/wp\/v2\/product_tag?post=79168"}],"curies":[{"name":"wp","href":"https:\/\/api.w.org\/{rel}","templated":true}]}}