{"id":79177,"date":"2025-06-10T06:12:40","date_gmt":"2025-06-10T05:12:40","guid":{"rendered":"https:\/\/truusk.store\/product\/verkstadspall-med-rullar-hyllplan-landstod-585-cm-hog-rullpall-upp-till-135-kg-belastningsbar-arbetspall-rullsits-verkstadssits-for-verkstad-svart\/"},"modified":"2026-03-12T08:44:42","modified_gmt":"2026-03-12T07:44:42","slug":"truusk-verkstadspall-med-rullar-hyllplan-landstod-upp-till-135-kg-arbetspall-rullsits-verkstadssits-svart","status":"publish","type":"product","link":"https:\/\/truusk.store\/sv\/produkt\/truusk-verkstadspall-med-rullar-hyllplan-landstod-upp-till-135-kg-arbetspall-rullsits-verkstadssits-svart\/","title":{"rendered":"TRUUSK Verkstadspall Med Rullar &#8211; Hyllplan &#8211; L\u00e4ndst\u00f6d &#8211; Upp Till 135 Kg &#8211; Arbetspall &#8211; Rullsits &#8211; Verkstadssits &#8211; Svart"},"content":{"rendered":"<p>Optimera din arbetsmilj\u00f6 med TRUUSK verkstadspall! L\u00e5nga timmar i garaget eller verkstaden? Denna ergonomiska arbetspall erbjuder komfort och st\u00f6d. Den till\u00e5ter bekv\u00e4mt sittande ist\u00e4llet f\u00f6r obekv\u00e4mt hukande. Med en b\u00e4rkapacitet p\u00e5 135 kg \u00e4r den l\u00e4mplig f\u00f6r de flesta vuxna. Den h\u00f6jdjusterbara funktionen och 360\u00b0 roterande hjul m\u00f6jligg\u00f6r smidig r\u00f6relse p\u00e5 alla golvmaterial och garanterar stabilitet och komfort vid alla aktiviteter i ditt garage!<\/p>\n<p>Beskrivning:<\/p>\n<ul>\n<li> Den robusta st\u00e5lramen p\u00e5 monteringspallen motst\u00e5r deformation och garanterar h\u00e5llbarhet och stabilitet<\/li>\n<li> Pneumatisk h\u00f6jdjustering fr\u00e5n 58,5 till 70,5 cm f\u00f6r komfort och minskad belastning<\/li>\n<li> Vadderad sits och l\u00e4ndst\u00f6d p\u00e5 monteringspallen minskar ryggtr\u00f6tthet f\u00f6r \u00f6kad komfort<\/li>\n<li> Fyra 360\u00b0 universella hjul p\u00e5 arbetspallen m\u00f6jligg\u00f6r enkel r\u00f6relse p\u00e5 komplexa ytor<\/li>\n<li> Bromsmekanism p\u00e5 tv\u00e5 hjul fixerar s\u00e4tet s\u00e4kert<\/li>\n<li> Integrerad verktygsl\u00e5da h\u00e5ller reparationsverktyg till hands<\/li>\n<li> Montering kr\u00e4vs<\/li>\n<\/ul>\n<p> Tekniska data:<\/p>\n<ul>\n<li> F\u00e4rg: Svart<\/li>\n<li> Material: St\u00e5l, Plast<\/li>\n<li> Totala dimensioner: 45,5L x 40,5B x 58,5 -70,5H cm<\/li>\n<li> Sitsstorlek: 45,5L x 40,5B x 16,5T cm<\/li>\n<li> Hjuldiameter: \u00d87 cm<\/li>\n<li> Verktygsl\u00e5dans storlek: 37L x 37B cm<\/li>\n<li> B\u00e4rkapacitet: 135 kg<\/li>\n<\/ul>\n<p>Leveransinneh\u00e5ll:<\/p>\n<ul>\n<li> 1 x Mekanikerpall<\/li>\n<li> 1 x Handbok<\/li>\n<\/ul>\n","protected":false},"excerpt":{"rendered":"<p>Optimera din arbetsmilj\u00f6 med TRUUSK verkstadspall! L\u00e5nga timmar i garaget eller verkstaden? Denna ergonomiska arbetspall erbjuder komfort och st\u00f6d. Den&#8230;<\/p>\n","protected":false},"featured_media":79167,"template":"","meta":[],"product_brand":[],"product_cat":[1051,867],"product_tag":[],"class_list":{"0":"post-79177","1":"product","2":"type-product","3":"status-publish","4":"has-post-thumbnail","6":"product_cat-bildelar","7":"product_cat-byggmarknad","9":"first","10":"instock","11":"sale","12":"taxable","13":"shipping-taxable","14":"purchasable","15":"product-type-simple"},"yoast_head":"<!-- This site is optimized with the Yoast SEO plugin v25.4 - https:\/\/yoast.com\/wordpress\/plugins\/seo\/ -->\n<title>TRUUSK Verkstadspall Med Rullar - Hyllplan - L\u00e4ndst\u00f6d - Upp Till 135 Kg - Arbetspall - Rullsits - Verkstadssits - Svart - TRUUSK - Hem, Tr\u00e4dg\u00e5rd &amp; Fritid<\/title>\n<meta name=\"robots\" content=\"index, follow, max-snippet:-1, max-image-preview:large, max-video-preview:-1\" \/>\n<link rel=\"canonical\" href=\"https:\/\/truusk.store\/sv\/produkt\/truusk-verkstadspall-med-rullar-hyllplan-landstod-upp-till-135-kg-arbetspall-rullsits-verkstadssits-svart\/\" \/>\n<meta property=\"og:locale\" content=\"sv_SE\" \/>\n<meta property=\"og:type\" content=\"article\" \/>\n<meta property=\"og:title\" content=\"TRUUSK Verkstadspall Med Rullar - Hyllplan - L\u00e4ndst\u00f6d - Upp Till 135 Kg - Arbetspall - Rullsits - Verkstadssits - Svart - TRUUSK - Hem, Tr\u00e4dg\u00e5rd &amp; Fritid\" \/>\n<meta property=\"og:description\" content=\"Optimera din arbetsmilj\u00f6 med TRUUSK verkstadspall! L\u00e5nga timmar i garaget eller verkstaden? Denna ergonomiska arbetspall erbjuder komfort och st\u00f6d. Den...\" \/>\n<meta property=\"og:url\" content=\"https:\/\/truusk.store\/sv\/produkt\/truusk-verkstadspall-med-rullar-hyllplan-landstod-upp-till-135-kg-arbetspall-rullsits-verkstadssits-svart\/\" \/>\n<meta property=\"og:site_name\" content=\"TRUUSK - Hem, Tr\u00e4dg\u00e5rd &amp; Fritid\" \/>\n<meta property=\"article:modified_time\" content=\"2026-03-12T07:44:42+00:00\" \/>\n<meta property=\"og:image\" content=\"https:\/\/i0.wp.com\/truusk.se\/wp-content\/uploads\/2025\/06\/verkstadspall-med-rullar-hyllplan-landstod-585-cm-hog-rullpall-upp-till-135-kg-belastningsbar-arbetspall-rullsits-verkstadssits-for-verkstad-svart-1.webp?fit=2000%2C2000&ssl=1\" \/>\n\t<meta property=\"og:image:width\" content=\"2000\" \/>\n\t<meta property=\"og:image:height\" content=\"2000\" \/>\n\t<meta property=\"og:image:type\" content=\"image\/webp\" \/>\n<meta name=\"twitter:card\" content=\"summary_large_image\" \/>\n<meta name=\"twitter:label1\" content=\"Ber\u00e4knad l\u00e4stid\" \/>\n\t<meta name=\"twitter:data1\" content=\"1 minut\" \/>\n<!-- \/ Yoast SEO plugin. -->","yoast_head_json":{"title":"TRUUSK Verkstadspall Med Rullar - Hyllplan - L\u00e4ndst\u00f6d - Upp Till 135 Kg - Arbetspall - Rullsits - Verkstadssits - Svart - TRUUSK - Hem, Tr\u00e4dg\u00e5rd &amp; Fritid","robots":{"index":"index","follow":"follow","max-snippet":"max-snippet:-1","max-image-preview":"max-image-preview:large","max-video-preview":"max-video-preview:-1"},"canonical":"https:\/\/truusk.store\/sv\/produkt\/truusk-verkstadspall-med-rullar-hyllplan-landstod-upp-till-135-kg-arbetspall-rullsits-verkstadssits-svart\/","og_locale":"sv_SE","og_type":"article","og_title":"TRUUSK Verkstadspall Med Rullar - Hyllplan - L\u00e4ndst\u00f6d - Upp Till 135 Kg - Arbetspall - Rullsits - Verkstadssits - Svart - TRUUSK - Hem, Tr\u00e4dg\u00e5rd &amp; Fritid","og_description":"Optimera din arbetsmilj\u00f6 med TRUUSK verkstadspall! L\u00e5nga timmar i garaget eller verkstaden? Denna ergonomiska arbetspall erbjuder komfort och st\u00f6d. Den...","og_url":"https:\/\/truusk.store\/sv\/produkt\/truusk-verkstadspall-med-rullar-hyllplan-landstod-upp-till-135-kg-arbetspall-rullsits-verkstadssits-svart\/","og_site_name":"TRUUSK - Hem, Tr\u00e4dg\u00e5rd &amp; Fritid","article_modified_time":"2026-03-12T07:44:42+00:00","og_image":[{"width":2000,"height":2000,"url":"https:\/\/i0.wp.com\/truusk.se\/wp-content\/uploads\/2025\/06\/verkstadspall-med-rullar-hyllplan-landstod-585-cm-hog-rullpall-upp-till-135-kg-belastningsbar-arbetspall-rullsits-verkstadssits-for-verkstad-svart-1.webp?fit=2000%2C2000&ssl=1","type":"image\/webp"}],"twitter_card":"summary_large_image","twitter_misc":{"Ber\u00e4knad l\u00e4stid":"1 minut"},"schema":{"@context":"https:\/\/schema.org","@graph":[{"@type":"WebPage","@id":"https:\/\/truusk.store\/sv\/produkt\/truusk-verkstadspall-med-rullar-hyllplan-landstod-upp-till-135-kg-arbetspall-rullsits-verkstadssits-svart\/","url":"https:\/\/truusk.store\/sv\/produkt\/truusk-verkstadspall-med-rullar-hyllplan-landstod-upp-till-135-kg-arbetspall-rullsits-verkstadssits-svart\/","name":"TRUUSK Verkstadspall Med Rullar - Hyllplan - L\u00e4ndst\u00f6d - Upp Till 135 Kg - Arbetspall - Rullsits - Verkstadssits - Svart - TRUUSK - Hem, Tr\u00e4dg\u00e5rd &amp; Fritid","isPartOf":{"@id":"https:\/\/truusk.store\/sv\/#website"},"primaryImageOfPage":{"@id":"https:\/\/truusk.store\/sv\/produkt\/truusk-verkstadspall-med-rullar-hyllplan-landstod-upp-till-135-kg-arbetspall-rullsits-verkstadssits-svart\/#primaryimage"},"image":{"@id":"https:\/\/truusk.store\/sv\/produkt\/truusk-verkstadspall-med-rullar-hyllplan-landstod-upp-till-135-kg-arbetspall-rullsits-verkstadssits-svart\/#primaryimage"},"thumbnailUrl":"https:\/\/i0.wp.com\/truusk.store\/wp-content\/uploads\/2025\/06\/verkstadspall-med-rullar-hyllplan-landstod-585-cm-hog-rullpall-upp-till-135-kg-belastningsbar-arbetspall-rullsits-verkstadssits-for-verkstad-svart-1.webp?fit=2000%2C2000&ssl=1","datePublished":"2025-06-10T05:12:40+00:00","dateModified":"2026-03-12T07:44:42+00:00","breadcrumb":{"@id":"https:\/\/truusk.store\/sv\/produkt\/truusk-verkstadspall-med-rullar-hyllplan-landstod-upp-till-135-kg-arbetspall-rullsits-verkstadssits-svart\/#breadcrumb"},"inLanguage":"sv-SE","potentialAction":[{"@type":"ReadAction","target":["https:\/\/truusk.store\/sv\/produkt\/truusk-verkstadspall-med-rullar-hyllplan-landstod-upp-till-135-kg-arbetspall-rullsits-verkstadssits-svart\/"]}]},{"@type":"ImageObject","inLanguage":"sv-SE","@id":"https:\/\/truusk.store\/sv\/produkt\/truusk-verkstadspall-med-rullar-hyllplan-landstod-upp-till-135-kg-arbetspall-rullsits-verkstadssits-svart\/#primaryimage","url":"https:\/\/i0.wp.com\/truusk.store\/wp-content\/uploads\/2025\/06\/verkstadspall-med-rullar-hyllplan-landstod-585-cm-hog-rullpall-upp-till-135-kg-belastningsbar-arbetspall-rullsits-verkstadssits-for-verkstad-svart-1.webp?fit=2000%2C2000&ssl=1","contentUrl":"https:\/\/i0.wp.com\/truusk.store\/wp-content\/uploads\/2025\/06\/verkstadspall-med-rullar-hyllplan-landstod-585-cm-hog-rullpall-upp-till-135-kg-belastningsbar-arbetspall-rullsits-verkstadssits-for-verkstad-svart-1.webp?fit=2000%2C2000&ssl=1","width":2000,"height":2000},{"@type":"BreadcrumbList","@id":"https:\/\/truusk.store\/sv\/produkt\/truusk-verkstadspall-med-rullar-hyllplan-landstod-upp-till-135-kg-arbetspall-rullsits-verkstadssits-svart\/#breadcrumb","itemListElement":[{"@type":"ListItem","position":1,"name":"Home","item":"https:\/\/truusk.store\/sv\/"},{"@type":"ListItem","position":2,"name":"Shop","item":"https:\/\/truusk.store\/shop\/"},{"@type":"ListItem","position":3,"name":"TRUUSK Verkstadspall Med Rullar &#8211; Hyllplan &#8211; L\u00e4ndst\u00f6d &#8211; Upp Till 135 Kg &#8211; Arbetspall &#8211; Rullsits &#8211; Verkstadssits &#8211; Svart"}]},{"@type":"WebSite","@id":"https:\/\/truusk.store\/sv\/#website","url":"https:\/\/truusk.store\/sv\/","name":"TRUUSK - Hem, Tr\u00e4dg\u00e5rd & Fritid","description":"","publisher":{"@id":"https:\/\/truusk.store\/sv\/#organization"},"potentialAction":[{"@type":"SearchAction","target":{"@type":"EntryPoint","urlTemplate":"https:\/\/truusk.store\/sv\/?s={search_term_string}"},"query-input":{"@type":"PropertyValueSpecification","valueRequired":true,"valueName":"search_term_string"}}],"inLanguage":"sv-SE"},{"@type":"Organization","@id":"https:\/\/truusk.store\/sv\/#organization","name":"TRUUSK - Hem, Tr\u00e4dg\u00e5rd & Fritid","url":"https:\/\/truusk.store\/sv\/","logo":{"@type":"ImageObject","inLanguage":"sv-SE","@id":"https:\/\/truusk.store\/sv\/#\/schema\/logo\/image\/","url":"https:\/\/i0.wp.com\/truusk.store\/wp-content\/uploads\/2026\/03\/cropped-TRUUSK.png?fit=2032%2C917&ssl=1","contentUrl":"https:\/\/i0.wp.com\/truusk.store\/wp-content\/uploads\/2026\/03\/cropped-TRUUSK.png?fit=2032%2C917&ssl=1","width":2032,"height":917,"caption":"TRUUSK - Hem, Tr\u00e4dg\u00e5rd & Fritid"},"image":{"@id":"https:\/\/truusk.store\/sv\/#\/schema\/logo\/image\/"}}]}},"jetpack_sharing_enabled":true,"_links":{"self":[{"href":"https:\/\/truusk.store\/sv\/wp-json\/wp\/v2\/product\/79177","targetHints":{"allow":["GET"]}}],"collection":[{"href":"https:\/\/truusk.store\/sv\/wp-json\/wp\/v2\/product"}],"about":[{"href":"https:\/\/truusk.store\/sv\/wp-json\/wp\/v2\/types\/product"}],"wp:featuredmedia":[{"embeddable":true,"href":"https:\/\/truusk.store\/sv\/wp-json\/wp\/v2\/media\/79167"}],"wp:attachment":[{"href":"https:\/\/truusk.store\/sv\/wp-json\/wp\/v2\/media?parent=79177"}],"wp:term":[{"taxonomy":"product_brand","embeddable":true,"href":"https:\/\/truusk.store\/sv\/wp-json\/wp\/v2\/product_brand?post=79177"},{"taxonomy":"product_cat","embeddable":true,"href":"https:\/\/truusk.store\/sv\/wp-json\/wp\/v2\/product_cat?post=79177"},{"taxonomy":"product_tag","embeddable":true,"href":"https:\/\/truusk.store\/sv\/wp-json\/wp\/v2\/product_tag?post=79177"}],"curies":[{"name":"wp","href":"https:\/\/api.w.org\/{rel}","templated":true}]}}