{"id":7919,"date":"2024-02-13T09:04:24","date_gmt":"2024-02-13T08:04:24","guid":{"rendered":"https:\/\/truusk.store\/product\/gazebo-295-x-295-m-pop-up-vikbart-gazebo-garden-gazebo-hopfallbart-partytalt-tradgardstalt-uv-skydd-stal-oxford-green\/"},"modified":"2026-03-12T08:55:41","modified_gmt":"2026-03-12T07:55:41","slug":"truusk-pop-up-gazebo-295-x-295-m-vikbart-tradgardstalt-uv-skydd-stalram-oxfordtyg-gron","status":"publish","type":"product","link":"https:\/\/truusk.store\/sv\/produkt\/truusk-pop-up-gazebo-295-x-295-m-vikbart-tradgardstalt-uv-skydd-stalram-oxfordtyg-gron\/","title":{"rendered":"TRUUSK Pop-Up Gazebo 2,95 x 2,95 m &#8211; Vikbart Tr\u00e4dg\u00e5rdst\u00e4lt &#8211; UV-skydd &#8211; St\u00e5lram &#8211; Oxfordtyg &#8211; Gr\u00f6n"},"content":{"rendered":"<p>Detta 3 x 3 m hopf\u00e4llbara lusthus \u00e4r ett fantastiskt, praktiskt skydd utomhus som skyddar din familj eller g\u00e4ster fr\u00e5n obehagligt v\u00e4der. Den \u00e4r idealisk f\u00f6r familjesammankomster, br\u00f6llop, picknick, sportevenemang, st\u00e5nd, hantverksm\u00e4ssor, byggarbetsplatser och campingresor. Detta lusthus kan st\u00e4llas upp och tas ner p\u00e5 under en minut och kommer \u00e4ven med en matchande b\u00e4rv\u00e4ska f\u00f6r att g\u00f6ra transporten \u00e4nnu bekv\u00e4mare och enklare.<\/p>\n<h3>Beskrivning:<\/h3>\n<ul>\n<li>Kommer med b\u00e4rv\u00e4ska<\/li>\n<li>Vatten- och rostbest\u00e4ndigt lusthus<\/li>\n<li>Effektivt UV-skydd<\/li>\n<li>Robust takkonstruktion<\/li>\n<li>Perfekt f\u00f6r kommersiellt och rekreationsbruk<\/li>\n<li>3 x 3m st\u00e5lram<\/li>\n<li>Inkluderar sp\u00e4nnlina och pinnar<\/li>\n<li>Inkluderar instruktioner<\/li>\n<li>Se till att du \u00f6ppnar t\u00e4ltet korrekt och f\u00f6lj installationstipsen<\/li>\n<\/ul>\n<h3>Teknisk data:<\/h3>\n<ul>\n<li>F\u00e4rg: gr\u00f6n<\/li>\n<li>Material: st\u00e5l, Oxfordduk<\/li>\n<li>Totala m\u00e5tt: 2,95 x 2,95 m<\/li>\n<li>Takfotsh\u00f6jd: 1,93 m<\/li>\n<li>H\u00f6jd \u00f6ver: 2,55 m<\/li>\n<\/ul>\n<h3>Leveransens omfattning:<\/h3>\n<ul>\n<li>1 x lusthus;<\/li>\n<\/ul>\n","protected":false},"excerpt":{"rendered":"<p>Detta 3 x 3 m hopf\u00e4llbara lusthus \u00e4r ett fantastiskt, praktiskt skydd utomhus som skyddar din familj eller g\u00e4ster fr\u00e5n&#8230;<\/p>\n","protected":false},"featured_media":7920,"template":"","meta":[],"product_brand":[],"product_cat":[477,435,476],"product_tag":[],"class_list":{"0":"post-7919","1":"product","2":"type-product","3":"status-publish","4":"has-post-thumbnail","6":"product_cat-paviljonger-partytalt","7":"product_cat-tradgard-och-terrass","8":"product_cat-tradgardspaviljonger","10":"first","11":"instock","12":"sale","13":"taxable","14":"shipping-taxable","15":"purchasable","16":"product-type-simple"},"yoast_head":"<!-- This site is optimized with the Yoast SEO plugin v25.4 - https:\/\/yoast.com\/wordpress\/plugins\/seo\/ -->\n<title>TRUUSK Pop-Up Gazebo 2,95 x 2,95 m - Vikbart Tr\u00e4dg\u00e5rdst\u00e4lt - UV-skydd - St\u00e5lram - Oxfordtyg - Gr\u00f6n - TRUUSK - Hem, Tr\u00e4dg\u00e5rd &amp; Fritid<\/title>\n<meta name=\"robots\" content=\"index, follow, max-snippet:-1, max-image-preview:large, max-video-preview:-1\" \/>\n<link rel=\"canonical\" href=\"https:\/\/truusk.store\/sv\/produkt\/truusk-pop-up-gazebo-295-x-295-m-vikbart-tradgardstalt-uv-skydd-stalram-oxfordtyg-gron\/\" \/>\n<meta property=\"og:locale\" content=\"sv_SE\" \/>\n<meta property=\"og:type\" content=\"article\" \/>\n<meta property=\"og:title\" content=\"TRUUSK Pop-Up Gazebo 2,95 x 2,95 m - Vikbart Tr\u00e4dg\u00e5rdst\u00e4lt - UV-skydd - St\u00e5lram - Oxfordtyg - Gr\u00f6n - TRUUSK - Hem, Tr\u00e4dg\u00e5rd &amp; Fritid\" \/>\n<meta property=\"og:description\" content=\"Detta 3 x 3 m hopf\u00e4llbara lusthus \u00e4r ett fantastiskt, praktiskt skydd utomhus som skyddar din familj eller g\u00e4ster fr\u00e5n...\" \/>\n<meta property=\"og:url\" content=\"https:\/\/truusk.store\/sv\/produkt\/truusk-pop-up-gazebo-295-x-295-m-vikbart-tradgardstalt-uv-skydd-stalram-oxfordtyg-gron\/\" \/>\n<meta property=\"og:site_name\" content=\"TRUUSK - Hem, Tr\u00e4dg\u00e5rd &amp; Fritid\" \/>\n<meta property=\"article:modified_time\" content=\"2026-03-12T07:55:41+00:00\" \/>\n<meta property=\"og:image\" content=\"https:\/\/i0.wp.com\/truusk.se\/wp-content\/uploads\/2024\/02\/gazebo-295-x-295-m-pop-up-vikbart-gazebo-garden-gazebo-hopfallbart-partytalt-tradgardstalt-uv-skydd-stal-oxford-green.webp?fit=800%2C800&ssl=1\" \/>\n\t<meta property=\"og:image:width\" content=\"800\" \/>\n\t<meta property=\"og:image:height\" content=\"800\" \/>\n\t<meta property=\"og:image:type\" content=\"image\/webp\" \/>\n<meta name=\"twitter:card\" content=\"summary_large_image\" \/>\n<meta name=\"twitter:label1\" content=\"Ber\u00e4knad l\u00e4stid\" \/>\n\t<meta name=\"twitter:data1\" content=\"1 minut\" \/>\n<!-- \/ Yoast SEO plugin. -->","yoast_head_json":{"title":"TRUUSK Pop-Up Gazebo 2,95 x 2,95 m - Vikbart Tr\u00e4dg\u00e5rdst\u00e4lt - UV-skydd - St\u00e5lram - Oxfordtyg - Gr\u00f6n - TRUUSK - Hem, Tr\u00e4dg\u00e5rd &amp; Fritid","robots":{"index":"index","follow":"follow","max-snippet":"max-snippet:-1","max-image-preview":"max-image-preview:large","max-video-preview":"max-video-preview:-1"},"canonical":"https:\/\/truusk.store\/sv\/produkt\/truusk-pop-up-gazebo-295-x-295-m-vikbart-tradgardstalt-uv-skydd-stalram-oxfordtyg-gron\/","og_locale":"sv_SE","og_type":"article","og_title":"TRUUSK Pop-Up Gazebo 2,95 x 2,95 m - Vikbart Tr\u00e4dg\u00e5rdst\u00e4lt - UV-skydd - St\u00e5lram - Oxfordtyg - Gr\u00f6n - TRUUSK - Hem, Tr\u00e4dg\u00e5rd &amp; Fritid","og_description":"Detta 3 x 3 m hopf\u00e4llbara lusthus \u00e4r ett fantastiskt, praktiskt skydd utomhus som skyddar din familj eller g\u00e4ster fr\u00e5n...","og_url":"https:\/\/truusk.store\/sv\/produkt\/truusk-pop-up-gazebo-295-x-295-m-vikbart-tradgardstalt-uv-skydd-stalram-oxfordtyg-gron\/","og_site_name":"TRUUSK - Hem, Tr\u00e4dg\u00e5rd &amp; Fritid","article_modified_time":"2026-03-12T07:55:41+00:00","og_image":[{"width":800,"height":800,"url":"https:\/\/i0.wp.com\/truusk.se\/wp-content\/uploads\/2024\/02\/gazebo-295-x-295-m-pop-up-vikbart-gazebo-garden-gazebo-hopfallbart-partytalt-tradgardstalt-uv-skydd-stal-oxford-green.webp?fit=800%2C800&ssl=1","type":"image\/webp"}],"twitter_card":"summary_large_image","twitter_misc":{"Ber\u00e4knad l\u00e4stid":"1 minut"},"schema":{"@context":"https:\/\/schema.org","@graph":[{"@type":"WebPage","@id":"https:\/\/truusk.store\/sv\/produkt\/truusk-pop-up-gazebo-295-x-295-m-vikbart-tradgardstalt-uv-skydd-stalram-oxfordtyg-gron\/","url":"https:\/\/truusk.store\/sv\/produkt\/truusk-pop-up-gazebo-295-x-295-m-vikbart-tradgardstalt-uv-skydd-stalram-oxfordtyg-gron\/","name":"TRUUSK Pop-Up Gazebo 2,95 x 2,95 m - Vikbart Tr\u00e4dg\u00e5rdst\u00e4lt - UV-skydd - St\u00e5lram - Oxfordtyg - Gr\u00f6n - TRUUSK - Hem, Tr\u00e4dg\u00e5rd &amp; Fritid","isPartOf":{"@id":"https:\/\/truusk.store\/sv\/#website"},"primaryImageOfPage":{"@id":"https:\/\/truusk.store\/sv\/produkt\/truusk-pop-up-gazebo-295-x-295-m-vikbart-tradgardstalt-uv-skydd-stalram-oxfordtyg-gron\/#primaryimage"},"image":{"@id":"https:\/\/truusk.store\/sv\/produkt\/truusk-pop-up-gazebo-295-x-295-m-vikbart-tradgardstalt-uv-skydd-stalram-oxfordtyg-gron\/#primaryimage"},"thumbnailUrl":"https:\/\/i0.wp.com\/truusk.store\/wp-content\/uploads\/2024\/02\/gazebo-295-x-295-m-pop-up-vikbart-gazebo-garden-gazebo-hopfallbart-partytalt-tradgardstalt-uv-skydd-stal-oxford-green.webp?fit=800%2C800&ssl=1","datePublished":"2024-02-13T08:04:24+00:00","dateModified":"2026-03-12T07:55:41+00:00","breadcrumb":{"@id":"https:\/\/truusk.store\/sv\/produkt\/truusk-pop-up-gazebo-295-x-295-m-vikbart-tradgardstalt-uv-skydd-stalram-oxfordtyg-gron\/#breadcrumb"},"inLanguage":"sv-SE","potentialAction":[{"@type":"ReadAction","target":["https:\/\/truusk.store\/sv\/produkt\/truusk-pop-up-gazebo-295-x-295-m-vikbart-tradgardstalt-uv-skydd-stalram-oxfordtyg-gron\/"]}]},{"@type":"ImageObject","inLanguage":"sv-SE","@id":"https:\/\/truusk.store\/sv\/produkt\/truusk-pop-up-gazebo-295-x-295-m-vikbart-tradgardstalt-uv-skydd-stalram-oxfordtyg-gron\/#primaryimage","url":"https:\/\/i0.wp.com\/truusk.store\/wp-content\/uploads\/2024\/02\/gazebo-295-x-295-m-pop-up-vikbart-gazebo-garden-gazebo-hopfallbart-partytalt-tradgardstalt-uv-skydd-stal-oxford-green.webp?fit=800%2C800&ssl=1","contentUrl":"https:\/\/i0.wp.com\/truusk.store\/wp-content\/uploads\/2024\/02\/gazebo-295-x-295-m-pop-up-vikbart-gazebo-garden-gazebo-hopfallbart-partytalt-tradgardstalt-uv-skydd-stal-oxford-green.webp?fit=800%2C800&ssl=1","width":800,"height":800,"caption":"Gazebo 2,95 X 2,95 M Pop-Up Vikbart Gazebo Garden Gazebo Hopf\u00e4llbart Partyt\u00e4lt Tr\u00e4dg\u00e5rdst\u00e4lt UV-skydd St\u00e5l + Oxford Green 1"},{"@type":"BreadcrumbList","@id":"https:\/\/truusk.store\/sv\/produkt\/truusk-pop-up-gazebo-295-x-295-m-vikbart-tradgardstalt-uv-skydd-stalram-oxfordtyg-gron\/#breadcrumb","itemListElement":[{"@type":"ListItem","position":1,"name":"Home","item":"https:\/\/truusk.store\/sv\/"},{"@type":"ListItem","position":2,"name":"Shop","item":"https:\/\/truusk.store\/shop\/"},{"@type":"ListItem","position":3,"name":"TRUUSK Pop-Up Gazebo 2,95 x 2,95 m &#8211; Vikbart Tr\u00e4dg\u00e5rdst\u00e4lt &#8211; UV-skydd &#8211; St\u00e5lram &#8211; Oxfordtyg &#8211; Gr\u00f6n"}]},{"@type":"WebSite","@id":"https:\/\/truusk.store\/sv\/#website","url":"https:\/\/truusk.store\/sv\/","name":"TRUUSK - Hem, Tr\u00e4dg\u00e5rd & Fritid","description":"","publisher":{"@id":"https:\/\/truusk.store\/sv\/#organization"},"potentialAction":[{"@type":"SearchAction","target":{"@type":"EntryPoint","urlTemplate":"https:\/\/truusk.store\/sv\/?s={search_term_string}"},"query-input":{"@type":"PropertyValueSpecification","valueRequired":true,"valueName":"search_term_string"}}],"inLanguage":"sv-SE"},{"@type":"Organization","@id":"https:\/\/truusk.store\/sv\/#organization","name":"TRUUSK - Hem, Tr\u00e4dg\u00e5rd & Fritid","url":"https:\/\/truusk.store\/sv\/","logo":{"@type":"ImageObject","inLanguage":"sv-SE","@id":"https:\/\/truusk.store\/sv\/#\/schema\/logo\/image\/","url":"https:\/\/i0.wp.com\/truusk.store\/wp-content\/uploads\/2026\/03\/cropped-TRUUSK.png?fit=2032%2C917&ssl=1","contentUrl":"https:\/\/i0.wp.com\/truusk.store\/wp-content\/uploads\/2026\/03\/cropped-TRUUSK.png?fit=2032%2C917&ssl=1","width":2032,"height":917,"caption":"TRUUSK - Hem, Tr\u00e4dg\u00e5rd & Fritid"},"image":{"@id":"https:\/\/truusk.store\/sv\/#\/schema\/logo\/image\/"}}]}},"jetpack_sharing_enabled":true,"_links":{"self":[{"href":"https:\/\/truusk.store\/sv\/wp-json\/wp\/v2\/product\/7919","targetHints":{"allow":["GET"]}}],"collection":[{"href":"https:\/\/truusk.store\/sv\/wp-json\/wp\/v2\/product"}],"about":[{"href":"https:\/\/truusk.store\/sv\/wp-json\/wp\/v2\/types\/product"}],"wp:featuredmedia":[{"embeddable":true,"href":"https:\/\/truusk.store\/sv\/wp-json\/wp\/v2\/media\/7920"}],"wp:attachment":[{"href":"https:\/\/truusk.store\/sv\/wp-json\/wp\/v2\/media?parent=7919"}],"wp:term":[{"taxonomy":"product_brand","embeddable":true,"href":"https:\/\/truusk.store\/sv\/wp-json\/wp\/v2\/product_brand?post=7919"},{"taxonomy":"product_cat","embeddable":true,"href":"https:\/\/truusk.store\/sv\/wp-json\/wp\/v2\/product_cat?post=7919"},{"taxonomy":"product_tag","embeddable":true,"href":"https:\/\/truusk.store\/sv\/wp-json\/wp\/v2\/product_tag?post=7919"}],"curies":[{"name":"wp","href":"https:\/\/api.w.org\/{rel}","templated":true}]}}