{"id":79197,"date":"2025-06-10T06:14:43","date_gmt":"2025-06-10T05:14:43","guid":{"rendered":"https:\/\/truusk.store\/product\/sittbank-med-forvaring-stoppad-bank-med-linneutseende-sittkista-med-stalbens-kistbank-for-vardagsrum-sovrum-hall-102-x-40-x-44-cm-gra\/"},"modified":"2026-03-12T09:32:17","modified_gmt":"2026-03-12T08:32:17","slug":"truusk-stoppad-sittbank-med-forvaring-linneutseende-stalbens-102x40x44-cm-gra","status":"publish","type":"product","link":"https:\/\/truusk.store\/sv\/produkt\/truusk-stoppad-sittbank-med-forvaring-linneutseende-stalbens-102x40x44-cm-gra\/","title":{"rendered":"TRUUSK Stoppad Sittb\u00e4nk med F\u00f6rvaring &#8211; Linneutseende &#8211; St\u00e5lbens &#8211; 102x40x44 cm &#8211; Gr\u00e5"},"content":{"rendered":"<p>Denna eleganta TRUUSK-b\u00e4nk med f\u00f6rvaring erbjuder inte bara extra f\u00f6rvaringsutrymme, utan s\u00e4tter ocks\u00e5 stilfulla accenter i ditt hem. Dynb\u00e4nken kompletterar perfekt din inredningsstil och erbjuder extra sittplatser f\u00f6r dig eller dina g\u00e4ster. Under s\u00e4tet finns praktiskt f\u00f6rvaringsutrymme f\u00f6r saker som extra filtar eller handdukar. Ge ditt hem en hemtrevlig atmosf\u00e4r med TRUUSK-s\u00e4ngb\u00e4nken.<\/p>\n<p>Beskrivning:<\/p>\n<ul>\n<li> Multifunktionell inredning, kan anv\u00e4ndas som skopall, b\u00e4nk vid fot\u00e4ndan av s\u00e4ngen eller som hallb\u00e4nk<\/li>\n<li> F\u00f6rvaringsutrymme under s\u00e4tet g\u00f6r det m\u00f6jligt att f\u00f6rvara saker som annars inte skulle hitta plats<\/li>\n<li> F\u00e4llbart lock med g\u00e5ngj\u00e4rnsdesign p\u00e5 dynb\u00e4nken \u00e4r praktiskt f\u00f6r daglig anv\u00e4ndning<\/li>\n<li> Tjockt stoppad skumstoppning med linne\u00f6verdrag p\u00e5 kistan ger en bekv\u00e4m sittupplevelse<\/li>\n<li> St\u00e5lben med pulverbel\u00e4ggning f\u00f6r h\u00f6g stabilitet och h\u00e5llbarhet<\/li>\n<li> Montering kr\u00e4vs<\/li>\n<\/ul>\n<p> Tekniska data:<\/p>\n<ul>\n<li> F\u00e4rg: Gr\u00e5<\/li>\n<li> Material: Linneimitation (100% polyester), skum, st\u00e5l<\/li>\n<li> Totala dimensioner: 102L x 40B x 44H cm<\/li>\n<li> Dold f\u00f6rvaringsstorlek: 92B x 31T x 22H cm<\/li>\n<li> Lockets tjocklek: 4 cm<\/li>\n<li> B\u00e4rkapacitet: 150 kg<\/li>\n<\/ul>\n<p>Leveransinneh\u00e5ll:<\/p>\n<ul>\n<li> 1 x F\u00f6rvaringsottoman<\/li>\n<li> 1 x Bruksanvisning<\/li>\n<\/ul>\n","protected":false},"excerpt":{"rendered":"<p>Denna eleganta TRUUSK-b\u00e4nk med f\u00f6rvaring erbjuder inte bara extra f\u00f6rvaringsutrymme, utan s\u00e4tter ocks\u00e5 stilfulla accenter i ditt hem. Dynb\u00e4nken kompletterar&#8230;<\/p>\n","protected":false},"featured_media":79187,"template":"","meta":[],"product_brand":[],"product_cat":[893,871,992],"product_tag":[],"class_list":{"0":"post-79197","1":"product","2":"type-product","3":"status-publish","4":"has-post-thumbnail","6":"product_cat-garderob-hall","7":"product_cat-hus-hem","8":"product_cat-sittkistor","10":"first","11":"instock","12":"sale","13":"taxable","14":"shipping-taxable","15":"purchasable","16":"product-type-simple"},"yoast_head":"<!-- This site is optimized with the Yoast SEO plugin v25.4 - https:\/\/yoast.com\/wordpress\/plugins\/seo\/ -->\n<title>TRUUSK Stoppad Sittb\u00e4nk med F\u00f6rvaring - Linneutseende - St\u00e5lbens - 102x40x44 cm - Gr\u00e5 - TRUUSK - Hem, Tr\u00e4dg\u00e5rd &amp; Fritid<\/title>\n<meta name=\"robots\" content=\"index, follow, max-snippet:-1, max-image-preview:large, max-video-preview:-1\" \/>\n<link rel=\"canonical\" href=\"https:\/\/truusk.store\/sv\/produkt\/truusk-stoppad-sittbank-med-forvaring-linneutseende-stalbens-102x40x44-cm-gra\/\" \/>\n<meta property=\"og:locale\" content=\"sv_SE\" \/>\n<meta property=\"og:type\" content=\"article\" \/>\n<meta property=\"og:title\" content=\"TRUUSK Stoppad Sittb\u00e4nk med F\u00f6rvaring - Linneutseende - St\u00e5lbens - 102x40x44 cm - Gr\u00e5 - TRUUSK - Hem, Tr\u00e4dg\u00e5rd &amp; Fritid\" \/>\n<meta property=\"og:description\" content=\"Denna eleganta TRUUSK-b\u00e4nk med f\u00f6rvaring erbjuder inte bara extra f\u00f6rvaringsutrymme, utan s\u00e4tter ocks\u00e5 stilfulla accenter i ditt hem. Dynb\u00e4nken kompletterar...\" \/>\n<meta property=\"og:url\" content=\"https:\/\/truusk.store\/sv\/produkt\/truusk-stoppad-sittbank-med-forvaring-linneutseende-stalbens-102x40x44-cm-gra\/\" \/>\n<meta property=\"og:site_name\" content=\"TRUUSK - Hem, Tr\u00e4dg\u00e5rd &amp; Fritid\" \/>\n<meta property=\"article:modified_time\" content=\"2026-03-12T08:32:17+00:00\" \/>\n<meta property=\"og:image\" content=\"https:\/\/i0.wp.com\/truusk.se\/wp-content\/uploads\/2025\/06\/sittbank-med-forvaring-stoppad-bank-med-linneutseende-sittkista-med-stalbens-kistbank-for-vardagsrum-sovrum-hall-102-x-40-x-44-cm-gra-1.webp?fit=2000%2C2000&ssl=1\" \/>\n\t<meta property=\"og:image:width\" content=\"2000\" \/>\n\t<meta property=\"og:image:height\" content=\"2000\" \/>\n\t<meta property=\"og:image:type\" content=\"image\/webp\" \/>\n<meta name=\"twitter:card\" content=\"summary_large_image\" \/>\n<meta name=\"twitter:label1\" content=\"Ber\u00e4knad l\u00e4stid\" \/>\n\t<meta name=\"twitter:data1\" content=\"1 minut\" \/>\n<!-- \/ Yoast SEO plugin. -->","yoast_head_json":{"title":"TRUUSK Stoppad Sittb\u00e4nk med F\u00f6rvaring - Linneutseende - St\u00e5lbens - 102x40x44 cm - Gr\u00e5 - TRUUSK - Hem, Tr\u00e4dg\u00e5rd &amp; Fritid","robots":{"index":"index","follow":"follow","max-snippet":"max-snippet:-1","max-image-preview":"max-image-preview:large","max-video-preview":"max-video-preview:-1"},"canonical":"https:\/\/truusk.store\/sv\/produkt\/truusk-stoppad-sittbank-med-forvaring-linneutseende-stalbens-102x40x44-cm-gra\/","og_locale":"sv_SE","og_type":"article","og_title":"TRUUSK Stoppad Sittb\u00e4nk med F\u00f6rvaring - Linneutseende - St\u00e5lbens - 102x40x44 cm - Gr\u00e5 - TRUUSK - Hem, Tr\u00e4dg\u00e5rd &amp; Fritid","og_description":"Denna eleganta TRUUSK-b\u00e4nk med f\u00f6rvaring erbjuder inte bara extra f\u00f6rvaringsutrymme, utan s\u00e4tter ocks\u00e5 stilfulla accenter i ditt hem. Dynb\u00e4nken kompletterar...","og_url":"https:\/\/truusk.store\/sv\/produkt\/truusk-stoppad-sittbank-med-forvaring-linneutseende-stalbens-102x40x44-cm-gra\/","og_site_name":"TRUUSK - Hem, Tr\u00e4dg\u00e5rd &amp; Fritid","article_modified_time":"2026-03-12T08:32:17+00:00","og_image":[{"width":2000,"height":2000,"url":"https:\/\/i0.wp.com\/truusk.se\/wp-content\/uploads\/2025\/06\/sittbank-med-forvaring-stoppad-bank-med-linneutseende-sittkista-med-stalbens-kistbank-for-vardagsrum-sovrum-hall-102-x-40-x-44-cm-gra-1.webp?fit=2000%2C2000&ssl=1","type":"image\/webp"}],"twitter_card":"summary_large_image","twitter_misc":{"Ber\u00e4knad l\u00e4stid":"1 minut"},"schema":{"@context":"https:\/\/schema.org","@graph":[{"@type":"WebPage","@id":"https:\/\/truusk.store\/sv\/produkt\/truusk-stoppad-sittbank-med-forvaring-linneutseende-stalbens-102x40x44-cm-gra\/","url":"https:\/\/truusk.store\/sv\/produkt\/truusk-stoppad-sittbank-med-forvaring-linneutseende-stalbens-102x40x44-cm-gra\/","name":"TRUUSK Stoppad Sittb\u00e4nk med F\u00f6rvaring - Linneutseende - St\u00e5lbens - 102x40x44 cm - Gr\u00e5 - TRUUSK - Hem, Tr\u00e4dg\u00e5rd &amp; Fritid","isPartOf":{"@id":"https:\/\/truusk.store\/sv\/#website"},"primaryImageOfPage":{"@id":"https:\/\/truusk.store\/sv\/produkt\/truusk-stoppad-sittbank-med-forvaring-linneutseende-stalbens-102x40x44-cm-gra\/#primaryimage"},"image":{"@id":"https:\/\/truusk.store\/sv\/produkt\/truusk-stoppad-sittbank-med-forvaring-linneutseende-stalbens-102x40x44-cm-gra\/#primaryimage"},"thumbnailUrl":"https:\/\/i0.wp.com\/truusk.store\/wp-content\/uploads\/2025\/06\/sittbank-med-forvaring-stoppad-bank-med-linneutseende-sittkista-med-stalbens-kistbank-for-vardagsrum-sovrum-hall-102-x-40-x-44-cm-gra-1.webp?fit=2000%2C2000&ssl=1","datePublished":"2025-06-10T05:14:43+00:00","dateModified":"2026-03-12T08:32:17+00:00","breadcrumb":{"@id":"https:\/\/truusk.store\/sv\/produkt\/truusk-stoppad-sittbank-med-forvaring-linneutseende-stalbens-102x40x44-cm-gra\/#breadcrumb"},"inLanguage":"sv-SE","potentialAction":[{"@type":"ReadAction","target":["https:\/\/truusk.store\/sv\/produkt\/truusk-stoppad-sittbank-med-forvaring-linneutseende-stalbens-102x40x44-cm-gra\/"]}]},{"@type":"ImageObject","inLanguage":"sv-SE","@id":"https:\/\/truusk.store\/sv\/produkt\/truusk-stoppad-sittbank-med-forvaring-linneutseende-stalbens-102x40x44-cm-gra\/#primaryimage","url":"https:\/\/i0.wp.com\/truusk.store\/wp-content\/uploads\/2025\/06\/sittbank-med-forvaring-stoppad-bank-med-linneutseende-sittkista-med-stalbens-kistbank-for-vardagsrum-sovrum-hall-102-x-40-x-44-cm-gra-1.webp?fit=2000%2C2000&ssl=1","contentUrl":"https:\/\/i0.wp.com\/truusk.store\/wp-content\/uploads\/2025\/06\/sittbank-med-forvaring-stoppad-bank-med-linneutseende-sittkista-med-stalbens-kistbank-for-vardagsrum-sovrum-hall-102-x-40-x-44-cm-gra-1.webp?fit=2000%2C2000&ssl=1","width":2000,"height":2000},{"@type":"BreadcrumbList","@id":"https:\/\/truusk.store\/sv\/produkt\/truusk-stoppad-sittbank-med-forvaring-linneutseende-stalbens-102x40x44-cm-gra\/#breadcrumb","itemListElement":[{"@type":"ListItem","position":1,"name":"Home","item":"https:\/\/truusk.store\/sv\/"},{"@type":"ListItem","position":2,"name":"Shop","item":"https:\/\/truusk.store\/shop\/"},{"@type":"ListItem","position":3,"name":"TRUUSK Stoppad Sittb\u00e4nk med F\u00f6rvaring &#8211; Linneutseende &#8211; St\u00e5lbens &#8211; 102x40x44 cm &#8211; Gr\u00e5"}]},{"@type":"WebSite","@id":"https:\/\/truusk.store\/sv\/#website","url":"https:\/\/truusk.store\/sv\/","name":"TRUUSK - Hem, Tr\u00e4dg\u00e5rd & Fritid","description":"","publisher":{"@id":"https:\/\/truusk.store\/sv\/#organization"},"potentialAction":[{"@type":"SearchAction","target":{"@type":"EntryPoint","urlTemplate":"https:\/\/truusk.store\/sv\/?s={search_term_string}"},"query-input":{"@type":"PropertyValueSpecification","valueRequired":true,"valueName":"search_term_string"}}],"inLanguage":"sv-SE"},{"@type":"Organization","@id":"https:\/\/truusk.store\/sv\/#organization","name":"TRUUSK - Hem, Tr\u00e4dg\u00e5rd & Fritid","url":"https:\/\/truusk.store\/sv\/","logo":{"@type":"ImageObject","inLanguage":"sv-SE","@id":"https:\/\/truusk.store\/sv\/#\/schema\/logo\/image\/","url":"https:\/\/i0.wp.com\/truusk.store\/wp-content\/uploads\/2026\/03\/cropped-TRUUSK.png?fit=2032%2C917&ssl=1","contentUrl":"https:\/\/i0.wp.com\/truusk.store\/wp-content\/uploads\/2026\/03\/cropped-TRUUSK.png?fit=2032%2C917&ssl=1","width":2032,"height":917,"caption":"TRUUSK - Hem, Tr\u00e4dg\u00e5rd & Fritid"},"image":{"@id":"https:\/\/truusk.store\/sv\/#\/schema\/logo\/image\/"}}]}},"jetpack_sharing_enabled":true,"_links":{"self":[{"href":"https:\/\/truusk.store\/sv\/wp-json\/wp\/v2\/product\/79197","targetHints":{"allow":["GET"]}}],"collection":[{"href":"https:\/\/truusk.store\/sv\/wp-json\/wp\/v2\/product"}],"about":[{"href":"https:\/\/truusk.store\/sv\/wp-json\/wp\/v2\/types\/product"}],"wp:featuredmedia":[{"embeddable":true,"href":"https:\/\/truusk.store\/sv\/wp-json\/wp\/v2\/media\/79187"}],"wp:attachment":[{"href":"https:\/\/truusk.store\/sv\/wp-json\/wp\/v2\/media?parent=79197"}],"wp:term":[{"taxonomy":"product_brand","embeddable":true,"href":"https:\/\/truusk.store\/sv\/wp-json\/wp\/v2\/product_brand?post=79197"},{"taxonomy":"product_cat","embeddable":true,"href":"https:\/\/truusk.store\/sv\/wp-json\/wp\/v2\/product_cat?post=79197"},{"taxonomy":"product_tag","embeddable":true,"href":"https:\/\/truusk.store\/sv\/wp-json\/wp\/v2\/product_tag?post=79197"}],"curies":[{"name":"wp","href":"https:\/\/api.w.org\/{rel}","templated":true}]}}