{"id":79217,"date":"2025-06-10T06:16:50","date_gmt":"2025-06-10T05:16:50","guid":{"rendered":"https:\/\/truusk.store\/product\/koksskap-sideboard-med-mikrovagshylla-mikrovagsskap-med-3-dorrar-lada-justerbara-hyllor-forvaringsskap-for-kok-matsal-vardagsrum-vit\/"},"modified":"2026-03-12T08:44:17","modified_gmt":"2026-03-12T07:44:17","slug":"truusk-koksskap-sideboard-med-mikrovagshylla-mikrovagsskap-med-3-dorrar-justerbara-hyllor-forvaringsskap-for-kok-matsal","status":"publish","type":"product","link":"https:\/\/truusk.store\/sv\/produkt\/truusk-koksskap-sideboard-med-mikrovagshylla-mikrovagsskap-med-3-dorrar-justerbara-hyllor-forvaringsskap-for-kok-matsal\/","title":{"rendered":"TRUUSK K\u00f6kssk\u00e5p Sideboard Med Mikrov\u00e5gshylla &#8211; Mikrov\u00e5gssk\u00e5p Med 3 D\u00f6rrar &#8211; Justerbara Hyllor &#8211; F\u00f6rvaringssk\u00e5p F\u00f6r K\u00f6k, Matsal,"},"content":{"rendered":"<p>Detta k\u00f6kssk\u00e5p har en bred hylla och ett \u00f6ppet fack med kabelgenomf\u00f6ring, perfekt f\u00f6r mikrov\u00e5gsugnar eller andra apparater. Grytor och stekpannor passar perfekt i de tv\u00e5 sk\u00e5pen p\u00e5 sideboardet och bestick hittar plats i l\u00e5dan. Sk\u00e5pet med genomskinlig d\u00f6rr har en justerbar hylla, vilket g\u00f6r det m\u00f6jligt att f\u00f6rvara objekt av olika h\u00f6jder och ger en snabb \u00f6verblick utan att d\u00f6rren beh\u00f6ver \u00f6ppnas.<\/p>\n<p>Beskrivning:<\/p>\n<ul>\n<li> Den rymliga hyllan ger utrymme f\u00f6r att visa dekorationer<\/li>\n<li> Stort fack med kabelh\u00e5l underl\u00e4ttar installationen av sm\u00e5 k\u00f6ksapparater<\/li>\n<li> Tv\u00e5 sk\u00e5p d\u00f6ljer grytor och stekpannor och minskar oordning<\/li>\n<li> K\u00f6kssk\u00e5pets l\u00e5da sorterar bestick och porslin snyggt<\/li>\n<li> Trestegs justerbar hylla i f\u00f6rvaringssk\u00e5pet inuti<\/li>\n<li> Transparent akryld\u00f6rr<\/li>\n<li> Vippningss\u00e4kerhetsrem \u00f6kar s\u00e4kerheten under anv\u00e4ndning<\/li>\n<li> Montering kr\u00e4vs<\/li>\n<\/ul>\n<p> Tekniska data:<\/p>\n<ul>\n<li> F\u00e4rg: Vit<\/li>\n<li> Material: Sp\u00e5nskiva<\/li>\n<li> Totala dimensioner: 80B x 35T x 72,2H cm<\/li>\n<li> Inre l\u00e5dm\u00e5tt: 19,5B x 23,8T x 10,4H cm<\/li>\n<li> Storlek p\u00e5 \u00f6ppet fack: 48B x 31,5T x 29,1H cm<\/li>\n<li> Inre sk\u00e5pm\u00e5tt: 23,9B x 31,4T x 46,6H cm (Enkeld\u00f6rr), 48B x 31,4T x 31,3H cm (Dubbel d\u00f6rr)<\/li>\n<li> Golv h\u00f6jd: 6,2 cm<\/li>\n<li> Belastningskapacitet: 40 kg (totalt), 5 kg (\u00f6verdel\/l\u00e5da\/hylla)<\/li>\n<\/ul>\n<p>Leverans inneh\u00e5ller:<\/p>\n<ul>\n<li> 1 x Mikrov\u00e5gssk\u00e5p<\/li>\n<li> 1 x Handbok<\/li>\n<\/ul>\n","protected":false},"excerpt":{"rendered":"<p>Detta k\u00f6kssk\u00e5p har en bred hylla och ett \u00f6ppet fack med kabelgenomf\u00f6ring, perfekt f\u00f6r mikrov\u00e5gsugnar eller andra apparater. Grytor och&#8230;<\/p>\n","protected":false},"featured_media":79208,"template":"","meta":[],"product_brand":[],"product_cat":[871,889,534],"product_tag":[],"class_list":{"0":"post-79217","1":"product","2":"type-product","3":"status-publish","4":"has-post-thumbnail","6":"product_cat-hus-hem","7":"product_cat-kok-matsal","8":"product_cat-koksskap","10":"first","11":"instock","12":"sale","13":"taxable","14":"shipping-taxable","15":"purchasable","16":"product-type-simple"},"yoast_head":"<!-- This site is optimized with the Yoast SEO plugin v25.4 - https:\/\/yoast.com\/wordpress\/plugins\/seo\/ -->\n<title>TRUUSK K\u00f6kssk\u00e5p Sideboard Med Mikrov\u00e5gshylla - Mikrov\u00e5gssk\u00e5p Med 3 D\u00f6rrar - Justerbara Hyllor - F\u00f6rvaringssk\u00e5p F\u00f6r K\u00f6k, Matsal, - TRUUSK - Hem, Tr\u00e4dg\u00e5rd &amp; Fritid<\/title>\n<meta name=\"robots\" content=\"index, follow, max-snippet:-1, max-image-preview:large, max-video-preview:-1\" \/>\n<link rel=\"canonical\" href=\"https:\/\/truusk.store\/sv\/produkt\/truusk-koksskap-sideboard-med-mikrovagshylla-mikrovagsskap-med-3-dorrar-justerbara-hyllor-forvaringsskap-for-kok-matsal\/\" \/>\n<meta property=\"og:locale\" content=\"sv_SE\" \/>\n<meta property=\"og:type\" content=\"article\" \/>\n<meta property=\"og:title\" content=\"TRUUSK K\u00f6kssk\u00e5p Sideboard Med Mikrov\u00e5gshylla - Mikrov\u00e5gssk\u00e5p Med 3 D\u00f6rrar - Justerbara Hyllor - F\u00f6rvaringssk\u00e5p F\u00f6r K\u00f6k, Matsal, - TRUUSK - Hem, Tr\u00e4dg\u00e5rd &amp; Fritid\" \/>\n<meta property=\"og:description\" content=\"Detta k\u00f6kssk\u00e5p har en bred hylla och ett \u00f6ppet fack med kabelgenomf\u00f6ring, perfekt f\u00f6r mikrov\u00e5gsugnar eller andra apparater. Grytor och...\" \/>\n<meta property=\"og:url\" content=\"https:\/\/truusk.store\/sv\/produkt\/truusk-koksskap-sideboard-med-mikrovagshylla-mikrovagsskap-med-3-dorrar-justerbara-hyllor-forvaringsskap-for-kok-matsal\/\" \/>\n<meta property=\"og:site_name\" content=\"TRUUSK - Hem, Tr\u00e4dg\u00e5rd &amp; Fritid\" \/>\n<meta property=\"article:modified_time\" content=\"2026-03-12T07:44:17+00:00\" \/>\n<meta property=\"og:image\" content=\"https:\/\/i0.wp.com\/truusk.se\/wp-content\/uploads\/2025\/06\/koksskap-sideboard-med-mikrovagshylla-mikrovagsskap-med-3-dorrar-lada-justerbara-hyllor-forvaringsskap-for-kok-matsal-vardagsrum-vit-1.webp?fit=2000%2C2000&ssl=1\" \/>\n\t<meta property=\"og:image:width\" content=\"2000\" \/>\n\t<meta property=\"og:image:height\" content=\"2000\" \/>\n\t<meta property=\"og:image:type\" content=\"image\/webp\" \/>\n<meta name=\"twitter:card\" content=\"summary_large_image\" \/>\n<meta name=\"twitter:label1\" content=\"Ber\u00e4knad l\u00e4stid\" \/>\n\t<meta name=\"twitter:data1\" content=\"1 minut\" \/>\n<!-- \/ Yoast SEO plugin. -->","yoast_head_json":{"title":"TRUUSK K\u00f6kssk\u00e5p Sideboard Med Mikrov\u00e5gshylla - Mikrov\u00e5gssk\u00e5p Med 3 D\u00f6rrar - Justerbara Hyllor - F\u00f6rvaringssk\u00e5p F\u00f6r K\u00f6k, Matsal, - TRUUSK - Hem, Tr\u00e4dg\u00e5rd &amp; Fritid","robots":{"index":"index","follow":"follow","max-snippet":"max-snippet:-1","max-image-preview":"max-image-preview:large","max-video-preview":"max-video-preview:-1"},"canonical":"https:\/\/truusk.store\/sv\/produkt\/truusk-koksskap-sideboard-med-mikrovagshylla-mikrovagsskap-med-3-dorrar-justerbara-hyllor-forvaringsskap-for-kok-matsal\/","og_locale":"sv_SE","og_type":"article","og_title":"TRUUSK K\u00f6kssk\u00e5p Sideboard Med Mikrov\u00e5gshylla - Mikrov\u00e5gssk\u00e5p Med 3 D\u00f6rrar - Justerbara Hyllor - F\u00f6rvaringssk\u00e5p F\u00f6r K\u00f6k, Matsal, - TRUUSK - Hem, Tr\u00e4dg\u00e5rd &amp; Fritid","og_description":"Detta k\u00f6kssk\u00e5p har en bred hylla och ett \u00f6ppet fack med kabelgenomf\u00f6ring, perfekt f\u00f6r mikrov\u00e5gsugnar eller andra apparater. Grytor och...","og_url":"https:\/\/truusk.store\/sv\/produkt\/truusk-koksskap-sideboard-med-mikrovagshylla-mikrovagsskap-med-3-dorrar-justerbara-hyllor-forvaringsskap-for-kok-matsal\/","og_site_name":"TRUUSK - Hem, Tr\u00e4dg\u00e5rd &amp; Fritid","article_modified_time":"2026-03-12T07:44:17+00:00","og_image":[{"width":2000,"height":2000,"url":"https:\/\/i0.wp.com\/truusk.se\/wp-content\/uploads\/2025\/06\/koksskap-sideboard-med-mikrovagshylla-mikrovagsskap-med-3-dorrar-lada-justerbara-hyllor-forvaringsskap-for-kok-matsal-vardagsrum-vit-1.webp?fit=2000%2C2000&ssl=1","type":"image\/webp"}],"twitter_card":"summary_large_image","twitter_misc":{"Ber\u00e4knad l\u00e4stid":"1 minut"},"schema":{"@context":"https:\/\/schema.org","@graph":[{"@type":"WebPage","@id":"https:\/\/truusk.store\/sv\/produkt\/truusk-koksskap-sideboard-med-mikrovagshylla-mikrovagsskap-med-3-dorrar-justerbara-hyllor-forvaringsskap-for-kok-matsal\/","url":"https:\/\/truusk.store\/sv\/produkt\/truusk-koksskap-sideboard-med-mikrovagshylla-mikrovagsskap-med-3-dorrar-justerbara-hyllor-forvaringsskap-for-kok-matsal\/","name":"TRUUSK K\u00f6kssk\u00e5p Sideboard Med Mikrov\u00e5gshylla - Mikrov\u00e5gssk\u00e5p Med 3 D\u00f6rrar - Justerbara Hyllor - F\u00f6rvaringssk\u00e5p F\u00f6r K\u00f6k, Matsal, - TRUUSK - Hem, Tr\u00e4dg\u00e5rd &amp; Fritid","isPartOf":{"@id":"https:\/\/truusk.store\/sv\/#website"},"primaryImageOfPage":{"@id":"https:\/\/truusk.store\/sv\/produkt\/truusk-koksskap-sideboard-med-mikrovagshylla-mikrovagsskap-med-3-dorrar-justerbara-hyllor-forvaringsskap-for-kok-matsal\/#primaryimage"},"image":{"@id":"https:\/\/truusk.store\/sv\/produkt\/truusk-koksskap-sideboard-med-mikrovagshylla-mikrovagsskap-med-3-dorrar-justerbara-hyllor-forvaringsskap-for-kok-matsal\/#primaryimage"},"thumbnailUrl":"https:\/\/i0.wp.com\/truusk.store\/wp-content\/uploads\/2025\/06\/koksskap-sideboard-med-mikrovagshylla-mikrovagsskap-med-3-dorrar-lada-justerbara-hyllor-forvaringsskap-for-kok-matsal-vardagsrum-vit-1.webp?fit=2000%2C2000&ssl=1","datePublished":"2025-06-10T05:16:50+00:00","dateModified":"2026-03-12T07:44:17+00:00","breadcrumb":{"@id":"https:\/\/truusk.store\/sv\/produkt\/truusk-koksskap-sideboard-med-mikrovagshylla-mikrovagsskap-med-3-dorrar-justerbara-hyllor-forvaringsskap-for-kok-matsal\/#breadcrumb"},"inLanguage":"sv-SE","potentialAction":[{"@type":"ReadAction","target":["https:\/\/truusk.store\/sv\/produkt\/truusk-koksskap-sideboard-med-mikrovagshylla-mikrovagsskap-med-3-dorrar-justerbara-hyllor-forvaringsskap-for-kok-matsal\/"]}]},{"@type":"ImageObject","inLanguage":"sv-SE","@id":"https:\/\/truusk.store\/sv\/produkt\/truusk-koksskap-sideboard-med-mikrovagshylla-mikrovagsskap-med-3-dorrar-justerbara-hyllor-forvaringsskap-for-kok-matsal\/#primaryimage","url":"https:\/\/i0.wp.com\/truusk.store\/wp-content\/uploads\/2025\/06\/koksskap-sideboard-med-mikrovagshylla-mikrovagsskap-med-3-dorrar-lada-justerbara-hyllor-forvaringsskap-for-kok-matsal-vardagsrum-vit-1.webp?fit=2000%2C2000&ssl=1","contentUrl":"https:\/\/i0.wp.com\/truusk.store\/wp-content\/uploads\/2025\/06\/koksskap-sideboard-med-mikrovagshylla-mikrovagsskap-med-3-dorrar-lada-justerbara-hyllor-forvaringsskap-for-kok-matsal-vardagsrum-vit-1.webp?fit=2000%2C2000&ssl=1","width":2000,"height":2000},{"@type":"BreadcrumbList","@id":"https:\/\/truusk.store\/sv\/produkt\/truusk-koksskap-sideboard-med-mikrovagshylla-mikrovagsskap-med-3-dorrar-justerbara-hyllor-forvaringsskap-for-kok-matsal\/#breadcrumb","itemListElement":[{"@type":"ListItem","position":1,"name":"Home","item":"https:\/\/truusk.store\/sv\/"},{"@type":"ListItem","position":2,"name":"Shop","item":"https:\/\/truusk.store\/shop\/"},{"@type":"ListItem","position":3,"name":"TRUUSK K\u00f6kssk\u00e5p Sideboard Med Mikrov\u00e5gshylla &#8211; Mikrov\u00e5gssk\u00e5p Med 3 D\u00f6rrar &#8211; Justerbara Hyllor &#8211; F\u00f6rvaringssk\u00e5p F\u00f6r K\u00f6k, Matsal,"}]},{"@type":"WebSite","@id":"https:\/\/truusk.store\/sv\/#website","url":"https:\/\/truusk.store\/sv\/","name":"TRUUSK - Hem, Tr\u00e4dg\u00e5rd & Fritid","description":"","publisher":{"@id":"https:\/\/truusk.store\/sv\/#organization"},"potentialAction":[{"@type":"SearchAction","target":{"@type":"EntryPoint","urlTemplate":"https:\/\/truusk.store\/sv\/?s={search_term_string}"},"query-input":{"@type":"PropertyValueSpecification","valueRequired":true,"valueName":"search_term_string"}}],"inLanguage":"sv-SE"},{"@type":"Organization","@id":"https:\/\/truusk.store\/sv\/#organization","name":"TRUUSK - Hem, Tr\u00e4dg\u00e5rd & Fritid","url":"https:\/\/truusk.store\/sv\/","logo":{"@type":"ImageObject","inLanguage":"sv-SE","@id":"https:\/\/truusk.store\/sv\/#\/schema\/logo\/image\/","url":"https:\/\/i0.wp.com\/truusk.store\/wp-content\/uploads\/2026\/03\/cropped-TRUUSK.png?fit=2032%2C917&ssl=1","contentUrl":"https:\/\/i0.wp.com\/truusk.store\/wp-content\/uploads\/2026\/03\/cropped-TRUUSK.png?fit=2032%2C917&ssl=1","width":2032,"height":917,"caption":"TRUUSK - Hem, Tr\u00e4dg\u00e5rd & Fritid"},"image":{"@id":"https:\/\/truusk.store\/sv\/#\/schema\/logo\/image\/"}}]}},"jetpack_sharing_enabled":true,"_links":{"self":[{"href":"https:\/\/truusk.store\/sv\/wp-json\/wp\/v2\/product\/79217","targetHints":{"allow":["GET"]}}],"collection":[{"href":"https:\/\/truusk.store\/sv\/wp-json\/wp\/v2\/product"}],"about":[{"href":"https:\/\/truusk.store\/sv\/wp-json\/wp\/v2\/types\/product"}],"wp:featuredmedia":[{"embeddable":true,"href":"https:\/\/truusk.store\/sv\/wp-json\/wp\/v2\/media\/79208"}],"wp:attachment":[{"href":"https:\/\/truusk.store\/sv\/wp-json\/wp\/v2\/media?parent=79217"}],"wp:term":[{"taxonomy":"product_brand","embeddable":true,"href":"https:\/\/truusk.store\/sv\/wp-json\/wp\/v2\/product_brand?post=79217"},{"taxonomy":"product_cat","embeddable":true,"href":"https:\/\/truusk.store\/sv\/wp-json\/wp\/v2\/product_cat?post=79217"},{"taxonomy":"product_tag","embeddable":true,"href":"https:\/\/truusk.store\/sv\/wp-json\/wp\/v2\/product_tag?post=79217"}],"curies":[{"name":"wp","href":"https:\/\/api.w.org\/{rel}","templated":true}]}}