{"id":79287,"date":"2025-06-10T06:23:41","date_gmt":"2025-06-10T05:23:41","guid":{"rendered":"https:\/\/truusk.store\/product\/helskarmspegel-160-x-40-cm-avsmalnande-staende-spegel-med-metallram-och-bruchsakert-glas-vaggspegel-for-staende-lutande-spegel-for-vardagsrum-sovrum-hall-guld\/"},"modified":"2026-03-12T08:44:53","modified_gmt":"2026-03-12T07:44:53","slug":"truusk-helskarmspegel-160-x-40-cm-avsmalnande-staende-spegel-metallram-bruchsakert-glas-vaggspegel-for-vardagsrum","status":"publish","type":"product","link":"https:\/\/truusk.store\/sv\/produkt\/truusk-helskarmspegel-160-x-40-cm-avsmalnande-staende-spegel-metallram-bruchsakert-glas-vaggspegel-for-vardagsrum\/","title":{"rendered":"TRUUSK Helsk\u00e4rmspegel 160 x 40 cm &#8211; Avsmalnande st\u00e5ende spegel &#8211; Metallram &#8211; Bruchs\u00e4kert glas &#8211; V\u00e4ggspegel f\u00f6r vardagsrum,"},"content":{"rendered":"<p>Betrakta dig sj\u00e4lv fullst\u00e4ndigt med TRUUSK helkroppsspegeln, en imponerande h\u00f6jdpunkt i varje rum. Denna h\u00f6ga hall spegel (160 x 40 cm) ger en komplett vy av din kropp och har en lutningsfunktion f\u00f6r den idealiska vyn. Den guldiga avsmalnande ramen ger inte bara en elegant touch, utan ocks\u00e5 en s\u00e4ker st\u00e5ndpunkt, oavsett om den st\u00e5r fritt eller lutar mot v\u00e4ggen i ditt sovrum.<\/p>\n<p>Beskrivning:<\/p>\n<ul>\n<li> Den 160 x 40 cm stora helkroppsspegeln g\u00f6r det m\u00f6jligt att betrakta hela outfiten<\/li>\n<li> Kan luta mot v\u00e4ggen eller anv\u00e4ndas frittst\u00e5ende<\/li>\n<li> Metallram, f\u00e4ste och MDF-baksida garanterar h\u00e5llbarhet och stabilitet<\/li>\n<li> H\u00f6guppl\u00f6st glas i v\u00e4ggspegeln med splitterfri film ger klara spegelbilder<\/li>\n<li> Guldig, b\u00f6jd ram ger en elegant not<\/li>\n<li> Ingen montering kr\u00e4vs<\/li>\n<\/ul>\n<p> Tekniska data:<\/p>\n<ul>\n<li> F\u00e4rg: Guld<\/li>\n<li> Material: Metall, Glas, MDF<\/li>\n<li> Totala dimensioner: 40B x 6T x 160H cm (kl\u00e4mma vikt)<\/li>\n<li> Totala dimensioner: 40B x 51,5T x 157H cm (kl\u00e4mma utvikt)<\/li>\n<li> Spegelstorlek: 39,5B x 159,5H cm<\/li>\n<\/ul>\n<p>Leveransinneh\u00e5ll:<\/p>\n<ul>\n<li> 1 x Helkroppsspegel<\/li>\n<li> 1 x Bruksanvisning<\/li>\n<\/ul>\n","protected":false},"excerpt":{"rendered":"<p>Betrakta dig sj\u00e4lv fullst\u00e4ndigt med TRUUSK helkroppsspegeln, en imponerande h\u00f6jdpunkt i varje rum. Denna h\u00f6ga hall spegel (160 x 40&#8230;<\/p>\n","protected":false},"featured_media":79278,"template":"","meta":[],"product_brand":[],"product_cat":[893,871,1006],"product_tag":[],"class_list":{"0":"post-79287","1":"product","2":"type-product","3":"status-publish","4":"has-post-thumbnail","6":"product_cat-garderob-hall","7":"product_cat-hus-hem","8":"product_cat-staende-spegel","10":"first","11":"instock","12":"sale","13":"taxable","14":"shipping-taxable","15":"purchasable","16":"product-type-simple"},"yoast_head":"<!-- This site is optimized with the Yoast SEO plugin v25.4 - https:\/\/yoast.com\/wordpress\/plugins\/seo\/ -->\n<title>TRUUSK Helsk\u00e4rmspegel 160 x 40 cm - Avsmalnande st\u00e5ende spegel - Metallram - Bruchs\u00e4kert glas - V\u00e4ggspegel f\u00f6r vardagsrum, - TRUUSK - Hem, Tr\u00e4dg\u00e5rd &amp; Fritid<\/title>\n<meta name=\"robots\" content=\"index, follow, max-snippet:-1, max-image-preview:large, max-video-preview:-1\" \/>\n<link rel=\"canonical\" href=\"https:\/\/truusk.store\/sv\/produkt\/truusk-helskarmspegel-160-x-40-cm-avsmalnande-staende-spegel-metallram-bruchsakert-glas-vaggspegel-for-vardagsrum\/\" \/>\n<meta property=\"og:locale\" content=\"sv_SE\" \/>\n<meta property=\"og:type\" content=\"article\" \/>\n<meta property=\"og:title\" content=\"TRUUSK Helsk\u00e4rmspegel 160 x 40 cm - Avsmalnande st\u00e5ende spegel - Metallram - Bruchs\u00e4kert glas - V\u00e4ggspegel f\u00f6r vardagsrum, - TRUUSK - Hem, Tr\u00e4dg\u00e5rd &amp; Fritid\" \/>\n<meta property=\"og:description\" content=\"Betrakta dig sj\u00e4lv fullst\u00e4ndigt med TRUUSK helkroppsspegeln, en imponerande h\u00f6jdpunkt i varje rum. Denna h\u00f6ga hall spegel (160 x 40...\" \/>\n<meta property=\"og:url\" content=\"https:\/\/truusk.store\/sv\/produkt\/truusk-helskarmspegel-160-x-40-cm-avsmalnande-staende-spegel-metallram-bruchsakert-glas-vaggspegel-for-vardagsrum\/\" \/>\n<meta property=\"og:site_name\" content=\"TRUUSK - Hem, Tr\u00e4dg\u00e5rd &amp; Fritid\" \/>\n<meta property=\"article:modified_time\" content=\"2026-03-12T07:44:53+00:00\" \/>\n<meta property=\"og:image\" content=\"https:\/\/i0.wp.com\/truusk.se\/wp-content\/uploads\/2025\/06\/helskarmspegel-160-x-40-cm-avsmalnande-staende-spegel-med-metallram-och-bruchsakert-glas-vaggspegel-for-staende-lutande-spegel-for-vardagsrum-sovrum-hall-guld-1.webp?fit=2000%2C2000&ssl=1\" \/>\n\t<meta property=\"og:image:width\" content=\"2000\" \/>\n\t<meta property=\"og:image:height\" content=\"2000\" \/>\n\t<meta property=\"og:image:type\" content=\"image\/webp\" \/>\n<meta name=\"twitter:card\" content=\"summary_large_image\" \/>\n<meta name=\"twitter:label1\" content=\"Ber\u00e4knad l\u00e4stid\" \/>\n\t<meta name=\"twitter:data1\" content=\"1 minut\" \/>\n<!-- \/ Yoast SEO plugin. -->","yoast_head_json":{"title":"TRUUSK Helsk\u00e4rmspegel 160 x 40 cm - Avsmalnande st\u00e5ende spegel - Metallram - Bruchs\u00e4kert glas - V\u00e4ggspegel f\u00f6r vardagsrum, - TRUUSK - Hem, Tr\u00e4dg\u00e5rd &amp; Fritid","robots":{"index":"index","follow":"follow","max-snippet":"max-snippet:-1","max-image-preview":"max-image-preview:large","max-video-preview":"max-video-preview:-1"},"canonical":"https:\/\/truusk.store\/sv\/produkt\/truusk-helskarmspegel-160-x-40-cm-avsmalnande-staende-spegel-metallram-bruchsakert-glas-vaggspegel-for-vardagsrum\/","og_locale":"sv_SE","og_type":"article","og_title":"TRUUSK Helsk\u00e4rmspegel 160 x 40 cm - Avsmalnande st\u00e5ende spegel - Metallram - Bruchs\u00e4kert glas - V\u00e4ggspegel f\u00f6r vardagsrum, - TRUUSK - Hem, Tr\u00e4dg\u00e5rd &amp; Fritid","og_description":"Betrakta dig sj\u00e4lv fullst\u00e4ndigt med TRUUSK helkroppsspegeln, en imponerande h\u00f6jdpunkt i varje rum. Denna h\u00f6ga hall spegel (160 x 40...","og_url":"https:\/\/truusk.store\/sv\/produkt\/truusk-helskarmspegel-160-x-40-cm-avsmalnande-staende-spegel-metallram-bruchsakert-glas-vaggspegel-for-vardagsrum\/","og_site_name":"TRUUSK - Hem, Tr\u00e4dg\u00e5rd &amp; Fritid","article_modified_time":"2026-03-12T07:44:53+00:00","og_image":[{"width":2000,"height":2000,"url":"https:\/\/i0.wp.com\/truusk.se\/wp-content\/uploads\/2025\/06\/helskarmspegel-160-x-40-cm-avsmalnande-staende-spegel-med-metallram-och-bruchsakert-glas-vaggspegel-for-staende-lutande-spegel-for-vardagsrum-sovrum-hall-guld-1.webp?fit=2000%2C2000&ssl=1","type":"image\/webp"}],"twitter_card":"summary_large_image","twitter_misc":{"Ber\u00e4knad l\u00e4stid":"1 minut"},"schema":{"@context":"https:\/\/schema.org","@graph":[{"@type":"WebPage","@id":"https:\/\/truusk.store\/sv\/produkt\/truusk-helskarmspegel-160-x-40-cm-avsmalnande-staende-spegel-metallram-bruchsakert-glas-vaggspegel-for-vardagsrum\/","url":"https:\/\/truusk.store\/sv\/produkt\/truusk-helskarmspegel-160-x-40-cm-avsmalnande-staende-spegel-metallram-bruchsakert-glas-vaggspegel-for-vardagsrum\/","name":"TRUUSK Helsk\u00e4rmspegel 160 x 40 cm - Avsmalnande st\u00e5ende spegel - Metallram - Bruchs\u00e4kert glas - V\u00e4ggspegel f\u00f6r vardagsrum, - TRUUSK - Hem, Tr\u00e4dg\u00e5rd &amp; Fritid","isPartOf":{"@id":"https:\/\/truusk.store\/sv\/#website"},"primaryImageOfPage":{"@id":"https:\/\/truusk.store\/sv\/produkt\/truusk-helskarmspegel-160-x-40-cm-avsmalnande-staende-spegel-metallram-bruchsakert-glas-vaggspegel-for-vardagsrum\/#primaryimage"},"image":{"@id":"https:\/\/truusk.store\/sv\/produkt\/truusk-helskarmspegel-160-x-40-cm-avsmalnande-staende-spegel-metallram-bruchsakert-glas-vaggspegel-for-vardagsrum\/#primaryimage"},"thumbnailUrl":"https:\/\/i0.wp.com\/truusk.store\/wp-content\/uploads\/2025\/06\/helskarmspegel-160-x-40-cm-avsmalnande-staende-spegel-med-metallram-och-bruchsakert-glas-vaggspegel-for-staende-lutande-spegel-for-vardagsrum-sovrum-hall-guld-1.webp?fit=2000%2C2000&ssl=1","datePublished":"2025-06-10T05:23:41+00:00","dateModified":"2026-03-12T07:44:53+00:00","breadcrumb":{"@id":"https:\/\/truusk.store\/sv\/produkt\/truusk-helskarmspegel-160-x-40-cm-avsmalnande-staende-spegel-metallram-bruchsakert-glas-vaggspegel-for-vardagsrum\/#breadcrumb"},"inLanguage":"sv-SE","potentialAction":[{"@type":"ReadAction","target":["https:\/\/truusk.store\/sv\/produkt\/truusk-helskarmspegel-160-x-40-cm-avsmalnande-staende-spegel-metallram-bruchsakert-glas-vaggspegel-for-vardagsrum\/"]}]},{"@type":"ImageObject","inLanguage":"sv-SE","@id":"https:\/\/truusk.store\/sv\/produkt\/truusk-helskarmspegel-160-x-40-cm-avsmalnande-staende-spegel-metallram-bruchsakert-glas-vaggspegel-for-vardagsrum\/#primaryimage","url":"https:\/\/i0.wp.com\/truusk.store\/wp-content\/uploads\/2025\/06\/helskarmspegel-160-x-40-cm-avsmalnande-staende-spegel-med-metallram-och-bruchsakert-glas-vaggspegel-for-staende-lutande-spegel-for-vardagsrum-sovrum-hall-guld-1.webp?fit=2000%2C2000&ssl=1","contentUrl":"https:\/\/i0.wp.com\/truusk.store\/wp-content\/uploads\/2025\/06\/helskarmspegel-160-x-40-cm-avsmalnande-staende-spegel-med-metallram-och-bruchsakert-glas-vaggspegel-for-staende-lutande-spegel-for-vardagsrum-sovrum-hall-guld-1.webp?fit=2000%2C2000&ssl=1","width":2000,"height":2000},{"@type":"BreadcrumbList","@id":"https:\/\/truusk.store\/sv\/produkt\/truusk-helskarmspegel-160-x-40-cm-avsmalnande-staende-spegel-metallram-bruchsakert-glas-vaggspegel-for-vardagsrum\/#breadcrumb","itemListElement":[{"@type":"ListItem","position":1,"name":"Home","item":"https:\/\/truusk.store\/sv\/"},{"@type":"ListItem","position":2,"name":"Shop","item":"https:\/\/truusk.store\/shop\/"},{"@type":"ListItem","position":3,"name":"TRUUSK Helsk\u00e4rmspegel 160 x 40 cm &#8211; Avsmalnande st\u00e5ende spegel &#8211; Metallram &#8211; Bruchs\u00e4kert glas &#8211; V\u00e4ggspegel f\u00f6r vardagsrum,"}]},{"@type":"WebSite","@id":"https:\/\/truusk.store\/sv\/#website","url":"https:\/\/truusk.store\/sv\/","name":"TRUUSK - Hem, Tr\u00e4dg\u00e5rd & Fritid","description":"","publisher":{"@id":"https:\/\/truusk.store\/sv\/#organization"},"potentialAction":[{"@type":"SearchAction","target":{"@type":"EntryPoint","urlTemplate":"https:\/\/truusk.store\/sv\/?s={search_term_string}"},"query-input":{"@type":"PropertyValueSpecification","valueRequired":true,"valueName":"search_term_string"}}],"inLanguage":"sv-SE"},{"@type":"Organization","@id":"https:\/\/truusk.store\/sv\/#organization","name":"TRUUSK - Hem, Tr\u00e4dg\u00e5rd & Fritid","url":"https:\/\/truusk.store\/sv\/","logo":{"@type":"ImageObject","inLanguage":"sv-SE","@id":"https:\/\/truusk.store\/sv\/#\/schema\/logo\/image\/","url":"https:\/\/i0.wp.com\/truusk.store\/wp-content\/uploads\/2026\/03\/cropped-TRUUSK.png?fit=2032%2C917&ssl=1","contentUrl":"https:\/\/i0.wp.com\/truusk.store\/wp-content\/uploads\/2026\/03\/cropped-TRUUSK.png?fit=2032%2C917&ssl=1","width":2032,"height":917,"caption":"TRUUSK - Hem, Tr\u00e4dg\u00e5rd & Fritid"},"image":{"@id":"https:\/\/truusk.store\/sv\/#\/schema\/logo\/image\/"}}]}},"jetpack_sharing_enabled":true,"_links":{"self":[{"href":"https:\/\/truusk.store\/sv\/wp-json\/wp\/v2\/product\/79287","targetHints":{"allow":["GET"]}}],"collection":[{"href":"https:\/\/truusk.store\/sv\/wp-json\/wp\/v2\/product"}],"about":[{"href":"https:\/\/truusk.store\/sv\/wp-json\/wp\/v2\/types\/product"}],"wp:featuredmedia":[{"embeddable":true,"href":"https:\/\/truusk.store\/sv\/wp-json\/wp\/v2\/media\/79278"}],"wp:attachment":[{"href":"https:\/\/truusk.store\/sv\/wp-json\/wp\/v2\/media?parent=79287"}],"wp:term":[{"taxonomy":"product_brand","embeddable":true,"href":"https:\/\/truusk.store\/sv\/wp-json\/wp\/v2\/product_brand?post=79287"},{"taxonomy":"product_cat","embeddable":true,"href":"https:\/\/truusk.store\/sv\/wp-json\/wp\/v2\/product_cat?post=79287"},{"taxonomy":"product_tag","embeddable":true,"href":"https:\/\/truusk.store\/sv\/wp-json\/wp\/v2\/product_tag?post=79287"}],"curies":[{"name":"wp","href":"https:\/\/api.w.org\/{rel}","templated":true}]}}