{"id":79307,"date":"2025-06-10T06:25:46","date_gmt":"2025-06-10T05:25:46","guid":{"rendered":"https:\/\/truusk.store\/product\/aiyaplay-12v-barn-bumper-car-med-24-g-fjarrkontroll-elektrisk-bumper-med-musik-och-ljus-2-km-h-barns-elektriska-bil-med-360-rotation-for-15-5-ar-gron\/"},"modified":"2026-03-12T08:45:11","modified_gmt":"2026-03-12T07:45:11","slug":"truusk-elektrisk-bumper-car-for-barn-12v-24-g-fjarrkontroll-musik-och-ljus-2-km-h-360-rotation-for-15-5-ar-gron","status":"publish","type":"product","link":"https:\/\/truusk.store\/sv\/produkt\/truusk-elektrisk-bumper-car-for-barn-12v-24-g-fjarrkontroll-musik-och-ljus-2-km-h-360-rotation-for-15-5-ar-gron\/","title":{"rendered":"TRUUSK Elektrisk Bumper Car f\u00f6r Barn &#8211; 12V &#8211; 2,4 G Fj\u00e4rrkontroll &#8211; Musik och Ljus &#8211; 2 Km\/h &#8211; 360\u00b0 Rotation &#8211; F\u00f6r 1,5-5 \u00e5r &#8211; Gr\u00f6n"},"content":{"rendered":"<p>Bygg din egen n\u00f6jespark med den sp\u00e4nnande AIYAPLAY elektriska bilen f\u00f6r barn. Denna fj\u00e4rrstyrda barnbumpbil imiterar de klassiska temaparkturerna, roterar 360\u00b0 och r\u00f6r sig fram\u00e5t och bak\u00e5t med 2 km\/h. LED-ljus, musik och horn bidrar till en livlig st\u00e4mning. S\u00e4kerhetsb\u00e4lten och vadderade kanter p\u00e5 elbilen s\u00e4kerst\u00e4ller barnens s\u00e4kerhet, medan vuxna kan delta aktivt med fj\u00e4rrkontrollen.<\/p>\n<p>Beskrivning:<\/p>\n<ul>\n<li> 360\u00b0 rotation av elbilen m\u00f6jligg\u00f6r fram\u00e5t- och bak\u00e5tr\u00f6relser<\/li>\n<li> Kontroll via fj\u00e4rrkontroll eller manuell k\u00f6rning av fordonet m\u00f6jlig<\/li>\n<li> 2 km\/h hastighet, st\u00f6tf\u00e5ngarkanter och s\u00e4kerhetsb\u00e4lte<\/li>\n<li> LED-ljus, musik och horn p\u00e5 elbilen f\u00f6r en underh\u00e5llande resa<\/li>\n<li> L\u00e4mplig f\u00f6r asfalt-, tegel- eller cementytor<\/li>\n<li> Prestandaindikatorn p\u00e5 barnbilen visar \u00e5terst\u00e5ende batteritid<\/li>\n<li> Montering kr\u00e4vs<\/li>\n<\/ul>\n<p> Tekniska data:<\/p>\n<ul>\n<li> F\u00e4rg: Gr\u00f6n<\/li>\n<li> Material: Plast, metall<\/li>\n<li> Totala dimensioner: 66,5L x 64,5B x 39H cm<\/li>\n<li> Sitsstorlek: 40B x 17T cm<\/li>\n<li> Sitth\u00f6jd: Till golvet: 12 cm<\/li>\n<li> Hjuldiameter: \u00d84 cm<\/li>\n<li> R\u00e4ckvidd f\u00f6r fj\u00e4rrkontroll: 30 m<\/li>\n<li> Batteri: 12V 4,5AH<\/li>\n<li> Laddningstid: 8-12 timmar<\/li>\n<li> Drifttid: 45 Min<\/li>\n<li> Hastighet: 2 km\/h<\/li>\n<li> Belastningskapacitet: 25 kg<\/li>\n<li> Rekommenderad \u00e5lder: 1,5-5 \u00e5r<\/li>\n<li> Obs: 1, \u00d6vervaka alltid ditt barn n\u00e4r det k\u00f6r.2, Tv\u00e5 AAA-batterier kr\u00e4vs f\u00f6r fj\u00e4rrkontrollen (ing\u00e5r ej)<\/li>\n<\/ul>\n<p>Leveransinneh\u00e5ll:<\/p>\n<ul>\n<li> 1 x Barnbumpbil<\/li>\n<li> 1 x Bruksanvisning<\/li>\n<\/ul>\n","protected":false},"excerpt":{"rendered":"<p>Bygg din egen n\u00f6jespark med den sp\u00e4nnande AIYAPLAY elektriska bilen f\u00f6r barn. Denna fj\u00e4rrstyrda barnbumpbil imiterar de klassiska temaparkturerna, roterar&#8230;<\/p>\n","protected":false},"featured_media":79298,"template":"","meta":[],"product_brand":[],"product_cat":[880,610,925],"product_tag":[],"class_list":{"0":"post-79307","1":"product","2":"type-product","3":"status-publish","4":"has-post-thumbnail","6":"product_cat-baby-barn-2","7":"product_cat-barnfordon","8":"product_cat-barns-elektriska-fordon","10":"first","11":"instock","12":"sale","13":"taxable","14":"shipping-taxable","15":"purchasable","16":"product-type-simple"},"yoast_head":"<!-- This site is optimized with the Yoast SEO plugin v25.4 - https:\/\/yoast.com\/wordpress\/plugins\/seo\/ -->\n<title>TRUUSK Elektrisk Bumper Car f\u00f6r Barn - 12V - 2,4 G Fj\u00e4rrkontroll - Musik och Ljus - 2 Km\/h - 360\u00b0 Rotation - F\u00f6r 1,5-5 \u00e5r - Gr\u00f6n - TRUUSK - Hem, Tr\u00e4dg\u00e5rd &amp; Fritid<\/title>\n<meta name=\"robots\" content=\"index, follow, max-snippet:-1, max-image-preview:large, max-video-preview:-1\" \/>\n<link rel=\"canonical\" href=\"https:\/\/truusk.store\/sv\/produkt\/truusk-elektrisk-bumper-car-for-barn-12v-24-g-fjarrkontroll-musik-och-ljus-2-km-h-360-rotation-for-15-5-ar-gron\/\" \/>\n<meta property=\"og:locale\" content=\"sv_SE\" \/>\n<meta property=\"og:type\" content=\"article\" \/>\n<meta property=\"og:title\" content=\"TRUUSK Elektrisk Bumper Car f\u00f6r Barn - 12V - 2,4 G Fj\u00e4rrkontroll - Musik och Ljus - 2 Km\/h - 360\u00b0 Rotation - F\u00f6r 1,5-5 \u00e5r - Gr\u00f6n - TRUUSK - Hem, Tr\u00e4dg\u00e5rd &amp; Fritid\" \/>\n<meta property=\"og:description\" content=\"Bygg din egen n\u00f6jespark med den sp\u00e4nnande AIYAPLAY elektriska bilen f\u00f6r barn. Denna fj\u00e4rrstyrda barnbumpbil imiterar de klassiska temaparkturerna, roterar...\" \/>\n<meta property=\"og:url\" content=\"https:\/\/truusk.store\/sv\/produkt\/truusk-elektrisk-bumper-car-for-barn-12v-24-g-fjarrkontroll-musik-och-ljus-2-km-h-360-rotation-for-15-5-ar-gron\/\" \/>\n<meta property=\"og:site_name\" content=\"TRUUSK - Hem, Tr\u00e4dg\u00e5rd &amp; Fritid\" \/>\n<meta property=\"article:modified_time\" content=\"2026-03-12T07:45:11+00:00\" \/>\n<meta property=\"og:image\" content=\"https:\/\/i0.wp.com\/truusk.se\/wp-content\/uploads\/2025\/06\/aiyaplay-12v-barn-bumper-car-med-24-g-fjarrkontroll-elektrisk-bumper-med-musik-och-ljus-2-km-h-barns-elektriska-bil-med-360-rotation-for-15-5-ar-gron-1.webp?fit=2000%2C2000&ssl=1\" \/>\n\t<meta property=\"og:image:width\" content=\"2000\" \/>\n\t<meta property=\"og:image:height\" content=\"2000\" \/>\n\t<meta property=\"og:image:type\" content=\"image\/webp\" \/>\n<meta name=\"twitter:card\" content=\"summary_large_image\" \/>\n<meta name=\"twitter:label1\" content=\"Ber\u00e4knad l\u00e4stid\" \/>\n\t<meta name=\"twitter:data1\" content=\"1 minut\" \/>\n<!-- \/ Yoast SEO plugin. -->","yoast_head_json":{"title":"TRUUSK Elektrisk Bumper Car f\u00f6r Barn - 12V - 2,4 G Fj\u00e4rrkontroll - Musik och Ljus - 2 Km\/h - 360\u00b0 Rotation - F\u00f6r 1,5-5 \u00e5r - Gr\u00f6n - TRUUSK - Hem, Tr\u00e4dg\u00e5rd &amp; Fritid","robots":{"index":"index","follow":"follow","max-snippet":"max-snippet:-1","max-image-preview":"max-image-preview:large","max-video-preview":"max-video-preview:-1"},"canonical":"https:\/\/truusk.store\/sv\/produkt\/truusk-elektrisk-bumper-car-for-barn-12v-24-g-fjarrkontroll-musik-och-ljus-2-km-h-360-rotation-for-15-5-ar-gron\/","og_locale":"sv_SE","og_type":"article","og_title":"TRUUSK Elektrisk Bumper Car f\u00f6r Barn - 12V - 2,4 G Fj\u00e4rrkontroll - Musik och Ljus - 2 Km\/h - 360\u00b0 Rotation - F\u00f6r 1,5-5 \u00e5r - Gr\u00f6n - TRUUSK - Hem, Tr\u00e4dg\u00e5rd &amp; Fritid","og_description":"Bygg din egen n\u00f6jespark med den sp\u00e4nnande AIYAPLAY elektriska bilen f\u00f6r barn. Denna fj\u00e4rrstyrda barnbumpbil imiterar de klassiska temaparkturerna, roterar...","og_url":"https:\/\/truusk.store\/sv\/produkt\/truusk-elektrisk-bumper-car-for-barn-12v-24-g-fjarrkontroll-musik-och-ljus-2-km-h-360-rotation-for-15-5-ar-gron\/","og_site_name":"TRUUSK - Hem, Tr\u00e4dg\u00e5rd &amp; Fritid","article_modified_time":"2026-03-12T07:45:11+00:00","og_image":[{"width":2000,"height":2000,"url":"https:\/\/i0.wp.com\/truusk.se\/wp-content\/uploads\/2025\/06\/aiyaplay-12v-barn-bumper-car-med-24-g-fjarrkontroll-elektrisk-bumper-med-musik-och-ljus-2-km-h-barns-elektriska-bil-med-360-rotation-for-15-5-ar-gron-1.webp?fit=2000%2C2000&ssl=1","type":"image\/webp"}],"twitter_card":"summary_large_image","twitter_misc":{"Ber\u00e4knad l\u00e4stid":"1 minut"},"schema":{"@context":"https:\/\/schema.org","@graph":[{"@type":"WebPage","@id":"https:\/\/truusk.store\/sv\/produkt\/truusk-elektrisk-bumper-car-for-barn-12v-24-g-fjarrkontroll-musik-och-ljus-2-km-h-360-rotation-for-15-5-ar-gron\/","url":"https:\/\/truusk.store\/sv\/produkt\/truusk-elektrisk-bumper-car-for-barn-12v-24-g-fjarrkontroll-musik-och-ljus-2-km-h-360-rotation-for-15-5-ar-gron\/","name":"TRUUSK Elektrisk Bumper Car f\u00f6r Barn - 12V - 2,4 G Fj\u00e4rrkontroll - Musik och Ljus - 2 Km\/h - 360\u00b0 Rotation - F\u00f6r 1,5-5 \u00e5r - Gr\u00f6n - TRUUSK - Hem, Tr\u00e4dg\u00e5rd &amp; Fritid","isPartOf":{"@id":"https:\/\/truusk.store\/sv\/#website"},"primaryImageOfPage":{"@id":"https:\/\/truusk.store\/sv\/produkt\/truusk-elektrisk-bumper-car-for-barn-12v-24-g-fjarrkontroll-musik-och-ljus-2-km-h-360-rotation-for-15-5-ar-gron\/#primaryimage"},"image":{"@id":"https:\/\/truusk.store\/sv\/produkt\/truusk-elektrisk-bumper-car-for-barn-12v-24-g-fjarrkontroll-musik-och-ljus-2-km-h-360-rotation-for-15-5-ar-gron\/#primaryimage"},"thumbnailUrl":"https:\/\/i0.wp.com\/truusk.store\/wp-content\/uploads\/2025\/06\/aiyaplay-12v-barn-bumper-car-med-24-g-fjarrkontroll-elektrisk-bumper-med-musik-och-ljus-2-km-h-barns-elektriska-bil-med-360-rotation-for-15-5-ar-gron-1.webp?fit=2000%2C2000&ssl=1","datePublished":"2025-06-10T05:25:46+00:00","dateModified":"2026-03-12T07:45:11+00:00","breadcrumb":{"@id":"https:\/\/truusk.store\/sv\/produkt\/truusk-elektrisk-bumper-car-for-barn-12v-24-g-fjarrkontroll-musik-och-ljus-2-km-h-360-rotation-for-15-5-ar-gron\/#breadcrumb"},"inLanguage":"sv-SE","potentialAction":[{"@type":"ReadAction","target":["https:\/\/truusk.store\/sv\/produkt\/truusk-elektrisk-bumper-car-for-barn-12v-24-g-fjarrkontroll-musik-och-ljus-2-km-h-360-rotation-for-15-5-ar-gron\/"]}]},{"@type":"ImageObject","inLanguage":"sv-SE","@id":"https:\/\/truusk.store\/sv\/produkt\/truusk-elektrisk-bumper-car-for-barn-12v-24-g-fjarrkontroll-musik-och-ljus-2-km-h-360-rotation-for-15-5-ar-gron\/#primaryimage","url":"https:\/\/i0.wp.com\/truusk.store\/wp-content\/uploads\/2025\/06\/aiyaplay-12v-barn-bumper-car-med-24-g-fjarrkontroll-elektrisk-bumper-med-musik-och-ljus-2-km-h-barns-elektriska-bil-med-360-rotation-for-15-5-ar-gron-1.webp?fit=2000%2C2000&ssl=1","contentUrl":"https:\/\/i0.wp.com\/truusk.store\/wp-content\/uploads\/2025\/06\/aiyaplay-12v-barn-bumper-car-med-24-g-fjarrkontroll-elektrisk-bumper-med-musik-och-ljus-2-km-h-barns-elektriska-bil-med-360-rotation-for-15-5-ar-gron-1.webp?fit=2000%2C2000&ssl=1","width":2000,"height":2000},{"@type":"BreadcrumbList","@id":"https:\/\/truusk.store\/sv\/produkt\/truusk-elektrisk-bumper-car-for-barn-12v-24-g-fjarrkontroll-musik-och-ljus-2-km-h-360-rotation-for-15-5-ar-gron\/#breadcrumb","itemListElement":[{"@type":"ListItem","position":1,"name":"Home","item":"https:\/\/truusk.store\/sv\/"},{"@type":"ListItem","position":2,"name":"Shop","item":"https:\/\/truusk.store\/shop\/"},{"@type":"ListItem","position":3,"name":"TRUUSK Elektrisk Bumper Car f\u00f6r Barn &#8211; 12V &#8211; 2,4 G Fj\u00e4rrkontroll &#8211; Musik och Ljus &#8211; 2 Km\/h &#8211; 360\u00b0 Rotation &#8211; F\u00f6r 1,5-5 \u00e5r &#8211; Gr\u00f6n"}]},{"@type":"WebSite","@id":"https:\/\/truusk.store\/sv\/#website","url":"https:\/\/truusk.store\/sv\/","name":"TRUUSK - Hem, Tr\u00e4dg\u00e5rd & Fritid","description":"","publisher":{"@id":"https:\/\/truusk.store\/sv\/#organization"},"potentialAction":[{"@type":"SearchAction","target":{"@type":"EntryPoint","urlTemplate":"https:\/\/truusk.store\/sv\/?s={search_term_string}"},"query-input":{"@type":"PropertyValueSpecification","valueRequired":true,"valueName":"search_term_string"}}],"inLanguage":"sv-SE"},{"@type":"Organization","@id":"https:\/\/truusk.store\/sv\/#organization","name":"TRUUSK - Hem, Tr\u00e4dg\u00e5rd & Fritid","url":"https:\/\/truusk.store\/sv\/","logo":{"@type":"ImageObject","inLanguage":"sv-SE","@id":"https:\/\/truusk.store\/sv\/#\/schema\/logo\/image\/","url":"https:\/\/i0.wp.com\/truusk.store\/wp-content\/uploads\/2026\/03\/cropped-TRUUSK.png?fit=2032%2C917&ssl=1","contentUrl":"https:\/\/i0.wp.com\/truusk.store\/wp-content\/uploads\/2026\/03\/cropped-TRUUSK.png?fit=2032%2C917&ssl=1","width":2032,"height":917,"caption":"TRUUSK - Hem, Tr\u00e4dg\u00e5rd & Fritid"},"image":{"@id":"https:\/\/truusk.store\/sv\/#\/schema\/logo\/image\/"}}]}},"jetpack_sharing_enabled":true,"_links":{"self":[{"href":"https:\/\/truusk.store\/sv\/wp-json\/wp\/v2\/product\/79307","targetHints":{"allow":["GET"]}}],"collection":[{"href":"https:\/\/truusk.store\/sv\/wp-json\/wp\/v2\/product"}],"about":[{"href":"https:\/\/truusk.store\/sv\/wp-json\/wp\/v2\/types\/product"}],"wp:featuredmedia":[{"embeddable":true,"href":"https:\/\/truusk.store\/sv\/wp-json\/wp\/v2\/media\/79298"}],"wp:attachment":[{"href":"https:\/\/truusk.store\/sv\/wp-json\/wp\/v2\/media?parent=79307"}],"wp:term":[{"taxonomy":"product_brand","embeddable":true,"href":"https:\/\/truusk.store\/sv\/wp-json\/wp\/v2\/product_brand?post=79307"},{"taxonomy":"product_cat","embeddable":true,"href":"https:\/\/truusk.store\/sv\/wp-json\/wp\/v2\/product_cat?post=79307"},{"taxonomy":"product_tag","embeddable":true,"href":"https:\/\/truusk.store\/sv\/wp-json\/wp\/v2\/product_tag?post=79307"}],"curies":[{"name":"wp","href":"https:\/\/api.w.org\/{rel}","templated":true}]}}