{"id":79317,"date":"2025-06-10T06:26:42","date_gmt":"2025-06-10T05:26:42","guid":{"rendered":"https:\/\/truusk.store\/product\/helskroppsspegel-160-x-50-cm-bojd-staende-spegel-med-metallram-och-bruchsakert-glas-vaggspegel-for-staende-lutande-spegel-for-vardagsrum-sovrum-hall-guld\/"},"modified":"2026-03-12T08:44:39","modified_gmt":"2026-03-12T07:44:39","slug":"truusk-helskroppsspegel-160-x-50-cm-bojd-staende-spegel-metallram-bruchsakert-glas-vaggspegel-guld-for-vardagsrum","status":"publish","type":"product","link":"https:\/\/truusk.store\/sv\/produkt\/truusk-helskroppsspegel-160-x-50-cm-bojd-staende-spegel-metallram-bruchsakert-glas-vaggspegel-guld-for-vardagsrum\/","title":{"rendered":"TRUUSK Helskroppsspegel 160 X 50 cm &#8211; B\u00f6jd St\u00e5ende Spegel &#8211; Metallram &#8211; Bruchs\u00e4kert Glas &#8211; V\u00e4ggspegel &#8211; Guld &#8211; F\u00f6r Vardagsrum,"},"content":{"rendered":"<p>Se dig sj\u00e4lv helt med TRUUSK helkroppsspegeln, en imponerande h\u00f6jdpunkt i varje rum. Denna h\u00f6ga hall spegel (160 x 50 cm) ger en komplett vy av din kropp och har en lutningsfunktion f\u00f6r den perfekta vyn. Den guldiga b\u00e5gramen ger inte bara en elegant touch, utan ocks\u00e5 en s\u00e4ker st\u00e5ende, oavsett om den \u00e4r frist\u00e5ende eller lutad mot v\u00e4ggen i ditt sovrum.<\/p>\n<p>Beskrivning:<\/p>\n<ul>\n<li> Den 160 x 50 cm stora helkroppsspegeln g\u00f6r det m\u00f6jligt att se hela outfiten<\/li>\n<li> Kan lutas mot v\u00e4ggen eller anv\u00e4ndas frist\u00e5ende<\/li>\n<li> Metallram, f\u00e4ste och MDF-baksida garanterar h\u00e5llbarhet och stabilitet<\/li>\n<li> H\u00f6guppl\u00f6st glas p\u00e5 v\u00e4ggsspegeln med splitterfri film ger klara spegelbilder<\/li>\n<li> Guldig, b\u00e5gformad ram ger en elegant touch<\/li>\n<li> Ingen montering kr\u00e4vs<\/li>\n<\/ul>\n<p> Tekniska data:<\/p>\n<ul>\n<li> F\u00e4rg: Guld<\/li>\n<li> Material: Metall, Glas, MDF<\/li>\n<li> Totala dimensioner: 50B x 6T x 160H cm (kl\u00e4mma vikt)<\/li>\n<li> Totala dimensioner: 50B x 49T x 157H cm (kl\u00e4mma utvikad)<\/li>\n<li> Spegelstorlek: 49,5B x 159,5H cm<\/li>\n<\/ul>\n<p>Leveransinneh\u00e5ll:<\/p>\n<ul>\n<li> 1 x Helkroppsspegel<\/li>\n<li> 1 x Bruksanvisning<\/li>\n<\/ul>\n","protected":false},"excerpt":{"rendered":"<p>Se dig sj\u00e4lv helt med TRUUSK helkroppsspegeln, en imponerande h\u00f6jdpunkt i varje rum. Denna h\u00f6ga hall spegel (160 x 50&#8230;<\/p>\n","protected":false},"featured_media":79308,"template":"","meta":[],"product_brand":[],"product_cat":[893,871,966],"product_tag":[],"class_list":{"0":"post-79317","1":"product","2":"type-product","3":"status-publish","4":"has-post-thumbnail","6":"product_cat-garderob-hall","7":"product_cat-hus-hem","8":"product_cat-staende-speglar","10":"first","11":"instock","12":"sale","13":"taxable","14":"shipping-taxable","15":"purchasable","16":"product-type-simple"},"yoast_head":"<!-- This site is optimized with the Yoast SEO plugin v25.4 - https:\/\/yoast.com\/wordpress\/plugins\/seo\/ -->\n<title>TRUUSK Helskroppsspegel 160 X 50 cm - B\u00f6jd St\u00e5ende Spegel - Metallram - Bruchs\u00e4kert Glas - V\u00e4ggspegel - Guld - F\u00f6r Vardagsrum, - TRUUSK - Hem, Tr\u00e4dg\u00e5rd &amp; Fritid<\/title>\n<meta name=\"robots\" content=\"index, follow, max-snippet:-1, max-image-preview:large, max-video-preview:-1\" \/>\n<link rel=\"canonical\" href=\"https:\/\/truusk.store\/sv\/produkt\/truusk-helskroppsspegel-160-x-50-cm-bojd-staende-spegel-metallram-bruchsakert-glas-vaggspegel-guld-for-vardagsrum\/\" \/>\n<meta property=\"og:locale\" content=\"sv_SE\" \/>\n<meta property=\"og:type\" content=\"article\" \/>\n<meta property=\"og:title\" content=\"TRUUSK Helskroppsspegel 160 X 50 cm - B\u00f6jd St\u00e5ende Spegel - Metallram - Bruchs\u00e4kert Glas - V\u00e4ggspegel - Guld - F\u00f6r Vardagsrum, - TRUUSK - Hem, Tr\u00e4dg\u00e5rd &amp; Fritid\" \/>\n<meta property=\"og:description\" content=\"Se dig sj\u00e4lv helt med TRUUSK helkroppsspegeln, en imponerande h\u00f6jdpunkt i varje rum. Denna h\u00f6ga hall spegel (160 x 50...\" \/>\n<meta property=\"og:url\" content=\"https:\/\/truusk.store\/sv\/produkt\/truusk-helskroppsspegel-160-x-50-cm-bojd-staende-spegel-metallram-bruchsakert-glas-vaggspegel-guld-for-vardagsrum\/\" \/>\n<meta property=\"og:site_name\" content=\"TRUUSK - Hem, Tr\u00e4dg\u00e5rd &amp; Fritid\" \/>\n<meta property=\"article:modified_time\" content=\"2026-03-12T07:44:39+00:00\" \/>\n<meta property=\"og:image\" content=\"https:\/\/i0.wp.com\/truusk.se\/wp-content\/uploads\/2025\/06\/helskroppsspegel-160-x-50-cm-bojd-staende-spegel-med-metallram-och-bruchsakert-glas-vaggspegel-for-staende-lutande-spegel-for-vardagsrum-sovrum-hall-guld-1.webp?fit=2000%2C2000&ssl=1\" \/>\n\t<meta property=\"og:image:width\" content=\"2000\" \/>\n\t<meta property=\"og:image:height\" content=\"2000\" \/>\n\t<meta property=\"og:image:type\" content=\"image\/webp\" \/>\n<meta name=\"twitter:card\" content=\"summary_large_image\" \/>\n<meta name=\"twitter:label1\" content=\"Ber\u00e4knad l\u00e4stid\" \/>\n\t<meta name=\"twitter:data1\" content=\"1 minut\" \/>\n<!-- \/ Yoast SEO plugin. -->","yoast_head_json":{"title":"TRUUSK Helskroppsspegel 160 X 50 cm - B\u00f6jd St\u00e5ende Spegel - Metallram - Bruchs\u00e4kert Glas - V\u00e4ggspegel - Guld - F\u00f6r Vardagsrum, - TRUUSK - Hem, Tr\u00e4dg\u00e5rd &amp; Fritid","robots":{"index":"index","follow":"follow","max-snippet":"max-snippet:-1","max-image-preview":"max-image-preview:large","max-video-preview":"max-video-preview:-1"},"canonical":"https:\/\/truusk.store\/sv\/produkt\/truusk-helskroppsspegel-160-x-50-cm-bojd-staende-spegel-metallram-bruchsakert-glas-vaggspegel-guld-for-vardagsrum\/","og_locale":"sv_SE","og_type":"article","og_title":"TRUUSK Helskroppsspegel 160 X 50 cm - B\u00f6jd St\u00e5ende Spegel - Metallram - Bruchs\u00e4kert Glas - V\u00e4ggspegel - Guld - F\u00f6r Vardagsrum, - TRUUSK - Hem, Tr\u00e4dg\u00e5rd &amp; Fritid","og_description":"Se dig sj\u00e4lv helt med TRUUSK helkroppsspegeln, en imponerande h\u00f6jdpunkt i varje rum. Denna h\u00f6ga hall spegel (160 x 50...","og_url":"https:\/\/truusk.store\/sv\/produkt\/truusk-helskroppsspegel-160-x-50-cm-bojd-staende-spegel-metallram-bruchsakert-glas-vaggspegel-guld-for-vardagsrum\/","og_site_name":"TRUUSK - Hem, Tr\u00e4dg\u00e5rd &amp; Fritid","article_modified_time":"2026-03-12T07:44:39+00:00","og_image":[{"width":2000,"height":2000,"url":"https:\/\/i0.wp.com\/truusk.se\/wp-content\/uploads\/2025\/06\/helskroppsspegel-160-x-50-cm-bojd-staende-spegel-med-metallram-och-bruchsakert-glas-vaggspegel-for-staende-lutande-spegel-for-vardagsrum-sovrum-hall-guld-1.webp?fit=2000%2C2000&ssl=1","type":"image\/webp"}],"twitter_card":"summary_large_image","twitter_misc":{"Ber\u00e4knad l\u00e4stid":"1 minut"},"schema":{"@context":"https:\/\/schema.org","@graph":[{"@type":"WebPage","@id":"https:\/\/truusk.store\/sv\/produkt\/truusk-helskroppsspegel-160-x-50-cm-bojd-staende-spegel-metallram-bruchsakert-glas-vaggspegel-guld-for-vardagsrum\/","url":"https:\/\/truusk.store\/sv\/produkt\/truusk-helskroppsspegel-160-x-50-cm-bojd-staende-spegel-metallram-bruchsakert-glas-vaggspegel-guld-for-vardagsrum\/","name":"TRUUSK Helskroppsspegel 160 X 50 cm - B\u00f6jd St\u00e5ende Spegel - Metallram - Bruchs\u00e4kert Glas - V\u00e4ggspegel - Guld - F\u00f6r Vardagsrum, - TRUUSK - Hem, Tr\u00e4dg\u00e5rd &amp; Fritid","isPartOf":{"@id":"https:\/\/truusk.store\/sv\/#website"},"primaryImageOfPage":{"@id":"https:\/\/truusk.store\/sv\/produkt\/truusk-helskroppsspegel-160-x-50-cm-bojd-staende-spegel-metallram-bruchsakert-glas-vaggspegel-guld-for-vardagsrum\/#primaryimage"},"image":{"@id":"https:\/\/truusk.store\/sv\/produkt\/truusk-helskroppsspegel-160-x-50-cm-bojd-staende-spegel-metallram-bruchsakert-glas-vaggspegel-guld-for-vardagsrum\/#primaryimage"},"thumbnailUrl":"https:\/\/i0.wp.com\/truusk.store\/wp-content\/uploads\/2025\/06\/helskroppsspegel-160-x-50-cm-bojd-staende-spegel-med-metallram-och-bruchsakert-glas-vaggspegel-for-staende-lutande-spegel-for-vardagsrum-sovrum-hall-guld-1.webp?fit=2000%2C2000&ssl=1","datePublished":"2025-06-10T05:26:42+00:00","dateModified":"2026-03-12T07:44:39+00:00","breadcrumb":{"@id":"https:\/\/truusk.store\/sv\/produkt\/truusk-helskroppsspegel-160-x-50-cm-bojd-staende-spegel-metallram-bruchsakert-glas-vaggspegel-guld-for-vardagsrum\/#breadcrumb"},"inLanguage":"sv-SE","potentialAction":[{"@type":"ReadAction","target":["https:\/\/truusk.store\/sv\/produkt\/truusk-helskroppsspegel-160-x-50-cm-bojd-staende-spegel-metallram-bruchsakert-glas-vaggspegel-guld-for-vardagsrum\/"]}]},{"@type":"ImageObject","inLanguage":"sv-SE","@id":"https:\/\/truusk.store\/sv\/produkt\/truusk-helskroppsspegel-160-x-50-cm-bojd-staende-spegel-metallram-bruchsakert-glas-vaggspegel-guld-for-vardagsrum\/#primaryimage","url":"https:\/\/i0.wp.com\/truusk.store\/wp-content\/uploads\/2025\/06\/helskroppsspegel-160-x-50-cm-bojd-staende-spegel-med-metallram-och-bruchsakert-glas-vaggspegel-for-staende-lutande-spegel-for-vardagsrum-sovrum-hall-guld-1.webp?fit=2000%2C2000&ssl=1","contentUrl":"https:\/\/i0.wp.com\/truusk.store\/wp-content\/uploads\/2025\/06\/helskroppsspegel-160-x-50-cm-bojd-staende-spegel-med-metallram-och-bruchsakert-glas-vaggspegel-for-staende-lutande-spegel-for-vardagsrum-sovrum-hall-guld-1.webp?fit=2000%2C2000&ssl=1","width":2000,"height":2000},{"@type":"BreadcrumbList","@id":"https:\/\/truusk.store\/sv\/produkt\/truusk-helskroppsspegel-160-x-50-cm-bojd-staende-spegel-metallram-bruchsakert-glas-vaggspegel-guld-for-vardagsrum\/#breadcrumb","itemListElement":[{"@type":"ListItem","position":1,"name":"Home","item":"https:\/\/truusk.store\/sv\/"},{"@type":"ListItem","position":2,"name":"Shop","item":"https:\/\/truusk.store\/shop\/"},{"@type":"ListItem","position":3,"name":"TRUUSK Helskroppsspegel 160 X 50 cm &#8211; B\u00f6jd St\u00e5ende Spegel &#8211; Metallram &#8211; Bruchs\u00e4kert Glas &#8211; V\u00e4ggspegel &#8211; Guld &#8211; F\u00f6r Vardagsrum,"}]},{"@type":"WebSite","@id":"https:\/\/truusk.store\/sv\/#website","url":"https:\/\/truusk.store\/sv\/","name":"TRUUSK - Hem, Tr\u00e4dg\u00e5rd & Fritid","description":"","publisher":{"@id":"https:\/\/truusk.store\/sv\/#organization"},"potentialAction":[{"@type":"SearchAction","target":{"@type":"EntryPoint","urlTemplate":"https:\/\/truusk.store\/sv\/?s={search_term_string}"},"query-input":{"@type":"PropertyValueSpecification","valueRequired":true,"valueName":"search_term_string"}}],"inLanguage":"sv-SE"},{"@type":"Organization","@id":"https:\/\/truusk.store\/sv\/#organization","name":"TRUUSK - Hem, Tr\u00e4dg\u00e5rd & Fritid","url":"https:\/\/truusk.store\/sv\/","logo":{"@type":"ImageObject","inLanguage":"sv-SE","@id":"https:\/\/truusk.store\/sv\/#\/schema\/logo\/image\/","url":"https:\/\/i0.wp.com\/truusk.store\/wp-content\/uploads\/2026\/03\/cropped-TRUUSK.png?fit=2032%2C917&ssl=1","contentUrl":"https:\/\/i0.wp.com\/truusk.store\/wp-content\/uploads\/2026\/03\/cropped-TRUUSK.png?fit=2032%2C917&ssl=1","width":2032,"height":917,"caption":"TRUUSK - Hem, Tr\u00e4dg\u00e5rd & Fritid"},"image":{"@id":"https:\/\/truusk.store\/sv\/#\/schema\/logo\/image\/"}}]}},"jetpack_sharing_enabled":true,"_links":{"self":[{"href":"https:\/\/truusk.store\/sv\/wp-json\/wp\/v2\/product\/79317","targetHints":{"allow":["GET"]}}],"collection":[{"href":"https:\/\/truusk.store\/sv\/wp-json\/wp\/v2\/product"}],"about":[{"href":"https:\/\/truusk.store\/sv\/wp-json\/wp\/v2\/types\/product"}],"wp:featuredmedia":[{"embeddable":true,"href":"https:\/\/truusk.store\/sv\/wp-json\/wp\/v2\/media\/79308"}],"wp:attachment":[{"href":"https:\/\/truusk.store\/sv\/wp-json\/wp\/v2\/media?parent=79317"}],"wp:term":[{"taxonomy":"product_brand","embeddable":true,"href":"https:\/\/truusk.store\/sv\/wp-json\/wp\/v2\/product_brand?post=79317"},{"taxonomy":"product_cat","embeddable":true,"href":"https:\/\/truusk.store\/sv\/wp-json\/wp\/v2\/product_cat?post=79317"},{"taxonomy":"product_tag","embeddable":true,"href":"https:\/\/truusk.store\/sv\/wp-json\/wp\/v2\/product_tag?post=79317"}],"curies":[{"name":"wp","href":"https:\/\/api.w.org\/{rel}","templated":true}]}}