{"id":79337,"date":"2025-06-10T06:28:38","date_gmt":"2025-06-10T05:28:38","guid":{"rendered":"https:\/\/truusk.store\/product\/kontorsstol-ergonomisk-skrivbordsstol-med-armstod-huvudstod-hojdjusterbar-snurrstol-med-gungfunktion-datorstol-med-konstull-utseende-morkgra\/"},"modified":"2026-03-12T08:46:16","modified_gmt":"2026-03-12T07:46:16","slug":"truusk-ergonomisk-kontorsstol-med-armstod-och-huvudstod-hojdjusterbar-gungfunktion-morkgra","status":"publish","type":"product","link":"https:\/\/truusk.store\/sv\/produkt\/truusk-ergonomisk-kontorsstol-med-armstod-och-huvudstod-hojdjusterbar-gungfunktion-morkgra\/","title":{"rendered":"TRUUSK Ergonomisk Kontorsstol med Armst\u00f6d och Huvudst\u00f6d &#8211; H\u00f6jdjusterbar &#8211; Gungfunktion &#8211; M\u00f6rkgr\u00e5"},"content":{"rendered":"<p>Upplev komforten med TRUUSK kontorsstolen med h\u00f6g ryggst\u00f6d, som optimalt st\u00f6der fr\u00e5n huvud till l\u00e5r. Den lyxiga konstullen ger andningsf\u00f6rm\u00e5ga och komfort. Datorstolens gungfunktion inbjuder till avslappnad gungning, medan du tack vare sv\u00e4ngbart s\u00e4te och tysta hjul glider ljudl\u00f6st \u00f6ver alla typer av golv. En elegant och praktisk till\u00e4gg till ditt kontor!<\/p>\n<p>Beskrivning:<\/p>\n<ul>\n<li> PC-stolens h\u00f6ga ryggst\u00f6d erbjuder st\u00f6d och komfort fr\u00e5n huvud till l\u00e5r<\/li>\n<li> Konstullsmaterialet garanterar andningsf\u00f6rm\u00e5ga och komfort<\/li>\n<li> Kippfunktionen m\u00f6jligg\u00f6r mjuk gungning<\/li>\n<li> Justerbar sitth\u00f6jd med en mjuk klass 3 gaslift<\/li>\n<li> Sv\u00e4ngbart s\u00e4te, hjul och l\u00e4tt design av kontorsstolen m\u00f6jligg\u00f6r enkel mobilitet. Hjulen \u00e4r tysta och skyddar alla typer av golv<\/li>\n<li> Montering kr\u00e4vs<\/li>\n<\/ul>\n<p> Tekniska data:<\/p>\n<ul>\n<li> F\u00e4rg: M\u00f6rkgr\u00e5<\/li>\n<li> Material: Konstull (100 % polyester), skum, plast<\/li>\n<li> Totala dimensioner: 60,5B x 69T x 109-117H cm<\/li>\n<li> Sitsstorlek: 49B x 49T x 42-50H cm<\/li>\n<li> Ryggm\u00e5tt: 46B x 71L cm<\/li>\n<li> B\u00e4rkapacitet: 120 kg<\/li>\n<\/ul>\n<p>Leveransinneh\u00e5ll:<\/p>\n<ul>\n<li> 1 x Kontorsstol<\/li>\n<li> 1 x Handbok<\/li>\n<\/ul>\n","protected":false},"excerpt":{"rendered":"<p>Upplev komforten med TRUUSK kontorsstolen med h\u00f6g ryggst\u00f6d, som optimalt st\u00f6der fr\u00e5n huvud till l\u00e5r. Den lyxiga konstullen ger andningsf\u00f6rm\u00e5ga&#8230;<\/p>\n","protected":false},"featured_media":79328,"template":"","meta":[],"product_brand":[],"product_cat":[872,871,516],"product_tag":[],"class_list":{"0":"post-79337","1":"product","2":"type-product","3":"status-publish","4":"has-post-thumbnail","6":"product_cat-hemmakontor-arbetsplats","7":"product_cat-hus-hem","8":"product_cat-kontorsstolar","10":"first","11":"instock","12":"sale","13":"taxable","14":"shipping-taxable","15":"purchasable","16":"product-type-simple"},"yoast_head":"<!-- This site is optimized with the Yoast SEO plugin v25.4 - https:\/\/yoast.com\/wordpress\/plugins\/seo\/ -->\n<title>TRUUSK Ergonomisk Kontorsstol med Armst\u00f6d och Huvudst\u00f6d - H\u00f6jdjusterbar - Gungfunktion - M\u00f6rkgr\u00e5 - TRUUSK - Hem, Tr\u00e4dg\u00e5rd &amp; Fritid<\/title>\n<meta name=\"robots\" content=\"index, follow, max-snippet:-1, max-image-preview:large, max-video-preview:-1\" \/>\n<link rel=\"canonical\" href=\"https:\/\/truusk.store\/sv\/produkt\/truusk-ergonomisk-kontorsstol-med-armstod-och-huvudstod-hojdjusterbar-gungfunktion-morkgra\/\" \/>\n<meta property=\"og:locale\" content=\"sv_SE\" \/>\n<meta property=\"og:type\" content=\"article\" \/>\n<meta property=\"og:title\" content=\"TRUUSK Ergonomisk Kontorsstol med Armst\u00f6d och Huvudst\u00f6d - H\u00f6jdjusterbar - Gungfunktion - M\u00f6rkgr\u00e5 - TRUUSK - Hem, Tr\u00e4dg\u00e5rd &amp; Fritid\" \/>\n<meta property=\"og:description\" content=\"Upplev komforten med TRUUSK kontorsstolen med h\u00f6g ryggst\u00f6d, som optimalt st\u00f6der fr\u00e5n huvud till l\u00e5r. Den lyxiga konstullen ger andningsf\u00f6rm\u00e5ga...\" \/>\n<meta property=\"og:url\" content=\"https:\/\/truusk.store\/sv\/produkt\/truusk-ergonomisk-kontorsstol-med-armstod-och-huvudstod-hojdjusterbar-gungfunktion-morkgra\/\" \/>\n<meta property=\"og:site_name\" content=\"TRUUSK - Hem, Tr\u00e4dg\u00e5rd &amp; Fritid\" \/>\n<meta property=\"article:modified_time\" content=\"2026-03-12T07:46:16+00:00\" \/>\n<meta property=\"og:image\" content=\"https:\/\/i0.wp.com\/truusk.se\/wp-content\/uploads\/2025\/06\/kontorsstol-ergonomisk-skrivbordsstol-med-armstod-huvudstod-hojdjusterbar-snurrstol-med-gungfunktion-datorstol-med-konstull-utseende-morkgra-1.webp?fit=2000%2C2000&ssl=1\" \/>\n\t<meta property=\"og:image:width\" content=\"2000\" \/>\n\t<meta property=\"og:image:height\" content=\"2000\" \/>\n\t<meta property=\"og:image:type\" content=\"image\/webp\" \/>\n<meta name=\"twitter:card\" content=\"summary_large_image\" \/>\n<meta name=\"twitter:label1\" content=\"Ber\u00e4knad l\u00e4stid\" \/>\n\t<meta name=\"twitter:data1\" content=\"1 minut\" \/>\n<!-- \/ Yoast SEO plugin. -->","yoast_head_json":{"title":"TRUUSK Ergonomisk Kontorsstol med Armst\u00f6d och Huvudst\u00f6d - H\u00f6jdjusterbar - Gungfunktion - M\u00f6rkgr\u00e5 - TRUUSK - Hem, Tr\u00e4dg\u00e5rd &amp; Fritid","robots":{"index":"index","follow":"follow","max-snippet":"max-snippet:-1","max-image-preview":"max-image-preview:large","max-video-preview":"max-video-preview:-1"},"canonical":"https:\/\/truusk.store\/sv\/produkt\/truusk-ergonomisk-kontorsstol-med-armstod-och-huvudstod-hojdjusterbar-gungfunktion-morkgra\/","og_locale":"sv_SE","og_type":"article","og_title":"TRUUSK Ergonomisk Kontorsstol med Armst\u00f6d och Huvudst\u00f6d - H\u00f6jdjusterbar - Gungfunktion - M\u00f6rkgr\u00e5 - TRUUSK - Hem, Tr\u00e4dg\u00e5rd &amp; Fritid","og_description":"Upplev komforten med TRUUSK kontorsstolen med h\u00f6g ryggst\u00f6d, som optimalt st\u00f6der fr\u00e5n huvud till l\u00e5r. Den lyxiga konstullen ger andningsf\u00f6rm\u00e5ga...","og_url":"https:\/\/truusk.store\/sv\/produkt\/truusk-ergonomisk-kontorsstol-med-armstod-och-huvudstod-hojdjusterbar-gungfunktion-morkgra\/","og_site_name":"TRUUSK - Hem, Tr\u00e4dg\u00e5rd &amp; Fritid","article_modified_time":"2026-03-12T07:46:16+00:00","og_image":[{"width":2000,"height":2000,"url":"https:\/\/i0.wp.com\/truusk.se\/wp-content\/uploads\/2025\/06\/kontorsstol-ergonomisk-skrivbordsstol-med-armstod-huvudstod-hojdjusterbar-snurrstol-med-gungfunktion-datorstol-med-konstull-utseende-morkgra-1.webp?fit=2000%2C2000&ssl=1","type":"image\/webp"}],"twitter_card":"summary_large_image","twitter_misc":{"Ber\u00e4knad l\u00e4stid":"1 minut"},"schema":{"@context":"https:\/\/schema.org","@graph":[{"@type":"WebPage","@id":"https:\/\/truusk.store\/sv\/produkt\/truusk-ergonomisk-kontorsstol-med-armstod-och-huvudstod-hojdjusterbar-gungfunktion-morkgra\/","url":"https:\/\/truusk.store\/sv\/produkt\/truusk-ergonomisk-kontorsstol-med-armstod-och-huvudstod-hojdjusterbar-gungfunktion-morkgra\/","name":"TRUUSK Ergonomisk Kontorsstol med Armst\u00f6d och Huvudst\u00f6d - H\u00f6jdjusterbar - Gungfunktion - M\u00f6rkgr\u00e5 - TRUUSK - Hem, Tr\u00e4dg\u00e5rd &amp; Fritid","isPartOf":{"@id":"https:\/\/truusk.store\/sv\/#website"},"primaryImageOfPage":{"@id":"https:\/\/truusk.store\/sv\/produkt\/truusk-ergonomisk-kontorsstol-med-armstod-och-huvudstod-hojdjusterbar-gungfunktion-morkgra\/#primaryimage"},"image":{"@id":"https:\/\/truusk.store\/sv\/produkt\/truusk-ergonomisk-kontorsstol-med-armstod-och-huvudstod-hojdjusterbar-gungfunktion-morkgra\/#primaryimage"},"thumbnailUrl":"https:\/\/i0.wp.com\/truusk.store\/wp-content\/uploads\/2025\/06\/kontorsstol-ergonomisk-skrivbordsstol-med-armstod-huvudstod-hojdjusterbar-snurrstol-med-gungfunktion-datorstol-med-konstull-utseende-morkgra-1.webp?fit=2000%2C2000&ssl=1","datePublished":"2025-06-10T05:28:38+00:00","dateModified":"2026-03-12T07:46:16+00:00","breadcrumb":{"@id":"https:\/\/truusk.store\/sv\/produkt\/truusk-ergonomisk-kontorsstol-med-armstod-och-huvudstod-hojdjusterbar-gungfunktion-morkgra\/#breadcrumb"},"inLanguage":"sv-SE","potentialAction":[{"@type":"ReadAction","target":["https:\/\/truusk.store\/sv\/produkt\/truusk-ergonomisk-kontorsstol-med-armstod-och-huvudstod-hojdjusterbar-gungfunktion-morkgra\/"]}]},{"@type":"ImageObject","inLanguage":"sv-SE","@id":"https:\/\/truusk.store\/sv\/produkt\/truusk-ergonomisk-kontorsstol-med-armstod-och-huvudstod-hojdjusterbar-gungfunktion-morkgra\/#primaryimage","url":"https:\/\/i0.wp.com\/truusk.store\/wp-content\/uploads\/2025\/06\/kontorsstol-ergonomisk-skrivbordsstol-med-armstod-huvudstod-hojdjusterbar-snurrstol-med-gungfunktion-datorstol-med-konstull-utseende-morkgra-1.webp?fit=2000%2C2000&ssl=1","contentUrl":"https:\/\/i0.wp.com\/truusk.store\/wp-content\/uploads\/2025\/06\/kontorsstol-ergonomisk-skrivbordsstol-med-armstod-huvudstod-hojdjusterbar-snurrstol-med-gungfunktion-datorstol-med-konstull-utseende-morkgra-1.webp?fit=2000%2C2000&ssl=1","width":2000,"height":2000},{"@type":"BreadcrumbList","@id":"https:\/\/truusk.store\/sv\/produkt\/truusk-ergonomisk-kontorsstol-med-armstod-och-huvudstod-hojdjusterbar-gungfunktion-morkgra\/#breadcrumb","itemListElement":[{"@type":"ListItem","position":1,"name":"Home","item":"https:\/\/truusk.store\/sv\/"},{"@type":"ListItem","position":2,"name":"Shop","item":"https:\/\/truusk.store\/shop\/"},{"@type":"ListItem","position":3,"name":"TRUUSK Ergonomisk Kontorsstol med Armst\u00f6d och Huvudst\u00f6d &#8211; H\u00f6jdjusterbar &#8211; Gungfunktion &#8211; M\u00f6rkgr\u00e5"}]},{"@type":"WebSite","@id":"https:\/\/truusk.store\/sv\/#website","url":"https:\/\/truusk.store\/sv\/","name":"TRUUSK - Hem, Tr\u00e4dg\u00e5rd & Fritid","description":"","publisher":{"@id":"https:\/\/truusk.store\/sv\/#organization"},"potentialAction":[{"@type":"SearchAction","target":{"@type":"EntryPoint","urlTemplate":"https:\/\/truusk.store\/sv\/?s={search_term_string}"},"query-input":{"@type":"PropertyValueSpecification","valueRequired":true,"valueName":"search_term_string"}}],"inLanguage":"sv-SE"},{"@type":"Organization","@id":"https:\/\/truusk.store\/sv\/#organization","name":"TRUUSK - Hem, Tr\u00e4dg\u00e5rd & Fritid","url":"https:\/\/truusk.store\/sv\/","logo":{"@type":"ImageObject","inLanguage":"sv-SE","@id":"https:\/\/truusk.store\/sv\/#\/schema\/logo\/image\/","url":"https:\/\/i0.wp.com\/truusk.store\/wp-content\/uploads\/2026\/03\/cropped-TRUUSK.png?fit=2032%2C917&ssl=1","contentUrl":"https:\/\/i0.wp.com\/truusk.store\/wp-content\/uploads\/2026\/03\/cropped-TRUUSK.png?fit=2032%2C917&ssl=1","width":2032,"height":917,"caption":"TRUUSK - Hem, Tr\u00e4dg\u00e5rd & Fritid"},"image":{"@id":"https:\/\/truusk.store\/sv\/#\/schema\/logo\/image\/"}}]}},"jetpack_sharing_enabled":true,"_links":{"self":[{"href":"https:\/\/truusk.store\/sv\/wp-json\/wp\/v2\/product\/79337","targetHints":{"allow":["GET"]}}],"collection":[{"href":"https:\/\/truusk.store\/sv\/wp-json\/wp\/v2\/product"}],"about":[{"href":"https:\/\/truusk.store\/sv\/wp-json\/wp\/v2\/types\/product"}],"wp:featuredmedia":[{"embeddable":true,"href":"https:\/\/truusk.store\/sv\/wp-json\/wp\/v2\/media\/79328"}],"wp:attachment":[{"href":"https:\/\/truusk.store\/sv\/wp-json\/wp\/v2\/media?parent=79337"}],"wp:term":[{"taxonomy":"product_brand","embeddable":true,"href":"https:\/\/truusk.store\/sv\/wp-json\/wp\/v2\/product_brand?post=79337"},{"taxonomy":"product_cat","embeddable":true,"href":"https:\/\/truusk.store\/sv\/wp-json\/wp\/v2\/product_cat?post=79337"},{"taxonomy":"product_tag","embeddable":true,"href":"https:\/\/truusk.store\/sv\/wp-json\/wp\/v2\/product_tag?post=79337"}],"curies":[{"name":"wp","href":"https:\/\/api.w.org\/{rel}","templated":true}]}}