{"id":79387,"date":"2025-06-10T06:33:49","date_gmt":"2025-06-10T05:33:49","guid":{"rendered":"https:\/\/truusk.store\/product\/barstolar-2-pack-barstol-med-fotstod-metallram-koksstol-med-sitthojd-66-cm-bardiskstol-enkel-montering-industriell-design-naturtrasvart\/"},"modified":"2026-03-12T08:44:14","modified_gmt":"2026-03-12T07:44:14","slug":"truusk-2-pack-barstolar-med-fotstod-metallram-sitthojd-66-cm-enkel-montering-industriell-design-naturtrasvart","status":"publish","type":"product","link":"https:\/\/truusk.store\/sv\/produkt\/truusk-2-pack-barstolar-med-fotstod-metallram-sitthojd-66-cm-enkel-montering-industriell-design-naturtrasvart\/","title":{"rendered":"TRUUSK 2-pack Barstolar &#8211; Med Fotst\u00f6d &#8211; Metallram &#8211; Sitth\u00f6jd 66 cm &#8211; Enkel Montering &#8211; Industriell Design &#8211; Naturtr\u00e4+svart"},"content":{"rendered":"<p>F\u00f6rvandla ditt k\u00f6k eller hembar med TRUUSK 2-pack barstolar. Med sittplats och ryggst\u00f6d i naturligt tr\u00e4utseende och en svart st\u00e5lram kombinerar denna barstol industriell charm med modern elegans. Passar b\u00e5de till samtida och klassisk inredning och ger varje rum en tidl\u00f6s stil. Oavsett om du underh\u00e5ller g\u00e4ster eller njuter av en mysig m\u00e5ltid, h\u00f6jer v\u00e5ra bardiskstolar atmosf\u00e4ren. Skapa of\u00f6rgl\u00f6mliga \u00f6gonblick med v\u00e5ra k\u00f6ks\u00f6-stolar.<\/p>\n<p>Beskrivning:<\/p>\n<ul>\n<li> B\u00f6jd sittplats och ryggst\u00f6d p\u00e5 2-pack barstolar f\u00f6r estetik och komfort<\/li>\n<li> Pulverlackerad metallram och lackerad flerskiktsplatta ger stabil st\u00f6d<\/li>\n<li> Justerbara fotdynor p\u00e5 bardiskstolarna anpassar sig till oj\u00e4mna ytor och ger stabilitet<\/li>\n<li> Bekv\u00e4ma fotst\u00f6d p\u00e5 bardiskstolarna slappnar av dina ben och fr\u00e4mjar en god h\u00e5llning<\/li>\n<li> Armfri design m\u00f6jligg\u00f6r enkel f\u00f6rvaring under bardiskar<\/li>\n<li> Idealisk f\u00f6r hemmabaren, k\u00f6ks\u00f6n, matsalen och balkongen<\/li>\n<li> Enkel montering kr\u00e4vs<\/li>\n<\/ul>\n<p> Tekniska data:<\/p>\n<ul>\n<li> F\u00e4rg: Naturligt tr\u00e4<\/li>\n<li> Material: St\u00e5l, tr\u00e4komposit<\/li>\n<li> Totala dimensioner: 43L x 55B x 103H cm<\/li>\n<li> Sittm\u00e5tt: 41B x 41T x 66H cm<\/li>\n<li> Ryggst\u00f6dsm\u00e5tt: 39,5B x 39H cm<\/li>\n<li> Fotst\u00f6dsh\u00f6jd: 22 cm<\/li>\n<li> L\u00e4mplig bardiskh\u00f6jd: 89-99 cm<\/li>\n<li> B\u00e4rkapacitet: 120 kg<\/li>\n<\/ul>\n<p>Leveransinneh\u00e5ll:<\/p>\n<ul>\n<li> 2 x Barstolar<\/li>\n<li> 1 x Handbok<\/li>\n<\/ul>\n","protected":false},"excerpt":{"rendered":"<p>F\u00f6rvandla ditt k\u00f6k eller hembar med TRUUSK 2-pack barstolar. Med sittplats och ryggst\u00f6d i naturligt tr\u00e4utseende och en svart st\u00e5lram&#8230;<\/p>\n","protected":false},"featured_media":79378,"template":"","meta":[],"product_brand":[],"product_cat":[643,871,889],"product_tag":[],"class_list":{"0":"post-79387","1":"product","2":"type-product","3":"status-publish","4":"has-post-thumbnail","6":"product_cat-barnstolar","7":"product_cat-hus-hem","8":"product_cat-kok-matsal","10":"first","11":"instock","12":"sale","13":"taxable","14":"shipping-taxable","15":"purchasable","16":"product-type-simple"},"yoast_head":"<!-- This site is optimized with the Yoast SEO plugin v25.4 - https:\/\/yoast.com\/wordpress\/plugins\/seo\/ -->\n<title>TRUUSK 2-pack Barstolar - Med Fotst\u00f6d - Metallram - Sitth\u00f6jd 66 cm - Enkel Montering - Industriell Design - Naturtr\u00e4+svart - TRUUSK - Hem, Tr\u00e4dg\u00e5rd &amp; Fritid<\/title>\n<meta name=\"robots\" content=\"index, follow, max-snippet:-1, max-image-preview:large, max-video-preview:-1\" \/>\n<link rel=\"canonical\" href=\"https:\/\/truusk.store\/sv\/produkt\/truusk-2-pack-barstolar-med-fotstod-metallram-sitthojd-66-cm-enkel-montering-industriell-design-naturtrasvart\/\" \/>\n<meta property=\"og:locale\" content=\"sv_SE\" \/>\n<meta property=\"og:type\" content=\"article\" \/>\n<meta property=\"og:title\" content=\"TRUUSK 2-pack Barstolar - Med Fotst\u00f6d - Metallram - Sitth\u00f6jd 66 cm - Enkel Montering - Industriell Design - Naturtr\u00e4+svart - TRUUSK - Hem, Tr\u00e4dg\u00e5rd &amp; Fritid\" \/>\n<meta property=\"og:description\" content=\"F\u00f6rvandla ditt k\u00f6k eller hembar med TRUUSK 2-pack barstolar. Med sittplats och ryggst\u00f6d i naturligt tr\u00e4utseende och en svart st\u00e5lram...\" \/>\n<meta property=\"og:url\" content=\"https:\/\/truusk.store\/sv\/produkt\/truusk-2-pack-barstolar-med-fotstod-metallram-sitthojd-66-cm-enkel-montering-industriell-design-naturtrasvart\/\" \/>\n<meta property=\"og:site_name\" content=\"TRUUSK - Hem, Tr\u00e4dg\u00e5rd &amp; Fritid\" \/>\n<meta property=\"article:modified_time\" content=\"2026-03-12T07:44:14+00:00\" \/>\n<meta property=\"og:image\" content=\"https:\/\/i0.wp.com\/truusk.se\/wp-content\/uploads\/2025\/06\/barstolar-2-pack-barstol-med-fotstod-metallram-koksstol-med-sitthojd-66-cm-bardiskstol-enkel-montering-industriell-design-naturtrasvart-1.webp?fit=2000%2C2000&ssl=1\" \/>\n\t<meta property=\"og:image:width\" content=\"2000\" \/>\n\t<meta property=\"og:image:height\" content=\"2000\" \/>\n\t<meta property=\"og:image:type\" content=\"image\/webp\" \/>\n<meta name=\"twitter:card\" content=\"summary_large_image\" \/>\n<meta name=\"twitter:label1\" content=\"Ber\u00e4knad l\u00e4stid\" \/>\n\t<meta name=\"twitter:data1\" content=\"1 minut\" \/>\n<!-- \/ Yoast SEO plugin. -->","yoast_head_json":{"title":"TRUUSK 2-pack Barstolar - Med Fotst\u00f6d - Metallram - Sitth\u00f6jd 66 cm - Enkel Montering - Industriell Design - Naturtr\u00e4+svart - TRUUSK - Hem, Tr\u00e4dg\u00e5rd &amp; Fritid","robots":{"index":"index","follow":"follow","max-snippet":"max-snippet:-1","max-image-preview":"max-image-preview:large","max-video-preview":"max-video-preview:-1"},"canonical":"https:\/\/truusk.store\/sv\/produkt\/truusk-2-pack-barstolar-med-fotstod-metallram-sitthojd-66-cm-enkel-montering-industriell-design-naturtrasvart\/","og_locale":"sv_SE","og_type":"article","og_title":"TRUUSK 2-pack Barstolar - Med Fotst\u00f6d - Metallram - Sitth\u00f6jd 66 cm - Enkel Montering - Industriell Design - Naturtr\u00e4+svart - TRUUSK - Hem, Tr\u00e4dg\u00e5rd &amp; Fritid","og_description":"F\u00f6rvandla ditt k\u00f6k eller hembar med TRUUSK 2-pack barstolar. Med sittplats och ryggst\u00f6d i naturligt tr\u00e4utseende och en svart st\u00e5lram...","og_url":"https:\/\/truusk.store\/sv\/produkt\/truusk-2-pack-barstolar-med-fotstod-metallram-sitthojd-66-cm-enkel-montering-industriell-design-naturtrasvart\/","og_site_name":"TRUUSK - Hem, Tr\u00e4dg\u00e5rd &amp; Fritid","article_modified_time":"2026-03-12T07:44:14+00:00","og_image":[{"width":2000,"height":2000,"url":"https:\/\/i0.wp.com\/truusk.se\/wp-content\/uploads\/2025\/06\/barstolar-2-pack-barstol-med-fotstod-metallram-koksstol-med-sitthojd-66-cm-bardiskstol-enkel-montering-industriell-design-naturtrasvart-1.webp?fit=2000%2C2000&ssl=1","type":"image\/webp"}],"twitter_card":"summary_large_image","twitter_misc":{"Ber\u00e4knad l\u00e4stid":"1 minut"},"schema":{"@context":"https:\/\/schema.org","@graph":[{"@type":"WebPage","@id":"https:\/\/truusk.store\/sv\/produkt\/truusk-2-pack-barstolar-med-fotstod-metallram-sitthojd-66-cm-enkel-montering-industriell-design-naturtrasvart\/","url":"https:\/\/truusk.store\/sv\/produkt\/truusk-2-pack-barstolar-med-fotstod-metallram-sitthojd-66-cm-enkel-montering-industriell-design-naturtrasvart\/","name":"TRUUSK 2-pack Barstolar - Med Fotst\u00f6d - Metallram - Sitth\u00f6jd 66 cm - Enkel Montering - Industriell Design - Naturtr\u00e4+svart - TRUUSK - Hem, Tr\u00e4dg\u00e5rd &amp; Fritid","isPartOf":{"@id":"https:\/\/truusk.store\/sv\/#website"},"primaryImageOfPage":{"@id":"https:\/\/truusk.store\/sv\/produkt\/truusk-2-pack-barstolar-med-fotstod-metallram-sitthojd-66-cm-enkel-montering-industriell-design-naturtrasvart\/#primaryimage"},"image":{"@id":"https:\/\/truusk.store\/sv\/produkt\/truusk-2-pack-barstolar-med-fotstod-metallram-sitthojd-66-cm-enkel-montering-industriell-design-naturtrasvart\/#primaryimage"},"thumbnailUrl":"https:\/\/i0.wp.com\/truusk.store\/wp-content\/uploads\/2025\/06\/barstolar-2-pack-barstol-med-fotstod-metallram-koksstol-med-sitthojd-66-cm-bardiskstol-enkel-montering-industriell-design-naturtrasvart-1.webp?fit=2000%2C2000&ssl=1","datePublished":"2025-06-10T05:33:49+00:00","dateModified":"2026-03-12T07:44:14+00:00","breadcrumb":{"@id":"https:\/\/truusk.store\/sv\/produkt\/truusk-2-pack-barstolar-med-fotstod-metallram-sitthojd-66-cm-enkel-montering-industriell-design-naturtrasvart\/#breadcrumb"},"inLanguage":"sv-SE","potentialAction":[{"@type":"ReadAction","target":["https:\/\/truusk.store\/sv\/produkt\/truusk-2-pack-barstolar-med-fotstod-metallram-sitthojd-66-cm-enkel-montering-industriell-design-naturtrasvart\/"]}]},{"@type":"ImageObject","inLanguage":"sv-SE","@id":"https:\/\/truusk.store\/sv\/produkt\/truusk-2-pack-barstolar-med-fotstod-metallram-sitthojd-66-cm-enkel-montering-industriell-design-naturtrasvart\/#primaryimage","url":"https:\/\/i0.wp.com\/truusk.store\/wp-content\/uploads\/2025\/06\/barstolar-2-pack-barstol-med-fotstod-metallram-koksstol-med-sitthojd-66-cm-bardiskstol-enkel-montering-industriell-design-naturtrasvart-1.webp?fit=2000%2C2000&ssl=1","contentUrl":"https:\/\/i0.wp.com\/truusk.store\/wp-content\/uploads\/2025\/06\/barstolar-2-pack-barstol-med-fotstod-metallram-koksstol-med-sitthojd-66-cm-bardiskstol-enkel-montering-industriell-design-naturtrasvart-1.webp?fit=2000%2C2000&ssl=1","width":2000,"height":2000},{"@type":"BreadcrumbList","@id":"https:\/\/truusk.store\/sv\/produkt\/truusk-2-pack-barstolar-med-fotstod-metallram-sitthojd-66-cm-enkel-montering-industriell-design-naturtrasvart\/#breadcrumb","itemListElement":[{"@type":"ListItem","position":1,"name":"Home","item":"https:\/\/truusk.store\/sv\/"},{"@type":"ListItem","position":2,"name":"Shop","item":"https:\/\/truusk.store\/shop\/"},{"@type":"ListItem","position":3,"name":"TRUUSK 2-pack Barstolar &#8211; Med Fotst\u00f6d &#8211; Metallram &#8211; Sitth\u00f6jd 66 cm &#8211; Enkel Montering &#8211; Industriell Design &#8211; Naturtr\u00e4+svart"}]},{"@type":"WebSite","@id":"https:\/\/truusk.store\/sv\/#website","url":"https:\/\/truusk.store\/sv\/","name":"TRUUSK - Hem, Tr\u00e4dg\u00e5rd & Fritid","description":"","publisher":{"@id":"https:\/\/truusk.store\/sv\/#organization"},"potentialAction":[{"@type":"SearchAction","target":{"@type":"EntryPoint","urlTemplate":"https:\/\/truusk.store\/sv\/?s={search_term_string}"},"query-input":{"@type":"PropertyValueSpecification","valueRequired":true,"valueName":"search_term_string"}}],"inLanguage":"sv-SE"},{"@type":"Organization","@id":"https:\/\/truusk.store\/sv\/#organization","name":"TRUUSK - Hem, Tr\u00e4dg\u00e5rd & Fritid","url":"https:\/\/truusk.store\/sv\/","logo":{"@type":"ImageObject","inLanguage":"sv-SE","@id":"https:\/\/truusk.store\/sv\/#\/schema\/logo\/image\/","url":"https:\/\/i0.wp.com\/truusk.store\/wp-content\/uploads\/2026\/03\/cropped-TRUUSK.png?fit=2032%2C917&ssl=1","contentUrl":"https:\/\/i0.wp.com\/truusk.store\/wp-content\/uploads\/2026\/03\/cropped-TRUUSK.png?fit=2032%2C917&ssl=1","width":2032,"height":917,"caption":"TRUUSK - Hem, Tr\u00e4dg\u00e5rd & Fritid"},"image":{"@id":"https:\/\/truusk.store\/sv\/#\/schema\/logo\/image\/"}}]}},"jetpack_sharing_enabled":true,"_links":{"self":[{"href":"https:\/\/truusk.store\/sv\/wp-json\/wp\/v2\/product\/79387","targetHints":{"allow":["GET"]}}],"collection":[{"href":"https:\/\/truusk.store\/sv\/wp-json\/wp\/v2\/product"}],"about":[{"href":"https:\/\/truusk.store\/sv\/wp-json\/wp\/v2\/types\/product"}],"wp:featuredmedia":[{"embeddable":true,"href":"https:\/\/truusk.store\/sv\/wp-json\/wp\/v2\/media\/79378"}],"wp:attachment":[{"href":"https:\/\/truusk.store\/sv\/wp-json\/wp\/v2\/media?parent=79387"}],"wp:term":[{"taxonomy":"product_brand","embeddable":true,"href":"https:\/\/truusk.store\/sv\/wp-json\/wp\/v2\/product_brand?post=79387"},{"taxonomy":"product_cat","embeddable":true,"href":"https:\/\/truusk.store\/sv\/wp-json\/wp\/v2\/product_cat?post=79387"},{"taxonomy":"product_tag","embeddable":true,"href":"https:\/\/truusk.store\/sv\/wp-json\/wp\/v2\/product_tag?post=79387"}],"curies":[{"name":"wp","href":"https:\/\/api.w.org\/{rel}","templated":true}]}}