{"id":79397,"date":"2025-06-10T06:34:42","date_gmt":"2025-06-10T05:34:42","guid":{"rendered":"https:\/\/truusk.store\/product\/helskarmspegel-157-x-50-cm-rektangular-staende-spegel-med-hylla-2-krokar-och-metallram-stor-spegel-kladspegel-for-sovrum-vardagsrum-hall-svart\/"},"modified":"2026-03-12T08:44:53","modified_gmt":"2026-03-12T07:44:53","slug":"truusk-staende-spegel-157x50-cm-hylla-2-krokar-metallram-stor-kladspegel-for-sovrum-vardagsrum-hall-svart","status":"publish","type":"product","link":"https:\/\/truusk.store\/sv\/produkt\/truusk-staende-spegel-157x50-cm-hylla-2-krokar-metallram-stor-kladspegel-for-sovrum-vardagsrum-hall-svart\/","title":{"rendered":"TRUUSK St\u00e5ende Spegel 157&#215;50 cm &#8211; Hylla &amp; 2 Krokar &#8211; Metallram &#8211; Stor Kl\u00e4dspegel &#8211; F\u00f6r Sovrum, Vardagsrum, Hall &#8211; Svart"},"content":{"rendered":"<p>Denna frist\u00e5ende helkroppsspegel m\u00e4ter 157 x 50 cm och erbjuder en kristallklar vy. F\u00f6rutom en hylla och tv\u00e5 krokar p\u00e5 baksidan \u00e4r den mer \u00e4n bara en hall spegel: En minimalistisk, svart designbit som f\u00f6rb\u00e4ttrar varje rum. Tack vare den splitterfria filmen \u00e4r det ett s\u00e4kert val och idealiskt f\u00f6r alla som uppskattar snygg design och funktionalitet!<\/p>\n<p>Beskrivning:<\/p>\n<ul>\n<li> H\u00f6guppl\u00f6st, fullst\u00e4ndig spegell\u00e4ngd p\u00e5 157 x 50 cm m\u00f6jligg\u00f6r betraktning fr\u00e5n huvud till fot<\/li>\n<li> En bakre hylla och tv\u00e5 krokar p\u00e5 st\u00e5ende spegeln underl\u00e4ttar praktisk upph\u00e4ngning av tillbeh\u00f6r<\/li>\n<li> Metallram med MDF-baksida \u00f6kar h\u00e5llbarheten<\/li>\n<li> Splitterskyddsfilm \u00f6kar s\u00e4kerheten genom att f\u00f6rhindra spridning av glas<\/li>\n<li> Minimalistisk design av st\u00e5ende spegel med svart ram kompletterar moderna inredningar<\/li>\n<li> Montering kr\u00e4vs<\/li>\n<\/ul>\n<p> Tekniska data:<\/p>\n<ul>\n<li> F\u00e4rg: Svart<\/li>\n<li> Material: Metall, MDF, Glas<\/li>\n<li> Totala dimensioner: 50B x 38T x 157H cm<\/li>\n<li> Spegelstorlek: 47B x 126,5H cm<\/li>\n<li> Storlek p\u00e5 bakre hylla: 50B x 56,5T cm<\/li>\n<\/ul>\n<p>Leveransinneh\u00e5ll:<\/p>\n<ul>\n<li> 1 x Helkroppsspegel<\/li>\n<li> 1 x Bruksanvisning<\/li>\n<\/ul>\n","protected":false},"excerpt":{"rendered":"<p>Denna frist\u00e5ende helkroppsspegel m\u00e4ter 157 x 50 cm och erbjuder en kristallklar vy. F\u00f6rutom en hylla och tv\u00e5 krokar p\u00e5&#8230;<\/p>\n","protected":false},"featured_media":79388,"template":"","meta":[],"product_brand":[],"product_cat":[893,871,966],"product_tag":[],"class_list":{"0":"post-79397","1":"product","2":"type-product","3":"status-publish","4":"has-post-thumbnail","6":"product_cat-garderob-hall","7":"product_cat-hus-hem","8":"product_cat-staende-speglar","10":"first","11":"instock","12":"sale","13":"taxable","14":"shipping-taxable","15":"purchasable","16":"product-type-simple"},"yoast_head":"<!-- This site is optimized with the Yoast SEO plugin v25.4 - https:\/\/yoast.com\/wordpress\/plugins\/seo\/ -->\n<title>TRUUSK St\u00e5ende Spegel 157x50 cm - Hylla &amp; 2 Krokar - Metallram - Stor Kl\u00e4dspegel - F\u00f6r Sovrum, Vardagsrum, Hall - Svart - TRUUSK - Hem, Tr\u00e4dg\u00e5rd &amp; Fritid<\/title>\n<meta name=\"robots\" content=\"index, follow, max-snippet:-1, max-image-preview:large, max-video-preview:-1\" \/>\n<link rel=\"canonical\" href=\"https:\/\/truusk.store\/sv\/produkt\/truusk-staende-spegel-157x50-cm-hylla-2-krokar-metallram-stor-kladspegel-for-sovrum-vardagsrum-hall-svart\/\" \/>\n<meta property=\"og:locale\" content=\"sv_SE\" \/>\n<meta property=\"og:type\" content=\"article\" \/>\n<meta property=\"og:title\" content=\"TRUUSK St\u00e5ende Spegel 157x50 cm - Hylla &amp; 2 Krokar - Metallram - Stor Kl\u00e4dspegel - F\u00f6r Sovrum, Vardagsrum, Hall - Svart - TRUUSK - Hem, Tr\u00e4dg\u00e5rd &amp; Fritid\" \/>\n<meta property=\"og:description\" content=\"Denna frist\u00e5ende helkroppsspegel m\u00e4ter 157 x 50 cm och erbjuder en kristallklar vy. F\u00f6rutom en hylla och tv\u00e5 krokar p\u00e5...\" \/>\n<meta property=\"og:url\" content=\"https:\/\/truusk.store\/sv\/produkt\/truusk-staende-spegel-157x50-cm-hylla-2-krokar-metallram-stor-kladspegel-for-sovrum-vardagsrum-hall-svart\/\" \/>\n<meta property=\"og:site_name\" content=\"TRUUSK - Hem, Tr\u00e4dg\u00e5rd &amp; Fritid\" \/>\n<meta property=\"article:modified_time\" content=\"2026-03-12T07:44:53+00:00\" \/>\n<meta property=\"og:image\" content=\"https:\/\/i0.wp.com\/truusk.se\/wp-content\/uploads\/2025\/06\/helskarmspegel-157-x-50-cm-rektangular-staende-spegel-med-hylla-2-krokar-och-metallram-stor-spegel-kladspegel-for-sovrum-vardagsrum-hall-svart-1.webp?fit=2000%2C2000&ssl=1\" \/>\n\t<meta property=\"og:image:width\" content=\"2000\" \/>\n\t<meta property=\"og:image:height\" content=\"2000\" \/>\n\t<meta property=\"og:image:type\" content=\"image\/webp\" \/>\n<meta name=\"twitter:card\" content=\"summary_large_image\" \/>\n<meta name=\"twitter:label1\" content=\"Ber\u00e4knad l\u00e4stid\" \/>\n\t<meta name=\"twitter:data1\" content=\"1 minut\" \/>\n<!-- \/ Yoast SEO plugin. -->","yoast_head_json":{"title":"TRUUSK St\u00e5ende Spegel 157x50 cm - Hylla &amp; 2 Krokar - Metallram - Stor Kl\u00e4dspegel - F\u00f6r Sovrum, Vardagsrum, Hall - Svart - TRUUSK - Hem, Tr\u00e4dg\u00e5rd &amp; Fritid","robots":{"index":"index","follow":"follow","max-snippet":"max-snippet:-1","max-image-preview":"max-image-preview:large","max-video-preview":"max-video-preview:-1"},"canonical":"https:\/\/truusk.store\/sv\/produkt\/truusk-staende-spegel-157x50-cm-hylla-2-krokar-metallram-stor-kladspegel-for-sovrum-vardagsrum-hall-svart\/","og_locale":"sv_SE","og_type":"article","og_title":"TRUUSK St\u00e5ende Spegel 157x50 cm - Hylla &amp; 2 Krokar - Metallram - Stor Kl\u00e4dspegel - F\u00f6r Sovrum, Vardagsrum, Hall - Svart - TRUUSK - Hem, Tr\u00e4dg\u00e5rd &amp; Fritid","og_description":"Denna frist\u00e5ende helkroppsspegel m\u00e4ter 157 x 50 cm och erbjuder en kristallklar vy. F\u00f6rutom en hylla och tv\u00e5 krokar p\u00e5...","og_url":"https:\/\/truusk.store\/sv\/produkt\/truusk-staende-spegel-157x50-cm-hylla-2-krokar-metallram-stor-kladspegel-for-sovrum-vardagsrum-hall-svart\/","og_site_name":"TRUUSK - Hem, Tr\u00e4dg\u00e5rd &amp; Fritid","article_modified_time":"2026-03-12T07:44:53+00:00","og_image":[{"width":2000,"height":2000,"url":"https:\/\/i0.wp.com\/truusk.se\/wp-content\/uploads\/2025\/06\/helskarmspegel-157-x-50-cm-rektangular-staende-spegel-med-hylla-2-krokar-och-metallram-stor-spegel-kladspegel-for-sovrum-vardagsrum-hall-svart-1.webp?fit=2000%2C2000&ssl=1","type":"image\/webp"}],"twitter_card":"summary_large_image","twitter_misc":{"Ber\u00e4knad l\u00e4stid":"1 minut"},"schema":{"@context":"https:\/\/schema.org","@graph":[{"@type":"WebPage","@id":"https:\/\/truusk.store\/sv\/produkt\/truusk-staende-spegel-157x50-cm-hylla-2-krokar-metallram-stor-kladspegel-for-sovrum-vardagsrum-hall-svart\/","url":"https:\/\/truusk.store\/sv\/produkt\/truusk-staende-spegel-157x50-cm-hylla-2-krokar-metallram-stor-kladspegel-for-sovrum-vardagsrum-hall-svart\/","name":"TRUUSK St\u00e5ende Spegel 157x50 cm - Hylla &amp; 2 Krokar - Metallram - Stor Kl\u00e4dspegel - F\u00f6r Sovrum, Vardagsrum, Hall - Svart - TRUUSK - Hem, Tr\u00e4dg\u00e5rd &amp; Fritid","isPartOf":{"@id":"https:\/\/truusk.store\/sv\/#website"},"primaryImageOfPage":{"@id":"https:\/\/truusk.store\/sv\/produkt\/truusk-staende-spegel-157x50-cm-hylla-2-krokar-metallram-stor-kladspegel-for-sovrum-vardagsrum-hall-svart\/#primaryimage"},"image":{"@id":"https:\/\/truusk.store\/sv\/produkt\/truusk-staende-spegel-157x50-cm-hylla-2-krokar-metallram-stor-kladspegel-for-sovrum-vardagsrum-hall-svart\/#primaryimage"},"thumbnailUrl":"https:\/\/i0.wp.com\/truusk.store\/wp-content\/uploads\/2025\/06\/helskarmspegel-157-x-50-cm-rektangular-staende-spegel-med-hylla-2-krokar-och-metallram-stor-spegel-kladspegel-for-sovrum-vardagsrum-hall-svart-1.webp?fit=2000%2C2000&ssl=1","datePublished":"2025-06-10T05:34:42+00:00","dateModified":"2026-03-12T07:44:53+00:00","breadcrumb":{"@id":"https:\/\/truusk.store\/sv\/produkt\/truusk-staende-spegel-157x50-cm-hylla-2-krokar-metallram-stor-kladspegel-for-sovrum-vardagsrum-hall-svart\/#breadcrumb"},"inLanguage":"sv-SE","potentialAction":[{"@type":"ReadAction","target":["https:\/\/truusk.store\/sv\/produkt\/truusk-staende-spegel-157x50-cm-hylla-2-krokar-metallram-stor-kladspegel-for-sovrum-vardagsrum-hall-svart\/"]}]},{"@type":"ImageObject","inLanguage":"sv-SE","@id":"https:\/\/truusk.store\/sv\/produkt\/truusk-staende-spegel-157x50-cm-hylla-2-krokar-metallram-stor-kladspegel-for-sovrum-vardagsrum-hall-svart\/#primaryimage","url":"https:\/\/i0.wp.com\/truusk.store\/wp-content\/uploads\/2025\/06\/helskarmspegel-157-x-50-cm-rektangular-staende-spegel-med-hylla-2-krokar-och-metallram-stor-spegel-kladspegel-for-sovrum-vardagsrum-hall-svart-1.webp?fit=2000%2C2000&ssl=1","contentUrl":"https:\/\/i0.wp.com\/truusk.store\/wp-content\/uploads\/2025\/06\/helskarmspegel-157-x-50-cm-rektangular-staende-spegel-med-hylla-2-krokar-och-metallram-stor-spegel-kladspegel-for-sovrum-vardagsrum-hall-svart-1.webp?fit=2000%2C2000&ssl=1","width":2000,"height":2000},{"@type":"BreadcrumbList","@id":"https:\/\/truusk.store\/sv\/produkt\/truusk-staende-spegel-157x50-cm-hylla-2-krokar-metallram-stor-kladspegel-for-sovrum-vardagsrum-hall-svart\/#breadcrumb","itemListElement":[{"@type":"ListItem","position":1,"name":"Home","item":"https:\/\/truusk.store\/sv\/"},{"@type":"ListItem","position":2,"name":"Shop","item":"https:\/\/truusk.store\/shop\/"},{"@type":"ListItem","position":3,"name":"TRUUSK St\u00e5ende Spegel 157&#215;50 cm &#8211; Hylla &amp; 2 Krokar &#8211; Metallram &#8211; Stor Kl\u00e4dspegel &#8211; F\u00f6r Sovrum, Vardagsrum, Hall &#8211; Svart"}]},{"@type":"WebSite","@id":"https:\/\/truusk.store\/sv\/#website","url":"https:\/\/truusk.store\/sv\/","name":"TRUUSK - Hem, Tr\u00e4dg\u00e5rd & Fritid","description":"","publisher":{"@id":"https:\/\/truusk.store\/sv\/#organization"},"potentialAction":[{"@type":"SearchAction","target":{"@type":"EntryPoint","urlTemplate":"https:\/\/truusk.store\/sv\/?s={search_term_string}"},"query-input":{"@type":"PropertyValueSpecification","valueRequired":true,"valueName":"search_term_string"}}],"inLanguage":"sv-SE"},{"@type":"Organization","@id":"https:\/\/truusk.store\/sv\/#organization","name":"TRUUSK - Hem, Tr\u00e4dg\u00e5rd & Fritid","url":"https:\/\/truusk.store\/sv\/","logo":{"@type":"ImageObject","inLanguage":"sv-SE","@id":"https:\/\/truusk.store\/sv\/#\/schema\/logo\/image\/","url":"https:\/\/i0.wp.com\/truusk.store\/wp-content\/uploads\/2026\/03\/cropped-TRUUSK.png?fit=2032%2C917&ssl=1","contentUrl":"https:\/\/i0.wp.com\/truusk.store\/wp-content\/uploads\/2026\/03\/cropped-TRUUSK.png?fit=2032%2C917&ssl=1","width":2032,"height":917,"caption":"TRUUSK - Hem, Tr\u00e4dg\u00e5rd & Fritid"},"image":{"@id":"https:\/\/truusk.store\/sv\/#\/schema\/logo\/image\/"}}]}},"jetpack_sharing_enabled":true,"_links":{"self":[{"href":"https:\/\/truusk.store\/sv\/wp-json\/wp\/v2\/product\/79397","targetHints":{"allow":["GET"]}}],"collection":[{"href":"https:\/\/truusk.store\/sv\/wp-json\/wp\/v2\/product"}],"about":[{"href":"https:\/\/truusk.store\/sv\/wp-json\/wp\/v2\/types\/product"}],"wp:featuredmedia":[{"embeddable":true,"href":"https:\/\/truusk.store\/sv\/wp-json\/wp\/v2\/media\/79388"}],"wp:attachment":[{"href":"https:\/\/truusk.store\/sv\/wp-json\/wp\/v2\/media?parent=79397"}],"wp:term":[{"taxonomy":"product_brand","embeddable":true,"href":"https:\/\/truusk.store\/sv\/wp-json\/wp\/v2\/product_brand?post=79397"},{"taxonomy":"product_cat","embeddable":true,"href":"https:\/\/truusk.store\/sv\/wp-json\/wp\/v2\/product_cat?post=79397"},{"taxonomy":"product_tag","embeddable":true,"href":"https:\/\/truusk.store\/sv\/wp-json\/wp\/v2\/product_tag?post=79397"}],"curies":[{"name":"wp","href":"https:\/\/api.w.org\/{rel}","templated":true}]}}