{"id":79437,"date":"2025-06-10T06:38:41","date_gmt":"2025-06-10T05:38:41","guid":{"rendered":"https:\/\/truusk.store\/product\/matta-flatvav-tvattbar-anti-slip-koksmatta-med-boho-design-for-terrass-balkong-vardagsrum-kok-170-x-120-cm-gra\/"},"modified":"2026-03-12T08:45:27","modified_gmt":"2026-03-12T07:45:27","slug":"truusk-tvattbar-anti-slip-koksmatta-boho-design-for-terrass-balkong-170x120cm-gra","status":"publish","type":"product","link":"https:\/\/truusk.store\/sv\/produkt\/truusk-tvattbar-anti-slip-koksmatta-boho-design-for-terrass-balkong-170x120cm-gra\/","title":{"rendered":"TRUUSK Tv\u00e4ttbar Anti-Slip K\u00f6ksmatta &#8211; Boho-Design &#8211; F\u00f6r Terrass &amp; Balkong &#8211; 170x120cm &#8211; Gr\u00e5"},"content":{"rendered":"<p>F\u00f6rnya valfria omr\u00e5den med TRUUSK-mattan, tillverkad i plattv\u00e4vd Wilton-teknik, perfekt f\u00f6r allergiker och anv\u00e4ndbar med golvv\u00e4rme. Den boho-vardagsrumsmattan med stilfullt geometriskt design i neutrala f\u00e4rger passar utm\u00e4rkt f\u00f6r inomhus och utomhus, fr\u00e5n sovrummet till tr\u00e4dg\u00e5rden. Dessutom \u00e4r den l\u00e4tt att reng\u00f6ra och idealisk f\u00f6r husdjurs\u00e4gare.<\/p>\n<p>Beskrivning:<\/p>\n<ul>\n<li> Den maskinv\u00e4vda Wilton-plattv\u00e4vda mattan garanterar h\u00e5llbarhet och best\u00e4ndighet<\/li>\n<li> L\u00e4mplig f\u00f6r allergiker, bidrar till ett h\u00e4lsosammare hem<\/li>\n<li> Kompatibel med golvv\u00e4rme, f\u00f6r extra komfort under f\u00f6tterna<\/li>\n<li> Boho-designen p\u00e5 vardagsrumsmattan med ett stilfullt geometriskt m\u00f6nster f\u00f6rb\u00e4ttrar rumsdesignen<\/li>\n<li> L\u00e4mplig f\u00f6r anv\u00e4ndning inomhus och utomhus, m\u00e5ngsidiga placeringsm\u00f6jligheter<\/li>\n<li> L\u00e4tt att reng\u00f6ra med en varm trasa eller i tv\u00e4ttmaskinen<\/li>\n<\/ul>\n<p> Tekniska data:<\/p>\n<ul>\n<li> F\u00e4rg: Gr\u00e5<\/li>\n<li> Material: 100% polypropen<\/li>\n<li> Totala dimensioner: 170L x 120B x 0,5H cm<\/li>\n<li> Nettovikt: 1,84 kg<\/li>\n<\/ul>\n<p>Leveransinneh\u00e5ll:<\/p>\n<ul>\n<li> 1 x Matta;<\/li>\n<\/ul>\n","protected":false},"excerpt":{"rendered":"<p>F\u00f6rnya valfria omr\u00e5den med TRUUSK-mattan, tillverkad i plattv\u00e4vd Wilton-teknik, perfekt f\u00f6r allergiker och anv\u00e4ndbar med golvv\u00e4rme. Den boho-vardagsrumsmattan med stilfullt&#8230;<\/p>\n","protected":false},"featured_media":79427,"template":"","meta":[],"product_brand":[],"product_cat":[871,567,566],"product_tag":[],"class_list":{"0":"post-79437","1":"product","2":"type-product","3":"status-publish","4":"has-post-thumbnail","6":"product_cat-hus-hem","7":"product_cat-kort-lugg-mattor","8":"product_cat-mattor","10":"first","11":"instock","12":"sale","13":"taxable","14":"shipping-taxable","15":"purchasable","16":"product-type-simple"},"yoast_head":"<!-- This site is optimized with the Yoast SEO plugin v25.4 - https:\/\/yoast.com\/wordpress\/plugins\/seo\/ -->\n<title>TRUUSK Tv\u00e4ttbar Anti-Slip K\u00f6ksmatta - Boho-Design - F\u00f6r Terrass &amp; Balkong - 170x120cm - Gr\u00e5 - TRUUSK - Hem, Tr\u00e4dg\u00e5rd &amp; Fritid<\/title>\n<meta name=\"robots\" content=\"index, follow, max-snippet:-1, max-image-preview:large, max-video-preview:-1\" \/>\n<link rel=\"canonical\" href=\"https:\/\/truusk.store\/sv\/produkt\/truusk-tvattbar-anti-slip-koksmatta-boho-design-for-terrass-balkong-170x120cm-gra\/\" \/>\n<meta property=\"og:locale\" content=\"sv_SE\" \/>\n<meta property=\"og:type\" content=\"article\" \/>\n<meta property=\"og:title\" content=\"TRUUSK Tv\u00e4ttbar Anti-Slip K\u00f6ksmatta - Boho-Design - F\u00f6r Terrass &amp; Balkong - 170x120cm - Gr\u00e5 - TRUUSK - Hem, Tr\u00e4dg\u00e5rd &amp; Fritid\" \/>\n<meta property=\"og:description\" content=\"F\u00f6rnya valfria omr\u00e5den med TRUUSK-mattan, tillverkad i plattv\u00e4vd Wilton-teknik, perfekt f\u00f6r allergiker och anv\u00e4ndbar med golvv\u00e4rme. Den boho-vardagsrumsmattan med stilfullt...\" \/>\n<meta property=\"og:url\" content=\"https:\/\/truusk.store\/sv\/produkt\/truusk-tvattbar-anti-slip-koksmatta-boho-design-for-terrass-balkong-170x120cm-gra\/\" \/>\n<meta property=\"og:site_name\" content=\"TRUUSK - Hem, Tr\u00e4dg\u00e5rd &amp; Fritid\" \/>\n<meta property=\"article:modified_time\" content=\"2026-03-12T07:45:27+00:00\" \/>\n<meta property=\"og:image\" content=\"https:\/\/i0.wp.com\/truusk.se\/wp-content\/uploads\/2025\/06\/matta-flatvav-tvattbar-anti-slip-koksmatta-med-boho-design-for-terrass-balkong-vardagsrum-kok-170-x-120-cm-gra-1.webp?fit=2000%2C2000&ssl=1\" \/>\n\t<meta property=\"og:image:width\" content=\"2000\" \/>\n\t<meta property=\"og:image:height\" content=\"2000\" \/>\n\t<meta property=\"og:image:type\" content=\"image\/webp\" \/>\n<meta name=\"twitter:card\" content=\"summary_large_image\" \/>\n<meta name=\"twitter:label1\" content=\"Ber\u00e4knad l\u00e4stid\" \/>\n\t<meta name=\"twitter:data1\" content=\"1 minut\" \/>\n<!-- \/ Yoast SEO plugin. -->","yoast_head_json":{"title":"TRUUSK Tv\u00e4ttbar Anti-Slip K\u00f6ksmatta - Boho-Design - F\u00f6r Terrass &amp; Balkong - 170x120cm - Gr\u00e5 - TRUUSK - Hem, Tr\u00e4dg\u00e5rd &amp; Fritid","robots":{"index":"index","follow":"follow","max-snippet":"max-snippet:-1","max-image-preview":"max-image-preview:large","max-video-preview":"max-video-preview:-1"},"canonical":"https:\/\/truusk.store\/sv\/produkt\/truusk-tvattbar-anti-slip-koksmatta-boho-design-for-terrass-balkong-170x120cm-gra\/","og_locale":"sv_SE","og_type":"article","og_title":"TRUUSK Tv\u00e4ttbar Anti-Slip K\u00f6ksmatta - Boho-Design - F\u00f6r Terrass &amp; Balkong - 170x120cm - Gr\u00e5 - TRUUSK - Hem, Tr\u00e4dg\u00e5rd &amp; Fritid","og_description":"F\u00f6rnya valfria omr\u00e5den med TRUUSK-mattan, tillverkad i plattv\u00e4vd Wilton-teknik, perfekt f\u00f6r allergiker och anv\u00e4ndbar med golvv\u00e4rme. Den boho-vardagsrumsmattan med stilfullt...","og_url":"https:\/\/truusk.store\/sv\/produkt\/truusk-tvattbar-anti-slip-koksmatta-boho-design-for-terrass-balkong-170x120cm-gra\/","og_site_name":"TRUUSK - Hem, Tr\u00e4dg\u00e5rd &amp; Fritid","article_modified_time":"2026-03-12T07:45:27+00:00","og_image":[{"width":2000,"height":2000,"url":"https:\/\/i0.wp.com\/truusk.se\/wp-content\/uploads\/2025\/06\/matta-flatvav-tvattbar-anti-slip-koksmatta-med-boho-design-for-terrass-balkong-vardagsrum-kok-170-x-120-cm-gra-1.webp?fit=2000%2C2000&ssl=1","type":"image\/webp"}],"twitter_card":"summary_large_image","twitter_misc":{"Ber\u00e4knad l\u00e4stid":"1 minut"},"schema":{"@context":"https:\/\/schema.org","@graph":[{"@type":"WebPage","@id":"https:\/\/truusk.store\/sv\/produkt\/truusk-tvattbar-anti-slip-koksmatta-boho-design-for-terrass-balkong-170x120cm-gra\/","url":"https:\/\/truusk.store\/sv\/produkt\/truusk-tvattbar-anti-slip-koksmatta-boho-design-for-terrass-balkong-170x120cm-gra\/","name":"TRUUSK Tv\u00e4ttbar Anti-Slip K\u00f6ksmatta - Boho-Design - F\u00f6r Terrass &amp; Balkong - 170x120cm - Gr\u00e5 - TRUUSK - Hem, Tr\u00e4dg\u00e5rd &amp; Fritid","isPartOf":{"@id":"https:\/\/truusk.store\/sv\/#website"},"primaryImageOfPage":{"@id":"https:\/\/truusk.store\/sv\/produkt\/truusk-tvattbar-anti-slip-koksmatta-boho-design-for-terrass-balkong-170x120cm-gra\/#primaryimage"},"image":{"@id":"https:\/\/truusk.store\/sv\/produkt\/truusk-tvattbar-anti-slip-koksmatta-boho-design-for-terrass-balkong-170x120cm-gra\/#primaryimage"},"thumbnailUrl":"https:\/\/i0.wp.com\/truusk.store\/wp-content\/uploads\/2025\/06\/matta-flatvav-tvattbar-anti-slip-koksmatta-med-boho-design-for-terrass-balkong-vardagsrum-kok-170-x-120-cm-gra-1.webp?fit=2000%2C2000&ssl=1","datePublished":"2025-06-10T05:38:41+00:00","dateModified":"2026-03-12T07:45:27+00:00","breadcrumb":{"@id":"https:\/\/truusk.store\/sv\/produkt\/truusk-tvattbar-anti-slip-koksmatta-boho-design-for-terrass-balkong-170x120cm-gra\/#breadcrumb"},"inLanguage":"sv-SE","potentialAction":[{"@type":"ReadAction","target":["https:\/\/truusk.store\/sv\/produkt\/truusk-tvattbar-anti-slip-koksmatta-boho-design-for-terrass-balkong-170x120cm-gra\/"]}]},{"@type":"ImageObject","inLanguage":"sv-SE","@id":"https:\/\/truusk.store\/sv\/produkt\/truusk-tvattbar-anti-slip-koksmatta-boho-design-for-terrass-balkong-170x120cm-gra\/#primaryimage","url":"https:\/\/i0.wp.com\/truusk.store\/wp-content\/uploads\/2025\/06\/matta-flatvav-tvattbar-anti-slip-koksmatta-med-boho-design-for-terrass-balkong-vardagsrum-kok-170-x-120-cm-gra-1.webp?fit=2000%2C2000&ssl=1","contentUrl":"https:\/\/i0.wp.com\/truusk.store\/wp-content\/uploads\/2025\/06\/matta-flatvav-tvattbar-anti-slip-koksmatta-med-boho-design-for-terrass-balkong-vardagsrum-kok-170-x-120-cm-gra-1.webp?fit=2000%2C2000&ssl=1","width":2000,"height":2000},{"@type":"BreadcrumbList","@id":"https:\/\/truusk.store\/sv\/produkt\/truusk-tvattbar-anti-slip-koksmatta-boho-design-for-terrass-balkong-170x120cm-gra\/#breadcrumb","itemListElement":[{"@type":"ListItem","position":1,"name":"Home","item":"https:\/\/truusk.store\/sv\/"},{"@type":"ListItem","position":2,"name":"Shop","item":"https:\/\/truusk.store\/shop\/"},{"@type":"ListItem","position":3,"name":"TRUUSK Tv\u00e4ttbar Anti-Slip K\u00f6ksmatta &#8211; Boho-Design &#8211; F\u00f6r Terrass &amp; Balkong &#8211; 170x120cm &#8211; Gr\u00e5"}]},{"@type":"WebSite","@id":"https:\/\/truusk.store\/sv\/#website","url":"https:\/\/truusk.store\/sv\/","name":"TRUUSK - Hem, Tr\u00e4dg\u00e5rd & Fritid","description":"","publisher":{"@id":"https:\/\/truusk.store\/sv\/#organization"},"potentialAction":[{"@type":"SearchAction","target":{"@type":"EntryPoint","urlTemplate":"https:\/\/truusk.store\/sv\/?s={search_term_string}"},"query-input":{"@type":"PropertyValueSpecification","valueRequired":true,"valueName":"search_term_string"}}],"inLanguage":"sv-SE"},{"@type":"Organization","@id":"https:\/\/truusk.store\/sv\/#organization","name":"TRUUSK - Hem, Tr\u00e4dg\u00e5rd & Fritid","url":"https:\/\/truusk.store\/sv\/","logo":{"@type":"ImageObject","inLanguage":"sv-SE","@id":"https:\/\/truusk.store\/sv\/#\/schema\/logo\/image\/","url":"https:\/\/i0.wp.com\/truusk.store\/wp-content\/uploads\/2026\/03\/cropped-TRUUSK.png?fit=2032%2C917&ssl=1","contentUrl":"https:\/\/i0.wp.com\/truusk.store\/wp-content\/uploads\/2026\/03\/cropped-TRUUSK.png?fit=2032%2C917&ssl=1","width":2032,"height":917,"caption":"TRUUSK - Hem, Tr\u00e4dg\u00e5rd & Fritid"},"image":{"@id":"https:\/\/truusk.store\/sv\/#\/schema\/logo\/image\/"}}]}},"jetpack_sharing_enabled":true,"_links":{"self":[{"href":"https:\/\/truusk.store\/sv\/wp-json\/wp\/v2\/product\/79437","targetHints":{"allow":["GET"]}}],"collection":[{"href":"https:\/\/truusk.store\/sv\/wp-json\/wp\/v2\/product"}],"about":[{"href":"https:\/\/truusk.store\/sv\/wp-json\/wp\/v2\/types\/product"}],"wp:featuredmedia":[{"embeddable":true,"href":"https:\/\/truusk.store\/sv\/wp-json\/wp\/v2\/media\/79427"}],"wp:attachment":[{"href":"https:\/\/truusk.store\/sv\/wp-json\/wp\/v2\/media?parent=79437"}],"wp:term":[{"taxonomy":"product_brand","embeddable":true,"href":"https:\/\/truusk.store\/sv\/wp-json\/wp\/v2\/product_brand?post=79437"},{"taxonomy":"product_cat","embeddable":true,"href":"https:\/\/truusk.store\/sv\/wp-json\/wp\/v2\/product_cat?post=79437"},{"taxonomy":"product_tag","embeddable":true,"href":"https:\/\/truusk.store\/sv\/wp-json\/wp\/v2\/product_tag?post=79437"}],"curies":[{"name":"wp","href":"https:\/\/api.w.org\/{rel}","templated":true}]}}