{"id":79457,"date":"2025-06-10T06:40:42","date_gmt":"2025-06-10T05:40:42","guid":{"rendered":"https:\/\/truusk.store\/product\/motorcykel-rengoringsstall-rullstall-hjul-rotationshjalp-bakdack-rengoringshjalp-kedjevard-for-dackrengoring-kedjesmorjning-groller-cykel\/"},"modified":"2026-03-12T08:45:17","modified_gmt":"2026-03-12T07:45:17","slug":"truusk-motorcykel-rengoringsstall-rullstall-med-hjul-rotationshjalp-for-dackrengoring-kedjesmorjning-cykel-svart","status":"publish","type":"product","link":"https:\/\/truusk.store\/sv\/produkt\/truusk-motorcykel-rengoringsstall-rullstall-med-hjul-rotationshjalp-for-dackrengoring-kedjesmorjning-cykel-svart\/","title":{"rendered":"TRUUSK Motorcykel Reng\u00f6ringsst\u00e4ll &#8211; Rullst\u00e4ll med Hjul &#8211; Rotationshj\u00e4lp &#8211; F\u00f6r D\u00e4ckreng\u00f6ring &amp; Kedjesm\u00f6rjning &#8211; Cykel &#8211; Svart"},"content":{"rendered":"<p>Optimera sk\u00f6tseln av hjul och kedja p\u00e5 din motorcykel med TRUUSK Motorcykelrullst\u00e4ll! Utvecklad f\u00f6r d\u00e4ck upp till 180 mm, erbjuder denna hjulrotationshj\u00e4lp en stabil st\u00e5lram och aluminiumrullar som kan b\u00e4ra laster upp till 220 kg. Placera helt enkelt din motorcykel p\u00e5 de lutande rullarna f\u00f6r att enkelt reng\u00f6ra hjulen och sm\u00f6rja kedjan. Tack vare den kompakta designen \u00e4r reng\u00f6ringsst\u00e4llet l\u00e4tt att f\u00f6rvara och transportera.<\/p>\n<p>Beskrivning:<\/p>\n<ul>\n<li> Rullst\u00e4llet m\u00f6jligg\u00f6r enkel reng\u00f6ring av hjulen och sm\u00f6rjning av kedjan f\u00f6r d\u00e4ck under 180 mm<\/li>\n<li> St\u00e5lramen och aluminiumrullarna p\u00e5 rullst\u00e4llet kan b\u00e4ra upp till 220 kg<\/li>\n<li> Rullarna m\u00f6jligg\u00f6r enkel hjulrotation f\u00f6r okomplicerad reng\u00f6ring och underh\u00e5ll<\/li>\n<li> Rampformade rullar underl\u00e4ttar flyttning och placering av cykeln<\/li>\n<li> Den kompakta storleken p\u00e5 hjulrotationshj\u00e4lpen garanterar bekv\u00e4m f\u00f6rvaring och transport<\/li>\n<li> Ingen montering kr\u00e4vs<\/li>\n<\/ul>\n<p> Tekniska data:<\/p>\n<ul>\n<li> F\u00e4rg: Orange<\/li>\n<li> Material: Metall, Aluminium<\/li>\n<li> Totala dimensioner: 15L x 11,5B x 4H cm<\/li>\n<li> Passar f\u00f6r d\u00e4ckbredd: under 180 mm<\/li>\n<li> B\u00e4rkapacitet: 220 kg<\/li>\n<\/ul>\n<p>Leveransinneh\u00e5ll:<\/p>\n<ul>\n<li> 1 x Rullst\u00e4ll<\/li>\n<li> 1 x Bruksanvisning<\/li>\n<\/ul>\n","protected":false},"excerpt":{"rendered":"<p>Optimera sk\u00f6tseln av hjul och kedja p\u00e5 din motorcykel med TRUUSK Motorcykelrullst\u00e4ll! Utvecklad f\u00f6r d\u00e4ck upp till 180 mm, erbjuder&#8230;<\/p>\n","protected":false},"featured_media":79448,"template":"","meta":[],"product_brand":[],"product_cat":[652,654,1033,647],"product_tag":[],"class_list":{"0":"post-79457","1":"product","2":"type-product","3":"status-publish","4":"has-post-thumbnail","6":"product_cat-cykel","7":"product_cat-cykeltillbehor","8":"product_cat-fahrrad-montagestander","9":"product_cat-sport-fritid","11":"first","12":"instock","13":"sale","14":"taxable","15":"shipping-taxable","16":"purchasable","17":"product-type-simple"},"yoast_head":"<!-- This site is optimized with the Yoast SEO plugin v25.4 - https:\/\/yoast.com\/wordpress\/plugins\/seo\/ -->\n<title>TRUUSK Motorcykel Reng\u00f6ringsst\u00e4ll - Rullst\u00e4ll med Hjul - Rotationshj\u00e4lp - F\u00f6r D\u00e4ckreng\u00f6ring &amp; Kedjesm\u00f6rjning - Cykel - Svart - TRUUSK - Hem, Tr\u00e4dg\u00e5rd &amp; Fritid<\/title>\n<meta name=\"robots\" content=\"index, follow, max-snippet:-1, max-image-preview:large, max-video-preview:-1\" \/>\n<link rel=\"canonical\" href=\"https:\/\/truusk.store\/sv\/produkt\/truusk-motorcykel-rengoringsstall-rullstall-med-hjul-rotationshjalp-for-dackrengoring-kedjesmorjning-cykel-svart\/\" \/>\n<meta property=\"og:locale\" content=\"sv_SE\" \/>\n<meta property=\"og:type\" content=\"article\" \/>\n<meta property=\"og:title\" content=\"TRUUSK Motorcykel Reng\u00f6ringsst\u00e4ll - Rullst\u00e4ll med Hjul - Rotationshj\u00e4lp - F\u00f6r D\u00e4ckreng\u00f6ring &amp; Kedjesm\u00f6rjning - Cykel - Svart - TRUUSK - Hem, Tr\u00e4dg\u00e5rd &amp; Fritid\" \/>\n<meta property=\"og:description\" content=\"Optimera sk\u00f6tseln av hjul och kedja p\u00e5 din motorcykel med TRUUSK Motorcykelrullst\u00e4ll! Utvecklad f\u00f6r d\u00e4ck upp till 180 mm, erbjuder...\" \/>\n<meta property=\"og:url\" content=\"https:\/\/truusk.store\/sv\/produkt\/truusk-motorcykel-rengoringsstall-rullstall-med-hjul-rotationshjalp-for-dackrengoring-kedjesmorjning-cykel-svart\/\" \/>\n<meta property=\"og:site_name\" content=\"TRUUSK - Hem, Tr\u00e4dg\u00e5rd &amp; Fritid\" \/>\n<meta property=\"article:modified_time\" content=\"2026-03-12T07:45:17+00:00\" \/>\n<meta property=\"og:image\" content=\"https:\/\/i0.wp.com\/truusk.se\/wp-content\/uploads\/2025\/06\/motorcykel-rengoringsstall-rullstall-hjul-rotationshjalp-bakdack-rengoringshjalp-kedjevard-for-dackrengoring-kedjesmorjning-groller-cykel-1.webp?fit=2000%2C2000&ssl=1\" \/>\n\t<meta property=\"og:image:width\" content=\"2000\" \/>\n\t<meta property=\"og:image:height\" content=\"2000\" \/>\n\t<meta property=\"og:image:type\" content=\"image\/webp\" \/>\n<meta name=\"twitter:card\" content=\"summary_large_image\" \/>\n<meta name=\"twitter:label1\" content=\"Ber\u00e4knad l\u00e4stid\" \/>\n\t<meta name=\"twitter:data1\" content=\"1 minut\" \/>\n<!-- \/ Yoast SEO plugin. -->","yoast_head_json":{"title":"TRUUSK Motorcykel Reng\u00f6ringsst\u00e4ll - Rullst\u00e4ll med Hjul - Rotationshj\u00e4lp - F\u00f6r D\u00e4ckreng\u00f6ring &amp; Kedjesm\u00f6rjning - Cykel - Svart - TRUUSK - Hem, Tr\u00e4dg\u00e5rd &amp; Fritid","robots":{"index":"index","follow":"follow","max-snippet":"max-snippet:-1","max-image-preview":"max-image-preview:large","max-video-preview":"max-video-preview:-1"},"canonical":"https:\/\/truusk.store\/sv\/produkt\/truusk-motorcykel-rengoringsstall-rullstall-med-hjul-rotationshjalp-for-dackrengoring-kedjesmorjning-cykel-svart\/","og_locale":"sv_SE","og_type":"article","og_title":"TRUUSK Motorcykel Reng\u00f6ringsst\u00e4ll - Rullst\u00e4ll med Hjul - Rotationshj\u00e4lp - F\u00f6r D\u00e4ckreng\u00f6ring &amp; Kedjesm\u00f6rjning - Cykel - Svart - TRUUSK - Hem, Tr\u00e4dg\u00e5rd &amp; Fritid","og_description":"Optimera sk\u00f6tseln av hjul och kedja p\u00e5 din motorcykel med TRUUSK Motorcykelrullst\u00e4ll! Utvecklad f\u00f6r d\u00e4ck upp till 180 mm, erbjuder...","og_url":"https:\/\/truusk.store\/sv\/produkt\/truusk-motorcykel-rengoringsstall-rullstall-med-hjul-rotationshjalp-for-dackrengoring-kedjesmorjning-cykel-svart\/","og_site_name":"TRUUSK - Hem, Tr\u00e4dg\u00e5rd &amp; Fritid","article_modified_time":"2026-03-12T07:45:17+00:00","og_image":[{"width":2000,"height":2000,"url":"https:\/\/i0.wp.com\/truusk.se\/wp-content\/uploads\/2025\/06\/motorcykel-rengoringsstall-rullstall-hjul-rotationshjalp-bakdack-rengoringshjalp-kedjevard-for-dackrengoring-kedjesmorjning-groller-cykel-1.webp?fit=2000%2C2000&ssl=1","type":"image\/webp"}],"twitter_card":"summary_large_image","twitter_misc":{"Ber\u00e4knad l\u00e4stid":"1 minut"},"schema":{"@context":"https:\/\/schema.org","@graph":[{"@type":"WebPage","@id":"https:\/\/truusk.store\/sv\/produkt\/truusk-motorcykel-rengoringsstall-rullstall-med-hjul-rotationshjalp-for-dackrengoring-kedjesmorjning-cykel-svart\/","url":"https:\/\/truusk.store\/sv\/produkt\/truusk-motorcykel-rengoringsstall-rullstall-med-hjul-rotationshjalp-for-dackrengoring-kedjesmorjning-cykel-svart\/","name":"TRUUSK Motorcykel Reng\u00f6ringsst\u00e4ll - Rullst\u00e4ll med Hjul - Rotationshj\u00e4lp - F\u00f6r D\u00e4ckreng\u00f6ring &amp; Kedjesm\u00f6rjning - Cykel - Svart - TRUUSK - Hem, Tr\u00e4dg\u00e5rd &amp; Fritid","isPartOf":{"@id":"https:\/\/truusk.store\/sv\/#website"},"primaryImageOfPage":{"@id":"https:\/\/truusk.store\/sv\/produkt\/truusk-motorcykel-rengoringsstall-rullstall-med-hjul-rotationshjalp-for-dackrengoring-kedjesmorjning-cykel-svart\/#primaryimage"},"image":{"@id":"https:\/\/truusk.store\/sv\/produkt\/truusk-motorcykel-rengoringsstall-rullstall-med-hjul-rotationshjalp-for-dackrengoring-kedjesmorjning-cykel-svart\/#primaryimage"},"thumbnailUrl":"https:\/\/i0.wp.com\/truusk.store\/wp-content\/uploads\/2025\/06\/motorcykel-rengoringsstall-rullstall-hjul-rotationshjalp-bakdack-rengoringshjalp-kedjevard-for-dackrengoring-kedjesmorjning-groller-cykel-1.webp?fit=2000%2C2000&ssl=1","datePublished":"2025-06-10T05:40:42+00:00","dateModified":"2026-03-12T07:45:17+00:00","breadcrumb":{"@id":"https:\/\/truusk.store\/sv\/produkt\/truusk-motorcykel-rengoringsstall-rullstall-med-hjul-rotationshjalp-for-dackrengoring-kedjesmorjning-cykel-svart\/#breadcrumb"},"inLanguage":"sv-SE","potentialAction":[{"@type":"ReadAction","target":["https:\/\/truusk.store\/sv\/produkt\/truusk-motorcykel-rengoringsstall-rullstall-med-hjul-rotationshjalp-for-dackrengoring-kedjesmorjning-cykel-svart\/"]}]},{"@type":"ImageObject","inLanguage":"sv-SE","@id":"https:\/\/truusk.store\/sv\/produkt\/truusk-motorcykel-rengoringsstall-rullstall-med-hjul-rotationshjalp-for-dackrengoring-kedjesmorjning-cykel-svart\/#primaryimage","url":"https:\/\/i0.wp.com\/truusk.store\/wp-content\/uploads\/2025\/06\/motorcykel-rengoringsstall-rullstall-hjul-rotationshjalp-bakdack-rengoringshjalp-kedjevard-for-dackrengoring-kedjesmorjning-groller-cykel-1.webp?fit=2000%2C2000&ssl=1","contentUrl":"https:\/\/i0.wp.com\/truusk.store\/wp-content\/uploads\/2025\/06\/motorcykel-rengoringsstall-rullstall-hjul-rotationshjalp-bakdack-rengoringshjalp-kedjevard-for-dackrengoring-kedjesmorjning-groller-cykel-1.webp?fit=2000%2C2000&ssl=1","width":2000,"height":2000},{"@type":"BreadcrumbList","@id":"https:\/\/truusk.store\/sv\/produkt\/truusk-motorcykel-rengoringsstall-rullstall-med-hjul-rotationshjalp-for-dackrengoring-kedjesmorjning-cykel-svart\/#breadcrumb","itemListElement":[{"@type":"ListItem","position":1,"name":"Home","item":"https:\/\/truusk.store\/sv\/"},{"@type":"ListItem","position":2,"name":"Shop","item":"https:\/\/truusk.store\/shop\/"},{"@type":"ListItem","position":3,"name":"TRUUSK Motorcykel Reng\u00f6ringsst\u00e4ll &#8211; Rullst\u00e4ll med Hjul &#8211; Rotationshj\u00e4lp &#8211; F\u00f6r D\u00e4ckreng\u00f6ring &amp; Kedjesm\u00f6rjning &#8211; Cykel &#8211; Svart"}]},{"@type":"WebSite","@id":"https:\/\/truusk.store\/sv\/#website","url":"https:\/\/truusk.store\/sv\/","name":"TRUUSK - Hem, Tr\u00e4dg\u00e5rd & Fritid","description":"","publisher":{"@id":"https:\/\/truusk.store\/sv\/#organization"},"potentialAction":[{"@type":"SearchAction","target":{"@type":"EntryPoint","urlTemplate":"https:\/\/truusk.store\/sv\/?s={search_term_string}"},"query-input":{"@type":"PropertyValueSpecification","valueRequired":true,"valueName":"search_term_string"}}],"inLanguage":"sv-SE"},{"@type":"Organization","@id":"https:\/\/truusk.store\/sv\/#organization","name":"TRUUSK - Hem, Tr\u00e4dg\u00e5rd & Fritid","url":"https:\/\/truusk.store\/sv\/","logo":{"@type":"ImageObject","inLanguage":"sv-SE","@id":"https:\/\/truusk.store\/sv\/#\/schema\/logo\/image\/","url":"https:\/\/i0.wp.com\/truusk.store\/wp-content\/uploads\/2026\/03\/cropped-TRUUSK.png?fit=2032%2C917&ssl=1","contentUrl":"https:\/\/i0.wp.com\/truusk.store\/wp-content\/uploads\/2026\/03\/cropped-TRUUSK.png?fit=2032%2C917&ssl=1","width":2032,"height":917,"caption":"TRUUSK - Hem, Tr\u00e4dg\u00e5rd & Fritid"},"image":{"@id":"https:\/\/truusk.store\/sv\/#\/schema\/logo\/image\/"}}]}},"jetpack_sharing_enabled":true,"_links":{"self":[{"href":"https:\/\/truusk.store\/sv\/wp-json\/wp\/v2\/product\/79457","targetHints":{"allow":["GET"]}}],"collection":[{"href":"https:\/\/truusk.store\/sv\/wp-json\/wp\/v2\/product"}],"about":[{"href":"https:\/\/truusk.store\/sv\/wp-json\/wp\/v2\/types\/product"}],"wp:featuredmedia":[{"embeddable":true,"href":"https:\/\/truusk.store\/sv\/wp-json\/wp\/v2\/media\/79448"}],"wp:attachment":[{"href":"https:\/\/truusk.store\/sv\/wp-json\/wp\/v2\/media?parent=79457"}],"wp:term":[{"taxonomy":"product_brand","embeddable":true,"href":"https:\/\/truusk.store\/sv\/wp-json\/wp\/v2\/product_brand?post=79457"},{"taxonomy":"product_cat","embeddable":true,"href":"https:\/\/truusk.store\/sv\/wp-json\/wp\/v2\/product_cat?post=79457"},{"taxonomy":"product_tag","embeddable":true,"href":"https:\/\/truusk.store\/sv\/wp-json\/wp\/v2\/product_tag?post=79457"}],"curies":[{"name":"wp","href":"https:\/\/api.w.org\/{rel}","templated":true}]}}