{"id":79507,"date":"2025-06-10T06:45:46","date_gmt":"2025-06-10T05:45:46","guid":{"rendered":"https:\/\/truusk.store\/product\/golvstol-360-roterbar-golvstol-med-5-position-justerbar-ryggstod-hopfallbar-golvsoffa-meditationsstol-vadderad-lat-soffa-for-vardagsrum-gaming-lasning-gron\/"},"modified":"2026-03-12T08:45:11","modified_gmt":"2026-03-12T07:45:11","slug":"truusk-360-roterbar-golvstol-5-position-justerbart-ryggstod-hopfallbar-meditationsstol-vadderad-lat-soffa-for-gaming","status":"publish","type":"product","link":"https:\/\/truusk.store\/sv\/produkt\/truusk-360-roterbar-golvstol-5-position-justerbart-ryggstod-hopfallbar-meditationsstol-vadderad-lat-soffa-for-gaming\/","title":{"rendered":"TRUUSK 360\u00b0 Roterbar Golvstol &#8211; 5-Position Justerbart Ryggst\u00f6d &#8211; Hopf\u00e4llbar Meditationsstol &#8211; Vadderad Lat Soffa &#8211; F\u00f6r Gaming &amp;"},"content":{"rendered":"<p>Avsluta dagen avslappnat med TRUUSK golvstolen, som erbjuder 360\u00b0 roteringsfrihet f\u00f6r att enkelt interagera med omgivningen. Letar du efter komfort? Ryggst\u00f6det p\u00e5 den lata soffan kan justeras individuellt och minskar din sp\u00e4nning. Dess stabila st\u00e5lram lovar l\u00e5ngvarig tillf\u00f6rlitlighet. G\u00f6r ditt hem till en oas av v\u00e4lbefinnande med denna flexibla och bekv\u00e4ma m\u00f6bel.<\/p>\n<p>Beskrivning:<\/p>\n<ul>\n<li> Kan enkelt roteras 360\u00b0<\/li>\n<li> Fem justerbara ryggst\u00f6dsvinklar p\u00e5 meditationsstolen f\u00f6r individuell komfort<\/li>\n<li> H\u00f6g densitet skum och PP-bomullsfyllning ger en omslutande sittupplevelse<\/li>\n<li> L\u00e4tt design av golvstolen m\u00f6jligg\u00f6r enkel omplacering och anpassning av rummet<\/li>\n<li> Robust st\u00e5lram garanterar l\u00e5ngvarigt st\u00f6d och stabilitet<\/li>\n<li> Enkel montering kr\u00e4vs<\/li>\n<\/ul>\n<p> Tekniska data:<\/p>\n<ul>\n<li> F\u00e4rg: Gr\u00f6n<\/li>\n<li> Material: Sammet imitation (100 % polyester), skum, st\u00e5l<\/li>\n<li> Totala dimensioner: 62B x 70T x 95H cm<\/li>\n<li> Sitsstorlek: 62B x 62T cm<\/li>\n<li> Sitth\u00f6jd: 40 cm<\/li>\n<li> Tjocklek p\u00e5 sits-\/ryggdyna: 17 cm<\/li>\n<li> Ryggst\u00f6dsstorlek: 60B x 70H cm<\/li>\n<li> Maximal lutningsdimension: 70B x 110T x 80H cm<\/li>\n<li> Maximal belastning: 120 kg<\/li>\n<\/ul>\n<p>Leveransinneh\u00e5ll:<\/p>\n<ul>\n<li> 1 x Golvstol<\/li>\n<li> 1 x Bruksanvisning<\/li>\n<\/ul>\n","protected":false},"excerpt":{"rendered":"<p>Avsluta dagen avslappnat med TRUUSK golvstolen, som erbjuder 360\u00b0 roteringsfrihet f\u00f6r att enkelt interagera med omgivningen. Letar du efter komfort?&#8230;<\/p>\n","protected":false},"featured_media":79498,"template":"","meta":[],"product_brand":[],"product_cat":[521,871,973,910],"product_tag":[],"class_list":{"0":"post-79507","1":"product","2":"type-product","3":"status-publish","4":"has-post-thumbnail","6":"product_cat-fatolj","7":"product_cat-hus-hem","8":"product_cat-sitzkissen","9":"product_cat-vardagsrum","11":"first","12":"instock","13":"sale","14":"taxable","15":"shipping-taxable","16":"purchasable","17":"product-type-simple"},"yoast_head":"<!-- This site is optimized with the Yoast SEO plugin v25.4 - https:\/\/yoast.com\/wordpress\/plugins\/seo\/ -->\n<title>TRUUSK 360\u00b0 Roterbar Golvstol - 5-Position Justerbart Ryggst\u00f6d - Hopf\u00e4llbar Meditationsstol - Vadderad Lat Soffa - F\u00f6r Gaming &amp; - TRUUSK - Hem, Tr\u00e4dg\u00e5rd &amp; Fritid<\/title>\n<meta name=\"robots\" content=\"index, follow, max-snippet:-1, max-image-preview:large, max-video-preview:-1\" \/>\n<link rel=\"canonical\" href=\"https:\/\/truusk.store\/sv\/produkt\/truusk-360-roterbar-golvstol-5-position-justerbart-ryggstod-hopfallbar-meditationsstol-vadderad-lat-soffa-for-gaming\/\" \/>\n<meta property=\"og:locale\" content=\"sv_SE\" \/>\n<meta property=\"og:type\" content=\"article\" \/>\n<meta property=\"og:title\" content=\"TRUUSK 360\u00b0 Roterbar Golvstol - 5-Position Justerbart Ryggst\u00f6d - Hopf\u00e4llbar Meditationsstol - Vadderad Lat Soffa - F\u00f6r Gaming &amp; - TRUUSK - Hem, Tr\u00e4dg\u00e5rd &amp; Fritid\" \/>\n<meta property=\"og:description\" content=\"Avsluta dagen avslappnat med TRUUSK golvstolen, som erbjuder 360\u00b0 roteringsfrihet f\u00f6r att enkelt interagera med omgivningen. Letar du efter komfort?...\" \/>\n<meta property=\"og:url\" content=\"https:\/\/truusk.store\/sv\/produkt\/truusk-360-roterbar-golvstol-5-position-justerbart-ryggstod-hopfallbar-meditationsstol-vadderad-lat-soffa-for-gaming\/\" \/>\n<meta property=\"og:site_name\" content=\"TRUUSK - Hem, Tr\u00e4dg\u00e5rd &amp; Fritid\" \/>\n<meta property=\"article:modified_time\" content=\"2026-03-12T07:45:11+00:00\" \/>\n<meta property=\"og:image\" content=\"https:\/\/i0.wp.com\/truusk.se\/wp-content\/uploads\/2025\/06\/golvstol-360-roterbar-golvstol-med-5-position-justerbar-ryggstod-hopfallbar-golvsoffa-meditationsstol-vadderad-lat-soffa-for-vardagsrum-gaming-lasning-gron-1.webp?fit=2000%2C2000&ssl=1\" \/>\n\t<meta property=\"og:image:width\" content=\"2000\" \/>\n\t<meta property=\"og:image:height\" content=\"2000\" \/>\n\t<meta property=\"og:image:type\" content=\"image\/webp\" \/>\n<meta name=\"twitter:card\" content=\"summary_large_image\" \/>\n<meta name=\"twitter:label1\" content=\"Ber\u00e4knad l\u00e4stid\" \/>\n\t<meta name=\"twitter:data1\" content=\"1 minut\" \/>\n<!-- \/ Yoast SEO plugin. -->","yoast_head_json":{"title":"TRUUSK 360\u00b0 Roterbar Golvstol - 5-Position Justerbart Ryggst\u00f6d - Hopf\u00e4llbar Meditationsstol - Vadderad Lat Soffa - F\u00f6r Gaming &amp; - TRUUSK - Hem, Tr\u00e4dg\u00e5rd &amp; Fritid","robots":{"index":"index","follow":"follow","max-snippet":"max-snippet:-1","max-image-preview":"max-image-preview:large","max-video-preview":"max-video-preview:-1"},"canonical":"https:\/\/truusk.store\/sv\/produkt\/truusk-360-roterbar-golvstol-5-position-justerbart-ryggstod-hopfallbar-meditationsstol-vadderad-lat-soffa-for-gaming\/","og_locale":"sv_SE","og_type":"article","og_title":"TRUUSK 360\u00b0 Roterbar Golvstol - 5-Position Justerbart Ryggst\u00f6d - Hopf\u00e4llbar Meditationsstol - Vadderad Lat Soffa - F\u00f6r Gaming &amp; - TRUUSK - Hem, Tr\u00e4dg\u00e5rd &amp; Fritid","og_description":"Avsluta dagen avslappnat med TRUUSK golvstolen, som erbjuder 360\u00b0 roteringsfrihet f\u00f6r att enkelt interagera med omgivningen. Letar du efter komfort?...","og_url":"https:\/\/truusk.store\/sv\/produkt\/truusk-360-roterbar-golvstol-5-position-justerbart-ryggstod-hopfallbar-meditationsstol-vadderad-lat-soffa-for-gaming\/","og_site_name":"TRUUSK - Hem, Tr\u00e4dg\u00e5rd &amp; Fritid","article_modified_time":"2026-03-12T07:45:11+00:00","og_image":[{"width":2000,"height":2000,"url":"https:\/\/i0.wp.com\/truusk.se\/wp-content\/uploads\/2025\/06\/golvstol-360-roterbar-golvstol-med-5-position-justerbar-ryggstod-hopfallbar-golvsoffa-meditationsstol-vadderad-lat-soffa-for-vardagsrum-gaming-lasning-gron-1.webp?fit=2000%2C2000&ssl=1","type":"image\/webp"}],"twitter_card":"summary_large_image","twitter_misc":{"Ber\u00e4knad l\u00e4stid":"1 minut"},"schema":{"@context":"https:\/\/schema.org","@graph":[{"@type":"WebPage","@id":"https:\/\/truusk.store\/sv\/produkt\/truusk-360-roterbar-golvstol-5-position-justerbart-ryggstod-hopfallbar-meditationsstol-vadderad-lat-soffa-for-gaming\/","url":"https:\/\/truusk.store\/sv\/produkt\/truusk-360-roterbar-golvstol-5-position-justerbart-ryggstod-hopfallbar-meditationsstol-vadderad-lat-soffa-for-gaming\/","name":"TRUUSK 360\u00b0 Roterbar Golvstol - 5-Position Justerbart Ryggst\u00f6d - Hopf\u00e4llbar Meditationsstol - Vadderad Lat Soffa - F\u00f6r Gaming &amp; - TRUUSK - Hem, Tr\u00e4dg\u00e5rd &amp; Fritid","isPartOf":{"@id":"https:\/\/truusk.store\/sv\/#website"},"primaryImageOfPage":{"@id":"https:\/\/truusk.store\/sv\/produkt\/truusk-360-roterbar-golvstol-5-position-justerbart-ryggstod-hopfallbar-meditationsstol-vadderad-lat-soffa-for-gaming\/#primaryimage"},"image":{"@id":"https:\/\/truusk.store\/sv\/produkt\/truusk-360-roterbar-golvstol-5-position-justerbart-ryggstod-hopfallbar-meditationsstol-vadderad-lat-soffa-for-gaming\/#primaryimage"},"thumbnailUrl":"https:\/\/i0.wp.com\/truusk.store\/wp-content\/uploads\/2025\/06\/golvstol-360-roterbar-golvstol-med-5-position-justerbar-ryggstod-hopfallbar-golvsoffa-meditationsstol-vadderad-lat-soffa-for-vardagsrum-gaming-lasning-gron-1.webp?fit=2000%2C2000&ssl=1","datePublished":"2025-06-10T05:45:46+00:00","dateModified":"2026-03-12T07:45:11+00:00","breadcrumb":{"@id":"https:\/\/truusk.store\/sv\/produkt\/truusk-360-roterbar-golvstol-5-position-justerbart-ryggstod-hopfallbar-meditationsstol-vadderad-lat-soffa-for-gaming\/#breadcrumb"},"inLanguage":"sv-SE","potentialAction":[{"@type":"ReadAction","target":["https:\/\/truusk.store\/sv\/produkt\/truusk-360-roterbar-golvstol-5-position-justerbart-ryggstod-hopfallbar-meditationsstol-vadderad-lat-soffa-for-gaming\/"]}]},{"@type":"ImageObject","inLanguage":"sv-SE","@id":"https:\/\/truusk.store\/sv\/produkt\/truusk-360-roterbar-golvstol-5-position-justerbart-ryggstod-hopfallbar-meditationsstol-vadderad-lat-soffa-for-gaming\/#primaryimage","url":"https:\/\/i0.wp.com\/truusk.store\/wp-content\/uploads\/2025\/06\/golvstol-360-roterbar-golvstol-med-5-position-justerbar-ryggstod-hopfallbar-golvsoffa-meditationsstol-vadderad-lat-soffa-for-vardagsrum-gaming-lasning-gron-1.webp?fit=2000%2C2000&ssl=1","contentUrl":"https:\/\/i0.wp.com\/truusk.store\/wp-content\/uploads\/2025\/06\/golvstol-360-roterbar-golvstol-med-5-position-justerbar-ryggstod-hopfallbar-golvsoffa-meditationsstol-vadderad-lat-soffa-for-vardagsrum-gaming-lasning-gron-1.webp?fit=2000%2C2000&ssl=1","width":2000,"height":2000},{"@type":"BreadcrumbList","@id":"https:\/\/truusk.store\/sv\/produkt\/truusk-360-roterbar-golvstol-5-position-justerbart-ryggstod-hopfallbar-meditationsstol-vadderad-lat-soffa-for-gaming\/#breadcrumb","itemListElement":[{"@type":"ListItem","position":1,"name":"Home","item":"https:\/\/truusk.store\/sv\/"},{"@type":"ListItem","position":2,"name":"Shop","item":"https:\/\/truusk.store\/shop\/"},{"@type":"ListItem","position":3,"name":"TRUUSK 360\u00b0 Roterbar Golvstol &#8211; 5-Position Justerbart Ryggst\u00f6d &#8211; Hopf\u00e4llbar Meditationsstol &#8211; Vadderad Lat Soffa &#8211; F\u00f6r Gaming &amp;"}]},{"@type":"WebSite","@id":"https:\/\/truusk.store\/sv\/#website","url":"https:\/\/truusk.store\/sv\/","name":"TRUUSK - Hem, Tr\u00e4dg\u00e5rd & Fritid","description":"","publisher":{"@id":"https:\/\/truusk.store\/sv\/#organization"},"potentialAction":[{"@type":"SearchAction","target":{"@type":"EntryPoint","urlTemplate":"https:\/\/truusk.store\/sv\/?s={search_term_string}"},"query-input":{"@type":"PropertyValueSpecification","valueRequired":true,"valueName":"search_term_string"}}],"inLanguage":"sv-SE"},{"@type":"Organization","@id":"https:\/\/truusk.store\/sv\/#organization","name":"TRUUSK - Hem, Tr\u00e4dg\u00e5rd & Fritid","url":"https:\/\/truusk.store\/sv\/","logo":{"@type":"ImageObject","inLanguage":"sv-SE","@id":"https:\/\/truusk.store\/sv\/#\/schema\/logo\/image\/","url":"https:\/\/i0.wp.com\/truusk.store\/wp-content\/uploads\/2026\/03\/cropped-TRUUSK.png?fit=2032%2C917&ssl=1","contentUrl":"https:\/\/i0.wp.com\/truusk.store\/wp-content\/uploads\/2026\/03\/cropped-TRUUSK.png?fit=2032%2C917&ssl=1","width":2032,"height":917,"caption":"TRUUSK - Hem, Tr\u00e4dg\u00e5rd & Fritid"},"image":{"@id":"https:\/\/truusk.store\/sv\/#\/schema\/logo\/image\/"}}]}},"jetpack_sharing_enabled":true,"_links":{"self":[{"href":"https:\/\/truusk.store\/sv\/wp-json\/wp\/v2\/product\/79507","targetHints":{"allow":["GET"]}}],"collection":[{"href":"https:\/\/truusk.store\/sv\/wp-json\/wp\/v2\/product"}],"about":[{"href":"https:\/\/truusk.store\/sv\/wp-json\/wp\/v2\/types\/product"}],"wp:featuredmedia":[{"embeddable":true,"href":"https:\/\/truusk.store\/sv\/wp-json\/wp\/v2\/media\/79498"}],"wp:attachment":[{"href":"https:\/\/truusk.store\/sv\/wp-json\/wp\/v2\/media?parent=79507"}],"wp:term":[{"taxonomy":"product_brand","embeddable":true,"href":"https:\/\/truusk.store\/sv\/wp-json\/wp\/v2\/product_brand?post=79507"},{"taxonomy":"product_cat","embeddable":true,"href":"https:\/\/truusk.store\/sv\/wp-json\/wp\/v2\/product_cat?post=79507"},{"taxonomy":"product_tag","embeddable":true,"href":"https:\/\/truusk.store\/sv\/wp-json\/wp\/v2\/product_tag?post=79507"}],"curies":[{"name":"wp","href":"https:\/\/api.w.org\/{rel}","templated":true}]}}