{"id":79517,"date":"2025-06-10T06:46:49","date_gmt":"2025-06-10T05:46:49","guid":{"rendered":"https:\/\/truusk.store\/product\/helspegel-40-x-160-cm-staende-spegel-med-led-ljus-3-ljusfarger-vagg-spegel-med-touch-kontroll-golv-spegel-for-sovrum-vardagsrum-ek\/"},"modified":"2026-03-12T09:44:40","modified_gmt":"2026-03-12T08:44:40","slug":"truusk-staande-led-spegel-40-x-160-cm-3-ljusfarger-touchkontroll-for-sovrum-och-vardagsrum-ek","status":"publish","type":"product","link":"https:\/\/truusk.store\/sv\/produkt\/truusk-staande-led-spegel-40-x-160-cm-3-ljusfarger-touchkontroll-for-sovrum-och-vardagsrum-ek\/","title":{"rendered":"TRUUSK Staande LED-spegel 40 x 160 cm &#8211; 3 ljusf\u00e4rger &#8211; Touchkontroll &#8211; F\u00f6r sovrum och vardagsrum &#8211; Ek"},"content":{"rendered":"<p>Upplev stil med TRUUSK golvl\u00e4ngdsspegel, perfekt f\u00f6r en komplett vy fr\u00e5n huvud till t\u00e5. Den gener\u00f6sa spegeln p\u00e5 160 x 40 cm \u00e4r inramad av LED-lampor och har en smart touch-knapp. V\u00e4lj enkelt mellan tre ljusf\u00e4rger och justera ljusstyrkan efter hum\u00f6r. Oavsett om den st\u00e5r, lutar i sovrummet eller h\u00e4nger p\u00e5 v\u00e4ggen i hallen &#8211; den ger varje rum en elegant touch.<\/p>\n<p>Beskrivning:<\/p>\n<ul>\n<li> Storleken 160 x 40 cm erbjuder en komplett helkroppsspegling<\/li>\n<li> LED-ljusremsor med smart touch anpassar f\u00e4rg och ljusstyrka, avtagbar f\u00f6r att f\u00f6rl\u00e4nga livsl\u00e4ngden<\/li>\n<li> Minnesfunktion f\u00f6r att spara dina senaste inst\u00e4llningar<\/li>\n<li> Tre installationsalternativ: st\u00e5ende, lutande eller v\u00e4ggmonterad<\/li>\n<li> H\u00f6guppl\u00f6st glas ger klara, tydliga bilder<\/li>\n<li> Splitterskyddsfolie \u00f6kar s\u00e4kerheten och h\u00e5llbarheten<\/li>\n<li> MDF-ram med 3D-klisterm\u00e4rke imiterar tr\u00e4\u00e5dring f\u00f6r estetisk attraktion<\/li>\n<li> Ingen montering kr\u00e4vs, med v\u00e4ggmonteringstillbeh\u00f6r och inbyggda krokar<\/li>\n<\/ul>\n<p> Tekniska data:<\/p>\n<ul>\n<li> F\u00e4rg: Ek<\/li>\n<li> Material: H\u00e4rdat glas, MDF<\/li>\n<li> Totala dimensioner: 40B x 5T x 160H cm (kl\u00e4mma ihopf\u00e4lld), 40B x 40T x 158H cm (kl\u00e4mma utf\u00e4lld)<\/li>\n<li> Spegelstorlek: 35B x 155H cm<\/li>\n<li> Kabell\u00e4ngd: 1,5 m<\/li>\n<li> F\u00e4rgtemperatur: 3000K, 4500K, 6500K<\/li>\n<li> Lumen: 1550 lm<\/li>\n<li> Effekt: 18W<\/li>\n<li> Ing\u00e5ng: AC 220-240V, 50\/60Hz<\/li>\n<li> Utg\u00e5ng: DC 12V, 2A, 24W<\/li>\n<li> Max \u00f6ppningsvinkel f\u00f6r kl\u00e4mman: 20\u00b0<\/li>\n<\/ul>\n<p>Leveransinneh\u00e5ll:<\/p>\n<ul>\n<li> 1 x helkroppsspegel<\/li>\n<li> 1 x bruksanvisning<\/li>\n<\/ul>\n","protected":false},"excerpt":{"rendered":"<p>Upplev stil med TRUUSK golvl\u00e4ngdsspegel, perfekt f\u00f6r en komplett vy fr\u00e5n huvud till t\u00e5. Den gener\u00f6sa spegeln p\u00e5 160 x&#8230;<\/p>\n","protected":false},"featured_media":79508,"template":"","meta":[],"product_brand":[],"product_cat":[893,871,966],"product_tag":[],"class_list":{"0":"post-79517","1":"product","2":"type-product","3":"status-publish","4":"has-post-thumbnail","6":"product_cat-garderob-hall","7":"product_cat-hus-hem","8":"product_cat-staende-speglar","10":"first","11":"instock","12":"sale","13":"taxable","14":"shipping-taxable","15":"purchasable","16":"product-type-simple"},"yoast_head":"<!-- This site is optimized with the Yoast SEO plugin v25.4 - https:\/\/yoast.com\/wordpress\/plugins\/seo\/ -->\n<title>TRUUSK Staande LED-spegel 40 x 160 cm - 3 ljusf\u00e4rger - Touchkontroll - F\u00f6r sovrum och vardagsrum - Ek - TRUUSK - Hem, Tr\u00e4dg\u00e5rd &amp; Fritid<\/title>\n<meta name=\"robots\" content=\"index, follow, max-snippet:-1, max-image-preview:large, max-video-preview:-1\" \/>\n<link rel=\"canonical\" href=\"https:\/\/truusk.store\/sv\/produkt\/truusk-staande-led-spegel-40-x-160-cm-3-ljusfarger-touchkontroll-for-sovrum-och-vardagsrum-ek\/\" \/>\n<meta property=\"og:locale\" content=\"sv_SE\" \/>\n<meta property=\"og:type\" content=\"article\" \/>\n<meta property=\"og:title\" content=\"TRUUSK Staande LED-spegel 40 x 160 cm - 3 ljusf\u00e4rger - Touchkontroll - F\u00f6r sovrum och vardagsrum - Ek - TRUUSK - Hem, Tr\u00e4dg\u00e5rd &amp; Fritid\" \/>\n<meta property=\"og:description\" content=\"Upplev stil med TRUUSK golvl\u00e4ngdsspegel, perfekt f\u00f6r en komplett vy fr\u00e5n huvud till t\u00e5. Den gener\u00f6sa spegeln p\u00e5 160 x...\" \/>\n<meta property=\"og:url\" content=\"https:\/\/truusk.store\/sv\/produkt\/truusk-staande-led-spegel-40-x-160-cm-3-ljusfarger-touchkontroll-for-sovrum-och-vardagsrum-ek\/\" \/>\n<meta property=\"og:site_name\" content=\"TRUUSK - Hem, Tr\u00e4dg\u00e5rd &amp; Fritid\" \/>\n<meta property=\"article:modified_time\" content=\"2026-03-12T08:44:40+00:00\" \/>\n<meta property=\"og:image\" content=\"https:\/\/i0.wp.com\/truusk.se\/wp-content\/uploads\/2025\/06\/helspegel-40-x-160-cm-staende-spegel-med-led-ljus-3-ljusfarger-vagg-spegel-med-touch-kontroll-golv-spegel-for-sovrum-vardagsrum-ek-1.webp?fit=2000%2C2000&ssl=1\" \/>\n\t<meta property=\"og:image:width\" content=\"2000\" \/>\n\t<meta property=\"og:image:height\" content=\"2000\" \/>\n\t<meta property=\"og:image:type\" content=\"image\/webp\" \/>\n<meta name=\"twitter:card\" content=\"summary_large_image\" \/>\n<meta name=\"twitter:label1\" content=\"Ber\u00e4knad l\u00e4stid\" \/>\n\t<meta name=\"twitter:data1\" content=\"1 minut\" \/>\n<!-- \/ Yoast SEO plugin. -->","yoast_head_json":{"title":"TRUUSK Staande LED-spegel 40 x 160 cm - 3 ljusf\u00e4rger - Touchkontroll - F\u00f6r sovrum och vardagsrum - Ek - TRUUSK - Hem, Tr\u00e4dg\u00e5rd &amp; Fritid","robots":{"index":"index","follow":"follow","max-snippet":"max-snippet:-1","max-image-preview":"max-image-preview:large","max-video-preview":"max-video-preview:-1"},"canonical":"https:\/\/truusk.store\/sv\/produkt\/truusk-staande-led-spegel-40-x-160-cm-3-ljusfarger-touchkontroll-for-sovrum-och-vardagsrum-ek\/","og_locale":"sv_SE","og_type":"article","og_title":"TRUUSK Staande LED-spegel 40 x 160 cm - 3 ljusf\u00e4rger - Touchkontroll - F\u00f6r sovrum och vardagsrum - Ek - TRUUSK - Hem, Tr\u00e4dg\u00e5rd &amp; Fritid","og_description":"Upplev stil med TRUUSK golvl\u00e4ngdsspegel, perfekt f\u00f6r en komplett vy fr\u00e5n huvud till t\u00e5. Den gener\u00f6sa spegeln p\u00e5 160 x...","og_url":"https:\/\/truusk.store\/sv\/produkt\/truusk-staande-led-spegel-40-x-160-cm-3-ljusfarger-touchkontroll-for-sovrum-och-vardagsrum-ek\/","og_site_name":"TRUUSK - Hem, Tr\u00e4dg\u00e5rd &amp; Fritid","article_modified_time":"2026-03-12T08:44:40+00:00","og_image":[{"width":2000,"height":2000,"url":"https:\/\/i0.wp.com\/truusk.se\/wp-content\/uploads\/2025\/06\/helspegel-40-x-160-cm-staende-spegel-med-led-ljus-3-ljusfarger-vagg-spegel-med-touch-kontroll-golv-spegel-for-sovrum-vardagsrum-ek-1.webp?fit=2000%2C2000&ssl=1","type":"image\/webp"}],"twitter_card":"summary_large_image","twitter_misc":{"Ber\u00e4knad l\u00e4stid":"1 minut"},"schema":{"@context":"https:\/\/schema.org","@graph":[{"@type":"WebPage","@id":"https:\/\/truusk.store\/sv\/produkt\/truusk-staande-led-spegel-40-x-160-cm-3-ljusfarger-touchkontroll-for-sovrum-och-vardagsrum-ek\/","url":"https:\/\/truusk.store\/sv\/produkt\/truusk-staande-led-spegel-40-x-160-cm-3-ljusfarger-touchkontroll-for-sovrum-och-vardagsrum-ek\/","name":"TRUUSK Staande LED-spegel 40 x 160 cm - 3 ljusf\u00e4rger - Touchkontroll - F\u00f6r sovrum och vardagsrum - Ek - TRUUSK - Hem, Tr\u00e4dg\u00e5rd &amp; Fritid","isPartOf":{"@id":"https:\/\/truusk.store\/sv\/#website"},"primaryImageOfPage":{"@id":"https:\/\/truusk.store\/sv\/produkt\/truusk-staande-led-spegel-40-x-160-cm-3-ljusfarger-touchkontroll-for-sovrum-och-vardagsrum-ek\/#primaryimage"},"image":{"@id":"https:\/\/truusk.store\/sv\/produkt\/truusk-staande-led-spegel-40-x-160-cm-3-ljusfarger-touchkontroll-for-sovrum-och-vardagsrum-ek\/#primaryimage"},"thumbnailUrl":"https:\/\/i0.wp.com\/truusk.store\/wp-content\/uploads\/2025\/06\/helspegel-40-x-160-cm-staende-spegel-med-led-ljus-3-ljusfarger-vagg-spegel-med-touch-kontroll-golv-spegel-for-sovrum-vardagsrum-ek-1.webp?fit=2000%2C2000&ssl=1","datePublished":"2025-06-10T05:46:49+00:00","dateModified":"2026-03-12T08:44:40+00:00","breadcrumb":{"@id":"https:\/\/truusk.store\/sv\/produkt\/truusk-staande-led-spegel-40-x-160-cm-3-ljusfarger-touchkontroll-for-sovrum-och-vardagsrum-ek\/#breadcrumb"},"inLanguage":"sv-SE","potentialAction":[{"@type":"ReadAction","target":["https:\/\/truusk.store\/sv\/produkt\/truusk-staande-led-spegel-40-x-160-cm-3-ljusfarger-touchkontroll-for-sovrum-och-vardagsrum-ek\/"]}]},{"@type":"ImageObject","inLanguage":"sv-SE","@id":"https:\/\/truusk.store\/sv\/produkt\/truusk-staande-led-spegel-40-x-160-cm-3-ljusfarger-touchkontroll-for-sovrum-och-vardagsrum-ek\/#primaryimage","url":"https:\/\/i0.wp.com\/truusk.store\/wp-content\/uploads\/2025\/06\/helspegel-40-x-160-cm-staende-spegel-med-led-ljus-3-ljusfarger-vagg-spegel-med-touch-kontroll-golv-spegel-for-sovrum-vardagsrum-ek-1.webp?fit=2000%2C2000&ssl=1","contentUrl":"https:\/\/i0.wp.com\/truusk.store\/wp-content\/uploads\/2025\/06\/helspegel-40-x-160-cm-staende-spegel-med-led-ljus-3-ljusfarger-vagg-spegel-med-touch-kontroll-golv-spegel-for-sovrum-vardagsrum-ek-1.webp?fit=2000%2C2000&ssl=1","width":2000,"height":2000},{"@type":"BreadcrumbList","@id":"https:\/\/truusk.store\/sv\/produkt\/truusk-staande-led-spegel-40-x-160-cm-3-ljusfarger-touchkontroll-for-sovrum-och-vardagsrum-ek\/#breadcrumb","itemListElement":[{"@type":"ListItem","position":1,"name":"Home","item":"https:\/\/truusk.store\/sv\/"},{"@type":"ListItem","position":2,"name":"Shop","item":"https:\/\/truusk.store\/shop\/"},{"@type":"ListItem","position":3,"name":"TRUUSK Staande LED-spegel 40 x 160 cm &#8211; 3 ljusf\u00e4rger &#8211; Touchkontroll &#8211; F\u00f6r sovrum och vardagsrum &#8211; Ek"}]},{"@type":"WebSite","@id":"https:\/\/truusk.store\/sv\/#website","url":"https:\/\/truusk.store\/sv\/","name":"TRUUSK - Hem, Tr\u00e4dg\u00e5rd & Fritid","description":"","publisher":{"@id":"https:\/\/truusk.store\/sv\/#organization"},"potentialAction":[{"@type":"SearchAction","target":{"@type":"EntryPoint","urlTemplate":"https:\/\/truusk.store\/sv\/?s={search_term_string}"},"query-input":{"@type":"PropertyValueSpecification","valueRequired":true,"valueName":"search_term_string"}}],"inLanguage":"sv-SE"},{"@type":"Organization","@id":"https:\/\/truusk.store\/sv\/#organization","name":"TRUUSK - Hem, Tr\u00e4dg\u00e5rd & Fritid","url":"https:\/\/truusk.store\/sv\/","logo":{"@type":"ImageObject","inLanguage":"sv-SE","@id":"https:\/\/truusk.store\/sv\/#\/schema\/logo\/image\/","url":"https:\/\/i0.wp.com\/truusk.store\/wp-content\/uploads\/2026\/03\/cropped-TRUUSK.png?fit=2032%2C917&ssl=1","contentUrl":"https:\/\/i0.wp.com\/truusk.store\/wp-content\/uploads\/2026\/03\/cropped-TRUUSK.png?fit=2032%2C917&ssl=1","width":2032,"height":917,"caption":"TRUUSK - Hem, Tr\u00e4dg\u00e5rd & Fritid"},"image":{"@id":"https:\/\/truusk.store\/sv\/#\/schema\/logo\/image\/"}}]}},"jetpack_sharing_enabled":true,"_links":{"self":[{"href":"https:\/\/truusk.store\/sv\/wp-json\/wp\/v2\/product\/79517","targetHints":{"allow":["GET"]}}],"collection":[{"href":"https:\/\/truusk.store\/sv\/wp-json\/wp\/v2\/product"}],"about":[{"href":"https:\/\/truusk.store\/sv\/wp-json\/wp\/v2\/types\/product"}],"wp:featuredmedia":[{"embeddable":true,"href":"https:\/\/truusk.store\/sv\/wp-json\/wp\/v2\/media\/79508"}],"wp:attachment":[{"href":"https:\/\/truusk.store\/sv\/wp-json\/wp\/v2\/media?parent=79517"}],"wp:term":[{"taxonomy":"product_brand","embeddable":true,"href":"https:\/\/truusk.store\/sv\/wp-json\/wp\/v2\/product_brand?post=79517"},{"taxonomy":"product_cat","embeddable":true,"href":"https:\/\/truusk.store\/sv\/wp-json\/wp\/v2\/product_cat?post=79517"},{"taxonomy":"product_tag","embeddable":true,"href":"https:\/\/truusk.store\/sv\/wp-json\/wp\/v2\/product_tag?post=79517"}],"curies":[{"name":"wp","href":"https:\/\/api.w.org\/{rel}","templated":true}]}}