{"id":79527,"date":"2025-06-10T06:47:42","date_gmt":"2025-06-10T05:47:42","guid":{"rendered":"https:\/\/truusk.store\/product\/motorcykelstall-set-fram-bak-monteringsstall-motorcykelhiss-upp-till-544-kg-motorcykelstall-for-bakhjul-stal-rod\/"},"modified":"2026-03-12T08:44:55","modified_gmt":"2026-03-12T07:44:55","slug":"truusk-motorcykelstall-set-fram-och-bak-monteringsstall-upp-till-544-kg-stal-rod","status":"publish","type":"product","link":"https:\/\/truusk.store\/sv\/produkt\/truusk-motorcykelstall-set-fram-och-bak-monteringsstall-upp-till-544-kg-stal-rod\/","title":{"rendered":"TRUUSK Motorcykelst\u00e4ll Set &#8211; Fram och Bak Monteringsst\u00e4ll &#8211; Upp Till 544 Kg &#8211; St\u00e5l &#8211; R\u00f6d"},"content":{"rendered":"<p>F\u00f6rb\u00e4ttra sk\u00f6tseln av din motorcykel med den robusta TRUUSK motorcykelst\u00e4llet gjord av 35mm starka st\u00e5lr\u00f6r, som b\u00e4r upp till 544 kg. De justerbara U- och L-formade gaffelhuvudena anpassar sig till olika hjul, fyra solida hjul underl\u00e4ttar lyft och skyddar golvet med anti-slip-pads. Idealisk f\u00f6r reng\u00f6ring, reparation eller f\u00f6rvaring, kombinerar detta motorcykelst\u00e4ll styrka, stabilitet och bekv\u00e4mlighet.<\/p>\n<p>Beskrivning:<\/p>\n<ul>\n<li> 35 mm starka st\u00e5lr\u00f6r p\u00e5 motorcykelst\u00e4llet ger en b\u00e4rkapacitet p\u00e5 544 kg<\/li>\n<li> Med en triangul\u00e4r h\u00e5llare f\u00f6r extra stabilitet<\/li>\n<li> 300-400 mm justerbara U-formade och 310-380 mm justerbara L-formade gaffelhuvuden passar till olika hjul<\/li>\n<li> Fyra hjul p\u00e5 monteringsst\u00e4llet fr\u00e4mjar balans och stabilitet, vadderade f\u00f6r att f\u00f6rhindra slitage och repor<\/li>\n<li> Stort handtag p\u00e5 monteringsst\u00e4llet f\u00f6r enkel hantering<\/li>\n<li> Enkel montering med den medf\u00f6ljande detaljerade instruktionen<\/li>\n<li> Kompakt storlek garanterar enkel transport och f\u00f6rvaring<\/li>\n<\/ul>\n<p> Tekniska data:<\/p>\n<ul>\n<li> F\u00e4rg: R\u00f6d<\/li>\n<li> Material: St\u00e5l<\/li>\n<li> M\u00e5tt p\u00e5 st\u00e4llet: 58,5L x 34,5B x 69H cm (bak)<\/li>\n<li> B\u00e4rkapacitet: 544 kg<\/li>\n<li> L-formad gaffel: 310-380 mm<\/li>\n<li> U-formad gaffel: 300-400 mm<\/li>\n<\/ul>\n<p>Leveransinneh\u00e5ll:<\/p>\n<ul>\n<li> 1 x Bakre st\u00e4ll<\/li>\n<li> 1 x Par L-formade gafflar<\/li>\n<li> 1 x Par U-formade gafflar<\/li>\n<li> 1 x Handbok<\/li>\n<\/ul>\n","protected":false},"excerpt":{"rendered":"<p>F\u00f6rb\u00e4ttra sk\u00f6tseln av din motorcykel med den robusta TRUUSK motorcykelst\u00e4llet gjord av 35mm starka st\u00e5lr\u00f6r, som b\u00e4r upp till 544&#8230;<\/p>\n","protected":false},"featured_media":79518,"template":"","meta":[],"product_brand":[],"product_cat":[652,654,1033,647],"product_tag":[],"class_list":{"0":"post-79527","1":"product","2":"type-product","3":"status-publish","4":"has-post-thumbnail","6":"product_cat-cykel","7":"product_cat-cykeltillbehor","8":"product_cat-fahrrad-montagestander","9":"product_cat-sport-fritid","11":"first","12":"instock","13":"sale","14":"taxable","15":"shipping-taxable","16":"purchasable","17":"product-type-simple"},"yoast_head":"<!-- This site is optimized with the Yoast SEO plugin v25.4 - https:\/\/yoast.com\/wordpress\/plugins\/seo\/ -->\n<title>TRUUSK Motorcykelst\u00e4ll Set - Fram och Bak Monteringsst\u00e4ll - Upp Till 544 Kg - St\u00e5l - R\u00f6d - TRUUSK - Hem, Tr\u00e4dg\u00e5rd &amp; Fritid<\/title>\n<meta name=\"robots\" content=\"index, follow, max-snippet:-1, max-image-preview:large, max-video-preview:-1\" \/>\n<link rel=\"canonical\" href=\"https:\/\/truusk.store\/sv\/produkt\/truusk-motorcykelstall-set-fram-och-bak-monteringsstall-upp-till-544-kg-stal-rod\/\" \/>\n<meta property=\"og:locale\" content=\"sv_SE\" \/>\n<meta property=\"og:type\" content=\"article\" \/>\n<meta property=\"og:title\" content=\"TRUUSK Motorcykelst\u00e4ll Set - Fram och Bak Monteringsst\u00e4ll - Upp Till 544 Kg - St\u00e5l - R\u00f6d - TRUUSK - Hem, Tr\u00e4dg\u00e5rd &amp; Fritid\" \/>\n<meta property=\"og:description\" content=\"F\u00f6rb\u00e4ttra sk\u00f6tseln av din motorcykel med den robusta TRUUSK motorcykelst\u00e4llet gjord av 35mm starka st\u00e5lr\u00f6r, som b\u00e4r upp till 544...\" \/>\n<meta property=\"og:url\" content=\"https:\/\/truusk.store\/sv\/produkt\/truusk-motorcykelstall-set-fram-och-bak-monteringsstall-upp-till-544-kg-stal-rod\/\" \/>\n<meta property=\"og:site_name\" content=\"TRUUSK - Hem, Tr\u00e4dg\u00e5rd &amp; Fritid\" \/>\n<meta property=\"article:modified_time\" content=\"2026-03-12T07:44:55+00:00\" \/>\n<meta property=\"og:image\" content=\"https:\/\/i0.wp.com\/truusk.se\/wp-content\/uploads\/2025\/06\/motorcykelstall-set-fram-bak-monteringsstall-motorcykelhiss-upp-till-544-kg-motorcykelstall-for-bakhjul-stal-rod-1.webp?fit=2000%2C2000&ssl=1\" \/>\n\t<meta property=\"og:image:width\" content=\"2000\" \/>\n\t<meta property=\"og:image:height\" content=\"2000\" \/>\n\t<meta property=\"og:image:type\" content=\"image\/webp\" \/>\n<meta name=\"twitter:card\" content=\"summary_large_image\" \/>\n<meta name=\"twitter:label1\" content=\"Ber\u00e4knad l\u00e4stid\" \/>\n\t<meta name=\"twitter:data1\" content=\"1 minut\" \/>\n<!-- \/ Yoast SEO plugin. -->","yoast_head_json":{"title":"TRUUSK Motorcykelst\u00e4ll Set - Fram och Bak Monteringsst\u00e4ll - Upp Till 544 Kg - St\u00e5l - R\u00f6d - TRUUSK - Hem, Tr\u00e4dg\u00e5rd &amp; Fritid","robots":{"index":"index","follow":"follow","max-snippet":"max-snippet:-1","max-image-preview":"max-image-preview:large","max-video-preview":"max-video-preview:-1"},"canonical":"https:\/\/truusk.store\/sv\/produkt\/truusk-motorcykelstall-set-fram-och-bak-monteringsstall-upp-till-544-kg-stal-rod\/","og_locale":"sv_SE","og_type":"article","og_title":"TRUUSK Motorcykelst\u00e4ll Set - Fram och Bak Monteringsst\u00e4ll - Upp Till 544 Kg - St\u00e5l - R\u00f6d - TRUUSK - Hem, Tr\u00e4dg\u00e5rd &amp; Fritid","og_description":"F\u00f6rb\u00e4ttra sk\u00f6tseln av din motorcykel med den robusta TRUUSK motorcykelst\u00e4llet gjord av 35mm starka st\u00e5lr\u00f6r, som b\u00e4r upp till 544...","og_url":"https:\/\/truusk.store\/sv\/produkt\/truusk-motorcykelstall-set-fram-och-bak-monteringsstall-upp-till-544-kg-stal-rod\/","og_site_name":"TRUUSK - Hem, Tr\u00e4dg\u00e5rd &amp; Fritid","article_modified_time":"2026-03-12T07:44:55+00:00","og_image":[{"width":2000,"height":2000,"url":"https:\/\/i0.wp.com\/truusk.se\/wp-content\/uploads\/2025\/06\/motorcykelstall-set-fram-bak-monteringsstall-motorcykelhiss-upp-till-544-kg-motorcykelstall-for-bakhjul-stal-rod-1.webp?fit=2000%2C2000&ssl=1","type":"image\/webp"}],"twitter_card":"summary_large_image","twitter_misc":{"Ber\u00e4knad l\u00e4stid":"1 minut"},"schema":{"@context":"https:\/\/schema.org","@graph":[{"@type":"WebPage","@id":"https:\/\/truusk.store\/sv\/produkt\/truusk-motorcykelstall-set-fram-och-bak-monteringsstall-upp-till-544-kg-stal-rod\/","url":"https:\/\/truusk.store\/sv\/produkt\/truusk-motorcykelstall-set-fram-och-bak-monteringsstall-upp-till-544-kg-stal-rod\/","name":"TRUUSK Motorcykelst\u00e4ll Set - Fram och Bak Monteringsst\u00e4ll - Upp Till 544 Kg - St\u00e5l - R\u00f6d - TRUUSK - Hem, Tr\u00e4dg\u00e5rd &amp; Fritid","isPartOf":{"@id":"https:\/\/truusk.store\/sv\/#website"},"primaryImageOfPage":{"@id":"https:\/\/truusk.store\/sv\/produkt\/truusk-motorcykelstall-set-fram-och-bak-monteringsstall-upp-till-544-kg-stal-rod\/#primaryimage"},"image":{"@id":"https:\/\/truusk.store\/sv\/produkt\/truusk-motorcykelstall-set-fram-och-bak-monteringsstall-upp-till-544-kg-stal-rod\/#primaryimage"},"thumbnailUrl":"https:\/\/i0.wp.com\/truusk.store\/wp-content\/uploads\/2025\/06\/motorcykelstall-set-fram-bak-monteringsstall-motorcykelhiss-upp-till-544-kg-motorcykelstall-for-bakhjul-stal-rod-1.webp?fit=2000%2C2000&ssl=1","datePublished":"2025-06-10T05:47:42+00:00","dateModified":"2026-03-12T07:44:55+00:00","breadcrumb":{"@id":"https:\/\/truusk.store\/sv\/produkt\/truusk-motorcykelstall-set-fram-och-bak-monteringsstall-upp-till-544-kg-stal-rod\/#breadcrumb"},"inLanguage":"sv-SE","potentialAction":[{"@type":"ReadAction","target":["https:\/\/truusk.store\/sv\/produkt\/truusk-motorcykelstall-set-fram-och-bak-monteringsstall-upp-till-544-kg-stal-rod\/"]}]},{"@type":"ImageObject","inLanguage":"sv-SE","@id":"https:\/\/truusk.store\/sv\/produkt\/truusk-motorcykelstall-set-fram-och-bak-monteringsstall-upp-till-544-kg-stal-rod\/#primaryimage","url":"https:\/\/i0.wp.com\/truusk.store\/wp-content\/uploads\/2025\/06\/motorcykelstall-set-fram-bak-monteringsstall-motorcykelhiss-upp-till-544-kg-motorcykelstall-for-bakhjul-stal-rod-1.webp?fit=2000%2C2000&ssl=1","contentUrl":"https:\/\/i0.wp.com\/truusk.store\/wp-content\/uploads\/2025\/06\/motorcykelstall-set-fram-bak-monteringsstall-motorcykelhiss-upp-till-544-kg-motorcykelstall-for-bakhjul-stal-rod-1.webp?fit=2000%2C2000&ssl=1","width":2000,"height":2000},{"@type":"BreadcrumbList","@id":"https:\/\/truusk.store\/sv\/produkt\/truusk-motorcykelstall-set-fram-och-bak-monteringsstall-upp-till-544-kg-stal-rod\/#breadcrumb","itemListElement":[{"@type":"ListItem","position":1,"name":"Home","item":"https:\/\/truusk.store\/sv\/"},{"@type":"ListItem","position":2,"name":"Shop","item":"https:\/\/truusk.store\/shop\/"},{"@type":"ListItem","position":3,"name":"TRUUSK Motorcykelst\u00e4ll Set &#8211; Fram och Bak Monteringsst\u00e4ll &#8211; Upp Till 544 Kg &#8211; St\u00e5l &#8211; R\u00f6d"}]},{"@type":"WebSite","@id":"https:\/\/truusk.store\/sv\/#website","url":"https:\/\/truusk.store\/sv\/","name":"TRUUSK - Hem, Tr\u00e4dg\u00e5rd & Fritid","description":"","publisher":{"@id":"https:\/\/truusk.store\/sv\/#organization"},"potentialAction":[{"@type":"SearchAction","target":{"@type":"EntryPoint","urlTemplate":"https:\/\/truusk.store\/sv\/?s={search_term_string}"},"query-input":{"@type":"PropertyValueSpecification","valueRequired":true,"valueName":"search_term_string"}}],"inLanguage":"sv-SE"},{"@type":"Organization","@id":"https:\/\/truusk.store\/sv\/#organization","name":"TRUUSK - Hem, Tr\u00e4dg\u00e5rd & Fritid","url":"https:\/\/truusk.store\/sv\/","logo":{"@type":"ImageObject","inLanguage":"sv-SE","@id":"https:\/\/truusk.store\/sv\/#\/schema\/logo\/image\/","url":"https:\/\/i0.wp.com\/truusk.store\/wp-content\/uploads\/2026\/03\/cropped-TRUUSK.png?fit=2032%2C917&ssl=1","contentUrl":"https:\/\/i0.wp.com\/truusk.store\/wp-content\/uploads\/2026\/03\/cropped-TRUUSK.png?fit=2032%2C917&ssl=1","width":2032,"height":917,"caption":"TRUUSK - Hem, Tr\u00e4dg\u00e5rd & Fritid"},"image":{"@id":"https:\/\/truusk.store\/sv\/#\/schema\/logo\/image\/"}}]}},"jetpack_sharing_enabled":true,"_links":{"self":[{"href":"https:\/\/truusk.store\/sv\/wp-json\/wp\/v2\/product\/79527","targetHints":{"allow":["GET"]}}],"collection":[{"href":"https:\/\/truusk.store\/sv\/wp-json\/wp\/v2\/product"}],"about":[{"href":"https:\/\/truusk.store\/sv\/wp-json\/wp\/v2\/types\/product"}],"wp:featuredmedia":[{"embeddable":true,"href":"https:\/\/truusk.store\/sv\/wp-json\/wp\/v2\/media\/79518"}],"wp:attachment":[{"href":"https:\/\/truusk.store\/sv\/wp-json\/wp\/v2\/media?parent=79527"}],"wp:term":[{"taxonomy":"product_brand","embeddable":true,"href":"https:\/\/truusk.store\/sv\/wp-json\/wp\/v2\/product_brand?post=79527"},{"taxonomy":"product_cat","embeddable":true,"href":"https:\/\/truusk.store\/sv\/wp-json\/wp\/v2\/product_cat?post=79527"},{"taxonomy":"product_tag","embeddable":true,"href":"https:\/\/truusk.store\/sv\/wp-json\/wp\/v2\/product_tag?post=79527"}],"curies":[{"name":"wp","href":"https:\/\/api.w.org\/{rel}","templated":true}]}}