{"id":7955,"date":"2024-02-13T09:05:31","date_gmt":"2024-02-13T08:05:31","guid":{"rendered":"https:\/\/truusk.store\/product\/tradgardsbank-i-metall-blommonster-2-sits-240-kg-lastkapacitet-stal-127l-x-60w-x-87h-cm-svart\/"},"modified":"2026-03-12T08:55:42","modified_gmt":"2026-03-12T07:55:42","slug":"truusk-tradgardsbank-i-metall-blommonster-2-sits-240-kg-lastkapacitet-stal-127l-x-60w-x-87h-cm-svart","status":"publish","type":"product","link":"https:\/\/truusk.store\/sv\/produkt\/truusk-tradgardsbank-i-metall-blommonster-2-sits-240-kg-lastkapacitet-stal-127l-x-60w-x-87h-cm-svart\/","title":{"rendered":"TRUUSK Tr\u00e4dg\u00e5rdsb\u00e4nk i Metall &#8211; Blomm\u00f6nster &#8211; 2-sits &#8211; 240 Kg Lastkapacitet &#8211; St\u00e5l &#8211; 127L x 60W x 87H cm &#8211; Svart"},"content":{"rendered":"<p>Tr\u00e4dg\u00e5rdsb\u00e4nken \u00e4r inte bara en bekv\u00e4m sittplats, utan ett uttryck f\u00f6r stil och funktionalitet. Med en t\u00e5lig st\u00e5lkonstruktion och en elegant blommig design erbjuder denna balkongb\u00e4nk inte bara en h\u00f6g niv\u00e5 av sittkomfort, utan berikar ocks\u00e5 din tr\u00e4dg\u00e5rd med ett sofistikerat blickf\u00e5ng. L\u00e4ttsk\u00f6tt och enkel att installera, det \u00e4r det perfekta till\u00e4gget till din uteplats.<\/p>\n<h3>Beskrivning:<\/h3>\n<ul>\n<li>Vackert designad, pulverlackerad metallb\u00e4nk f\u00f6r elegans p\u00e5 din uteplats eller i din tr\u00e4dg\u00e5rd<\/li>\n<li>Med en slitstark metallram<\/li>\n<li>Den blommiga designen p\u00e5 ryggst\u00f6det \u00e4r mycket dekorativ<\/li>\n<li>Sittl\u00e4ngden p\u00e5 121 cm p\u00e5 balkongb\u00e4nken erbjuder bekv\u00e4ma sittplatser f\u00f6r tv\u00e5 personer<\/li>\n<li>L\u00e4tt att reng\u00f6ra och underh\u00e5lla med en fuktig trasa<\/li>\n<li>Montering kr\u00e4vs<\/li>\n<\/ul>\n<h3>Teknisk data:<\/h3>\n<ul>\n<li>Svart f\u00e4rg<\/li>\n<li>Material: st\u00e5l<\/li>\n<li>Produktm\u00e5tt: 127L x 60W x 87H cm<\/li>\n<li>Sitsstorlek: 121W x 41D cm<\/li>\n<li>Sitth\u00f6jd: 40 cm<\/li>\n<li>Ryggst\u00f6dsstorlek: 119L x 35W cm<\/li>\n<li>Viktkapacitet: 240 kg<\/li>\n<\/ul>\n<h3>Leveransens omfattning:<\/h3>\n<ul>\n<li>1 x Tr\u00e4dg\u00e5rdsb\u00e4nk<\/li>\n<li>1 x Instruktioner<\/li>\n<\/ul>\n","protected":false},"excerpt":{"rendered":"<p>Tr\u00e4dg\u00e5rdsb\u00e4nken \u00e4r inte bara en bekv\u00e4m sittplats, utan ett uttryck f\u00f6r stil och funktionalitet. Med en t\u00e5lig st\u00e5lkonstruktion och en&#8230;<\/p>\n","protected":false},"featured_media":7956,"template":"","meta":[],"product_brand":[],"product_cat":[435,454,450],"product_tag":[],"class_list":{"0":"post-7955","1":"product","2":"type-product","3":"status-publish","4":"has-post-thumbnail","6":"product_cat-tradgard-och-terrass","7":"product_cat-tradgardsbankar","8":"product_cat-tradgardsmobler","10":"first","11":"instock","12":"sale","13":"taxable","14":"shipping-taxable","15":"purchasable","16":"product-type-simple"},"yoast_head":"<!-- This site is optimized with the Yoast SEO plugin v25.4 - https:\/\/yoast.com\/wordpress\/plugins\/seo\/ -->\n<title>TRUUSK Tr\u00e4dg\u00e5rdsb\u00e4nk i Metall - Blomm\u00f6nster - 2-sits - 240 Kg Lastkapacitet - St\u00e5l - 127L x 60W x 87H cm - Svart - TRUUSK - Hem, Tr\u00e4dg\u00e5rd &amp; Fritid<\/title>\n<meta name=\"robots\" content=\"index, follow, max-snippet:-1, max-image-preview:large, max-video-preview:-1\" \/>\n<link rel=\"canonical\" href=\"https:\/\/truusk.store\/sv\/produkt\/truusk-tradgardsbank-i-metall-blommonster-2-sits-240-kg-lastkapacitet-stal-127l-x-60w-x-87h-cm-svart\/\" \/>\n<meta property=\"og:locale\" content=\"sv_SE\" \/>\n<meta property=\"og:type\" content=\"article\" \/>\n<meta property=\"og:title\" content=\"TRUUSK Tr\u00e4dg\u00e5rdsb\u00e4nk i Metall - Blomm\u00f6nster - 2-sits - 240 Kg Lastkapacitet - St\u00e5l - 127L x 60W x 87H cm - Svart - TRUUSK - Hem, Tr\u00e4dg\u00e5rd &amp; Fritid\" \/>\n<meta property=\"og:description\" content=\"Tr\u00e4dg\u00e5rdsb\u00e4nken \u00e4r inte bara en bekv\u00e4m sittplats, utan ett uttryck f\u00f6r stil och funktionalitet. Med en t\u00e5lig st\u00e5lkonstruktion och en...\" \/>\n<meta property=\"og:url\" content=\"https:\/\/truusk.store\/sv\/produkt\/truusk-tradgardsbank-i-metall-blommonster-2-sits-240-kg-lastkapacitet-stal-127l-x-60w-x-87h-cm-svart\/\" \/>\n<meta property=\"og:site_name\" content=\"TRUUSK - Hem, Tr\u00e4dg\u00e5rd &amp; Fritid\" \/>\n<meta property=\"article:modified_time\" content=\"2026-03-12T07:55:42+00:00\" \/>\n<meta property=\"og:image\" content=\"https:\/\/i0.wp.com\/truusk.se\/wp-content\/uploads\/2024\/02\/tradgardsbank-i-metall-blommonster-2-sits-240-kg-lastkapacitet-stal-127l-x-60w-x-87h-cm-svart.webp?fit=800%2C800&ssl=1\" \/>\n\t<meta property=\"og:image:width\" content=\"800\" \/>\n\t<meta property=\"og:image:height\" content=\"800\" \/>\n\t<meta property=\"og:image:type\" content=\"image\/webp\" \/>\n<meta name=\"twitter:card\" content=\"summary_large_image\" \/>\n<meta name=\"twitter:label1\" content=\"Ber\u00e4knad l\u00e4stid\" \/>\n\t<meta name=\"twitter:data1\" content=\"1 minut\" \/>\n<!-- \/ Yoast SEO plugin. -->","yoast_head_json":{"title":"TRUUSK Tr\u00e4dg\u00e5rdsb\u00e4nk i Metall - Blomm\u00f6nster - 2-sits - 240 Kg Lastkapacitet - St\u00e5l - 127L x 60W x 87H cm - Svart - TRUUSK - Hem, Tr\u00e4dg\u00e5rd &amp; Fritid","robots":{"index":"index","follow":"follow","max-snippet":"max-snippet:-1","max-image-preview":"max-image-preview:large","max-video-preview":"max-video-preview:-1"},"canonical":"https:\/\/truusk.store\/sv\/produkt\/truusk-tradgardsbank-i-metall-blommonster-2-sits-240-kg-lastkapacitet-stal-127l-x-60w-x-87h-cm-svart\/","og_locale":"sv_SE","og_type":"article","og_title":"TRUUSK Tr\u00e4dg\u00e5rdsb\u00e4nk i Metall - Blomm\u00f6nster - 2-sits - 240 Kg Lastkapacitet - St\u00e5l - 127L x 60W x 87H cm - Svart - TRUUSK - Hem, Tr\u00e4dg\u00e5rd &amp; Fritid","og_description":"Tr\u00e4dg\u00e5rdsb\u00e4nken \u00e4r inte bara en bekv\u00e4m sittplats, utan ett uttryck f\u00f6r stil och funktionalitet. Med en t\u00e5lig st\u00e5lkonstruktion och en...","og_url":"https:\/\/truusk.store\/sv\/produkt\/truusk-tradgardsbank-i-metall-blommonster-2-sits-240-kg-lastkapacitet-stal-127l-x-60w-x-87h-cm-svart\/","og_site_name":"TRUUSK - Hem, Tr\u00e4dg\u00e5rd &amp; Fritid","article_modified_time":"2026-03-12T07:55:42+00:00","og_image":[{"width":800,"height":800,"url":"https:\/\/i0.wp.com\/truusk.se\/wp-content\/uploads\/2024\/02\/tradgardsbank-i-metall-blommonster-2-sits-240-kg-lastkapacitet-stal-127l-x-60w-x-87h-cm-svart.webp?fit=800%2C800&ssl=1","type":"image\/webp"}],"twitter_card":"summary_large_image","twitter_misc":{"Ber\u00e4knad l\u00e4stid":"1 minut"},"schema":{"@context":"https:\/\/schema.org","@graph":[{"@type":"WebPage","@id":"https:\/\/truusk.store\/sv\/produkt\/truusk-tradgardsbank-i-metall-blommonster-2-sits-240-kg-lastkapacitet-stal-127l-x-60w-x-87h-cm-svart\/","url":"https:\/\/truusk.store\/sv\/produkt\/truusk-tradgardsbank-i-metall-blommonster-2-sits-240-kg-lastkapacitet-stal-127l-x-60w-x-87h-cm-svart\/","name":"TRUUSK Tr\u00e4dg\u00e5rdsb\u00e4nk i Metall - Blomm\u00f6nster - 2-sits - 240 Kg Lastkapacitet - St\u00e5l - 127L x 60W x 87H cm - Svart - TRUUSK - Hem, Tr\u00e4dg\u00e5rd &amp; Fritid","isPartOf":{"@id":"https:\/\/truusk.store\/sv\/#website"},"primaryImageOfPage":{"@id":"https:\/\/truusk.store\/sv\/produkt\/truusk-tradgardsbank-i-metall-blommonster-2-sits-240-kg-lastkapacitet-stal-127l-x-60w-x-87h-cm-svart\/#primaryimage"},"image":{"@id":"https:\/\/truusk.store\/sv\/produkt\/truusk-tradgardsbank-i-metall-blommonster-2-sits-240-kg-lastkapacitet-stal-127l-x-60w-x-87h-cm-svart\/#primaryimage"},"thumbnailUrl":"https:\/\/i0.wp.com\/truusk.store\/wp-content\/uploads\/2024\/02\/tradgardsbank-i-metall-blommonster-2-sits-240-kg-lastkapacitet-stal-127l-x-60w-x-87h-cm-svart.webp?fit=800%2C800&ssl=1","datePublished":"2024-02-13T08:05:31+00:00","dateModified":"2026-03-12T07:55:42+00:00","breadcrumb":{"@id":"https:\/\/truusk.store\/sv\/produkt\/truusk-tradgardsbank-i-metall-blommonster-2-sits-240-kg-lastkapacitet-stal-127l-x-60w-x-87h-cm-svart\/#breadcrumb"},"inLanguage":"sv-SE","potentialAction":[{"@type":"ReadAction","target":["https:\/\/truusk.store\/sv\/produkt\/truusk-tradgardsbank-i-metall-blommonster-2-sits-240-kg-lastkapacitet-stal-127l-x-60w-x-87h-cm-svart\/"]}]},{"@type":"ImageObject","inLanguage":"sv-SE","@id":"https:\/\/truusk.store\/sv\/produkt\/truusk-tradgardsbank-i-metall-blommonster-2-sits-240-kg-lastkapacitet-stal-127l-x-60w-x-87h-cm-svart\/#primaryimage","url":"https:\/\/i0.wp.com\/truusk.store\/wp-content\/uploads\/2024\/02\/tradgardsbank-i-metall-blommonster-2-sits-240-kg-lastkapacitet-stal-127l-x-60w-x-87h-cm-svart.webp?fit=800%2C800&ssl=1","contentUrl":"https:\/\/i0.wp.com\/truusk.store\/wp-content\/uploads\/2024\/02\/tradgardsbank-i-metall-blommonster-2-sits-240-kg-lastkapacitet-stal-127l-x-60w-x-87h-cm-svart.webp?fit=800%2C800&ssl=1","width":800,"height":800,"caption":"Tr\u00e4dg\u00e5rdsb\u00e4nk I Metall, Blomm\u00f6nster, 2-sits, 240 Kg Lastkapacitet, St\u00e5l, 127L X 60W X 87H Cm, Svart 1"},{"@type":"BreadcrumbList","@id":"https:\/\/truusk.store\/sv\/produkt\/truusk-tradgardsbank-i-metall-blommonster-2-sits-240-kg-lastkapacitet-stal-127l-x-60w-x-87h-cm-svart\/#breadcrumb","itemListElement":[{"@type":"ListItem","position":1,"name":"Home","item":"https:\/\/truusk.store\/sv\/"},{"@type":"ListItem","position":2,"name":"Shop","item":"https:\/\/truusk.store\/shop\/"},{"@type":"ListItem","position":3,"name":"TRUUSK Tr\u00e4dg\u00e5rdsb\u00e4nk i Metall &#8211; Blomm\u00f6nster &#8211; 2-sits &#8211; 240 Kg Lastkapacitet &#8211; St\u00e5l &#8211; 127L x 60W x 87H cm &#8211; Svart"}]},{"@type":"WebSite","@id":"https:\/\/truusk.store\/sv\/#website","url":"https:\/\/truusk.store\/sv\/","name":"TRUUSK - Hem, Tr\u00e4dg\u00e5rd & Fritid","description":"","publisher":{"@id":"https:\/\/truusk.store\/sv\/#organization"},"potentialAction":[{"@type":"SearchAction","target":{"@type":"EntryPoint","urlTemplate":"https:\/\/truusk.store\/sv\/?s={search_term_string}"},"query-input":{"@type":"PropertyValueSpecification","valueRequired":true,"valueName":"search_term_string"}}],"inLanguage":"sv-SE"},{"@type":"Organization","@id":"https:\/\/truusk.store\/sv\/#organization","name":"TRUUSK - Hem, Tr\u00e4dg\u00e5rd & Fritid","url":"https:\/\/truusk.store\/sv\/","logo":{"@type":"ImageObject","inLanguage":"sv-SE","@id":"https:\/\/truusk.store\/sv\/#\/schema\/logo\/image\/","url":"https:\/\/i0.wp.com\/truusk.store\/wp-content\/uploads\/2026\/03\/cropped-TRUUSK.png?fit=2032%2C917&ssl=1","contentUrl":"https:\/\/i0.wp.com\/truusk.store\/wp-content\/uploads\/2026\/03\/cropped-TRUUSK.png?fit=2032%2C917&ssl=1","width":2032,"height":917,"caption":"TRUUSK - Hem, Tr\u00e4dg\u00e5rd & Fritid"},"image":{"@id":"https:\/\/truusk.store\/sv\/#\/schema\/logo\/image\/"}}]}},"jetpack_sharing_enabled":true,"_links":{"self":[{"href":"https:\/\/truusk.store\/sv\/wp-json\/wp\/v2\/product\/7955","targetHints":{"allow":["GET"]}}],"collection":[{"href":"https:\/\/truusk.store\/sv\/wp-json\/wp\/v2\/product"}],"about":[{"href":"https:\/\/truusk.store\/sv\/wp-json\/wp\/v2\/types\/product"}],"wp:featuredmedia":[{"embeddable":true,"href":"https:\/\/truusk.store\/sv\/wp-json\/wp\/v2\/media\/7956"}],"wp:attachment":[{"href":"https:\/\/truusk.store\/sv\/wp-json\/wp\/v2\/media?parent=7955"}],"wp:term":[{"taxonomy":"product_brand","embeddable":true,"href":"https:\/\/truusk.store\/sv\/wp-json\/wp\/v2\/product_brand?post=7955"},{"taxonomy":"product_cat","embeddable":true,"href":"https:\/\/truusk.store\/sv\/wp-json\/wp\/v2\/product_cat?post=7955"},{"taxonomy":"product_tag","embeddable":true,"href":"https:\/\/truusk.store\/sv\/wp-json\/wp\/v2\/product_tag?post=7955"}],"curies":[{"name":"wp","href":"https:\/\/api.w.org\/{rel}","templated":true}]}}