{"id":79597,"date":"2025-06-10T06:54:35","date_gmt":"2025-06-10T05:54:35","guid":{"rendered":"https:\/\/truusk.store\/product\/taklampa-takljus-med-tva-ringsdesign-rund-takbelysning-for-sovrum-vardagsrum-50-x-40-x-74-cm-vit\/"},"modified":"2026-03-12T08:46:09","modified_gmt":"2026-03-12T07:46:09","slug":"truusk-taklampa-med-tva-ringsdesign-rund-takljus-for-sovrum-och-vardagsrum-50-x-40-x-74-cm-vit","status":"publish","type":"product","link":"https:\/\/truusk.store\/sv\/produkt\/truusk-taklampa-med-tva-ringsdesign-rund-takljus-for-sovrum-och-vardagsrum-50-x-40-x-74-cm-vit\/","title":{"rendered":"TRUUSK Taklampa med Tv\u00e5-ringsdesign &#8211; Rund Takljus f\u00f6r Sovrum och Vardagsrum &#8211; 50 x 40 x 7,4 cm &#8211; Vit"},"content":{"rendered":"<p>F\u00f6rh\u00f6j atmosf\u00e4ren i varje rum med TRUUSK LED-taklampa, justerbar i ljusstyrka och med tre ljusf\u00e4rger, passande f\u00f6r varje hum\u00f6r och situation. Den eleganta, moderna tv\u00e5ringdesignen i vitt f\u00f6r vardagsrumslampan ger ett behagligt ljus som kombinerar daglig funktionalitet med stilfull elegans. Tillverkad av f\u00f6rstklassiga material, \u00e4r denna taklampa en perfekt kombination av design och prestanda, idealisk f\u00f6r vardagsrum, sovrum eller kontor.<\/p>\n<p>Beskrivning:<\/p>\n<ul>\n<li> Justerbar ljusstyrka p\u00e5 LED-taklampan f\u00f6rb\u00e4ttrar olika rumsmilj\u00f6er<\/li>\n<li> Tre f\u00e4rgtemperaturer p\u00e5 LED-taklampan anpassar sig till olika hum\u00f6r<\/li>\n<li> Tv\u00e5ringdesignen p\u00e5 badrumstaklampan kompletterar moderna inredningar<\/li>\n<li> H\u00f6gkvalitativa material garanterar h\u00e5llbarhet och motst\u00e5ndskraft<\/li>\n<li> Bred till\u00e4mpbarhet i olika rumstyper<\/li>\n<li> Montering kr\u00e4vs<\/li>\n<\/ul>\n<p> Tekniska data:<\/p>\n<ul>\n<li> F\u00e4rg: Vit<\/li>\n<li> Material: Metall, aluminium, akryl, plast<\/li>\n<li> Totala dimensioner: 50L x 40B x 7,4H cm<\/li>\n<li> Metallbasstorlek: \u00d815 x 4H cm<\/li>\n<li> F\u00e4rgtemperatur: 3000K\/4000K\/6500K<\/li>\n<li> Lampans effekt: 30 W<\/li>\n<li> Sp\u00e4nning: AC 220-240 V, 50 Hz<\/li>\n<li> OBS: Anslutning via kabel, professionell installation kr\u00e4vs, monteringsmaterial ing\u00e5r<\/li>\n<\/ul>\n<p>Leveransinneh\u00e5ll:<\/p>\n<ul>\n<li> 1 x LED-taklampa<\/li>\n<li> 1 x skruvpaket<\/li>\n<li> 1 x arbetsvantar<\/li>\n<li> 1 x bruksanvisning<\/li>\n<\/ul>\n","protected":false},"excerpt":{"rendered":"<p>F\u00f6rh\u00f6j atmosf\u00e4ren i varje rum med TRUUSK LED-taklampa, justerbar i ljusstyrka och med tre ljusf\u00e4rger, passande f\u00f6r varje hum\u00f6r och&#8230;<\/p>\n","protected":false},"featured_media":79588,"template":"","meta":[],"product_brand":[],"product_cat":[486,871,487],"product_tag":[],"class_list":{"0":"post-79597","1":"product","2":"type-product","3":"status-publish","4":"has-post-thumbnail","6":"product_cat-belysning","7":"product_cat-hus-hem","8":"product_cat-tak-lampor","10":"first","11":"instock","12":"sale","13":"taxable","14":"shipping-taxable","15":"purchasable","16":"product-type-simple"},"yoast_head":"<!-- This site is optimized with the Yoast SEO plugin v25.4 - https:\/\/yoast.com\/wordpress\/plugins\/seo\/ -->\n<title>TRUUSK Taklampa med Tv\u00e5-ringsdesign - Rund Takljus f\u00f6r Sovrum och Vardagsrum - 50 x 40 x 7,4 cm - Vit - TRUUSK - Hem, Tr\u00e4dg\u00e5rd &amp; Fritid<\/title>\n<meta name=\"robots\" content=\"index, follow, max-snippet:-1, max-image-preview:large, max-video-preview:-1\" \/>\n<link rel=\"canonical\" href=\"https:\/\/truusk.store\/sv\/produkt\/truusk-taklampa-med-tva-ringsdesign-rund-takljus-for-sovrum-och-vardagsrum-50-x-40-x-74-cm-vit\/\" \/>\n<meta property=\"og:locale\" content=\"sv_SE\" \/>\n<meta property=\"og:type\" content=\"article\" \/>\n<meta property=\"og:title\" content=\"TRUUSK Taklampa med Tv\u00e5-ringsdesign - Rund Takljus f\u00f6r Sovrum och Vardagsrum - 50 x 40 x 7,4 cm - Vit - TRUUSK - Hem, Tr\u00e4dg\u00e5rd &amp; Fritid\" \/>\n<meta property=\"og:description\" content=\"F\u00f6rh\u00f6j atmosf\u00e4ren i varje rum med TRUUSK LED-taklampa, justerbar i ljusstyrka och med tre ljusf\u00e4rger, passande f\u00f6r varje hum\u00f6r och...\" \/>\n<meta property=\"og:url\" content=\"https:\/\/truusk.store\/sv\/produkt\/truusk-taklampa-med-tva-ringsdesign-rund-takljus-for-sovrum-och-vardagsrum-50-x-40-x-74-cm-vit\/\" \/>\n<meta property=\"og:site_name\" content=\"TRUUSK - Hem, Tr\u00e4dg\u00e5rd &amp; Fritid\" \/>\n<meta property=\"article:modified_time\" content=\"2026-03-12T07:46:09+00:00\" \/>\n<meta property=\"og:image\" content=\"https:\/\/i0.wp.com\/truusk.se\/wp-content\/uploads\/2025\/06\/taklampa-takljus-med-tva-ringsdesign-rund-takbelysning-for-sovrum-vardagsrum-50-x-40-x-74-cm-vit-1.webp?fit=2000%2C2000&ssl=1\" \/>\n\t<meta property=\"og:image:width\" content=\"2000\" \/>\n\t<meta property=\"og:image:height\" content=\"2000\" \/>\n\t<meta property=\"og:image:type\" content=\"image\/webp\" \/>\n<meta name=\"twitter:card\" content=\"summary_large_image\" \/>\n<meta name=\"twitter:label1\" content=\"Ber\u00e4knad l\u00e4stid\" \/>\n\t<meta name=\"twitter:data1\" content=\"1 minut\" \/>\n<!-- \/ Yoast SEO plugin. -->","yoast_head_json":{"title":"TRUUSK Taklampa med Tv\u00e5-ringsdesign - Rund Takljus f\u00f6r Sovrum och Vardagsrum - 50 x 40 x 7,4 cm - Vit - TRUUSK - Hem, Tr\u00e4dg\u00e5rd &amp; Fritid","robots":{"index":"index","follow":"follow","max-snippet":"max-snippet:-1","max-image-preview":"max-image-preview:large","max-video-preview":"max-video-preview:-1"},"canonical":"https:\/\/truusk.store\/sv\/produkt\/truusk-taklampa-med-tva-ringsdesign-rund-takljus-for-sovrum-och-vardagsrum-50-x-40-x-74-cm-vit\/","og_locale":"sv_SE","og_type":"article","og_title":"TRUUSK Taklampa med Tv\u00e5-ringsdesign - Rund Takljus f\u00f6r Sovrum och Vardagsrum - 50 x 40 x 7,4 cm - Vit - TRUUSK - Hem, Tr\u00e4dg\u00e5rd &amp; Fritid","og_description":"F\u00f6rh\u00f6j atmosf\u00e4ren i varje rum med TRUUSK LED-taklampa, justerbar i ljusstyrka och med tre ljusf\u00e4rger, passande f\u00f6r varje hum\u00f6r och...","og_url":"https:\/\/truusk.store\/sv\/produkt\/truusk-taklampa-med-tva-ringsdesign-rund-takljus-for-sovrum-och-vardagsrum-50-x-40-x-74-cm-vit\/","og_site_name":"TRUUSK - Hem, Tr\u00e4dg\u00e5rd &amp; Fritid","article_modified_time":"2026-03-12T07:46:09+00:00","og_image":[{"width":2000,"height":2000,"url":"https:\/\/i0.wp.com\/truusk.se\/wp-content\/uploads\/2025\/06\/taklampa-takljus-med-tva-ringsdesign-rund-takbelysning-for-sovrum-vardagsrum-50-x-40-x-74-cm-vit-1.webp?fit=2000%2C2000&ssl=1","type":"image\/webp"}],"twitter_card":"summary_large_image","twitter_misc":{"Ber\u00e4knad l\u00e4stid":"1 minut"},"schema":{"@context":"https:\/\/schema.org","@graph":[{"@type":"WebPage","@id":"https:\/\/truusk.store\/sv\/produkt\/truusk-taklampa-med-tva-ringsdesign-rund-takljus-for-sovrum-och-vardagsrum-50-x-40-x-74-cm-vit\/","url":"https:\/\/truusk.store\/sv\/produkt\/truusk-taklampa-med-tva-ringsdesign-rund-takljus-for-sovrum-och-vardagsrum-50-x-40-x-74-cm-vit\/","name":"TRUUSK Taklampa med Tv\u00e5-ringsdesign - Rund Takljus f\u00f6r Sovrum och Vardagsrum - 50 x 40 x 7,4 cm - Vit - TRUUSK - Hem, Tr\u00e4dg\u00e5rd &amp; Fritid","isPartOf":{"@id":"https:\/\/truusk.store\/sv\/#website"},"primaryImageOfPage":{"@id":"https:\/\/truusk.store\/sv\/produkt\/truusk-taklampa-med-tva-ringsdesign-rund-takljus-for-sovrum-och-vardagsrum-50-x-40-x-74-cm-vit\/#primaryimage"},"image":{"@id":"https:\/\/truusk.store\/sv\/produkt\/truusk-taklampa-med-tva-ringsdesign-rund-takljus-for-sovrum-och-vardagsrum-50-x-40-x-74-cm-vit\/#primaryimage"},"thumbnailUrl":"https:\/\/i0.wp.com\/truusk.store\/wp-content\/uploads\/2025\/06\/taklampa-takljus-med-tva-ringsdesign-rund-takbelysning-for-sovrum-vardagsrum-50-x-40-x-74-cm-vit-1.webp?fit=2000%2C2000&ssl=1","datePublished":"2025-06-10T05:54:35+00:00","dateModified":"2026-03-12T07:46:09+00:00","breadcrumb":{"@id":"https:\/\/truusk.store\/sv\/produkt\/truusk-taklampa-med-tva-ringsdesign-rund-takljus-for-sovrum-och-vardagsrum-50-x-40-x-74-cm-vit\/#breadcrumb"},"inLanguage":"sv-SE","potentialAction":[{"@type":"ReadAction","target":["https:\/\/truusk.store\/sv\/produkt\/truusk-taklampa-med-tva-ringsdesign-rund-takljus-for-sovrum-och-vardagsrum-50-x-40-x-74-cm-vit\/"]}]},{"@type":"ImageObject","inLanguage":"sv-SE","@id":"https:\/\/truusk.store\/sv\/produkt\/truusk-taklampa-med-tva-ringsdesign-rund-takljus-for-sovrum-och-vardagsrum-50-x-40-x-74-cm-vit\/#primaryimage","url":"https:\/\/i0.wp.com\/truusk.store\/wp-content\/uploads\/2025\/06\/taklampa-takljus-med-tva-ringsdesign-rund-takbelysning-for-sovrum-vardagsrum-50-x-40-x-74-cm-vit-1.webp?fit=2000%2C2000&ssl=1","contentUrl":"https:\/\/i0.wp.com\/truusk.store\/wp-content\/uploads\/2025\/06\/taklampa-takljus-med-tva-ringsdesign-rund-takbelysning-for-sovrum-vardagsrum-50-x-40-x-74-cm-vit-1.webp?fit=2000%2C2000&ssl=1","width":2000,"height":2000},{"@type":"BreadcrumbList","@id":"https:\/\/truusk.store\/sv\/produkt\/truusk-taklampa-med-tva-ringsdesign-rund-takljus-for-sovrum-och-vardagsrum-50-x-40-x-74-cm-vit\/#breadcrumb","itemListElement":[{"@type":"ListItem","position":1,"name":"Home","item":"https:\/\/truusk.store\/sv\/"},{"@type":"ListItem","position":2,"name":"Shop","item":"https:\/\/truusk.store\/shop\/"},{"@type":"ListItem","position":3,"name":"TRUUSK Taklampa med Tv\u00e5-ringsdesign &#8211; Rund Takljus f\u00f6r Sovrum och Vardagsrum &#8211; 50 x 40 x 7,4 cm &#8211; Vit"}]},{"@type":"WebSite","@id":"https:\/\/truusk.store\/sv\/#website","url":"https:\/\/truusk.store\/sv\/","name":"TRUUSK - Hem, Tr\u00e4dg\u00e5rd & Fritid","description":"","publisher":{"@id":"https:\/\/truusk.store\/sv\/#organization"},"potentialAction":[{"@type":"SearchAction","target":{"@type":"EntryPoint","urlTemplate":"https:\/\/truusk.store\/sv\/?s={search_term_string}"},"query-input":{"@type":"PropertyValueSpecification","valueRequired":true,"valueName":"search_term_string"}}],"inLanguage":"sv-SE"},{"@type":"Organization","@id":"https:\/\/truusk.store\/sv\/#organization","name":"TRUUSK - Hem, Tr\u00e4dg\u00e5rd & Fritid","url":"https:\/\/truusk.store\/sv\/","logo":{"@type":"ImageObject","inLanguage":"sv-SE","@id":"https:\/\/truusk.store\/sv\/#\/schema\/logo\/image\/","url":"https:\/\/i0.wp.com\/truusk.store\/wp-content\/uploads\/2026\/03\/cropped-TRUUSK.png?fit=2032%2C917&ssl=1","contentUrl":"https:\/\/i0.wp.com\/truusk.store\/wp-content\/uploads\/2026\/03\/cropped-TRUUSK.png?fit=2032%2C917&ssl=1","width":2032,"height":917,"caption":"TRUUSK - Hem, Tr\u00e4dg\u00e5rd & Fritid"},"image":{"@id":"https:\/\/truusk.store\/sv\/#\/schema\/logo\/image\/"}}]}},"jetpack_sharing_enabled":true,"_links":{"self":[{"href":"https:\/\/truusk.store\/sv\/wp-json\/wp\/v2\/product\/79597","targetHints":{"allow":["GET"]}}],"collection":[{"href":"https:\/\/truusk.store\/sv\/wp-json\/wp\/v2\/product"}],"about":[{"href":"https:\/\/truusk.store\/sv\/wp-json\/wp\/v2\/types\/product"}],"wp:featuredmedia":[{"embeddable":true,"href":"https:\/\/truusk.store\/sv\/wp-json\/wp\/v2\/media\/79588"}],"wp:attachment":[{"href":"https:\/\/truusk.store\/sv\/wp-json\/wp\/v2\/media?parent=79597"}],"wp:term":[{"taxonomy":"product_brand","embeddable":true,"href":"https:\/\/truusk.store\/sv\/wp-json\/wp\/v2\/product_brand?post=79597"},{"taxonomy":"product_cat","embeddable":true,"href":"https:\/\/truusk.store\/sv\/wp-json\/wp\/v2\/product_cat?post=79597"},{"taxonomy":"product_tag","embeddable":true,"href":"https:\/\/truusk.store\/sv\/wp-json\/wp\/v2\/product_tag?post=79597"}],"curies":[{"name":"wp","href":"https:\/\/api.w.org\/{rel}","templated":true}]}}