{"id":79637,"date":"2025-06-10T06:58:39","date_gmt":"2025-06-10T05:58:39","guid":{"rendered":"https:\/\/truusk.store\/product\/golvstol-2-i-1-viksang-med-justerbar-ryggstod-golvsoffa-med-dekorativa-kuddar-golv-sittdyna-for-vardagsrum-sovrum-linne-himmelsbla\/"},"modified":"2026-03-12T09:00:31","modified_gmt":"2026-03-12T08:00:31","slug":"truusk-golvstol-2-i-1-justerbart-ryggstod-dekorativa-kuddar-sittdyna-vardagsrum-sovrum-himmelsbla","status":"publish","type":"product","link":"https:\/\/truusk.store\/sv\/produkt\/truusk-golvstol-2-i-1-justerbart-ryggstod-dekorativa-kuddar-sittdyna-vardagsrum-sovrum-himmelsbla\/","title":{"rendered":"TRUUSK Golvstol 2-i-1 &#8211; Justerbart Ryggst\u00f6d &#8211; Dekorativa Kuddar &#8211; Sittdyna &#8211; Vardagsrum, Sovrum &#8211; Himmelsbl\u00e5"},"content":{"rendered":"<p>Med denna golvsoffa fr\u00e5n TRUUSK beh\u00f6ver sittandet p\u00e5 golvet aldrig vara obekv\u00e4mt igen. Golvstolen med metallr\u00f6rsram ger s\u00e4kert st\u00f6d och \u00e4r utrustad med ett l\u00e4ttsk\u00f6tt linne\u00f6verdrag och tjock stoppning s\u00e5 att du kan sitta bekv\u00e4mt i timmar. Soffan kan justeras i 5 olika positioner och lutas upp till 180 grader. S\u00e5 du kan arrangera soffan helt enligt dina \u00f6nskem\u00e5l, och ryggst\u00f6det kan vid behov f\u00e4llas ut till en bekv\u00e4m s\u00e4ng.<\/p>\n<p>Beskrivning:<\/p>\n<ul>\n<li> 2-i-1-design, stolen kan omvandlas till en g\u00e4sts\u00e4ng<\/li>\n<li> Ryggst\u00f6det kan justeras i 5 steg fr\u00e5n 105\u00b0 till 180\u00b0<\/li>\n<li> Stopning av h\u00f6gdensitetsskum och tv\u00e5 kuddar f\u00f6r optimal sittkomfort<\/li>\n<li> Den lilla kudden p\u00e5 golvstolen \u00e4r avtagbar och kan tv\u00e4ttas med en dragkedja<\/li>\n<li> Linne\u00f6verfl\u00e4chen p\u00e5 golvsoffan \u00e4r l\u00e4tt att reng\u00f6ra och underh\u00e5lla, idealisk f\u00f6r \u00e5ret runt anv\u00e4ndning<\/li>\n<li> Metallramen ger h\u00f6g stabilitet och extra st\u00f6d<\/li>\n<li> N\u00e4r den inte anv\u00e4nds kan den f\u00e4llas ihop och f\u00f6rvaras<\/li>\n<\/ul>\n<p> Tekniska data:<\/p>\n<ul>\n<li> F\u00e4rg: Himmelsbl\u00e5<\/li>\n<li> Material: Linne, skum, metall<\/li>\n<li> Totalstorlek: 60L x 80B x 56H cm (golvsoffa), 180L x 60B x 19H cm (sovs\u00e4ng)<\/li>\n<li> Fullst\u00e4ndigt kaklad storlek: 180L x 60B x 29H cm<\/li>\n<li> Liten kuddstorlek: 45L x 25B x 10H cm<\/li>\n<li> Viktkapacitet: 120 kg<\/li>\n<\/ul>\n<p>Leveransinneh\u00e5ll:<\/p>\n<ul>\n<li> 1 x golvsoffa<\/li>\n<li> 1 x kudde<\/li>\n<li> 1 x instruktioner<\/li>\n<\/ul>\n","protected":false},"excerpt":{"rendered":"<p>Med denna golvsoffa fr\u00e5n TRUUSK beh\u00f6ver sittandet p\u00e5 golvet aldrig vara obekv\u00e4mt igen. Golvstolen med metallr\u00f6rsram ger s\u00e4kert st\u00f6d och&#8230;<\/p>\n","protected":false},"featured_media":79628,"template":"","meta":[],"product_brand":[],"product_cat":[521,871,951,910],"product_tag":[],"class_list":{"0":"post-79637","1":"product","2":"type-product","3":"status-publish","4":"has-post-thumbnail","6":"product_cat-fatolj","7":"product_cat-hus-hem","8":"product_cat-schlafsessel","9":"product_cat-vardagsrum","11":"first","12":"instock","13":"sale","14":"taxable","15":"shipping-taxable","16":"purchasable","17":"product-type-simple"},"yoast_head":"<!-- This site is optimized with the Yoast SEO plugin v25.4 - https:\/\/yoast.com\/wordpress\/plugins\/seo\/ -->\n<title>TRUUSK Golvstol 2-i-1 - Justerbart Ryggst\u00f6d - Dekorativa Kuddar - Sittdyna - Vardagsrum, Sovrum - Himmelsbl\u00e5 - TRUUSK - Hem, Tr\u00e4dg\u00e5rd &amp; Fritid<\/title>\n<meta name=\"robots\" content=\"index, follow, max-snippet:-1, max-image-preview:large, max-video-preview:-1\" \/>\n<link rel=\"canonical\" href=\"https:\/\/truusk.store\/sv\/produkt\/truusk-golvstol-2-i-1-justerbart-ryggstod-dekorativa-kuddar-sittdyna-vardagsrum-sovrum-himmelsbla\/\" \/>\n<meta property=\"og:locale\" content=\"sv_SE\" \/>\n<meta property=\"og:type\" content=\"article\" \/>\n<meta property=\"og:title\" content=\"TRUUSK Golvstol 2-i-1 - Justerbart Ryggst\u00f6d - Dekorativa Kuddar - Sittdyna - Vardagsrum, Sovrum - Himmelsbl\u00e5 - TRUUSK - Hem, Tr\u00e4dg\u00e5rd &amp; Fritid\" \/>\n<meta property=\"og:description\" content=\"Med denna golvsoffa fr\u00e5n TRUUSK beh\u00f6ver sittandet p\u00e5 golvet aldrig vara obekv\u00e4mt igen. Golvstolen med metallr\u00f6rsram ger s\u00e4kert st\u00f6d och...\" \/>\n<meta property=\"og:url\" content=\"https:\/\/truusk.store\/sv\/produkt\/truusk-golvstol-2-i-1-justerbart-ryggstod-dekorativa-kuddar-sittdyna-vardagsrum-sovrum-himmelsbla\/\" \/>\n<meta property=\"og:site_name\" content=\"TRUUSK - Hem, Tr\u00e4dg\u00e5rd &amp; Fritid\" \/>\n<meta property=\"article:modified_time\" content=\"2026-03-12T08:00:31+00:00\" \/>\n<meta property=\"og:image\" content=\"https:\/\/i0.wp.com\/truusk.se\/wp-content\/uploads\/2025\/06\/golvstol-2-i-1-viksang-med-justerbar-ryggstod-golvsoffa-med-dekorativa-kuddar-golv-sittdyna-for-vardagsrum-sovrum-linne-himmelsbla-1.webp?fit=2000%2C2000&ssl=1\" \/>\n\t<meta property=\"og:image:width\" content=\"2000\" \/>\n\t<meta property=\"og:image:height\" content=\"2000\" \/>\n\t<meta property=\"og:image:type\" content=\"image\/webp\" \/>\n<meta name=\"twitter:card\" content=\"summary_large_image\" \/>\n<meta name=\"twitter:label1\" content=\"Ber\u00e4knad l\u00e4stid\" \/>\n\t<meta name=\"twitter:data1\" content=\"1 minut\" \/>\n<!-- \/ Yoast SEO plugin. -->","yoast_head_json":{"title":"TRUUSK Golvstol 2-i-1 - Justerbart Ryggst\u00f6d - Dekorativa Kuddar - Sittdyna - Vardagsrum, Sovrum - Himmelsbl\u00e5 - TRUUSK - Hem, Tr\u00e4dg\u00e5rd &amp; Fritid","robots":{"index":"index","follow":"follow","max-snippet":"max-snippet:-1","max-image-preview":"max-image-preview:large","max-video-preview":"max-video-preview:-1"},"canonical":"https:\/\/truusk.store\/sv\/produkt\/truusk-golvstol-2-i-1-justerbart-ryggstod-dekorativa-kuddar-sittdyna-vardagsrum-sovrum-himmelsbla\/","og_locale":"sv_SE","og_type":"article","og_title":"TRUUSK Golvstol 2-i-1 - Justerbart Ryggst\u00f6d - Dekorativa Kuddar - Sittdyna - Vardagsrum, Sovrum - Himmelsbl\u00e5 - TRUUSK - Hem, Tr\u00e4dg\u00e5rd &amp; Fritid","og_description":"Med denna golvsoffa fr\u00e5n TRUUSK beh\u00f6ver sittandet p\u00e5 golvet aldrig vara obekv\u00e4mt igen. Golvstolen med metallr\u00f6rsram ger s\u00e4kert st\u00f6d och...","og_url":"https:\/\/truusk.store\/sv\/produkt\/truusk-golvstol-2-i-1-justerbart-ryggstod-dekorativa-kuddar-sittdyna-vardagsrum-sovrum-himmelsbla\/","og_site_name":"TRUUSK - Hem, Tr\u00e4dg\u00e5rd &amp; Fritid","article_modified_time":"2026-03-12T08:00:31+00:00","og_image":[{"width":2000,"height":2000,"url":"https:\/\/i0.wp.com\/truusk.se\/wp-content\/uploads\/2025\/06\/golvstol-2-i-1-viksang-med-justerbar-ryggstod-golvsoffa-med-dekorativa-kuddar-golv-sittdyna-for-vardagsrum-sovrum-linne-himmelsbla-1.webp?fit=2000%2C2000&ssl=1","type":"image\/webp"}],"twitter_card":"summary_large_image","twitter_misc":{"Ber\u00e4knad l\u00e4stid":"1 minut"},"schema":{"@context":"https:\/\/schema.org","@graph":[{"@type":"WebPage","@id":"https:\/\/truusk.store\/sv\/produkt\/truusk-golvstol-2-i-1-justerbart-ryggstod-dekorativa-kuddar-sittdyna-vardagsrum-sovrum-himmelsbla\/","url":"https:\/\/truusk.store\/sv\/produkt\/truusk-golvstol-2-i-1-justerbart-ryggstod-dekorativa-kuddar-sittdyna-vardagsrum-sovrum-himmelsbla\/","name":"TRUUSK Golvstol 2-i-1 - Justerbart Ryggst\u00f6d - Dekorativa Kuddar - Sittdyna - Vardagsrum, Sovrum - Himmelsbl\u00e5 - TRUUSK - Hem, Tr\u00e4dg\u00e5rd &amp; Fritid","isPartOf":{"@id":"https:\/\/truusk.store\/sv\/#website"},"primaryImageOfPage":{"@id":"https:\/\/truusk.store\/sv\/produkt\/truusk-golvstol-2-i-1-justerbart-ryggstod-dekorativa-kuddar-sittdyna-vardagsrum-sovrum-himmelsbla\/#primaryimage"},"image":{"@id":"https:\/\/truusk.store\/sv\/produkt\/truusk-golvstol-2-i-1-justerbart-ryggstod-dekorativa-kuddar-sittdyna-vardagsrum-sovrum-himmelsbla\/#primaryimage"},"thumbnailUrl":"https:\/\/i0.wp.com\/truusk.store\/wp-content\/uploads\/2025\/06\/golvstol-2-i-1-viksang-med-justerbar-ryggstod-golvsoffa-med-dekorativa-kuddar-golv-sittdyna-for-vardagsrum-sovrum-linne-himmelsbla-1.webp?fit=2000%2C2000&ssl=1","datePublished":"2025-06-10T05:58:39+00:00","dateModified":"2026-03-12T08:00:31+00:00","breadcrumb":{"@id":"https:\/\/truusk.store\/sv\/produkt\/truusk-golvstol-2-i-1-justerbart-ryggstod-dekorativa-kuddar-sittdyna-vardagsrum-sovrum-himmelsbla\/#breadcrumb"},"inLanguage":"sv-SE","potentialAction":[{"@type":"ReadAction","target":["https:\/\/truusk.store\/sv\/produkt\/truusk-golvstol-2-i-1-justerbart-ryggstod-dekorativa-kuddar-sittdyna-vardagsrum-sovrum-himmelsbla\/"]}]},{"@type":"ImageObject","inLanguage":"sv-SE","@id":"https:\/\/truusk.store\/sv\/produkt\/truusk-golvstol-2-i-1-justerbart-ryggstod-dekorativa-kuddar-sittdyna-vardagsrum-sovrum-himmelsbla\/#primaryimage","url":"https:\/\/i0.wp.com\/truusk.store\/wp-content\/uploads\/2025\/06\/golvstol-2-i-1-viksang-med-justerbar-ryggstod-golvsoffa-med-dekorativa-kuddar-golv-sittdyna-for-vardagsrum-sovrum-linne-himmelsbla-1.webp?fit=2000%2C2000&ssl=1","contentUrl":"https:\/\/i0.wp.com\/truusk.store\/wp-content\/uploads\/2025\/06\/golvstol-2-i-1-viksang-med-justerbar-ryggstod-golvsoffa-med-dekorativa-kuddar-golv-sittdyna-for-vardagsrum-sovrum-linne-himmelsbla-1.webp?fit=2000%2C2000&ssl=1","width":2000,"height":2000},{"@type":"BreadcrumbList","@id":"https:\/\/truusk.store\/sv\/produkt\/truusk-golvstol-2-i-1-justerbart-ryggstod-dekorativa-kuddar-sittdyna-vardagsrum-sovrum-himmelsbla\/#breadcrumb","itemListElement":[{"@type":"ListItem","position":1,"name":"Home","item":"https:\/\/truusk.store\/sv\/"},{"@type":"ListItem","position":2,"name":"Shop","item":"https:\/\/truusk.store\/shop\/"},{"@type":"ListItem","position":3,"name":"TRUUSK Golvstol 2-i-1 &#8211; Justerbart Ryggst\u00f6d &#8211; Dekorativa Kuddar &#8211; Sittdyna &#8211; Vardagsrum, Sovrum &#8211; Himmelsbl\u00e5"}]},{"@type":"WebSite","@id":"https:\/\/truusk.store\/sv\/#website","url":"https:\/\/truusk.store\/sv\/","name":"TRUUSK - Hem, Tr\u00e4dg\u00e5rd & Fritid","description":"","publisher":{"@id":"https:\/\/truusk.store\/sv\/#organization"},"potentialAction":[{"@type":"SearchAction","target":{"@type":"EntryPoint","urlTemplate":"https:\/\/truusk.store\/sv\/?s={search_term_string}"},"query-input":{"@type":"PropertyValueSpecification","valueRequired":true,"valueName":"search_term_string"}}],"inLanguage":"sv-SE"},{"@type":"Organization","@id":"https:\/\/truusk.store\/sv\/#organization","name":"TRUUSK - Hem, Tr\u00e4dg\u00e5rd & Fritid","url":"https:\/\/truusk.store\/sv\/","logo":{"@type":"ImageObject","inLanguage":"sv-SE","@id":"https:\/\/truusk.store\/sv\/#\/schema\/logo\/image\/","url":"https:\/\/i0.wp.com\/truusk.store\/wp-content\/uploads\/2026\/03\/cropped-TRUUSK.png?fit=2032%2C917&ssl=1","contentUrl":"https:\/\/i0.wp.com\/truusk.store\/wp-content\/uploads\/2026\/03\/cropped-TRUUSK.png?fit=2032%2C917&ssl=1","width":2032,"height":917,"caption":"TRUUSK - Hem, Tr\u00e4dg\u00e5rd & Fritid"},"image":{"@id":"https:\/\/truusk.store\/sv\/#\/schema\/logo\/image\/"}}]}},"jetpack_sharing_enabled":true,"_links":{"self":[{"href":"https:\/\/truusk.store\/sv\/wp-json\/wp\/v2\/product\/79637","targetHints":{"allow":["GET"]}}],"collection":[{"href":"https:\/\/truusk.store\/sv\/wp-json\/wp\/v2\/product"}],"about":[{"href":"https:\/\/truusk.store\/sv\/wp-json\/wp\/v2\/types\/product"}],"wp:featuredmedia":[{"embeddable":true,"href":"https:\/\/truusk.store\/sv\/wp-json\/wp\/v2\/media\/79628"}],"wp:attachment":[{"href":"https:\/\/truusk.store\/sv\/wp-json\/wp\/v2\/media?parent=79637"}],"wp:term":[{"taxonomy":"product_brand","embeddable":true,"href":"https:\/\/truusk.store\/sv\/wp-json\/wp\/v2\/product_brand?post=79637"},{"taxonomy":"product_cat","embeddable":true,"href":"https:\/\/truusk.store\/sv\/wp-json\/wp\/v2\/product_cat?post=79637"},{"taxonomy":"product_tag","embeddable":true,"href":"https:\/\/truusk.store\/sv\/wp-json\/wp\/v2\/product_tag?post=79637"}],"curies":[{"name":"wp","href":"https:\/\/api.w.org\/{rel}","templated":true}]}}